{"id":4939,"date":"2025-10-24T19:39:26","date_gmt":"2025-10-24T11:39:26","guid":{"rendered":"https:\/\/www.bakeryturnkey.com\/?post_type=product&#038;p=4939"},"modified":"2025-10-24T19:48:39","modified_gmt":"2025-10-24T11:48:39","slug":"crispy-egg-roll-machine","status":"publish","type":"product","link":"https:\/\/www.bakeryturnkey.com\/pt\/produto\/crispy-egg-roll-machine\/","title":{"rendered":"M\u00e1quina para produ\u00e7\u00e3o de rolos de ovos crocantes Pre\u00e7o 300-1200 pcs\/h"},"content":{"rendered":"<p>A nossa empresa oferece uma m\u00e1quina profissional de rolo de ovo estaladi\u00e7o, que pode ser usada para produzir rolos de ovo estaladi\u00e7os. O conjunto completo inclui equipamento para bater, cozer rolos de ovo e enrolar rolos de ovo, e \u00e9 f\u00e1cil de operar.<\/p>\n<p>Este equipamento foi concebido para uso industrial e pode produzir 300-1200 rolos de ovo por hora. O produto tem um tamanho uniforme, o que o torna amplamente utilizado em f\u00e1bricas de alimentos e fabricantes de snacks.<\/p>\n<h2><strong>Como funciona a m\u00e1quina de rolos de ovos estaladi\u00e7os<\/strong><\/h2>\n<p>A m\u00e1quina utiliza uma cabe\u00e7a de rejuntamento para aplicar uniformemente a massa de ovo preparada numa folha de papel vegetal. Depois de a cozer rapidamente a alta temperatura at\u00e9 formar uma folha fina, um mecanismo de enrolamento enrola-a automaticamente at\u00e9 formar um rolo de ovo oco.<\/p>\n<p>O rolo de ovo passa ent\u00e3o por uma correia transportadora e \u00e9 finalmente entregue como produto acabado. Todo o processo requer apenas um operador, e a temperatura, a velocidade e a espessura podem ser ajustadas. Isto garante que cada rolo de ovo fique dourado e estaladi\u00e7o.<\/p>\n<h2><strong>Carater\u00edsticas da m\u00e1quina de fazer rolos de ovos<\/strong><\/h2>\n<ul>\n<li>As principais vantagens desta m\u00e1quina residem no seu desempenho est\u00e1vel, opera\u00e7\u00e3o flex\u00edvel e f\u00e1cil manuten\u00e7\u00e3o.<\/li>\n<li>O sistema de aquecimento suporta aquecimento el\u00e9trico e a g\u00e1s, permitindo uma escolha baseada nas necessidades energ\u00e9ticas do cliente.<\/li>\n<li>Toda a m\u00e1quina de fazer rolos de ovos utiliza a\u00e7o inoxid\u00e1vel de qualidade alimentar, cumprindo os requisitos de higiene alimentar.<\/li>\n<li>A sec\u00e7\u00e3o de laminagem possui moldes intercambi\u00e1veis, permitindo um f\u00e1cil ajuste do di\u00e2metro e comprimento do rolo de ovo para satisfazer as diversas exig\u00eancias do mercado.<\/li>\n<li>O envolvimento manual \u00e9 m\u00ednimo durante o processo de produ\u00e7\u00e3o, reduzindo significativamente a intensidade do trabalho e a dificuldade operacional.<\/li>\n<\/ul>\n<p>&nbsp;<\/p>\n<h2><strong>V\u00eddeo de funcionamento da m\u00e1quina de fazer rolos de ovos estaladi\u00e7os<\/strong><\/h2>\n<div class=\"ast-oembed-container\"><iframe loading=\"lazy\" title=\"M\u00e1quina de fazer biscoitos de gergelim para empresas comerciais #shorts\" width=\"500\" height=\"281\" src=\"https:\/\/www.youtube.com\/embed\/wLAK5JYoHZg?feature=oembed\" frameborder=\"0\" allow=\"accelerometer; autoplay; clipboard-write; encrypted-media; gyroscope; picture-in-picture; web-share\" referrerpolicy=\"strict-origin-when-cross-origin\" allowfullscreen><\/iframe><\/div>\n<p>O pre\u00e7o desta m\u00e1quina semi-autom\u00e1tica de produ\u00e7\u00e3o de rolos de ovos situa-se normalmente entre $6,000 e $12,000 USD. Os pre\u00e7os variam consoante a capacidade de produ\u00e7\u00e3o, o m\u00e9todo de aquecimento, o n\u00famero de moldes e os requisitos de configura\u00e7\u00e3o.<\/p>\n<p>Se necessitar de uma maior capacidade de produ\u00e7\u00e3o ou de uma solu\u00e7\u00e3o personalizada, tamb\u00e9m oferecemos linhas de produ\u00e7\u00e3o automatizadas, que oferecem maior capacidade e efici\u00eancia. N\u00e3o hesite em contactar-me se precisar de equipamento. Email: lisa@machinehall.com, whatsapp: <a href=\"https:\/\/wa.me\/8615515571373\"><strong>+8615515571373<\/strong><\/a>.<\/p>\n<p>Ap\u00f3s a compra desta m\u00e1quina de rolo de ovo estaladi\u00e7o, fornecemos suporte t\u00e9cnico abrangente e servi\u00e7o p\u00f3s-venda, incluindo instala\u00e7\u00e3o e comissionamento, forma\u00e7\u00e3o de operadores, orienta\u00e7\u00e3o de processos e consulta t\u00e9cnica remota. Os nossos engenheiros podem fornecer apoio no local, adaptado \u00e0s suas necessidades, garantindo um funcionamento est\u00e1vel e uma produ\u00e7\u00e3o r\u00e1pida.<\/p>\n<p>Tamb\u00e9m fornecemos pe\u00e7as de consumo, manuten\u00e7\u00e3o regular e apoio \u00e0 atualiza\u00e7\u00e3o do equipamento para ajudar os clientes a prolongar a vida \u00fatil do equipamento e a melhorar a efici\u00eancia da produ\u00e7\u00e3o. A nossa empresa d\u00e1 prioridade \u00e0 satisfa\u00e7\u00e3o do cliente e esfor\u00e7a-se por tornar a produ\u00e7\u00e3o alimentar mais simples e segura.<\/p>\n<h3><strong>Par\u00e2metros do produto<\/strong><\/h3>\n<table border=\"1\" cellspacing=\"0\">\n<tbody>\n<tr>\n<td>Modelo<\/td>\n<td>Capacidade<\/td>\n<td>Pot\u00eancia<\/td>\n<td>Tamanho do biscoito<\/td>\n<td>Espessura do biscoito<\/td>\n<td>Dimens\u00e3o<\/td>\n<td>Peso<\/td>\n<\/tr>\n<tr>\n<td>GGDCD6<\/td>\n<td>300PCS\/H<\/td>\n<td>10KW<\/td>\n<td>7-20CM<\/td>\n<td>0,5-4MM<\/td>\n<td>140*140*125CM<\/td>\n<td>250KG<\/td>\n<\/tr>\n<tr>\n<td>GGDCD9<\/td>\n<td>400-600PCS\/H<\/td>\n<td>14,5KW<\/td>\n<td>7-20CM<\/td>\n<td>0,5-4MM<\/td>\n<td>160*160*125CM<\/td>\n<td>270KG<\/td>\n<\/tr>\n<tr>\n<td>GGDCD12<\/td>\n<td>600-800PCS\/H<\/td>\n<td>19KW<\/td>\n<td>7-20CM<\/td>\n<td>0,5-4MM<\/td>\n<td>170*170*125CM<\/td>\n<td>300KG<\/td>\n<\/tr>\n<tr>\n<td>GGDCD15<\/td>\n<td>800-1000PCS\/H<\/td>\n<td>23KW<\/td>\n<td>7-20CM<\/td>\n<td>0,5-4MM<\/td>\n<td>180*180*125CM<\/td>\n<td>330KG<\/td>\n<\/tr>\n<tr>\n<td>GGDCD18<\/td>\n<td>1000-1200PCS\/H<\/td>\n<td>28KW<\/td>\n<td>7-20CM<\/td>\n<td>0,5-4MM<\/td>\n<td>190*190*125CM<\/td>\n<td>360KG<\/td>\n<\/tr>\n<\/tbody>\n<\/table>\n<h3><strong>Sair<\/strong><strong>\u00a0O seu pedido de or\u00e7amento<\/strong><\/h3>\n<div id=\"wpcf7-f2977-p4118-o2\" class=\"wpcf7 js\" dir=\"ltr\" lang=\"en-US\">\n<div id=\"wpcf7-f2977-p4140-o2\" class=\"wpcf7 js\" dir=\"ltr\" lang=\"en-US\">\n<div id=\"wpcf7-f2977-p4521-o2\" class=\"wpcf7 js\" dir=\"ltr\" lang=\"en-US\">\n<div class=\"wpcf7 no-js\" id=\"wpcf7-f2977-o1\" lang=\"en-US\" dir=\"ltr\">\n<div class=\"screen-reader-response\"><p role=\"status\" aria-live=\"polite\" aria-atomic=\"true\"><\/p> <ul><\/ul><\/div>\n<form action=\"\/pt\/wp-json\/wp\/v2\/product\/4939#wpcf7-f2977-o1\" method=\"post\" class=\"wpcf7-form init\" aria-label=\"Formul\u00e1rio de contacto\" novalidate=\"novalidate\" data-status=\"init\" data-trp-original-action=\"\/pt\/wp-json\/wp\/v2\/product\/4939#wpcf7-f2977-o1\">\n<div style=\"display: none;\">\n<input type=\"hidden\" name=\"_wpcf7\" value=\"2977\" \/>\n<input type=\"hidden\" name=\"_wpcf7_version\" value=\"5.7.7\" \/>\n<input type=\"hidden\" name=\"_wpcf7_locale\" value=\"en_US\" \/>\n<input type=\"hidden\" name=\"_wpcf7_unit_tag\" value=\"wpcf7-f2977-o1\" \/>\n<input type=\"hidden\" name=\"_wpcf7_container_post\" value=\"0\" \/>\n<input type=\"hidden\" name=\"_wpcf7_posted_data_hash\" value=\"\" \/>\n<\/div>\n<p><label> O seu nome*<br \/>\n<span class=\"wpcf7-form-control-wrap\" data-name=\"your-name\"><input size=\"40\" class=\"wpcf7-form-control wpcf7-text wpcf7-validates-as-required\" aria-required=\"true\" aria-invalid=\"false\" value=\"\" type=\"text\" name=\"your-name\" \/><\/span> <\/label>\n<\/p>\n<p><label> O seu pa\u00eds<br \/>\n<span class=\"wpcf7-form-control-wrap\" data-name=\"your-country\"><input size=\"40\" class=\"wpcf7-form-control wpcf7-text\" aria-invalid=\"false\" value=\"\" type=\"text\" name=\"your-country\" \/><\/span><\/label>\n<\/p>\n<p><label> O seu e-mail*<br \/>\n<span class=\"wpcf7-form-control-wrap\" data-name=\"your-email\"><input size=\"40\" class=\"wpcf7-form-control wpcf7-text wpcf7-email wpcf7-validates-as-required wpcf7-validates-as-email\" aria-required=\"true\" aria-invalid=\"false\" value=\"\" type=\"email\" name=\"your-email\" \/><\/span> <\/label>\n<\/p>\n<p><label> O seu telem\u00f3vel<br \/>\n<span class=\"wpcf7-form-control-wrap\" data-name=\"your-phone\"><input size=\"40\" class=\"wpcf7-form-control wpcf7-text\" aria-invalid=\"false\" value=\"\" type=\"text\" name=\"your-phone\" \/><\/span> <\/label>\n<\/p>\n<p><label> Nome da empresa<br \/>\n<span class=\"wpcf7-form-control-wrap\" data-name=\"text-529\"><input size=\"40\" class=\"wpcf7-form-control wpcf7-text\" aria-invalid=\"false\" value=\"\" type=\"text\" name=\"text-529\" \/><\/span> <\/label>\n<\/p>\n<p><label> S\u00edtio Web da empresa<br \/>\n<span class=\"wpcf7-form-control-wrap\" data-name=\"text-106\"><input size=\"40\" class=\"wpcf7-form-control wpcf7-text\" aria-invalid=\"false\" value=\"\" type=\"text\" name=\"text-106\" \/><\/span> <\/label>\n<\/p>\n<p><label> A sua mensagem*<br \/>\n<span class=\"wpcf7-form-control-wrap\" data-name=\"your-message\"><textarea cols=\"40\" rows=\"10\" class=\"wpcf7-form-control wpcf7-textarea wpcf7-validates-as-required\" aria-required=\"true\" aria-invalid=\"false\" name=\"your-message\"><\/textarea><\/span> <\/label>\n<\/p>\n<p><input class=\"wpcf7-form-control has-spinner wpcf7-submit\" type=\"submit\" value=\"Enviar\" \/>\n<\/p><p style=\"display: none !important;\" class=\"akismet-fields-container\" data-prefix=\"_wpcf7_ak_\"><label>&#916;<textarea name=\"_wpcf7_ak_hp_textarea\" cols=\"45\" rows=\"8\" maxlength=\"100\"><\/textarea><\/label><input type=\"hidden\" id=\"ak_js_1\" name=\"_wpcf7_ak_js\" value=\"80\"\/><script>document.getElementById( \"ak_js_1\" ).setAttribute( \"value\", ( new Date() ).getTime() );<\/script><\/p><div class=\"wpcf7-response-output\" aria-hidden=\"true\"><\/div>\n<input type=\"hidden\" name=\"trp-form-language\" value=\"pt\"\/><\/form>\n<\/div>\n<\/div>\n<\/div>\n<\/div>\n<div style='text-align:left' class='yasr-auto-insert-visitor'><\/div>","protected":false},"excerpt":{"rendered":"<p>Our company offers professional crispy egg roll machine, it can be used to produce crispy egg rolls. Whole set includes equipment for battering, egg roll baking, and egg roll rolling, and is easy to operate. This equipment is designed for industrial use and can produce 300-1200 egg rolls per hour. The product has uniform size, &hellip;<\/p>\n<p class=\"read-more\"> <a class=\"\" href=\"https:\/\/www.bakeryturnkey.com\/pt\/produto\/crispy-egg-roll-machine\/\"> <span class=\"screen-reader-text\">M\u00e1quina para produ\u00e7\u00e3o de rolos de ovos crocantes Pre\u00e7o 300-1200 pcs\/h<\/span> Ler mais \"<\/a><\/p>","protected":false},"featured_media":4940,"comment_status":"open","ping_status":"closed","template":"","meta":{"site-sidebar-layout":"default","site-content-layout":"default","ast-main-header-display":"","ast-hfb-above-header-display":"","ast-hfb-below-header-display":"","ast-hfb-mobile-header-display":"","site-post-title":"","ast-breadcrumbs-content":"","ast-featured-img":"","footer-sml-layout":"","theme-transparent-header-meta":"default","adv-header-id-meta":"","stick-header-meta":"","header-above-stick-meta":"","header-main-stick-meta":"","header-below-stick-meta":"","yasr_overall_rating":5,"yasr_post_is_review":"","yasr_auto_insert_disabled":"","yasr_review_type":""},"product_cat":[45],"product_tag":[],"class_list":["post-4939","product","type-product","status-publish","has-post-thumbnail","hentry","product_cat-cone-machinery"],"yoast_head":"<!-- This site is optimized with the Yoast SEO plugin v27.5 - https:\/\/yoast.com\/product\/yoast-seo-wordpress\/ -->\n<title>Crispy Egg Roll Machine Price 300-1200 pcs\/h<\/title>\n<meta name=\"description\" content=\"The crispy egg roll machine is specifically for producing crispy egg rolls. It is easy operation, producing evenly colored, crispy egg rolls.\" \/>\n<meta name=\"robots\" content=\"index, follow, max-snippet:-1, max-image-preview:large, max-video-preview:-1\" \/>\n<link rel=\"canonical\" href=\"https:\/\/www.bakeryturnkey.com\/pt\/produto\/crispy-egg-roll-machine\/\" \/>\n<meta property=\"og:locale\" content=\"pt_PT\" \/>\n<meta property=\"og:type\" content=\"article\" \/>\n<meta property=\"og:title\" content=\"Crispy Egg Roll Machine Price 300-1200 pcs\/h\" \/>\n<meta property=\"og:description\" content=\"The crispy egg roll machine is specifically for producing crispy egg rolls. It is easy operation, producing evenly colored, crispy egg rolls.\" \/>\n<meta property=\"og:url\" content=\"https:\/\/www.bakeryturnkey.com\/pt\/produto\/crispy-egg-roll-machine\/\" \/>\n<meta property=\"og:site_name\" content=\"Bakery Food Processing Equipment Manufacturer\" \/>\n<meta property=\"article:modified_time\" content=\"2025-10-24T11:48:39+00:00\" \/>\n<meta property=\"og:image\" content=\"https:\/\/www.bakeryturnkey.com\/wp-content\/uploads\/2025\/10\/32.jpg\" \/>\n\t<meta property=\"og:image:width\" content=\"600\" \/>\n\t<meta property=\"og:image:height\" content=\"600\" \/>\n\t<meta property=\"og:image:type\" content=\"image\/jpeg\" \/>\n<meta name=\"twitter:card\" content=\"summary_large_image\" \/>\n<meta name=\"twitter:label1\" content=\"Tempo estimado de leitura\" \/>\n\t<meta name=\"twitter:data1\" content=\"3 minutos\" \/>\n<script type=\"application\/ld+json\" class=\"yoast-schema-graph\">{\"@context\":\"https:\\\/\\\/schema.org\",\"@graph\":[{\"@type\":\"WebPage\",\"@id\":\"https:\\\/\\\/www.bakeryturnkey.com\\\/product\\\/crispy-egg-roll-machine\\\/\",\"url\":\"https:\\\/\\\/www.bakeryturnkey.com\\\/product\\\/crispy-egg-roll-machine\\\/\",\"name\":\"Crispy Egg Roll Machine Price 300-1200 pcs\\\/h\",\"isPartOf\":{\"@id\":\"https:\\\/\\\/www.bakeryturnkey.com\\\/#website\"},\"primaryImageOfPage\":{\"@id\":\"https:\\\/\\\/www.bakeryturnkey.com\\\/product\\\/crispy-egg-roll-machine\\\/#primaryimage\"},\"image\":{\"@id\":\"https:\\\/\\\/www.bakeryturnkey.com\\\/product\\\/crispy-egg-roll-machine\\\/#primaryimage\"},\"thumbnailUrl\":\"https:\\\/\\\/www.bakeryturnkey.com\\\/wp-content\\\/uploads\\\/2025\\\/10\\\/32.jpg\",\"datePublished\":\"2025-10-24T11:39:26+00:00\",\"dateModified\":\"2025-10-24T11:48:39+00:00\",\"description\":\"The crispy egg roll machine is specifically for producing crispy egg rolls. It is easy operation, producing evenly colored, crispy egg rolls.\",\"breadcrumb\":{\"@id\":\"https:\\\/\\\/www.bakeryturnkey.com\\\/product\\\/crispy-egg-roll-machine\\\/#breadcrumb\"},\"inLanguage\":\"pt-PT\",\"potentialAction\":[{\"@type\":\"ReadAction\",\"target\":[\"https:\\\/\\\/www.bakeryturnkey.com\\\/product\\\/crispy-egg-roll-machine\\\/\"]}]},{\"@type\":\"ImageObject\",\"inLanguage\":\"pt-PT\",\"@id\":\"https:\\\/\\\/www.bakeryturnkey.com\\\/product\\\/crispy-egg-roll-machine\\\/#primaryimage\",\"url\":\"https:\\\/\\\/www.bakeryturnkey.com\\\/wp-content\\\/uploads\\\/2025\\\/10\\\/32.jpg\",\"contentUrl\":\"https:\\\/\\\/www.bakeryturnkey.com\\\/wp-content\\\/uploads\\\/2025\\\/10\\\/32.jpg\",\"width\":600,\"height\":600,\"caption\":\"Egg Roll Machine For Sale\"},{\"@type\":\"BreadcrumbList\",\"@id\":\"https:\\\/\\\/www.bakeryturnkey.com\\\/product\\\/crispy-egg-roll-machine\\\/#breadcrumb\",\"itemListElement\":[{\"@type\":\"ListItem\",\"position\":1,\"name\":\"Home\",\"item\":\"https:\\\/\\\/www.bakeryturnkey.com\\\/\"},{\"@type\":\"ListItem\",\"position\":2,\"name\":\"Products\",\"item\":\"https:\\\/\\\/www.bakeryturnkey.com\\\/products\\\/\"},{\"@type\":\"ListItem\",\"position\":3,\"name\":\"Crispy Egg Roll Machine Price 300-1200 pcs\\\/h\"}]},{\"@type\":\"WebSite\",\"@id\":\"https:\\\/\\\/www.bakeryturnkey.com\\\/#website\",\"url\":\"https:\\\/\\\/www.bakeryturnkey.com\\\/\",\"name\":\"Bakery Food Processing Equipment Manufacturer\",\"description\":\"Bakery Food Solutions Provider\",\"publisher\":{\"@id\":\"https:\\\/\\\/www.bakeryturnkey.com\\\/#organization\"},\"potentialAction\":[{\"@type\":\"SearchAction\",\"target\":{\"@type\":\"EntryPoint\",\"urlTemplate\":\"https:\\\/\\\/www.bakeryturnkey.com\\\/?s={search_term_string}\"},\"query-input\":{\"@type\":\"PropertyValueSpecification\",\"valueRequired\":true,\"valueName\":\"search_term_string\"}}],\"inLanguage\":\"pt-PT\"},{\"@type\":\"Organization\",\"@id\":\"https:\\\/\\\/www.bakeryturnkey.com\\\/#organization\",\"name\":\"Bakery Food Processing Equipment Manufacturer\",\"url\":\"https:\\\/\\\/www.bakeryturnkey.com\\\/\",\"logo\":{\"@type\":\"ImageObject\",\"inLanguage\":\"pt-PT\",\"@id\":\"https:\\\/\\\/www.bakeryturnkey.com\\\/#\\\/schema\\\/logo\\\/image\\\/\",\"url\":\"https:\\\/\\\/www.bakeryturnkey.com\\\/wp-content\\\/uploads\\\/2022\\\/03\\\/cropped-13-1.png\",\"contentUrl\":\"https:\\\/\\\/www.bakeryturnkey.com\\\/wp-content\\\/uploads\\\/2022\\\/03\\\/cropped-13-1.png\",\"width\":512,\"height\":429,\"caption\":\"Bakery Food Processing Equipment Manufacturer\"},\"image\":{\"@id\":\"https:\\\/\\\/www.bakeryturnkey.com\\\/#\\\/schema\\\/logo\\\/image\\\/\"}},false]}<\/script>\n<!-- \/ Yoast SEO plugin. -->","yoast_head_json":{"title":"Crispy Egg Roll Machine Price 300-1200 pcs\/h","description":"The crispy egg roll machine is specifically for producing crispy egg rolls. It is easy operation, producing evenly colored, crispy egg rolls.","robots":{"index":"index","follow":"follow","max-snippet":"max-snippet:-1","max-image-preview":"max-image-preview:large","max-video-preview":"max-video-preview:-1"},"canonical":"https:\/\/www.bakeryturnkey.com\/pt\/produto\/crispy-egg-roll-machine\/","og_locale":"pt_PT","og_type":"article","og_title":"Crispy Egg Roll Machine Price 300-1200 pcs\/h","og_description":"The crispy egg roll machine is specifically for producing crispy egg rolls. It is easy operation, producing evenly colored, crispy egg rolls.","og_url":"https:\/\/www.bakeryturnkey.com\/pt\/produto\/crispy-egg-roll-machine\/","og_site_name":"Bakery Food Processing Equipment Manufacturer","article_modified_time":"2025-10-24T11:48:39+00:00","og_image":[{"width":600,"height":600,"url":"https:\/\/www.bakeryturnkey.com\/wp-content\/uploads\/2025\/10\/32.jpg","type":"image\/jpeg"}],"twitter_card":"summary_large_image","twitter_misc":{"Tempo estimado de leitura":"3 minutos"},"schema":{"@context":"https:\/\/schema.org","@graph":[{"@type":"WebPage","@id":"https:\/\/www.bakeryturnkey.com\/product\/crispy-egg-roll-machine\/","url":"https:\/\/www.bakeryturnkey.com\/product\/crispy-egg-roll-machine\/","name":"Crispy Egg Roll Machine Price 300-1200 pcs\/h","isPartOf":{"@id":"https:\/\/www.bakeryturnkey.com\/#website"},"primaryImageOfPage":{"@id":"https:\/\/www.bakeryturnkey.com\/product\/crispy-egg-roll-machine\/#primaryimage"},"image":{"@id":"https:\/\/www.bakeryturnkey.com\/product\/crispy-egg-roll-machine\/#primaryimage"},"thumbnailUrl":"https:\/\/www.bakeryturnkey.com\/wp-content\/uploads\/2025\/10\/32.jpg","datePublished":"2025-10-24T11:39:26+00:00","dateModified":"2025-10-24T11:48:39+00:00","description":"The crispy egg roll machine is specifically for producing crispy egg rolls. It is easy operation, producing evenly colored, crispy egg rolls.","breadcrumb":{"@id":"https:\/\/www.bakeryturnkey.com\/product\/crispy-egg-roll-machine\/#breadcrumb"},"inLanguage":"pt-PT","potentialAction":[{"@type":"ReadAction","target":["https:\/\/www.bakeryturnkey.com\/product\/crispy-egg-roll-machine\/"]}]},{"@type":"ImageObject","inLanguage":"pt-PT","@id":"https:\/\/www.bakeryturnkey.com\/product\/crispy-egg-roll-machine\/#primaryimage","url":"https:\/\/www.bakeryturnkey.com\/wp-content\/uploads\/2025\/10\/32.jpg","contentUrl":"https:\/\/www.bakeryturnkey.com\/wp-content\/uploads\/2025\/10\/32.jpg","width":600,"height":600,"caption":"Egg Roll Machine For Sale"},{"@type":"BreadcrumbList","@id":"https:\/\/www.bakeryturnkey.com\/product\/crispy-egg-roll-machine\/#breadcrumb","itemListElement":[{"@type":"ListItem","position":1,"name":"Home","item":"https:\/\/www.bakeryturnkey.com\/"},{"@type":"ListItem","position":2,"name":"Products","item":"https:\/\/www.bakeryturnkey.com\/products\/"},{"@type":"ListItem","position":3,"name":"Crispy Egg Roll Machine Price 300-1200 pcs\/h"}]},{"@type":"WebSite","@id":"https:\/\/www.bakeryturnkey.com\/#website","url":"https:\/\/www.bakeryturnkey.com\/","name":"Bakery Food Processing Equipment Manufacturer","description":"Bakery Food Solutions Provider","publisher":{"@id":"https:\/\/www.bakeryturnkey.com\/#organization"},"potentialAction":[{"@type":"SearchAction","target":{"@type":"EntryPoint","urlTemplate":"https:\/\/www.bakeryturnkey.com\/?s={search_term_string}"},"query-input":{"@type":"PropertyValueSpecification","valueRequired":true,"valueName":"search_term_string"}}],"inLanguage":"pt-PT"},{"@type":"Organization","@id":"https:\/\/www.bakeryturnkey.com\/#organization","name":"Bakery Food Processing Equipment Manufacturer","url":"https:\/\/www.bakeryturnkey.com\/","logo":{"@type":"ImageObject","inLanguage":"pt-PT","@id":"https:\/\/www.bakeryturnkey.com\/#\/schema\/logo\/image\/","url":"https:\/\/www.bakeryturnkey.com\/wp-content\/uploads\/2022\/03\/cropped-13-1.png","contentUrl":"https:\/\/www.bakeryturnkey.com\/wp-content\/uploads\/2022\/03\/cropped-13-1.png","width":512,"height":429,"caption":"Bakery Food Processing Equipment Manufacturer"},"image":{"@id":"https:\/\/www.bakeryturnkey.com\/#\/schema\/logo\/image\/"}},false]}},"yasr_visitor_votes":{"stars_attributes":{"read_only":false,"span_bottom":false},"number_of_votes":0,"sum_votes":0},"_links":{"self":[{"href":"https:\/\/www.bakeryturnkey.com\/pt\/wp-json\/wp\/v2\/product\/4939","targetHints":{"allow":["GET"]}}],"collection":[{"href":"https:\/\/www.bakeryturnkey.com\/pt\/wp-json\/wp\/v2\/product"}],"about":[{"href":"https:\/\/www.bakeryturnkey.com\/pt\/wp-json\/wp\/v2\/types\/product"}],"replies":[{"embeddable":true,"href":"https:\/\/www.bakeryturnkey.com\/pt\/wp-json\/wp\/v2\/comments?post=4939"}],"wp:featuredmedia":[{"embeddable":true,"href":"https:\/\/www.bakeryturnkey.com\/pt\/wp-json\/wp\/v2\/media\/4940"}],"wp:attachment":[{"href":"https:\/\/www.bakeryturnkey.com\/pt\/wp-json\/wp\/v2\/media?parent=4939"}],"wp:term":[{"taxonomy":"product_cat","embeddable":true,"href":"https:\/\/www.bakeryturnkey.com\/pt\/wp-json\/wp\/v2\/product_cat?post=4939"},{"taxonomy":"product_tag","embeddable":true,"href":"https:\/\/www.bakeryturnkey.com\/pt\/wp-json\/wp\/v2\/product_tag?post=4939"}],"curies":[{"name":"wp","href":"https:\/\/api.w.org\/{rel}","templated":true}]}}