{"id":4929,"date":"2025-09-24T15:59:35","date_gmt":"2025-09-24T07:59:35","guid":{"rendered":"https:\/\/www.bakeryturnkey.com\/?post_type=product&#038;p=4929"},"modified":"2025-10-21T15:06:40","modified_gmt":"2025-10-21T07:06:40","slug":"hard-biscuit-making-machine","status":"publish","type":"product","link":"https:\/\/www.bakeryturnkey.com\/pt\/produto\/hard-biscuit-making-machine\/","title":{"rendered":"M\u00e1quina para produ\u00e7\u00e3o de biscoitos duros 500kg\/h Fabricante"},"content":{"rendered":"<p>Como um fabricante profissional de m\u00e1quina para fabrica\u00e7\u00e3o de biscoitos duros, n\u00f3s nos especializamos em fornecer aos clientes solu\u00e7\u00f5es integradas cont\u00ednuas, est\u00e1veis e eficientes. Esta linha de tamanho m\u00e9dio pode produzir 500 quilos de biscoitos duros por hora.<\/p>\n<p>Todo o processo da linha de biscoitos duros, desde a alimenta\u00e7\u00e3o da mat\u00e9ria-prima, mistura da massa, lamina\u00e7\u00e3o, forma\u00e7\u00e3o, at\u00e9 \u00e0 cozedura cont\u00ednua, arrefecimento e embalagem final, incorpora o conceito de intelig\u00eancia industrial, reduzindo eficazmente o consumo de energia da unidade e a depend\u00eancia da m\u00e3o de obra.<\/p>\n<p><img loading=\"lazy\" decoding=\"async\" class=\"alignnone size-full wp-image-4931\" src=\"https:\/\/www.bakeryturnkey.com\/wp-content\/uploads\/2025\/09\/2.jpg\" alt=\"Linha de produ\u00e7\u00e3o de biscoito duro Fabricante\" width=\"700\" height=\"400\" srcset=\"https:\/\/www.bakeryturnkey.com\/wp-content\/uploads\/2025\/09\/2.jpg 700w, https:\/\/www.bakeryturnkey.com\/wp-content\/uploads\/2025\/09\/2-300x171.jpg 300w, https:\/\/www.bakeryturnkey.com\/wp-content\/uploads\/2025\/09\/2-18x10.jpg 18w, https:\/\/www.bakeryturnkey.com\/wp-content\/uploads\/2025\/09\/2-600x343.jpg 600w\" sizes=\"auto, (max-width: 700px) 100vw, 700px\" \/><\/p>\n<h2><strong>Carater\u00edsticas da m\u00e1quina de fazer biscoitos duros<\/strong><\/h2>\n<p>Esta linha utiliza um design \"tr\u00eas em um\", integrando uma m\u00e1quina de impress\u00e3o e forma\u00e7\u00e3o de rolos para biscoitos macios com uma m\u00e1quina de lamina\u00e7\u00e3o e corte de rolos para biscoitos duros numa \u00fanica unidade compacta. Uma plataforma de transporte partilhada e uma interface de troca r\u00e1pida permitem uma convers\u00e3o completa do produto, bastando substituir o m\u00f3dulo de forma\u00e7\u00e3o frontal, em vez de trocar a m\u00e1quina inteira.<\/p>\n<p><img loading=\"lazy\" decoding=\"async\" class=\"alignnone size-full wp-image-4932\" src=\"https:\/\/www.bakeryturnkey.com\/wp-content\/uploads\/2025\/09\/3.jpg\" alt=\"M\u00e1quina formadora de biscoitos\" width=\"700\" height=\"500\" srcset=\"https:\/\/www.bakeryturnkey.com\/wp-content\/uploads\/2025\/09\/3.jpg 700w, https:\/\/www.bakeryturnkey.com\/wp-content\/uploads\/2025\/09\/3-300x214.jpg 300w, https:\/\/www.bakeryturnkey.com\/wp-content\/uploads\/2025\/09\/3-18x12.jpg 18w, https:\/\/www.bakeryturnkey.com\/wp-content\/uploads\/2025\/09\/3-600x429.jpg 600w\" sizes=\"auto, (max-width: 700px) 100vw, 700px\" \/><\/p>\n<p>O sistema de controlo da m\u00e1quina autom\u00e1tica de biscoitos duros possui uma base de dados de receitas modular incorporada. Os operadores podem pr\u00e9-definir e armazenar um conjunto completo de par\u00e2metros de processo (r\u00e1cio de calandragem, temperatura\/tempo da zona de cozedura, velocidade, etc.) para cada produto na interface homem-m\u00e1quina. Durante a produ\u00e7\u00e3o, basta chamar a receita correspondente para mudar os par\u00e2metros em toda a linha com um simples clique.<\/p>\n<p>Uma bomba de h\u00e9lice de parafuso duplo, especificamente concebida para acomodar recheios especiais locais (como fio de carne granulado e compota de alta viscosidade), est\u00e1 integrada num sistema de controlo termost\u00e1tico da tremonha. A m\u00e1quina autom\u00e1tica de fabrico de bolachas duras adapta-se a altera\u00e7\u00f5es na viscosidade do recheio, assegurando um fluxo de inje\u00e7\u00e3o est\u00e1vel, evitando o entupimento e garantindo camadas de recheio distintas e uniformes.<\/p>\n<p>A linha de produ\u00e7\u00e3o utiliza interfaces mec\u00e2nicas unificadas e padr\u00f5es de comunica\u00e7\u00e3o el\u00e9ctrica. Isto n\u00e3o s\u00f3 facilita a disposi\u00e7\u00e3o modular inicial, como tamb\u00e9m fornece uma base para actualiza\u00e7\u00f5es subsequentes. Quer se trate da adi\u00e7\u00e3o de um novo processo, sec\u00e7\u00e3o de arrefecimento ou sistema de inspe\u00e7\u00e3o visual, todos eles podem ser rapidamente integrados.<\/p>\n<h2><strong>V\u00eddeo de funcionamento da m\u00e1quina autom\u00e1tica de biscoitos duros<\/strong><\/h2>\n<div class=\"ast-oembed-container\"><iframe loading=\"lazy\" title=\"Linha de produ\u00e7\u00e3o industrial de biscoitos duros\" width=\"500\" height=\"281\" src=\"https:\/\/www.youtube.com\/embed\/3h5vtMHl2_4?feature=oembed\" frameborder=\"0\" allow=\"accelerometer; autoplay; clipboard-write; encrypted-media; gyroscope; picture-in-picture; web-share\" referrerpolicy=\"strict-origin-when-cross-origin\" allowfullscreen><\/iframe><\/div>\n<h2><strong>Vantagens da m\u00e1quina de fazer biscoitos duros<\/strong><\/h2>\n<ol>\n<li>Multiusos, Flex\u00edvel e Eficiente: A m\u00e1quina \u00e9 altamente compat\u00edvel, permitindo-lhe alternar de forma flex\u00edvel entre a produ\u00e7\u00e3o de biscoitos moles e duros. Isto permite a produ\u00e7\u00e3o simult\u00e2nea de diversos produtos, reduzindo significativamente o investimento inicial e o espa\u00e7o ocupado pelo equipamento.<\/li>\n<li>Inova\u00e7\u00e3o de sabores e recheios especiais: A nossa tecnologia \u00fanica de enchimento de dupla camada facilita a integra\u00e7\u00e3o de ingredientes e sabores locais, ajudando-o a desenvolver produtos de bolacha inovadores e regionalmente distintos e a expandir-se rapidamente para nichos de mercado.<\/li>\n<li>Qualidade de topo, elevada rela\u00e7\u00e3o custo-efic\u00e1cia: A qualidade da m\u00e1quina de biscoitos duros rivaliza com a das marcas l\u00edderes, mas o pre\u00e7o \u00e9 apenas dois ter\u00e7os do pre\u00e7o destas. Isto proporciona aos clientes uma vantagem de custo mais competitiva e um melhor retorno do investimento.<\/li>\n<li>Planeamento completo da linha, capacita\u00e7\u00e3o total do processo: Fornecemos uma solu\u00e7\u00e3o abrangente, desde o planeamento da disposi\u00e7\u00e3o da f\u00e1brica e a conce\u00e7\u00e3o da m\u00e1quina de produ\u00e7\u00e3o de bolachas duras at\u00e9 ao desenvolvimento e coloca\u00e7\u00e3o em funcionamento da receita, bem como a forma\u00e7\u00e3o dos operadores, assegurando um arranque suave da produ\u00e7\u00e3o e um r\u00e1pido sucesso operacional.<\/li>\n<li>Funcionamento est\u00e1vel, elevada taxa de rendimento: O design sofisticado do equipamento assegura um processo de produ\u00e7\u00e3o est\u00e1vel e control\u00e1vel. A taxa de qualifica\u00e7\u00e3o dos biscoitos mant\u00e9m-se consistentemente acima de 95%, garantindo efetivamente uma elevada capacidade de produ\u00e7\u00e3o e uma elevada qualidade.<\/li>\n<li>Servi\u00e7os personalizados de moderniza\u00e7\u00e3o e atualiza\u00e7\u00e3o: Oferecemos servi\u00e7os especializados de moderniza\u00e7\u00e3o e atualiza\u00e7\u00e3o adaptados \u00e0s necessidades das m\u00e1quinas de fabrico de bolachas duras existentes, fornecendo solu\u00e7\u00f5es de otimiza\u00e7\u00e3o personalizadas para satisfazer as necessidades de expans\u00e3o da capacidade ou de transforma\u00e7\u00e3o do produto.<\/li>\n<\/ol>\n<h3><strong>M\u00e1quinas relacionadas:<\/strong><\/h3>\n<p>\u27a1\ufe0e<strong><a href=\"https:\/\/www.bakeryturnkey.com\/pt\/produto\/biscuit-rotary-cutting-machine\/\">M\u00e1quina de corte de rolos para biscoitos<\/a><\/strong><\/p>\n<p>\u27a1\ufe0e<a href=\"https:\/\/www.bakeryturnkey.com\/pt\/produto\/industrial-biscuit-baking-oven\/\"><strong>Forno autom\u00e1tico para biscoitos<\/strong><\/a><\/p>\n<p>\u27a1\ufe0e<a href=\"https:\/\/www.bakeryturnkey.com\/pt\/produto\/biscuit-crushing-machine\/\"><strong>M\u00e1quina de tritura\u00e7\u00e3o de biscoitos<\/strong><\/a><\/p>\n<p>&nbsp;<\/p>\n<h3><strong>Par\u00e2metros do produto<\/strong><\/h3>\n<table id=\"zongheng-ccp-host\" border=\"0\" cellspacing=\"0\" cellpadding=\"0\" data-ctx=\"{&quot;cid&quot;:&quot;5769f7c3&quot;,&quot;time&quot;:1690975049619,&quot;docKey&quot;:&quot;vBPlNked7kB9ndG8&quot;}\">\n<tbody>\n<tr>\n<td class=\"s-8\">Modelo<\/td>\n<td class=\"s-8\">Capacidade<\/td>\n<td class=\"s-8\">Largura interior do forno de t\u00fanel<\/td>\n<td class=\"s-8\">M\u00e9todo de aquecimento<\/td>\n<td class=\"s-6\">Dimens\u00f5es<br \/>\n(sem m\u00e1quina de embalar)<\/td>\n<td class=\"s-8\">Tens\u00e3o<\/td>\n<\/tr>\n<tr>\n<td class=\"s-7\">GG-BG400\/420<\/td>\n<td class=\"s-7\">100-250kg\/h<\/td>\n<td class=\"s-7\">400\/420mm<\/td>\n<td class=\"s-7\">El\u00e9trico,G\u00e1s<\/td>\n<td class=\"s-7\">L45m*W5m*H2m<\/td>\n<td class=\"s-7\">380V 50HZ 3PH<\/td>\n<\/tr>\n<tr>\n<td class=\"s-7\">GG-BG600<\/td>\n<td class=\"s-7\">250-400kg\/h<\/td>\n<td class=\"s-7\">600 mm<\/td>\n<td class=\"s-7\">El\u00e9trico,G\u00e1s<\/td>\n<td class=\"s-7\">L50m*W5m*H2m<\/td>\n<td class=\"s-7\">380V 50HZ 3PH<\/td>\n<\/tr>\n<tr>\n<td class=\"s-7\">GG-BG800<\/td>\n<td class=\"s-7\">500-800kg\/h<\/td>\n<td class=\"s-7\">800 mm<\/td>\n<td class=\"s-7\">El\u00e9trico,G\u00e1s,Diesel<\/td>\n<td class=\"s-7\">L100m*L5m*H2,5m<\/td>\n<td class=\"s-7\">380V 50HZ 3PH<\/td>\n<\/tr>\n<tr>\n<td class=\"s-7\">GG-BG1000<\/td>\n<td class=\"s-7\">800-1000kg\/h<\/td>\n<td class=\"s-7\">1000mm<\/td>\n<td class=\"s-7\">El\u00e9trico,G\u00e1s,Diesel<\/td>\n<td class=\"s-7\">L105m*W12m*H3m<\/td>\n<td class=\"s-7\">380V 50HZ 3PH<\/td>\n<\/tr>\n<tr>\n<td class=\"s-7\">GG-BG1200<\/td>\n<td class=\"s-7\">800-1200kg\/h<\/td>\n<td class=\"s-7\">1200mm<\/td>\n<td class=\"s-7\">El\u00e9trico,G\u00e1s,Diesel<\/td>\n<td class=\"s-7\">L120m*W15m*H3m<\/td>\n<td class=\"s-7\">380V 50HZ 3PH<\/td>\n<\/tr>\n<\/tbody>\n<\/table>\n<h3><strong>Deixe o seu pedido de or\u00e7amento<\/strong><\/h3>\n<div id=\"wpcf7-f2977-p3974-o2\" class=\"wpcf7 js\" dir=\"ltr\" lang=\"en-US\">\n<div id=\"wpcf7-f2977-p3983-o2\" class=\"wpcf7 js\" dir=\"ltr\" lang=\"en-US\">\n<div id=\"wpcf7-f2977-p4370-o2\" class=\"wpcf7 js\" dir=\"ltr\" lang=\"en-US\">\n<div id=\"wpcf7-f2977-p4896-o2\" class=\"wpcf7 js\" dir=\"ltr\" lang=\"en-US\">\n<div class=\"wpcf7 no-js\" id=\"wpcf7-f2977-o1\" lang=\"en-US\" dir=\"ltr\">\n<div class=\"screen-reader-response\"><p role=\"status\" aria-live=\"polite\" aria-atomic=\"true\"><\/p> <ul><\/ul><\/div>\n<form action=\"\/pt\/wp-json\/wp\/v2\/product\/4929#wpcf7-f2977-o1\" method=\"post\" class=\"wpcf7-form init\" aria-label=\"Formul\u00e1rio de contacto\" novalidate=\"novalidate\" data-status=\"init\" data-trp-original-action=\"\/pt\/wp-json\/wp\/v2\/product\/4929#wpcf7-f2977-o1\">\n<div style=\"display: none;\">\n<input type=\"hidden\" name=\"_wpcf7\" value=\"2977\" \/>\n<input type=\"hidden\" name=\"_wpcf7_version\" value=\"5.7.7\" \/>\n<input type=\"hidden\" name=\"_wpcf7_locale\" value=\"en_US\" \/>\n<input type=\"hidden\" name=\"_wpcf7_unit_tag\" value=\"wpcf7-f2977-o1\" \/>\n<input type=\"hidden\" name=\"_wpcf7_container_post\" value=\"0\" \/>\n<input type=\"hidden\" name=\"_wpcf7_posted_data_hash\" value=\"\" \/>\n<\/div>\n<p><label> O seu nome*<br \/>\n<span class=\"wpcf7-form-control-wrap\" data-name=\"your-name\"><input size=\"40\" class=\"wpcf7-form-control wpcf7-text wpcf7-validates-as-required\" aria-required=\"true\" aria-invalid=\"false\" value=\"\" type=\"text\" name=\"your-name\" \/><\/span> <\/label>\n<\/p>\n<p><label> O seu pa\u00eds<br \/>\n<span class=\"wpcf7-form-control-wrap\" data-name=\"your-country\"><input size=\"40\" class=\"wpcf7-form-control wpcf7-text\" aria-invalid=\"false\" value=\"\" type=\"text\" name=\"your-country\" \/><\/span><\/label>\n<\/p>\n<p><label> O seu e-mail*<br \/>\n<span class=\"wpcf7-form-control-wrap\" data-name=\"your-email\"><input size=\"40\" class=\"wpcf7-form-control wpcf7-text wpcf7-email wpcf7-validates-as-required wpcf7-validates-as-email\" aria-required=\"true\" aria-invalid=\"false\" value=\"\" type=\"email\" name=\"your-email\" \/><\/span> <\/label>\n<\/p>\n<p><label> O seu telem\u00f3vel<br \/>\n<span class=\"wpcf7-form-control-wrap\" data-name=\"your-phone\"><input size=\"40\" class=\"wpcf7-form-control wpcf7-text\" aria-invalid=\"false\" value=\"\" type=\"text\" name=\"your-phone\" \/><\/span> <\/label>\n<\/p>\n<p><label> Nome da empresa<br \/>\n<span class=\"wpcf7-form-control-wrap\" data-name=\"text-529\"><input size=\"40\" class=\"wpcf7-form-control wpcf7-text\" aria-invalid=\"false\" value=\"\" type=\"text\" name=\"text-529\" \/><\/span> <\/label>\n<\/p>\n<p><label> S\u00edtio Web da empresa<br \/>\n<span class=\"wpcf7-form-control-wrap\" data-name=\"text-106\"><input size=\"40\" class=\"wpcf7-form-control wpcf7-text\" aria-invalid=\"false\" value=\"\" type=\"text\" name=\"text-106\" \/><\/span> <\/label>\n<\/p>\n<p><label> A sua mensagem*<br \/>\n<span class=\"wpcf7-form-control-wrap\" data-name=\"your-message\"><textarea cols=\"40\" rows=\"10\" class=\"wpcf7-form-control wpcf7-textarea wpcf7-validates-as-required\" aria-required=\"true\" aria-invalid=\"false\" name=\"your-message\"><\/textarea><\/span> <\/label>\n<\/p>\n<p><input class=\"wpcf7-form-control has-spinner wpcf7-submit\" type=\"submit\" value=\"Enviar\" \/>\n<\/p><p style=\"display: none !important;\" class=\"akismet-fields-container\" data-prefix=\"_wpcf7_ak_\"><label>&#916;<textarea name=\"_wpcf7_ak_hp_textarea\" cols=\"45\" rows=\"8\" maxlength=\"100\"><\/textarea><\/label><input type=\"hidden\" id=\"ak_js_1\" name=\"_wpcf7_ak_js\" value=\"238\"\/><script>document.getElementById( \"ak_js_1\" ).setAttribute( \"value\", ( new Date() ).getTime() );<\/script><\/p><div class=\"wpcf7-response-output\" aria-hidden=\"true\"><\/div>\n<input type=\"hidden\" name=\"trp-form-language\" value=\"pt\"\/><\/form>\n<\/div>\n<\/div>\n<\/div>\n<\/div>\n<\/div>\n<div style='text-align:left' class='yasr-auto-insert-visitor'><\/div>","protected":false},"excerpt":{"rendered":"<p><strong>Correio eletr\u00f3nico: lisa@machinehall.com<\/strong><\/p>\n<p><strong>Whatsapp: <a href=\"https:\/\/wa.me\/8615515571373\">+8615515571373<\/a><\/strong><\/p>\n<p><strong><\/strong><\/p>","protected":false},"featured_media":4930,"comment_status":"open","ping_status":"closed","template":"","meta":{"site-sidebar-layout":"default","site-content-layout":"default","ast-main-header-display":"","ast-hfb-above-header-display":"","ast-hfb-below-header-display":"","ast-hfb-mobile-header-display":"","site-post-title":"","ast-breadcrumbs-content":"","ast-featured-img":"","footer-sml-layout":"","theme-transparent-header-meta":"default","adv-header-id-meta":"","stick-header-meta":"","header-above-stick-meta":"","header-main-stick-meta":"","header-below-stick-meta":"","yasr_overall_rating":5,"yasr_post_is_review":"","yasr_auto_insert_disabled":"","yasr_review_type":""},"product_cat":[15],"product_tag":[],"class_list":["post-4929","product","type-product","status-publish","has-post-thumbnail","hentry","product_cat-biscuit-machinery"],"yoast_head":"<!-- This site is optimized with the Yoast SEO plugin v27.3 - https:\/\/yoast.com\/product\/yoast-seo-wordpress\/ -->\n<title>500kg\/h Hard Biscuit Making Machine Manufacturer<\/title>\n<meta name=\"description\" content=\"The hard biscuit making machine manufacturer specialize in providing customers with efficient, stable integrated biscuit processing solutions.\" \/>\n<meta name=\"robots\" content=\"index, follow, max-snippet:-1, max-image-preview:large, max-video-preview:-1\" \/>\n<link rel=\"canonical\" href=\"https:\/\/www.bakeryturnkey.com\/pt\/produto\/hard-biscuit-making-machine\/\" \/>\n<meta property=\"og:locale\" content=\"pt_PT\" \/>\n<meta property=\"og:type\" content=\"article\" \/>\n<meta property=\"og:title\" content=\"500kg\/h Hard Biscuit Making Machine Manufacturer\" \/>\n<meta property=\"og:description\" content=\"The hard biscuit making machine manufacturer specialize in providing customers with efficient, stable integrated biscuit processing solutions.\" \/>\n<meta property=\"og:url\" content=\"https:\/\/www.bakeryturnkey.com\/pt\/produto\/hard-biscuit-making-machine\/\" \/>\n<meta property=\"og:site_name\" content=\"Bakery Food Processing Equipment Manufacturer\" \/>\n<meta property=\"article:modified_time\" content=\"2025-10-21T07:06:40+00:00\" \/>\n<meta property=\"og:image\" content=\"https:\/\/www.bakeryturnkey.com\/wp-content\/uploads\/2025\/09\/5.jpg\" \/>\n\t<meta property=\"og:image:width\" content=\"600\" \/>\n\t<meta property=\"og:image:height\" content=\"600\" \/>\n\t<meta property=\"og:image:type\" content=\"image\/jpeg\" \/>\n<meta name=\"twitter:card\" content=\"summary_large_image\" \/>\n<meta name=\"twitter:label1\" content=\"Tempo estimado de leitura\" \/>\n\t<meta name=\"twitter:data1\" content=\"4 minutos\" \/>\n<script type=\"application\/ld+json\" class=\"yoast-schema-graph\">{\"@context\":\"https:\\\/\\\/schema.org\",\"@graph\":[{\"@type\":\"WebPage\",\"@id\":\"https:\\\/\\\/www.bakeryturnkey.com\\\/product\\\/hard-biscuit-making-machine\\\/\",\"url\":\"https:\\\/\\\/www.bakeryturnkey.com\\\/product\\\/hard-biscuit-making-machine\\\/\",\"name\":\"500kg\\\/h Hard Biscuit Making Machine Manufacturer\",\"isPartOf\":{\"@id\":\"https:\\\/\\\/www.bakeryturnkey.com\\\/#website\"},\"primaryImageOfPage\":{\"@id\":\"https:\\\/\\\/www.bakeryturnkey.com\\\/product\\\/hard-biscuit-making-machine\\\/#primaryimage\"},\"image\":{\"@id\":\"https:\\\/\\\/www.bakeryturnkey.com\\\/product\\\/hard-biscuit-making-machine\\\/#primaryimage\"},\"thumbnailUrl\":\"https:\\\/\\\/www.bakeryturnkey.com\\\/wp-content\\\/uploads\\\/2025\\\/09\\\/5.jpg\",\"datePublished\":\"2025-09-24T07:59:35+00:00\",\"dateModified\":\"2025-10-21T07:06:40+00:00\",\"description\":\"The hard biscuit making machine manufacturer specialize in providing customers with efficient, stable integrated biscuit processing solutions.\",\"breadcrumb\":{\"@id\":\"https:\\\/\\\/www.bakeryturnkey.com\\\/product\\\/hard-biscuit-making-machine\\\/#breadcrumb\"},\"inLanguage\":\"pt-PT\",\"potentialAction\":[{\"@type\":\"ReadAction\",\"target\":[\"https:\\\/\\\/www.bakeryturnkey.com\\\/product\\\/hard-biscuit-making-machine\\\/\"]}]},{\"@type\":\"ImageObject\",\"inLanguage\":\"pt-PT\",\"@id\":\"https:\\\/\\\/www.bakeryturnkey.com\\\/product\\\/hard-biscuit-making-machine\\\/#primaryimage\",\"url\":\"https:\\\/\\\/www.bakeryturnkey.com\\\/wp-content\\\/uploads\\\/2025\\\/09\\\/5.jpg\",\"contentUrl\":\"https:\\\/\\\/www.bakeryturnkey.com\\\/wp-content\\\/uploads\\\/2025\\\/09\\\/5.jpg\",\"width\":600,\"height\":600,\"caption\":\"Hard Biscuit Production Line\"},{\"@type\":\"BreadcrumbList\",\"@id\":\"https:\\\/\\\/www.bakeryturnkey.com\\\/product\\\/hard-biscuit-making-machine\\\/#breadcrumb\",\"itemListElement\":[{\"@type\":\"ListItem\",\"position\":1,\"name\":\"Home\",\"item\":\"https:\\\/\\\/www.bakeryturnkey.com\\\/\"},{\"@type\":\"ListItem\",\"position\":2,\"name\":\"Products\",\"item\":\"https:\\\/\\\/www.bakeryturnkey.com\\\/products\\\/\"},{\"@type\":\"ListItem\",\"position\":3,\"name\":\"500kg\\\/h Hard Biscuit Making Machine Manufacturer\"}]},{\"@type\":\"WebSite\",\"@id\":\"https:\\\/\\\/www.bakeryturnkey.com\\\/#website\",\"url\":\"https:\\\/\\\/www.bakeryturnkey.com\\\/\",\"name\":\"Bakery Food Processing Equipment Manufacturer\",\"description\":\"Bakery Food Solutions Provider\",\"publisher\":{\"@id\":\"https:\\\/\\\/www.bakeryturnkey.com\\\/#organization\"},\"potentialAction\":[{\"@type\":\"SearchAction\",\"target\":{\"@type\":\"EntryPoint\",\"urlTemplate\":\"https:\\\/\\\/www.bakeryturnkey.com\\\/?s={search_term_string}\"},\"query-input\":{\"@type\":\"PropertyValueSpecification\",\"valueRequired\":true,\"valueName\":\"search_term_string\"}}],\"inLanguage\":\"pt-PT\"},{\"@type\":\"Organization\",\"@id\":\"https:\\\/\\\/www.bakeryturnkey.com\\\/#organization\",\"name\":\"Bakery Food Processing Equipment Manufacturer\",\"url\":\"https:\\\/\\\/www.bakeryturnkey.com\\\/\",\"logo\":{\"@type\":\"ImageObject\",\"inLanguage\":\"pt-PT\",\"@id\":\"https:\\\/\\\/www.bakeryturnkey.com\\\/#\\\/schema\\\/logo\\\/image\\\/\",\"url\":\"https:\\\/\\\/www.bakeryturnkey.com\\\/wp-content\\\/uploads\\\/2022\\\/03\\\/cropped-13-1.png\",\"contentUrl\":\"https:\\\/\\\/www.bakeryturnkey.com\\\/wp-content\\\/uploads\\\/2022\\\/03\\\/cropped-13-1.png\",\"width\":512,\"height\":429,\"caption\":\"Bakery Food Processing Equipment Manufacturer\"},\"image\":{\"@id\":\"https:\\\/\\\/www.bakeryturnkey.com\\\/#\\\/schema\\\/logo\\\/image\\\/\"}},false]}<\/script>\n<!-- \/ Yoast SEO plugin. -->","yoast_head_json":{"title":"500kg\/h Hard Biscuit Making Machine Manufacturer","description":"The hard biscuit making machine manufacturer specialize in providing customers with efficient, stable integrated biscuit processing solutions.","robots":{"index":"index","follow":"follow","max-snippet":"max-snippet:-1","max-image-preview":"max-image-preview:large","max-video-preview":"max-video-preview:-1"},"canonical":"https:\/\/www.bakeryturnkey.com\/pt\/produto\/hard-biscuit-making-machine\/","og_locale":"pt_PT","og_type":"article","og_title":"500kg\/h Hard Biscuit Making Machine Manufacturer","og_description":"The hard biscuit making machine manufacturer specialize in providing customers with efficient, stable integrated biscuit processing solutions.","og_url":"https:\/\/www.bakeryturnkey.com\/pt\/produto\/hard-biscuit-making-machine\/","og_site_name":"Bakery Food Processing Equipment Manufacturer","article_modified_time":"2025-10-21T07:06:40+00:00","og_image":[{"width":600,"height":600,"url":"https:\/\/www.bakeryturnkey.com\/wp-content\/uploads\/2025\/09\/5.jpg","type":"image\/jpeg"}],"twitter_card":"summary_large_image","twitter_misc":{"Tempo estimado de leitura":"4 minutos"},"schema":{"@context":"https:\/\/schema.org","@graph":[{"@type":"WebPage","@id":"https:\/\/www.bakeryturnkey.com\/product\/hard-biscuit-making-machine\/","url":"https:\/\/www.bakeryturnkey.com\/product\/hard-biscuit-making-machine\/","name":"500kg\/h Hard Biscuit Making Machine Manufacturer","isPartOf":{"@id":"https:\/\/www.bakeryturnkey.com\/#website"},"primaryImageOfPage":{"@id":"https:\/\/www.bakeryturnkey.com\/product\/hard-biscuit-making-machine\/#primaryimage"},"image":{"@id":"https:\/\/www.bakeryturnkey.com\/product\/hard-biscuit-making-machine\/#primaryimage"},"thumbnailUrl":"https:\/\/www.bakeryturnkey.com\/wp-content\/uploads\/2025\/09\/5.jpg","datePublished":"2025-09-24T07:59:35+00:00","dateModified":"2025-10-21T07:06:40+00:00","description":"The hard biscuit making machine manufacturer specialize in providing customers with efficient, stable integrated biscuit processing solutions.","breadcrumb":{"@id":"https:\/\/www.bakeryturnkey.com\/product\/hard-biscuit-making-machine\/#breadcrumb"},"inLanguage":"pt-PT","potentialAction":[{"@type":"ReadAction","target":["https:\/\/www.bakeryturnkey.com\/product\/hard-biscuit-making-machine\/"]}]},{"@type":"ImageObject","inLanguage":"pt-PT","@id":"https:\/\/www.bakeryturnkey.com\/product\/hard-biscuit-making-machine\/#primaryimage","url":"https:\/\/www.bakeryturnkey.com\/wp-content\/uploads\/2025\/09\/5.jpg","contentUrl":"https:\/\/www.bakeryturnkey.com\/wp-content\/uploads\/2025\/09\/5.jpg","width":600,"height":600,"caption":"Hard Biscuit Production Line"},{"@type":"BreadcrumbList","@id":"https:\/\/www.bakeryturnkey.com\/product\/hard-biscuit-making-machine\/#breadcrumb","itemListElement":[{"@type":"ListItem","position":1,"name":"Home","item":"https:\/\/www.bakeryturnkey.com\/"},{"@type":"ListItem","position":2,"name":"Products","item":"https:\/\/www.bakeryturnkey.com\/products\/"},{"@type":"ListItem","position":3,"name":"500kg\/h Hard Biscuit Making Machine Manufacturer"}]},{"@type":"WebSite","@id":"https:\/\/www.bakeryturnkey.com\/#website","url":"https:\/\/www.bakeryturnkey.com\/","name":"Bakery Food Processing Equipment Manufacturer","description":"Bakery Food Solutions Provider","publisher":{"@id":"https:\/\/www.bakeryturnkey.com\/#organization"},"potentialAction":[{"@type":"SearchAction","target":{"@type":"EntryPoint","urlTemplate":"https:\/\/www.bakeryturnkey.com\/?s={search_term_string}"},"query-input":{"@type":"PropertyValueSpecification","valueRequired":true,"valueName":"search_term_string"}}],"inLanguage":"pt-PT"},{"@type":"Organization","@id":"https:\/\/www.bakeryturnkey.com\/#organization","name":"Bakery Food Processing Equipment Manufacturer","url":"https:\/\/www.bakeryturnkey.com\/","logo":{"@type":"ImageObject","inLanguage":"pt-PT","@id":"https:\/\/www.bakeryturnkey.com\/#\/schema\/logo\/image\/","url":"https:\/\/www.bakeryturnkey.com\/wp-content\/uploads\/2022\/03\/cropped-13-1.png","contentUrl":"https:\/\/www.bakeryturnkey.com\/wp-content\/uploads\/2022\/03\/cropped-13-1.png","width":512,"height":429,"caption":"Bakery Food Processing Equipment Manufacturer"},"image":{"@id":"https:\/\/www.bakeryturnkey.com\/#\/schema\/logo\/image\/"}},false]}},"yasr_visitor_votes":{"stars_attributes":{"read_only":false,"span_bottom":false},"number_of_votes":0,"sum_votes":0},"_links":{"self":[{"href":"https:\/\/www.bakeryturnkey.com\/pt\/wp-json\/wp\/v2\/product\/4929","targetHints":{"allow":["GET"]}}],"collection":[{"href":"https:\/\/www.bakeryturnkey.com\/pt\/wp-json\/wp\/v2\/product"}],"about":[{"href":"https:\/\/www.bakeryturnkey.com\/pt\/wp-json\/wp\/v2\/types\/product"}],"replies":[{"embeddable":true,"href":"https:\/\/www.bakeryturnkey.com\/pt\/wp-json\/wp\/v2\/comments?post=4929"}],"wp:featuredmedia":[{"embeddable":true,"href":"https:\/\/www.bakeryturnkey.com\/pt\/wp-json\/wp\/v2\/media\/4930"}],"wp:attachment":[{"href":"https:\/\/www.bakeryturnkey.com\/pt\/wp-json\/wp\/v2\/media?parent=4929"}],"wp:term":[{"taxonomy":"product_cat","embeddable":true,"href":"https:\/\/www.bakeryturnkey.com\/pt\/wp-json\/wp\/v2\/product_cat?post=4929"},{"taxonomy":"product_tag","embeddable":true,"href":"https:\/\/www.bakeryturnkey.com\/pt\/wp-json\/wp\/v2\/product_tag?post=4929"}],"curies":[{"name":"wp","href":"https:\/\/api.w.org\/{rel}","templated":true}]}}