{"id":4902,"date":"2025-07-29T14:09:16","date_gmt":"2025-07-29T06:09:16","guid":{"rendered":"https:\/\/www.bakeryturnkey.com\/?post_type=product&#038;p=4902"},"modified":"2025-07-29T15:17:08","modified_gmt":"2025-07-29T07:17:08","slug":"oyster-cracker-production-line","status":"publish","type":"product","link":"https:\/\/www.bakeryturnkey.com\/pt\/produto\/oyster-cracker-production-line\/","title":{"rendered":"Linha de produ\u00e7\u00e3o de biscoito de ostra para grande capacidade"},"content":{"rendered":"<p>A linha de produ\u00e7\u00e3o de biscoito de ostra \u00e9 especilizada usada para processamento de biscoitos de ostra de grande capacidade. Tem as vantagens de alta produ\u00e7\u00e3o, qualidade est\u00e1vel e opera\u00e7\u00e3o totalmente automatizada.<\/p>\n<p>Esta linha engloba todo o processo, desde a mistura da massa at\u00e9 \u00e0 embalagem, aumentando a capacidade de produ\u00e7\u00e3o e fornecendo bolachas de ostra estaladi\u00e7as e saborosas para as ind\u00fastrias de snacks, sopas e servi\u00e7os alimentares.<\/p>\n<p><img loading=\"lazy\" decoding=\"async\" class=\"alignnone size-full wp-image-4906\" src=\"https:\/\/www.bakeryturnkey.com\/wp-content\/uploads\/2025\/07\/7.jpg\" alt=\"Linha de produ\u00e7\u00e3o de biscoito de ostra\" width=\"680\" height=\"400\" srcset=\"https:\/\/www.bakeryturnkey.com\/wp-content\/uploads\/2025\/07\/7.jpg 680w, https:\/\/www.bakeryturnkey.com\/wp-content\/uploads\/2025\/07\/7-300x176.jpg 300w, https:\/\/www.bakeryturnkey.com\/wp-content\/uploads\/2025\/07\/7-18x12.jpg 18w, https:\/\/www.bakeryturnkey.com\/wp-content\/uploads\/2025\/07\/7-600x353.jpg 600w\" sizes=\"auto, (max-width: 680px) 100vw, 680px\" \/><\/p>\n<h2><strong>O que s\u00e3o Oyster Crackers?<\/strong><\/h2>\n<p>As bolachas de ostra s\u00e3o pequenas bolachas de tamanho reduzido, ligeiramente salgadas, de forma tipicamente hexagonal. S\u00e3o tradicionalmente servidas com sopas (como a sopa de am\u00eaijoas) ou apreciadas como petisco.<\/p>\n<p>T\u00eam um sabor suave e amanteigado e uma textura leve e estaladi\u00e7a, o que as torna uma adi\u00e7\u00e3o vers\u00e1til a muitos pratos. Com a crescente procura no retalho e nos servi\u00e7os alimentares, a produ\u00e7\u00e3o automatizada garante uniformidade, higiene e efici\u00eancia de custos.<\/p>\n<p><img loading=\"lazy\" decoding=\"async\" class=\"alignnone size-full wp-image-4905\" src=\"https:\/\/www.bakeryturnkey.com\/wp-content\/uploads\/2025\/07\/19.jpg\" alt=\"M\u00e1quina de fazer bolachas de ostra\" width=\"680\" height=\"400\" srcset=\"https:\/\/www.bakeryturnkey.com\/wp-content\/uploads\/2025\/07\/19.jpg 680w, https:\/\/www.bakeryturnkey.com\/wp-content\/uploads\/2025\/07\/19-300x176.jpg 300w, https:\/\/www.bakeryturnkey.com\/wp-content\/uploads\/2025\/07\/19-18x12.jpg 18w, https:\/\/www.bakeryturnkey.com\/wp-content\/uploads\/2025\/07\/19-600x353.jpg 600w\" sizes=\"auto, (max-width: 680px) 100vw, 680px\" \/><\/p>\n<h2><strong>Carater\u00edsticas da linha de produ\u00e7\u00e3o de biscoito de ostra<\/strong><\/h2>\n<ul>\n<li>Opera\u00e7\u00e3o simples: Apenas 3 bot\u00f5es para iniciar a produ\u00e7\u00e3o. Ecr\u00e3 t\u00e1til claro com imagens (sem menus complicados). Avisos autom\u00e1ticos se algo precisar de aten\u00e7\u00e3o.<\/li>\n<li>Poupa dinheiro: Utiliza menos eletricidade do que as m\u00e1quinas mais antigas. Faz bolachas perfeitas de cada vez (menos desperd\u00edcio). Pode funcionar durante todo o dia sem problemas.<\/li>\n<li>F\u00e1cil de limpar: Superf\u00edcies lisas sem pontos dif\u00edceis de alcan\u00e7ar. Desmonta-se rapidamente para lavar. O revestimento especial evita que a massa se agarre.<\/li>\n<li>\ud83c\udf6a Cresce com o seu neg\u00f3cio: Comece com o modelo b\u00e1sico, adicione mais m\u00e1quinas mais tarde. Os mesmos trabalhadores podem operar sistemas maiores. F\u00e1cil de ligar a m\u00e1quinas de embalagem.<\/li>\n<li>Faz sempre bolachas perfeitas: Mant\u00e9m a mesma espessura automaticamente. Cozimento uniforme todas as vezes. O mesmo tamanho e forma para todas as bolachas.<\/li>\n<\/ul>\n<p>&nbsp;<\/p>\n<h2><strong>Como funciona a linha de produ\u00e7\u00e3o<\/strong><\/h2>\n<ol>\n<li>Mistura da massa - Os ingredientes s\u00e3o preparados de acordo com diferentes receitas e, em seguida, misturados cuidadosamente para formar uma massa lisa e uniforme.<\/li>\n<li>Folheamento e moldagem - A massa misturada \u00e9 ent\u00e3o transportada para os nossos rolos de precis\u00e3o, que a achatam gradualmente at\u00e9 \u00e0 espessura desejada. Em seguida, \u00e9 moldada em pequenas formas de bolachas.<\/li>\n<li>Cozedura - As bolachas s\u00e3o cozidas num forno t\u00fanel com diferentes zonas de temperatura para obter uma textura dourada e estaladi\u00e7a.<\/li>\n<li>Arrefecimento e embalagem - As bolachas s\u00e3o automaticamente arrefecidas no tapete rolante, atingindo a temperatura ambiente. Finalmente, as bolachas est\u00e3o prontas para serem embaladas a granel.<\/li>\n<\/ol>\n<p>&nbsp;<\/p>\n<p>Temos o orgulho de oferecer a nossa linha de produ\u00e7\u00e3o de bolachas de ostra de primeira qualidade para venda a fabricantes de snacks em todo o mundo. Este sistema completo j\u00e1 foi instalado com sucesso em v\u00e1rios mercados internacionais, ajudando as empresas a aumentar a sua capacidade e qualidade de produ\u00e7\u00e3o.<\/p>\n<p>&nbsp;<\/p>\n<p>Quer saber mais sobre o nosso equipamento? N\u00e3o espere, contacte-nos agora. Pode contactar-nos por e-mail, WhatsApp ou WeChat.<\/p>\n<ul>\n<li><strong>Correio eletr\u00f3nico: lisa@machinehall.com<\/strong><\/li>\n<li><strong>WhatsApp: +8615515571373<\/strong><\/li>\n<li><strong>WeChat: gelgooglisa<\/strong><\/li>\n<\/ul>\n<p>&nbsp;<\/p>\n<h3><strong>Par\u00e2metros do produto:<\/strong><\/h3>\n<table id=\"zongheng-ccp-host\" border=\"0\" cellspacing=\"0\" cellpadding=\"0\" data-ctx=\"{&quot;cid&quot;:&quot;5769f7c3&quot;,&quot;time&quot;:1690975049619,&quot;docKey&quot;:&quot;vBPlNked7kB9ndG8&quot;}\">\n<tbody>\n<tr>\n<td class=\"s-8\">Modelo<\/td>\n<td class=\"s-8\">Capacidade<\/td>\n<td class=\"s-8\">Largura interior do forno de t\u00fanel<\/td>\n<td class=\"s-8\">M\u00e9todo de aquecimento<\/td>\n<td class=\"s-6\">Dimens\u00f5es<br \/>\n(sem m\u00e1quina de embalar)<\/td>\n<td class=\"s-8\">Tens\u00e3o<\/td>\n<\/tr>\n<tr>\n<td class=\"s-7\">GG-BG400\/420<\/td>\n<td class=\"s-7\">100-250kg\/h<\/td>\n<td class=\"s-7\">400\/420mm<\/td>\n<td class=\"s-7\">El\u00e9trico,G\u00e1s<\/td>\n<td class=\"s-7\">L45m*W5m*H2m<\/td>\n<td class=\"s-7\">380V 50HZ 3PH<\/td>\n<\/tr>\n<tr>\n<td class=\"s-7\">GG-BG600<\/td>\n<td class=\"s-7\">250-400kg\/h<\/td>\n<td class=\"s-7\">600 mm<\/td>\n<td class=\"s-7\">El\u00e9trico,G\u00e1s<\/td>\n<td class=\"s-7\">L50m*W5m*H2m<\/td>\n<td class=\"s-7\">380V 50HZ 3PH<\/td>\n<\/tr>\n<tr>\n<td class=\"s-7\">GG-BG800<\/td>\n<td class=\"s-7\">500-800kg\/h<\/td>\n<td class=\"s-7\">800 mm<\/td>\n<td class=\"s-7\">El\u00e9trico,G\u00e1s,Diesel<\/td>\n<td class=\"s-7\">L100m*L5m*H2,5m<\/td>\n<td class=\"s-7\">380V 50HZ 3PH<\/td>\n<\/tr>\n<tr>\n<td class=\"s-7\">GG-BG1000<\/td>\n<td class=\"s-7\">800-1000kg\/h<\/td>\n<td class=\"s-7\">1000mm<\/td>\n<td class=\"s-7\">El\u00e9trico,G\u00e1s,Diesel<\/td>\n<td class=\"s-7\">L105m*W12m*H3m<\/td>\n<td class=\"s-7\">380V 50HZ 3PH<\/td>\n<\/tr>\n<tr>\n<td class=\"s-7\">GG-BG1200<\/td>\n<td class=\"s-7\">800-1200kg\/h<\/td>\n<td class=\"s-7\">1200mm<\/td>\n<td class=\"s-7\">El\u00e9trico,G\u00e1s,Diesel<\/td>\n<td class=\"s-7\">L120m*W15m*H3m<\/td>\n<td class=\"s-7\">380V 50HZ 3PH<\/td>\n<\/tr>\n<\/tbody>\n<\/table>\n<h3><strong>Deixe o seu pedido de or\u00e7amento<\/strong><\/h3>\n<div id=\"wpcf7-f2977-p3974-o2\" class=\"wpcf7 js\" dir=\"ltr\" lang=\"en-US\">\n<div id=\"wpcf7-f2977-p3983-o2\" class=\"wpcf7 js\" dir=\"ltr\" lang=\"en-US\">\n<div id=\"wpcf7-f2977-p4370-o2\" class=\"wpcf7 js\" dir=\"ltr\" lang=\"en-US\">\n<div class=\"wpcf7 no-js\" id=\"wpcf7-f2977-o1\" lang=\"en-US\" dir=\"ltr\">\n<div class=\"screen-reader-response\"><p role=\"status\" aria-live=\"polite\" aria-atomic=\"true\"><\/p> <ul><\/ul><\/div>\n<form action=\"\/pt\/wp-json\/wp\/v2\/product\/4902#wpcf7-f2977-o1\" method=\"post\" class=\"wpcf7-form init\" aria-label=\"Formul\u00e1rio de contacto\" novalidate=\"novalidate\" data-status=\"init\" data-trp-original-action=\"\/pt\/wp-json\/wp\/v2\/product\/4902#wpcf7-f2977-o1\">\n<div style=\"display: none;\">\n<input type=\"hidden\" name=\"_wpcf7\" value=\"2977\" \/>\n<input type=\"hidden\" name=\"_wpcf7_version\" value=\"5.7.7\" \/>\n<input type=\"hidden\" name=\"_wpcf7_locale\" value=\"en_US\" \/>\n<input type=\"hidden\" name=\"_wpcf7_unit_tag\" value=\"wpcf7-f2977-o1\" \/>\n<input type=\"hidden\" name=\"_wpcf7_container_post\" value=\"0\" \/>\n<input type=\"hidden\" name=\"_wpcf7_posted_data_hash\" value=\"\" \/>\n<\/div>\n<p><label> O seu nome*<br \/>\n<span class=\"wpcf7-form-control-wrap\" data-name=\"your-name\"><input size=\"40\" class=\"wpcf7-form-control wpcf7-text wpcf7-validates-as-required\" aria-required=\"true\" aria-invalid=\"false\" value=\"\" type=\"text\" name=\"your-name\" \/><\/span> <\/label>\n<\/p>\n<p><label> O seu pa\u00eds<br \/>\n<span class=\"wpcf7-form-control-wrap\" data-name=\"your-country\"><input size=\"40\" class=\"wpcf7-form-control wpcf7-text\" aria-invalid=\"false\" value=\"\" type=\"text\" name=\"your-country\" \/><\/span><\/label>\n<\/p>\n<p><label> O seu e-mail*<br \/>\n<span class=\"wpcf7-form-control-wrap\" data-name=\"your-email\"><input size=\"40\" class=\"wpcf7-form-control wpcf7-text wpcf7-email wpcf7-validates-as-required wpcf7-validates-as-email\" aria-required=\"true\" aria-invalid=\"false\" value=\"\" type=\"email\" name=\"your-email\" \/><\/span> <\/label>\n<\/p>\n<p><label> O seu telem\u00f3vel<br \/>\n<span class=\"wpcf7-form-control-wrap\" data-name=\"your-phone\"><input size=\"40\" class=\"wpcf7-form-control wpcf7-text\" aria-invalid=\"false\" value=\"\" type=\"text\" name=\"your-phone\" \/><\/span> <\/label>\n<\/p>\n<p><label> Nome da empresa<br \/>\n<span class=\"wpcf7-form-control-wrap\" data-name=\"text-529\"><input size=\"40\" class=\"wpcf7-form-control wpcf7-text\" aria-invalid=\"false\" value=\"\" type=\"text\" name=\"text-529\" \/><\/span> <\/label>\n<\/p>\n<p><label> S\u00edtio Web da empresa<br \/>\n<span class=\"wpcf7-form-control-wrap\" data-name=\"text-106\"><input size=\"40\" class=\"wpcf7-form-control wpcf7-text\" aria-invalid=\"false\" value=\"\" type=\"text\" name=\"text-106\" \/><\/span> <\/label>\n<\/p>\n<p><label> A sua mensagem*<br \/>\n<span class=\"wpcf7-form-control-wrap\" data-name=\"your-message\"><textarea cols=\"40\" rows=\"10\" class=\"wpcf7-form-control wpcf7-textarea wpcf7-validates-as-required\" aria-required=\"true\" aria-invalid=\"false\" name=\"your-message\"><\/textarea><\/span> <\/label>\n<\/p>\n<p><input class=\"wpcf7-form-control has-spinner wpcf7-submit\" type=\"submit\" value=\"Enviar\" \/>\n<\/p><p style=\"display: none !important;\" class=\"akismet-fields-container\" data-prefix=\"_wpcf7_ak_\"><label>&#916;<textarea name=\"_wpcf7_ak_hp_textarea\" cols=\"45\" rows=\"8\" maxlength=\"100\"><\/textarea><\/label><input type=\"hidden\" id=\"ak_js_1\" name=\"_wpcf7_ak_js\" value=\"201\"\/><script>document.getElementById( \"ak_js_1\" ).setAttribute( \"value\", ( new Date() ).getTime() );<\/script><\/p><div class=\"wpcf7-response-output\" aria-hidden=\"true\"><\/div>\n<input type=\"hidden\" name=\"trp-form-language\" value=\"pt\"\/><\/form>\n<\/div>\n<\/div>\n<\/div>\n<\/div>\n<div style='text-align:left' class='yasr-auto-insert-visitor'><\/div>","protected":false},"excerpt":{"rendered":"<p>A linha de produ\u00e7\u00e3o de biscoito de ostra \u00e9 especilizada usada para processamento de biscoitos de ostra de grande capacidade. Tem as vantagens de uma produ\u00e7\u00e3o elevada, qualidade est\u00e1vel e opera\u00e7\u00e3o totalmente automatizada. Esta linha engloba todo o processo, desde a mistura da massa at\u00e9 \u00e0 embalagem, aumentando a capacidade de produ\u00e7\u00e3o e fornecendo bolachas de ostra estaladi\u00e7as e saborosas para as ind\u00fastrias de snacks, sopas e servi\u00e7os alimentares. O que ...<\/p>\n<p class=\"read-more\"> <a class=\"\" href=\"https:\/\/www.bakeryturnkey.com\/pt\/produto\/oyster-cracker-production-line\/\"> <span class=\"screen-reader-text\">Linha de produ\u00e7\u00e3o de biscoito de ostra para grande capacidade<\/span> Ler mais \"<\/a><\/p>","protected":false},"featured_media":4904,"comment_status":"open","ping_status":"closed","template":"","meta":{"site-sidebar-layout":"default","site-content-layout":"default","ast-main-header-display":"","ast-hfb-above-header-display":"","ast-hfb-below-header-display":"","ast-hfb-mobile-header-display":"","site-post-title":"","ast-breadcrumbs-content":"","ast-featured-img":"","footer-sml-layout":"","theme-transparent-header-meta":"default","adv-header-id-meta":"","stick-header-meta":"","header-above-stick-meta":"","header-main-stick-meta":"","header-below-stick-meta":"","yasr_overall_rating":0,"yasr_post_is_review":"","yasr_auto_insert_disabled":"","yasr_review_type":""},"product_cat":[15],"product_tag":[],"class_list":["post-4902","product","type-product","status-publish","has-post-thumbnail","hentry","product_cat-biscuit-machinery"],"yoast_head":"<!-- This site is optimized with the Yoast SEO plugin v27.5 - https:\/\/yoast.com\/product\/yoast-seo-wordpress\/ -->\n<title>Oyster Cracker Production Line For Large Capacity<\/title>\n<meta name=\"description\" content=\"The oyster cracker production line is efficient and fully automatic, and it can be used to produce large quantities of oyster crackers.\" \/>\n<meta name=\"robots\" content=\"index, follow, max-snippet:-1, max-image-preview:large, max-video-preview:-1\" \/>\n<link rel=\"canonical\" href=\"https:\/\/www.bakeryturnkey.com\/pt\/produto\/oyster-cracker-production-line\/\" \/>\n<meta property=\"og:locale\" content=\"pt_PT\" \/>\n<meta property=\"og:type\" content=\"article\" \/>\n<meta property=\"og:title\" content=\"Oyster Cracker Production Line For Large Capacity\" \/>\n<meta property=\"og:description\" content=\"The oyster cracker production line is efficient and fully automatic, and it can be used to produce large quantities of oyster crackers.\" \/>\n<meta property=\"og:url\" content=\"https:\/\/www.bakeryturnkey.com\/pt\/produto\/oyster-cracker-production-line\/\" \/>\n<meta property=\"og:site_name\" content=\"Bakery Food Processing Equipment Manufacturer\" \/>\n<meta property=\"article:modified_time\" content=\"2025-07-29T07:17:08+00:00\" \/>\n<meta property=\"og:image\" content=\"https:\/\/www.bakeryturnkey.com\/wp-content\/uploads\/2025\/07\/6.jpg\" \/>\n\t<meta property=\"og:image:width\" content=\"600\" \/>\n\t<meta property=\"og:image:height\" content=\"600\" \/>\n\t<meta property=\"og:image:type\" content=\"image\/jpeg\" \/>\n<meta name=\"twitter:card\" content=\"summary_large_image\" \/>\n<meta name=\"twitter:label1\" content=\"Tempo estimado de leitura\" \/>\n\t<meta name=\"twitter:data1\" content=\"3 minutos\" \/>\n<script type=\"application\/ld+json\" class=\"yoast-schema-graph\">{\"@context\":\"https:\\\/\\\/schema.org\",\"@graph\":[{\"@type\":\"WebPage\",\"@id\":\"https:\\\/\\\/www.bakeryturnkey.com\\\/product\\\/oyster-cracker-production-line\\\/\",\"url\":\"https:\\\/\\\/www.bakeryturnkey.com\\\/product\\\/oyster-cracker-production-line\\\/\",\"name\":\"Oyster Cracker Production Line For Large Capacity\",\"isPartOf\":{\"@id\":\"https:\\\/\\\/www.bakeryturnkey.com\\\/#website\"},\"primaryImageOfPage\":{\"@id\":\"https:\\\/\\\/www.bakeryturnkey.com\\\/product\\\/oyster-cracker-production-line\\\/#primaryimage\"},\"image\":{\"@id\":\"https:\\\/\\\/www.bakeryturnkey.com\\\/product\\\/oyster-cracker-production-line\\\/#primaryimage\"},\"thumbnailUrl\":\"https:\\\/\\\/www.bakeryturnkey.com\\\/wp-content\\\/uploads\\\/2025\\\/07\\\/6.jpg\",\"datePublished\":\"2025-07-29T06:09:16+00:00\",\"dateModified\":\"2025-07-29T07:17:08+00:00\",\"description\":\"The oyster cracker production line is efficient and fully automatic, and it can be used to produce large quantities of oyster crackers.\",\"breadcrumb\":{\"@id\":\"https:\\\/\\\/www.bakeryturnkey.com\\\/product\\\/oyster-cracker-production-line\\\/#breadcrumb\"},\"inLanguage\":\"pt-PT\",\"potentialAction\":[{\"@type\":\"ReadAction\",\"target\":[\"https:\\\/\\\/www.bakeryturnkey.com\\\/product\\\/oyster-cracker-production-line\\\/\"]}]},{\"@type\":\"ImageObject\",\"inLanguage\":\"pt-PT\",\"@id\":\"https:\\\/\\\/www.bakeryturnkey.com\\\/product\\\/oyster-cracker-production-line\\\/#primaryimage\",\"url\":\"https:\\\/\\\/www.bakeryturnkey.com\\\/wp-content\\\/uploads\\\/2025\\\/07\\\/6.jpg\",\"contentUrl\":\"https:\\\/\\\/www.bakeryturnkey.com\\\/wp-content\\\/uploads\\\/2025\\\/07\\\/6.jpg\",\"width\":600,\"height\":600,\"caption\":\"Oyster Cracker Production Line Price\"},{\"@type\":\"BreadcrumbList\",\"@id\":\"https:\\\/\\\/www.bakeryturnkey.com\\\/product\\\/oyster-cracker-production-line\\\/#breadcrumb\",\"itemListElement\":[{\"@type\":\"ListItem\",\"position\":1,\"name\":\"Home\",\"item\":\"https:\\\/\\\/www.bakeryturnkey.com\\\/\"},{\"@type\":\"ListItem\",\"position\":2,\"name\":\"Products\",\"item\":\"https:\\\/\\\/www.bakeryturnkey.com\\\/products\\\/\"},{\"@type\":\"ListItem\",\"position\":3,\"name\":\"Oyster Cracker Production Line For Large Capacity\"}]},{\"@type\":\"WebSite\",\"@id\":\"https:\\\/\\\/www.bakeryturnkey.com\\\/#website\",\"url\":\"https:\\\/\\\/www.bakeryturnkey.com\\\/\",\"name\":\"Bakery Food Processing Equipment Manufacturer\",\"description\":\"Bakery Food Solutions Provider\",\"publisher\":{\"@id\":\"https:\\\/\\\/www.bakeryturnkey.com\\\/#organization\"},\"potentialAction\":[{\"@type\":\"SearchAction\",\"target\":{\"@type\":\"EntryPoint\",\"urlTemplate\":\"https:\\\/\\\/www.bakeryturnkey.com\\\/?s={search_term_string}\"},\"query-input\":{\"@type\":\"PropertyValueSpecification\",\"valueRequired\":true,\"valueName\":\"search_term_string\"}}],\"inLanguage\":\"pt-PT\"},{\"@type\":\"Organization\",\"@id\":\"https:\\\/\\\/www.bakeryturnkey.com\\\/#organization\",\"name\":\"Bakery Food Processing Equipment Manufacturer\",\"url\":\"https:\\\/\\\/www.bakeryturnkey.com\\\/\",\"logo\":{\"@type\":\"ImageObject\",\"inLanguage\":\"pt-PT\",\"@id\":\"https:\\\/\\\/www.bakeryturnkey.com\\\/#\\\/schema\\\/logo\\\/image\\\/\",\"url\":\"https:\\\/\\\/www.bakeryturnkey.com\\\/wp-content\\\/uploads\\\/2022\\\/03\\\/cropped-13-1.png\",\"contentUrl\":\"https:\\\/\\\/www.bakeryturnkey.com\\\/wp-content\\\/uploads\\\/2022\\\/03\\\/cropped-13-1.png\",\"width\":512,\"height\":429,\"caption\":\"Bakery Food Processing Equipment Manufacturer\"},\"image\":{\"@id\":\"https:\\\/\\\/www.bakeryturnkey.com\\\/#\\\/schema\\\/logo\\\/image\\\/\"}},false]}<\/script>\n<!-- \/ Yoast SEO plugin. -->","yoast_head_json":{"title":"Oyster Cracker Production Line For Large Capacity","description":"The oyster cracker production line is efficient and fully automatic, and it can be used to produce large quantities of oyster crackers.","robots":{"index":"index","follow":"follow","max-snippet":"max-snippet:-1","max-image-preview":"max-image-preview:large","max-video-preview":"max-video-preview:-1"},"canonical":"https:\/\/www.bakeryturnkey.com\/pt\/produto\/oyster-cracker-production-line\/","og_locale":"pt_PT","og_type":"article","og_title":"Oyster Cracker Production Line For Large Capacity","og_description":"The oyster cracker production line is efficient and fully automatic, and it can be used to produce large quantities of oyster crackers.","og_url":"https:\/\/www.bakeryturnkey.com\/pt\/produto\/oyster-cracker-production-line\/","og_site_name":"Bakery Food Processing Equipment Manufacturer","article_modified_time":"2025-07-29T07:17:08+00:00","og_image":[{"width":600,"height":600,"url":"https:\/\/www.bakeryturnkey.com\/wp-content\/uploads\/2025\/07\/6.jpg","type":"image\/jpeg"}],"twitter_card":"summary_large_image","twitter_misc":{"Tempo estimado de leitura":"3 minutos"},"schema":{"@context":"https:\/\/schema.org","@graph":[{"@type":"WebPage","@id":"https:\/\/www.bakeryturnkey.com\/product\/oyster-cracker-production-line\/","url":"https:\/\/www.bakeryturnkey.com\/product\/oyster-cracker-production-line\/","name":"Oyster Cracker Production Line For Large Capacity","isPartOf":{"@id":"https:\/\/www.bakeryturnkey.com\/#website"},"primaryImageOfPage":{"@id":"https:\/\/www.bakeryturnkey.com\/product\/oyster-cracker-production-line\/#primaryimage"},"image":{"@id":"https:\/\/www.bakeryturnkey.com\/product\/oyster-cracker-production-line\/#primaryimage"},"thumbnailUrl":"https:\/\/www.bakeryturnkey.com\/wp-content\/uploads\/2025\/07\/6.jpg","datePublished":"2025-07-29T06:09:16+00:00","dateModified":"2025-07-29T07:17:08+00:00","description":"The oyster cracker production line is efficient and fully automatic, and it can be used to produce large quantities of oyster crackers.","breadcrumb":{"@id":"https:\/\/www.bakeryturnkey.com\/product\/oyster-cracker-production-line\/#breadcrumb"},"inLanguage":"pt-PT","potentialAction":[{"@type":"ReadAction","target":["https:\/\/www.bakeryturnkey.com\/product\/oyster-cracker-production-line\/"]}]},{"@type":"ImageObject","inLanguage":"pt-PT","@id":"https:\/\/www.bakeryturnkey.com\/product\/oyster-cracker-production-line\/#primaryimage","url":"https:\/\/www.bakeryturnkey.com\/wp-content\/uploads\/2025\/07\/6.jpg","contentUrl":"https:\/\/www.bakeryturnkey.com\/wp-content\/uploads\/2025\/07\/6.jpg","width":600,"height":600,"caption":"Oyster Cracker Production Line Price"},{"@type":"BreadcrumbList","@id":"https:\/\/www.bakeryturnkey.com\/product\/oyster-cracker-production-line\/#breadcrumb","itemListElement":[{"@type":"ListItem","position":1,"name":"Home","item":"https:\/\/www.bakeryturnkey.com\/"},{"@type":"ListItem","position":2,"name":"Products","item":"https:\/\/www.bakeryturnkey.com\/products\/"},{"@type":"ListItem","position":3,"name":"Oyster Cracker Production Line For Large Capacity"}]},{"@type":"WebSite","@id":"https:\/\/www.bakeryturnkey.com\/#website","url":"https:\/\/www.bakeryturnkey.com\/","name":"Bakery Food Processing Equipment Manufacturer","description":"Bakery Food Solutions Provider","publisher":{"@id":"https:\/\/www.bakeryturnkey.com\/#organization"},"potentialAction":[{"@type":"SearchAction","target":{"@type":"EntryPoint","urlTemplate":"https:\/\/www.bakeryturnkey.com\/?s={search_term_string}"},"query-input":{"@type":"PropertyValueSpecification","valueRequired":true,"valueName":"search_term_string"}}],"inLanguage":"pt-PT"},{"@type":"Organization","@id":"https:\/\/www.bakeryturnkey.com\/#organization","name":"Bakery Food Processing Equipment Manufacturer","url":"https:\/\/www.bakeryturnkey.com\/","logo":{"@type":"ImageObject","inLanguage":"pt-PT","@id":"https:\/\/www.bakeryturnkey.com\/#\/schema\/logo\/image\/","url":"https:\/\/www.bakeryturnkey.com\/wp-content\/uploads\/2022\/03\/cropped-13-1.png","contentUrl":"https:\/\/www.bakeryturnkey.com\/wp-content\/uploads\/2022\/03\/cropped-13-1.png","width":512,"height":429,"caption":"Bakery Food Processing Equipment Manufacturer"},"image":{"@id":"https:\/\/www.bakeryturnkey.com\/#\/schema\/logo\/image\/"}},false]}},"yasr_visitor_votes":{"stars_attributes":{"read_only":false,"span_bottom":false},"number_of_votes":0,"sum_votes":0},"_links":{"self":[{"href":"https:\/\/www.bakeryturnkey.com\/pt\/wp-json\/wp\/v2\/product\/4902","targetHints":{"allow":["GET"]}}],"collection":[{"href":"https:\/\/www.bakeryturnkey.com\/pt\/wp-json\/wp\/v2\/product"}],"about":[{"href":"https:\/\/www.bakeryturnkey.com\/pt\/wp-json\/wp\/v2\/types\/product"}],"replies":[{"embeddable":true,"href":"https:\/\/www.bakeryturnkey.com\/pt\/wp-json\/wp\/v2\/comments?post=4902"}],"wp:featuredmedia":[{"embeddable":true,"href":"https:\/\/www.bakeryturnkey.com\/pt\/wp-json\/wp\/v2\/media\/4904"}],"wp:attachment":[{"href":"https:\/\/www.bakeryturnkey.com\/pt\/wp-json\/wp\/v2\/media?parent=4902"}],"wp:term":[{"taxonomy":"product_cat","embeddable":true,"href":"https:\/\/www.bakeryturnkey.com\/pt\/wp-json\/wp\/v2\/product_cat?post=4902"},{"taxonomy":"product_tag","embeddable":true,"href":"https:\/\/www.bakeryturnkey.com\/pt\/wp-json\/wp\/v2\/product_tag?post=4902"}],"curies":[{"name":"wp","href":"https:\/\/api.w.org\/{rel}","templated":true}]}}