{"id":4896,"date":"2025-06-05T17:39:42","date_gmt":"2025-06-05T09:39:42","guid":{"rendered":"https:\/\/www.bakeryturnkey.com\/?post_type=product&#038;p=4896"},"modified":"2025-06-05T17:57:26","modified_gmt":"2025-06-05T09:57:26","slug":"automatic-biscuit-production-line","status":"publish","type":"product","link":"https:\/\/www.bakeryturnkey.com\/pt\/produto\/automatic-biscuit-production-line\/","title":{"rendered":"Linha de produ\u00e7\u00e3o de biscoitos totalmente autom\u00e1tica para f\u00e1brica"},"content":{"rendered":"<p>A linha de produ\u00e7\u00e3o autom\u00e1tica de biscoitos pode ajud\u00e1-lo a iniciar e expandir o seu neg\u00f3cio de biscoitos. Pode produzir eficazmente biscoitos de alta qualidade e, mais importante ainda, pode ser utilizada para m\u00faltiplos fins.<\/p>\n<p>Como fabricante profissional de equipamento para biscoitos, fornecemos linhas totalmente autom\u00e1ticas para muitas f\u00e1bricas de biscoitos e outras f\u00e1bricas de alimentos em todo o mundo, ajudando-as a alcan\u00e7ar um sucesso not\u00e1vel.<\/p>\n<p><img loading=\"lazy\" decoding=\"async\" class=\"alignnone size-full wp-image-4899\" src=\"https:\/\/www.bakeryturnkey.com\/wp-content\/uploads\/2025\/06\/5.jpg\" alt=\"Linha de produ\u00e7\u00e3o de biscoitos para f\u00e1brica\" width=\"670\" height=\"500\" srcset=\"https:\/\/www.bakeryturnkey.com\/wp-content\/uploads\/2025\/06\/5.jpg 670w, https:\/\/www.bakeryturnkey.com\/wp-content\/uploads\/2025\/06\/5-300x224.jpg 300w, https:\/\/www.bakeryturnkey.com\/wp-content\/uploads\/2025\/06\/5-16x12.jpg 16w, https:\/\/www.bakeryturnkey.com\/wp-content\/uploads\/2025\/06\/5-600x448.jpg 600w\" sizes=\"auto, (max-width: 670px) 100vw, 670px\" \/><\/p>\n<h2><strong>Carater\u00edsticas da linha de produ\u00e7\u00e3o autom\u00e1tica de biscoitos<\/strong><\/h2>\n<ul>\n<li>Funcionamento eficiente em termos energ\u00e9ticos:  N\u00e3o s\u00f3 conserva mais energia como tamb\u00e9m sustenta a produ\u00e7\u00e3o a alta velocidade, poupando efetivamente os custos operacionais.<\/li>\n<li>Produ\u00e7\u00e3o de alta velocidade: A linha de produ\u00e7\u00e3o pode produzir bolachas a uma velocidade impressionante, satisfazendo as exig\u00eancias de opera\u00e7\u00f5es fabris em grande escala.<\/li>\n<li>Sistema de monitoriza\u00e7\u00e3o inteligente: Equipado com sensores inteligentes e tecnologia de monitoriza\u00e7\u00e3o, fornece dados em tempo real sobre o estado da produ\u00e7\u00e3o, garantindo um desempenho \u00f3timo.<\/li>\n<li>Constru\u00e7\u00e3o duradoura: Constru\u00eddo com materiais de alta qualidade e t\u00e9cnicas de engenharia avan\u00e7adas, garante um desempenho duradouro e um tempo de inatividade m\u00ednimo.<\/li>\n<li>Interface f\u00e1cil de operar: Toda a linha de produ\u00e7\u00e3o para f\u00e1brica possui uma interface de f\u00e1cil utiliza\u00e7\u00e3o, tornando simples para os operadores controlar e gerir o processo de produ\u00e7\u00e3o.<\/li>\n<\/ul>\n<h2><strong>V\u00eddeo de funcionamento da linha de processamento de biscoitos<\/strong><\/h2>\n<div class=\"ast-oembed-container\"><iframe loading=\"lazy\" title=\"Linha de produ\u00e7\u00e3o autom\u00e1tica de biscoitos\" width=\"500\" height=\"281\" src=\"https:\/\/www.youtube.com\/embed\/Y1aPaAC7EQA?feature=oembed\" frameborder=\"0\" allow=\"accelerometer; autoplay; clipboard-write; encrypted-media; gyroscope; picture-in-picture; web-share\" referrerpolicy=\"strict-origin-when-cross-origin\" allowfullscreen><\/iframe><\/div>\n<h2><strong>Linha de produ\u00e7\u00e3o de biscoitos para f\u00e1brica Vantagens<\/strong><\/h2>\n<ol>\n<li>Aumento da produtividade: A linha de biscoitos aumenta significativamente a sua produ\u00e7\u00e3o, permitindo-lhe satisfazer as exig\u00eancias do mercado de forma mais eficaz.<\/li>\n<li>Custos de m\u00e3o de obra mais baixos: Com o seu elevado grau de automatiza\u00e7\u00e3o, a linha autom\u00e1tica de processamento de bolachas reduz a necessidade de m\u00e3o de obra manual, diminuindo as suas despesas de m\u00e3o de obra.<\/li>\n<li>Melhoria da qualidade do produto: O sistema de monitoriza\u00e7\u00e3o inteligente garante uma qualidade consistente do produto, reduzindo o desperd\u00edcio e aumentando a satisfa\u00e7\u00e3o do cliente.<\/li>\n<li>Redu\u00e7\u00e3o dos riscos operacionais: A sua constru\u00e7\u00e3o duradoura e o seu desempenho fi\u00e1vel minimizam o risco de interrup\u00e7\u00f5es na produ\u00e7\u00e3o, assegurando opera\u00e7\u00f5es sem problemas.<\/li>\n<li>Escalabilidade para crescimento futuro: Esta linha foi concebida para ser facilmente escal\u00e1vel, permitindo-lhe adaptar-se \u00e0 futura expans\u00e3o do neg\u00f3cio e ao aumento dos requisitos de produ\u00e7\u00e3o.<\/li>\n<\/ol>\n<p><img loading=\"lazy\" decoding=\"async\" class=\"alignnone size-full wp-image-4900\" src=\"https:\/\/www.bakeryturnkey.com\/wp-content\/uploads\/2025\/06\/41.jpg\" alt=\"Linha de produ\u00e7\u00e3o de biscoitos para venda\" width=\"670\" height=\"500\" srcset=\"https:\/\/www.bakeryturnkey.com\/wp-content\/uploads\/2025\/06\/41.jpg 670w, https:\/\/www.bakeryturnkey.com\/wp-content\/uploads\/2025\/06\/41-300x224.jpg 300w, https:\/\/www.bakeryturnkey.com\/wp-content\/uploads\/2025\/06\/41-16x12.jpg 16w, https:\/\/www.bakeryturnkey.com\/wp-content\/uploads\/2025\/06\/41-600x448.jpg 600w\" sizes=\"auto, (max-width: 670px) 100vw, 670px\" \/><\/p>\n<p>At\u00e9 agora, a linha de produ\u00e7\u00e3o de biscoitos totalmente autom\u00e1tica da nossa empresa tem sido exportada com sucesso para a Indon\u00e9sia, Austr\u00e1lia, Brasil, R\u00fassia, Eti\u00f3pia, Arg\u00e9lia e outros pa\u00edses. Depois de o equipamento ser entregue na f\u00e1brica, os nossos engenheiros instalam e testam a m\u00e1quina. At\u00e9 que os trabalhadores dominem a opera\u00e7\u00e3o.<\/p>\n<p>Est\u00e1 pronto para elevar a produ\u00e7\u00e3o de biscoitos da sua f\u00e1brica a novos patamares? Deixe-nos uma mensagem agora, e a nossa equipa de especialistas entrar\u00e1 em contacto consigo com informa\u00e7\u00f5es detalhadas sobre a nossa linha de produ\u00e7\u00e3o. N\u00e3o perca esta oportunidade de transformar o seu neg\u00f3cio!<\/p>\n<h3><strong>Par\u00e2metros do produto:<\/strong><\/h3>\n<table id=\"zongheng-ccp-host\" border=\"0\" cellspacing=\"0\" cellpadding=\"0\" data-ctx=\"{&quot;cid&quot;:&quot;5769f7c3&quot;,&quot;time&quot;:1690975049619,&quot;docKey&quot;:&quot;vBPlNked7kB9ndG8&quot;}\">\n<tbody>\n<tr>\n<td class=\"s-8\">Modelo<\/td>\n<td class=\"s-8\">Capacidade<\/td>\n<td class=\"s-8\">Largura interior do forno de t\u00fanel<\/td>\n<td class=\"s-8\">M\u00e9todo de aquecimento<\/td>\n<td class=\"s-6\">Dimens\u00f5es<br \/>\n(sem m\u00e1quina de embalar)<\/td>\n<td class=\"s-8\">Tens\u00e3o<\/td>\n<\/tr>\n<tr>\n<td class=\"s-7\">GG-BG400\/420<\/td>\n<td class=\"s-7\">100-250kg\/h<\/td>\n<td class=\"s-7\">400\/420mm<\/td>\n<td class=\"s-7\">El\u00e9trico,G\u00e1s<\/td>\n<td class=\"s-7\">L45m*W5m*H2m<\/td>\n<td class=\"s-7\">380V 50HZ 3PH<\/td>\n<\/tr>\n<tr>\n<td class=\"s-7\">GG-BG600<\/td>\n<td class=\"s-7\">250-400kg\/h<\/td>\n<td class=\"s-7\">600 mm<\/td>\n<td class=\"s-7\">El\u00e9trico,G\u00e1s<\/td>\n<td class=\"s-7\">L50m*W5m*H2m<\/td>\n<td class=\"s-7\">380V 50HZ 3PH<\/td>\n<\/tr>\n<tr>\n<td class=\"s-7\">GG-BG800<\/td>\n<td class=\"s-7\">500-800kg\/h<\/td>\n<td class=\"s-7\">800 mm<\/td>\n<td class=\"s-7\">El\u00e9trico,G\u00e1s,Diesel<\/td>\n<td class=\"s-7\">L100m*L5m*H2,5m<\/td>\n<td class=\"s-7\">380V 50HZ 3PH<\/td>\n<\/tr>\n<tr>\n<td class=\"s-7\">GG-BG1000<\/td>\n<td class=\"s-7\">800-1000kg\/h<\/td>\n<td class=\"s-7\">1000mm<\/td>\n<td class=\"s-7\">El\u00e9trico,G\u00e1s,Diesel<\/td>\n<td class=\"s-7\">L105m*W12m*H3m<\/td>\n<td class=\"s-7\">380V 50HZ 3PH<\/td>\n<\/tr>\n<tr>\n<td class=\"s-7\">GG-BG1200<\/td>\n<td class=\"s-7\">800-1200kg\/h<\/td>\n<td class=\"s-7\">1200mm<\/td>\n<td class=\"s-7\">El\u00e9trico,G\u00e1s,Diesel<\/td>\n<td class=\"s-7\">L120m*W15m*H3m<\/td>\n<td class=\"s-7\">380V 50HZ 3PH<\/td>\n<\/tr>\n<\/tbody>\n<\/table>\n<h3><strong>Deixe o seu pedido de or\u00e7amento<\/strong><\/h3>\n<div id=\"wpcf7-f2977-p3974-o2\" class=\"wpcf7 js\" dir=\"ltr\" lang=\"en-US\">\n<div id=\"wpcf7-f2977-p3983-o2\" class=\"wpcf7 js\" dir=\"ltr\" lang=\"en-US\">\n<div id=\"wpcf7-f2977-p4370-o2\" class=\"wpcf7 js\" dir=\"ltr\" lang=\"en-US\">\n<div class=\"wpcf7 no-js\" id=\"wpcf7-f2977-o1\" lang=\"en-US\" dir=\"ltr\">\n<div class=\"screen-reader-response\"><p role=\"status\" aria-live=\"polite\" aria-atomic=\"true\"><\/p> <ul><\/ul><\/div>\n<form action=\"\/pt\/wp-json\/wp\/v2\/product\/4896#wpcf7-f2977-o1\" method=\"post\" class=\"wpcf7-form init\" aria-label=\"Formul\u00e1rio de contacto\" novalidate=\"novalidate\" data-status=\"init\" data-trp-original-action=\"\/pt\/wp-json\/wp\/v2\/product\/4896#wpcf7-f2977-o1\">\n<div style=\"display: none;\">\n<input type=\"hidden\" name=\"_wpcf7\" value=\"2977\" \/>\n<input type=\"hidden\" name=\"_wpcf7_version\" value=\"5.7.7\" \/>\n<input type=\"hidden\" name=\"_wpcf7_locale\" value=\"en_US\" \/>\n<input type=\"hidden\" name=\"_wpcf7_unit_tag\" value=\"wpcf7-f2977-o1\" \/>\n<input type=\"hidden\" name=\"_wpcf7_container_post\" value=\"0\" \/>\n<input type=\"hidden\" name=\"_wpcf7_posted_data_hash\" value=\"\" \/>\n<\/div>\n<p><label> O seu nome*<br \/>\n<span class=\"wpcf7-form-control-wrap\" data-name=\"your-name\"><input size=\"40\" class=\"wpcf7-form-control wpcf7-text wpcf7-validates-as-required\" aria-required=\"true\" aria-invalid=\"false\" value=\"\" type=\"text\" name=\"your-name\" \/><\/span> <\/label>\n<\/p>\n<p><label> O seu pa\u00eds<br \/>\n<span class=\"wpcf7-form-control-wrap\" data-name=\"your-country\"><input size=\"40\" class=\"wpcf7-form-control wpcf7-text\" aria-invalid=\"false\" value=\"\" type=\"text\" name=\"your-country\" \/><\/span><\/label>\n<\/p>\n<p><label> O seu e-mail*<br \/>\n<span class=\"wpcf7-form-control-wrap\" data-name=\"your-email\"><input size=\"40\" class=\"wpcf7-form-control wpcf7-text wpcf7-email wpcf7-validates-as-required wpcf7-validates-as-email\" aria-required=\"true\" aria-invalid=\"false\" value=\"\" type=\"email\" name=\"your-email\" \/><\/span> <\/label>\n<\/p>\n<p><label> O seu telem\u00f3vel<br \/>\n<span class=\"wpcf7-form-control-wrap\" data-name=\"your-phone\"><input size=\"40\" class=\"wpcf7-form-control wpcf7-text\" aria-invalid=\"false\" value=\"\" type=\"text\" name=\"your-phone\" \/><\/span> <\/label>\n<\/p>\n<p><label> Nome da empresa<br \/>\n<span class=\"wpcf7-form-control-wrap\" data-name=\"text-529\"><input size=\"40\" class=\"wpcf7-form-control wpcf7-text\" aria-invalid=\"false\" value=\"\" type=\"text\" name=\"text-529\" \/><\/span> <\/label>\n<\/p>\n<p><label> S\u00edtio Web da empresa<br \/>\n<span class=\"wpcf7-form-control-wrap\" data-name=\"text-106\"><input size=\"40\" class=\"wpcf7-form-control wpcf7-text\" aria-invalid=\"false\" value=\"\" type=\"text\" name=\"text-106\" \/><\/span> <\/label>\n<\/p>\n<p><label> A sua mensagem*<br \/>\n<span class=\"wpcf7-form-control-wrap\" data-name=\"your-message\"><textarea cols=\"40\" rows=\"10\" class=\"wpcf7-form-control wpcf7-textarea wpcf7-validates-as-required\" aria-required=\"true\" aria-invalid=\"false\" name=\"your-message\"><\/textarea><\/span> <\/label>\n<\/p>\n<p><input class=\"wpcf7-form-control has-spinner wpcf7-submit\" type=\"submit\" value=\"Enviar\" \/>\n<\/p><p style=\"display: none !important;\" class=\"akismet-fields-container\" data-prefix=\"_wpcf7_ak_\"><label>&#916;<textarea name=\"_wpcf7_ak_hp_textarea\" cols=\"45\" rows=\"8\" maxlength=\"100\"><\/textarea><\/label><input type=\"hidden\" id=\"ak_js_1\" name=\"_wpcf7_ak_js\" value=\"171\"\/><script>document.getElementById( \"ak_js_1\" ).setAttribute( \"value\", ( new Date() ).getTime() );<\/script><\/p><div class=\"wpcf7-response-output\" aria-hidden=\"true\"><\/div>\n<input type=\"hidden\" name=\"trp-form-language\" value=\"pt\"\/><\/form>\n<\/div>\n<\/div>\n<\/div>\n<\/div>\n<div style='text-align:left' class='yasr-auto-insert-visitor'><\/div>","protected":false},"excerpt":{"rendered":"<p>A linha de produ\u00e7\u00e3o autom\u00e1tica de biscoitos pode ajud\u00e1-lo a iniciar e expandir o seu neg\u00f3cio de biscoitos. Ela pode produzir eficientemente biscoitos de alta qualidade, e o mais importante, pode ser usada para m\u00faltiplos prop\u00f3sitos. Como um fabricante profissional de equipamentos para biscoitos, n\u00f3s fornecemos linha totalmente autom\u00e1tica para muitas f\u00e1bricas de biscoitos e outros alimentos em todo o mundo, ajudando-os a alcan\u00e7ar ...<\/p>\n<p class=\"read-more\"> <a class=\"\" href=\"https:\/\/www.bakeryturnkey.com\/pt\/produto\/automatic-biscuit-production-line\/\"> <span class=\"screen-reader-text\">Linha de produ\u00e7\u00e3o de biscoitos totalmente autom\u00e1tica para f\u00e1brica<\/span> Ler mais \"<\/a><\/p>","protected":false},"featured_media":4897,"comment_status":"open","ping_status":"closed","template":"","meta":{"site-sidebar-layout":"default","site-content-layout":"default","ast-main-header-display":"","ast-hfb-above-header-display":"","ast-hfb-below-header-display":"","ast-hfb-mobile-header-display":"","site-post-title":"","ast-breadcrumbs-content":"","ast-featured-img":"","footer-sml-layout":"","theme-transparent-header-meta":"default","adv-header-id-meta":"","stick-header-meta":"","header-above-stick-meta":"","header-main-stick-meta":"","header-below-stick-meta":"","yasr_overall_rating":0,"yasr_post_is_review":"","yasr_auto_insert_disabled":"","yasr_review_type":""},"product_cat":[15],"product_tag":[],"class_list":["post-4896","product","type-product","status-publish","has-post-thumbnail","hentry","product_cat-biscuit-machinery"],"yoast_head":"<!-- This site is optimized with the Yoast SEO plugin v27.5 - https:\/\/yoast.com\/product\/yoast-seo-wordpress\/ -->\n<title>Fully Automatic Biscuit Production Line for Factory<\/title>\n<meta name=\"description\" content=\"The automatic biscuit production line can meet the needs of large scale biscuit production. It can produce up to 1,200 kilograms of biscuits per hour.\" \/>\n<meta name=\"robots\" content=\"index, follow, max-snippet:-1, max-image-preview:large, max-video-preview:-1\" \/>\n<link rel=\"canonical\" href=\"https:\/\/www.bakeryturnkey.com\/pt\/produto\/automatic-biscuit-production-line\/\" \/>\n<meta property=\"og:locale\" content=\"pt_PT\" \/>\n<meta property=\"og:type\" content=\"article\" \/>\n<meta property=\"og:title\" content=\"Fully Automatic Biscuit Production Line for Factory\" \/>\n<meta property=\"og:description\" content=\"The automatic biscuit production line can meet the needs of large scale biscuit production. It can produce up to 1,200 kilograms of biscuits per hour.\" \/>\n<meta property=\"og:url\" content=\"https:\/\/www.bakeryturnkey.com\/pt\/produto\/automatic-biscuit-production-line\/\" \/>\n<meta property=\"og:site_name\" content=\"Bakery Food Processing Equipment Manufacturer\" \/>\n<meta property=\"article:modified_time\" content=\"2025-06-05T09:57:26+00:00\" \/>\n<meta property=\"og:image\" content=\"https:\/\/www.bakeryturnkey.com\/wp-content\/uploads\/2025\/06\/43.jpg\" \/>\n\t<meta property=\"og:image:width\" content=\"800\" \/>\n\t<meta property=\"og:image:height\" content=\"800\" \/>\n\t<meta property=\"og:image:type\" content=\"image\/jpeg\" \/>\n<meta name=\"twitter:card\" content=\"summary_large_image\" \/>\n<meta name=\"twitter:label1\" content=\"Tempo estimado de leitura\" \/>\n\t<meta name=\"twitter:data1\" content=\"3 minutos\" \/>\n<script type=\"application\/ld+json\" class=\"yoast-schema-graph\">{\"@context\":\"https:\\\/\\\/schema.org\",\"@graph\":[{\"@type\":\"WebPage\",\"@id\":\"https:\\\/\\\/www.bakeryturnkey.com\\\/product\\\/automatic-biscuit-production-line\\\/\",\"url\":\"https:\\\/\\\/www.bakeryturnkey.com\\\/product\\\/automatic-biscuit-production-line\\\/\",\"name\":\"Fully Automatic Biscuit Production Line for Factory\",\"isPartOf\":{\"@id\":\"https:\\\/\\\/www.bakeryturnkey.com\\\/#website\"},\"primaryImageOfPage\":{\"@id\":\"https:\\\/\\\/www.bakeryturnkey.com\\\/product\\\/automatic-biscuit-production-line\\\/#primaryimage\"},\"image\":{\"@id\":\"https:\\\/\\\/www.bakeryturnkey.com\\\/product\\\/automatic-biscuit-production-line\\\/#primaryimage\"},\"thumbnailUrl\":\"https:\\\/\\\/www.bakeryturnkey.com\\\/wp-content\\\/uploads\\\/2025\\\/06\\\/43.jpg\",\"datePublished\":\"2025-06-05T09:39:42+00:00\",\"dateModified\":\"2025-06-05T09:57:26+00:00\",\"description\":\"The automatic biscuit production line can meet the needs of large scale biscuit production. It can produce up to 1,200 kilograms of biscuits per hour.\",\"breadcrumb\":{\"@id\":\"https:\\\/\\\/www.bakeryturnkey.com\\\/product\\\/automatic-biscuit-production-line\\\/#breadcrumb\"},\"inLanguage\":\"pt-PT\",\"potentialAction\":[{\"@type\":\"ReadAction\",\"target\":[\"https:\\\/\\\/www.bakeryturnkey.com\\\/product\\\/automatic-biscuit-production-line\\\/\"]}]},{\"@type\":\"ImageObject\",\"inLanguage\":\"pt-PT\",\"@id\":\"https:\\\/\\\/www.bakeryturnkey.com\\\/product\\\/automatic-biscuit-production-line\\\/#primaryimage\",\"url\":\"https:\\\/\\\/www.bakeryturnkey.com\\\/wp-content\\\/uploads\\\/2025\\\/06\\\/43.jpg\",\"contentUrl\":\"https:\\\/\\\/www.bakeryturnkey.com\\\/wp-content\\\/uploads\\\/2025\\\/06\\\/43.jpg\",\"width\":800,\"height\":800,\"caption\":\"Automatic Biscuit Production Line\"},{\"@type\":\"BreadcrumbList\",\"@id\":\"https:\\\/\\\/www.bakeryturnkey.com\\\/product\\\/automatic-biscuit-production-line\\\/#breadcrumb\",\"itemListElement\":[{\"@type\":\"ListItem\",\"position\":1,\"name\":\"Home\",\"item\":\"https:\\\/\\\/www.bakeryturnkey.com\\\/\"},{\"@type\":\"ListItem\",\"position\":2,\"name\":\"Products\",\"item\":\"https:\\\/\\\/www.bakeryturnkey.com\\\/products\\\/\"},{\"@type\":\"ListItem\",\"position\":3,\"name\":\"Fully Automatic Biscuit Production Line for Factory\"}]},{\"@type\":\"WebSite\",\"@id\":\"https:\\\/\\\/www.bakeryturnkey.com\\\/#website\",\"url\":\"https:\\\/\\\/www.bakeryturnkey.com\\\/\",\"name\":\"Bakery Food Processing Equipment Manufacturer\",\"description\":\"Bakery Food Solutions Provider\",\"publisher\":{\"@id\":\"https:\\\/\\\/www.bakeryturnkey.com\\\/#organization\"},\"potentialAction\":[{\"@type\":\"SearchAction\",\"target\":{\"@type\":\"EntryPoint\",\"urlTemplate\":\"https:\\\/\\\/www.bakeryturnkey.com\\\/?s={search_term_string}\"},\"query-input\":{\"@type\":\"PropertyValueSpecification\",\"valueRequired\":true,\"valueName\":\"search_term_string\"}}],\"inLanguage\":\"pt-PT\"},{\"@type\":\"Organization\",\"@id\":\"https:\\\/\\\/www.bakeryturnkey.com\\\/#organization\",\"name\":\"Bakery Food Processing Equipment Manufacturer\",\"url\":\"https:\\\/\\\/www.bakeryturnkey.com\\\/\",\"logo\":{\"@type\":\"ImageObject\",\"inLanguage\":\"pt-PT\",\"@id\":\"https:\\\/\\\/www.bakeryturnkey.com\\\/#\\\/schema\\\/logo\\\/image\\\/\",\"url\":\"https:\\\/\\\/www.bakeryturnkey.com\\\/wp-content\\\/uploads\\\/2022\\\/03\\\/cropped-13-1.png\",\"contentUrl\":\"https:\\\/\\\/www.bakeryturnkey.com\\\/wp-content\\\/uploads\\\/2022\\\/03\\\/cropped-13-1.png\",\"width\":512,\"height\":429,\"caption\":\"Bakery Food Processing Equipment Manufacturer\"},\"image\":{\"@id\":\"https:\\\/\\\/www.bakeryturnkey.com\\\/#\\\/schema\\\/logo\\\/image\\\/\"}},false]}<\/script>\n<!-- \/ Yoast SEO plugin. -->","yoast_head_json":{"title":"Fully Automatic Biscuit Production Line for Factory","description":"The automatic biscuit production line can meet the needs of large scale biscuit production. It can produce up to 1,200 kilograms of biscuits per hour.","robots":{"index":"index","follow":"follow","max-snippet":"max-snippet:-1","max-image-preview":"max-image-preview:large","max-video-preview":"max-video-preview:-1"},"canonical":"https:\/\/www.bakeryturnkey.com\/pt\/produto\/automatic-biscuit-production-line\/","og_locale":"pt_PT","og_type":"article","og_title":"Fully Automatic Biscuit Production Line for Factory","og_description":"The automatic biscuit production line can meet the needs of large scale biscuit production. It can produce up to 1,200 kilograms of biscuits per hour.","og_url":"https:\/\/www.bakeryturnkey.com\/pt\/produto\/automatic-biscuit-production-line\/","og_site_name":"Bakery Food Processing Equipment Manufacturer","article_modified_time":"2025-06-05T09:57:26+00:00","og_image":[{"width":800,"height":800,"url":"https:\/\/www.bakeryturnkey.com\/wp-content\/uploads\/2025\/06\/43.jpg","type":"image\/jpeg"}],"twitter_card":"summary_large_image","twitter_misc":{"Tempo estimado de leitura":"3 minutos"},"schema":{"@context":"https:\/\/schema.org","@graph":[{"@type":"WebPage","@id":"https:\/\/www.bakeryturnkey.com\/product\/automatic-biscuit-production-line\/","url":"https:\/\/www.bakeryturnkey.com\/product\/automatic-biscuit-production-line\/","name":"Fully Automatic Biscuit Production Line for Factory","isPartOf":{"@id":"https:\/\/www.bakeryturnkey.com\/#website"},"primaryImageOfPage":{"@id":"https:\/\/www.bakeryturnkey.com\/product\/automatic-biscuit-production-line\/#primaryimage"},"image":{"@id":"https:\/\/www.bakeryturnkey.com\/product\/automatic-biscuit-production-line\/#primaryimage"},"thumbnailUrl":"https:\/\/www.bakeryturnkey.com\/wp-content\/uploads\/2025\/06\/43.jpg","datePublished":"2025-06-05T09:39:42+00:00","dateModified":"2025-06-05T09:57:26+00:00","description":"The automatic biscuit production line can meet the needs of large scale biscuit production. It can produce up to 1,200 kilograms of biscuits per hour.","breadcrumb":{"@id":"https:\/\/www.bakeryturnkey.com\/product\/automatic-biscuit-production-line\/#breadcrumb"},"inLanguage":"pt-PT","potentialAction":[{"@type":"ReadAction","target":["https:\/\/www.bakeryturnkey.com\/product\/automatic-biscuit-production-line\/"]}]},{"@type":"ImageObject","inLanguage":"pt-PT","@id":"https:\/\/www.bakeryturnkey.com\/product\/automatic-biscuit-production-line\/#primaryimage","url":"https:\/\/www.bakeryturnkey.com\/wp-content\/uploads\/2025\/06\/43.jpg","contentUrl":"https:\/\/www.bakeryturnkey.com\/wp-content\/uploads\/2025\/06\/43.jpg","width":800,"height":800,"caption":"Automatic Biscuit Production Line"},{"@type":"BreadcrumbList","@id":"https:\/\/www.bakeryturnkey.com\/product\/automatic-biscuit-production-line\/#breadcrumb","itemListElement":[{"@type":"ListItem","position":1,"name":"Home","item":"https:\/\/www.bakeryturnkey.com\/"},{"@type":"ListItem","position":2,"name":"Products","item":"https:\/\/www.bakeryturnkey.com\/products\/"},{"@type":"ListItem","position":3,"name":"Fully Automatic Biscuit Production Line for Factory"}]},{"@type":"WebSite","@id":"https:\/\/www.bakeryturnkey.com\/#website","url":"https:\/\/www.bakeryturnkey.com\/","name":"Bakery Food Processing Equipment Manufacturer","description":"Bakery Food Solutions Provider","publisher":{"@id":"https:\/\/www.bakeryturnkey.com\/#organization"},"potentialAction":[{"@type":"SearchAction","target":{"@type":"EntryPoint","urlTemplate":"https:\/\/www.bakeryturnkey.com\/?s={search_term_string}"},"query-input":{"@type":"PropertyValueSpecification","valueRequired":true,"valueName":"search_term_string"}}],"inLanguage":"pt-PT"},{"@type":"Organization","@id":"https:\/\/www.bakeryturnkey.com\/#organization","name":"Bakery Food Processing Equipment Manufacturer","url":"https:\/\/www.bakeryturnkey.com\/","logo":{"@type":"ImageObject","inLanguage":"pt-PT","@id":"https:\/\/www.bakeryturnkey.com\/#\/schema\/logo\/image\/","url":"https:\/\/www.bakeryturnkey.com\/wp-content\/uploads\/2022\/03\/cropped-13-1.png","contentUrl":"https:\/\/www.bakeryturnkey.com\/wp-content\/uploads\/2022\/03\/cropped-13-1.png","width":512,"height":429,"caption":"Bakery Food Processing Equipment Manufacturer"},"image":{"@id":"https:\/\/www.bakeryturnkey.com\/#\/schema\/logo\/image\/"}},false]}},"yasr_visitor_votes":{"stars_attributes":{"read_only":false,"span_bottom":false},"number_of_votes":0,"sum_votes":0},"_links":{"self":[{"href":"https:\/\/www.bakeryturnkey.com\/pt\/wp-json\/wp\/v2\/product\/4896","targetHints":{"allow":["GET"]}}],"collection":[{"href":"https:\/\/www.bakeryturnkey.com\/pt\/wp-json\/wp\/v2\/product"}],"about":[{"href":"https:\/\/www.bakeryturnkey.com\/pt\/wp-json\/wp\/v2\/types\/product"}],"replies":[{"embeddable":true,"href":"https:\/\/www.bakeryturnkey.com\/pt\/wp-json\/wp\/v2\/comments?post=4896"}],"wp:featuredmedia":[{"embeddable":true,"href":"https:\/\/www.bakeryturnkey.com\/pt\/wp-json\/wp\/v2\/media\/4897"}],"wp:attachment":[{"href":"https:\/\/www.bakeryturnkey.com\/pt\/wp-json\/wp\/v2\/media?parent=4896"}],"wp:term":[{"taxonomy":"product_cat","embeddable":true,"href":"https:\/\/www.bakeryturnkey.com\/pt\/wp-json\/wp\/v2\/product_cat?post=4896"},{"taxonomy":"product_tag","embeddable":true,"href":"https:\/\/www.bakeryturnkey.com\/pt\/wp-json\/wp\/v2\/product_tag?post=4896"}],"curies":[{"name":"wp","href":"https:\/\/api.w.org\/{rel}","templated":true}]}}