{"id":4873,"date":"2025-04-02T15:48:43","date_gmt":"2025-04-02T07:48:43","guid":{"rendered":"https:\/\/www.bakeryturnkey.com\/?post_type=product&#038;p=4873"},"modified":"2025-04-02T16:05:52","modified_gmt":"2025-04-02T08:05:52","slug":"automatic-cookie-making-machine","status":"publish","type":"product","link":"https:\/\/www.bakeryturnkey.com\/pt\/produto\/automatic-cookie-making-machine\/","title":{"rendered":"M\u00e1quina autom\u00e1tica profissional para fabrico de bolachas 100kg\/h"},"content":{"rendered":"<p>A m\u00e1quina autom\u00e1tica de fabrico de bolachas \u00e9 um dispositivo concebido para f\u00e1bricas de panifica\u00e7\u00e3o de pequena capacidade e empresas de transforma\u00e7\u00e3o de alimentos. O equipamento principal inclui misturadores de massa, extrusoras, fornos, m\u00e1quinas de embalagem, etc.<\/p>\n<p>Cada m\u00e1quina \u00e9 independente e os problemas podem ser evitados e resolvidos a tempo. A m\u00e1quina \u00e9 adequada para a produ\u00e7\u00e3o de v\u00e1rios estilos de biscoitos para satisfazer as amplas necessidades do mercado.<\/p>\n<p><img loading=\"lazy\" decoding=\"async\" class=\"alignnone size-full wp-image-4876\" src=\"https:\/\/www.bakeryturnkey.com\/wp-content\/uploads\/2025\/04\/48.jpg\" alt=\"M\u00e1quina de fazer biscoitos para venda\" width=\"700\" height=\"400\" srcset=\"https:\/\/www.bakeryturnkey.com\/wp-content\/uploads\/2025\/04\/48.jpg 700w, https:\/\/www.bakeryturnkey.com\/wp-content\/uploads\/2025\/04\/48-300x171.jpg 300w, https:\/\/www.bakeryturnkey.com\/wp-content\/uploads\/2025\/04\/48-18x10.jpg 18w, https:\/\/www.bakeryturnkey.com\/wp-content\/uploads\/2025\/04\/48-600x343.jpg 600w\" sizes=\"auto, (max-width: 700px) 100vw, 700px\" \/><\/p>\n<h2><strong>Equipamento principal da m\u00e1quina de processamento de biscoitos<\/strong><\/h2>\n<ul>\n<li>M\u00e1quina formadora de biscoitos: atrav\u00e9s do servo motor para acionar a bomba doseadora, extrudir com precis\u00e3o diferentes padr\u00f5es de embri\u00f5es de biscoitos, apoiar a r\u00e1pida substitui\u00e7\u00e3o de moldes e adaptar-se a massa l\u00edquida ou semi-s\u00f3lida.<\/li>\n<li>Forno rotativo de ar quente: adopta um sistema de circula\u00e7\u00e3o de ar quente e um forno rotativo de v\u00e1rias camadas. Atrav\u00e9s de uma rota\u00e7\u00e3o uniforme de 360\u00b0, assegura uma penetra\u00e7\u00e3o uniforme do calor, evita a queima local e adapta-se \u00e0s necessidades de cozedura de diferentes produtos.<\/li>\n<li>Linha de transporte de arrefecimento: atrav\u00e9s de vento natural ou sistema de arrefecimento for\u00e7ado para reduzir a temperatura das bolachas, evitar a ader\u00eancia e proporcionar condi\u00e7\u00f5es adequadas para as liga\u00e7\u00f5es de embalagem subsequentes.<\/li>\n<li>M\u00e1quina de embalagem multifuncional: pode embalar r\u00e1pida e higienicamente biscoitos em sacos de almofada. Consegue uma embalagem eficiente atrav\u00e9s de processos como o transporte, a forma\u00e7\u00e3o, o enchimento, a selagem e o corte.<\/li>\n<\/ul>\n<p><img loading=\"lazy\" decoding=\"async\" class=\"alignnone size-full wp-image-4877\" src=\"https:\/\/www.bakeryturnkey.com\/wp-content\/uploads\/2025\/04\/426.jpg\" alt=\"M\u00e1quina para produ\u00e7\u00e3o de bolachas\" width=\"750\" height=\"400\" srcset=\"https:\/\/www.bakeryturnkey.com\/wp-content\/uploads\/2025\/04\/426.jpg 750w, https:\/\/www.bakeryturnkey.com\/wp-content\/uploads\/2025\/04\/426-300x160.jpg 300w, https:\/\/www.bakeryturnkey.com\/wp-content\/uploads\/2025\/04\/426-18x10.jpg 18w, https:\/\/www.bakeryturnkey.com\/wp-content\/uploads\/2025\/04\/426-600x320.jpg 600w\" sizes=\"auto, (max-width: 750px) 100vw, 750px\" \/><\/p>\n<h2><strong>Carater\u00edsticas da M\u00e1quina Autom\u00e1tica para Fabrica\u00e7\u00e3o de Biscoitos<\/strong><\/h2>\n<ol>\n<li>Produ\u00e7\u00e3o multi-categoria: Capaz de produzir uma vasta gama de snacks, incluindo bolachas de gota, bolachas de manteiga, bolachas de sandu\u00edche e bolachas espremidas. A m\u00e1quina pode ser facilmente utilizada para v\u00e1rios fins, bastando mudar o molde.<\/li>\n<li>Material de qualidade alimentar: Esta m\u00e1quina utiliza a\u00e7o inoxid\u00e1vel 304 de qualidade alimentar para a superf\u00edcie de contacto, e constru\u00edmos a estrutura da m\u00e1quina profissional de fazer bolachas em liga de alum\u00ednio. Resistente \u00e0 corros\u00e3o, f\u00e1cil de limpar, em conformidade com as normas internacionais de seguran\u00e7a alimentar.<\/li>\n<li>Tecnologia de aquecimento eficiente: quando emparelhado com um forno rotativo, cozedura a 360 graus, aquecimento r\u00e1pido e uniforme. H\u00e1 aquecimento el\u00e9trico, aquecimento a g\u00e1s, etc.<\/li>\n<li>Controlo inteligente: interface de opera\u00e7\u00e3o com ecr\u00e3 t\u00e1til, suporte de par\u00e2metros predefinidos (peso, espessura, etc.) e registo de dados de produ\u00e7\u00e3o, reduzindo o limiar de funcionamento.<\/li>\n<li>Produ\u00e7\u00e3o em pequena escala: fornece equipamento desde a mistura de mat\u00e9rias-primas, moldagem, cozedura at\u00e9 \u00e0 embalagem. A capacidade de produ\u00e7\u00e3o \u00e9 de cerca de 100-300 kg, adequada para empresas de pequena escala.<\/li>\n<\/ol>\n<div class=\"ast-oembed-container\"><iframe loading=\"lazy\" title=\"M\u00e1quina Comercial de Biscoitos|M\u00e1quina Autom\u00e1tica de Formar Biscoitos 400 600\" width=\"500\" height=\"281\" src=\"https:\/\/www.youtube.com\/embed\/xriXfyqiS2w?feature=oembed\" frameborder=\"0\" allow=\"accelerometer; autoplay; clipboard-write; encrypted-media; gyroscope; picture-in-picture; web-share\" referrerpolicy=\"strict-origin-when-cross-origin\" allowfullscreen><\/iframe><\/div>\n<p>Como um fabricante profissional de m\u00e1quina autom\u00e1tica para fabrico de bolachas, a nossa empresa desenvolve linhas de produ\u00e7\u00e3o de diferentes especifica\u00e7\u00f5es para empresas de diferentes dimens\u00f5es. O equipamento mencionado acima \u00e9 uma linha de produ\u00e7\u00e3o de pequena capacidade, adequada para empresas com fundos limitados, mas com necessidade urgente de iniciar este neg\u00f3cio.<\/p>\n<p>Se est\u00e1 interessado na nossa m\u00e1quina, s\u00f3 tem um or\u00e7amento de dezenas de milhares de d\u00f3lares. Deixe-nos uma mensagem ou contacte-nos por e-mail: lisa@machinehall.com ou WhatsApp: +8615515571373. N\u00f3s personalizaremos uma solu\u00e7\u00e3o adequada para si.<\/p>\n<h3><strong>Deixe o seu pedido de or\u00e7amento<\/strong><\/h3>\n\n<div class=\"wpcf7 no-js\" id=\"wpcf7-f2977-o1\" lang=\"en-US\" dir=\"ltr\">\n<div class=\"screen-reader-response\"><p role=\"status\" aria-live=\"polite\" aria-atomic=\"true\"><\/p> <ul><\/ul><\/div>\n<form action=\"\/pt\/wp-json\/wp\/v2\/product\/4873#wpcf7-f2977-o1\" method=\"post\" class=\"wpcf7-form init\" aria-label=\"Formul\u00e1rio de contacto\" novalidate=\"novalidate\" data-status=\"init\" data-trp-original-action=\"\/pt\/wp-json\/wp\/v2\/product\/4873#wpcf7-f2977-o1\">\n<div style=\"display: none;\">\n<input type=\"hidden\" name=\"_wpcf7\" value=\"2977\" \/>\n<input type=\"hidden\" name=\"_wpcf7_version\" value=\"5.7.7\" \/>\n<input type=\"hidden\" name=\"_wpcf7_locale\" value=\"en_US\" \/>\n<input type=\"hidden\" name=\"_wpcf7_unit_tag\" value=\"wpcf7-f2977-o1\" \/>\n<input type=\"hidden\" name=\"_wpcf7_container_post\" value=\"0\" \/>\n<input type=\"hidden\" name=\"_wpcf7_posted_data_hash\" value=\"\" \/>\n<\/div>\n<p><label> O seu nome*<br \/>\n<span class=\"wpcf7-form-control-wrap\" data-name=\"your-name\"><input size=\"40\" class=\"wpcf7-form-control wpcf7-text wpcf7-validates-as-required\" aria-required=\"true\" aria-invalid=\"false\" value=\"\" type=\"text\" name=\"your-name\" \/><\/span> <\/label>\n<\/p>\n<p><label> O seu pa\u00eds<br \/>\n<span class=\"wpcf7-form-control-wrap\" data-name=\"your-country\"><input size=\"40\" class=\"wpcf7-form-control wpcf7-text\" aria-invalid=\"false\" value=\"\" type=\"text\" name=\"your-country\" \/><\/span><\/label>\n<\/p>\n<p><label> O seu e-mail*<br \/>\n<span class=\"wpcf7-form-control-wrap\" data-name=\"your-email\"><input size=\"40\" class=\"wpcf7-form-control wpcf7-text wpcf7-email wpcf7-validates-as-required wpcf7-validates-as-email\" aria-required=\"true\" aria-invalid=\"false\" value=\"\" type=\"email\" name=\"your-email\" \/><\/span> <\/label>\n<\/p>\n<p><label> O seu telem\u00f3vel<br \/>\n<span class=\"wpcf7-form-control-wrap\" data-name=\"your-phone\"><input size=\"40\" class=\"wpcf7-form-control wpcf7-text\" aria-invalid=\"false\" value=\"\" type=\"text\" name=\"your-phone\" \/><\/span> <\/label>\n<\/p>\n<p><label> Nome da empresa<br \/>\n<span class=\"wpcf7-form-control-wrap\" data-name=\"text-529\"><input size=\"40\" class=\"wpcf7-form-control wpcf7-text\" aria-invalid=\"false\" value=\"\" type=\"text\" name=\"text-529\" \/><\/span> <\/label>\n<\/p>\n<p><label> S\u00edtio Web da empresa<br \/>\n<span class=\"wpcf7-form-control-wrap\" data-name=\"text-106\"><input size=\"40\" class=\"wpcf7-form-control wpcf7-text\" aria-invalid=\"false\" value=\"\" type=\"text\" name=\"text-106\" \/><\/span> <\/label>\n<\/p>\n<p><label> A sua mensagem*<br \/>\n<span class=\"wpcf7-form-control-wrap\" data-name=\"your-message\"><textarea cols=\"40\" rows=\"10\" class=\"wpcf7-form-control wpcf7-textarea wpcf7-validates-as-required\" aria-required=\"true\" aria-invalid=\"false\" name=\"your-message\"><\/textarea><\/span> <\/label>\n<\/p>\n<p><input class=\"wpcf7-form-control has-spinner wpcf7-submit\" type=\"submit\" value=\"Enviar\" \/>\n<\/p><p style=\"display: none !important;\" class=\"akismet-fields-container\" data-prefix=\"_wpcf7_ak_\"><label>&#916;<textarea name=\"_wpcf7_ak_hp_textarea\" cols=\"45\" rows=\"8\" maxlength=\"100\"><\/textarea><\/label><input type=\"hidden\" id=\"ak_js_1\" name=\"_wpcf7_ak_js\" value=\"184\"\/><script>document.getElementById( \"ak_js_1\" ).setAttribute( \"value\", ( new Date() ).getTime() );<\/script><\/p><div class=\"wpcf7-response-output\" aria-hidden=\"true\"><\/div>\n<input type=\"hidden\" name=\"trp-form-language\" value=\"pt\"\/><\/form>\n<\/div>\n\n<div style='text-align:left' class='yasr-auto-insert-visitor'><\/div>","protected":false},"excerpt":{"rendered":"<p>A m\u00e1quina autom\u00e1tica de fabrico de bolachas \u00e9 um dispositivo concebido para f\u00e1bricas de panifica\u00e7\u00e3o de pequena capacidade e empresas de transforma\u00e7\u00e3o de alimentos. O equipamento principal inclui misturadores de massa, extrusoras, fornos, m\u00e1quinas de embalagem, etc. Cada m\u00e1quina \u00e9 independente e os problemas podem ser evitados e resolvidos a tempo. A m\u00e1quina \u00e9 adequada para a produ\u00e7\u00e3o de v\u00e1rios estilos de biscoitos para ...<\/p>\n<p class=\"read-more\"> <a class=\"\" href=\"https:\/\/www.bakeryturnkey.com\/pt\/produto\/automatic-cookie-making-machine\/\"> <span class=\"screen-reader-text\">M\u00e1quina autom\u00e1tica profissional para fabrico de bolachas 100kg\/h<\/span> Ler mais \"<\/a><\/p>","protected":false},"featured_media":4874,"comment_status":"open","ping_status":"closed","template":"","meta":{"site-sidebar-layout":"default","site-content-layout":"default","ast-main-header-display":"","ast-hfb-above-header-display":"","ast-hfb-below-header-display":"","ast-hfb-mobile-header-display":"","site-post-title":"","ast-breadcrumbs-content":"","ast-featured-img":"","footer-sml-layout":"","theme-transparent-header-meta":"default","adv-header-id-meta":"","stick-header-meta":"","header-above-stick-meta":"","header-main-stick-meta":"","header-below-stick-meta":"","yasr_overall_rating":0,"yasr_post_is_review":"","yasr_auto_insert_disabled":"","yasr_review_type":""},"product_cat":[15],"product_tag":[],"class_list":["post-4873","product","type-product","status-publish","has-post-thumbnail","hentry","product_cat-biscuit-machinery"],"yoast_head":"<!-- This site is optimized with the Yoast SEO plugin v27.5 - https:\/\/yoast.com\/product\/yoast-seo-wordpress\/ -->\n<title>Professional Automatic Cookie Making Machine 100kg\/h<\/title>\n<meta name=\"description\" content=\"The automatic cookie making machine is suitable for small scale business, up to 100-300 kg per hour. Professional manufacturer, excellent quality.\" \/>\n<meta name=\"robots\" content=\"index, follow, max-snippet:-1, max-image-preview:large, max-video-preview:-1\" \/>\n<link rel=\"canonical\" href=\"https:\/\/www.bakeryturnkey.com\/pt\/produto\/automatic-cookie-making-machine\/\" \/>\n<meta property=\"og:locale\" content=\"pt_PT\" \/>\n<meta property=\"og:type\" content=\"article\" \/>\n<meta property=\"og:title\" content=\"Professional Automatic Cookie Making Machine 100kg\/h\" \/>\n<meta property=\"og:description\" content=\"The automatic cookie making machine is suitable for small scale business, up to 100-300 kg per hour. Professional manufacturer, excellent quality.\" \/>\n<meta property=\"og:url\" content=\"https:\/\/www.bakeryturnkey.com\/pt\/produto\/automatic-cookie-making-machine\/\" \/>\n<meta property=\"og:site_name\" content=\"Bakery Food Processing Equipment Manufacturer\" \/>\n<meta property=\"article:modified_time\" content=\"2025-04-02T08:05:52+00:00\" \/>\n<meta property=\"og:image\" content=\"https:\/\/www.bakeryturnkey.com\/wp-content\/uploads\/2025\/04\/27.jpg\" \/>\n\t<meta property=\"og:image:width\" content=\"800\" \/>\n\t<meta property=\"og:image:height\" content=\"800\" \/>\n\t<meta property=\"og:image:type\" content=\"image\/jpeg\" \/>\n<meta name=\"twitter:card\" content=\"summary_large_image\" \/>\n<meta name=\"twitter:label1\" content=\"Tempo estimado de leitura\" \/>\n\t<meta name=\"twitter:data1\" content=\"3 minutos\" \/>\n<script type=\"application\/ld+json\" class=\"yoast-schema-graph\">{\"@context\":\"https:\\\/\\\/schema.org\",\"@graph\":[{\"@type\":\"WebPage\",\"@id\":\"https:\\\/\\\/www.bakeryturnkey.com\\\/product\\\/automatic-cookie-making-machine\\\/\",\"url\":\"https:\\\/\\\/www.bakeryturnkey.com\\\/product\\\/automatic-cookie-making-machine\\\/\",\"name\":\"Professional Automatic Cookie Making Machine 100kg\\\/h\",\"isPartOf\":{\"@id\":\"https:\\\/\\\/www.bakeryturnkey.com\\\/#website\"},\"primaryImageOfPage\":{\"@id\":\"https:\\\/\\\/www.bakeryturnkey.com\\\/product\\\/automatic-cookie-making-machine\\\/#primaryimage\"},\"image\":{\"@id\":\"https:\\\/\\\/www.bakeryturnkey.com\\\/product\\\/automatic-cookie-making-machine\\\/#primaryimage\"},\"thumbnailUrl\":\"https:\\\/\\\/www.bakeryturnkey.com\\\/wp-content\\\/uploads\\\/2025\\\/04\\\/27.jpg\",\"datePublished\":\"2025-04-02T07:48:43+00:00\",\"dateModified\":\"2025-04-02T08:05:52+00:00\",\"description\":\"The automatic cookie making machine is suitable for small scale business, up to 100-300 kg per hour. Professional manufacturer, excellent quality.\",\"breadcrumb\":{\"@id\":\"https:\\\/\\\/www.bakeryturnkey.com\\\/product\\\/automatic-cookie-making-machine\\\/#breadcrumb\"},\"inLanguage\":\"pt-PT\",\"potentialAction\":[{\"@type\":\"ReadAction\",\"target\":[\"https:\\\/\\\/www.bakeryturnkey.com\\\/product\\\/automatic-cookie-making-machine\\\/\"]}]},{\"@type\":\"ImageObject\",\"inLanguage\":\"pt-PT\",\"@id\":\"https:\\\/\\\/www.bakeryturnkey.com\\\/product\\\/automatic-cookie-making-machine\\\/#primaryimage\",\"url\":\"https:\\\/\\\/www.bakeryturnkey.com\\\/wp-content\\\/uploads\\\/2025\\\/04\\\/27.jpg\",\"contentUrl\":\"https:\\\/\\\/www.bakeryturnkey.com\\\/wp-content\\\/uploads\\\/2025\\\/04\\\/27.jpg\",\"width\":800,\"height\":800,\"caption\":\"Automatic Cookie Making Machine Price\"},{\"@type\":\"BreadcrumbList\",\"@id\":\"https:\\\/\\\/www.bakeryturnkey.com\\\/product\\\/automatic-cookie-making-machine\\\/#breadcrumb\",\"itemListElement\":[{\"@type\":\"ListItem\",\"position\":1,\"name\":\"Home\",\"item\":\"https:\\\/\\\/www.bakeryturnkey.com\\\/\"},{\"@type\":\"ListItem\",\"position\":2,\"name\":\"Products\",\"item\":\"https:\\\/\\\/www.bakeryturnkey.com\\\/products\\\/\"},{\"@type\":\"ListItem\",\"position\":3,\"name\":\"Professional Automatic Cookie Making Machine 100kg\\\/h\"}]},{\"@type\":\"WebSite\",\"@id\":\"https:\\\/\\\/www.bakeryturnkey.com\\\/#website\",\"url\":\"https:\\\/\\\/www.bakeryturnkey.com\\\/\",\"name\":\"Bakery Food Processing Equipment Manufacturer\",\"description\":\"Bakery Food Solutions Provider\",\"publisher\":{\"@id\":\"https:\\\/\\\/www.bakeryturnkey.com\\\/#organization\"},\"potentialAction\":[{\"@type\":\"SearchAction\",\"target\":{\"@type\":\"EntryPoint\",\"urlTemplate\":\"https:\\\/\\\/www.bakeryturnkey.com\\\/?s={search_term_string}\"},\"query-input\":{\"@type\":\"PropertyValueSpecification\",\"valueRequired\":true,\"valueName\":\"search_term_string\"}}],\"inLanguage\":\"pt-PT\"},{\"@type\":\"Organization\",\"@id\":\"https:\\\/\\\/www.bakeryturnkey.com\\\/#organization\",\"name\":\"Bakery Food Processing Equipment Manufacturer\",\"url\":\"https:\\\/\\\/www.bakeryturnkey.com\\\/\",\"logo\":{\"@type\":\"ImageObject\",\"inLanguage\":\"pt-PT\",\"@id\":\"https:\\\/\\\/www.bakeryturnkey.com\\\/#\\\/schema\\\/logo\\\/image\\\/\",\"url\":\"https:\\\/\\\/www.bakeryturnkey.com\\\/wp-content\\\/uploads\\\/2022\\\/03\\\/cropped-13-1.png\",\"contentUrl\":\"https:\\\/\\\/www.bakeryturnkey.com\\\/wp-content\\\/uploads\\\/2022\\\/03\\\/cropped-13-1.png\",\"width\":512,\"height\":429,\"caption\":\"Bakery Food Processing Equipment Manufacturer\"},\"image\":{\"@id\":\"https:\\\/\\\/www.bakeryturnkey.com\\\/#\\\/schema\\\/logo\\\/image\\\/\"}},false]}<\/script>\n<!-- \/ Yoast SEO plugin. -->","yoast_head_json":{"title":"Professional Automatic Cookie Making Machine 100kg\/h","description":"The automatic cookie making machine is suitable for small scale business, up to 100-300 kg per hour. Professional manufacturer, excellent quality.","robots":{"index":"index","follow":"follow","max-snippet":"max-snippet:-1","max-image-preview":"max-image-preview:large","max-video-preview":"max-video-preview:-1"},"canonical":"https:\/\/www.bakeryturnkey.com\/pt\/produto\/automatic-cookie-making-machine\/","og_locale":"pt_PT","og_type":"article","og_title":"Professional Automatic Cookie Making Machine 100kg\/h","og_description":"The automatic cookie making machine is suitable for small scale business, up to 100-300 kg per hour. Professional manufacturer, excellent quality.","og_url":"https:\/\/www.bakeryturnkey.com\/pt\/produto\/automatic-cookie-making-machine\/","og_site_name":"Bakery Food Processing Equipment Manufacturer","article_modified_time":"2025-04-02T08:05:52+00:00","og_image":[{"width":800,"height":800,"url":"https:\/\/www.bakeryturnkey.com\/wp-content\/uploads\/2025\/04\/27.jpg","type":"image\/jpeg"}],"twitter_card":"summary_large_image","twitter_misc":{"Tempo estimado de leitura":"3 minutos"},"schema":{"@context":"https:\/\/schema.org","@graph":[{"@type":"WebPage","@id":"https:\/\/www.bakeryturnkey.com\/product\/automatic-cookie-making-machine\/","url":"https:\/\/www.bakeryturnkey.com\/product\/automatic-cookie-making-machine\/","name":"Professional Automatic Cookie Making Machine 100kg\/h","isPartOf":{"@id":"https:\/\/www.bakeryturnkey.com\/#website"},"primaryImageOfPage":{"@id":"https:\/\/www.bakeryturnkey.com\/product\/automatic-cookie-making-machine\/#primaryimage"},"image":{"@id":"https:\/\/www.bakeryturnkey.com\/product\/automatic-cookie-making-machine\/#primaryimage"},"thumbnailUrl":"https:\/\/www.bakeryturnkey.com\/wp-content\/uploads\/2025\/04\/27.jpg","datePublished":"2025-04-02T07:48:43+00:00","dateModified":"2025-04-02T08:05:52+00:00","description":"The automatic cookie making machine is suitable for small scale business, up to 100-300 kg per hour. Professional manufacturer, excellent quality.","breadcrumb":{"@id":"https:\/\/www.bakeryturnkey.com\/product\/automatic-cookie-making-machine\/#breadcrumb"},"inLanguage":"pt-PT","potentialAction":[{"@type":"ReadAction","target":["https:\/\/www.bakeryturnkey.com\/product\/automatic-cookie-making-machine\/"]}]},{"@type":"ImageObject","inLanguage":"pt-PT","@id":"https:\/\/www.bakeryturnkey.com\/product\/automatic-cookie-making-machine\/#primaryimage","url":"https:\/\/www.bakeryturnkey.com\/wp-content\/uploads\/2025\/04\/27.jpg","contentUrl":"https:\/\/www.bakeryturnkey.com\/wp-content\/uploads\/2025\/04\/27.jpg","width":800,"height":800,"caption":"Automatic Cookie Making Machine Price"},{"@type":"BreadcrumbList","@id":"https:\/\/www.bakeryturnkey.com\/product\/automatic-cookie-making-machine\/#breadcrumb","itemListElement":[{"@type":"ListItem","position":1,"name":"Home","item":"https:\/\/www.bakeryturnkey.com\/"},{"@type":"ListItem","position":2,"name":"Products","item":"https:\/\/www.bakeryturnkey.com\/products\/"},{"@type":"ListItem","position":3,"name":"Professional Automatic Cookie Making Machine 100kg\/h"}]},{"@type":"WebSite","@id":"https:\/\/www.bakeryturnkey.com\/#website","url":"https:\/\/www.bakeryturnkey.com\/","name":"Bakery Food Processing Equipment Manufacturer","description":"Bakery Food Solutions Provider","publisher":{"@id":"https:\/\/www.bakeryturnkey.com\/#organization"},"potentialAction":[{"@type":"SearchAction","target":{"@type":"EntryPoint","urlTemplate":"https:\/\/www.bakeryturnkey.com\/?s={search_term_string}"},"query-input":{"@type":"PropertyValueSpecification","valueRequired":true,"valueName":"search_term_string"}}],"inLanguage":"pt-PT"},{"@type":"Organization","@id":"https:\/\/www.bakeryturnkey.com\/#organization","name":"Bakery Food Processing Equipment Manufacturer","url":"https:\/\/www.bakeryturnkey.com\/","logo":{"@type":"ImageObject","inLanguage":"pt-PT","@id":"https:\/\/www.bakeryturnkey.com\/#\/schema\/logo\/image\/","url":"https:\/\/www.bakeryturnkey.com\/wp-content\/uploads\/2022\/03\/cropped-13-1.png","contentUrl":"https:\/\/www.bakeryturnkey.com\/wp-content\/uploads\/2022\/03\/cropped-13-1.png","width":512,"height":429,"caption":"Bakery Food Processing Equipment Manufacturer"},"image":{"@id":"https:\/\/www.bakeryturnkey.com\/#\/schema\/logo\/image\/"}},false]}},"yasr_visitor_votes":{"stars_attributes":{"read_only":false,"span_bottom":false},"number_of_votes":0,"sum_votes":0},"_links":{"self":[{"href":"https:\/\/www.bakeryturnkey.com\/pt\/wp-json\/wp\/v2\/product\/4873","targetHints":{"allow":["GET"]}}],"collection":[{"href":"https:\/\/www.bakeryturnkey.com\/pt\/wp-json\/wp\/v2\/product"}],"about":[{"href":"https:\/\/www.bakeryturnkey.com\/pt\/wp-json\/wp\/v2\/types\/product"}],"replies":[{"embeddable":true,"href":"https:\/\/www.bakeryturnkey.com\/pt\/wp-json\/wp\/v2\/comments?post=4873"}],"wp:featuredmedia":[{"embeddable":true,"href":"https:\/\/www.bakeryturnkey.com\/pt\/wp-json\/wp\/v2\/media\/4874"}],"wp:attachment":[{"href":"https:\/\/www.bakeryturnkey.com\/pt\/wp-json\/wp\/v2\/media?parent=4873"}],"wp:term":[{"taxonomy":"product_cat","embeddable":true,"href":"https:\/\/www.bakeryturnkey.com\/pt\/wp-json\/wp\/v2\/product_cat?post=4873"},{"taxonomy":"product_tag","embeddable":true,"href":"https:\/\/www.bakeryturnkey.com\/pt\/wp-json\/wp\/v2\/product_tag?post=4873"}],"curies":[{"name":"wp","href":"https:\/\/api.w.org\/{rel}","templated":true}]}}