{"id":4816,"date":"2025-03-21T20:13:27","date_gmt":"2025-03-21T12:13:27","guid":{"rendered":"https:\/\/www.bakeryturnkey.com\/?post_type=product&#038;p=4816"},"modified":"2025-04-02T10:56:53","modified_gmt":"2025-04-02T02:56:53","slug":"soft-biscuit-forming-machine","status":"publish","type":"product","link":"https:\/\/www.bakeryturnkey.com\/pt\/produto\/soft-biscuit-forming-machine\/","title":{"rendered":"M\u00e1quina de moldar bolachas macias com rendimento de 99%"},"content":{"rendered":"<p>A m\u00e1quina de moldar bolachas macias \u00e9 um equipamento importante para a produ\u00e7\u00e3o de biscoitos macios de v\u00e1rias formas. Tem dezenas de moldes e centenas de receitas. Satisfaz as necessidades de diferentes clientes.<\/p>\n<p>Durante o processo de produ\u00e7\u00e3o de bolachas, utilizamos uma tecnologia precisa de impress\u00e3o por rolo para enrolar a massa preparada. Isto assegura que cada lote de bolachas tem um tamanho uniforme, o que, por sua vez, garante a elevada qualidade e o elevado rendimento das bolachas macias.<\/p>\n<p><img loading=\"lazy\" decoding=\"async\" class=\"alignnone size-full wp-image-4821\" src=\"https:\/\/www.bakeryturnkey.com\/wp-content\/uploads\/2025\/03\/9.jpg\" alt=\"M\u00e1quina formadora para biscoitos macios\" width=\"750\" height=\"500\" srcset=\"https:\/\/www.bakeryturnkey.com\/wp-content\/uploads\/2025\/03\/9.jpg 750w, https:\/\/www.bakeryturnkey.com\/wp-content\/uploads\/2025\/03\/9-300x200.jpg 300w, https:\/\/www.bakeryturnkey.com\/wp-content\/uploads\/2025\/03\/9-18x12.jpg 18w, https:\/\/www.bakeryturnkey.com\/wp-content\/uploads\/2025\/03\/9-600x400.jpg 600w\" sizes=\"auto, (max-width: 750px) 100vw, 750px\" \/><\/p>\n<h2><strong>Princ\u00edpio de funcionamento da M\u00e1quina Formadora de Biscoitos Industriai<\/strong><\/h2>\n<p>Esta m\u00e1quina utiliza um rolo rotativo com um molde na superf\u00edcie para completar a forma\u00e7\u00e3o de bolachas. O processo espec\u00edfico \u00e9 o seguinte:<\/p>\n<ul>\n<li>Prepara\u00e7\u00e3o e alimenta\u00e7\u00e3o da massa: O operador coloca a massa no dispositivo de alimenta\u00e7\u00e3o da M\u00e1quina de moldar bolachas macias. E a massa \u00e9 automaticamente introduzida na m\u00e1quina atrav\u00e9s do dispositivo de alimenta\u00e7\u00e3o.<\/li>\n<li>Enforma\u00e7\u00e3o por rolos: A massa passa entre um par de rolos entrela\u00e7ados, um dos quais \u00e9 o rolo de moldagem e o outro \u00e9 o rolo de alimenta\u00e7\u00e3o. A superf\u00edcie do rolo de moldagem est\u00e1 gravada com um molde de bolacha macio de forma uniforme. Quando a massa passa por estes dois rolos, o rolo de moldagem pressiona a massa para dentro do molde, de modo a obter a forma da bolacha macia.<\/li>\n<li>Remo\u00e7\u00e3o do excesso de massa: Durante o processo de produ\u00e7\u00e3o de bolachas, o raspador, normalmente instalado por baixo do rolo do molde, pressiona contra o molde e move-se ao longo da dire\u00e7\u00e3o tangente para raspar eficazmente o excesso de massa.<\/li>\n<li>Desmoldagem e transporte:  O rolo de desmoldagem de borracha e a correia de desmoldagem de lona separam o embri\u00e3o de biscoito macio formado do molde e transferem-no suavemente para a correia transportadora.<\/li>\n<\/ul>\n<p><img loading=\"lazy\" decoding=\"async\" class=\"alignnone size-full wp-image-4822\" src=\"https:\/\/www.bakeryturnkey.com\/wp-content\/uploads\/2025\/03\/45.jpg\" alt=\"M\u00e1quina Formadora de Biscoitos Macios Industrial\" width=\"750\" height=\"500\" srcset=\"https:\/\/www.bakeryturnkey.com\/wp-content\/uploads\/2025\/03\/45.jpg 750w, https:\/\/www.bakeryturnkey.com\/wp-content\/uploads\/2025\/03\/45-300x200.jpg 300w, https:\/\/www.bakeryturnkey.com\/wp-content\/uploads\/2025\/03\/45-18x12.jpg 18w, https:\/\/www.bakeryturnkey.com\/wp-content\/uploads\/2025\/03\/45-600x400.jpg 600w\" sizes=\"auto, (max-width: 750px) 100vw, 750px\" \/><\/p>\n<h2><strong>Carater\u00edsticas da M\u00e1quina de Moldar Bolachas Macias<\/strong><\/h2>\n<ul>\n<li>Produ\u00e7\u00e3o eficiente: Pode produzir mat\u00e9rias-primas para biscoitos macios de forma r\u00e1pida e cont\u00ednua, melhorando a efici\u00eancia da produ\u00e7\u00e3o.<\/li>\n<li>Design diversificado: Ao substituir o rolo da matriz, pode produzir biscoitos macios de v\u00e1rias formas e padr\u00f5es.<\/li>\n<li>Taxa de rendimento de 99%: A taxa de rendimento do processamento de biscoitos macios \u00e9 de 99%, o efeito do produto acabado \u00e9 bom e h\u00e1 muito pouco desperd\u00edcio.<\/li>\n<li>Funcionamento suave: A m\u00e1quina formadora de biscoitos industriai funciona de forma cont\u00ednua e suave, sem impacto e vibra\u00e7\u00e3o, e tem baixo ru\u00eddo.<\/li>\n<li>F\u00e1cil de operar e manter: O equipamento tem uma estrutura simples, f\u00e1cil opera\u00e7\u00e3o e baixo custo de manuten\u00e7\u00e3o.<\/li>\n<\/ul>\n<p>A m\u00e1quina de moldagem tornou-se um equipamento indispens\u00e1vel na linha de produ\u00e7\u00e3o de biscoitos com a sua elevada efici\u00eancia, flexibilidade e desempenho est\u00e1vel. Est\u00e1 interessado nos nossos produtos? Contacte-nos para obter um or\u00e7amento. Email: lisa@machinehall.com, whatsapp: +8615515571373.<\/p>\n<h3><strong>Deixe o seu pedido de or\u00e7amento<\/strong><\/h3>\n<div id=\"wpcf7-f2977-p3974-o2\" class=\"wpcf7 js\" dir=\"ltr\" lang=\"en-US\">\n<div id=\"wpcf7-f2977-p3983-o2\" class=\"wpcf7 js\" dir=\"ltr\" lang=\"en-US\">\n<div id=\"wpcf7-f2977-p4370-o2\" class=\"wpcf7 js\" dir=\"ltr\" lang=\"en-US\">\n<div class=\"wpcf7 no-js\" id=\"wpcf7-f2977-o1\" lang=\"en-US\" dir=\"ltr\">\n<div class=\"screen-reader-response\"><p role=\"status\" aria-live=\"polite\" aria-atomic=\"true\"><\/p> <ul><\/ul><\/div>\n<form action=\"\/pt\/wp-json\/wp\/v2\/product\/4816#wpcf7-f2977-o1\" method=\"post\" class=\"wpcf7-form init\" aria-label=\"Formul\u00e1rio de contacto\" novalidate=\"novalidate\" data-status=\"init\" data-trp-original-action=\"\/pt\/wp-json\/wp\/v2\/product\/4816#wpcf7-f2977-o1\">\n<div style=\"display: none;\">\n<input type=\"hidden\" name=\"_wpcf7\" value=\"2977\" \/>\n<input type=\"hidden\" name=\"_wpcf7_version\" value=\"5.7.7\" \/>\n<input type=\"hidden\" name=\"_wpcf7_locale\" value=\"en_US\" \/>\n<input type=\"hidden\" name=\"_wpcf7_unit_tag\" value=\"wpcf7-f2977-o1\" \/>\n<input type=\"hidden\" name=\"_wpcf7_container_post\" value=\"0\" \/>\n<input type=\"hidden\" name=\"_wpcf7_posted_data_hash\" value=\"\" \/>\n<\/div>\n<p><label> O seu nome*<br \/>\n<span class=\"wpcf7-form-control-wrap\" data-name=\"your-name\"><input size=\"40\" class=\"wpcf7-form-control wpcf7-text wpcf7-validates-as-required\" aria-required=\"true\" aria-invalid=\"false\" value=\"\" type=\"text\" name=\"your-name\" \/><\/span> <\/label>\n<\/p>\n<p><label> O seu pa\u00eds<br \/>\n<span class=\"wpcf7-form-control-wrap\" data-name=\"your-country\"><input size=\"40\" class=\"wpcf7-form-control wpcf7-text\" aria-invalid=\"false\" value=\"\" type=\"text\" name=\"your-country\" \/><\/span><\/label>\n<\/p>\n<p><label> O seu e-mail*<br \/>\n<span class=\"wpcf7-form-control-wrap\" data-name=\"your-email\"><input size=\"40\" class=\"wpcf7-form-control wpcf7-text wpcf7-email wpcf7-validates-as-required wpcf7-validates-as-email\" aria-required=\"true\" aria-invalid=\"false\" value=\"\" type=\"email\" name=\"your-email\" \/><\/span> <\/label>\n<\/p>\n<p><label> O seu telem\u00f3vel<br \/>\n<span class=\"wpcf7-form-control-wrap\" data-name=\"your-phone\"><input size=\"40\" class=\"wpcf7-form-control wpcf7-text\" aria-invalid=\"false\" value=\"\" type=\"text\" name=\"your-phone\" \/><\/span> <\/label>\n<\/p>\n<p><label> Nome da empresa<br \/>\n<span class=\"wpcf7-form-control-wrap\" data-name=\"text-529\"><input size=\"40\" class=\"wpcf7-form-control wpcf7-text\" aria-invalid=\"false\" value=\"\" type=\"text\" name=\"text-529\" \/><\/span> <\/label>\n<\/p>\n<p><label> S\u00edtio Web da empresa<br \/>\n<span class=\"wpcf7-form-control-wrap\" data-name=\"text-106\"><input size=\"40\" class=\"wpcf7-form-control wpcf7-text\" aria-invalid=\"false\" value=\"\" type=\"text\" name=\"text-106\" \/><\/span> <\/label>\n<\/p>\n<p><label> A sua mensagem*<br \/>\n<span class=\"wpcf7-form-control-wrap\" data-name=\"your-message\"><textarea cols=\"40\" rows=\"10\" class=\"wpcf7-form-control wpcf7-textarea wpcf7-validates-as-required\" aria-required=\"true\" aria-invalid=\"false\" name=\"your-message\"><\/textarea><\/span> <\/label>\n<\/p>\n<p><input class=\"wpcf7-form-control has-spinner wpcf7-submit\" type=\"submit\" value=\"Enviar\" \/>\n<\/p><p style=\"display: none !important;\" class=\"akismet-fields-container\" data-prefix=\"_wpcf7_ak_\"><label>&#916;<textarea name=\"_wpcf7_ak_hp_textarea\" cols=\"45\" rows=\"8\" maxlength=\"100\"><\/textarea><\/label><input type=\"hidden\" id=\"ak_js_1\" name=\"_wpcf7_ak_js\" value=\"228\"\/><script>document.getElementById( \"ak_js_1\" ).setAttribute( \"value\", ( new Date() ).getTime() );<\/script><\/p><div class=\"wpcf7-response-output\" aria-hidden=\"true\"><\/div>\n<input type=\"hidden\" name=\"trp-form-language\" value=\"pt\"\/><\/form>\n<\/div>\n<\/div>\n<\/div>\n<\/div>\n<div style='text-align:left' class='yasr-auto-insert-visitor'><\/div>","protected":false},"excerpt":{"rendered":"<p>A m\u00e1quina formadora de biscoitos macios \u00e9 um equipamento importante para a produ\u00e7\u00e3o de biscoitos macios de v\u00e1rias formas. Tem dezenas de moldes e centenas de receitas. Vai ao encontro das necessidades de diferentes clientes. Durante o processo de produ\u00e7\u00e3o de biscoitos, usamos tecnologia de impress\u00e3o de rolo precisa para rolar a massa preparada. Isto garante que cada lote de biscoitos ...<\/p>\n<p class=\"read-more\"> <a class=\"\" href=\"https:\/\/www.bakeryturnkey.com\/pt\/produto\/soft-biscuit-forming-machine\/\"> <span class=\"screen-reader-text\">M\u00e1quina de moldar bolachas macias com rendimento de 99%<\/span> Ler mais \"<\/a><\/p>","protected":false},"featured_media":4820,"comment_status":"open","ping_status":"closed","template":"","meta":{"site-sidebar-layout":"default","site-content-layout":"default","ast-main-header-display":"","ast-hfb-above-header-display":"","ast-hfb-below-header-display":"","ast-hfb-mobile-header-display":"","site-post-title":"","ast-breadcrumbs-content":"","ast-featured-img":"","footer-sml-layout":"","theme-transparent-header-meta":"default","adv-header-id-meta":"","stick-header-meta":"","header-above-stick-meta":"","header-main-stick-meta":"","header-below-stick-meta":"","yasr_overall_rating":0,"yasr_post_is_review":"","yasr_auto_insert_disabled":"","yasr_review_type":""},"product_cat":[15],"product_tag":[],"class_list":["post-4816","product","type-product","status-publish","has-post-thumbnail","hentry","product_cat-biscuit-machinery"],"yoast_head":"<!-- This site is optimized with the Yoast SEO plugin v27.5 - https:\/\/yoast.com\/product\/yoast-seo-wordpress\/ -->\n<title>Industrial Soft Biscuit Forming Machine with 99% Yield<\/title>\n<meta name=\"description\" content=\"The soft biscuit forming machine has a 99% yield, and can quickly and accurately form dough into soft biscuits of various shapes.\" \/>\n<meta name=\"robots\" content=\"index, follow, max-snippet:-1, max-image-preview:large, max-video-preview:-1\" \/>\n<link rel=\"canonical\" href=\"https:\/\/www.bakeryturnkey.com\/pt\/produto\/soft-biscuit-forming-machine\/\" \/>\n<meta property=\"og:locale\" content=\"pt_PT\" \/>\n<meta property=\"og:type\" content=\"article\" \/>\n<meta property=\"og:title\" content=\"Industrial Soft Biscuit Forming Machine with 99% Yield\" \/>\n<meta property=\"og:description\" content=\"The soft biscuit forming machine has a 99% yield, and can quickly and accurately form dough into soft biscuits of various shapes.\" \/>\n<meta property=\"og:url\" content=\"https:\/\/www.bakeryturnkey.com\/pt\/produto\/soft-biscuit-forming-machine\/\" \/>\n<meta property=\"og:site_name\" content=\"Bakery Food Processing Equipment Manufacturer\" \/>\n<meta property=\"article:modified_time\" content=\"2025-04-02T02:56:53+00:00\" \/>\n<meta property=\"og:image\" content=\"https:\/\/www.bakeryturnkey.com\/wp-content\/uploads\/2025\/03\/321-1.jpg\" \/>\n\t<meta property=\"og:image:width\" content=\"800\" \/>\n\t<meta property=\"og:image:height\" content=\"800\" \/>\n\t<meta property=\"og:image:type\" content=\"image\/jpeg\" \/>\n<meta name=\"twitter:card\" content=\"summary_large_image\" \/>\n<meta name=\"twitter:label1\" content=\"Tempo estimado de leitura\" \/>\n\t<meta name=\"twitter:data1\" content=\"3 minutos\" \/>\n<script type=\"application\/ld+json\" class=\"yoast-schema-graph\">{\"@context\":\"https:\\\/\\\/schema.org\",\"@graph\":[{\"@type\":\"WebPage\",\"@id\":\"https:\\\/\\\/www.bakeryturnkey.com\\\/product\\\/soft-biscuit-forming-machine\\\/\",\"url\":\"https:\\\/\\\/www.bakeryturnkey.com\\\/product\\\/soft-biscuit-forming-machine\\\/\",\"name\":\"Industrial Soft Biscuit Forming Machine with 99% Yield\",\"isPartOf\":{\"@id\":\"https:\\\/\\\/www.bakeryturnkey.com\\\/#website\"},\"primaryImageOfPage\":{\"@id\":\"https:\\\/\\\/www.bakeryturnkey.com\\\/product\\\/soft-biscuit-forming-machine\\\/#primaryimage\"},\"image\":{\"@id\":\"https:\\\/\\\/www.bakeryturnkey.com\\\/product\\\/soft-biscuit-forming-machine\\\/#primaryimage\"},\"thumbnailUrl\":\"https:\\\/\\\/www.bakeryturnkey.com\\\/wp-content\\\/uploads\\\/2025\\\/03\\\/321-1.jpg\",\"datePublished\":\"2025-03-21T12:13:27+00:00\",\"dateModified\":\"2025-04-02T02:56:53+00:00\",\"description\":\"The soft biscuit forming machine has a 99% yield, and can quickly and accurately form dough into soft biscuits of various shapes.\",\"breadcrumb\":{\"@id\":\"https:\\\/\\\/www.bakeryturnkey.com\\\/product\\\/soft-biscuit-forming-machine\\\/#breadcrumb\"},\"inLanguage\":\"pt-PT\",\"potentialAction\":[{\"@type\":\"ReadAction\",\"target\":[\"https:\\\/\\\/www.bakeryturnkey.com\\\/product\\\/soft-biscuit-forming-machine\\\/\"]}]},{\"@type\":\"ImageObject\",\"inLanguage\":\"pt-PT\",\"@id\":\"https:\\\/\\\/www.bakeryturnkey.com\\\/product\\\/soft-biscuit-forming-machine\\\/#primaryimage\",\"url\":\"https:\\\/\\\/www.bakeryturnkey.com\\\/wp-content\\\/uploads\\\/2025\\\/03\\\/321-1.jpg\",\"contentUrl\":\"https:\\\/\\\/www.bakeryturnkey.com\\\/wp-content\\\/uploads\\\/2025\\\/03\\\/321-1.jpg\",\"width\":800,\"height\":800,\"caption\":\"Soft Biscuit Forming Machine\"},{\"@type\":\"BreadcrumbList\",\"@id\":\"https:\\\/\\\/www.bakeryturnkey.com\\\/product\\\/soft-biscuit-forming-machine\\\/#breadcrumb\",\"itemListElement\":[{\"@type\":\"ListItem\",\"position\":1,\"name\":\"Home\",\"item\":\"https:\\\/\\\/www.bakeryturnkey.com\\\/\"},{\"@type\":\"ListItem\",\"position\":2,\"name\":\"Products\",\"item\":\"https:\\\/\\\/www.bakeryturnkey.com\\\/products\\\/\"},{\"@type\":\"ListItem\",\"position\":3,\"name\":\"Industrial Soft Biscuit Forming Machine with 99% Yield\"}]},{\"@type\":\"WebSite\",\"@id\":\"https:\\\/\\\/www.bakeryturnkey.com\\\/#website\",\"url\":\"https:\\\/\\\/www.bakeryturnkey.com\\\/\",\"name\":\"Bakery Food Processing Equipment Manufacturer\",\"description\":\"Bakery Food Solutions Provider\",\"publisher\":{\"@id\":\"https:\\\/\\\/www.bakeryturnkey.com\\\/#organization\"},\"potentialAction\":[{\"@type\":\"SearchAction\",\"target\":{\"@type\":\"EntryPoint\",\"urlTemplate\":\"https:\\\/\\\/www.bakeryturnkey.com\\\/?s={search_term_string}\"},\"query-input\":{\"@type\":\"PropertyValueSpecification\",\"valueRequired\":true,\"valueName\":\"search_term_string\"}}],\"inLanguage\":\"pt-PT\"},{\"@type\":\"Organization\",\"@id\":\"https:\\\/\\\/www.bakeryturnkey.com\\\/#organization\",\"name\":\"Bakery Food Processing Equipment Manufacturer\",\"url\":\"https:\\\/\\\/www.bakeryturnkey.com\\\/\",\"logo\":{\"@type\":\"ImageObject\",\"inLanguage\":\"pt-PT\",\"@id\":\"https:\\\/\\\/www.bakeryturnkey.com\\\/#\\\/schema\\\/logo\\\/image\\\/\",\"url\":\"https:\\\/\\\/www.bakeryturnkey.com\\\/wp-content\\\/uploads\\\/2022\\\/03\\\/cropped-13-1.png\",\"contentUrl\":\"https:\\\/\\\/www.bakeryturnkey.com\\\/wp-content\\\/uploads\\\/2022\\\/03\\\/cropped-13-1.png\",\"width\":512,\"height\":429,\"caption\":\"Bakery Food Processing Equipment Manufacturer\"},\"image\":{\"@id\":\"https:\\\/\\\/www.bakeryturnkey.com\\\/#\\\/schema\\\/logo\\\/image\\\/\"}},false]}<\/script>\n<!-- \/ Yoast SEO plugin. -->","yoast_head_json":{"title":"Industrial Soft Biscuit Forming Machine with 99% Yield","description":"The soft biscuit forming machine has a 99% yield, and can quickly and accurately form dough into soft biscuits of various shapes.","robots":{"index":"index","follow":"follow","max-snippet":"max-snippet:-1","max-image-preview":"max-image-preview:large","max-video-preview":"max-video-preview:-1"},"canonical":"https:\/\/www.bakeryturnkey.com\/pt\/produto\/soft-biscuit-forming-machine\/","og_locale":"pt_PT","og_type":"article","og_title":"Industrial Soft Biscuit Forming Machine with 99% Yield","og_description":"The soft biscuit forming machine has a 99% yield, and can quickly and accurately form dough into soft biscuits of various shapes.","og_url":"https:\/\/www.bakeryturnkey.com\/pt\/produto\/soft-biscuit-forming-machine\/","og_site_name":"Bakery Food Processing Equipment Manufacturer","article_modified_time":"2025-04-02T02:56:53+00:00","og_image":[{"width":800,"height":800,"url":"https:\/\/www.bakeryturnkey.com\/wp-content\/uploads\/2025\/03\/321-1.jpg","type":"image\/jpeg"}],"twitter_card":"summary_large_image","twitter_misc":{"Tempo estimado de leitura":"3 minutos"},"schema":{"@context":"https:\/\/schema.org","@graph":[{"@type":"WebPage","@id":"https:\/\/www.bakeryturnkey.com\/product\/soft-biscuit-forming-machine\/","url":"https:\/\/www.bakeryturnkey.com\/product\/soft-biscuit-forming-machine\/","name":"Industrial Soft Biscuit Forming Machine with 99% Yield","isPartOf":{"@id":"https:\/\/www.bakeryturnkey.com\/#website"},"primaryImageOfPage":{"@id":"https:\/\/www.bakeryturnkey.com\/product\/soft-biscuit-forming-machine\/#primaryimage"},"image":{"@id":"https:\/\/www.bakeryturnkey.com\/product\/soft-biscuit-forming-machine\/#primaryimage"},"thumbnailUrl":"https:\/\/www.bakeryturnkey.com\/wp-content\/uploads\/2025\/03\/321-1.jpg","datePublished":"2025-03-21T12:13:27+00:00","dateModified":"2025-04-02T02:56:53+00:00","description":"The soft biscuit forming machine has a 99% yield, and can quickly and accurately form dough into soft biscuits of various shapes.","breadcrumb":{"@id":"https:\/\/www.bakeryturnkey.com\/product\/soft-biscuit-forming-machine\/#breadcrumb"},"inLanguage":"pt-PT","potentialAction":[{"@type":"ReadAction","target":["https:\/\/www.bakeryturnkey.com\/product\/soft-biscuit-forming-machine\/"]}]},{"@type":"ImageObject","inLanguage":"pt-PT","@id":"https:\/\/www.bakeryturnkey.com\/product\/soft-biscuit-forming-machine\/#primaryimage","url":"https:\/\/www.bakeryturnkey.com\/wp-content\/uploads\/2025\/03\/321-1.jpg","contentUrl":"https:\/\/www.bakeryturnkey.com\/wp-content\/uploads\/2025\/03\/321-1.jpg","width":800,"height":800,"caption":"Soft Biscuit Forming Machine"},{"@type":"BreadcrumbList","@id":"https:\/\/www.bakeryturnkey.com\/product\/soft-biscuit-forming-machine\/#breadcrumb","itemListElement":[{"@type":"ListItem","position":1,"name":"Home","item":"https:\/\/www.bakeryturnkey.com\/"},{"@type":"ListItem","position":2,"name":"Products","item":"https:\/\/www.bakeryturnkey.com\/products\/"},{"@type":"ListItem","position":3,"name":"Industrial Soft Biscuit Forming Machine with 99% Yield"}]},{"@type":"WebSite","@id":"https:\/\/www.bakeryturnkey.com\/#website","url":"https:\/\/www.bakeryturnkey.com\/","name":"Bakery Food Processing Equipment Manufacturer","description":"Bakery Food Solutions Provider","publisher":{"@id":"https:\/\/www.bakeryturnkey.com\/#organization"},"potentialAction":[{"@type":"SearchAction","target":{"@type":"EntryPoint","urlTemplate":"https:\/\/www.bakeryturnkey.com\/?s={search_term_string}"},"query-input":{"@type":"PropertyValueSpecification","valueRequired":true,"valueName":"search_term_string"}}],"inLanguage":"pt-PT"},{"@type":"Organization","@id":"https:\/\/www.bakeryturnkey.com\/#organization","name":"Bakery Food Processing Equipment Manufacturer","url":"https:\/\/www.bakeryturnkey.com\/","logo":{"@type":"ImageObject","inLanguage":"pt-PT","@id":"https:\/\/www.bakeryturnkey.com\/#\/schema\/logo\/image\/","url":"https:\/\/www.bakeryturnkey.com\/wp-content\/uploads\/2022\/03\/cropped-13-1.png","contentUrl":"https:\/\/www.bakeryturnkey.com\/wp-content\/uploads\/2022\/03\/cropped-13-1.png","width":512,"height":429,"caption":"Bakery Food Processing Equipment Manufacturer"},"image":{"@id":"https:\/\/www.bakeryturnkey.com\/#\/schema\/logo\/image\/"}},false]}},"yasr_visitor_votes":{"stars_attributes":{"read_only":false,"span_bottom":false},"number_of_votes":0,"sum_votes":0},"_links":{"self":[{"href":"https:\/\/www.bakeryturnkey.com\/pt\/wp-json\/wp\/v2\/product\/4816","targetHints":{"allow":["GET"]}}],"collection":[{"href":"https:\/\/www.bakeryturnkey.com\/pt\/wp-json\/wp\/v2\/product"}],"about":[{"href":"https:\/\/www.bakeryturnkey.com\/pt\/wp-json\/wp\/v2\/types\/product"}],"replies":[{"embeddable":true,"href":"https:\/\/www.bakeryturnkey.com\/pt\/wp-json\/wp\/v2\/comments?post=4816"}],"wp:featuredmedia":[{"embeddable":true,"href":"https:\/\/www.bakeryturnkey.com\/pt\/wp-json\/wp\/v2\/media\/4820"}],"wp:attachment":[{"href":"https:\/\/www.bakeryturnkey.com\/pt\/wp-json\/wp\/v2\/media?parent=4816"}],"wp:term":[{"taxonomy":"product_cat","embeddable":true,"href":"https:\/\/www.bakeryturnkey.com\/pt\/wp-json\/wp\/v2\/product_cat?post=4816"},{"taxonomy":"product_tag","embeddable":true,"href":"https:\/\/www.bakeryturnkey.com\/pt\/wp-json\/wp\/v2\/product_tag?post=4816"}],"curies":[{"name":"wp","href":"https:\/\/api.w.org\/{rel}","templated":true}]}}