{"id":4811,"date":"2025-03-18T16:43:30","date_gmt":"2025-03-18T08:43:30","guid":{"rendered":"https:\/\/www.bakeryturnkey.com\/?post_type=product&#038;p=4811"},"modified":"2025-03-18T16:58:51","modified_gmt":"2025-03-18T08:58:51","slug":"toasted-chips-seasoning-machine","status":"publish","type":"product","link":"https:\/\/www.bakeryturnkey.com\/pt\/produto\/toasted-chips-seasoning-machine\/","title":{"rendered":"M\u00e1quina de tempero de batatas fritas torradas com tambor em a\u00e7o inoxid\u00e1vel"},"content":{"rendered":"<p>A m\u00e1quina de temperar batatas fritas tostadas \u00e9 uma m\u00e1quina automatizada concebida para batatas fritas tostadas e outros alimentos. Fabricada em a\u00e7o inoxid\u00e1vel de qualidade alimentar, combina as duas vantagens de uma produ\u00e7\u00e3o eficiente e seguran\u00e7a higi\u00e9nica.<\/p>\n<p>A m\u00e1quina consegue uma mistura uniforme de produtos de batatas fritas torradas e temperos (pimenta em p\u00f3, sal, a\u00e7\u00facar, etc.) atrav\u00e9s da rota\u00e7\u00e3o do tambor. Tem uma forte aplicabilidade e \u00e9 amplamente adequada para o processamento de snacks.<\/p>\n<p><img loading=\"lazy\" decoding=\"async\" class=\"alignnone size-full wp-image-4815\" src=\"https:\/\/www.bakeryturnkey.com\/wp-content\/uploads\/2025\/03\/325.jpg\" alt=\"Pre\u00e7o da m\u00e1quina de tempero de batatas fritas torradas\" width=\"700\" height=\"500\" srcset=\"https:\/\/www.bakeryturnkey.com\/wp-content\/uploads\/2025\/03\/325.jpg 700w, https:\/\/www.bakeryturnkey.com\/wp-content\/uploads\/2025\/03\/325-300x214.jpg 300w, https:\/\/www.bakeryturnkey.com\/wp-content\/uploads\/2025\/03\/325-18x12.jpg 18w, https:\/\/www.bakeryturnkey.com\/wp-content\/uploads\/2025\/03\/325-600x429.jpg 600w\" sizes=\"auto, (max-width: 700px) 100vw, 700px\" \/><\/p>\n<h2><strong>Estrutura e material da m\u00e1quina de aromatiza\u00e7\u00e3o de batatas fritas torradas<\/strong><\/h2>\n<p>O corpo principal da m\u00e1quina utiliza uma estrutura de a\u00e7o inoxid\u00e1vel 304 de qualidade alimentar, sistema de acionamento, m\u00f3dulo de aquecimento e conjunto de tambor central. O material de a\u00e7o inoxid\u00e1vel n\u00e3o s\u00f3 cumpre os requisitos higi\u00e9nicos de resist\u00eancia \u00e0 corros\u00e3o e facilidade de limpeza. Mas o seu processo de soldadura sem costuras tamb\u00e9m elimina completamente os cantos mortos higi\u00e9nicos.<\/p>\n<ul>\n<li>O tipo de tambor da m\u00e1quina de tempero para batatas fritas torradas \u00e9 concebido como uma cavidade cil\u00edndrica. E uma placa de guia em espiral dupla \u00e9 soldada na parede interna para melhorar a efici\u00eancia de tombamento das batatas fritas torradas.<\/li>\n<li>Cobrimos o tambor com uma camada de isolamento e integramos um dispositivo de aquecimento el\u00e9trico para garantir a uniformidade da temperatura.<\/li>\n<li>O sistema de acionamento utiliza um motor de frequ\u00eancia vari\u00e1vel com um redutor para suportar o ajuste cont\u00ednuo da velocidade do tambor entre 3-15rpm.<\/li>\n<li>Equipamos o sistema de pulveriza\u00e7\u00e3o de temperos com um bocal de atomiza\u00e7\u00e3o de alta press\u00e3o e uma bomba doseadora. Pode controlar com precis\u00e3o a propor\u00e7\u00e3o de adi\u00e7\u00e3o de temperos em p\u00f3 ou especiarias l\u00edquidas.<\/li>\n<\/ul>\n<p><img loading=\"lazy\" decoding=\"async\" class=\"alignnone size-full wp-image-4814\" src=\"https:\/\/www.bakeryturnkey.com\/wp-content\/uploads\/2025\/03\/53.jpg\" alt=\"M\u00e1quina de aromatiza\u00e7\u00e3o de batatas fritas torradas\" width=\"700\" height=\"500\" srcset=\"https:\/\/www.bakeryturnkey.com\/wp-content\/uploads\/2025\/03\/53.jpg 700w, https:\/\/www.bakeryturnkey.com\/wp-content\/uploads\/2025\/03\/53-300x214.jpg 300w, https:\/\/www.bakeryturnkey.com\/wp-content\/uploads\/2025\/03\/53-18x12.jpg 18w, https:\/\/www.bakeryturnkey.com\/wp-content\/uploads\/2025\/03\/53-600x429.jpg 600w\" sizes=\"auto, (max-width: 700px) 100vw, 700px\" \/><\/p>\n<h2><strong>Princ\u00edpio de funcionamento da m\u00e1quina de tempero<\/strong><\/h2>\n<ul>\n<li>Alimenta\u00e7\u00e3o e pr\u00e9-aquecimento: As batatas fritas torradas entram no tambor de a\u00e7o inoxid\u00e1vel atrav\u00e9s da correia transportadora. Em seguida, inicie o programa de pr\u00e9-aquecimento para aumentar a temperatura no tambor para o valor definido (geralmente 50-80 \u2103).<\/li>\n<li>Mistura rotativa: O tambor roda a uma velocidade constante e a placa guia interna empurra as aparas tostadas para formar um movimento de arremesso tridimensional. Ao mesmo tempo, o bocal de atomiza\u00e7\u00e3o pulveriza o tempero no tambor para conseguir uma ader\u00eancia uniforme do p\u00f3 ou do \u00f3leo.<\/li>\n<li>Cura por ar quente: O m\u00f3dulo de aquecimento fornece continuamente ar quente para acelerar a combina\u00e7\u00e3o de temperos. E a superf\u00edcie das batatas fritas torradas, e simultaneamente remove o excesso de humidade para melhorar a croc\u00e2ncia do produto.<\/li>\n<li>Descarga e arrefecimento: Uma vez conclu\u00eddo o processo de tempero, o sistema ajusta automaticamente o \u00e2ngulo de inclina\u00e7\u00e3o do tambor e descarrega as aparas tostadas atrav\u00e9s da calha de a\u00e7o inoxid\u00e1vel para a linha de arrefecimento, evitando a aglomera\u00e7\u00e3o causada pela alta temperatura.<\/li>\n<\/ul>\n<h2><strong>Carater\u00edsticas da M\u00e1quina de tempero para batatas fritas torradas<\/strong><\/h2>\n<ul>\n<li>Mistura eficiente: A estrutura \u00fanica de guia de fluxo e a tecnologia de regula\u00e7\u00e3o de velocidade de frequ\u00eancia vari\u00e1vel do tambor de a\u00e7o inoxid\u00e1vel. Garantem que as aparas torradas de diferentes densidades e formas podem ser totalmente misturadas.<\/li>\n<li>Higiene e durabilidade: Concebemos as superf\u00edcies de contacto totalmente em a\u00e7o inoxid\u00e1vel e com soldadura sem costuras para eliminar os cantos mortos sanit\u00e1rios e suportar a limpeza em linha CIP. Tamb\u00e9m equipamos o rolamento do tambor com um design de veda\u00e7\u00e3o de qualidade alimentar, permitindo-lhe suportar ambientes de alta temperatura e alta humidade e atingir uma vida \u00fatil de mais de 100.000 horas.<\/li>\n<li>Adaptabilidade multi-funcional: Ao mudar o tipo de bocal e ajustar os par\u00e2metros do programa, esta m\u00e1quina de aromatizar batatas fritas tostadas pode ser compat\u00edvel com uma variedade de temperos, como p\u00f3, gr\u00e2nulos e \u00e0 base de \u00f3leo. A capacidade do tambor cobre os requisitos de capacidade de produ\u00e7\u00e3o de 100-500kg\/h.\n<div class=\"segment-content-box\" data-v-758d6774=\"\"><\/div>\n<\/li>\n<\/ul>\n<h3><strong>Deixe o seu pedido de or\u00e7amento<\/strong><\/h3>\n<div id=\"wpcf7-f2977-p3974-o2\" class=\"wpcf7 js\" dir=\"ltr\" lang=\"en-US\">\n<div id=\"wpcf7-f2977-p3983-o2\" class=\"wpcf7 js\" dir=\"ltr\" lang=\"en-US\">\n<div id=\"wpcf7-f2977-p4370-o2\" class=\"wpcf7 js\" dir=\"ltr\" lang=\"en-US\"><span style=\"font-size: 16px;\">\n<div class=\"wpcf7 no-js\" id=\"wpcf7-f2977-o1\" lang=\"en-US\" dir=\"ltr\">\n<div class=\"screen-reader-response\"><p role=\"status\" aria-live=\"polite\" aria-atomic=\"true\"><\/p> <ul><\/ul><\/div>\n<form action=\"\/pt\/wp-json\/wp\/v2\/product\/4811#wpcf7-f2977-o1\" method=\"post\" class=\"wpcf7-form init\" aria-label=\"Formul\u00e1rio de contacto\" novalidate=\"novalidate\" data-status=\"init\" data-trp-original-action=\"\/pt\/wp-json\/wp\/v2\/product\/4811#wpcf7-f2977-o1\">\n<div style=\"display: none;\">\n<input type=\"hidden\" name=\"_wpcf7\" value=\"2977\" \/>\n<input type=\"hidden\" name=\"_wpcf7_version\" value=\"5.7.7\" \/>\n<input type=\"hidden\" name=\"_wpcf7_locale\" value=\"en_US\" \/>\n<input type=\"hidden\" name=\"_wpcf7_unit_tag\" value=\"wpcf7-f2977-o1\" \/>\n<input type=\"hidden\" name=\"_wpcf7_container_post\" value=\"0\" \/>\n<input type=\"hidden\" name=\"_wpcf7_posted_data_hash\" value=\"\" \/>\n<\/div>\n<p><label> O seu nome*<br \/>\n<span class=\"wpcf7-form-control-wrap\" data-name=\"your-name\"><input size=\"40\" class=\"wpcf7-form-control wpcf7-text wpcf7-validates-as-required\" aria-required=\"true\" aria-invalid=\"false\" value=\"\" type=\"text\" name=\"your-name\" \/><\/span> <\/label>\n<\/p>\n<p><label> O seu pa\u00eds<br \/>\n<span class=\"wpcf7-form-control-wrap\" data-name=\"your-country\"><input size=\"40\" class=\"wpcf7-form-control wpcf7-text\" aria-invalid=\"false\" value=\"\" type=\"text\" name=\"your-country\" \/><\/span><\/label>\n<\/p>\n<p><label> O seu e-mail*<br \/>\n<span class=\"wpcf7-form-control-wrap\" data-name=\"your-email\"><input size=\"40\" class=\"wpcf7-form-control wpcf7-text wpcf7-email wpcf7-validates-as-required wpcf7-validates-as-email\" aria-required=\"true\" aria-invalid=\"false\" value=\"\" type=\"email\" name=\"your-email\" \/><\/span> <\/label>\n<\/p>\n<p><label> O seu telem\u00f3vel<br \/>\n<span class=\"wpcf7-form-control-wrap\" data-name=\"your-phone\"><input size=\"40\" class=\"wpcf7-form-control wpcf7-text\" aria-invalid=\"false\" value=\"\" type=\"text\" name=\"your-phone\" \/><\/span> <\/label>\n<\/p>\n<p><label> Nome da empresa<br \/>\n<span class=\"wpcf7-form-control-wrap\" data-name=\"text-529\"><input size=\"40\" class=\"wpcf7-form-control wpcf7-text\" aria-invalid=\"false\" value=\"\" type=\"text\" name=\"text-529\" \/><\/span> <\/label>\n<\/p>\n<p><label> S\u00edtio Web da empresa<br \/>\n<span class=\"wpcf7-form-control-wrap\" data-name=\"text-106\"><input size=\"40\" class=\"wpcf7-form-control wpcf7-text\" aria-invalid=\"false\" value=\"\" type=\"text\" name=\"text-106\" \/><\/span> <\/label>\n<\/p>\n<p><label> A sua mensagem*<br \/>\n<span class=\"wpcf7-form-control-wrap\" data-name=\"your-message\"><textarea cols=\"40\" rows=\"10\" class=\"wpcf7-form-control wpcf7-textarea wpcf7-validates-as-required\" aria-required=\"true\" aria-invalid=\"false\" name=\"your-message\"><\/textarea><\/span> <\/label>\n<\/p>\n<p><input class=\"wpcf7-form-control has-spinner wpcf7-submit\" type=\"submit\" value=\"Enviar\" \/>\n<\/p><p style=\"display: none !important;\" class=\"akismet-fields-container\" data-prefix=\"_wpcf7_ak_\"><label>&#916;<textarea name=\"_wpcf7_ak_hp_textarea\" cols=\"45\" rows=\"8\" maxlength=\"100\"><\/textarea><\/label><input type=\"hidden\" id=\"ak_js_1\" name=\"_wpcf7_ak_js\" value=\"161\"\/><script>document.getElementById( \"ak_js_1\" ).setAttribute( \"value\", ( new Date() ).getTime() );<\/script><\/p><div class=\"wpcf7-response-output\" aria-hidden=\"true\"><\/div>\n<input type=\"hidden\" name=\"trp-form-language\" value=\"pt\"\/><\/form>\n<\/div>\n<\/span><\/div>\n<\/div>\n<\/div>\n<div style='text-align:left' class='yasr-auto-insert-visitor'><\/div>","protected":false},"excerpt":{"rendered":"<p>A m\u00e1quina de temperar batatas fritas tostadas \u00e9 uma m\u00e1quina automatizada concebida para batatas fritas tostadas e outros alimentos. Fabricada em a\u00e7o inoxid\u00e1vel de qualidade alimentar, combina as vantagens duplas de produ\u00e7\u00e3o eficiente e seguran\u00e7a higi\u00e9nica. A m\u00e1quina consegue uma mistura uniforme de produtos de batatas fritas torradas e temperos (pimenta em p\u00f3, sal, a\u00e7\u00facar, etc.) atrav\u00e9s da rota\u00e7\u00e3o do tambor. Ela ...<\/p>\n<p class=\"read-more\"> <a class=\"\" href=\"https:\/\/www.bakeryturnkey.com\/pt\/produto\/toasted-chips-seasoning-machine\/\"> <span class=\"screen-reader-text\">M\u00e1quina de tempero de batatas fritas torradas com tambor em a\u00e7o inoxid\u00e1vel<\/span> Ler mais \"<\/a><\/p>","protected":false},"featured_media":4812,"comment_status":"open","ping_status":"closed","template":"","meta":{"site-sidebar-layout":"default","site-content-layout":"default","ast-main-header-display":"","ast-hfb-above-header-display":"","ast-hfb-below-header-display":"","ast-hfb-mobile-header-display":"","site-post-title":"","ast-breadcrumbs-content":"","ast-featured-img":"","footer-sml-layout":"","theme-transparent-header-meta":"default","adv-header-id-meta":"","stick-header-meta":"","header-above-stick-meta":"","header-main-stick-meta":"","header-below-stick-meta":"","yasr_overall_rating":0,"yasr_post_is_review":"","yasr_auto_insert_disabled":"","yasr_review_type":""},"product_cat":[15],"product_tag":[],"class_list":["post-4811","product","type-product","status-publish","has-post-thumbnail","hentry","product_cat-biscuit-machinery"],"yoast_head":"<!-- This site is optimized with the Yoast SEO plugin v27.5 - https:\/\/yoast.com\/product\/yoast-seo-wordpress\/ -->\n<title>Drum Toasted Chips Seasoning Machine Stainless Steel<\/title>\n<meta name=\"description\" content=\"The toasted chips seasoning machine is a drum type stainless stainless equipment. It is specially used to mix toasted chips and seasonings evenly.\" \/>\n<meta name=\"robots\" content=\"index, follow, max-snippet:-1, max-image-preview:large, max-video-preview:-1\" \/>\n<link rel=\"canonical\" href=\"https:\/\/www.bakeryturnkey.com\/pt\/produto\/toasted-chips-seasoning-machine\/\" \/>\n<meta property=\"og:locale\" content=\"pt_PT\" \/>\n<meta property=\"og:type\" content=\"article\" \/>\n<meta property=\"og:title\" content=\"Drum Toasted Chips Seasoning Machine Stainless Steel\" \/>\n<meta property=\"og:description\" content=\"The toasted chips seasoning machine is a drum type stainless stainless equipment. It is specially used to mix toasted chips and seasonings evenly.\" \/>\n<meta property=\"og:url\" content=\"https:\/\/www.bakeryturnkey.com\/pt\/produto\/toasted-chips-seasoning-machine\/\" \/>\n<meta property=\"og:site_name\" content=\"Bakery Food Processing Equipment Manufacturer\" \/>\n<meta property=\"article:modified_time\" content=\"2025-03-18T08:58:51+00:00\" \/>\n<meta property=\"og:image\" content=\"https:\/\/www.bakeryturnkey.com\/wp-content\/uploads\/2025\/03\/43.jpg\" \/>\n\t<meta property=\"og:image:width\" content=\"800\" \/>\n\t<meta property=\"og:image:height\" content=\"800\" \/>\n\t<meta property=\"og:image:type\" content=\"image\/jpeg\" \/>\n<meta name=\"twitter:card\" content=\"summary_large_image\" \/>\n<meta name=\"twitter:label1\" content=\"Tempo estimado de leitura\" \/>\n\t<meta name=\"twitter:data1\" content=\"3 minutos\" \/>\n<script type=\"application\/ld+json\" class=\"yoast-schema-graph\">{\"@context\":\"https:\\\/\\\/schema.org\",\"@graph\":[{\"@type\":\"WebPage\",\"@id\":\"https:\\\/\\\/www.bakeryturnkey.com\\\/product\\\/toasted-chips-seasoning-machine\\\/\",\"url\":\"https:\\\/\\\/www.bakeryturnkey.com\\\/product\\\/toasted-chips-seasoning-machine\\\/\",\"name\":\"Drum Toasted Chips Seasoning Machine Stainless Steel\",\"isPartOf\":{\"@id\":\"https:\\\/\\\/www.bakeryturnkey.com\\\/#website\"},\"primaryImageOfPage\":{\"@id\":\"https:\\\/\\\/www.bakeryturnkey.com\\\/product\\\/toasted-chips-seasoning-machine\\\/#primaryimage\"},\"image\":{\"@id\":\"https:\\\/\\\/www.bakeryturnkey.com\\\/product\\\/toasted-chips-seasoning-machine\\\/#primaryimage\"},\"thumbnailUrl\":\"https:\\\/\\\/www.bakeryturnkey.com\\\/wp-content\\\/uploads\\\/2025\\\/03\\\/43.jpg\",\"datePublished\":\"2025-03-18T08:43:30+00:00\",\"dateModified\":\"2025-03-18T08:58:51+00:00\",\"description\":\"The toasted chips seasoning machine is a drum type stainless stainless equipment. It is specially used to mix toasted chips and seasonings evenly.\",\"breadcrumb\":{\"@id\":\"https:\\\/\\\/www.bakeryturnkey.com\\\/product\\\/toasted-chips-seasoning-machine\\\/#breadcrumb\"},\"inLanguage\":\"pt-PT\",\"potentialAction\":[{\"@type\":\"ReadAction\",\"target\":[\"https:\\\/\\\/www.bakeryturnkey.com\\\/product\\\/toasted-chips-seasoning-machine\\\/\"]}]},{\"@type\":\"ImageObject\",\"inLanguage\":\"pt-PT\",\"@id\":\"https:\\\/\\\/www.bakeryturnkey.com\\\/product\\\/toasted-chips-seasoning-machine\\\/#primaryimage\",\"url\":\"https:\\\/\\\/www.bakeryturnkey.com\\\/wp-content\\\/uploads\\\/2025\\\/03\\\/43.jpg\",\"contentUrl\":\"https:\\\/\\\/www.bakeryturnkey.com\\\/wp-content\\\/uploads\\\/2025\\\/03\\\/43.jpg\",\"width\":800,\"height\":800,\"caption\":\"Toasted Chips Seasoning Machine\"},{\"@type\":\"BreadcrumbList\",\"@id\":\"https:\\\/\\\/www.bakeryturnkey.com\\\/product\\\/toasted-chips-seasoning-machine\\\/#breadcrumb\",\"itemListElement\":[{\"@type\":\"ListItem\",\"position\":1,\"name\":\"Home\",\"item\":\"https:\\\/\\\/www.bakeryturnkey.com\\\/\"},{\"@type\":\"ListItem\",\"position\":2,\"name\":\"Products\",\"item\":\"https:\\\/\\\/www.bakeryturnkey.com\\\/products\\\/\"},{\"@type\":\"ListItem\",\"position\":3,\"name\":\"Drum Toasted Chips Seasoning Machine Stainless Steel\"}]},{\"@type\":\"WebSite\",\"@id\":\"https:\\\/\\\/www.bakeryturnkey.com\\\/#website\",\"url\":\"https:\\\/\\\/www.bakeryturnkey.com\\\/\",\"name\":\"Bakery Food Processing Equipment Manufacturer\",\"description\":\"Bakery Food Solutions Provider\",\"publisher\":{\"@id\":\"https:\\\/\\\/www.bakeryturnkey.com\\\/#organization\"},\"potentialAction\":[{\"@type\":\"SearchAction\",\"target\":{\"@type\":\"EntryPoint\",\"urlTemplate\":\"https:\\\/\\\/www.bakeryturnkey.com\\\/?s={search_term_string}\"},\"query-input\":{\"@type\":\"PropertyValueSpecification\",\"valueRequired\":true,\"valueName\":\"search_term_string\"}}],\"inLanguage\":\"pt-PT\"},{\"@type\":\"Organization\",\"@id\":\"https:\\\/\\\/www.bakeryturnkey.com\\\/#organization\",\"name\":\"Bakery Food Processing Equipment Manufacturer\",\"url\":\"https:\\\/\\\/www.bakeryturnkey.com\\\/\",\"logo\":{\"@type\":\"ImageObject\",\"inLanguage\":\"pt-PT\",\"@id\":\"https:\\\/\\\/www.bakeryturnkey.com\\\/#\\\/schema\\\/logo\\\/image\\\/\",\"url\":\"https:\\\/\\\/www.bakeryturnkey.com\\\/wp-content\\\/uploads\\\/2022\\\/03\\\/cropped-13-1.png\",\"contentUrl\":\"https:\\\/\\\/www.bakeryturnkey.com\\\/wp-content\\\/uploads\\\/2022\\\/03\\\/cropped-13-1.png\",\"width\":512,\"height\":429,\"caption\":\"Bakery Food Processing Equipment Manufacturer\"},\"image\":{\"@id\":\"https:\\\/\\\/www.bakeryturnkey.com\\\/#\\\/schema\\\/logo\\\/image\\\/\"}},false]}<\/script>\n<!-- \/ Yoast SEO plugin. -->","yoast_head_json":{"title":"Drum Toasted Chips Seasoning Machine Stainless Steel","description":"The toasted chips seasoning machine is a drum type stainless stainless equipment. It is specially used to mix toasted chips and seasonings evenly.","robots":{"index":"index","follow":"follow","max-snippet":"max-snippet:-1","max-image-preview":"max-image-preview:large","max-video-preview":"max-video-preview:-1"},"canonical":"https:\/\/www.bakeryturnkey.com\/pt\/produto\/toasted-chips-seasoning-machine\/","og_locale":"pt_PT","og_type":"article","og_title":"Drum Toasted Chips Seasoning Machine Stainless Steel","og_description":"The toasted chips seasoning machine is a drum type stainless stainless equipment. It is specially used to mix toasted chips and seasonings evenly.","og_url":"https:\/\/www.bakeryturnkey.com\/pt\/produto\/toasted-chips-seasoning-machine\/","og_site_name":"Bakery Food Processing Equipment Manufacturer","article_modified_time":"2025-03-18T08:58:51+00:00","og_image":[{"width":800,"height":800,"url":"https:\/\/www.bakeryturnkey.com\/wp-content\/uploads\/2025\/03\/43.jpg","type":"image\/jpeg"}],"twitter_card":"summary_large_image","twitter_misc":{"Tempo estimado de leitura":"3 minutos"},"schema":{"@context":"https:\/\/schema.org","@graph":[{"@type":"WebPage","@id":"https:\/\/www.bakeryturnkey.com\/product\/toasted-chips-seasoning-machine\/","url":"https:\/\/www.bakeryturnkey.com\/product\/toasted-chips-seasoning-machine\/","name":"Drum Toasted Chips Seasoning Machine Stainless Steel","isPartOf":{"@id":"https:\/\/www.bakeryturnkey.com\/#website"},"primaryImageOfPage":{"@id":"https:\/\/www.bakeryturnkey.com\/product\/toasted-chips-seasoning-machine\/#primaryimage"},"image":{"@id":"https:\/\/www.bakeryturnkey.com\/product\/toasted-chips-seasoning-machine\/#primaryimage"},"thumbnailUrl":"https:\/\/www.bakeryturnkey.com\/wp-content\/uploads\/2025\/03\/43.jpg","datePublished":"2025-03-18T08:43:30+00:00","dateModified":"2025-03-18T08:58:51+00:00","description":"The toasted chips seasoning machine is a drum type stainless stainless equipment. It is specially used to mix toasted chips and seasonings evenly.","breadcrumb":{"@id":"https:\/\/www.bakeryturnkey.com\/product\/toasted-chips-seasoning-machine\/#breadcrumb"},"inLanguage":"pt-PT","potentialAction":[{"@type":"ReadAction","target":["https:\/\/www.bakeryturnkey.com\/product\/toasted-chips-seasoning-machine\/"]}]},{"@type":"ImageObject","inLanguage":"pt-PT","@id":"https:\/\/www.bakeryturnkey.com\/product\/toasted-chips-seasoning-machine\/#primaryimage","url":"https:\/\/www.bakeryturnkey.com\/wp-content\/uploads\/2025\/03\/43.jpg","contentUrl":"https:\/\/www.bakeryturnkey.com\/wp-content\/uploads\/2025\/03\/43.jpg","width":800,"height":800,"caption":"Toasted Chips Seasoning Machine"},{"@type":"BreadcrumbList","@id":"https:\/\/www.bakeryturnkey.com\/product\/toasted-chips-seasoning-machine\/#breadcrumb","itemListElement":[{"@type":"ListItem","position":1,"name":"Home","item":"https:\/\/www.bakeryturnkey.com\/"},{"@type":"ListItem","position":2,"name":"Products","item":"https:\/\/www.bakeryturnkey.com\/products\/"},{"@type":"ListItem","position":3,"name":"Drum Toasted Chips Seasoning Machine Stainless Steel"}]},{"@type":"WebSite","@id":"https:\/\/www.bakeryturnkey.com\/#website","url":"https:\/\/www.bakeryturnkey.com\/","name":"Bakery Food Processing Equipment Manufacturer","description":"Bakery Food Solutions Provider","publisher":{"@id":"https:\/\/www.bakeryturnkey.com\/#organization"},"potentialAction":[{"@type":"SearchAction","target":{"@type":"EntryPoint","urlTemplate":"https:\/\/www.bakeryturnkey.com\/?s={search_term_string}"},"query-input":{"@type":"PropertyValueSpecification","valueRequired":true,"valueName":"search_term_string"}}],"inLanguage":"pt-PT"},{"@type":"Organization","@id":"https:\/\/www.bakeryturnkey.com\/#organization","name":"Bakery Food Processing Equipment Manufacturer","url":"https:\/\/www.bakeryturnkey.com\/","logo":{"@type":"ImageObject","inLanguage":"pt-PT","@id":"https:\/\/www.bakeryturnkey.com\/#\/schema\/logo\/image\/","url":"https:\/\/www.bakeryturnkey.com\/wp-content\/uploads\/2022\/03\/cropped-13-1.png","contentUrl":"https:\/\/www.bakeryturnkey.com\/wp-content\/uploads\/2022\/03\/cropped-13-1.png","width":512,"height":429,"caption":"Bakery Food Processing Equipment Manufacturer"},"image":{"@id":"https:\/\/www.bakeryturnkey.com\/#\/schema\/logo\/image\/"}},false]}},"yasr_visitor_votes":{"stars_attributes":{"read_only":false,"span_bottom":false},"number_of_votes":0,"sum_votes":0},"_links":{"self":[{"href":"https:\/\/www.bakeryturnkey.com\/pt\/wp-json\/wp\/v2\/product\/4811","targetHints":{"allow":["GET"]}}],"collection":[{"href":"https:\/\/www.bakeryturnkey.com\/pt\/wp-json\/wp\/v2\/product"}],"about":[{"href":"https:\/\/www.bakeryturnkey.com\/pt\/wp-json\/wp\/v2\/types\/product"}],"replies":[{"embeddable":true,"href":"https:\/\/www.bakeryturnkey.com\/pt\/wp-json\/wp\/v2\/comments?post=4811"}],"wp:featuredmedia":[{"embeddable":true,"href":"https:\/\/www.bakeryturnkey.com\/pt\/wp-json\/wp\/v2\/media\/4812"}],"wp:attachment":[{"href":"https:\/\/www.bakeryturnkey.com\/pt\/wp-json\/wp\/v2\/media?parent=4811"}],"wp:term":[{"taxonomy":"product_cat","embeddable":true,"href":"https:\/\/www.bakeryturnkey.com\/pt\/wp-json\/wp\/v2\/product_cat?post=4811"},{"taxonomy":"product_tag","embeddable":true,"href":"https:\/\/www.bakeryturnkey.com\/pt\/wp-json\/wp\/v2\/product_tag?post=4811"}],"curies":[{"name":"wp","href":"https:\/\/api.w.org\/{rel}","templated":true}]}}