{"id":4701,"date":"2025-03-12T19:39:38","date_gmt":"2025-03-12T11:39:38","guid":{"rendered":"https:\/\/www.bakeryturnkey.com\/?post_type=product&#038;p=4701"},"modified":"2025-03-13T11:46:26","modified_gmt":"2025-03-13T03:46:26","slug":"biscuit-rotary-cutting-machine","status":"publish","type":"product","link":"https:\/\/www.bakeryturnkey.com\/pt\/produto\/biscuit-rotary-cutting-machine\/","title":{"rendered":"M\u00e1quina de corte rotativo de biscoitos com bom efeito de moldagem"},"content":{"rendered":"<p>A m\u00e1quina de corte rotativo de bolachas \u00e9 um equipamento especial. Corta a massa de biscoito em formas e tamanhos uniformes, garantindo que cada lote de biscoitos tenha a mesma apar\u00eancia e qualidade. Muito utilizada na ind\u00fastria de panifica\u00e7\u00e3o.<\/p>\n<p>Esta m\u00e1quina \u00e9 um dos equipamentos importantes da linha de biscoitos e \u00e9 particularmente popular pela sua capacidade de lidar com diferentes tipos de massa e produzir uma variedade de formas de biscoitos, desde simples redondos a desenhos complexos.<\/p>\n<p><img loading=\"lazy\" decoding=\"async\" class=\"alignnone size-full wp-image-4714\" src=\"https:\/\/www.bakeryturnkey.com\/wp-content\/uploads\/2025\/03\/31.jpg\" alt=\"M\u00e1quina de corte rotativo de biscoitos\" width=\"700\" height=\"500\" srcset=\"https:\/\/www.bakeryturnkey.com\/wp-content\/uploads\/2025\/03\/31.jpg 700w, https:\/\/www.bakeryturnkey.com\/wp-content\/uploads\/2025\/03\/31-300x214.jpg 300w, https:\/\/www.bakeryturnkey.com\/wp-content\/uploads\/2025\/03\/31-18x12.jpg 18w, https:\/\/www.bakeryturnkey.com\/wp-content\/uploads\/2025\/03\/31-600x429.jpg 600w\" sizes=\"auto, (max-width: 700px) 100vw, 700px\" \/><\/p>\n<h2><strong>Princ\u00edpio de funcionamento da m\u00e1quina cortadora rotativa de biscoitos<\/strong><\/h2>\n<p>O processo de corte da m\u00e1quina \u00e9 altamente preciso e eficiente. A m\u00e1quina enrola a folha de massa numa espessura uniforme e guia-a para um tambor ou rolo rotativo com moldes intercambi\u00e1veis. \u00c0 medida que o tambor roda, pressiona a massa para dentro das cavidades do molde, formando as formas de biscoito.<\/p>\n<p>Um raspador afiado remove o excesso de massa, assegurando cortes limpos e consistentes. Os biscoitos moldados s\u00e3o ent\u00e3o libertados e transferidos para um tapete transportador para processamento posterior. Este mecanismo sincronizado assegura uma elevada velocidade de produ\u00e7\u00e3o, mantendo a qualidade e a uniformidade.<\/p>\n<p><img loading=\"lazy\" decoding=\"async\" class=\"alignnone size-full wp-image-4715\" src=\"https:\/\/www.bakeryturnkey.com\/wp-content\/uploads\/2025\/03\/321.jpg\" alt=\"Cortador rotativo para forma\u00e7\u00e3o de biscoitos\" width=\"700\" height=\"500\" srcset=\"https:\/\/www.bakeryturnkey.com\/wp-content\/uploads\/2025\/03\/321.jpg 700w, https:\/\/www.bakeryturnkey.com\/wp-content\/uploads\/2025\/03\/321-300x214.jpg 300w, https:\/\/www.bakeryturnkey.com\/wp-content\/uploads\/2025\/03\/321-18x12.jpg 18w, https:\/\/www.bakeryturnkey.com\/wp-content\/uploads\/2025\/03\/321-600x429.jpg 600w\" sizes=\"auto, (max-width: 700px) 100vw, 700px\" \/><\/p>\n<h2><strong>Carater\u00edsticas da m\u00e1quina de corte rotativo de biscoitos<\/strong><\/h2>\n<ul>\n<li>Moldes personaliz\u00e1veis: Alterne facilmente entre diferentes moldes para produzir uma variedade de formas e desenhos de bolachas, incluindo figuras de animais ou log\u00f3tipos de marcas.<\/li>\n<li>Par\u00e2metros ajust\u00e1veis: Ajuste fino da velocidade, press\u00e3o e defini\u00e7\u00f5es de molde da m\u00e1quina de corte rotativo de biscoitos para corresponder a receitas espec\u00edficas de biscoitos, garantindo uma qualidade consistente.<\/li>\n<li>Manuten\u00e7\u00e3o f\u00e1cil: Concebida com pe\u00e7as amov\u00edveis e componentes acess\u00edveis para uma limpeza e manuten\u00e7\u00e3o r\u00e1pidas.<\/li>\n<li>Funcionamento automatizado: O processo totalmente automatizado reduz o trabalho manual e minimiza o erro humano, levando a uma maior efici\u00eancia e produ\u00e7\u00e3o.<\/li>\n<li>Efici\u00eancia energ\u00e9tica: Os projectos modernos centram-se na redu\u00e7\u00e3o dos custos operacionais e do impacto ambiental.<\/li>\n<li>Configura\u00e7\u00f5es especializadas: Op\u00e7\u00f5es para produzir biscoitos com orif\u00edcios interiores ou desenhos complexos, aumentando a versatilidade da produ\u00e7\u00e3o.<\/li>\n<\/ul>\n<h2><strong>Moldes para biscoitos e equipamento conexo<\/strong><\/h2>\n<p>A m\u00e1quina de corte rotativo \u00e9 compat\u00edvel com uma vasta gama de moldes para bolachas, permitindo aos fabricantes criar produtos \u00fanicos e visualmente apelativos. Estes moldes podem ser personalizados para se adaptarem a necessidades de produ\u00e7\u00e3o espec\u00edficas e s\u00e3o frequentemente feitos de materiais duradouros como o a\u00e7o inoxid\u00e1vel.<\/p>\n<p>Para al\u00e9m da m\u00e1quina de corte rotativo de biscoitos, uma linha completa de produ\u00e7\u00e3o de biscoitos pode incluir equipamento relacionado, como:<\/p>\n<ul>\n<li>Sistemas de alimenta\u00e7\u00e3o de massa: Para um fornecimento de massa consistente e eficiente.<\/li>\n<li>Fornos para cozer: Para cozer os biscoitos moldados na perfei\u00e7\u00e3o.<\/li>\n<li>Correias transportadoras: Para o transporte suave de bolachas ao longo do processo de produ\u00e7\u00e3o.<\/li>\n<li>Sistemas de gest\u00e3o de sucata: Para reciclar o excesso de massa e minimizar os res\u00edduos.<\/li>\n<\/ul>\n<h3><strong>Deixe o seu pedido de or\u00e7amento<\/strong><\/h3>\n<div id=\"wpcf7-f2977-p3974-o2\" class=\"wpcf7 js\" dir=\"ltr\" lang=\"en-US\">\n<div id=\"wpcf7-f2977-p3983-o2\" class=\"wpcf7 js\" dir=\"ltr\" lang=\"en-US\">\n<div id=\"wpcf7-f2977-p4370-o2\" class=\"wpcf7 js\" dir=\"ltr\" lang=\"en-US\">\n<div class=\"wpcf7 no-js\" id=\"wpcf7-f2977-o1\" lang=\"en-US\" dir=\"ltr\">\n<div class=\"screen-reader-response\"><p role=\"status\" aria-live=\"polite\" aria-atomic=\"true\"><\/p> <ul><\/ul><\/div>\n<form action=\"\/pt\/wp-json\/wp\/v2\/product\/4701#wpcf7-f2977-o1\" method=\"post\" class=\"wpcf7-form init\" aria-label=\"Formul\u00e1rio de contacto\" novalidate=\"novalidate\" data-status=\"init\" data-trp-original-action=\"\/pt\/wp-json\/wp\/v2\/product\/4701#wpcf7-f2977-o1\">\n<div style=\"display: none;\">\n<input type=\"hidden\" name=\"_wpcf7\" value=\"2977\" \/>\n<input type=\"hidden\" name=\"_wpcf7_version\" value=\"5.7.7\" \/>\n<input type=\"hidden\" name=\"_wpcf7_locale\" value=\"en_US\" \/>\n<input type=\"hidden\" name=\"_wpcf7_unit_tag\" value=\"wpcf7-f2977-o1\" \/>\n<input type=\"hidden\" name=\"_wpcf7_container_post\" value=\"0\" \/>\n<input type=\"hidden\" name=\"_wpcf7_posted_data_hash\" value=\"\" \/>\n<\/div>\n<p><label> O seu nome*<br \/>\n<span class=\"wpcf7-form-control-wrap\" data-name=\"your-name\"><input size=\"40\" class=\"wpcf7-form-control wpcf7-text wpcf7-validates-as-required\" aria-required=\"true\" aria-invalid=\"false\" value=\"\" type=\"text\" name=\"your-name\" \/><\/span> <\/label>\n<\/p>\n<p><label> O seu pa\u00eds<br \/>\n<span class=\"wpcf7-form-control-wrap\" data-name=\"your-country\"><input size=\"40\" class=\"wpcf7-form-control wpcf7-text\" aria-invalid=\"false\" value=\"\" type=\"text\" name=\"your-country\" \/><\/span><\/label>\n<\/p>\n<p><label> O seu e-mail*<br \/>\n<span class=\"wpcf7-form-control-wrap\" data-name=\"your-email\"><input size=\"40\" class=\"wpcf7-form-control wpcf7-text wpcf7-email wpcf7-validates-as-required wpcf7-validates-as-email\" aria-required=\"true\" aria-invalid=\"false\" value=\"\" type=\"email\" name=\"your-email\" \/><\/span> <\/label>\n<\/p>\n<p><label> O seu telem\u00f3vel<br \/>\n<span class=\"wpcf7-form-control-wrap\" data-name=\"your-phone\"><input size=\"40\" class=\"wpcf7-form-control wpcf7-text\" aria-invalid=\"false\" value=\"\" type=\"text\" name=\"your-phone\" \/><\/span> <\/label>\n<\/p>\n<p><label> Nome da empresa<br \/>\n<span class=\"wpcf7-form-control-wrap\" data-name=\"text-529\"><input size=\"40\" class=\"wpcf7-form-control wpcf7-text\" aria-invalid=\"false\" value=\"\" type=\"text\" name=\"text-529\" \/><\/span> <\/label>\n<\/p>\n<p><label> S\u00edtio Web da empresa<br \/>\n<span class=\"wpcf7-form-control-wrap\" data-name=\"text-106\"><input size=\"40\" class=\"wpcf7-form-control wpcf7-text\" aria-invalid=\"false\" value=\"\" type=\"text\" name=\"text-106\" \/><\/span> <\/label>\n<\/p>\n<p><label> A sua mensagem*<br \/>\n<span class=\"wpcf7-form-control-wrap\" data-name=\"your-message\"><textarea cols=\"40\" rows=\"10\" class=\"wpcf7-form-control wpcf7-textarea wpcf7-validates-as-required\" aria-required=\"true\" aria-invalid=\"false\" name=\"your-message\"><\/textarea><\/span> <\/label>\n<\/p>\n<p><input class=\"wpcf7-form-control has-spinner wpcf7-submit\" type=\"submit\" value=\"Enviar\" \/>\n<\/p><p style=\"display: none !important;\" class=\"akismet-fields-container\" data-prefix=\"_wpcf7_ak_\"><label>&#916;<textarea name=\"_wpcf7_ak_hp_textarea\" cols=\"45\" rows=\"8\" maxlength=\"100\"><\/textarea><\/label><input type=\"hidden\" id=\"ak_js_1\" name=\"_wpcf7_ak_js\" value=\"100\"\/><script>document.getElementById( \"ak_js_1\" ).setAttribute( \"value\", ( new Date() ).getTime() );<\/script><\/p><div class=\"wpcf7-response-output\" aria-hidden=\"true\"><\/div>\n<input type=\"hidden\" name=\"trp-form-language\" value=\"pt\"\/><\/form>\n<\/div>\n<\/div>\n<\/div>\n<\/div>\n<div style='text-align:left' class='yasr-auto-insert-visitor'><\/div>","protected":false},"excerpt":{"rendered":"<p>A m\u00e1quina de corte rotativo de bolachas \u00e9 um equipamento especial. Corta a massa de biscoito em formas e tamanhos uniformes, garantindo que cada lote de biscoitos tenha a mesma apar\u00eancia e qualidade. Muito utilizada na ind\u00fastria de panifica\u00e7\u00e3o. Esta m\u00e1quina \u00e9 um dos equipamentos importantes da linha de biscoitos e \u00e9 particularmente popular pela sua capacidade ...<\/p>\n<p class=\"read-more\"> <a class=\"\" href=\"https:\/\/www.bakeryturnkey.com\/pt\/produto\/biscuit-rotary-cutting-machine\/\"> <span class=\"screen-reader-text\">M\u00e1quina de corte rotativo de biscoitos com bom efeito de moldagem<\/span> Ler mais \"<\/a><\/p>","protected":false},"featured_media":4702,"comment_status":"open","ping_status":"closed","template":"","meta":{"site-sidebar-layout":"default","site-content-layout":"default","ast-main-header-display":"","ast-hfb-above-header-display":"","ast-hfb-below-header-display":"","ast-hfb-mobile-header-display":"","site-post-title":"","ast-breadcrumbs-content":"","ast-featured-img":"","footer-sml-layout":"","theme-transparent-header-meta":"default","adv-header-id-meta":"","stick-header-meta":"","header-above-stick-meta":"","header-main-stick-meta":"","header-below-stick-meta":"","yasr_overall_rating":0,"yasr_post_is_review":"","yasr_auto_insert_disabled":"","yasr_review_type":""},"product_cat":[15],"product_tag":[],"class_list":["post-4701","product","type-product","status-publish","has-post-thumbnail","hentry","product_cat-biscuit-machinery"],"yoast_head":"<!-- This site is optimized with the Yoast SEO plugin v27.5 - https:\/\/yoast.com\/product\/yoast-seo-wordpress\/ -->\n<title>Biscuit Rotary Cutting Machine with Good Molding Effect<\/title>\n<meta name=\"description\" content=\"Biscuit rotary cutting machine uses professional cutting technology to shape various biscuits. The finished product has a good molding effect.\" \/>\n<meta name=\"robots\" content=\"index, follow, max-snippet:-1, max-image-preview:large, max-video-preview:-1\" \/>\n<link rel=\"canonical\" href=\"https:\/\/www.bakeryturnkey.com\/pt\/produto\/biscuit-rotary-cutting-machine\/\" \/>\n<meta property=\"og:locale\" content=\"pt_PT\" \/>\n<meta property=\"og:type\" content=\"article\" \/>\n<meta property=\"og:title\" content=\"Biscuit Rotary Cutting Machine with Good Molding Effect\" \/>\n<meta property=\"og:description\" content=\"Biscuit rotary cutting machine uses professional cutting technology to shape various biscuits. The finished product has a good molding effect.\" \/>\n<meta property=\"og:url\" content=\"https:\/\/www.bakeryturnkey.com\/pt\/produto\/biscuit-rotary-cutting-machine\/\" \/>\n<meta property=\"og:site_name\" content=\"Bakery Food Processing Equipment Manufacturer\" \/>\n<meta property=\"article:modified_time\" content=\"2025-03-13T03:46:26+00:00\" \/>\n<meta property=\"og:image\" content=\"https:\/\/www.bakeryturnkey.com\/wp-content\/uploads\/2025\/03\/71.jpg\" \/>\n\t<meta property=\"og:image:width\" content=\"800\" \/>\n\t<meta property=\"og:image:height\" content=\"800\" \/>\n\t<meta property=\"og:image:type\" content=\"image\/jpeg\" \/>\n<meta name=\"twitter:card\" content=\"summary_large_image\" \/>\n<meta name=\"twitter:label1\" content=\"Tempo estimado de leitura\" \/>\n\t<meta name=\"twitter:data1\" content=\"3 minutos\" \/>\n<script type=\"application\/ld+json\" class=\"yoast-schema-graph\">{\"@context\":\"https:\\\/\\\/schema.org\",\"@graph\":[{\"@type\":\"WebPage\",\"@id\":\"https:\\\/\\\/www.bakeryturnkey.com\\\/product\\\/biscuit-rotary-cutting-machine\\\/\",\"url\":\"https:\\\/\\\/www.bakeryturnkey.com\\\/product\\\/biscuit-rotary-cutting-machine\\\/\",\"name\":\"Biscuit Rotary Cutting Machine with Good Molding Effect\",\"isPartOf\":{\"@id\":\"https:\\\/\\\/www.bakeryturnkey.com\\\/#website\"},\"primaryImageOfPage\":{\"@id\":\"https:\\\/\\\/www.bakeryturnkey.com\\\/product\\\/biscuit-rotary-cutting-machine\\\/#primaryimage\"},\"image\":{\"@id\":\"https:\\\/\\\/www.bakeryturnkey.com\\\/product\\\/biscuit-rotary-cutting-machine\\\/#primaryimage\"},\"thumbnailUrl\":\"https:\\\/\\\/www.bakeryturnkey.com\\\/wp-content\\\/uploads\\\/2025\\\/03\\\/71.jpg\",\"datePublished\":\"2025-03-12T11:39:38+00:00\",\"dateModified\":\"2025-03-13T03:46:26+00:00\",\"description\":\"Biscuit rotary cutting machine uses professional cutting technology to shape various biscuits. The finished product has a good molding effect.\",\"breadcrumb\":{\"@id\":\"https:\\\/\\\/www.bakeryturnkey.com\\\/product\\\/biscuit-rotary-cutting-machine\\\/#breadcrumb\"},\"inLanguage\":\"pt-PT\",\"potentialAction\":[{\"@type\":\"ReadAction\",\"target\":[\"https:\\\/\\\/www.bakeryturnkey.com\\\/product\\\/biscuit-rotary-cutting-machine\\\/\"]}]},{\"@type\":\"ImageObject\",\"inLanguage\":\"pt-PT\",\"@id\":\"https:\\\/\\\/www.bakeryturnkey.com\\\/product\\\/biscuit-rotary-cutting-machine\\\/#primaryimage\",\"url\":\"https:\\\/\\\/www.bakeryturnkey.com\\\/wp-content\\\/uploads\\\/2025\\\/03\\\/71.jpg\",\"contentUrl\":\"https:\\\/\\\/www.bakeryturnkey.com\\\/wp-content\\\/uploads\\\/2025\\\/03\\\/71.jpg\",\"width\":800,\"height\":800,\"caption\":\"Biscuit Rotary Cutting Machine\"},{\"@type\":\"BreadcrumbList\",\"@id\":\"https:\\\/\\\/www.bakeryturnkey.com\\\/product\\\/biscuit-rotary-cutting-machine\\\/#breadcrumb\",\"itemListElement\":[{\"@type\":\"ListItem\",\"position\":1,\"name\":\"Home\",\"item\":\"https:\\\/\\\/www.bakeryturnkey.com\\\/\"},{\"@type\":\"ListItem\",\"position\":2,\"name\":\"Products\",\"item\":\"https:\\\/\\\/www.bakeryturnkey.com\\\/products\\\/\"},{\"@type\":\"ListItem\",\"position\":3,\"name\":\"Biscuit Rotary Cutting Machine with Good Molding Effect\"}]},{\"@type\":\"WebSite\",\"@id\":\"https:\\\/\\\/www.bakeryturnkey.com\\\/#website\",\"url\":\"https:\\\/\\\/www.bakeryturnkey.com\\\/\",\"name\":\"Bakery Food Processing Equipment Manufacturer\",\"description\":\"Bakery Food Solutions Provider\",\"publisher\":{\"@id\":\"https:\\\/\\\/www.bakeryturnkey.com\\\/#organization\"},\"potentialAction\":[{\"@type\":\"SearchAction\",\"target\":{\"@type\":\"EntryPoint\",\"urlTemplate\":\"https:\\\/\\\/www.bakeryturnkey.com\\\/?s={search_term_string}\"},\"query-input\":{\"@type\":\"PropertyValueSpecification\",\"valueRequired\":true,\"valueName\":\"search_term_string\"}}],\"inLanguage\":\"pt-PT\"},{\"@type\":\"Organization\",\"@id\":\"https:\\\/\\\/www.bakeryturnkey.com\\\/#organization\",\"name\":\"Bakery Food Processing Equipment Manufacturer\",\"url\":\"https:\\\/\\\/www.bakeryturnkey.com\\\/\",\"logo\":{\"@type\":\"ImageObject\",\"inLanguage\":\"pt-PT\",\"@id\":\"https:\\\/\\\/www.bakeryturnkey.com\\\/#\\\/schema\\\/logo\\\/image\\\/\",\"url\":\"https:\\\/\\\/www.bakeryturnkey.com\\\/wp-content\\\/uploads\\\/2022\\\/03\\\/cropped-13-1.png\",\"contentUrl\":\"https:\\\/\\\/www.bakeryturnkey.com\\\/wp-content\\\/uploads\\\/2022\\\/03\\\/cropped-13-1.png\",\"width\":512,\"height\":429,\"caption\":\"Bakery Food Processing Equipment Manufacturer\"},\"image\":{\"@id\":\"https:\\\/\\\/www.bakeryturnkey.com\\\/#\\\/schema\\\/logo\\\/image\\\/\"}},false]}<\/script>\n<!-- \/ Yoast SEO plugin. -->","yoast_head_json":{"title":"Biscuit Rotary Cutting Machine with Good Molding Effect","description":"Biscuit rotary cutting machine uses professional cutting technology to shape various biscuits. The finished product has a good molding effect.","robots":{"index":"index","follow":"follow","max-snippet":"max-snippet:-1","max-image-preview":"max-image-preview:large","max-video-preview":"max-video-preview:-1"},"canonical":"https:\/\/www.bakeryturnkey.com\/pt\/produto\/biscuit-rotary-cutting-machine\/","og_locale":"pt_PT","og_type":"article","og_title":"Biscuit Rotary Cutting Machine with Good Molding Effect","og_description":"Biscuit rotary cutting machine uses professional cutting technology to shape various biscuits. The finished product has a good molding effect.","og_url":"https:\/\/www.bakeryturnkey.com\/pt\/produto\/biscuit-rotary-cutting-machine\/","og_site_name":"Bakery Food Processing Equipment Manufacturer","article_modified_time":"2025-03-13T03:46:26+00:00","og_image":[{"width":800,"height":800,"url":"https:\/\/www.bakeryturnkey.com\/wp-content\/uploads\/2025\/03\/71.jpg","type":"image\/jpeg"}],"twitter_card":"summary_large_image","twitter_misc":{"Tempo estimado de leitura":"3 minutos"},"schema":{"@context":"https:\/\/schema.org","@graph":[{"@type":"WebPage","@id":"https:\/\/www.bakeryturnkey.com\/product\/biscuit-rotary-cutting-machine\/","url":"https:\/\/www.bakeryturnkey.com\/product\/biscuit-rotary-cutting-machine\/","name":"Biscuit Rotary Cutting Machine with Good Molding Effect","isPartOf":{"@id":"https:\/\/www.bakeryturnkey.com\/#website"},"primaryImageOfPage":{"@id":"https:\/\/www.bakeryturnkey.com\/product\/biscuit-rotary-cutting-machine\/#primaryimage"},"image":{"@id":"https:\/\/www.bakeryturnkey.com\/product\/biscuit-rotary-cutting-machine\/#primaryimage"},"thumbnailUrl":"https:\/\/www.bakeryturnkey.com\/wp-content\/uploads\/2025\/03\/71.jpg","datePublished":"2025-03-12T11:39:38+00:00","dateModified":"2025-03-13T03:46:26+00:00","description":"Biscuit rotary cutting machine uses professional cutting technology to shape various biscuits. The finished product has a good molding effect.","breadcrumb":{"@id":"https:\/\/www.bakeryturnkey.com\/product\/biscuit-rotary-cutting-machine\/#breadcrumb"},"inLanguage":"pt-PT","potentialAction":[{"@type":"ReadAction","target":["https:\/\/www.bakeryturnkey.com\/product\/biscuit-rotary-cutting-machine\/"]}]},{"@type":"ImageObject","inLanguage":"pt-PT","@id":"https:\/\/www.bakeryturnkey.com\/product\/biscuit-rotary-cutting-machine\/#primaryimage","url":"https:\/\/www.bakeryturnkey.com\/wp-content\/uploads\/2025\/03\/71.jpg","contentUrl":"https:\/\/www.bakeryturnkey.com\/wp-content\/uploads\/2025\/03\/71.jpg","width":800,"height":800,"caption":"Biscuit Rotary Cutting Machine"},{"@type":"BreadcrumbList","@id":"https:\/\/www.bakeryturnkey.com\/product\/biscuit-rotary-cutting-machine\/#breadcrumb","itemListElement":[{"@type":"ListItem","position":1,"name":"Home","item":"https:\/\/www.bakeryturnkey.com\/"},{"@type":"ListItem","position":2,"name":"Products","item":"https:\/\/www.bakeryturnkey.com\/products\/"},{"@type":"ListItem","position":3,"name":"Biscuit Rotary Cutting Machine with Good Molding Effect"}]},{"@type":"WebSite","@id":"https:\/\/www.bakeryturnkey.com\/#website","url":"https:\/\/www.bakeryturnkey.com\/","name":"Bakery Food Processing Equipment Manufacturer","description":"Bakery Food Solutions Provider","publisher":{"@id":"https:\/\/www.bakeryturnkey.com\/#organization"},"potentialAction":[{"@type":"SearchAction","target":{"@type":"EntryPoint","urlTemplate":"https:\/\/www.bakeryturnkey.com\/?s={search_term_string}"},"query-input":{"@type":"PropertyValueSpecification","valueRequired":true,"valueName":"search_term_string"}}],"inLanguage":"pt-PT"},{"@type":"Organization","@id":"https:\/\/www.bakeryturnkey.com\/#organization","name":"Bakery Food Processing Equipment Manufacturer","url":"https:\/\/www.bakeryturnkey.com\/","logo":{"@type":"ImageObject","inLanguage":"pt-PT","@id":"https:\/\/www.bakeryturnkey.com\/#\/schema\/logo\/image\/","url":"https:\/\/www.bakeryturnkey.com\/wp-content\/uploads\/2022\/03\/cropped-13-1.png","contentUrl":"https:\/\/www.bakeryturnkey.com\/wp-content\/uploads\/2022\/03\/cropped-13-1.png","width":512,"height":429,"caption":"Bakery Food Processing Equipment Manufacturer"},"image":{"@id":"https:\/\/www.bakeryturnkey.com\/#\/schema\/logo\/image\/"}},false]}},"yasr_visitor_votes":{"stars_attributes":{"read_only":false,"span_bottom":false},"number_of_votes":0,"sum_votes":0},"_links":{"self":[{"href":"https:\/\/www.bakeryturnkey.com\/pt\/wp-json\/wp\/v2\/product\/4701","targetHints":{"allow":["GET"]}}],"collection":[{"href":"https:\/\/www.bakeryturnkey.com\/pt\/wp-json\/wp\/v2\/product"}],"about":[{"href":"https:\/\/www.bakeryturnkey.com\/pt\/wp-json\/wp\/v2\/types\/product"}],"replies":[{"embeddable":true,"href":"https:\/\/www.bakeryturnkey.com\/pt\/wp-json\/wp\/v2\/comments?post=4701"}],"wp:featuredmedia":[{"embeddable":true,"href":"https:\/\/www.bakeryturnkey.com\/pt\/wp-json\/wp\/v2\/media\/4702"}],"wp:attachment":[{"href":"https:\/\/www.bakeryturnkey.com\/pt\/wp-json\/wp\/v2\/media?parent=4701"}],"wp:term":[{"taxonomy":"product_cat","embeddable":true,"href":"https:\/\/www.bakeryturnkey.com\/pt\/wp-json\/wp\/v2\/product_cat?post=4701"},{"taxonomy":"product_tag","embeddable":true,"href":"https:\/\/www.bakeryturnkey.com\/pt\/wp-json\/wp\/v2\/product_tag?post=4701"}],"curies":[{"name":"wp","href":"https:\/\/api.w.org\/{rel}","templated":true}]}}