{"id":4521,"date":"2024-11-05T16:07:10","date_gmt":"2024-11-05T08:07:10","guid":{"rendered":"https:\/\/www.bakeryturnkey.com\/?post_type=product&#038;p=4521"},"modified":"2024-11-05T17:21:31","modified_gmt":"2024-11-05T09:21:31","slug":"ice-cream-waffle-bowl-machine","status":"publish","type":"product","link":"https:\/\/www.bakeryturnkey.com\/pt\/produto\/ice-cream-waffle-bowl-machine\/","title":{"rendered":"M\u00e1quina de gelados Waffle Bowl el\u00e9ctrica e a g\u00e1s"},"content":{"rendered":"<p>A m\u00e1quina de ta\u00e7as de waffles para gelados \u00e9 um equipamento para fazer ta\u00e7as de waffles estaladi\u00e7as, um elemento b\u00e1sico na ind\u00fastria dos gelados. \u00c9 capaz de produzir uma variedade de tamanhos, melhorando a apresenta\u00e7\u00e3o e o prazer das guloseimas de gelado.<\/p>\n<p>Esta m\u00e1quina \u00e9 normalmente associada a um misturador de massa e a uma m\u00e1quina de cozedura para uma produ\u00e7\u00e3o eficiente. Oferece v\u00e1rios modelos para acomodar as diversas necessidades dos clientes, garantindo flexibilidade e personaliza\u00e7\u00e3o no processo de fabrico.<\/p>\n<p><img loading=\"lazy\" decoding=\"async\" class=\"alignnone size-full wp-image-4524\" src=\"https:\/\/www.bakeryturnkey.com\/wp-content\/uploads\/2024\/11\/waffle-bowl-maker.jpg\" alt=\"M\u00e1quina de fazer waffles\" width=\"630\" height=\"400\" srcset=\"https:\/\/www.bakeryturnkey.com\/wp-content\/uploads\/2024\/11\/waffle-bowl-maker.jpg 630w, https:\/\/www.bakeryturnkey.com\/wp-content\/uploads\/2024\/11\/waffle-bowl-maker-300x190.jpg 300w, https:\/\/www.bakeryturnkey.com\/wp-content\/uploads\/2024\/11\/waffle-bowl-maker-600x381.jpg 600w\" sizes=\"auto, (max-width: 630px) 100vw, 630px\" \/><\/p>\n<h2><strong>Carater\u00edsticas da m\u00e1quina de waffles<\/strong><\/h2>\n<ul>\n<li>Fabricado em a\u00e7o inoxid\u00e1vel 304 de alta qualidade, possui estrutura compacta, bom desempenho de seguran\u00e7a, alta efici\u00eancia, grande produ\u00e7\u00e3o, longa vida \u00fatil, baixa taxa de falhas e limpeza e manuten\u00e7\u00e3o simples.<\/li>\n<li>O m\u00e9todo de aquecimento da m\u00e1quina de fazer waffles pode ser selecionado entre aquecimento el\u00e9trico ou aquecimento a g\u00e1s para satisfazer as necessidades de diferentes regi\u00f5es e clientes.<\/li>\n<li>O equipamento divide-se principalmente em quatro partes: misturador de massa, barril de armazenamento, m\u00e1quina de cozedura e m\u00e1quina de moldagem, que podem completar automaticamente todo o processo, desde o fabrico da massa at\u00e9 ao produto acabado.<\/li>\n<li>O n\u00famero de tabuleiros de cozedura no hospedeiro de cozedura \u00e9 geralmente de 6-18, e o n\u00famero de tabuleiros de cozedura pode ser personalizado de acordo com as necessidades reais de produ\u00e7\u00e3o dos clientes.<\/li>\n<li>A m\u00e1quina de fazer waffles de gelado possui um controlo PLC avan\u00e7ado, permitindo o acompanhamento autom\u00e1tico dos volumes de produ\u00e7\u00e3o. Este sistema integrado simplifica as opera\u00e7\u00f5es, registando o n\u00famero de ta\u00e7as de waffles produzidas sem interven\u00e7\u00e3o manual.<\/li>\n<\/ul>\n<p><img loading=\"lazy\" decoding=\"async\" class=\"alignnone size-full wp-image-4525\" src=\"https:\/\/www.bakeryturnkey.com\/wp-content\/uploads\/2024\/11\/waffle-bowl-makers.jpg\" alt=\"M\u00e1quina para Waffle Bowl\" width=\"630\" height=\"400\" srcset=\"https:\/\/www.bakeryturnkey.com\/wp-content\/uploads\/2024\/11\/waffle-bowl-makers.jpg 630w, https:\/\/www.bakeryturnkey.com\/wp-content\/uploads\/2024\/11\/waffle-bowl-makers-300x190.jpg 300w, https:\/\/www.bakeryturnkey.com\/wp-content\/uploads\/2024\/11\/waffle-bowl-makers-600x381.jpg 600w\" sizes=\"auto, (max-width: 630px) 100vw, 630px\" \/><\/p>\n<h2><strong>Como fazer uma ta\u00e7a de waffles com uma m\u00e1quina<\/strong><\/h2>\n<ul>\n<li>Adicionar as mat\u00e9rias-primas ao batedor para misturar rapidamente e fazer a massa.<\/li>\n<li>Colocar a massa no recipiente de armazenamento e injetar quantitativamente a massa no tabuleiro atrav\u00e9s do compressor de ar.<\/li>\n<li>Pr\u00e9-aque\u00e7a a m\u00e1quina de cozer, deite a massa no tabuleiro e comece a cozer imediatamente.<\/li>\n<li>Depois de cozido, utilize a m\u00e1quina de moldagem autom\u00e1tica para transformar as fatias de bolo cozido em ta\u00e7as de waffles de gelado de v\u00e1rias formas.<\/li>\n<\/ul>\n<div class=\"ast-oembed-container\"><iframe loading=\"lazy\" title=\"M\u00e1quina de Waffles de gelado|M\u00e1quina de Waffles para com\u00e9rcio\" width=\"500\" height=\"281\" src=\"https:\/\/www.youtube.com\/embed\/kKlSiP9accU?feature=oembed\" frameborder=\"0\" allow=\"accelerometer; autoplay; clipboard-write; encrypted-media; gyroscope; picture-in-picture; web-share\" referrerpolicy=\"strict-origin-when-cross-origin\" allowfullscreen><\/iframe><\/div>\n<h2><strong>Vantagens da m\u00e1quina de sorvete Waffle Bowl<\/strong><\/h2>\n<ul>\n<li>A m\u00e1quina tem uma constru\u00e7\u00e3o compacta, o que lhe confere um grande interesse tanto no mercado nacional como internacional.<\/li>\n<li>A sua interface de f\u00e1cil utiliza\u00e7\u00e3o permite uma opera\u00e7\u00e3o eficiente com uma equipa m\u00ednima, reduzindo significativamente as despesas de m\u00e3o de obra.<\/li>\n<li>Os elementos de aquecimento do tabuleiro, fabricados em liga de alum\u00ednio robusta, asseguram uma distribui\u00e7\u00e3o uniforme do calor e uma efici\u00eancia energ\u00e9tica superior. Esta escolha de design n\u00e3o s\u00f3 conserva energia, como tamb\u00e9m optimiza o processo de cozedura.<\/li>\n<li>A temperatura de cozedura da m\u00e1quina de waffles comercial pode ser personalizada para se adequar a v\u00e1rias especifica\u00e7\u00f5es de produtos, oferecendo flexibilidade para satisfazer os diversos requisitos de diferentes clientes e necessidades de produ\u00e7\u00e3o.<\/li>\n<\/ul>\n<h3><strong>Par\u00e2metros do produto<\/strong><\/h3>\n<table border=\"1\" cellspacing=\"0\">\n<tbody>\n<tr>\n<td>Modelo<\/td>\n<td>Capacidade<\/td>\n<td>Pot\u00eancia<\/td>\n<td>Tamanho do biscoito<\/td>\n<td>Espessura do biscoito<\/td>\n<td>Dimens\u00e3o<\/td>\n<td>Peso<\/td>\n<\/tr>\n<tr>\n<td>GGDCD6<\/td>\n<td>300PCS\/H<\/td>\n<td>10KW<\/td>\n<td>7-20CM<\/td>\n<td>0,5-4MM<\/td>\n<td>140*140*125CM<\/td>\n<td>250KG<\/td>\n<\/tr>\n<tr>\n<td>GGDCD9<\/td>\n<td>400-600PCS\/H<\/td>\n<td>14,5KW<\/td>\n<td>7-20CM<\/td>\n<td>0,5-4MM<\/td>\n<td>160*160*125CM<\/td>\n<td>270KG<\/td>\n<\/tr>\n<tr>\n<td>GGDCD12<\/td>\n<td>600-800PCS\/H<\/td>\n<td>19KW<\/td>\n<td>7-20CM<\/td>\n<td>0,5-4MM<\/td>\n<td>170*170*125CM<\/td>\n<td>300KG<\/td>\n<\/tr>\n<tr>\n<td>GGDCD15<\/td>\n<td>800-1000PCS\/H<\/td>\n<td>23KW<\/td>\n<td>7-20CM<\/td>\n<td>0,5-4MM<\/td>\n<td>180*180*125CM<\/td>\n<td>330KG<\/td>\n<\/tr>\n<tr>\n<td>GGDCD18<\/td>\n<td>1000-1200PCS\/H<\/td>\n<td>28KW<\/td>\n<td>7-20CM<\/td>\n<td>0,5-4MM<\/td>\n<td>190*190*125CM<\/td>\n<td>360KG<\/td>\n<\/tr>\n<\/tbody>\n<\/table>\n<h3><strong>Sair<\/strong><strong>\u00a0O seu pedido de or\u00e7amento<\/strong><\/h3>\n<div id=\"wpcf7-f2977-p4118-o2\" class=\"wpcf7 js\" dir=\"ltr\" lang=\"en-US\">\n<div id=\"wpcf7-f2977-p4140-o2\" class=\"wpcf7 js\" dir=\"ltr\" lang=\"en-US\">\n<div class=\"wpcf7 no-js\" id=\"wpcf7-f2977-o1\" lang=\"en-US\" dir=\"ltr\">\n<div class=\"screen-reader-response\"><p role=\"status\" aria-live=\"polite\" aria-atomic=\"true\"><\/p> <ul><\/ul><\/div>\n<form action=\"\/pt\/wp-json\/wp\/v2\/product\/4521#wpcf7-f2977-o1\" method=\"post\" class=\"wpcf7-form init\" aria-label=\"Formul\u00e1rio de contacto\" novalidate=\"novalidate\" data-status=\"init\" data-trp-original-action=\"\/pt\/wp-json\/wp\/v2\/product\/4521#wpcf7-f2977-o1\">\n<div style=\"display: none;\">\n<input type=\"hidden\" name=\"_wpcf7\" value=\"2977\" \/>\n<input type=\"hidden\" name=\"_wpcf7_version\" value=\"5.7.7\" \/>\n<input type=\"hidden\" name=\"_wpcf7_locale\" value=\"en_US\" \/>\n<input type=\"hidden\" name=\"_wpcf7_unit_tag\" value=\"wpcf7-f2977-o1\" \/>\n<input type=\"hidden\" name=\"_wpcf7_container_post\" value=\"0\" \/>\n<input type=\"hidden\" name=\"_wpcf7_posted_data_hash\" value=\"\" \/>\n<\/div>\n<p><label> O seu nome*<br \/>\n<span class=\"wpcf7-form-control-wrap\" data-name=\"your-name\"><input size=\"40\" class=\"wpcf7-form-control wpcf7-text wpcf7-validates-as-required\" aria-required=\"true\" aria-invalid=\"false\" value=\"\" type=\"text\" name=\"your-name\" \/><\/span> <\/label>\n<\/p>\n<p><label> O seu pa\u00eds<br \/>\n<span class=\"wpcf7-form-control-wrap\" data-name=\"your-country\"><input size=\"40\" class=\"wpcf7-form-control wpcf7-text\" aria-invalid=\"false\" value=\"\" type=\"text\" name=\"your-country\" \/><\/span><\/label>\n<\/p>\n<p><label> O seu e-mail*<br \/>\n<span class=\"wpcf7-form-control-wrap\" data-name=\"your-email\"><input size=\"40\" class=\"wpcf7-form-control wpcf7-text wpcf7-email wpcf7-validates-as-required wpcf7-validates-as-email\" aria-required=\"true\" aria-invalid=\"false\" value=\"\" type=\"email\" name=\"your-email\" \/><\/span> <\/label>\n<\/p>\n<p><label> O seu telem\u00f3vel<br \/>\n<span class=\"wpcf7-form-control-wrap\" data-name=\"your-phone\"><input size=\"40\" class=\"wpcf7-form-control wpcf7-text\" aria-invalid=\"false\" value=\"\" type=\"text\" name=\"your-phone\" \/><\/span> <\/label>\n<\/p>\n<p><label> Nome da empresa<br \/>\n<span class=\"wpcf7-form-control-wrap\" data-name=\"text-529\"><input size=\"40\" class=\"wpcf7-form-control wpcf7-text\" aria-invalid=\"false\" value=\"\" type=\"text\" name=\"text-529\" \/><\/span> <\/label>\n<\/p>\n<p><label> S\u00edtio Web da empresa<br \/>\n<span class=\"wpcf7-form-control-wrap\" data-name=\"text-106\"><input size=\"40\" class=\"wpcf7-form-control wpcf7-text\" aria-invalid=\"false\" value=\"\" type=\"text\" name=\"text-106\" \/><\/span> <\/label>\n<\/p>\n<p><label> A sua mensagem*<br \/>\n<span class=\"wpcf7-form-control-wrap\" data-name=\"your-message\"><textarea cols=\"40\" rows=\"10\" class=\"wpcf7-form-control wpcf7-textarea wpcf7-validates-as-required\" aria-required=\"true\" aria-invalid=\"false\" name=\"your-message\"><\/textarea><\/span> <\/label>\n<\/p>\n<p><input class=\"wpcf7-form-control has-spinner wpcf7-submit\" type=\"submit\" value=\"Enviar\" \/>\n<\/p><p style=\"display: none !important;\" class=\"akismet-fields-container\" data-prefix=\"_wpcf7_ak_\"><label>&#916;<textarea name=\"_wpcf7_ak_hp_textarea\" cols=\"45\" rows=\"8\" maxlength=\"100\"><\/textarea><\/label><input type=\"hidden\" id=\"ak_js_1\" name=\"_wpcf7_ak_js\" value=\"84\"\/><script>document.getElementById( \"ak_js_1\" ).setAttribute( \"value\", ( new Date() ).getTime() );<\/script><\/p><div class=\"wpcf7-response-output\" aria-hidden=\"true\"><\/div>\n<input type=\"hidden\" name=\"trp-form-language\" value=\"pt\"\/><\/form>\n<\/div>\n<\/div>\n<\/div>\n<div style='text-align:left' class='yasr-auto-insert-visitor'><\/div>","protected":false},"excerpt":{"rendered":"<p>A m\u00e1quina de ta\u00e7as de waffles para gelados \u00e9 um equipamento para fazer ta\u00e7as de waffles estaladi\u00e7as, um elemento b\u00e1sico na ind\u00fastria dos gelados. \u00c9 capaz de produzir uma variedade de tamanhos, melhorando a apresenta\u00e7\u00e3o e o prazer das guloseimas de gelado. Esta m\u00e1quina \u00e9 tipicamente emparelhada com um misturador de massa e uma m\u00e1quina de cozedura para uma produ\u00e7\u00e3o eficiente. Ela ...<\/p>\n<p class=\"read-more\"> <a class=\"\" href=\"https:\/\/www.bakeryturnkey.com\/pt\/produto\/ice-cream-waffle-bowl-machine\/\"> <span class=\"screen-reader-text\">M\u00e1quina de gelados Waffle Bowl el\u00e9ctrica e a g\u00e1s<\/span> Ler mais \"<\/a><\/p>","protected":false},"featured_media":4523,"comment_status":"open","ping_status":"closed","template":"","meta":{"site-sidebar-layout":"default","site-content-layout":"default","ast-main-header-display":"","ast-hfb-above-header-display":"","ast-hfb-below-header-display":"","ast-hfb-mobile-header-display":"","site-post-title":"","ast-breadcrumbs-content":"","ast-featured-img":"","footer-sml-layout":"","theme-transparent-header-meta":"default","adv-header-id-meta":"","stick-header-meta":"","header-above-stick-meta":"","header-main-stick-meta":"","header-below-stick-meta":"","yasr_overall_rating":0,"yasr_post_is_review":"","yasr_auto_insert_disabled":"","yasr_review_type":""},"product_cat":[45],"product_tag":[],"class_list":["post-4521","product","type-product","status-publish","has-post-thumbnail","hentry","product_cat-cone-machinery"],"yoast_head":"<!-- This site is optimized with the Yoast SEO plugin v27.5 - https:\/\/yoast.com\/product\/yoast-seo-wordpress\/ -->\n<title>Ice Cream Waffle Bowl Machine Electric and Gas<\/title>\n<meta name=\"description\" content=\"The ice cream waffle bowl machine produces crispy and uniform product - waffle bowls. The machine is easy to operate and can be heated by electric or gas.\" \/>\n<meta name=\"robots\" content=\"index, follow, max-snippet:-1, max-image-preview:large, max-video-preview:-1\" \/>\n<link rel=\"canonical\" href=\"https:\/\/www.bakeryturnkey.com\/pt\/produto\/ice-cream-waffle-bowl-machine\/\" \/>\n<meta property=\"og:locale\" content=\"pt_PT\" \/>\n<meta property=\"og:type\" content=\"article\" \/>\n<meta property=\"og:title\" content=\"Ice Cream Waffle Bowl Machine Electric and Gas\" \/>\n<meta property=\"og:description\" content=\"The ice cream waffle bowl machine produces crispy and uniform product - waffle bowls. The machine is easy to operate and can be heated by electric or gas.\" \/>\n<meta property=\"og:url\" content=\"https:\/\/www.bakeryturnkey.com\/pt\/produto\/ice-cream-waffle-bowl-machine\/\" \/>\n<meta property=\"og:site_name\" content=\"Bakery Food Processing Equipment Manufacturer\" \/>\n<meta property=\"article:modified_time\" content=\"2024-11-05T09:21:31+00:00\" \/>\n<meta property=\"og:image\" content=\"https:\/\/www.bakeryturnkey.com\/wp-content\/uploads\/2024\/11\/waffle-bowl-machine.jpg\" \/>\n\t<meta property=\"og:image:width\" content=\"800\" \/>\n\t<meta property=\"og:image:height\" content=\"800\" \/>\n\t<meta property=\"og:image:type\" content=\"image\/jpeg\" \/>\n<meta name=\"twitter:card\" content=\"summary_large_image\" \/>\n<meta name=\"twitter:label1\" content=\"Tempo estimado de leitura\" \/>\n\t<meta name=\"twitter:data1\" content=\"3 minutos\" \/>\n<script type=\"application\/ld+json\" class=\"yoast-schema-graph\">{\"@context\":\"https:\\\/\\\/schema.org\",\"@graph\":[{\"@type\":\"WebPage\",\"@id\":\"https:\\\/\\\/www.bakeryturnkey.com\\\/product\\\/ice-cream-waffle-bowl-machine\\\/\",\"url\":\"https:\\\/\\\/www.bakeryturnkey.com\\\/product\\\/ice-cream-waffle-bowl-machine\\\/\",\"name\":\"Ice Cream Waffle Bowl Machine Electric and Gas\",\"isPartOf\":{\"@id\":\"https:\\\/\\\/www.bakeryturnkey.com\\\/#website\"},\"primaryImageOfPage\":{\"@id\":\"https:\\\/\\\/www.bakeryturnkey.com\\\/product\\\/ice-cream-waffle-bowl-machine\\\/#primaryimage\"},\"image\":{\"@id\":\"https:\\\/\\\/www.bakeryturnkey.com\\\/product\\\/ice-cream-waffle-bowl-machine\\\/#primaryimage\"},\"thumbnailUrl\":\"https:\\\/\\\/www.bakeryturnkey.com\\\/wp-content\\\/uploads\\\/2024\\\/11\\\/waffle-bowl-machine.jpg\",\"datePublished\":\"2024-11-05T08:07:10+00:00\",\"dateModified\":\"2024-11-05T09:21:31+00:00\",\"description\":\"The ice cream waffle bowl machine produces crispy and uniform product - waffle bowls. The machine is easy to operate and can be heated by electric or gas.\",\"breadcrumb\":{\"@id\":\"https:\\\/\\\/www.bakeryturnkey.com\\\/product\\\/ice-cream-waffle-bowl-machine\\\/#breadcrumb\"},\"inLanguage\":\"pt-PT\",\"potentialAction\":[{\"@type\":\"ReadAction\",\"target\":[\"https:\\\/\\\/www.bakeryturnkey.com\\\/product\\\/ice-cream-waffle-bowl-machine\\\/\"]}]},{\"@type\":\"ImageObject\",\"inLanguage\":\"pt-PT\",\"@id\":\"https:\\\/\\\/www.bakeryturnkey.com\\\/product\\\/ice-cream-waffle-bowl-machine\\\/#primaryimage\",\"url\":\"https:\\\/\\\/www.bakeryturnkey.com\\\/wp-content\\\/uploads\\\/2024\\\/11\\\/waffle-bowl-machine.jpg\",\"contentUrl\":\"https:\\\/\\\/www.bakeryturnkey.com\\\/wp-content\\\/uploads\\\/2024\\\/11\\\/waffle-bowl-machine.jpg\",\"width\":800,\"height\":800,\"caption\":\"Waffle Bowl Machine For Sale\"},{\"@type\":\"BreadcrumbList\",\"@id\":\"https:\\\/\\\/www.bakeryturnkey.com\\\/product\\\/ice-cream-waffle-bowl-machine\\\/#breadcrumb\",\"itemListElement\":[{\"@type\":\"ListItem\",\"position\":1,\"name\":\"Home\",\"item\":\"https:\\\/\\\/www.bakeryturnkey.com\\\/\"},{\"@type\":\"ListItem\",\"position\":2,\"name\":\"Products\",\"item\":\"https:\\\/\\\/www.bakeryturnkey.com\\\/products\\\/\"},{\"@type\":\"ListItem\",\"position\":3,\"name\":\"Ice Cream Waffle Bowl Machine Electric and Gas\"}]},{\"@type\":\"WebSite\",\"@id\":\"https:\\\/\\\/www.bakeryturnkey.com\\\/#website\",\"url\":\"https:\\\/\\\/www.bakeryturnkey.com\\\/\",\"name\":\"Bakery Food Processing Equipment Manufacturer\",\"description\":\"Bakery Food Solutions Provider\",\"publisher\":{\"@id\":\"https:\\\/\\\/www.bakeryturnkey.com\\\/#organization\"},\"potentialAction\":[{\"@type\":\"SearchAction\",\"target\":{\"@type\":\"EntryPoint\",\"urlTemplate\":\"https:\\\/\\\/www.bakeryturnkey.com\\\/?s={search_term_string}\"},\"query-input\":{\"@type\":\"PropertyValueSpecification\",\"valueRequired\":true,\"valueName\":\"search_term_string\"}}],\"inLanguage\":\"pt-PT\"},{\"@type\":\"Organization\",\"@id\":\"https:\\\/\\\/www.bakeryturnkey.com\\\/#organization\",\"name\":\"Bakery Food Processing Equipment Manufacturer\",\"url\":\"https:\\\/\\\/www.bakeryturnkey.com\\\/\",\"logo\":{\"@type\":\"ImageObject\",\"inLanguage\":\"pt-PT\",\"@id\":\"https:\\\/\\\/www.bakeryturnkey.com\\\/#\\\/schema\\\/logo\\\/image\\\/\",\"url\":\"https:\\\/\\\/www.bakeryturnkey.com\\\/wp-content\\\/uploads\\\/2022\\\/03\\\/cropped-13-1.png\",\"contentUrl\":\"https:\\\/\\\/www.bakeryturnkey.com\\\/wp-content\\\/uploads\\\/2022\\\/03\\\/cropped-13-1.png\",\"width\":512,\"height\":429,\"caption\":\"Bakery Food Processing Equipment Manufacturer\"},\"image\":{\"@id\":\"https:\\\/\\\/www.bakeryturnkey.com\\\/#\\\/schema\\\/logo\\\/image\\\/\"}},false]}<\/script>\n<!-- \/ Yoast SEO plugin. -->","yoast_head_json":{"title":"Ice Cream Waffle Bowl Machine Electric and Gas","description":"The ice cream waffle bowl machine produces crispy and uniform product - waffle bowls. The machine is easy to operate and can be heated by electric or gas.","robots":{"index":"index","follow":"follow","max-snippet":"max-snippet:-1","max-image-preview":"max-image-preview:large","max-video-preview":"max-video-preview:-1"},"canonical":"https:\/\/www.bakeryturnkey.com\/pt\/produto\/ice-cream-waffle-bowl-machine\/","og_locale":"pt_PT","og_type":"article","og_title":"Ice Cream Waffle Bowl Machine Electric and Gas","og_description":"The ice cream waffle bowl machine produces crispy and uniform product - waffle bowls. The machine is easy to operate and can be heated by electric or gas.","og_url":"https:\/\/www.bakeryturnkey.com\/pt\/produto\/ice-cream-waffle-bowl-machine\/","og_site_name":"Bakery Food Processing Equipment Manufacturer","article_modified_time":"2024-11-05T09:21:31+00:00","og_image":[{"width":800,"height":800,"url":"https:\/\/www.bakeryturnkey.com\/wp-content\/uploads\/2024\/11\/waffle-bowl-machine.jpg","type":"image\/jpeg"}],"twitter_card":"summary_large_image","twitter_misc":{"Tempo estimado de leitura":"3 minutos"},"schema":{"@context":"https:\/\/schema.org","@graph":[{"@type":"WebPage","@id":"https:\/\/www.bakeryturnkey.com\/product\/ice-cream-waffle-bowl-machine\/","url":"https:\/\/www.bakeryturnkey.com\/product\/ice-cream-waffle-bowl-machine\/","name":"Ice Cream Waffle Bowl Machine Electric and Gas","isPartOf":{"@id":"https:\/\/www.bakeryturnkey.com\/#website"},"primaryImageOfPage":{"@id":"https:\/\/www.bakeryturnkey.com\/product\/ice-cream-waffle-bowl-machine\/#primaryimage"},"image":{"@id":"https:\/\/www.bakeryturnkey.com\/product\/ice-cream-waffle-bowl-machine\/#primaryimage"},"thumbnailUrl":"https:\/\/www.bakeryturnkey.com\/wp-content\/uploads\/2024\/11\/waffle-bowl-machine.jpg","datePublished":"2024-11-05T08:07:10+00:00","dateModified":"2024-11-05T09:21:31+00:00","description":"The ice cream waffle bowl machine produces crispy and uniform product - waffle bowls. The machine is easy to operate and can be heated by electric or gas.","breadcrumb":{"@id":"https:\/\/www.bakeryturnkey.com\/product\/ice-cream-waffle-bowl-machine\/#breadcrumb"},"inLanguage":"pt-PT","potentialAction":[{"@type":"ReadAction","target":["https:\/\/www.bakeryturnkey.com\/product\/ice-cream-waffle-bowl-machine\/"]}]},{"@type":"ImageObject","inLanguage":"pt-PT","@id":"https:\/\/www.bakeryturnkey.com\/product\/ice-cream-waffle-bowl-machine\/#primaryimage","url":"https:\/\/www.bakeryturnkey.com\/wp-content\/uploads\/2024\/11\/waffle-bowl-machine.jpg","contentUrl":"https:\/\/www.bakeryturnkey.com\/wp-content\/uploads\/2024\/11\/waffle-bowl-machine.jpg","width":800,"height":800,"caption":"Waffle Bowl Machine For Sale"},{"@type":"BreadcrumbList","@id":"https:\/\/www.bakeryturnkey.com\/product\/ice-cream-waffle-bowl-machine\/#breadcrumb","itemListElement":[{"@type":"ListItem","position":1,"name":"Home","item":"https:\/\/www.bakeryturnkey.com\/"},{"@type":"ListItem","position":2,"name":"Products","item":"https:\/\/www.bakeryturnkey.com\/products\/"},{"@type":"ListItem","position":3,"name":"Ice Cream Waffle Bowl Machine Electric and Gas"}]},{"@type":"WebSite","@id":"https:\/\/www.bakeryturnkey.com\/#website","url":"https:\/\/www.bakeryturnkey.com\/","name":"Bakery Food Processing Equipment Manufacturer","description":"Bakery Food Solutions Provider","publisher":{"@id":"https:\/\/www.bakeryturnkey.com\/#organization"},"potentialAction":[{"@type":"SearchAction","target":{"@type":"EntryPoint","urlTemplate":"https:\/\/www.bakeryturnkey.com\/?s={search_term_string}"},"query-input":{"@type":"PropertyValueSpecification","valueRequired":true,"valueName":"search_term_string"}}],"inLanguage":"pt-PT"},{"@type":"Organization","@id":"https:\/\/www.bakeryturnkey.com\/#organization","name":"Bakery Food Processing Equipment Manufacturer","url":"https:\/\/www.bakeryturnkey.com\/","logo":{"@type":"ImageObject","inLanguage":"pt-PT","@id":"https:\/\/www.bakeryturnkey.com\/#\/schema\/logo\/image\/","url":"https:\/\/www.bakeryturnkey.com\/wp-content\/uploads\/2022\/03\/cropped-13-1.png","contentUrl":"https:\/\/www.bakeryturnkey.com\/wp-content\/uploads\/2022\/03\/cropped-13-1.png","width":512,"height":429,"caption":"Bakery Food Processing Equipment Manufacturer"},"image":{"@id":"https:\/\/www.bakeryturnkey.com\/#\/schema\/logo\/image\/"}},false]}},"yasr_visitor_votes":{"stars_attributes":{"read_only":false,"span_bottom":false},"number_of_votes":0,"sum_votes":0},"_links":{"self":[{"href":"https:\/\/www.bakeryturnkey.com\/pt\/wp-json\/wp\/v2\/product\/4521","targetHints":{"allow":["GET"]}}],"collection":[{"href":"https:\/\/www.bakeryturnkey.com\/pt\/wp-json\/wp\/v2\/product"}],"about":[{"href":"https:\/\/www.bakeryturnkey.com\/pt\/wp-json\/wp\/v2\/types\/product"}],"replies":[{"embeddable":true,"href":"https:\/\/www.bakeryturnkey.com\/pt\/wp-json\/wp\/v2\/comments?post=4521"}],"wp:featuredmedia":[{"embeddable":true,"href":"https:\/\/www.bakeryturnkey.com\/pt\/wp-json\/wp\/v2\/media\/4523"}],"wp:attachment":[{"href":"https:\/\/www.bakeryturnkey.com\/pt\/wp-json\/wp\/v2\/media?parent=4521"}],"wp:term":[{"taxonomy":"product_cat","embeddable":true,"href":"https:\/\/www.bakeryturnkey.com\/pt\/wp-json\/wp\/v2\/product_cat?post=4521"},{"taxonomy":"product_tag","embeddable":true,"href":"https:\/\/www.bakeryturnkey.com\/pt\/wp-json\/wp\/v2\/product_tag?post=4521"}],"curies":[{"name":"wp","href":"https:\/\/api.w.org\/{rel}","templated":true}]}}