{"id":4516,"date":"2024-10-22T18:49:08","date_gmt":"2024-10-22T10:49:08","guid":{"rendered":"https:\/\/www.bakeryturnkey.com\/?post_type=product&#038;p=4516"},"modified":"2026-03-13T22:47:33","modified_gmt":"2026-03-13T14:47:33","slug":"butter-cookie-machine","status":"publish","type":"product","link":"https:\/\/www.bakeryturnkey.com\/pt\/produto\/butter-cookie-machine\/","title":{"rendered":"M\u00e1quina multifuncional de fazer biscoitos de manteiga"},"content":{"rendered":"<p>A m\u00e1quina de fazer biscoitos de manteiga \u00e9 um equipamento de padaria multifuncional que combina corte de massa, estampagem e forma\u00e7\u00e3o. Foi concebida para padarias, confeitarias e fabricantes de alimentos.<\/p>\n<p>Esta m\u00e1quina de dep\u00f3sito pode produzir com efici\u00eancia e precis\u00e3o biscoitos numa variedade de formas e padr\u00f5es. Com o seu design robusto e longa vida \u00fatil, \u00e9 adequada tanto para opera\u00e7\u00f5es de pequena escala como de grande escala.<\/p>\n<p><img loading=\"lazy\" decoding=\"async\" class=\"alignnone size-full wp-image-4518\" src=\"https:\/\/www.bakeryturnkey.com\/wp-content\/uploads\/2024\/10\/43.jpg\" alt=\"M\u00e1quina industrial de dep\u00f3sito de biscoitos \" width=\"630\" height=\"400\" srcset=\"https:\/\/www.bakeryturnkey.com\/wp-content\/uploads\/2024\/10\/43.jpg 630w, https:\/\/www.bakeryturnkey.com\/wp-content\/uploads\/2024\/10\/43-300x190.jpg 300w, https:\/\/www.bakeryturnkey.com\/wp-content\/uploads\/2024\/10\/43-600x381.jpg 600w\" sizes=\"auto, (max-width: 630px) 100vw, 630px\" \/><\/p>\n<h2><strong>Carater\u00edsticas da m\u00e1quina de fazer biscoitos de manteiga<\/strong><\/h2>\n<ol>\n<li>Deposi\u00e7\u00e3o de alta precis\u00e3o: A m\u00e1quina est\u00e1 equipada com sensores e sistemas de controlo avan\u00e7ados, assegurando a deposi\u00e7\u00e3o precisa e uniforme da massa dos biscoitos. Este elevado n\u00edvel de precis\u00e3o garante um tamanho, forma e peso consistentes, o que \u00e9 essencial para manter a qualidade e o aspeto apelativo das bolachas.<\/li>\n<li>Bicos vers\u00e1teis: Est\u00e1 dispon\u00edvel uma variedade de bocais, permitindo diferentes formas e designs de bolachas de manteiga. Quer necessite de bolachas redondas simples ou de padr\u00f5es complexos, a m\u00e1quina de dep\u00f3sito de bolachas pode tratar de tudo, proporcionando flexibilidade na personaliza\u00e7\u00e3o do produto.<\/li>\n<li>Interface de f\u00e1cil utiliza\u00e7\u00e3o: A m\u00e1quina possui uma interface de ecr\u00e3 t\u00e1til intuitiva, que permite aos operadores controlar e afinar as defini\u00e7\u00f5es sem esfor\u00e7o. Par\u00e2metros como a velocidade de deposi\u00e7\u00e3o, o volume e o padr\u00e3o podem ser facilmente ajustados, assegurando um fluxo de trabalho de produ\u00e7\u00e3o cont\u00ednuo e eficiente.<\/li>\n<li>Design higi\u00e9nico: A m\u00e1quina \u00e9 fabricada com materiais de alta qualidade e de qualidade alimentar, garantindo o cumprimento de rigorosas normas de higiene. O seu design inteligente permite uma limpeza r\u00e1pida e completa, simplificando a manuten\u00e7\u00e3o e reduzindo significativamente o risco de contamina\u00e7\u00e3o. Isto garante a seguran\u00e7a e a integridade dos seus produtos.<\/li>\n<li>Elevada capacidade e velocidade: Concebida para uma produ\u00e7\u00e3o de grande volume, a m\u00e1quina pode depositar um grande n\u00famero de bolachas por minuto, aumentando significativamente a produ\u00e7\u00e3o sem comprometer a qualidade. Isto torna-a ideal para satisfazer as exig\u00eancias de cozinhas comerciais movimentadas e de fabrico em grande escala.<\/li>\n<\/ol>\n<h2><strong>V\u00eddeo da M\u00e1quina de dep\u00f3sito de bolachas<\/strong><\/h2>\n<div class=\"ast-oembed-container\"><iframe loading=\"lazy\" title=\"M\u00e1quina Comercial de Biscoitos|M\u00e1quina Autom\u00e1tica de Formar Biscoitos 400 600\" width=\"500\" height=\"281\" src=\"https:\/\/www.youtube.com\/embed\/xriXfyqiS2w?feature=oembed\" frameborder=\"0\" allow=\"accelerometer; autoplay; clipboard-write; encrypted-media; gyroscope; picture-in-picture; web-share\" referrerpolicy=\"strict-origin-when-cross-origin\" allowfullscreen><\/iframe><\/div>\n<h2><strong>Processo de processamento de bolachas de manteiga<\/strong><\/h2>\n<ul>\n<li>Prepara\u00e7\u00e3o da massa: Em primeiro lugar, as mat\u00e9rias-primas (como a farinha, o a\u00e7\u00facar, a manteiga, os ovos, etc.) s\u00e3o misturadas e transformadas em massa.<\/li>\n<li>Transporte da massa: A massa \u00e9 introduzida na m\u00e1quina de dep\u00f3sito de bolachas de manteiga, normalmente atrav\u00e9s de um tapete transportador ou de uma h\u00e9lice de parafuso.<\/li>\n<li>Corte da massa: A massa \u00e9 transportada para uma sec\u00e7\u00e3o de corte, que normalmente tem uma ou mais matrizes de corte para cortar diferentes formas, conforme necess\u00e1rio.<\/li>\n<li>Estampagem e modela\u00e7\u00e3o: A massa cortada passa pelos rolos de estampagem da m\u00e1quina, que s\u00e3o gravados com padr\u00f5es para gravar a massa.<\/li>\n<li>Separar e dispor: As bolachas moldadas s\u00e3o separadas e dispostas em tabuleiros, prontas a cozer.<\/li>\n<\/ul>\n<p>A m\u00e1quina de fazer biscoitos de manteiga \u00e9 um equipamento abrangente e eficiente para produzir biscoitos de manteiga de alta qualidade. A multifuncionalidade permite aos clientes substituir rapidamente diferentes moldes de corte e rolos de impress\u00e3o durante a utiliza\u00e7\u00e3o para fazer biscoitos de diferentes formas e padr\u00f5es, melhorando assim a efici\u00eancia da produ\u00e7\u00e3o e satisfazendo necessidades diversificadas.<\/p>\n<h3><strong>Par\u00e2metros do produto<\/strong><\/h3>\n<table border=\"1\" cellspacing=\"1\" cellpadding=\"1\">\n<tbody>\n<tr>\n<td>Modelo<\/td>\n<td>GG-400<\/td>\n<\/tr>\n<tr>\n<td>Capacidade<\/td>\n<td>100KG\/H<\/td>\n<\/tr>\n<tr>\n<td>Tens\u00e3o<\/td>\n<td>220V, 50HZ<\/td>\n<\/tr>\n<tr>\n<td>Pot\u00eancia<\/td>\n<td>1.5KW<\/td>\n<\/tr>\n<tr>\n<td>Press\u00e3o do ar<\/td>\n<td>400*600MM<\/td>\n<\/tr>\n<tr>\n<td>Tamanho da forma<\/td>\n<td>400*600MM<\/td>\n<\/tr>\n<tr>\n<td>Tamanho da m\u00e1quina<\/td>\n<td>1380*980*1220MM<\/td>\n<\/tr>\n<tr>\n<td>Peso<\/td>\n<td>450KG<\/td>\n<\/tr>\n<\/tbody>\n<\/table>\n<h3><strong>Deixe o seu pedido de or\u00e7amento<\/strong><\/h3>\n<div id=\"wpcf7-f2977-p3974-o2\" class=\"wpcf7 js\" dir=\"ltr\" lang=\"en-US\">\n<div id=\"wpcf7-f2977-p3983-o2\" class=\"wpcf7 js\" dir=\"ltr\" lang=\"en-US\">\n<div id=\"wpcf7-f2977-p4370-o2\" class=\"wpcf7 js\" dir=\"ltr\" lang=\"en-US\"><\/div>\n<\/div>\n<\/div>\n<div style='text-align:left' class='yasr-auto-insert-visitor'><\/div>","protected":false},"excerpt":{"rendered":"<p>A m\u00e1quina de fazer biscoitos de manteiga \u00e9 um equipamento de padaria multifuncional que combina corte de massa, estampagem e forma\u00e7\u00e3o. Foi concebida para padarias, confeitarias e fabricantes de alimentos. Esta m\u00e1quina de dep\u00f3sito pode produzir com efici\u00eancia e precis\u00e3o biscoitos numa variedade de formas e padr\u00f5es. Com o seu design robusto e longa vida \u00fatil, \u00e9 adequado tanto para ...<\/p>\n<p class=\"read-more\"> <a class=\"\" href=\"https:\/\/www.bakeryturnkey.com\/pt\/produto\/butter-cookie-machine\/\"> <span class=\"screen-reader-text\">M\u00e1quina multifuncional de fazer biscoitos de manteiga<\/span> Ler mais \"<\/a><\/p>","protected":false},"featured_media":4519,"comment_status":"open","ping_status":"closed","template":"","meta":{"site-sidebar-layout":"default","site-content-layout":"default","ast-main-header-display":"","ast-hfb-above-header-display":"","ast-hfb-below-header-display":"","ast-hfb-mobile-header-display":"","site-post-title":"","ast-breadcrumbs-content":"","ast-featured-img":"","footer-sml-layout":"","theme-transparent-header-meta":"default","adv-header-id-meta":"","stick-header-meta":"","header-above-stick-meta":"","header-main-stick-meta":"","header-below-stick-meta":"","yasr_overall_rating":0,"yasr_post_is_review":"","yasr_auto_insert_disabled":"","yasr_review_type":""},"product_cat":[15],"product_tag":[],"class_list":["post-4516","product","type-product","status-publish","has-post-thumbnail","hentry","product_cat-biscuit-machinery"],"yoast_head":"<!-- This site is optimized with the Yoast SEO plugin v27.5 - https:\/\/yoast.com\/product\/yoast-seo-wordpress\/ -->\n<title>Multifunctional Butter Cookie Making Depositor Machine<\/title>\n<meta name=\"description\" content=\"The butter cookie making machine is a multifunctional bakery equipment that for cookies production. It is made of stainless steel, clean and hygienic.\" \/>\n<meta name=\"robots\" content=\"index, follow, max-snippet:-1, max-image-preview:large, max-video-preview:-1\" \/>\n<link rel=\"canonical\" href=\"https:\/\/www.bakeryturnkey.com\/pt\/produto\/butter-cookie-machine\/\" \/>\n<meta property=\"og:locale\" content=\"pt_PT\" \/>\n<meta property=\"og:type\" content=\"article\" \/>\n<meta property=\"og:title\" content=\"Multifunctional Butter Cookie Making Depositor Machine\" \/>\n<meta property=\"og:description\" content=\"The butter cookie making machine is a multifunctional bakery equipment that for cookies production. It is made of stainless steel, clean and hygienic.\" \/>\n<meta property=\"og:url\" content=\"https:\/\/www.bakeryturnkey.com\/pt\/produto\/butter-cookie-machine\/\" \/>\n<meta property=\"og:site_name\" content=\"Bakery Food Processing Equipment Manufacturer\" \/>\n<meta property=\"article:modified_time\" content=\"2026-03-13T14:47:33+00:00\" \/>\n<meta property=\"og:image\" content=\"https:\/\/www.bakeryturnkey.com\/wp-content\/uploads\/2024\/10\/7.jpg\" \/>\n\t<meta property=\"og:image:width\" content=\"800\" \/>\n\t<meta property=\"og:image:height\" content=\"800\" \/>\n\t<meta property=\"og:image:type\" content=\"image\/jpeg\" \/>\n<meta name=\"twitter:card\" content=\"summary_large_image\" \/>\n<meta name=\"twitter:label1\" content=\"Tempo estimado de leitura\" \/>\n\t<meta name=\"twitter:data1\" content=\"3 minutos\" \/>\n<script type=\"application\/ld+json\" class=\"yoast-schema-graph\">{\"@context\":\"https:\\\/\\\/schema.org\",\"@graph\":[{\"@type\":\"WebPage\",\"@id\":\"https:\\\/\\\/www.bakeryturnkey.com\\\/product\\\/butter-cookie-machine\\\/\",\"url\":\"https:\\\/\\\/www.bakeryturnkey.com\\\/product\\\/butter-cookie-machine\\\/\",\"name\":\"Multifunctional Butter Cookie Making Depositor Machine\",\"isPartOf\":{\"@id\":\"https:\\\/\\\/www.bakeryturnkey.com\\\/#website\"},\"primaryImageOfPage\":{\"@id\":\"https:\\\/\\\/www.bakeryturnkey.com\\\/product\\\/butter-cookie-machine\\\/#primaryimage\"},\"image\":{\"@id\":\"https:\\\/\\\/www.bakeryturnkey.com\\\/product\\\/butter-cookie-machine\\\/#primaryimage\"},\"thumbnailUrl\":\"https:\\\/\\\/www.bakeryturnkey.com\\\/wp-content\\\/uploads\\\/2024\\\/10\\\/7.jpg\",\"datePublished\":\"2024-10-22T10:49:08+00:00\",\"dateModified\":\"2026-03-13T14:47:33+00:00\",\"description\":\"The butter cookie making machine is a multifunctional bakery equipment that for cookies production. It is made of stainless steel, clean and hygienic.\",\"breadcrumb\":{\"@id\":\"https:\\\/\\\/www.bakeryturnkey.com\\\/product\\\/butter-cookie-machine\\\/#breadcrumb\"},\"inLanguage\":\"pt-PT\",\"potentialAction\":[{\"@type\":\"ReadAction\",\"target\":[\"https:\\\/\\\/www.bakeryturnkey.com\\\/product\\\/butter-cookie-machine\\\/\"]}]},{\"@type\":\"ImageObject\",\"inLanguage\":\"pt-PT\",\"@id\":\"https:\\\/\\\/www.bakeryturnkey.com\\\/product\\\/butter-cookie-machine\\\/#primaryimage\",\"url\":\"https:\\\/\\\/www.bakeryturnkey.com\\\/wp-content\\\/uploads\\\/2024\\\/10\\\/7.jpg\",\"contentUrl\":\"https:\\\/\\\/www.bakeryturnkey.com\\\/wp-content\\\/uploads\\\/2024\\\/10\\\/7.jpg\",\"width\":800,\"height\":800,\"caption\":\"Cookie Forming Machine For Sale\"},{\"@type\":\"BreadcrumbList\",\"@id\":\"https:\\\/\\\/www.bakeryturnkey.com\\\/product\\\/butter-cookie-machine\\\/#breadcrumb\",\"itemListElement\":[{\"@type\":\"ListItem\",\"position\":1,\"name\":\"Home\",\"item\":\"https:\\\/\\\/www.bakeryturnkey.com\\\/\"},{\"@type\":\"ListItem\",\"position\":2,\"name\":\"Products\",\"item\":\"https:\\\/\\\/www.bakeryturnkey.com\\\/products\\\/\"},{\"@type\":\"ListItem\",\"position\":3,\"name\":\"Multifunctional Butter Cookie Making Depositor Machine\"}]},{\"@type\":\"WebSite\",\"@id\":\"https:\\\/\\\/www.bakeryturnkey.com\\\/#website\",\"url\":\"https:\\\/\\\/www.bakeryturnkey.com\\\/\",\"name\":\"Bakery Food Processing Equipment Manufacturer\",\"description\":\"Bakery Food Solutions Provider\",\"publisher\":{\"@id\":\"https:\\\/\\\/www.bakeryturnkey.com\\\/#organization\"},\"potentialAction\":[{\"@type\":\"SearchAction\",\"target\":{\"@type\":\"EntryPoint\",\"urlTemplate\":\"https:\\\/\\\/www.bakeryturnkey.com\\\/?s={search_term_string}\"},\"query-input\":{\"@type\":\"PropertyValueSpecification\",\"valueRequired\":true,\"valueName\":\"search_term_string\"}}],\"inLanguage\":\"pt-PT\"},{\"@type\":\"Organization\",\"@id\":\"https:\\\/\\\/www.bakeryturnkey.com\\\/#organization\",\"name\":\"Bakery Food Processing Equipment Manufacturer\",\"url\":\"https:\\\/\\\/www.bakeryturnkey.com\\\/\",\"logo\":{\"@type\":\"ImageObject\",\"inLanguage\":\"pt-PT\",\"@id\":\"https:\\\/\\\/www.bakeryturnkey.com\\\/#\\\/schema\\\/logo\\\/image\\\/\",\"url\":\"https:\\\/\\\/www.bakeryturnkey.com\\\/wp-content\\\/uploads\\\/2022\\\/03\\\/cropped-13-1.png\",\"contentUrl\":\"https:\\\/\\\/www.bakeryturnkey.com\\\/wp-content\\\/uploads\\\/2022\\\/03\\\/cropped-13-1.png\",\"width\":512,\"height\":429,\"caption\":\"Bakery Food Processing Equipment Manufacturer\"},\"image\":{\"@id\":\"https:\\\/\\\/www.bakeryturnkey.com\\\/#\\\/schema\\\/logo\\\/image\\\/\"}},false]}<\/script>\n<!-- \/ Yoast SEO plugin. -->","yoast_head_json":{"title":"Multifunctional Butter Cookie Making Depositor Machine","description":"The butter cookie making machine is a multifunctional bakery equipment that for cookies production. It is made of stainless steel, clean and hygienic.","robots":{"index":"index","follow":"follow","max-snippet":"max-snippet:-1","max-image-preview":"max-image-preview:large","max-video-preview":"max-video-preview:-1"},"canonical":"https:\/\/www.bakeryturnkey.com\/pt\/produto\/butter-cookie-machine\/","og_locale":"pt_PT","og_type":"article","og_title":"Multifunctional Butter Cookie Making Depositor Machine","og_description":"The butter cookie making machine is a multifunctional bakery equipment that for cookies production. It is made of stainless steel, clean and hygienic.","og_url":"https:\/\/www.bakeryturnkey.com\/pt\/produto\/butter-cookie-machine\/","og_site_name":"Bakery Food Processing Equipment Manufacturer","article_modified_time":"2026-03-13T14:47:33+00:00","og_image":[{"width":800,"height":800,"url":"https:\/\/www.bakeryturnkey.com\/wp-content\/uploads\/2024\/10\/7.jpg","type":"image\/jpeg"}],"twitter_card":"summary_large_image","twitter_misc":{"Tempo estimado de leitura":"3 minutos"},"schema":{"@context":"https:\/\/schema.org","@graph":[{"@type":"WebPage","@id":"https:\/\/www.bakeryturnkey.com\/product\/butter-cookie-machine\/","url":"https:\/\/www.bakeryturnkey.com\/product\/butter-cookie-machine\/","name":"Multifunctional Butter Cookie Making Depositor Machine","isPartOf":{"@id":"https:\/\/www.bakeryturnkey.com\/#website"},"primaryImageOfPage":{"@id":"https:\/\/www.bakeryturnkey.com\/product\/butter-cookie-machine\/#primaryimage"},"image":{"@id":"https:\/\/www.bakeryturnkey.com\/product\/butter-cookie-machine\/#primaryimage"},"thumbnailUrl":"https:\/\/www.bakeryturnkey.com\/wp-content\/uploads\/2024\/10\/7.jpg","datePublished":"2024-10-22T10:49:08+00:00","dateModified":"2026-03-13T14:47:33+00:00","description":"The butter cookie making machine is a multifunctional bakery equipment that for cookies production. It is made of stainless steel, clean and hygienic.","breadcrumb":{"@id":"https:\/\/www.bakeryturnkey.com\/product\/butter-cookie-machine\/#breadcrumb"},"inLanguage":"pt-PT","potentialAction":[{"@type":"ReadAction","target":["https:\/\/www.bakeryturnkey.com\/product\/butter-cookie-machine\/"]}]},{"@type":"ImageObject","inLanguage":"pt-PT","@id":"https:\/\/www.bakeryturnkey.com\/product\/butter-cookie-machine\/#primaryimage","url":"https:\/\/www.bakeryturnkey.com\/wp-content\/uploads\/2024\/10\/7.jpg","contentUrl":"https:\/\/www.bakeryturnkey.com\/wp-content\/uploads\/2024\/10\/7.jpg","width":800,"height":800,"caption":"Cookie Forming Machine For Sale"},{"@type":"BreadcrumbList","@id":"https:\/\/www.bakeryturnkey.com\/product\/butter-cookie-machine\/#breadcrumb","itemListElement":[{"@type":"ListItem","position":1,"name":"Home","item":"https:\/\/www.bakeryturnkey.com\/"},{"@type":"ListItem","position":2,"name":"Products","item":"https:\/\/www.bakeryturnkey.com\/products\/"},{"@type":"ListItem","position":3,"name":"Multifunctional Butter Cookie Making Depositor Machine"}]},{"@type":"WebSite","@id":"https:\/\/www.bakeryturnkey.com\/#website","url":"https:\/\/www.bakeryturnkey.com\/","name":"Bakery Food Processing Equipment Manufacturer","description":"Bakery Food Solutions Provider","publisher":{"@id":"https:\/\/www.bakeryturnkey.com\/#organization"},"potentialAction":[{"@type":"SearchAction","target":{"@type":"EntryPoint","urlTemplate":"https:\/\/www.bakeryturnkey.com\/?s={search_term_string}"},"query-input":{"@type":"PropertyValueSpecification","valueRequired":true,"valueName":"search_term_string"}}],"inLanguage":"pt-PT"},{"@type":"Organization","@id":"https:\/\/www.bakeryturnkey.com\/#organization","name":"Bakery Food Processing Equipment Manufacturer","url":"https:\/\/www.bakeryturnkey.com\/","logo":{"@type":"ImageObject","inLanguage":"pt-PT","@id":"https:\/\/www.bakeryturnkey.com\/#\/schema\/logo\/image\/","url":"https:\/\/www.bakeryturnkey.com\/wp-content\/uploads\/2022\/03\/cropped-13-1.png","contentUrl":"https:\/\/www.bakeryturnkey.com\/wp-content\/uploads\/2022\/03\/cropped-13-1.png","width":512,"height":429,"caption":"Bakery Food Processing Equipment Manufacturer"},"image":{"@id":"https:\/\/www.bakeryturnkey.com\/#\/schema\/logo\/image\/"}},false]}},"yasr_visitor_votes":{"stars_attributes":{"read_only":false,"span_bottom":false},"number_of_votes":0,"sum_votes":0},"_links":{"self":[{"href":"https:\/\/www.bakeryturnkey.com\/pt\/wp-json\/wp\/v2\/product\/4516","targetHints":{"allow":["GET"]}}],"collection":[{"href":"https:\/\/www.bakeryturnkey.com\/pt\/wp-json\/wp\/v2\/product"}],"about":[{"href":"https:\/\/www.bakeryturnkey.com\/pt\/wp-json\/wp\/v2\/types\/product"}],"replies":[{"embeddable":true,"href":"https:\/\/www.bakeryturnkey.com\/pt\/wp-json\/wp\/v2\/comments?post=4516"}],"wp:featuredmedia":[{"embeddable":true,"href":"https:\/\/www.bakeryturnkey.com\/pt\/wp-json\/wp\/v2\/media\/4519"}],"wp:attachment":[{"href":"https:\/\/www.bakeryturnkey.com\/pt\/wp-json\/wp\/v2\/media?parent=4516"}],"wp:term":[{"taxonomy":"product_cat","embeddable":true,"href":"https:\/\/www.bakeryturnkey.com\/pt\/wp-json\/wp\/v2\/product_cat?post=4516"},{"taxonomy":"product_tag","embeddable":true,"href":"https:\/\/www.bakeryturnkey.com\/pt\/wp-json\/wp\/v2\/product_tag?post=4516"}],"curies":[{"name":"wp","href":"https:\/\/api.w.org\/{rel}","templated":true}]}}