{"id":4510,"date":"2024-10-21T16:45:15","date_gmt":"2024-10-21T08:45:15","guid":{"rendered":"https:\/\/www.bakeryturnkey.com\/?post_type=product&#038;p=4510"},"modified":"2024-10-21T16:58:21","modified_gmt":"2024-10-21T08:58:21","slug":"chocolate-cone-filling-machine","status":"publish","type":"product","link":"https:\/\/www.bakeryturnkey.com\/pt\/produto\/chocolate-cone-filling-machine\/","title":{"rendered":"M\u00e1quina de Enchimento de Cones de Chocolate e Sorvete 2400 L\/H"},"content":{"rendered":"<p>A m\u00e1quina de enchimento de cone de chocolate \u00e9 um equipamento automatizado projetado para linhas de produ\u00e7\u00e3o de cone de sorvete. Ela integra m\u00faltiplas tecnologias avan\u00e7adas para garantir efici\u00eancia de produ\u00e7\u00e3o e alta qualidade do produto.<\/p>\n<p>Este equipamento satisfaz as necessidades dos consumidores modernos para produtos de alta qualidade e diversificados de cones de gelado. Com a sua tecnologia de enchimento precisa e capacidade de produ\u00e7\u00e3o flex\u00edvel, tornou-se a escolha ideal para os fabricantes de cones de gelado.<\/p>\n<p><img loading=\"lazy\" decoding=\"async\" class=\"alignnone size-full wp-image-4511\" src=\"https:\/\/www.bakeryturnkey.com\/wp-content\/uploads\/2024\/10\/88.jpg\" alt=\"M\u00e1quina de enchimento de cones de gelado\" width=\"600\" height=\"600\" srcset=\"https:\/\/www.bakeryturnkey.com\/wp-content\/uploads\/2024\/10\/88.jpg 600w, https:\/\/www.bakeryturnkey.com\/wp-content\/uploads\/2024\/10\/88-300x300.jpg 300w, https:\/\/www.bakeryturnkey.com\/wp-content\/uploads\/2024\/10\/88-150x150.jpg 150w, https:\/\/www.bakeryturnkey.com\/wp-content\/uploads\/2024\/10\/88-100x100.jpg 100w\" sizes=\"auto, (max-width: 600px) 100vw, 600px\" \/><\/p>\n<h2><strong>M\u00e1quina de enchimento de cone de chocolate para sorvete Carater\u00edsticas<\/strong><\/h2>\n<ul>\n<li>Opera\u00e7\u00e3o c\u00f3moda: A interface de funcionamento da m\u00e1quina \u00e9 intuitiva, f\u00e1cil de compreender e utilizar, reduzindo o tempo de forma\u00e7\u00e3o dos operadores. O elevado grau de automatiza\u00e7\u00e3o pode reduzir a interven\u00e7\u00e3o manual.<\/li>\n<li>Material: A m\u00e1quina de enchimento \u00e9 totalmente fabricada em a\u00e7o inoxid\u00e1vel, o que garante a durabilidade e a resist\u00eancia \u00e0 corros\u00e3o do equipamento, cumprindo simultaneamente as normas de higiene do processamento de alimentos.<\/li>\n<li>Capacidade de produ\u00e7\u00e3o flex\u00edvel: A m\u00e1quina de enchimento de chocolate pode ajustar facilmente a produ\u00e7\u00e3o e pode ser rapidamente alterada sem ajustes adicionais para se adaptar a diferentes necessidades de produ\u00e7\u00e3o.<\/li>\n<li>Enchimento exato: A bomba independente est\u00e1 equipada com uma v\u00e1lvula de press\u00e3o de alta qualidade e tem uma fun\u00e7\u00e3o de enchimento quantitativo. A tecnologia exacta n\u00e3o s\u00f3 garante a qualidade do produto, como tamb\u00e9m ajuda a reduzir o desperd\u00edcio de material.<\/li>\n<\/ul>\n<h2><strong>M\u00e1quina de enchimento de cones de gelado V\u00eddeo<\/strong><\/h2>\n<div class=\"ast-oembed-container\"><iframe loading=\"lazy\" title=\"M\u00e1quina de enchimento autom\u00e1tica de sorvete para grande capacidade\" width=\"500\" height=\"281\" src=\"https:\/\/www.youtube.com\/embed\/D62j1AIGHII?feature=oembed\" frameborder=\"0\" allow=\"accelerometer; autoplay; clipboard-write; encrypted-media; gyroscope; picture-in-picture; web-share\" referrerpolicy=\"strict-origin-when-cross-origin\" allowfullscreen><\/iframe><\/div>\n<h2><strong>Vantagens da m\u00e1quina de enchimento de cones de chocolate<\/strong><\/h2>\n<p>1. Higiene e seguran\u00e7a: O design do equipamento cumpre rigorosas normas de seguran\u00e7a alimentar, \u00e9 f\u00e1cil de limpar e desinfetar, previne eficazmente o crescimento bacteriano e garante a higiene e a seguran\u00e7a do produto.<br \/>\n2. Versatilidade: Suporta o enchimento de recipientes de v\u00e1rias formas e capacidades, como copos, cones, etc., e tamb\u00e9m pode encher uma variedade de materiais, como nozes picadas, gelado, compota, etc., para satisfazer necessidades de produ\u00e7\u00e3o diversificadas.<br \/>\n3. Economia de energia e alta efici\u00eancia: A m\u00e1quina de enchimento de cone de sorvete adota motores eficientes e sistemas de gest\u00e3o de energia otimizados para reduzir o consumo de energia, reduzir os custos operacionais e atender aos requisitos de prote\u00e7\u00e3o ambiental.<br \/>\n4. Controlo da temperatura: Possui um sistema preciso de controlo da temperatura para assegurar que o chocolate se mant\u00e9m nas melhores condi\u00e7\u00f5es durante o processo de enchimento, evitar o endurecimento e garantir a qualidade do produto.<br \/>\n5. Baixo custo de manuten\u00e7\u00e3o: O equipamento da m\u00e1quina de enchimento \u00e9 compacto e dur\u00e1vel, simples de manter e requer menos pe\u00e7as sobressalentes, o que reduz o custo de manuten\u00e7\u00e3o em opera\u00e7\u00f5es de longo prazo.<\/p>\n<p>A m\u00e1quina de enchimento de cone de sorvete de chocolate tem um design de movimento linear tipo gap e produz principalmente sorvete de cone de cor \u00fanica e dupla, sorvete de copo redondo, etc. Ela integra m\u00faltiplas fun\u00e7\u00f5es, tais como a coloca\u00e7\u00e3o de copos, classifica\u00e7\u00e3o, adi\u00e7\u00e3o de frutas secas, adi\u00e7\u00e3o de gel\u00e9ia, derramamento de chocolate, desenho e decora\u00e7\u00e3o. Tem uma apar\u00eancia bonita, opera\u00e7\u00e3o simples, limpeza conveniente, grande produ\u00e7\u00e3o, produtos unificados e padr\u00e3o, e \u00e9 adequado para grandes e m\u00e9dias empresas para produzir em lotes.<\/p>\n<p>A m\u00e1quina de enchimento de cones de chocolate \u00e9 adequada para fabricantes de sorvete de todos os tamanhos, sejam eles grandes empresas que buscam alta produ\u00e7\u00e3o ou pequenas f\u00e1bricas com foco na diversidade de produtos. Atrav\u00e9s deste equipamento, os fabricantes podem fornecer produtos de alta qualidade para cones de sorvete que atendam \u00e0s necessidades de diferentes consumidores.<\/p>\n<h3><strong>Par\u00e2metros do produto:<\/strong><\/h3>\n<table border=\"1\" cellspacing=\"1\" cellpadding=\"1\">\n<tbody>\n<tr>\n<td>Capacidade<\/td>\n<td>2400 L\/H<\/td>\n<\/tr>\n<tr>\n<td>Tens\u00e3o<\/td>\n<td>380v-50hz<\/td>\n<\/tr>\n<tr>\n<td>Consumo de g\u00e1s<\/td>\n<td>1,9m\u00b3\/min<\/td>\n<\/tr>\n<tr>\n<td>Peso<\/td>\n<td>2000kg<\/td>\n<\/tr>\n<tr>\n<td>Tamanho<\/td>\n<td>4800*1140*2000mm<\/td>\n<\/tr>\n<\/tbody>\n<\/table>\n<h3><strong>Deixe o seu pedido de or\u00e7amento<\/strong><\/h3>\n<div id=\"wpcf7-f2977-p3974-o2\" class=\"wpcf7 js\" dir=\"ltr\" lang=\"en-US\">\n<div id=\"wpcf7-f2977-p3983-o2\" class=\"wpcf7 js\" dir=\"ltr\" lang=\"en-US\">\n<div id=\"wpcf7-f2977-p4370-o2\" class=\"wpcf7 js\" dir=\"ltr\" lang=\"en-US\"><\/div>\n<\/div>\n<\/div>\n<div style='text-align:left' class='yasr-auto-insert-visitor'><\/div>","protected":false},"excerpt":{"rendered":"<p>A m\u00e1quina de enchimento de cone de chocolate \u00e9 um equipamento automatizado projetado para linhas de produ\u00e7\u00e3o de cone de sorvete. Ela integra m\u00faltiplas tecnologias avan\u00e7adas para garantir efici\u00eancia de produ\u00e7\u00e3o e alta qualidade do produto. Este equipamento atende \u00e0s necessidades dos consumidores modernos por produtos de alta qualidade e diversificados para casquinhas de sorvete. Com sua tecnologia de enchimento precisa e capacidade de produ\u00e7\u00e3o flex\u00edvel, ...<\/p>\n<p class=\"read-more\"> <a class=\"\" href=\"https:\/\/www.bakeryturnkey.com\/pt\/produto\/chocolate-cone-filling-machine\/\"> <span class=\"screen-reader-text\">M\u00e1quina de Enchimento de Cones de Chocolate e Sorvete 2400 L\/H<\/span> Ler mais \"<\/a><\/p>","protected":false},"featured_media":4513,"comment_status":"open","ping_status":"closed","template":"","meta":{"site-sidebar-layout":"default","site-content-layout":"default","ast-main-header-display":"","ast-hfb-above-header-display":"","ast-hfb-below-header-display":"","ast-hfb-mobile-header-display":"","site-post-title":"","ast-breadcrumbs-content":"","ast-featured-img":"","footer-sml-layout":"","theme-transparent-header-meta":"default","adv-header-id-meta":"","stick-header-meta":"","header-above-stick-meta":"","header-main-stick-meta":"","header-below-stick-meta":"","yasr_overall_rating":0,"yasr_post_is_review":"","yasr_auto_insert_disabled":"","yasr_review_type":""},"product_cat":[45],"product_tag":[],"class_list":["post-4510","product","type-product","status-publish","has-post-thumbnail","hentry","product_cat-cone-machinery"],"yoast_head":"<!-- This site is optimized with the Yoast SEO plugin v27.5 - https:\/\/yoast.com\/product\/yoast-seo-wordpress\/ -->\n<title>Ice Cream Chocolate Cone Filling Machine 2400 L\/H<\/title>\n<meta name=\"description\" content=\"The chocolate cone filling machine has multiple functions such as adding nut, jam, chocolate, ice cream. Easy to operate, large production capacity.\" \/>\n<meta name=\"robots\" content=\"index, follow, max-snippet:-1, max-image-preview:large, max-video-preview:-1\" \/>\n<link rel=\"canonical\" href=\"https:\/\/www.bakeryturnkey.com\/pt\/produto\/chocolate-cone-filling-machine\/\" \/>\n<meta property=\"og:locale\" content=\"pt_PT\" \/>\n<meta property=\"og:type\" content=\"article\" \/>\n<meta property=\"og:title\" content=\"Ice Cream Chocolate Cone Filling Machine 2400 L\/H\" \/>\n<meta property=\"og:description\" content=\"The chocolate cone filling machine has multiple functions such as adding nut, jam, chocolate, ice cream. Easy to operate, large production capacity.\" \/>\n<meta property=\"og:url\" content=\"https:\/\/www.bakeryturnkey.com\/pt\/produto\/chocolate-cone-filling-machine\/\" \/>\n<meta property=\"og:site_name\" content=\"Bakery Food Processing Equipment Manufacturer\" \/>\n<meta property=\"article:modified_time\" content=\"2024-10-21T08:58:21+00:00\" \/>\n<meta property=\"og:image\" content=\"https:\/\/www.bakeryturnkey.com\/wp-content\/uploads\/2024\/10\/9.jpg\" \/>\n\t<meta property=\"og:image:width\" content=\"800\" \/>\n\t<meta property=\"og:image:height\" content=\"800\" \/>\n\t<meta property=\"og:image:type\" content=\"image\/jpeg\" \/>\n<meta name=\"twitter:card\" content=\"summary_large_image\" \/>\n<meta name=\"twitter:label1\" content=\"Tempo estimado de leitura\" \/>\n\t<meta name=\"twitter:data1\" content=\"3 minutos\" \/>\n<script type=\"application\/ld+json\" class=\"yoast-schema-graph\">{\"@context\":\"https:\\\/\\\/schema.org\",\"@graph\":[{\"@type\":\"WebPage\",\"@id\":\"https:\\\/\\\/www.bakeryturnkey.com\\\/product\\\/chocolate-cone-filling-machine\\\/\",\"url\":\"https:\\\/\\\/www.bakeryturnkey.com\\\/product\\\/chocolate-cone-filling-machine\\\/\",\"name\":\"Ice Cream Chocolate Cone Filling Machine 2400 L\\\/H\",\"isPartOf\":{\"@id\":\"https:\\\/\\\/www.bakeryturnkey.com\\\/#website\"},\"primaryImageOfPage\":{\"@id\":\"https:\\\/\\\/www.bakeryturnkey.com\\\/product\\\/chocolate-cone-filling-machine\\\/#primaryimage\"},\"image\":{\"@id\":\"https:\\\/\\\/www.bakeryturnkey.com\\\/product\\\/chocolate-cone-filling-machine\\\/#primaryimage\"},\"thumbnailUrl\":\"https:\\\/\\\/www.bakeryturnkey.com\\\/wp-content\\\/uploads\\\/2024\\\/10\\\/9.jpg\",\"datePublished\":\"2024-10-21T08:45:15+00:00\",\"dateModified\":\"2024-10-21T08:58:21+00:00\",\"description\":\"The chocolate cone filling machine has multiple functions such as adding nut, jam, chocolate, ice cream. Easy to operate, large production capacity.\",\"breadcrumb\":{\"@id\":\"https:\\\/\\\/www.bakeryturnkey.com\\\/product\\\/chocolate-cone-filling-machine\\\/#breadcrumb\"},\"inLanguage\":\"pt-PT\",\"potentialAction\":[{\"@type\":\"ReadAction\",\"target\":[\"https:\\\/\\\/www.bakeryturnkey.com\\\/product\\\/chocolate-cone-filling-machine\\\/\"]}]},{\"@type\":\"ImageObject\",\"inLanguage\":\"pt-PT\",\"@id\":\"https:\\\/\\\/www.bakeryturnkey.com\\\/product\\\/chocolate-cone-filling-machine\\\/#primaryimage\",\"url\":\"https:\\\/\\\/www.bakeryturnkey.com\\\/wp-content\\\/uploads\\\/2024\\\/10\\\/9.jpg\",\"contentUrl\":\"https:\\\/\\\/www.bakeryturnkey.com\\\/wp-content\\\/uploads\\\/2024\\\/10\\\/9.jpg\",\"width\":800,\"height\":800,\"caption\":\"Ice Cream Chocolate Cone Filling Machine\"},{\"@type\":\"BreadcrumbList\",\"@id\":\"https:\\\/\\\/www.bakeryturnkey.com\\\/product\\\/chocolate-cone-filling-machine\\\/#breadcrumb\",\"itemListElement\":[{\"@type\":\"ListItem\",\"position\":1,\"name\":\"Home\",\"item\":\"https:\\\/\\\/www.bakeryturnkey.com\\\/\"},{\"@type\":\"ListItem\",\"position\":2,\"name\":\"Products\",\"item\":\"https:\\\/\\\/www.bakeryturnkey.com\\\/products\\\/\"},{\"@type\":\"ListItem\",\"position\":3,\"name\":\"Ice Cream Chocolate Cone Filling Machine 2400 L\\\/H\"}]},{\"@type\":\"WebSite\",\"@id\":\"https:\\\/\\\/www.bakeryturnkey.com\\\/#website\",\"url\":\"https:\\\/\\\/www.bakeryturnkey.com\\\/\",\"name\":\"Bakery Food Processing Equipment Manufacturer\",\"description\":\"Bakery Food Solutions Provider\",\"publisher\":{\"@id\":\"https:\\\/\\\/www.bakeryturnkey.com\\\/#organization\"},\"potentialAction\":[{\"@type\":\"SearchAction\",\"target\":{\"@type\":\"EntryPoint\",\"urlTemplate\":\"https:\\\/\\\/www.bakeryturnkey.com\\\/?s={search_term_string}\"},\"query-input\":{\"@type\":\"PropertyValueSpecification\",\"valueRequired\":true,\"valueName\":\"search_term_string\"}}],\"inLanguage\":\"pt-PT\"},{\"@type\":\"Organization\",\"@id\":\"https:\\\/\\\/www.bakeryturnkey.com\\\/#organization\",\"name\":\"Bakery Food Processing Equipment Manufacturer\",\"url\":\"https:\\\/\\\/www.bakeryturnkey.com\\\/\",\"logo\":{\"@type\":\"ImageObject\",\"inLanguage\":\"pt-PT\",\"@id\":\"https:\\\/\\\/www.bakeryturnkey.com\\\/#\\\/schema\\\/logo\\\/image\\\/\",\"url\":\"https:\\\/\\\/www.bakeryturnkey.com\\\/wp-content\\\/uploads\\\/2022\\\/03\\\/cropped-13-1.png\",\"contentUrl\":\"https:\\\/\\\/www.bakeryturnkey.com\\\/wp-content\\\/uploads\\\/2022\\\/03\\\/cropped-13-1.png\",\"width\":512,\"height\":429,\"caption\":\"Bakery Food Processing Equipment Manufacturer\"},\"image\":{\"@id\":\"https:\\\/\\\/www.bakeryturnkey.com\\\/#\\\/schema\\\/logo\\\/image\\\/\"}},false]}<\/script>\n<!-- \/ Yoast SEO plugin. -->","yoast_head_json":{"title":"Ice Cream Chocolate Cone Filling Machine 2400 L\/H","description":"The chocolate cone filling machine has multiple functions such as adding nut, jam, chocolate, ice cream. Easy to operate, large production capacity.","robots":{"index":"index","follow":"follow","max-snippet":"max-snippet:-1","max-image-preview":"max-image-preview:large","max-video-preview":"max-video-preview:-1"},"canonical":"https:\/\/www.bakeryturnkey.com\/pt\/produto\/chocolate-cone-filling-machine\/","og_locale":"pt_PT","og_type":"article","og_title":"Ice Cream Chocolate Cone Filling Machine 2400 L\/H","og_description":"The chocolate cone filling machine has multiple functions such as adding nut, jam, chocolate, ice cream. Easy to operate, large production capacity.","og_url":"https:\/\/www.bakeryturnkey.com\/pt\/produto\/chocolate-cone-filling-machine\/","og_site_name":"Bakery Food Processing Equipment Manufacturer","article_modified_time":"2024-10-21T08:58:21+00:00","og_image":[{"width":800,"height":800,"url":"https:\/\/www.bakeryturnkey.com\/wp-content\/uploads\/2024\/10\/9.jpg","type":"image\/jpeg"}],"twitter_card":"summary_large_image","twitter_misc":{"Tempo estimado de leitura":"3 minutos"},"schema":{"@context":"https:\/\/schema.org","@graph":[{"@type":"WebPage","@id":"https:\/\/www.bakeryturnkey.com\/product\/chocolate-cone-filling-machine\/","url":"https:\/\/www.bakeryturnkey.com\/product\/chocolate-cone-filling-machine\/","name":"Ice Cream Chocolate Cone Filling Machine 2400 L\/H","isPartOf":{"@id":"https:\/\/www.bakeryturnkey.com\/#website"},"primaryImageOfPage":{"@id":"https:\/\/www.bakeryturnkey.com\/product\/chocolate-cone-filling-machine\/#primaryimage"},"image":{"@id":"https:\/\/www.bakeryturnkey.com\/product\/chocolate-cone-filling-machine\/#primaryimage"},"thumbnailUrl":"https:\/\/www.bakeryturnkey.com\/wp-content\/uploads\/2024\/10\/9.jpg","datePublished":"2024-10-21T08:45:15+00:00","dateModified":"2024-10-21T08:58:21+00:00","description":"The chocolate cone filling machine has multiple functions such as adding nut, jam, chocolate, ice cream. Easy to operate, large production capacity.","breadcrumb":{"@id":"https:\/\/www.bakeryturnkey.com\/product\/chocolate-cone-filling-machine\/#breadcrumb"},"inLanguage":"pt-PT","potentialAction":[{"@type":"ReadAction","target":["https:\/\/www.bakeryturnkey.com\/product\/chocolate-cone-filling-machine\/"]}]},{"@type":"ImageObject","inLanguage":"pt-PT","@id":"https:\/\/www.bakeryturnkey.com\/product\/chocolate-cone-filling-machine\/#primaryimage","url":"https:\/\/www.bakeryturnkey.com\/wp-content\/uploads\/2024\/10\/9.jpg","contentUrl":"https:\/\/www.bakeryturnkey.com\/wp-content\/uploads\/2024\/10\/9.jpg","width":800,"height":800,"caption":"Ice Cream Chocolate Cone Filling Machine"},{"@type":"BreadcrumbList","@id":"https:\/\/www.bakeryturnkey.com\/product\/chocolate-cone-filling-machine\/#breadcrumb","itemListElement":[{"@type":"ListItem","position":1,"name":"Home","item":"https:\/\/www.bakeryturnkey.com\/"},{"@type":"ListItem","position":2,"name":"Products","item":"https:\/\/www.bakeryturnkey.com\/products\/"},{"@type":"ListItem","position":3,"name":"Ice Cream Chocolate Cone Filling Machine 2400 L\/H"}]},{"@type":"WebSite","@id":"https:\/\/www.bakeryturnkey.com\/#website","url":"https:\/\/www.bakeryturnkey.com\/","name":"Bakery Food Processing Equipment Manufacturer","description":"Bakery Food Solutions Provider","publisher":{"@id":"https:\/\/www.bakeryturnkey.com\/#organization"},"potentialAction":[{"@type":"SearchAction","target":{"@type":"EntryPoint","urlTemplate":"https:\/\/www.bakeryturnkey.com\/?s={search_term_string}"},"query-input":{"@type":"PropertyValueSpecification","valueRequired":true,"valueName":"search_term_string"}}],"inLanguage":"pt-PT"},{"@type":"Organization","@id":"https:\/\/www.bakeryturnkey.com\/#organization","name":"Bakery Food Processing Equipment Manufacturer","url":"https:\/\/www.bakeryturnkey.com\/","logo":{"@type":"ImageObject","inLanguage":"pt-PT","@id":"https:\/\/www.bakeryturnkey.com\/#\/schema\/logo\/image\/","url":"https:\/\/www.bakeryturnkey.com\/wp-content\/uploads\/2022\/03\/cropped-13-1.png","contentUrl":"https:\/\/www.bakeryturnkey.com\/wp-content\/uploads\/2022\/03\/cropped-13-1.png","width":512,"height":429,"caption":"Bakery Food Processing Equipment Manufacturer"},"image":{"@id":"https:\/\/www.bakeryturnkey.com\/#\/schema\/logo\/image\/"}},false]}},"yasr_visitor_votes":{"stars_attributes":{"read_only":false,"span_bottom":false},"number_of_votes":0,"sum_votes":0},"_links":{"self":[{"href":"https:\/\/www.bakeryturnkey.com\/pt\/wp-json\/wp\/v2\/product\/4510","targetHints":{"allow":["GET"]}}],"collection":[{"href":"https:\/\/www.bakeryturnkey.com\/pt\/wp-json\/wp\/v2\/product"}],"about":[{"href":"https:\/\/www.bakeryturnkey.com\/pt\/wp-json\/wp\/v2\/types\/product"}],"replies":[{"embeddable":true,"href":"https:\/\/www.bakeryturnkey.com\/pt\/wp-json\/wp\/v2\/comments?post=4510"}],"wp:featuredmedia":[{"embeddable":true,"href":"https:\/\/www.bakeryturnkey.com\/pt\/wp-json\/wp\/v2\/media\/4513"}],"wp:attachment":[{"href":"https:\/\/www.bakeryturnkey.com\/pt\/wp-json\/wp\/v2\/media?parent=4510"}],"wp:term":[{"taxonomy":"product_cat","embeddable":true,"href":"https:\/\/www.bakeryturnkey.com\/pt\/wp-json\/wp\/v2\/product_cat?post=4510"},{"taxonomy":"product_tag","embeddable":true,"href":"https:\/\/www.bakeryturnkey.com\/pt\/wp-json\/wp\/v2\/product_tag?post=4510"}],"curies":[{"name":"wp","href":"https:\/\/api.w.org\/{rel}","templated":true}]}}