{"id":4505,"date":"2024-10-15T14:43:54","date_gmt":"2024-10-15T06:43:54","guid":{"rendered":"https:\/\/www.bakeryturnkey.com\/?post_type=product&#038;p=4505"},"modified":"2025-11-20T18:20:06","modified_gmt":"2025-11-20T10:20:06","slug":"ice-cream-cone-packing-machine","status":"publish","type":"product","link":"https:\/\/www.bakeryturnkey.com\/pt\/produto\/ice-cream-cone-packing-machine\/","title":{"rendered":"Pre\u00e7o da m\u00e1quina de empacotamento de cone de sorvete de chocolate el\u00e9trico"},"content":{"rendered":"<p>A m\u00e1quina de empacotamento de cones de sorvete pesa com precis\u00e3o e, em seguida, embala cada cone de sorvete em um saco. Muitos tipos de cones, incluindo cones de chocolate, cones de marshmallow e cones de waffle, s\u00e3o normalmente embalados pelos fabricantes.<\/p>\n<p>No dom\u00ednio da produ\u00e7\u00e3o de cones de gelado, as m\u00e1quinas de embalagem desempenham um papel fundamental. N\u00e3o \u00e9 apenas a chave para melhorar a efici\u00eancia da produ\u00e7\u00e3o, mas tamb\u00e9m o equipamento principal para garantir a qualidade do produto e a sua apar\u00eancia atractiva.<\/p>\n<p><img loading=\"lazy\" decoding=\"async\" class=\"alignnone size-full wp-image-4508\" src=\"https:\/\/www.bakeryturnkey.com\/wp-content\/uploads\/2024\/10\/5.jpg\" alt=\"M\u00e1quina de embalagem de cone de gelado para venda\" width=\"630\" height=\"400\" srcset=\"https:\/\/www.bakeryturnkey.com\/wp-content\/uploads\/2024\/10\/5.jpg 630w, https:\/\/www.bakeryturnkey.com\/wp-content\/uploads\/2024\/10\/5-300x190.jpg 300w, https:\/\/www.bakeryturnkey.com\/wp-content\/uploads\/2024\/10\/5-600x381.jpg 600w\" sizes=\"auto, (max-width: 630px) 100vw, 630px\" \/><\/p>\n<h2><strong>Benef\u00edcios da embalagem de Mini Cones de Gelado de Chocolate<\/strong><\/h2>\n<ul>\n<li>Mant\u00e9m-se fresco e \u00e0 prova de humidade: Isola os cones do ar e da humidade, prolongando o prazo de validade.<\/li>\n<li>F\u00e1cil de distribuir e transportar: A embalagem compacta cabe facilmente em caixas de snacks, mochilas ou pratos de festa para um consumo ou partilha convenientes.<\/li>\n<li>Reduz o desperd\u00edcio: Os cones de gelado de chocolate embalados individualmente permitem uma utiliza\u00e7\u00e3o \u00fanica. Evita que as sobras fiquem h\u00famidas ou estragadas depois de abrir toda a caixa.<\/li>\n<li>Melhora a higiene e a seguran\u00e7a: A embalagem impede o contacto direto com o ar e com as m\u00e3os, assegurando que os cones de chocolate se mant\u00eam higi\u00e9nicos durante o transporte e o consumo.<\/li>\n<li>Aumenta o apelo do produto: A atractiva embalagem mini aumenta o apelo visual, tornando-a adequada para presentes, festas ou promo\u00e7\u00f5es, aumentando o desejo de compra.<\/li>\n<li>F\u00e1cil de guardar e expor: Guarde as pequenas embalagens de forma organizada para as expor convenientemente em supermercados, snack shops ou restaurantes, poupando espa\u00e7o.<\/li>\n<\/ul>\n<p><img loading=\"lazy\" decoding=\"async\" class=\"alignnone size-full wp-image-4942\" src=\"https:\/\/www.bakeryturnkey.com\/wp-content\/uploads\/2024\/10\/43-1.jpg\" alt=\"Cone de chocolate com embalagem\" width=\"680\" height=\"400\" srcset=\"https:\/\/www.bakeryturnkey.com\/wp-content\/uploads\/2024\/10\/43-1.jpg 680w, https:\/\/www.bakeryturnkey.com\/wp-content\/uploads\/2024\/10\/43-1-300x176.jpg 300w, https:\/\/www.bakeryturnkey.com\/wp-content\/uploads\/2024\/10\/43-1-18x12.jpg 18w, https:\/\/www.bakeryturnkey.com\/wp-content\/uploads\/2024\/10\/43-1-600x353.jpg 600w\" sizes=\"auto, (max-width: 680px) 100vw, 680px\" \/><\/p>\n<h2><strong>Carater\u00edsticas da M\u00e1quina Empacotadora de Cone de Sorvete El\u00e9trica<\/strong><\/h2>\n<ul>\n<li>Interface de opera\u00e7\u00e3o humanizada: equipado com um sistema de controlo de ecr\u00e3 t\u00e1til intuitivo, o processo de opera\u00e7\u00e3o \u00e9 simples e intuitivo, mesmo os utilizadores principiantes podem operar com profici\u00eancia num curto espa\u00e7o de tempo, reduzindo os custos de forma\u00e7\u00e3o.<\/li>\n<li>Design estrutural requintado: Esta m\u00e1quina de embalagem de cone de chocolate \u00e9 especialmente personalizada para embalagem de cone de chocolate mini, adequado para o espa\u00e7o de produ\u00e7\u00e3o compacto, e melhora a utiliza\u00e7\u00e3o do local.<\/li>\n<li>Medi\u00e7\u00e3o inteligente de balan\u00e7a multi-cabe\u00e7as: equipada com um sistema de balan\u00e7a multi-cabe\u00e7as de alta sensibilidade, pesagem e distribui\u00e7\u00e3o precisas para produtos de cones de gelado para garantir a consist\u00eancia da embalagem.<\/li>\n<li>Compatibilidade com diversas embalagens: A m\u00e1quina de embalar cones de gelado suporta uma variedade de materiais e estilos de embalagem, e pode facilmente lidar com a convers\u00e3o da tradicional pel\u00edcula de papel para materiais biodegrad\u00e1veis inovadores.<\/li>\n<li>Controlo preciso do peso: A utiliza\u00e7\u00e3o de sensores de alta precis\u00e3o garante que o peso de cada embalagem de cones de gelado atinge o valor predefinido, reduzindo o enchimento excessivo ou insuficiente, controlando assim os custos e melhorando a satisfa\u00e7\u00e3o do cliente.<\/li>\n<li>Auto-diagn\u00f3stico de falhas e sistema de alarme: A m\u00e1quina de embalagem de cones de gelado tem um m\u00f3dulo de dete\u00e7\u00e3o de falhas incorporado, que pode monitorizar automaticamente o estado dos principais componentes. Uma vez que uma anormalidade \u00e9 encontrada, ele ir\u00e1 imediatamente emitir um sinal de alerta precoce para a manuten\u00e7\u00e3o atempada.<\/li>\n<\/ul>\n<h2><strong>V\u00eddeo da M\u00e1quina de embalagem de cones de chocolate para gelados<\/strong><\/h2>\n<div class=\"ast-oembed-container\"><iframe loading=\"lazy\" title=\"M\u00e1quina de empacotamento de Waffle Cone\/Mini Cone\" width=\"500\" height=\"281\" src=\"https:\/\/www.youtube.com\/embed\/8mTWndWytrs?feature=oembed\" frameborder=\"0\" allow=\"accelerometer; autoplay; clipboard-write; encrypted-media; gyroscope; picture-in-picture; web-share\" referrerpolicy=\"strict-origin-when-cross-origin\" allowfullscreen><\/iframe><\/div>\n<h2><strong>Vantagens da M\u00e1quina Empacotadora de Cone de Sorvete<\/strong><\/h2>\n<ul>\n<li>Capacidade de produ\u00e7\u00e3o eficiente e poupan\u00e7a de custos: O processo de embalagem de ciclo r\u00e1pido combinado com um controlo preciso do material melhora consideravelmente a produ\u00e7\u00e3o por unidade de tempo, reduzindo as perdas de material.<\/li>\n<li>Normas de higiene e seguran\u00e7a: A m\u00e1quina de embalar cones de chocolate utiliza materiais de qualidade alimentar para construir a \u00e1rea de contacto e, com um design pr\u00e1tico e limpo, cumpre elevados padr\u00f5es de seguran\u00e7a alimentar.<\/li>\n<li>F\u00e1cil de manter e limpar: Desmontagem r\u00e1pida e limpeza dos componentes principais para simplificar a manuten\u00e7\u00e3o di\u00e1ria, manter a m\u00e1quina a funcionar de forma est\u00e1vel e prolongar a sua vida \u00fatil.<\/li>\n<li>Interface de opera\u00e7\u00e3o amig\u00e1vel: Opere a m\u00e1quina de empacotamento de cones de gelado atrav\u00e9s do seu ecr\u00e3 t\u00e1til intuitivo, permitindo que os novatos comecem imediatamente e reduzindo o tempo e os custos de forma\u00e7\u00e3o.<\/li>\n<li>Actualiza\u00e7\u00f5es e apoio cont\u00ednuos: A empresa fornece actualiza\u00e7\u00f5es de software e assist\u00eancia t\u00e9cnica remota para garantir que a m\u00e1quina de embalar consegue acompanhar as altera\u00e7\u00f5es da procura do mercado e manter-se competitiva.<\/li>\n<\/ul>\n<p>Pode obter o pre\u00e7o da m\u00e1quina de embalagem de cones de gelado entrando em contacto connosco. Meu e-mail \u00e9: lisa@machinehall.com, whatsApp \u00e9: +8615515571373.<\/p>\n<h3><strong>Par\u00e2metros t\u00e9cnicos<\/strong><\/h3>\n<table border=\"0\" cellspacing=\"0\">\n<tbody>\n<tr>\n<td>Modelo<\/td>\n<td>GG-LK720<\/td>\n<\/tr>\n<tr>\n<td>Largura da pel\u00edcula<\/td>\n<td>m\u00e1x. 720 mm<\/td>\n<\/tr>\n<tr>\n<td>Largura do saco<\/td>\n<td>110-350mm<\/td>\n<\/tr>\n<tr>\n<td>Comprimento do saco<\/td>\n<td>100-420mm<\/td>\n<\/tr>\n<tr>\n<td>Velocidade de embalagem<\/td>\n<td>10-50 sacos\/min<\/td>\n<\/tr>\n<tr>\n<td>Gama de embalagens<\/td>\n<td>150-4000ml<\/td>\n<\/tr>\n<tr>\n<td>Espessura da pel\u00edcula<\/td>\n<td>0,04-0,10mm<\/td>\n<\/tr>\n<tr>\n<td>Pot\u00eancia<\/td>\n<td>4kw\/220v 50-60Hz<\/td>\n<\/tr>\n<tr>\n<td>Tamanho da m\u00e1quina<\/td>\n<td>1780*1350*2000mm<\/td>\n<\/tr>\n<tr>\n<td>Peso da m\u00e1quina<\/td>\n<td>800 kg<\/td>\n<\/tr>\n<tr>\n<td>Consumo de ar<\/td>\n<td>0,8m\u00b3\/min 0,8mpa<\/td>\n<\/tr>\n<\/tbody>\n<\/table>\n<h3><strong>Deixe o seu pedido de or\u00e7amento<\/strong><\/h3>\n<div id=\"wpcf7-f2977-p3112-o1\" class=\"wpcf7 js\" dir=\"ltr\" lang=\"en-US\">\n<div class=\"wpcf7 no-js\" id=\"wpcf7-f2977-o1\" lang=\"en-US\" dir=\"ltr\">\n<div class=\"screen-reader-response\"><p role=\"status\" aria-live=\"polite\" aria-atomic=\"true\"><\/p> <ul><\/ul><\/div>\n<form action=\"\/pt\/wp-json\/wp\/v2\/product\/4505#wpcf7-f2977-o1\" method=\"post\" class=\"wpcf7-form init\" aria-label=\"Formul\u00e1rio de contacto\" novalidate=\"novalidate\" data-status=\"init\" data-trp-original-action=\"\/pt\/wp-json\/wp\/v2\/product\/4505#wpcf7-f2977-o1\">\n<div style=\"display: none;\">\n<input type=\"hidden\" name=\"_wpcf7\" value=\"2977\" \/>\n<input type=\"hidden\" name=\"_wpcf7_version\" value=\"5.7.7\" \/>\n<input type=\"hidden\" name=\"_wpcf7_locale\" value=\"en_US\" \/>\n<input type=\"hidden\" name=\"_wpcf7_unit_tag\" value=\"wpcf7-f2977-o1\" \/>\n<input type=\"hidden\" name=\"_wpcf7_container_post\" value=\"0\" \/>\n<input type=\"hidden\" name=\"_wpcf7_posted_data_hash\" value=\"\" \/>\n<\/div>\n<p><label> O seu nome*<br \/>\n<span class=\"wpcf7-form-control-wrap\" data-name=\"your-name\"><input size=\"40\" class=\"wpcf7-form-control wpcf7-text wpcf7-validates-as-required\" aria-required=\"true\" aria-invalid=\"false\" value=\"\" type=\"text\" name=\"your-name\" \/><\/span> <\/label>\n<\/p>\n<p><label> O seu pa\u00eds<br \/>\n<span class=\"wpcf7-form-control-wrap\" data-name=\"your-country\"><input size=\"40\" class=\"wpcf7-form-control wpcf7-text\" aria-invalid=\"false\" value=\"\" type=\"text\" name=\"your-country\" \/><\/span><\/label>\n<\/p>\n<p><label> O seu e-mail*<br \/>\n<span class=\"wpcf7-form-control-wrap\" data-name=\"your-email\"><input size=\"40\" class=\"wpcf7-form-control wpcf7-text wpcf7-email wpcf7-validates-as-required wpcf7-validates-as-email\" aria-required=\"true\" aria-invalid=\"false\" value=\"\" type=\"email\" name=\"your-email\" \/><\/span> <\/label>\n<\/p>\n<p><label> O seu telem\u00f3vel<br \/>\n<span class=\"wpcf7-form-control-wrap\" data-name=\"your-phone\"><input size=\"40\" class=\"wpcf7-form-control wpcf7-text\" aria-invalid=\"false\" value=\"\" type=\"text\" name=\"your-phone\" \/><\/span> <\/label>\n<\/p>\n<p><label> Nome da empresa<br \/>\n<span class=\"wpcf7-form-control-wrap\" data-name=\"text-529\"><input size=\"40\" class=\"wpcf7-form-control wpcf7-text\" aria-invalid=\"false\" value=\"\" type=\"text\" name=\"text-529\" \/><\/span> <\/label>\n<\/p>\n<p><label> S\u00edtio Web da empresa<br \/>\n<span class=\"wpcf7-form-control-wrap\" data-name=\"text-106\"><input size=\"40\" class=\"wpcf7-form-control wpcf7-text\" aria-invalid=\"false\" value=\"\" type=\"text\" name=\"text-106\" \/><\/span> <\/label>\n<\/p>\n<p><label> A sua mensagem*<br \/>\n<span class=\"wpcf7-form-control-wrap\" data-name=\"your-message\"><textarea cols=\"40\" rows=\"10\" class=\"wpcf7-form-control wpcf7-textarea wpcf7-validates-as-required\" aria-required=\"true\" aria-invalid=\"false\" name=\"your-message\"><\/textarea><\/span> <\/label>\n<\/p>\n<p><input class=\"wpcf7-form-control has-spinner wpcf7-submit\" type=\"submit\" value=\"Enviar\" \/>\n<\/p><p style=\"display: none !important;\" class=\"akismet-fields-container\" data-prefix=\"_wpcf7_ak_\"><label>&#916;<textarea name=\"_wpcf7_ak_hp_textarea\" cols=\"45\" rows=\"8\" maxlength=\"100\"><\/textarea><\/label><input type=\"hidden\" id=\"ak_js_1\" name=\"_wpcf7_ak_js\" value=\"185\"\/><script>document.getElementById( \"ak_js_1\" ).setAttribute( \"value\", ( new Date() ).getTime() );<\/script><\/p><div class=\"wpcf7-response-output\" aria-hidden=\"true\"><\/div>\n<input type=\"hidden\" name=\"trp-form-language\" value=\"pt\"\/><\/form>\n<\/div>\n<\/div>\n<div style='text-align:left' class='yasr-auto-insert-visitor'><\/div>","protected":false},"excerpt":{"rendered":"<p><strong>Capacidade: 10-50 sacos\/min<\/strong><\/p>\n<p><strong>Pot\u00eancia: 4kw\/220v 50-60Hz<\/strong><\/p>\n<p><strong>Correio eletr\u00f3nico: lisa@machinehall.com<\/strong><\/p>\n<p><strong>WhatsApp: +8615515571373<\/strong><\/p>\n<p><strong><\/strong><\/p>","protected":false},"featured_media":4507,"comment_status":"open","ping_status":"closed","template":"","meta":{"site-sidebar-layout":"default","site-content-layout":"default","ast-main-header-display":"","ast-hfb-above-header-display":"","ast-hfb-below-header-display":"","ast-hfb-mobile-header-display":"","site-post-title":"","ast-breadcrumbs-content":"","ast-featured-img":"","footer-sml-layout":"","theme-transparent-header-meta":"default","adv-header-id-meta":"","stick-header-meta":"","header-above-stick-meta":"","header-main-stick-meta":"","header-below-stick-meta":"","yasr_overall_rating":5,"yasr_post_is_review":"","yasr_auto_insert_disabled":"","yasr_review_type":""},"product_cat":[45],"product_tag":[],"class_list":["post-4505","product","type-product","status-publish","has-post-thumbnail","hentry","product_cat-cone-machinery"],"yoast_head":"<!-- This site is optimized with the Yoast SEO plugin v27.4 - https:\/\/yoast.com\/product\/yoast-seo-wordpress\/ -->\n<title>Electric Chocolate Ice Cream Cone Packing Machine\u00a0Price<\/title>\n<meta name=\"description\" content=\"The ice cream cone packing machine can weigh the ice cream cones, then accurately pack them into bag. It can pack chocolate cones, marshmallow cones, etc.\" \/>\n<meta name=\"robots\" content=\"index, follow, max-snippet:-1, max-image-preview:large, max-video-preview:-1\" \/>\n<link rel=\"canonical\" href=\"https:\/\/www.bakeryturnkey.com\/pt\/produto\/ice-cream-cone-packing-machine\/\" \/>\n<meta property=\"og:locale\" content=\"pt_PT\" \/>\n<meta property=\"og:type\" content=\"article\" \/>\n<meta property=\"og:title\" content=\"Electric Chocolate Ice Cream Cone Packing Machine\u00a0Price\" \/>\n<meta property=\"og:description\" content=\"The ice cream cone packing machine can weigh the ice cream cones, then accurately pack them into bag. It can pack chocolate cones, marshmallow cones, etc.\" \/>\n<meta property=\"og:url\" content=\"https:\/\/www.bakeryturnkey.com\/pt\/produto\/ice-cream-cone-packing-machine\/\" \/>\n<meta property=\"og:site_name\" content=\"Bakery Food Processing Equipment Manufacturer\" \/>\n<meta property=\"article:modified_time\" content=\"2025-11-20T10:20:06+00:00\" \/>\n<meta property=\"og:image\" content=\"https:\/\/www.bakeryturnkey.com\/wp-content\/uploads\/2024\/10\/3.jpg\" \/>\n\t<meta property=\"og:image:width\" content=\"800\" \/>\n\t<meta property=\"og:image:height\" content=\"800\" \/>\n\t<meta property=\"og:image:type\" content=\"image\/jpeg\" \/>\n<meta name=\"twitter:card\" content=\"summary_large_image\" \/>\n<meta name=\"twitter:label1\" content=\"Tempo estimado de leitura\" \/>\n\t<meta name=\"twitter:data1\" content=\"4 minutos\" \/>\n<script type=\"application\/ld+json\" class=\"yoast-schema-graph\">{\"@context\":\"https:\\\/\\\/schema.org\",\"@graph\":[{\"@type\":\"WebPage\",\"@id\":\"https:\\\/\\\/www.bakeryturnkey.com\\\/product\\\/ice-cream-cone-packing-machine\\\/\",\"url\":\"https:\\\/\\\/www.bakeryturnkey.com\\\/product\\\/ice-cream-cone-packing-machine\\\/\",\"name\":\"Electric Chocolate Ice Cream Cone Packing Machine\u00a0Price\",\"isPartOf\":{\"@id\":\"https:\\\/\\\/www.bakeryturnkey.com\\\/#website\"},\"primaryImageOfPage\":{\"@id\":\"https:\\\/\\\/www.bakeryturnkey.com\\\/product\\\/ice-cream-cone-packing-machine\\\/#primaryimage\"},\"image\":{\"@id\":\"https:\\\/\\\/www.bakeryturnkey.com\\\/product\\\/ice-cream-cone-packing-machine\\\/#primaryimage\"},\"thumbnailUrl\":\"https:\\\/\\\/www.bakeryturnkey.com\\\/wp-content\\\/uploads\\\/2024\\\/10\\\/3.jpg\",\"datePublished\":\"2024-10-15T06:43:54+00:00\",\"dateModified\":\"2025-11-20T10:20:06+00:00\",\"description\":\"The ice cream cone packing machine can weigh the ice cream cones, then accurately pack them into bag. It can pack chocolate cones, marshmallow cones, etc.\",\"breadcrumb\":{\"@id\":\"https:\\\/\\\/www.bakeryturnkey.com\\\/product\\\/ice-cream-cone-packing-machine\\\/#breadcrumb\"},\"inLanguage\":\"pt-PT\",\"potentialAction\":[{\"@type\":\"ReadAction\",\"target\":[\"https:\\\/\\\/www.bakeryturnkey.com\\\/product\\\/ice-cream-cone-packing-machine\\\/\"]}]},{\"@type\":\"ImageObject\",\"inLanguage\":\"pt-PT\",\"@id\":\"https:\\\/\\\/www.bakeryturnkey.com\\\/product\\\/ice-cream-cone-packing-machine\\\/#primaryimage\",\"url\":\"https:\\\/\\\/www.bakeryturnkey.com\\\/wp-content\\\/uploads\\\/2024\\\/10\\\/3.jpg\",\"contentUrl\":\"https:\\\/\\\/www.bakeryturnkey.com\\\/wp-content\\\/uploads\\\/2024\\\/10\\\/3.jpg\",\"width\":800,\"height\":800,\"caption\":\"Ice Cream Cone Packing Machine For Sale\"},{\"@type\":\"BreadcrumbList\",\"@id\":\"https:\\\/\\\/www.bakeryturnkey.com\\\/product\\\/ice-cream-cone-packing-machine\\\/#breadcrumb\",\"itemListElement\":[{\"@type\":\"ListItem\",\"position\":1,\"name\":\"Home\",\"item\":\"https:\\\/\\\/www.bakeryturnkey.com\\\/\"},{\"@type\":\"ListItem\",\"position\":2,\"name\":\"Products\",\"item\":\"https:\\\/\\\/www.bakeryturnkey.com\\\/products\\\/\"},{\"@type\":\"ListItem\",\"position\":3,\"name\":\"Electric Chocolate Ice Cream Cone Packing Machine\u00a0Price\"}]},{\"@type\":\"WebSite\",\"@id\":\"https:\\\/\\\/www.bakeryturnkey.com\\\/#website\",\"url\":\"https:\\\/\\\/www.bakeryturnkey.com\\\/\",\"name\":\"Bakery Food Processing Equipment Manufacturer\",\"description\":\"Bakery Food Solutions Provider\",\"publisher\":{\"@id\":\"https:\\\/\\\/www.bakeryturnkey.com\\\/#organization\"},\"potentialAction\":[{\"@type\":\"SearchAction\",\"target\":{\"@type\":\"EntryPoint\",\"urlTemplate\":\"https:\\\/\\\/www.bakeryturnkey.com\\\/?s={search_term_string}\"},\"query-input\":{\"@type\":\"PropertyValueSpecification\",\"valueRequired\":true,\"valueName\":\"search_term_string\"}}],\"inLanguage\":\"pt-PT\"},{\"@type\":\"Organization\",\"@id\":\"https:\\\/\\\/www.bakeryturnkey.com\\\/#organization\",\"name\":\"Bakery Food Processing Equipment Manufacturer\",\"url\":\"https:\\\/\\\/www.bakeryturnkey.com\\\/\",\"logo\":{\"@type\":\"ImageObject\",\"inLanguage\":\"pt-PT\",\"@id\":\"https:\\\/\\\/www.bakeryturnkey.com\\\/#\\\/schema\\\/logo\\\/image\\\/\",\"url\":\"https:\\\/\\\/www.bakeryturnkey.com\\\/wp-content\\\/uploads\\\/2022\\\/03\\\/cropped-13-1.png\",\"contentUrl\":\"https:\\\/\\\/www.bakeryturnkey.com\\\/wp-content\\\/uploads\\\/2022\\\/03\\\/cropped-13-1.png\",\"width\":512,\"height\":429,\"caption\":\"Bakery Food Processing Equipment Manufacturer\"},\"image\":{\"@id\":\"https:\\\/\\\/www.bakeryturnkey.com\\\/#\\\/schema\\\/logo\\\/image\\\/\"}},false]}<\/script>\n<!-- \/ Yoast SEO plugin. -->","yoast_head_json":{"title":"Electric Chocolate Ice Cream Cone Packing Machine\u00a0Price","description":"The ice cream cone packing machine can weigh the ice cream cones, then accurately pack them into bag. It can pack chocolate cones, marshmallow cones, etc.","robots":{"index":"index","follow":"follow","max-snippet":"max-snippet:-1","max-image-preview":"max-image-preview:large","max-video-preview":"max-video-preview:-1"},"canonical":"https:\/\/www.bakeryturnkey.com\/pt\/produto\/ice-cream-cone-packing-machine\/","og_locale":"pt_PT","og_type":"article","og_title":"Electric Chocolate Ice Cream Cone Packing Machine\u00a0Price","og_description":"The ice cream cone packing machine can weigh the ice cream cones, then accurately pack them into bag. It can pack chocolate cones, marshmallow cones, etc.","og_url":"https:\/\/www.bakeryturnkey.com\/pt\/produto\/ice-cream-cone-packing-machine\/","og_site_name":"Bakery Food Processing Equipment Manufacturer","article_modified_time":"2025-11-20T10:20:06+00:00","og_image":[{"width":800,"height":800,"url":"https:\/\/www.bakeryturnkey.com\/wp-content\/uploads\/2024\/10\/3.jpg","type":"image\/jpeg"}],"twitter_card":"summary_large_image","twitter_misc":{"Tempo estimado de leitura":"4 minutos"},"schema":{"@context":"https:\/\/schema.org","@graph":[{"@type":"WebPage","@id":"https:\/\/www.bakeryturnkey.com\/product\/ice-cream-cone-packing-machine\/","url":"https:\/\/www.bakeryturnkey.com\/product\/ice-cream-cone-packing-machine\/","name":"Electric Chocolate Ice Cream Cone Packing Machine\u00a0Price","isPartOf":{"@id":"https:\/\/www.bakeryturnkey.com\/#website"},"primaryImageOfPage":{"@id":"https:\/\/www.bakeryturnkey.com\/product\/ice-cream-cone-packing-machine\/#primaryimage"},"image":{"@id":"https:\/\/www.bakeryturnkey.com\/product\/ice-cream-cone-packing-machine\/#primaryimage"},"thumbnailUrl":"https:\/\/www.bakeryturnkey.com\/wp-content\/uploads\/2024\/10\/3.jpg","datePublished":"2024-10-15T06:43:54+00:00","dateModified":"2025-11-20T10:20:06+00:00","description":"The ice cream cone packing machine can weigh the ice cream cones, then accurately pack them into bag. It can pack chocolate cones, marshmallow cones, etc.","breadcrumb":{"@id":"https:\/\/www.bakeryturnkey.com\/product\/ice-cream-cone-packing-machine\/#breadcrumb"},"inLanguage":"pt-PT","potentialAction":[{"@type":"ReadAction","target":["https:\/\/www.bakeryturnkey.com\/product\/ice-cream-cone-packing-machine\/"]}]},{"@type":"ImageObject","inLanguage":"pt-PT","@id":"https:\/\/www.bakeryturnkey.com\/product\/ice-cream-cone-packing-machine\/#primaryimage","url":"https:\/\/www.bakeryturnkey.com\/wp-content\/uploads\/2024\/10\/3.jpg","contentUrl":"https:\/\/www.bakeryturnkey.com\/wp-content\/uploads\/2024\/10\/3.jpg","width":800,"height":800,"caption":"Ice Cream Cone Packing Machine For Sale"},{"@type":"BreadcrumbList","@id":"https:\/\/www.bakeryturnkey.com\/product\/ice-cream-cone-packing-machine\/#breadcrumb","itemListElement":[{"@type":"ListItem","position":1,"name":"Home","item":"https:\/\/www.bakeryturnkey.com\/"},{"@type":"ListItem","position":2,"name":"Products","item":"https:\/\/www.bakeryturnkey.com\/products\/"},{"@type":"ListItem","position":3,"name":"Electric Chocolate Ice Cream Cone Packing Machine\u00a0Price"}]},{"@type":"WebSite","@id":"https:\/\/www.bakeryturnkey.com\/#website","url":"https:\/\/www.bakeryturnkey.com\/","name":"Bakery Food Processing Equipment Manufacturer","description":"Bakery Food Solutions Provider","publisher":{"@id":"https:\/\/www.bakeryturnkey.com\/#organization"},"potentialAction":[{"@type":"SearchAction","target":{"@type":"EntryPoint","urlTemplate":"https:\/\/www.bakeryturnkey.com\/?s={search_term_string}"},"query-input":{"@type":"PropertyValueSpecification","valueRequired":true,"valueName":"search_term_string"}}],"inLanguage":"pt-PT"},{"@type":"Organization","@id":"https:\/\/www.bakeryturnkey.com\/#organization","name":"Bakery Food Processing Equipment Manufacturer","url":"https:\/\/www.bakeryturnkey.com\/","logo":{"@type":"ImageObject","inLanguage":"pt-PT","@id":"https:\/\/www.bakeryturnkey.com\/#\/schema\/logo\/image\/","url":"https:\/\/www.bakeryturnkey.com\/wp-content\/uploads\/2022\/03\/cropped-13-1.png","contentUrl":"https:\/\/www.bakeryturnkey.com\/wp-content\/uploads\/2022\/03\/cropped-13-1.png","width":512,"height":429,"caption":"Bakery Food Processing Equipment Manufacturer"},"image":{"@id":"https:\/\/www.bakeryturnkey.com\/#\/schema\/logo\/image\/"}},false]}},"yasr_visitor_votes":{"stars_attributes":{"read_only":false,"span_bottom":false},"number_of_votes":1,"sum_votes":5},"_links":{"self":[{"href":"https:\/\/www.bakeryturnkey.com\/pt\/wp-json\/wp\/v2\/product\/4505","targetHints":{"allow":["GET"]}}],"collection":[{"href":"https:\/\/www.bakeryturnkey.com\/pt\/wp-json\/wp\/v2\/product"}],"about":[{"href":"https:\/\/www.bakeryturnkey.com\/pt\/wp-json\/wp\/v2\/types\/product"}],"replies":[{"embeddable":true,"href":"https:\/\/www.bakeryturnkey.com\/pt\/wp-json\/wp\/v2\/comments?post=4505"}],"wp:featuredmedia":[{"embeddable":true,"href":"https:\/\/www.bakeryturnkey.com\/pt\/wp-json\/wp\/v2\/media\/4507"}],"wp:attachment":[{"href":"https:\/\/www.bakeryturnkey.com\/pt\/wp-json\/wp\/v2\/media?parent=4505"}],"wp:term":[{"taxonomy":"product_cat","embeddable":true,"href":"https:\/\/www.bakeryturnkey.com\/pt\/wp-json\/wp\/v2\/product_cat?post=4505"},{"taxonomy":"product_tag","embeddable":true,"href":"https:\/\/www.bakeryturnkey.com\/pt\/wp-json\/wp\/v2\/product_tag?post=4505"}],"curies":[{"name":"wp","href":"https:\/\/api.w.org\/{rel}","templated":true}]}}