{"id":4497,"date":"2024-09-10T11:09:05","date_gmt":"2024-09-10T03:09:05","guid":{"rendered":"https:\/\/www.bakeryturnkey.com\/?post_type=product&#038;p=4497"},"modified":"2024-09-10T11:14:39","modified_gmt":"2024-09-10T03:14:39","slug":"ice-cream-wafer-cone-making-machine","status":"publish","type":"product","link":"https:\/\/www.bakeryturnkey.com\/pt\/produto\/ice-cream-wafer-cone-making-machine\/","title":{"rendered":"M\u00e1quina de fazer cone de wafer de sorvete Gelgoog Pre\u00e7o"},"content":{"rendered":"<p>A m\u00e1quina para fabrica\u00e7\u00e3o de cones de wafer para sorvete foi meticulosamente projetada pela empresa Gelgoog para atender \u00e0 crescente demanda por cones de wafer deliciosos e crocantes que complementam suas ofertas de sorvete premium.<\/p>\n<p>Na ind\u00fastria de processamento de alimentos, cada detalhe \u00e9 crucial. Como um excelente fabricante de m\u00e1quinas alimentares na China, a nossa empresa centra-se na investiga\u00e7\u00e3o e desenvolvimento e moderniza\u00e7\u00e3o de equipamentos de produ\u00e7\u00e3o de wafer cone.<\/p>\n<p><img loading=\"lazy\" decoding=\"async\" class=\"alignnone size-full wp-image-4498\" src=\"https:\/\/www.bakeryturnkey.com\/wp-content\/uploads\/2024\/09\/31.jpg\" alt=\"M\u00e1quina de fazer cone de wafer de sorvete para venda\" width=\"660\" height=\"400\" srcset=\"https:\/\/www.bakeryturnkey.com\/wp-content\/uploads\/2024\/09\/31.jpg 660w, https:\/\/www.bakeryturnkey.com\/wp-content\/uploads\/2024\/09\/31-300x182.jpg 300w, https:\/\/www.bakeryturnkey.com\/wp-content\/uploads\/2024\/09\/31-600x364.jpg 600w\" sizes=\"auto, (max-width: 660px) 100vw, 660px\" \/><\/p>\n<h2><strong>Carater\u00edsticas da M\u00e1quina de fazer cone de wafer de sorvete<\/strong><\/h2>\n<p>Processo semi-automatizado: O sistema \u00e9 simples de operar, assegurando que cada passo \u00e9 preciso, desde a mistura da massa at\u00e9 \u00e0 cozedura do cone de bolacha de gelado com a forma perfeita.<br \/>\n-Versatilidade no design: Com moldes ajust\u00e1veis, esta m\u00e1quina vers\u00e1til pode produzir uma vasta gama de tamanhos e formas de cones de bolacha, permitindo-lhe satisfazer as diversas exig\u00eancias do mercado e personalizar cones para uma procura especial.<br \/>\n-Efici\u00eancia e elevado rendimento: Capaz de produzir milhares de cones por hora, aumenta significativamente a produtividade sem comprometer a textura delicada e o sabor de cada cone.<br \/>\n-Materiais higi\u00e9nicos e seguros: Constru\u00edda a partir de a\u00e7o inoxid\u00e1vel de qualidade alimentar, a m\u00e1quina cumpre as rigorosas normas sanit\u00e1rias internacionais, garantindo a seguran\u00e7a e a pureza dos seus produtos finais.<br \/>\n-Efici\u00eancia energ\u00e9tica: Incorporando t\u00e9cnicas avan\u00e7adas de isolamento e concep\u00e7\u00f5es de poupan\u00e7a de energia, a m\u00e1quina reduz os custos de funcionamento, mantendo um desempenho \u00f3timo.<\/p>\n<h2><strong>Qual \u00e9 o processo de fabrico dos cones de gelado?<\/strong><\/h2>\n<div class=\"ast-oembed-container\"><iframe loading=\"lazy\" title=\"Pre\u00e7o da m\u00e1quina de sorvete expresso comercial\" width=\"500\" height=\"281\" src=\"https:\/\/www.youtube.com\/embed\/q31PsmrcO8g?feature=oembed\" frameborder=\"0\" allow=\"accelerometer; autoplay; clipboard-write; encrypted-media; gyroscope; picture-in-picture; web-share\" referrerpolicy=\"strict-origin-when-cross-origin\" allowfullscreen><\/iframe><\/div>\n<p>Primeiro passo da prepara\u00e7\u00e3o: Antes de iniciar a opera\u00e7\u00e3o, primeiro certifique-se de que todas as partes da m\u00e1quina de fazer cones de gelado foram limpas e pr\u00e9-aquecidas \u00e0 temperatura adequada. Em seguida, despeje a massa de wafer com uma propor\u00e7\u00e3o precisa no distribuidor de massa. Quando a m\u00e1quina come\u00e7a a funcionar, a massa ser\u00e1 despejada uniformemente no molde inferior.<\/p>\n<p>Segundo passo da moldagem: O molde superior da m\u00e1quina \u00e9 novamente pressionado para baixo continuamente por opera\u00e7\u00e3o manual e encaixa no molde inferior. Cozer durante cerca de um a dois minutos para moldar com precis\u00e3o a massa em forma de cone.<\/p>\n<p><img loading=\"lazy\" decoding=\"async\" class=\"alignnone size-full wp-image-4499\" src=\"https:\/\/www.bakeryturnkey.com\/wp-content\/uploads\/2024\/09\/53.jpg\" alt=\"M\u00e1quina de fazer cones de wafer\" width=\"660\" height=\"400\" srcset=\"https:\/\/www.bakeryturnkey.com\/wp-content\/uploads\/2024\/09\/53.jpg 660w, https:\/\/www.bakeryturnkey.com\/wp-content\/uploads\/2024\/09\/53-300x182.jpg 300w, https:\/\/www.bakeryturnkey.com\/wp-content\/uploads\/2024\/09\/53-600x364.jpg 600w\" sizes=\"auto, (max-width: 660px) 100vw, 660px\" \/><\/p>\n<h2><strong>Vantagens da M\u00e1quina de Sorvete Expresso de Wafer Cone<\/strong><\/h2>\n<p>-Consist\u00eancia dimensional: Fornecer sempre um produto uniforme, garantindo a satisfa\u00e7\u00e3o do cliente e a fidelidade \u00e0 marca atrav\u00e9s de uma qualidade inabal\u00e1vel.<br \/>\n-F\u00e1cil opera\u00e7\u00e3o e manuten\u00e7\u00e3o: Os controlos de f\u00e1cil utiliza\u00e7\u00e3o e um design robusto facilitam o funcionamento simples e o tempo m\u00ednimo de paragem para limpeza e verifica\u00e7\u00f5es de rotina.<br \/>\n-Escalabilidade: \u00c0 medida que o seu neg\u00f3cio cresce, o mesmo acontece com a adaptabilidade da nossa m\u00e1quina. Foi concebida para se integrar sem problemas em linhas de produ\u00e7\u00e3o em expans\u00e3o, tornando-a num investimento \u00e0 prova de futuro.<br \/>\n-Aplica\u00e7\u00e3o alargada: \u00c0 medida que o seu neg\u00f3cio cresce, a adaptabilidade da nossa m\u00e1quina tamb\u00e9m aumenta. Pode produzir produtos diferentes mudando o molde, para que os seus produtos se possam adaptar \u00e0 procura do mercado.<br \/>\n-Suporte especializado: Com o apoio do servi\u00e7o p\u00f3s-venda abrangente da Gelgoog Machinery, incluindo assist\u00eancia \u00e0 instala\u00e7\u00e3o, forma\u00e7\u00e3o e apoio t\u00e9cnico imediato, nunca estar\u00e1 sozinho na sua jornada para o sucesso da confeitaria.<\/p>\n<p>A m\u00e1quina de fazer cones de wafer de gelado tem uma variedade de modelos e uma grande capacidade de produ\u00e7\u00e3o, que pode produzir 2400 cones de wafer por hora. Ela n\u00e3o s\u00f3 representa a atualiza\u00e7\u00e3o da sua capacidade de produ\u00e7\u00e3o, mas tamb\u00e9m tem uma apar\u00eancia e sabor de alta qualidade. Se quiser saber o pre\u00e7o da m\u00e1quina e mais informa\u00e7\u00f5es, contacte-nos atempadamente. Email: lisa@machinehall.com, whatsapp: +8615515571373.<\/p>\n<h3><strong>Par\u00e2metros do produto<\/strong><\/h3>\n<table border=\"0\" cellspacing=\"0\" cellpadding=\"0\">\n<tbody>\n<tr>\n<td>Modelo<\/td>\n<td>GGDW-60C<\/td>\n<\/tr>\n<tr>\n<td>Capacidade (PCS\/H)<\/td>\n<td>1500-2400<\/td>\n<\/tr>\n<tr>\n<td>Quantidade de moldes<\/td>\n<td>60 PE\u00c7AS<\/td>\n<\/tr>\n<tr>\n<td>Tempo de cozedura<\/td>\n<td>1-2 minutos<\/td>\n<\/tr>\n<tr>\n<td>Funcionamento<\/td>\n<td>Semi-autom\u00e1tico<\/td>\n<\/tr>\n<tr>\n<td>Pot\u00eancia<\/td>\n<td>21KW<\/td>\n<\/tr>\n<tr>\n<td>Tens\u00e3o<\/td>\n<td>380V<\/td>\n<\/tr>\n<tr>\n<td>Tamanho da m\u00e1quina (MM)<\/td>\n<td>1120*1180*1550<\/td>\n<\/tr>\n<tr>\n<td>Tamanho da embalagem (MM)<\/td>\n<td>1240*1180*1660<\/td>\n<\/tr>\n<tr>\n<td>Peso l\u00edquido<\/td>\n<td>1046KG<\/td>\n<\/tr>\n<tr>\n<td>Peso bruto<\/td>\n<td>1130KG<\/td>\n<\/tr>\n<\/tbody>\n<\/table>\n<h3><strong>Deixe o seu pedido de or\u00e7amento<\/strong><\/h3>\n\n<div class=\"wpcf7 no-js\" id=\"wpcf7-f2977-o1\" lang=\"en-US\" dir=\"ltr\">\n<div class=\"screen-reader-response\"><p role=\"status\" aria-live=\"polite\" aria-atomic=\"true\"><\/p> <ul><\/ul><\/div>\n<form action=\"\/pt\/wp-json\/wp\/v2\/product\/4497#wpcf7-f2977-o1\" method=\"post\" class=\"wpcf7-form init\" aria-label=\"Formul\u00e1rio de contacto\" novalidate=\"novalidate\" data-status=\"init\" data-trp-original-action=\"\/pt\/wp-json\/wp\/v2\/product\/4497#wpcf7-f2977-o1\">\n<div style=\"display: none;\">\n<input type=\"hidden\" name=\"_wpcf7\" value=\"2977\" \/>\n<input type=\"hidden\" name=\"_wpcf7_version\" value=\"5.7.7\" \/>\n<input type=\"hidden\" name=\"_wpcf7_locale\" value=\"en_US\" \/>\n<input type=\"hidden\" name=\"_wpcf7_unit_tag\" value=\"wpcf7-f2977-o1\" \/>\n<input type=\"hidden\" name=\"_wpcf7_container_post\" value=\"0\" \/>\n<input type=\"hidden\" name=\"_wpcf7_posted_data_hash\" value=\"\" \/>\n<\/div>\n<p><label> O seu nome*<br \/>\n<span class=\"wpcf7-form-control-wrap\" data-name=\"your-name\"><input size=\"40\" class=\"wpcf7-form-control wpcf7-text wpcf7-validates-as-required\" aria-required=\"true\" aria-invalid=\"false\" value=\"\" type=\"text\" name=\"your-name\" \/><\/span> <\/label>\n<\/p>\n<p><label> O seu pa\u00eds<br \/>\n<span class=\"wpcf7-form-control-wrap\" data-name=\"your-country\"><input size=\"40\" class=\"wpcf7-form-control wpcf7-text\" aria-invalid=\"false\" value=\"\" type=\"text\" name=\"your-country\" \/><\/span><\/label>\n<\/p>\n<p><label> O seu e-mail*<br \/>\n<span class=\"wpcf7-form-control-wrap\" data-name=\"your-email\"><input size=\"40\" class=\"wpcf7-form-control wpcf7-text wpcf7-email wpcf7-validates-as-required wpcf7-validates-as-email\" aria-required=\"true\" aria-invalid=\"false\" value=\"\" type=\"email\" name=\"your-email\" \/><\/span> <\/label>\n<\/p>\n<p><label> O seu telem\u00f3vel<br \/>\n<span class=\"wpcf7-form-control-wrap\" data-name=\"your-phone\"><input size=\"40\" class=\"wpcf7-form-control wpcf7-text\" aria-invalid=\"false\" value=\"\" type=\"text\" name=\"your-phone\" \/><\/span> <\/label>\n<\/p>\n<p><label> Nome da empresa<br \/>\n<span class=\"wpcf7-form-control-wrap\" data-name=\"text-529\"><input size=\"40\" class=\"wpcf7-form-control wpcf7-text\" aria-invalid=\"false\" value=\"\" type=\"text\" name=\"text-529\" \/><\/span> <\/label>\n<\/p>\n<p><label> S\u00edtio Web da empresa<br \/>\n<span class=\"wpcf7-form-control-wrap\" data-name=\"text-106\"><input size=\"40\" class=\"wpcf7-form-control wpcf7-text\" aria-invalid=\"false\" value=\"\" type=\"text\" name=\"text-106\" \/><\/span> <\/label>\n<\/p>\n<p><label> A sua mensagem*<br \/>\n<span class=\"wpcf7-form-control-wrap\" data-name=\"your-message\"><textarea cols=\"40\" rows=\"10\" class=\"wpcf7-form-control wpcf7-textarea wpcf7-validates-as-required\" aria-required=\"true\" aria-invalid=\"false\" name=\"your-message\"><\/textarea><\/span> <\/label>\n<\/p>\n<p><input class=\"wpcf7-form-control has-spinner wpcf7-submit\" type=\"submit\" value=\"Enviar\" \/>\n<\/p><p style=\"display: none !important;\" class=\"akismet-fields-container\" data-prefix=\"_wpcf7_ak_\"><label>&#916;<textarea name=\"_wpcf7_ak_hp_textarea\" cols=\"45\" rows=\"8\" maxlength=\"100\"><\/textarea><\/label><input type=\"hidden\" id=\"ak_js_1\" name=\"_wpcf7_ak_js\" value=\"232\"\/><script>document.getElementById( \"ak_js_1\" ).setAttribute( \"value\", ( new Date() ).getTime() );<\/script><\/p><div class=\"wpcf7-response-output\" aria-hidden=\"true\"><\/div>\n<input type=\"hidden\" name=\"trp-form-language\" value=\"pt\"\/><\/form>\n<\/div>\n\n<div style='text-align:left' class='yasr-auto-insert-visitor'><\/div>","protected":false},"excerpt":{"rendered":"<p>A m\u00e1quina para fabrica\u00e7\u00e3o de cones de wafer para sorvete foi meticulosamente projetada pela empresa Gelgoog para atender \u00e0 crescente demanda por cones de wafer deliciosos e crocantes que complementam suas ofertas de sorvete premium. Na ind\u00fastria de processamento de alimentos, cada detalhe \u00e9 crucial. Como um excelente fabricante de m\u00e1quinas de alimentos na China, nossa empresa se concentra na pesquisa e ...<\/p>\n<p class=\"read-more\"> <a class=\"\" href=\"https:\/\/www.bakeryturnkey.com\/pt\/produto\/ice-cream-wafer-cone-making-machine\/\"> <span class=\"screen-reader-text\">M\u00e1quina de fazer cone de wafer de sorvete Gelgoog Pre\u00e7o<\/span> Ler mais \"<\/a><\/p>","protected":false},"featured_media":4500,"comment_status":"open","ping_status":"closed","template":"","meta":{"site-sidebar-layout":"default","site-content-layout":"default","ast-main-header-display":"","ast-hfb-above-header-display":"","ast-hfb-below-header-display":"","ast-hfb-mobile-header-display":"","site-post-title":"","ast-breadcrumbs-content":"","ast-featured-img":"","footer-sml-layout":"","theme-transparent-header-meta":"default","adv-header-id-meta":"","stick-header-meta":"","header-above-stick-meta":"","header-main-stick-meta":"","header-below-stick-meta":"","yasr_overall_rating":0,"yasr_post_is_review":"","yasr_auto_insert_disabled":"","yasr_review_type":""},"product_cat":[45],"product_tag":[],"class_list":["post-4497","product","type-product","status-publish","has-post-thumbnail","hentry","product_cat-cone-machinery"],"yoast_head":"<!-- This site is optimized with the Yoast SEO plugin v27.4 - https:\/\/yoast.com\/product\/yoast-seo-wordpress\/ -->\n<title>Gelgoog Ice Cream Wafer Cone Making Machine Price<\/title>\n<meta name=\"description\" content=\"The ice cream wafer cone making machine is developed by Gelgoog company, with large production capacity, easy operation and affordable price.\" \/>\n<meta name=\"robots\" content=\"index, follow, max-snippet:-1, max-image-preview:large, max-video-preview:-1\" \/>\n<link rel=\"canonical\" href=\"https:\/\/www.bakeryturnkey.com\/pt\/produto\/ice-cream-wafer-cone-making-machine\/\" \/>\n<meta property=\"og:locale\" content=\"pt_PT\" \/>\n<meta property=\"og:type\" content=\"article\" \/>\n<meta property=\"og:title\" content=\"Gelgoog Ice Cream Wafer Cone Making Machine Price\" \/>\n<meta property=\"og:description\" content=\"The ice cream wafer cone making machine is developed by Gelgoog company, with large production capacity, easy operation and affordable price.\" \/>\n<meta property=\"og:url\" content=\"https:\/\/www.bakeryturnkey.com\/pt\/produto\/ice-cream-wafer-cone-making-machine\/\" \/>\n<meta property=\"og:site_name\" content=\"Bakery Food Processing Equipment Manufacturer\" \/>\n<meta property=\"article:modified_time\" content=\"2024-09-10T03:14:39+00:00\" \/>\n<meta property=\"og:image\" content=\"https:\/\/www.bakeryturnkey.com\/wp-content\/uploads\/2024\/09\/42.jpg\" \/>\n\t<meta property=\"og:image:width\" content=\"800\" \/>\n\t<meta property=\"og:image:height\" content=\"800\" \/>\n\t<meta property=\"og:image:type\" content=\"image\/jpeg\" \/>\n<meta name=\"twitter:card\" content=\"summary_large_image\" \/>\n<meta name=\"twitter:label1\" content=\"Tempo estimado de leitura\" \/>\n\t<meta name=\"twitter:data1\" content=\"3 minutos\" \/>\n<script type=\"application\/ld+json\" class=\"yoast-schema-graph\">{\"@context\":\"https:\\\/\\\/schema.org\",\"@graph\":[{\"@type\":\"WebPage\",\"@id\":\"https:\\\/\\\/www.bakeryturnkey.com\\\/product\\\/ice-cream-wafer-cone-making-machine\\\/\",\"url\":\"https:\\\/\\\/www.bakeryturnkey.com\\\/product\\\/ice-cream-wafer-cone-making-machine\\\/\",\"name\":\"Gelgoog Ice Cream Wafer Cone Making Machine Price\",\"isPartOf\":{\"@id\":\"https:\\\/\\\/www.bakeryturnkey.com\\\/#website\"},\"primaryImageOfPage\":{\"@id\":\"https:\\\/\\\/www.bakeryturnkey.com\\\/product\\\/ice-cream-wafer-cone-making-machine\\\/#primaryimage\"},\"image\":{\"@id\":\"https:\\\/\\\/www.bakeryturnkey.com\\\/product\\\/ice-cream-wafer-cone-making-machine\\\/#primaryimage\"},\"thumbnailUrl\":\"https:\\\/\\\/www.bakeryturnkey.com\\\/wp-content\\\/uploads\\\/2024\\\/09\\\/42.jpg\",\"datePublished\":\"2024-09-10T03:09:05+00:00\",\"dateModified\":\"2024-09-10T03:14:39+00:00\",\"description\":\"The ice cream wafer cone making machine is developed by Gelgoog company, with large production capacity, easy operation and affordable price.\",\"breadcrumb\":{\"@id\":\"https:\\\/\\\/www.bakeryturnkey.com\\\/product\\\/ice-cream-wafer-cone-making-machine\\\/#breadcrumb\"},\"inLanguage\":\"pt-PT\",\"potentialAction\":[{\"@type\":\"ReadAction\",\"target\":[\"https:\\\/\\\/www.bakeryturnkey.com\\\/product\\\/ice-cream-wafer-cone-making-machine\\\/\"]}]},{\"@type\":\"ImageObject\",\"inLanguage\":\"pt-PT\",\"@id\":\"https:\\\/\\\/www.bakeryturnkey.com\\\/product\\\/ice-cream-wafer-cone-making-machine\\\/#primaryimage\",\"url\":\"https:\\\/\\\/www.bakeryturnkey.com\\\/wp-content\\\/uploads\\\/2024\\\/09\\\/42.jpg\",\"contentUrl\":\"https:\\\/\\\/www.bakeryturnkey.com\\\/wp-content\\\/uploads\\\/2024\\\/09\\\/42.jpg\",\"width\":800,\"height\":800,\"caption\":\"Ice Cream Wafer Cone Machine\"},{\"@type\":\"BreadcrumbList\",\"@id\":\"https:\\\/\\\/www.bakeryturnkey.com\\\/product\\\/ice-cream-wafer-cone-making-machine\\\/#breadcrumb\",\"itemListElement\":[{\"@type\":\"ListItem\",\"position\":1,\"name\":\"Home\",\"item\":\"https:\\\/\\\/www.bakeryturnkey.com\\\/\"},{\"@type\":\"ListItem\",\"position\":2,\"name\":\"Products\",\"item\":\"https:\\\/\\\/www.bakeryturnkey.com\\\/products\\\/\"},{\"@type\":\"ListItem\",\"position\":3,\"name\":\"Gelgoog Ice Cream Wafer Cone Making Machine Price\"}]},{\"@type\":\"WebSite\",\"@id\":\"https:\\\/\\\/www.bakeryturnkey.com\\\/#website\",\"url\":\"https:\\\/\\\/www.bakeryturnkey.com\\\/\",\"name\":\"Bakery Food Processing Equipment Manufacturer\",\"description\":\"Bakery Food Solutions Provider\",\"publisher\":{\"@id\":\"https:\\\/\\\/www.bakeryturnkey.com\\\/#organization\"},\"potentialAction\":[{\"@type\":\"SearchAction\",\"target\":{\"@type\":\"EntryPoint\",\"urlTemplate\":\"https:\\\/\\\/www.bakeryturnkey.com\\\/?s={search_term_string}\"},\"query-input\":{\"@type\":\"PropertyValueSpecification\",\"valueRequired\":true,\"valueName\":\"search_term_string\"}}],\"inLanguage\":\"pt-PT\"},{\"@type\":\"Organization\",\"@id\":\"https:\\\/\\\/www.bakeryturnkey.com\\\/#organization\",\"name\":\"Bakery Food Processing Equipment Manufacturer\",\"url\":\"https:\\\/\\\/www.bakeryturnkey.com\\\/\",\"logo\":{\"@type\":\"ImageObject\",\"inLanguage\":\"pt-PT\",\"@id\":\"https:\\\/\\\/www.bakeryturnkey.com\\\/#\\\/schema\\\/logo\\\/image\\\/\",\"url\":\"https:\\\/\\\/www.bakeryturnkey.com\\\/wp-content\\\/uploads\\\/2022\\\/03\\\/cropped-13-1.png\",\"contentUrl\":\"https:\\\/\\\/www.bakeryturnkey.com\\\/wp-content\\\/uploads\\\/2022\\\/03\\\/cropped-13-1.png\",\"width\":512,\"height\":429,\"caption\":\"Bakery Food Processing Equipment Manufacturer\"},\"image\":{\"@id\":\"https:\\\/\\\/www.bakeryturnkey.com\\\/#\\\/schema\\\/logo\\\/image\\\/\"}},false]}<\/script>\n<!-- \/ Yoast SEO plugin. -->","yoast_head_json":{"title":"Gelgoog Ice Cream Wafer Cone Making Machine Price","description":"The ice cream wafer cone making machine is developed by Gelgoog company, with large production capacity, easy operation and affordable price.","robots":{"index":"index","follow":"follow","max-snippet":"max-snippet:-1","max-image-preview":"max-image-preview:large","max-video-preview":"max-video-preview:-1"},"canonical":"https:\/\/www.bakeryturnkey.com\/pt\/produto\/ice-cream-wafer-cone-making-machine\/","og_locale":"pt_PT","og_type":"article","og_title":"Gelgoog Ice Cream Wafer Cone Making Machine Price","og_description":"The ice cream wafer cone making machine is developed by Gelgoog company, with large production capacity, easy operation and affordable price.","og_url":"https:\/\/www.bakeryturnkey.com\/pt\/produto\/ice-cream-wafer-cone-making-machine\/","og_site_name":"Bakery Food Processing Equipment Manufacturer","article_modified_time":"2024-09-10T03:14:39+00:00","og_image":[{"width":800,"height":800,"url":"https:\/\/www.bakeryturnkey.com\/wp-content\/uploads\/2024\/09\/42.jpg","type":"image\/jpeg"}],"twitter_card":"summary_large_image","twitter_misc":{"Tempo estimado de leitura":"3 minutos"},"schema":{"@context":"https:\/\/schema.org","@graph":[{"@type":"WebPage","@id":"https:\/\/www.bakeryturnkey.com\/product\/ice-cream-wafer-cone-making-machine\/","url":"https:\/\/www.bakeryturnkey.com\/product\/ice-cream-wafer-cone-making-machine\/","name":"Gelgoog Ice Cream Wafer Cone Making Machine Price","isPartOf":{"@id":"https:\/\/www.bakeryturnkey.com\/#website"},"primaryImageOfPage":{"@id":"https:\/\/www.bakeryturnkey.com\/product\/ice-cream-wafer-cone-making-machine\/#primaryimage"},"image":{"@id":"https:\/\/www.bakeryturnkey.com\/product\/ice-cream-wafer-cone-making-machine\/#primaryimage"},"thumbnailUrl":"https:\/\/www.bakeryturnkey.com\/wp-content\/uploads\/2024\/09\/42.jpg","datePublished":"2024-09-10T03:09:05+00:00","dateModified":"2024-09-10T03:14:39+00:00","description":"The ice cream wafer cone making machine is developed by Gelgoog company, with large production capacity, easy operation and affordable price.","breadcrumb":{"@id":"https:\/\/www.bakeryturnkey.com\/product\/ice-cream-wafer-cone-making-machine\/#breadcrumb"},"inLanguage":"pt-PT","potentialAction":[{"@type":"ReadAction","target":["https:\/\/www.bakeryturnkey.com\/product\/ice-cream-wafer-cone-making-machine\/"]}]},{"@type":"ImageObject","inLanguage":"pt-PT","@id":"https:\/\/www.bakeryturnkey.com\/product\/ice-cream-wafer-cone-making-machine\/#primaryimage","url":"https:\/\/www.bakeryturnkey.com\/wp-content\/uploads\/2024\/09\/42.jpg","contentUrl":"https:\/\/www.bakeryturnkey.com\/wp-content\/uploads\/2024\/09\/42.jpg","width":800,"height":800,"caption":"Ice Cream Wafer Cone Machine"},{"@type":"BreadcrumbList","@id":"https:\/\/www.bakeryturnkey.com\/product\/ice-cream-wafer-cone-making-machine\/#breadcrumb","itemListElement":[{"@type":"ListItem","position":1,"name":"Home","item":"https:\/\/www.bakeryturnkey.com\/"},{"@type":"ListItem","position":2,"name":"Products","item":"https:\/\/www.bakeryturnkey.com\/products\/"},{"@type":"ListItem","position":3,"name":"Gelgoog Ice Cream Wafer Cone Making Machine Price"}]},{"@type":"WebSite","@id":"https:\/\/www.bakeryturnkey.com\/#website","url":"https:\/\/www.bakeryturnkey.com\/","name":"Bakery Food Processing Equipment Manufacturer","description":"Bakery Food Solutions Provider","publisher":{"@id":"https:\/\/www.bakeryturnkey.com\/#organization"},"potentialAction":[{"@type":"SearchAction","target":{"@type":"EntryPoint","urlTemplate":"https:\/\/www.bakeryturnkey.com\/?s={search_term_string}"},"query-input":{"@type":"PropertyValueSpecification","valueRequired":true,"valueName":"search_term_string"}}],"inLanguage":"pt-PT"},{"@type":"Organization","@id":"https:\/\/www.bakeryturnkey.com\/#organization","name":"Bakery Food Processing Equipment Manufacturer","url":"https:\/\/www.bakeryturnkey.com\/","logo":{"@type":"ImageObject","inLanguage":"pt-PT","@id":"https:\/\/www.bakeryturnkey.com\/#\/schema\/logo\/image\/","url":"https:\/\/www.bakeryturnkey.com\/wp-content\/uploads\/2022\/03\/cropped-13-1.png","contentUrl":"https:\/\/www.bakeryturnkey.com\/wp-content\/uploads\/2022\/03\/cropped-13-1.png","width":512,"height":429,"caption":"Bakery Food Processing Equipment Manufacturer"},"image":{"@id":"https:\/\/www.bakeryturnkey.com\/#\/schema\/logo\/image\/"}},false]}},"yasr_visitor_votes":{"stars_attributes":{"read_only":false,"span_bottom":false},"number_of_votes":0,"sum_votes":0},"_links":{"self":[{"href":"https:\/\/www.bakeryturnkey.com\/pt\/wp-json\/wp\/v2\/product\/4497","targetHints":{"allow":["GET"]}}],"collection":[{"href":"https:\/\/www.bakeryturnkey.com\/pt\/wp-json\/wp\/v2\/product"}],"about":[{"href":"https:\/\/www.bakeryturnkey.com\/pt\/wp-json\/wp\/v2\/types\/product"}],"replies":[{"embeddable":true,"href":"https:\/\/www.bakeryturnkey.com\/pt\/wp-json\/wp\/v2\/comments?post=4497"}],"wp:featuredmedia":[{"embeddable":true,"href":"https:\/\/www.bakeryturnkey.com\/pt\/wp-json\/wp\/v2\/media\/4500"}],"wp:attachment":[{"href":"https:\/\/www.bakeryturnkey.com\/pt\/wp-json\/wp\/v2\/media?parent=4497"}],"wp:term":[{"taxonomy":"product_cat","embeddable":true,"href":"https:\/\/www.bakeryturnkey.com\/pt\/wp-json\/wp\/v2\/product_cat?post=4497"},{"taxonomy":"product_tag","embeddable":true,"href":"https:\/\/www.bakeryturnkey.com\/pt\/wp-json\/wp\/v2\/product_tag?post=4497"}],"curies":[{"name":"wp","href":"https:\/\/api.w.org\/{rel}","templated":true}]}}