{"id":4489,"date":"2024-08-20T18:59:41","date_gmt":"2024-08-20T10:59:41","guid":{"rendered":"https:\/\/www.bakeryturnkey.com\/?post_type=product&#038;p=4489"},"modified":"2024-08-20T19:06:17","modified_gmt":"2024-08-20T11:06:17","slug":"mini-maple-cone-machine","status":"publish","type":"product","link":"https:\/\/www.bakeryturnkey.com\/pt\/produto\/mini-maple-cone-machine\/","title":{"rendered":"2400 p\u00e7s\/h Mini M\u00e1quina para produ\u00e7\u00e3o de cone de bordo com SUS304"},"content":{"rendered":"<p>Utilizando a mini m\u00e1quina de cones de \u00e1cer, \u00e9 poss\u00edvel obter uma produ\u00e7\u00e3o eficiente e de alta qualidade. Esta m\u00e1quina foi concebida para empresas com elevados padr\u00f5es de produ\u00e7\u00e3o e pode produzir 2400 cones por hora, assegurando que pode facilmente satisfazer as necessidades dos clientes.<\/p>\n<p>As partes de toda a m\u00e1quina que entram em contacto com os alimentos s\u00e3o feitas de a\u00e7o inoxid\u00e1vel de grau de seguran\u00e7a, que \u00e9 higi\u00e9nico e fi\u00e1vel. Os materiais externos podem ser personalizados de acordo com diferentes requisitos.<\/p>\n<p><img loading=\"lazy\" decoding=\"async\" class=\"alignnone size-full wp-image-4490\" src=\"https:\/\/www.bakeryturnkey.com\/wp-content\/uploads\/2024\/08\/5.jpg\" alt=\"M\u00e1quina de fazer cones de \u00e1cer\" width=\"630\" height=\"400\" srcset=\"https:\/\/www.bakeryturnkey.com\/wp-content\/uploads\/2024\/08\/5.jpg 630w, https:\/\/www.bakeryturnkey.com\/wp-content\/uploads\/2024\/08\/5-300x190.jpg 300w, https:\/\/www.bakeryturnkey.com\/wp-content\/uploads\/2024\/08\/5-600x381.jpg 600w\" sizes=\"auto, (max-width: 630px) 100vw, 630px\" \/><\/p>\n<h2><strong>Carater\u00edsticas da Mini M\u00e1quina de Cone de Bordo<\/strong><\/h2>\n<ul>\n<li>Alto desempenho de produ\u00e7\u00e3o: A nossa empresa concebeu a m\u00e1quina de fazer cones de \u00e1cer para se destacar na produ\u00e7\u00e3o de grandes volumes, produzindo at\u00e9 2400 cones por hora. Esta m\u00e1quina eficiente foi concebida para acompanhar os seus per\u00edodos de maior atividade, mantendo a qualidade superior que os seus clientes esperam.<\/li>\n<li>Funcionamento semi-autom\u00e1tico: A nossa m\u00e1quina oferece o melhor de dois mundos, integrando a precis\u00e3o dos sistemas automatizados com a adaptabilidade dos ajustes manuais. Esta funcionalidade permite-lhe ajustar a temperatura e o tempo de cozedura de acordo com os requisitos espec\u00edficos de diversas receitas.<\/li>\n<li>Constru\u00e7\u00e3o duradoura: Constru\u00edda com a\u00e7o inoxid\u00e1vel SUS304 de primeira qualidade, esta m\u00e1quina n\u00e3o s\u00f3 \u00e9 robusta contra os rigores da utiliza\u00e7\u00e3o di\u00e1ria, como tamb\u00e9m cumpre as normas de seguran\u00e7a alimentar.<\/li>\n<li>F\u00e1cil de limpar e de manter: O design da m\u00e1quina de cones de \u00e1cer facilita a limpeza sem esfor\u00e7o, reduzindo o tempo de inatividade e garantindo uma higiene consistente.<\/li>\n<li>Versatilidade: Ideal para uma variedade de receitas de cones de \u00e1cer, desde as cl\u00e1ssicas \u00e0s cria\u00e7\u00f5es gourmet, esta m\u00e1quina \u00e9 a pedra angular de qualquer geladaria, padaria ou confeitaria.<\/li>\n<\/ul>\n<p>&nbsp;<\/p>\n<h2><strong>Processo de fabrico de mini cones de \u00e1cer<\/strong><\/h2>\n<div class=\"ast-oembed-container\"><iframe loading=\"lazy\" title=\"Como fazer mini cones de \u00e1cer com uma m\u00e1quina\" width=\"500\" height=\"281\" src=\"https:\/\/www.youtube.com\/embed\/xawQ4olK-Kw?feature=oembed\" frameborder=\"0\" allow=\"accelerometer; autoplay; clipboard-write; encrypted-media; gyroscope; picture-in-picture; web-share\" referrerpolicy=\"strict-origin-when-cross-origin\" allowfullscreen><\/iframe><\/div>\n<h2><strong>Vantagens da m\u00e1quina para produ\u00e7\u00e3o de cones de \u00e1cer<\/strong><\/h2>\n<ul>\n<li>Investir na nossa m\u00e1quina significa investir em qualidade. Com uma reputa\u00e7\u00e3o de fiabilidade e um design que promove a longevidade, esta m\u00e1quina foi constru\u00edda para servir a sua empresa durante muitos anos.<\/li>\n<li>Apoiamos a nossa m\u00e1quina com um compromisso de satisfa\u00e7\u00e3o do cliente. A nossa assist\u00eancia p\u00f3s-venda est\u00e1 apenas a uma chamada de dist\u00e2ncia, garantindo que a sua linha de produ\u00e7\u00e3o funciona sem interrup\u00e7\u00f5es.<\/li>\n<li>Concebida com tecnologia de poupan\u00e7a de energia, a mini m\u00e1quina para fabricar cones de \u00e1cer minimiza o consumo de energia sem reduzir a produ\u00e7\u00e3o, ajudando-o a poupar nos custos operacionais.<\/li>\n<li>A m\u00e1quina permite ajustar o tamanho e a espessura dos cones de \u00e1cer, proporcionando uma variedade de produtos para satisfazer as necessidades de diferentes utilizadores.<\/li>\n<li>Adequado para produzir n\u00e3o s\u00f3 cones de \u00e1cer, mas tamb\u00e9m outros tipos de produtos \u00e0 base de bolacha, tornando-o um complemento vers\u00e1til para qualquer empresa de servi\u00e7os alimentares.<\/li>\n<\/ul>\n<p>&nbsp;<\/p>\n<p>Expanda o \u00e2mbito do seu neg\u00f3cio com a nossa m\u00e1quina semi-autom\u00e1tica de mini cones de \u00e1cer. \u00c9 mais do que um aparelho; \u00e9 o segredo do seu sucesso no mundo competitivo dos doces. Contacte-nos hoje para descobrir como esta m\u00e1quina pode transformar o seu neg\u00f3cio.<\/p>\n<p>&nbsp;<\/p>\n<h3><strong>Par\u00e2metros do produto:<\/strong><\/h3>\n<table>\n<tbody>\n<tr>\n<td>Modelo<\/td>\n<td>GGDW-32C<\/td>\n<\/tr>\n<tr>\n<td>Capacidade<\/td>\n<td>800-1000pcs\/h<\/td>\n<\/tr>\n<tr>\n<td>Quantidade de moldes<\/td>\n<td>32 UNIDADES<\/td>\n<\/tr>\n<tr>\n<td>Tempo de cozedura<\/td>\n<td>1-2 minutos<\/td>\n<\/tr>\n<tr>\n<td>Funcionamento<\/td>\n<td>Semi-autom\u00e1tico<\/td>\n<\/tr>\n<tr>\n<td>Pot\u00eancia<\/td>\n<td>15kw<\/td>\n<\/tr>\n<tr>\n<td>Tens\u00e3o<\/td>\n<td>380V\/220V<\/td>\n<\/tr>\n<tr>\n<td>Tamanho da m\u00e1quina<\/td>\n<td>880*880*1380mm<\/td>\n<\/tr>\n<tr>\n<td>Tamanho da embalagem<\/td>\n<td>900*1000*1540mm<\/td>\n<\/tr>\n<tr>\n<td>Peso l\u00edquido<\/td>\n<td>450 kg<\/td>\n<\/tr>\n<tr>\n<td>Peso bruto<\/td>\n<td>510 kg<\/td>\n<\/tr>\n<\/tbody>\n<\/table>\n<h3><strong>Sair<\/strong><strong>\u00a0O seu pedido de or\u00e7amento<\/strong><\/h3>\n\n<div class=\"wpcf7 no-js\" id=\"wpcf7-f2977-o1\" lang=\"en-US\" dir=\"ltr\">\n<div class=\"screen-reader-response\"><p role=\"status\" aria-live=\"polite\" aria-atomic=\"true\"><\/p> <ul><\/ul><\/div>\n<form action=\"\/pt\/wp-json\/wp\/v2\/product\/4489#wpcf7-f2977-o1\" method=\"post\" class=\"wpcf7-form init\" aria-label=\"Formul\u00e1rio de contacto\" novalidate=\"novalidate\" data-status=\"init\" data-trp-original-action=\"\/pt\/wp-json\/wp\/v2\/product\/4489#wpcf7-f2977-o1\">\n<div style=\"display: none;\">\n<input type=\"hidden\" name=\"_wpcf7\" value=\"2977\" \/>\n<input type=\"hidden\" name=\"_wpcf7_version\" value=\"5.7.7\" \/>\n<input type=\"hidden\" name=\"_wpcf7_locale\" value=\"en_US\" \/>\n<input type=\"hidden\" name=\"_wpcf7_unit_tag\" value=\"wpcf7-f2977-o1\" \/>\n<input type=\"hidden\" name=\"_wpcf7_container_post\" value=\"0\" \/>\n<input type=\"hidden\" name=\"_wpcf7_posted_data_hash\" value=\"\" \/>\n<\/div>\n<p><label> O seu nome*<br \/>\n<span class=\"wpcf7-form-control-wrap\" data-name=\"your-name\"><input size=\"40\" class=\"wpcf7-form-control wpcf7-text wpcf7-validates-as-required\" aria-required=\"true\" aria-invalid=\"false\" value=\"\" type=\"text\" name=\"your-name\" \/><\/span> <\/label>\n<\/p>\n<p><label> O seu pa\u00eds<br \/>\n<span class=\"wpcf7-form-control-wrap\" data-name=\"your-country\"><input size=\"40\" class=\"wpcf7-form-control wpcf7-text\" aria-invalid=\"false\" value=\"\" type=\"text\" name=\"your-country\" \/><\/span><\/label>\n<\/p>\n<p><label> O seu e-mail*<br \/>\n<span class=\"wpcf7-form-control-wrap\" data-name=\"your-email\"><input size=\"40\" class=\"wpcf7-form-control wpcf7-text wpcf7-email wpcf7-validates-as-required wpcf7-validates-as-email\" aria-required=\"true\" aria-invalid=\"false\" value=\"\" type=\"email\" name=\"your-email\" \/><\/span> <\/label>\n<\/p>\n<p><label> O seu telem\u00f3vel<br \/>\n<span class=\"wpcf7-form-control-wrap\" data-name=\"your-phone\"><input size=\"40\" class=\"wpcf7-form-control wpcf7-text\" aria-invalid=\"false\" value=\"\" type=\"text\" name=\"your-phone\" \/><\/span> <\/label>\n<\/p>\n<p><label> Nome da empresa<br \/>\n<span class=\"wpcf7-form-control-wrap\" data-name=\"text-529\"><input size=\"40\" class=\"wpcf7-form-control wpcf7-text\" aria-invalid=\"false\" value=\"\" type=\"text\" name=\"text-529\" \/><\/span> <\/label>\n<\/p>\n<p><label> S\u00edtio Web da empresa<br \/>\n<span class=\"wpcf7-form-control-wrap\" data-name=\"text-106\"><input size=\"40\" class=\"wpcf7-form-control wpcf7-text\" aria-invalid=\"false\" value=\"\" type=\"text\" name=\"text-106\" \/><\/span> <\/label>\n<\/p>\n<p><label> A sua mensagem*<br \/>\n<span class=\"wpcf7-form-control-wrap\" data-name=\"your-message\"><textarea cols=\"40\" rows=\"10\" class=\"wpcf7-form-control wpcf7-textarea wpcf7-validates-as-required\" aria-required=\"true\" aria-invalid=\"false\" name=\"your-message\"><\/textarea><\/span> <\/label>\n<\/p>\n<p><input class=\"wpcf7-form-control has-spinner wpcf7-submit\" type=\"submit\" value=\"Enviar\" \/>\n<\/p><p style=\"display: none !important;\" class=\"akismet-fields-container\" data-prefix=\"_wpcf7_ak_\"><label>&#916;<textarea name=\"_wpcf7_ak_hp_textarea\" cols=\"45\" rows=\"8\" maxlength=\"100\"><\/textarea><\/label><input type=\"hidden\" id=\"ak_js_1\" name=\"_wpcf7_ak_js\" value=\"219\"\/><script>document.getElementById( \"ak_js_1\" ).setAttribute( \"value\", ( new Date() ).getTime() );<\/script><\/p><div class=\"wpcf7-response-output\" aria-hidden=\"true\"><\/div>\n<input type=\"hidden\" name=\"trp-form-language\" value=\"pt\"\/><\/form>\n<\/div>\n\n<div style='text-align:left' class='yasr-auto-insert-visitor'><\/div>","protected":false},"excerpt":{"rendered":"<p>Utilizando a mini m\u00e1quina de cones de \u00e1cer, \u00e9 poss\u00edvel obter uma produ\u00e7\u00e3o eficiente e de alta qualidade. Esta m\u00e1quina foi concebida para empresas com elevados padr\u00f5es de produ\u00e7\u00e3o e pode produzir 2400 cones por hora, assegurando que pode facilmente satisfazer as necessidades dos clientes. As partes de toda a m\u00e1quina que entram em contacto com os alimentos s\u00e3o feitas de ...<\/p>\n<p class=\"read-more\"> <a class=\"\" href=\"https:\/\/www.bakeryturnkey.com\/pt\/produto\/mini-maple-cone-machine\/\"> <span class=\"screen-reader-text\">2400 p\u00e7s\/h Mini M\u00e1quina para produ\u00e7\u00e3o de cone de bordo com SUS304<\/span> Ler mais \"<\/a><\/p>","protected":false},"featured_media":4493,"comment_status":"open","ping_status":"closed","template":"","meta":{"site-sidebar-layout":"default","site-content-layout":"default","ast-main-header-display":"","ast-hfb-above-header-display":"","ast-hfb-below-header-display":"","ast-hfb-mobile-header-display":"","site-post-title":"","ast-breadcrumbs-content":"","ast-featured-img":"","footer-sml-layout":"","theme-transparent-header-meta":"default","adv-header-id-meta":"","stick-header-meta":"","header-above-stick-meta":"","header-main-stick-meta":"","header-below-stick-meta":"","yasr_overall_rating":0,"yasr_post_is_review":"","yasr_auto_insert_disabled":"","yasr_review_type":""},"product_cat":[45],"product_tag":[],"class_list":["post-4489","product","type-product","status-publish","has-post-thumbnail","hentry","product_cat-cone-machinery"],"yoast_head":"<!-- This site is optimized with the Yoast SEO plugin v27.4 - https:\/\/yoast.com\/product\/yoast-seo-wordpress\/ -->\n<title>2400 pcs\/h Mini Maple Cone Machine with SUS304<\/title>\n<meta name=\"description\" content=\"The mini maple cone machine is made of stainless steel 304 materials, ensuring that the cones are produced in a safe and hygienic environment.\" \/>\n<meta name=\"robots\" content=\"index, follow, max-snippet:-1, max-image-preview:large, max-video-preview:-1\" \/>\n<link rel=\"canonical\" href=\"https:\/\/www.bakeryturnkey.com\/pt\/produto\/mini-maple-cone-machine\/\" \/>\n<meta property=\"og:locale\" content=\"pt_PT\" \/>\n<meta property=\"og:type\" content=\"article\" \/>\n<meta property=\"og:title\" content=\"2400 pcs\/h Mini Maple Cone Machine with SUS304\" \/>\n<meta property=\"og:description\" content=\"The mini maple cone machine is made of stainless steel 304 materials, ensuring that the cones are produced in a safe and hygienic environment.\" \/>\n<meta property=\"og:url\" content=\"https:\/\/www.bakeryturnkey.com\/pt\/produto\/mini-maple-cone-machine\/\" \/>\n<meta property=\"og:site_name\" content=\"Bakery Food Processing Equipment Manufacturer\" \/>\n<meta property=\"article:modified_time\" content=\"2024-08-20T11:06:17+00:00\" \/>\n<meta property=\"og:image\" content=\"https:\/\/www.bakeryturnkey.com\/wp-content\/uploads\/2024\/08\/6.jpg\" \/>\n\t<meta property=\"og:image:width\" content=\"800\" \/>\n\t<meta property=\"og:image:height\" content=\"800\" \/>\n\t<meta property=\"og:image:type\" content=\"image\/jpeg\" \/>\n<meta name=\"twitter:card\" content=\"summary_large_image\" \/>\n<meta name=\"twitter:label1\" content=\"Tempo estimado de leitura\" \/>\n\t<meta name=\"twitter:data1\" content=\"3 minutos\" \/>\n<script type=\"application\/ld+json\" class=\"yoast-schema-graph\">{\"@context\":\"https:\\\/\\\/schema.org\",\"@graph\":[{\"@type\":\"WebPage\",\"@id\":\"https:\\\/\\\/www.bakeryturnkey.com\\\/product\\\/mini-maple-cone-machine\\\/\",\"url\":\"https:\\\/\\\/www.bakeryturnkey.com\\\/product\\\/mini-maple-cone-machine\\\/\",\"name\":\"2400 pcs\\\/h Mini Maple Cone Machine with SUS304\",\"isPartOf\":{\"@id\":\"https:\\\/\\\/www.bakeryturnkey.com\\\/#website\"},\"primaryImageOfPage\":{\"@id\":\"https:\\\/\\\/www.bakeryturnkey.com\\\/product\\\/mini-maple-cone-machine\\\/#primaryimage\"},\"image\":{\"@id\":\"https:\\\/\\\/www.bakeryturnkey.com\\\/product\\\/mini-maple-cone-machine\\\/#primaryimage\"},\"thumbnailUrl\":\"https:\\\/\\\/www.bakeryturnkey.com\\\/wp-content\\\/uploads\\\/2024\\\/08\\\/6.jpg\",\"datePublished\":\"2024-08-20T10:59:41+00:00\",\"dateModified\":\"2024-08-20T11:06:17+00:00\",\"description\":\"The mini maple cone machine is made of stainless steel 304 materials, ensuring that the cones are produced in a safe and hygienic environment.\",\"breadcrumb\":{\"@id\":\"https:\\\/\\\/www.bakeryturnkey.com\\\/product\\\/mini-maple-cone-machine\\\/#breadcrumb\"},\"inLanguage\":\"pt-PT\",\"potentialAction\":[{\"@type\":\"ReadAction\",\"target\":[\"https:\\\/\\\/www.bakeryturnkey.com\\\/product\\\/mini-maple-cone-machine\\\/\"]}]},{\"@type\":\"ImageObject\",\"inLanguage\":\"pt-PT\",\"@id\":\"https:\\\/\\\/www.bakeryturnkey.com\\\/product\\\/mini-maple-cone-machine\\\/#primaryimage\",\"url\":\"https:\\\/\\\/www.bakeryturnkey.com\\\/wp-content\\\/uploads\\\/2024\\\/08\\\/6.jpg\",\"contentUrl\":\"https:\\\/\\\/www.bakeryturnkey.com\\\/wp-content\\\/uploads\\\/2024\\\/08\\\/6.jpg\",\"width\":800,\"height\":800,\"caption\":\"Maple Cone Machine For Sale\"},{\"@type\":\"BreadcrumbList\",\"@id\":\"https:\\\/\\\/www.bakeryturnkey.com\\\/product\\\/mini-maple-cone-machine\\\/#breadcrumb\",\"itemListElement\":[{\"@type\":\"ListItem\",\"position\":1,\"name\":\"Home\",\"item\":\"https:\\\/\\\/www.bakeryturnkey.com\\\/\"},{\"@type\":\"ListItem\",\"position\":2,\"name\":\"Products\",\"item\":\"https:\\\/\\\/www.bakeryturnkey.com\\\/products\\\/\"},{\"@type\":\"ListItem\",\"position\":3,\"name\":\"2400 pcs\\\/h Mini Maple Cone Machine with SUS304\"}]},{\"@type\":\"WebSite\",\"@id\":\"https:\\\/\\\/www.bakeryturnkey.com\\\/#website\",\"url\":\"https:\\\/\\\/www.bakeryturnkey.com\\\/\",\"name\":\"Bakery Food Processing Equipment Manufacturer\",\"description\":\"Bakery Food Solutions Provider\",\"publisher\":{\"@id\":\"https:\\\/\\\/www.bakeryturnkey.com\\\/#organization\"},\"potentialAction\":[{\"@type\":\"SearchAction\",\"target\":{\"@type\":\"EntryPoint\",\"urlTemplate\":\"https:\\\/\\\/www.bakeryturnkey.com\\\/?s={search_term_string}\"},\"query-input\":{\"@type\":\"PropertyValueSpecification\",\"valueRequired\":true,\"valueName\":\"search_term_string\"}}],\"inLanguage\":\"pt-PT\"},{\"@type\":\"Organization\",\"@id\":\"https:\\\/\\\/www.bakeryturnkey.com\\\/#organization\",\"name\":\"Bakery Food Processing Equipment Manufacturer\",\"url\":\"https:\\\/\\\/www.bakeryturnkey.com\\\/\",\"logo\":{\"@type\":\"ImageObject\",\"inLanguage\":\"pt-PT\",\"@id\":\"https:\\\/\\\/www.bakeryturnkey.com\\\/#\\\/schema\\\/logo\\\/image\\\/\",\"url\":\"https:\\\/\\\/www.bakeryturnkey.com\\\/wp-content\\\/uploads\\\/2022\\\/03\\\/cropped-13-1.png\",\"contentUrl\":\"https:\\\/\\\/www.bakeryturnkey.com\\\/wp-content\\\/uploads\\\/2022\\\/03\\\/cropped-13-1.png\",\"width\":512,\"height\":429,\"caption\":\"Bakery Food Processing Equipment Manufacturer\"},\"image\":{\"@id\":\"https:\\\/\\\/www.bakeryturnkey.com\\\/#\\\/schema\\\/logo\\\/image\\\/\"}},false]}<\/script>\n<!-- \/ Yoast SEO plugin. -->","yoast_head_json":{"title":"2400 pcs\/h Mini Maple Cone Machine with SUS304","description":"The mini maple cone machine is made of stainless steel 304 materials, ensuring that the cones are produced in a safe and hygienic environment.","robots":{"index":"index","follow":"follow","max-snippet":"max-snippet:-1","max-image-preview":"max-image-preview:large","max-video-preview":"max-video-preview:-1"},"canonical":"https:\/\/www.bakeryturnkey.com\/pt\/produto\/mini-maple-cone-machine\/","og_locale":"pt_PT","og_type":"article","og_title":"2400 pcs\/h Mini Maple Cone Machine with SUS304","og_description":"The mini maple cone machine is made of stainless steel 304 materials, ensuring that the cones are produced in a safe and hygienic environment.","og_url":"https:\/\/www.bakeryturnkey.com\/pt\/produto\/mini-maple-cone-machine\/","og_site_name":"Bakery Food Processing Equipment Manufacturer","article_modified_time":"2024-08-20T11:06:17+00:00","og_image":[{"width":800,"height":800,"url":"https:\/\/www.bakeryturnkey.com\/wp-content\/uploads\/2024\/08\/6.jpg","type":"image\/jpeg"}],"twitter_card":"summary_large_image","twitter_misc":{"Tempo estimado de leitura":"3 minutos"},"schema":{"@context":"https:\/\/schema.org","@graph":[{"@type":"WebPage","@id":"https:\/\/www.bakeryturnkey.com\/product\/mini-maple-cone-machine\/","url":"https:\/\/www.bakeryturnkey.com\/product\/mini-maple-cone-machine\/","name":"2400 pcs\/h Mini Maple Cone Machine with SUS304","isPartOf":{"@id":"https:\/\/www.bakeryturnkey.com\/#website"},"primaryImageOfPage":{"@id":"https:\/\/www.bakeryturnkey.com\/product\/mini-maple-cone-machine\/#primaryimage"},"image":{"@id":"https:\/\/www.bakeryturnkey.com\/product\/mini-maple-cone-machine\/#primaryimage"},"thumbnailUrl":"https:\/\/www.bakeryturnkey.com\/wp-content\/uploads\/2024\/08\/6.jpg","datePublished":"2024-08-20T10:59:41+00:00","dateModified":"2024-08-20T11:06:17+00:00","description":"The mini maple cone machine is made of stainless steel 304 materials, ensuring that the cones are produced in a safe and hygienic environment.","breadcrumb":{"@id":"https:\/\/www.bakeryturnkey.com\/product\/mini-maple-cone-machine\/#breadcrumb"},"inLanguage":"pt-PT","potentialAction":[{"@type":"ReadAction","target":["https:\/\/www.bakeryturnkey.com\/product\/mini-maple-cone-machine\/"]}]},{"@type":"ImageObject","inLanguage":"pt-PT","@id":"https:\/\/www.bakeryturnkey.com\/product\/mini-maple-cone-machine\/#primaryimage","url":"https:\/\/www.bakeryturnkey.com\/wp-content\/uploads\/2024\/08\/6.jpg","contentUrl":"https:\/\/www.bakeryturnkey.com\/wp-content\/uploads\/2024\/08\/6.jpg","width":800,"height":800,"caption":"Maple Cone Machine For Sale"},{"@type":"BreadcrumbList","@id":"https:\/\/www.bakeryturnkey.com\/product\/mini-maple-cone-machine\/#breadcrumb","itemListElement":[{"@type":"ListItem","position":1,"name":"Home","item":"https:\/\/www.bakeryturnkey.com\/"},{"@type":"ListItem","position":2,"name":"Products","item":"https:\/\/www.bakeryturnkey.com\/products\/"},{"@type":"ListItem","position":3,"name":"2400 pcs\/h Mini Maple Cone Machine with SUS304"}]},{"@type":"WebSite","@id":"https:\/\/www.bakeryturnkey.com\/#website","url":"https:\/\/www.bakeryturnkey.com\/","name":"Bakery Food Processing Equipment Manufacturer","description":"Bakery Food Solutions Provider","publisher":{"@id":"https:\/\/www.bakeryturnkey.com\/#organization"},"potentialAction":[{"@type":"SearchAction","target":{"@type":"EntryPoint","urlTemplate":"https:\/\/www.bakeryturnkey.com\/?s={search_term_string}"},"query-input":{"@type":"PropertyValueSpecification","valueRequired":true,"valueName":"search_term_string"}}],"inLanguage":"pt-PT"},{"@type":"Organization","@id":"https:\/\/www.bakeryturnkey.com\/#organization","name":"Bakery Food Processing Equipment Manufacturer","url":"https:\/\/www.bakeryturnkey.com\/","logo":{"@type":"ImageObject","inLanguage":"pt-PT","@id":"https:\/\/www.bakeryturnkey.com\/#\/schema\/logo\/image\/","url":"https:\/\/www.bakeryturnkey.com\/wp-content\/uploads\/2022\/03\/cropped-13-1.png","contentUrl":"https:\/\/www.bakeryturnkey.com\/wp-content\/uploads\/2022\/03\/cropped-13-1.png","width":512,"height":429,"caption":"Bakery Food Processing Equipment Manufacturer"},"image":{"@id":"https:\/\/www.bakeryturnkey.com\/#\/schema\/logo\/image\/"}},false]}},"yasr_visitor_votes":{"stars_attributes":{"read_only":false,"span_bottom":false},"number_of_votes":1,"sum_votes":5},"_links":{"self":[{"href":"https:\/\/www.bakeryturnkey.com\/pt\/wp-json\/wp\/v2\/product\/4489","targetHints":{"allow":["GET"]}}],"collection":[{"href":"https:\/\/www.bakeryturnkey.com\/pt\/wp-json\/wp\/v2\/product"}],"about":[{"href":"https:\/\/www.bakeryturnkey.com\/pt\/wp-json\/wp\/v2\/types\/product"}],"replies":[{"embeddable":true,"href":"https:\/\/www.bakeryturnkey.com\/pt\/wp-json\/wp\/v2\/comments?post=4489"}],"wp:featuredmedia":[{"embeddable":true,"href":"https:\/\/www.bakeryturnkey.com\/pt\/wp-json\/wp\/v2\/media\/4493"}],"wp:attachment":[{"href":"https:\/\/www.bakeryturnkey.com\/pt\/wp-json\/wp\/v2\/media?parent=4489"}],"wp:term":[{"taxonomy":"product_cat","embeddable":true,"href":"https:\/\/www.bakeryturnkey.com\/pt\/wp-json\/wp\/v2\/product_cat?post=4489"},{"taxonomy":"product_tag","embeddable":true,"href":"https:\/\/www.bakeryturnkey.com\/pt\/wp-json\/wp\/v2\/product_tag?post=4489"}],"curies":[{"name":"wp","href":"https:\/\/api.w.org\/{rel}","templated":true}]}}