{"id":4483,"date":"2024-08-13T18:55:29","date_gmt":"2024-08-13T10:55:29","guid":{"rendered":"https:\/\/www.bakeryturnkey.com\/?post_type=product&#038;p=4483"},"modified":"2024-10-22T00:25:34","modified_gmt":"2024-10-21T16:25:34","slug":"frozen-egg-tart-oven","status":"publish","type":"product","link":"https:\/\/www.bakeryturnkey.com\/pt\/produto\/frozen-egg-tart-oven\/","title":{"rendered":"Forno de 32 bandejas para tortas de ovos congeladas para f\u00e1brica de panifica\u00e7\u00e3o"},"content":{"rendered":"<p>O forno para tartes de ovos congeladas \u00e9 um equipamento de cozedura altamente eficiente concebido para f\u00e1bricas de panifica\u00e7\u00e3o que necessitam de produ\u00e7\u00e3o em massa ou utiliza\u00e7\u00e3o comercial. Est\u00e1 normalmente dispon\u00edvel com 32 e 64 tabuleiros, podendo tamb\u00e9m ser personalizado de acordo com as suas necessidades.<\/p>\n<p>Este forno \u00e9 popular pelo seu mecanismo rotativo \u00fanico e grande capacidade, que pode cozer produtos uniformemente e \u00e9 adequado para cozer muitos produtos m\u00e9dios. \u00c9 amplamente utilizado em hot\u00e9is, restaurantes, cadeias de fast food e grandes servi\u00e7os de banquetes.<\/p>\n<p><img loading=\"lazy\" decoding=\"async\" class=\"alignnone size-full wp-image-4486\" src=\"https:\/\/www.bakeryturnkey.com\/wp-content\/uploads\/2024\/08\/54.jpg\" alt=\"Torta de ovo Forno rotativo\" width=\"630\" height=\"400\" srcset=\"https:\/\/www.bakeryturnkey.com\/wp-content\/uploads\/2024\/08\/54.jpg 630w, https:\/\/www.bakeryturnkey.com\/wp-content\/uploads\/2024\/08\/54-300x190.jpg 300w, https:\/\/www.bakeryturnkey.com\/wp-content\/uploads\/2024\/08\/54-600x381.jpg 600w\" sizes=\"auto, (max-width: 630px) 100vw, 630px\" \/><\/p>\n<h2><strong>Carater\u00edsticas do Forno Rotativo para Tartes de Ovos<\/strong><\/h2>\n<ol>\n<li>A m\u00e1quina est\u00e1 equipada com um permutador de poupan\u00e7a de energia, que poupa 15% de energia por ano em 10 horas de produ\u00e7\u00e3o por dia.<\/li>\n<li>A conce\u00e7\u00e3o especial da conduta de ar do forno assegura uma convec\u00e7\u00e3o suficiente e garante uma distribui\u00e7\u00e3o uniforme da temperatura no forno.<\/li>\n<li>Ao combinar o sistema de arrefecimento por sopro, \u00e9 poss\u00edvel obter uma cozedura com controlo de temperatura em curva de tr\u00eas fases.<\/li>\n<li>O forno para tartes de ovos congeladas possui um sistema \u00fanico e patenteado de fecho duplo da porta do forno, que torna a porta do forno mais estanque.<\/li>\n<li>O forno e a superf\u00edcie exterior s\u00e3o feitos de a\u00e7o inoxid\u00e1vel 201, que \u00e9 dur\u00e1vel, seguro e higi\u00e9nico.<\/li>\n<li>Um ecr\u00e3 digital de grandes dimens\u00f5es est\u00e1 configurado no lado esquerdo da p\u00e1 do forno para apresentar a temperatura de cozedura atual em tempo real.<\/li>\n<li>Quando a porta \u00e9 aberta, um exaustor autom\u00e1tico aspira o ar quente para evitar que o ar quente atinja pessoas ou afecte o funcionamento.<\/li>\n<\/ol>\n<p><img loading=\"lazy\" decoding=\"async\" class=\"alignnone size-full wp-image-4487\" src=\"https:\/\/www.bakeryturnkey.com\/wp-content\/uploads\/2024\/08\/77.jpg\" alt=\"Forno de torta para venda\" width=\"630\" height=\"400\" srcset=\"https:\/\/www.bakeryturnkey.com\/wp-content\/uploads\/2024\/08\/77.jpg 630w, https:\/\/www.bakeryturnkey.com\/wp-content\/uploads\/2024\/08\/77-300x190.jpg 300w, https:\/\/www.bakeryturnkey.com\/wp-content\/uploads\/2024\/08\/77-600x381.jpg 600w\" sizes=\"auto, (max-width: 630px) 100vw, 630px\" \/><\/p>\n<h2><strong>Vantagens do forno para tortas de ovos congeladas<\/strong><\/h2>\n<ol>\n<li>Design de grande capacidade: A configura\u00e7\u00e3o de 32 tabuleiros de cozedura permite cozer um grande n\u00famero de tartes de ovos ao mesmo tempo para satisfazer as necessidades das horas de ponta.<\/li>\n<li>Aquecimento uniforme: O m\u00e9todo de rota\u00e7\u00e3o do forno assegura que os alimentos s\u00e3o aquecidos uniformemente durante o processo de cozedura para evitar queimaduras locais.<\/li>\n<li>Controlo inteligente da temperatura: O sistema avan\u00e7ado de controlo da temperatura de cozedura ajusta com precis\u00e3o a temperatura de acordo com os diferentes produtos cozinhados.<\/li>\n<li>Poupan\u00e7a de energia e efici\u00eancia: O forno de cozedura de tartes de ovos tem uma distribui\u00e7\u00e3o optimizada da energia t\u00e9rmica, reduz o desperd\u00edcio de energia e consegue uma cozedura eficiente.<\/li>\n<li>F\u00e1cil de operar: O forno para tartes tem uma interface de opera\u00e7\u00e3o de f\u00e1cil utiliza\u00e7\u00e3o, simplifica o processo de opera\u00e7\u00e3o e \u00e9 f\u00e1cil de monitorizar e gerir.<\/li>\n<li>Constru\u00e7\u00e3o duradoura: Esta m\u00e1quina \u00e9 feita de materiais de alta qualidade, o que garante que a m\u00e1quina \u00e9 dur\u00e1vel e f\u00e1cil de manter.<\/li>\n<li>De acordo com a fonte de energia para gerar energia t\u00e9rmica, divide-se em forno rotativo de ar quente el\u00e9trico, forno rotativo de ar quente a combust\u00edvel e forno rotativo de ar quente a g\u00e1s.<\/li>\n<\/ol>\n<p>&nbsp;<\/p>\n<p>O forno rotativo para tartes de ovo \u00e9 a escolha ideal para f\u00e1bricas de panifica\u00e7\u00e3o, devido \u00e0 sua elevada efici\u00eancia, efeito de cozedura uniforme, ampla aplica\u00e7\u00e3o e f\u00e1cil opera\u00e7\u00e3o. Quer seja num ambiente de fast food movimentado ou numa ocasi\u00e3o de restaura\u00e7\u00e3o de alta qualidade que exija uma cozedura requintada, este forno pode proporcionar um excelente desempenho e um servi\u00e7o fi\u00e1vel.<\/p>\n<p>&nbsp;<\/p>\n<h3><strong>Par\u00e2metros do produto:<\/strong><\/h3>\n<table>\n<tbody>\n<tr>\n<td colspan=\"1\" rowspan=\"1\">Modelo<\/td>\n<td colspan=\"1\" rowspan=\"1\">GG116G<\/td>\n<td colspan=\"1\" rowspan=\"1\">GG132G<\/td>\n<\/tr>\n<tr>\n<td colspan=\"1\" rowspan=\"1\">Tens\u00e3o<\/td>\n<td colspan=\"1\" rowspan=\"1\">380V<\/td>\n<td colspan=\"1\" rowspan=\"1\">380V<\/td>\n<\/tr>\n<tr>\n<td colspan=\"1\" rowspan=\"1\">Pot\u00eancia<\/td>\n<td colspan=\"1\" rowspan=\"1\">3,1KW<\/td>\n<td colspan=\"1\" rowspan=\"1\">3,1KW<\/td>\n<\/tr>\n<tr>\n<td colspan=\"1\" rowspan=\"1\">Energia t\u00e9rmica<\/td>\n<td colspan=\"1\" rowspan=\"1\">\uff1e7.5KW<\/td>\n<td colspan=\"1\" rowspan=\"1\">\uff1e7.5KW<\/td>\n<\/tr>\n<tr>\n<td colspan=\"1\" rowspan=\"1\">Gama de temperaturas<\/td>\n<td colspan=\"1\" rowspan=\"1\">0-300\u2103<\/td>\n<td colspan=\"1\" rowspan=\"1\">0-300\u2103<\/td>\n<\/tr>\n<tr>\n<td colspan=\"1\" rowspan=\"1\">N\u00famero de placas<\/td>\n<td colspan=\"1\" rowspan=\"1\">16 pe\u00e7as<\/td>\n<td colspan=\"1\" rowspan=\"1\">32 pe\u00e7as<\/td>\n<\/tr>\n<tr>\n<td colspan=\"1\" rowspan=\"1\">Dimens\u00f5es<\/td>\n<td colspan=\"1\" rowspan=\"1\">1660*2560*2450MM<\/td>\n<td colspan=\"1\" rowspan=\"1\">1660*2560*2450MM<\/td>\n<\/tr>\n<tr>\n<td colspan=\"1\" rowspan=\"1\">Tamanho da estrutura do carrinho<\/td>\n<td colspan=\"1\" rowspan=\"1\">1750*500*800MM<\/td>\n<td colspan=\"1\" rowspan=\"1\">1750*500*800MM<\/td>\n<\/tr>\n<tr>\n<td colspan=\"1\" rowspan=\"1\">Peso total<\/td>\n<td colspan=\"1\" rowspan=\"1\">2000KG<\/td>\n<td colspan=\"1\" rowspan=\"1\">2000KG<\/td>\n<\/tr>\n<tr>\n<td colspan=\"1\" rowspan=\"1\">Meio de combust\u00e3o<\/td>\n<td colspan=\"1\" rowspan=\"1\">G\u00e1s<\/td>\n<td colspan=\"1\" rowspan=\"1\">G\u00e1s<\/td>\n<\/tr>\n<\/tbody>\n<\/table>\n<p>&nbsp;<\/p>\n<h3><strong>Sair<\/strong><strong>\u00a0O seu pedido de or\u00e7amento<\/strong><\/h3>\n\n<div class=\"wpcf7 no-js\" id=\"wpcf7-f2977-o1\" lang=\"en-US\" dir=\"ltr\">\n<div class=\"screen-reader-response\"><p role=\"status\" aria-live=\"polite\" aria-atomic=\"true\"><\/p> <ul><\/ul><\/div>\n<form action=\"\/pt\/wp-json\/wp\/v2\/product\/4483#wpcf7-f2977-o1\" method=\"post\" class=\"wpcf7-form init\" aria-label=\"Formul\u00e1rio de contacto\" novalidate=\"novalidate\" data-status=\"init\" data-trp-original-action=\"\/pt\/wp-json\/wp\/v2\/product\/4483#wpcf7-f2977-o1\">\n<div style=\"display: none;\">\n<input type=\"hidden\" name=\"_wpcf7\" value=\"2977\" \/>\n<input type=\"hidden\" name=\"_wpcf7_version\" value=\"5.7.7\" \/>\n<input type=\"hidden\" name=\"_wpcf7_locale\" value=\"en_US\" \/>\n<input type=\"hidden\" name=\"_wpcf7_unit_tag\" value=\"wpcf7-f2977-o1\" \/>\n<input type=\"hidden\" name=\"_wpcf7_container_post\" value=\"0\" \/>\n<input type=\"hidden\" name=\"_wpcf7_posted_data_hash\" value=\"\" \/>\n<\/div>\n<p><label> O seu nome*<br \/>\n<span class=\"wpcf7-form-control-wrap\" data-name=\"your-name\"><input size=\"40\" class=\"wpcf7-form-control wpcf7-text wpcf7-validates-as-required\" aria-required=\"true\" aria-invalid=\"false\" value=\"\" type=\"text\" name=\"your-name\" \/><\/span> <\/label>\n<\/p>\n<p><label> O seu pa\u00eds<br \/>\n<span class=\"wpcf7-form-control-wrap\" data-name=\"your-country\"><input size=\"40\" class=\"wpcf7-form-control wpcf7-text\" aria-invalid=\"false\" value=\"\" type=\"text\" name=\"your-country\" \/><\/span><\/label>\n<\/p>\n<p><label> O seu e-mail*<br \/>\n<span class=\"wpcf7-form-control-wrap\" data-name=\"your-email\"><input size=\"40\" class=\"wpcf7-form-control wpcf7-text wpcf7-email wpcf7-validates-as-required wpcf7-validates-as-email\" aria-required=\"true\" aria-invalid=\"false\" value=\"\" type=\"email\" name=\"your-email\" \/><\/span> <\/label>\n<\/p>\n<p><label> O seu telem\u00f3vel<br \/>\n<span class=\"wpcf7-form-control-wrap\" data-name=\"your-phone\"><input size=\"40\" class=\"wpcf7-form-control wpcf7-text\" aria-invalid=\"false\" value=\"\" type=\"text\" name=\"your-phone\" \/><\/span> <\/label>\n<\/p>\n<p><label> Nome da empresa<br \/>\n<span class=\"wpcf7-form-control-wrap\" data-name=\"text-529\"><input size=\"40\" class=\"wpcf7-form-control wpcf7-text\" aria-invalid=\"false\" value=\"\" type=\"text\" name=\"text-529\" \/><\/span> <\/label>\n<\/p>\n<p><label> S\u00edtio Web da empresa<br \/>\n<span class=\"wpcf7-form-control-wrap\" data-name=\"text-106\"><input size=\"40\" class=\"wpcf7-form-control wpcf7-text\" aria-invalid=\"false\" value=\"\" type=\"text\" name=\"text-106\" \/><\/span> <\/label>\n<\/p>\n<p><label> A sua mensagem*<br \/>\n<span class=\"wpcf7-form-control-wrap\" data-name=\"your-message\"><textarea cols=\"40\" rows=\"10\" class=\"wpcf7-form-control wpcf7-textarea wpcf7-validates-as-required\" aria-required=\"true\" aria-invalid=\"false\" name=\"your-message\"><\/textarea><\/span> <\/label>\n<\/p>\n<p><input class=\"wpcf7-form-control has-spinner wpcf7-submit\" type=\"submit\" value=\"Enviar\" \/>\n<\/p><p style=\"display: none !important;\" class=\"akismet-fields-container\" data-prefix=\"_wpcf7_ak_\"><label>&#916;<textarea name=\"_wpcf7_ak_hp_textarea\" cols=\"45\" rows=\"8\" maxlength=\"100\"><\/textarea><\/label><input type=\"hidden\" id=\"ak_js_1\" name=\"_wpcf7_ak_js\" value=\"242\"\/><script>document.getElementById( \"ak_js_1\" ).setAttribute( \"value\", ( new Date() ).getTime() );<\/script><\/p><div class=\"wpcf7-response-output\" aria-hidden=\"true\"><\/div>\n<input type=\"hidden\" name=\"trp-form-language\" value=\"pt\"\/><\/form>\n<\/div>\n\n<div style='text-align:left' class='yasr-auto-insert-visitor'><\/div>","protected":false},"excerpt":{"rendered":"<p>O forno para tartes de ovos congeladas \u00e9 um equipamento de panifica\u00e7\u00e3o altamente eficiente concebido para f\u00e1bricas de panifica\u00e7\u00e3o que necessitam de produ\u00e7\u00e3o em massa ou utiliza\u00e7\u00e3o comercial. Est\u00e1 normalmente dispon\u00edvel com 32 e 64 tabuleiros, podendo tamb\u00e9m ser personalizado de acordo com as suas necessidades. Este forno \u00e9 popular pelo seu mecanismo rotativo \u00fanico e pela sua grande capacidade, que permite cozer produtos ...<\/p>\n<p class=\"read-more\"> <a class=\"\" href=\"https:\/\/www.bakeryturnkey.com\/pt\/produto\/frozen-egg-tart-oven\/\"> <span class=\"screen-reader-text\">Forno de 32 bandejas para tortas de ovos congeladas para f\u00e1brica de panifica\u00e7\u00e3o<\/span> Ler mais \"<\/a><\/p>","protected":false},"featured_media":4488,"comment_status":"open","ping_status":"closed","template":"","meta":{"site-sidebar-layout":"default","site-content-layout":"default","ast-main-header-display":"","ast-hfb-above-header-display":"","ast-hfb-below-header-display":"","ast-hfb-mobile-header-display":"","site-post-title":"","ast-breadcrumbs-content":"","ast-featured-img":"","footer-sml-layout":"","theme-transparent-header-meta":"default","adv-header-id-meta":"","stick-header-meta":"","header-above-stick-meta":"","header-main-stick-meta":"","header-below-stick-meta":"","yasr_overall_rating":0,"yasr_post_is_review":"","yasr_auto_insert_disabled":"","yasr_review_type":""},"product_cat":[35],"product_tag":[],"class_list":["post-4483","product","type-product","status-publish","has-post-thumbnail","hentry","product_cat-tart-machinery"],"yoast_head":"<!-- This site is optimized with the Yoast SEO plugin v27.5 - https:\/\/yoast.com\/product\/yoast-seo-wordpress\/ -->\n<title>32 Trays Frozen Egg Tart Oven for Bakery Factory<\/title>\n<meta name=\"description\" content=\"The frozen egg tart oven is a highly efficient equipment that can be used to bake frozen egg tarts, not only that, it can also bake other baked products.\" \/>\n<meta name=\"robots\" content=\"index, follow, max-snippet:-1, max-image-preview:large, max-video-preview:-1\" \/>\n<link rel=\"canonical\" href=\"https:\/\/www.bakeryturnkey.com\/pt\/produto\/frozen-egg-tart-oven\/\" \/>\n<meta property=\"og:locale\" content=\"pt_PT\" \/>\n<meta property=\"og:type\" content=\"article\" \/>\n<meta property=\"og:title\" content=\"32 Trays Frozen Egg Tart Oven for Bakery Factory\" \/>\n<meta property=\"og:description\" content=\"The frozen egg tart oven is a highly efficient equipment that can be used to bake frozen egg tarts, not only that, it can also bake other baked products.\" \/>\n<meta property=\"og:url\" content=\"https:\/\/www.bakeryturnkey.com\/pt\/produto\/frozen-egg-tart-oven\/\" \/>\n<meta property=\"og:site_name\" content=\"Bakery Food Processing Equipment Manufacturer\" \/>\n<meta property=\"article:modified_time\" content=\"2024-10-21T16:25:34+00:00\" \/>\n<meta property=\"og:image\" content=\"https:\/\/www.bakeryturnkey.com\/wp-content\/uploads\/2024\/08\/53.jpg\" \/>\n\t<meta property=\"og:image:width\" content=\"800\" \/>\n\t<meta property=\"og:image:height\" content=\"800\" \/>\n\t<meta property=\"og:image:type\" content=\"image\/jpeg\" \/>\n<meta name=\"twitter:card\" content=\"summary_large_image\" \/>\n<meta name=\"twitter:label1\" content=\"Tempo estimado de leitura\" \/>\n\t<meta name=\"twitter:data1\" content=\"3 minutos\" \/>\n<script type=\"application\/ld+json\" class=\"yoast-schema-graph\">{\"@context\":\"https:\\\/\\\/schema.org\",\"@graph\":[{\"@type\":\"WebPage\",\"@id\":\"https:\\\/\\\/www.bakeryturnkey.com\\\/product\\\/frozen-egg-tart-oven\\\/\",\"url\":\"https:\\\/\\\/www.bakeryturnkey.com\\\/product\\\/frozen-egg-tart-oven\\\/\",\"name\":\"32 Trays Frozen Egg Tart Oven for Bakery Factory\",\"isPartOf\":{\"@id\":\"https:\\\/\\\/www.bakeryturnkey.com\\\/#website\"},\"primaryImageOfPage\":{\"@id\":\"https:\\\/\\\/www.bakeryturnkey.com\\\/product\\\/frozen-egg-tart-oven\\\/#primaryimage\"},\"image\":{\"@id\":\"https:\\\/\\\/www.bakeryturnkey.com\\\/product\\\/frozen-egg-tart-oven\\\/#primaryimage\"},\"thumbnailUrl\":\"https:\\\/\\\/www.bakeryturnkey.com\\\/wp-content\\\/uploads\\\/2024\\\/08\\\/53.jpg\",\"datePublished\":\"2024-08-13T10:55:29+00:00\",\"dateModified\":\"2024-10-21T16:25:34+00:00\",\"description\":\"The frozen egg tart oven is a highly efficient equipment that can be used to bake frozen egg tarts, not only that, it can also bake other baked products.\",\"breadcrumb\":{\"@id\":\"https:\\\/\\\/www.bakeryturnkey.com\\\/product\\\/frozen-egg-tart-oven\\\/#breadcrumb\"},\"inLanguage\":\"pt-PT\",\"potentialAction\":[{\"@type\":\"ReadAction\",\"target\":[\"https:\\\/\\\/www.bakeryturnkey.com\\\/product\\\/frozen-egg-tart-oven\\\/\"]}]},{\"@type\":\"ImageObject\",\"inLanguage\":\"pt-PT\",\"@id\":\"https:\\\/\\\/www.bakeryturnkey.com\\\/product\\\/frozen-egg-tart-oven\\\/#primaryimage\",\"url\":\"https:\\\/\\\/www.bakeryturnkey.com\\\/wp-content\\\/uploads\\\/2024\\\/08\\\/53.jpg\",\"contentUrl\":\"https:\\\/\\\/www.bakeryturnkey.com\\\/wp-content\\\/uploads\\\/2024\\\/08\\\/53.jpg\",\"width\":800,\"height\":800,\"caption\":\"Rotary Oven for Frozen Egg Tarts\"},{\"@type\":\"BreadcrumbList\",\"@id\":\"https:\\\/\\\/www.bakeryturnkey.com\\\/product\\\/frozen-egg-tart-oven\\\/#breadcrumb\",\"itemListElement\":[{\"@type\":\"ListItem\",\"position\":1,\"name\":\"Home\",\"item\":\"https:\\\/\\\/www.bakeryturnkey.com\\\/\"},{\"@type\":\"ListItem\",\"position\":2,\"name\":\"Products\",\"item\":\"https:\\\/\\\/www.bakeryturnkey.com\\\/products\\\/\"},{\"@type\":\"ListItem\",\"position\":3,\"name\":\"32 Trays Frozen Egg Tart Oven for Bakery Factory\"}]},{\"@type\":\"WebSite\",\"@id\":\"https:\\\/\\\/www.bakeryturnkey.com\\\/#website\",\"url\":\"https:\\\/\\\/www.bakeryturnkey.com\\\/\",\"name\":\"Bakery Food Processing Equipment Manufacturer\",\"description\":\"Bakery Food Solutions Provider\",\"publisher\":{\"@id\":\"https:\\\/\\\/www.bakeryturnkey.com\\\/#organization\"},\"potentialAction\":[{\"@type\":\"SearchAction\",\"target\":{\"@type\":\"EntryPoint\",\"urlTemplate\":\"https:\\\/\\\/www.bakeryturnkey.com\\\/?s={search_term_string}\"},\"query-input\":{\"@type\":\"PropertyValueSpecification\",\"valueRequired\":true,\"valueName\":\"search_term_string\"}}],\"inLanguage\":\"pt-PT\"},{\"@type\":\"Organization\",\"@id\":\"https:\\\/\\\/www.bakeryturnkey.com\\\/#organization\",\"name\":\"Bakery Food Processing Equipment Manufacturer\",\"url\":\"https:\\\/\\\/www.bakeryturnkey.com\\\/\",\"logo\":{\"@type\":\"ImageObject\",\"inLanguage\":\"pt-PT\",\"@id\":\"https:\\\/\\\/www.bakeryturnkey.com\\\/#\\\/schema\\\/logo\\\/image\\\/\",\"url\":\"https:\\\/\\\/www.bakeryturnkey.com\\\/wp-content\\\/uploads\\\/2022\\\/03\\\/cropped-13-1.png\",\"contentUrl\":\"https:\\\/\\\/www.bakeryturnkey.com\\\/wp-content\\\/uploads\\\/2022\\\/03\\\/cropped-13-1.png\",\"width\":512,\"height\":429,\"caption\":\"Bakery Food Processing Equipment Manufacturer\"},\"image\":{\"@id\":\"https:\\\/\\\/www.bakeryturnkey.com\\\/#\\\/schema\\\/logo\\\/image\\\/\"}},false]}<\/script>\n<!-- \/ Yoast SEO plugin. -->","yoast_head_json":{"title":"32 Trays Frozen Egg Tart Oven for Bakery Factory","description":"The frozen egg tart oven is a highly efficient equipment that can be used to bake frozen egg tarts, not only that, it can also bake other baked products.","robots":{"index":"index","follow":"follow","max-snippet":"max-snippet:-1","max-image-preview":"max-image-preview:large","max-video-preview":"max-video-preview:-1"},"canonical":"https:\/\/www.bakeryturnkey.com\/pt\/produto\/frozen-egg-tart-oven\/","og_locale":"pt_PT","og_type":"article","og_title":"32 Trays Frozen Egg Tart Oven for Bakery Factory","og_description":"The frozen egg tart oven is a highly efficient equipment that can be used to bake frozen egg tarts, not only that, it can also bake other baked products.","og_url":"https:\/\/www.bakeryturnkey.com\/pt\/produto\/frozen-egg-tart-oven\/","og_site_name":"Bakery Food Processing Equipment Manufacturer","article_modified_time":"2024-10-21T16:25:34+00:00","og_image":[{"width":800,"height":800,"url":"https:\/\/www.bakeryturnkey.com\/wp-content\/uploads\/2024\/08\/53.jpg","type":"image\/jpeg"}],"twitter_card":"summary_large_image","twitter_misc":{"Tempo estimado de leitura":"3 minutos"},"schema":{"@context":"https:\/\/schema.org","@graph":[{"@type":"WebPage","@id":"https:\/\/www.bakeryturnkey.com\/product\/frozen-egg-tart-oven\/","url":"https:\/\/www.bakeryturnkey.com\/product\/frozen-egg-tart-oven\/","name":"32 Trays Frozen Egg Tart Oven for Bakery Factory","isPartOf":{"@id":"https:\/\/www.bakeryturnkey.com\/#website"},"primaryImageOfPage":{"@id":"https:\/\/www.bakeryturnkey.com\/product\/frozen-egg-tart-oven\/#primaryimage"},"image":{"@id":"https:\/\/www.bakeryturnkey.com\/product\/frozen-egg-tart-oven\/#primaryimage"},"thumbnailUrl":"https:\/\/www.bakeryturnkey.com\/wp-content\/uploads\/2024\/08\/53.jpg","datePublished":"2024-08-13T10:55:29+00:00","dateModified":"2024-10-21T16:25:34+00:00","description":"The frozen egg tart oven is a highly efficient equipment that can be used to bake frozen egg tarts, not only that, it can also bake other baked products.","breadcrumb":{"@id":"https:\/\/www.bakeryturnkey.com\/product\/frozen-egg-tart-oven\/#breadcrumb"},"inLanguage":"pt-PT","potentialAction":[{"@type":"ReadAction","target":["https:\/\/www.bakeryturnkey.com\/product\/frozen-egg-tart-oven\/"]}]},{"@type":"ImageObject","inLanguage":"pt-PT","@id":"https:\/\/www.bakeryturnkey.com\/product\/frozen-egg-tart-oven\/#primaryimage","url":"https:\/\/www.bakeryturnkey.com\/wp-content\/uploads\/2024\/08\/53.jpg","contentUrl":"https:\/\/www.bakeryturnkey.com\/wp-content\/uploads\/2024\/08\/53.jpg","width":800,"height":800,"caption":"Rotary Oven for Frozen Egg Tarts"},{"@type":"BreadcrumbList","@id":"https:\/\/www.bakeryturnkey.com\/product\/frozen-egg-tart-oven\/#breadcrumb","itemListElement":[{"@type":"ListItem","position":1,"name":"Home","item":"https:\/\/www.bakeryturnkey.com\/"},{"@type":"ListItem","position":2,"name":"Products","item":"https:\/\/www.bakeryturnkey.com\/products\/"},{"@type":"ListItem","position":3,"name":"32 Trays Frozen Egg Tart Oven for Bakery Factory"}]},{"@type":"WebSite","@id":"https:\/\/www.bakeryturnkey.com\/#website","url":"https:\/\/www.bakeryturnkey.com\/","name":"Bakery Food Processing Equipment Manufacturer","description":"Bakery Food Solutions Provider","publisher":{"@id":"https:\/\/www.bakeryturnkey.com\/#organization"},"potentialAction":[{"@type":"SearchAction","target":{"@type":"EntryPoint","urlTemplate":"https:\/\/www.bakeryturnkey.com\/?s={search_term_string}"},"query-input":{"@type":"PropertyValueSpecification","valueRequired":true,"valueName":"search_term_string"}}],"inLanguage":"pt-PT"},{"@type":"Organization","@id":"https:\/\/www.bakeryturnkey.com\/#organization","name":"Bakery Food Processing Equipment Manufacturer","url":"https:\/\/www.bakeryturnkey.com\/","logo":{"@type":"ImageObject","inLanguage":"pt-PT","@id":"https:\/\/www.bakeryturnkey.com\/#\/schema\/logo\/image\/","url":"https:\/\/www.bakeryturnkey.com\/wp-content\/uploads\/2022\/03\/cropped-13-1.png","contentUrl":"https:\/\/www.bakeryturnkey.com\/wp-content\/uploads\/2022\/03\/cropped-13-1.png","width":512,"height":429,"caption":"Bakery Food Processing Equipment Manufacturer"},"image":{"@id":"https:\/\/www.bakeryturnkey.com\/#\/schema\/logo\/image\/"}},false]}},"yasr_visitor_votes":{"stars_attributes":{"read_only":false,"span_bottom":false},"number_of_votes":0,"sum_votes":0},"_links":{"self":[{"href":"https:\/\/www.bakeryturnkey.com\/pt\/wp-json\/wp\/v2\/product\/4483","targetHints":{"allow":["GET"]}}],"collection":[{"href":"https:\/\/www.bakeryturnkey.com\/pt\/wp-json\/wp\/v2\/product"}],"about":[{"href":"https:\/\/www.bakeryturnkey.com\/pt\/wp-json\/wp\/v2\/types\/product"}],"replies":[{"embeddable":true,"href":"https:\/\/www.bakeryturnkey.com\/pt\/wp-json\/wp\/v2\/comments?post=4483"}],"wp:featuredmedia":[{"embeddable":true,"href":"https:\/\/www.bakeryturnkey.com\/pt\/wp-json\/wp\/v2\/media\/4488"}],"wp:attachment":[{"href":"https:\/\/www.bakeryturnkey.com\/pt\/wp-json\/wp\/v2\/media?parent=4483"}],"wp:term":[{"taxonomy":"product_cat","embeddable":true,"href":"https:\/\/www.bakeryturnkey.com\/pt\/wp-json\/wp\/v2\/product_cat?post=4483"},{"taxonomy":"product_tag","embeddable":true,"href":"https:\/\/www.bakeryturnkey.com\/pt\/wp-json\/wp\/v2\/product_tag?post=4483"}],"curies":[{"name":"wp","href":"https:\/\/api.w.org\/{rel}","templated":true}]}}