{"id":4476,"date":"2024-08-05T18:32:14","date_gmt":"2024-08-05T10:32:14","guid":{"rendered":"https:\/\/www.bakeryturnkey.com\/?post_type=product&#038;p=4476"},"modified":"2024-08-05T18:36:40","modified_gmt":"2024-08-05T10:36:40","slug":"electric-cake-aeration-system","status":"publish","type":"product","link":"https:\/\/www.bakeryturnkey.com\/pt\/produto\/electric-cake-aeration-system\/","title":{"rendered":"Sistema El\u00e9trico de Aera\u00e7\u00e3o de Bolo para F\u00e1brica de Alimentos"},"content":{"rendered":"<p>O sistema el\u00e9trico de aera\u00e7\u00e3o de bolos utiliza um impulsor de alta velocidade e tecnologia de extrus\u00e3o de aera\u00e7\u00e3o para completar eficientemente a mistura e batimento de ingredientes de bolos num curto espa\u00e7o de tempo.<\/p>\n<p>O equipamento est\u00e1 equipado com um tubo de alimenta\u00e7\u00e3o externo na porta de descarga, que pode transportar automaticamente a pasta batida para a m\u00e1quina de enchimento de bolos, poupando muito trabalho e tempo de mistura.<\/p>\n<p><img loading=\"lazy\" decoding=\"async\" class=\"alignnone wp-image-4479 size-full\" src=\"https:\/\/www.bakeryturnkey.com\/wp-content\/uploads\/2024\/08\/4.jpg\" alt=\"Sistema de aera\u00e7\u00e3o de bolos para venda\" width=\"630\" height=\"400\" srcset=\"https:\/\/www.bakeryturnkey.com\/wp-content\/uploads\/2024\/08\/4.jpg 630w, https:\/\/www.bakeryturnkey.com\/wp-content\/uploads\/2024\/08\/4-300x190.jpg 300w, https:\/\/www.bakeryturnkey.com\/wp-content\/uploads\/2024\/08\/4-600x381.jpg 600w\" sizes=\"auto, (max-width: 630px) 100vw, 630px\" \/><\/p>\n<h2><strong>Carater\u00edsticas do sistema de arejamento de bolos<\/strong><\/h2>\n<ul>\n<li>Batimento de alta efici\u00eancia: A capacidade de processamento de um \u00fanico cilindro \u00e9 de at\u00e9 40 kg, geralmente apenas 15 minutos, o que melhora significativamente a efici\u00eancia de chicoteamento.<\/li>\n<li>Ar totalmente misturado: O agitador rotativo de alta velocidade penetra profundamente na massa e mistura o ar uniformemente, tornando o bolo fofo, denso e rico em sabor.<\/li>\n<li>Densidade uniforme dos tecidos: A pasta aerada tem uma densidade de tecido uniforme e est\u00e1vel, e os bolos produzidos t\u00eam uma cor atraente e um sabor delicado.<\/li>\n<li>Configura\u00e7\u00e3o personalizada da linha de produ\u00e7\u00e3o: De acordo com as necessidades do cliente, o sistema autom\u00e1tico de arejamento de bolos pode ser integrado na linha de produ\u00e7\u00e3o para obter uma produ\u00e7\u00e3o automatizada em grande escala.<\/li>\n<li>Controlo inteligente: Equipado com um sistema de controlo inteligente, pode predefinir par\u00e2metros de batimento, realizar opera\u00e7\u00f5es autom\u00e1ticas, reduzir a interven\u00e7\u00e3o humana e garantir a consist\u00eancia e a repetibilidade de cada batimento.<\/li>\n<li>Design compacto do corpo: A m\u00e1quina tem um design compacto e ocupa pouco espa\u00e7o, sendo adequada para cozinhas ou linhas de produ\u00e7\u00e3o de v\u00e1rios tamanhos, melhorando a efici\u00eancia da utiliza\u00e7\u00e3o do espa\u00e7o.<\/li>\n<\/ul>\n<p>&nbsp;<\/p>\n<h2><strong>Princ\u00edpio de funcionamento do sistema de arejamento el\u00e9trico do bolo<\/strong><\/h2>\n<ul>\n<li>Prepara\u00e7\u00e3o das mat\u00e9rias-primas: Em primeiro lugar, misturar as mat\u00e9rias-primas necess\u00e1rias para o bolo, como a farinha, o a\u00e7\u00facar, os ovos, o leite, o \u00f3leo, etc., de acordo com a propor\u00e7\u00e3o da receita.<\/li>\n<li>Agita\u00e7\u00e3o a alta velocidade: Colocar as mat\u00e9rias-primas misturadas na m\u00e1quina de bater, e o sistema agita as mat\u00e9rias-primas atrav\u00e9s do impulsor rotativo de alta velocidade. Durante este processo, a rota\u00e7\u00e3o r\u00e1pida do impulsor gera for\u00e7a de cisalhamento para ajudar as mat\u00e9rias-primas a misturarem-se uniformemente.<\/li>\n<li>Inje\u00e7\u00e3o de ar: Durante o processo de agita\u00e7\u00e3o, o sistema de chicoteamento injecta ar na massa de forma uniforme atrav\u00e9s de designs espec\u00edficos, como a tecnologia de extrus\u00e3o de aera\u00e7\u00e3o. A inje\u00e7\u00e3o de ar \u00e9 a chave para um bolo fofo e macio.<\/li>\n<li>Forma\u00e7\u00e3o de bolhas: Com a inje\u00e7\u00e3o de ar, forma-se um grande n\u00famero de pequenas bolhas na massa. Estas bolhas expandem-se durante o processo de cozedura, aumentam o volume do bolo e formam uma estrutura porosa.<\/li>\n<li>Conclus\u00e3o do batimento: Quando a massa atinge a fluidez e a consist\u00eancia pretendidas, o processo de batimento est\u00e1 conclu\u00eddo. Nesta altura, a massa tem uma textura uniforme e uma estrutura de bolhas est\u00e1vel.<\/li>\n<\/ul>\n<p>&nbsp;<\/p>\n<h3><strong>Par\u00e2metros t\u00e9cnicos<\/strong><\/h3>\n<table>\n<tbody>\n<tr>\n<td width=\"284\">Capacidade<\/td>\n<td width=\"284\">130L<\/td>\n<\/tr>\n<tr>\n<td width=\"284\">Tens\u00e3o<\/td>\n<td width=\"284\">380V<\/td>\n<\/tr>\n<tr>\n<td width=\"284\">Pot\u00eancia<\/td>\n<td width=\"284\">2KW<\/td>\n<\/tr>\n<tr>\n<td width=\"284\">Peso<\/td>\n<td width=\"284\">650KG<\/td>\n<\/tr>\n<tr>\n<td width=\"284\">Tamanho<\/td>\n<td width=\"284\">1550*990*1500MM<\/td>\n<\/tr>\n<\/tbody>\n<\/table>\n<h3><strong>Deixe o seu pedido de or\u00e7amento<\/strong><\/h3>\n<div id=\"wpcf7-f2977-p2935-o1\" class=\"wpcf7 js\" dir=\"ltr\" lang=\"en-US\">\n<div class=\"wpcf7 no-js\" id=\"wpcf7-f2977-o1\" lang=\"en-US\" dir=\"ltr\">\n<div class=\"screen-reader-response\"><p role=\"status\" aria-live=\"polite\" aria-atomic=\"true\"><\/p> <ul><\/ul><\/div>\n<form action=\"\/pt\/wp-json\/wp\/v2\/product\/4476#wpcf7-f2977-o1\" method=\"post\" class=\"wpcf7-form init\" aria-label=\"Formul\u00e1rio de contacto\" novalidate=\"novalidate\" data-status=\"init\" data-trp-original-action=\"\/pt\/wp-json\/wp\/v2\/product\/4476#wpcf7-f2977-o1\">\n<div style=\"display: none;\">\n<input type=\"hidden\" name=\"_wpcf7\" value=\"2977\" \/>\n<input type=\"hidden\" name=\"_wpcf7_version\" value=\"5.7.7\" \/>\n<input type=\"hidden\" name=\"_wpcf7_locale\" value=\"en_US\" \/>\n<input type=\"hidden\" name=\"_wpcf7_unit_tag\" value=\"wpcf7-f2977-o1\" \/>\n<input type=\"hidden\" name=\"_wpcf7_container_post\" value=\"0\" \/>\n<input type=\"hidden\" name=\"_wpcf7_posted_data_hash\" value=\"\" \/>\n<\/div>\n<p><label> O seu nome*<br \/>\n<span class=\"wpcf7-form-control-wrap\" data-name=\"your-name\"><input size=\"40\" class=\"wpcf7-form-control wpcf7-text wpcf7-validates-as-required\" aria-required=\"true\" aria-invalid=\"false\" value=\"\" type=\"text\" name=\"your-name\" \/><\/span> <\/label>\n<\/p>\n<p><label> O seu pa\u00eds<br \/>\n<span class=\"wpcf7-form-control-wrap\" data-name=\"your-country\"><input size=\"40\" class=\"wpcf7-form-control wpcf7-text\" aria-invalid=\"false\" value=\"\" type=\"text\" name=\"your-country\" \/><\/span><\/label>\n<\/p>\n<p><label> O seu e-mail*<br \/>\n<span class=\"wpcf7-form-control-wrap\" data-name=\"your-email\"><input size=\"40\" class=\"wpcf7-form-control wpcf7-text wpcf7-email wpcf7-validates-as-required wpcf7-validates-as-email\" aria-required=\"true\" aria-invalid=\"false\" value=\"\" type=\"email\" name=\"your-email\" \/><\/span> <\/label>\n<\/p>\n<p><label> O seu telem\u00f3vel<br \/>\n<span class=\"wpcf7-form-control-wrap\" data-name=\"your-phone\"><input size=\"40\" class=\"wpcf7-form-control wpcf7-text\" aria-invalid=\"false\" value=\"\" type=\"text\" name=\"your-phone\" \/><\/span> <\/label>\n<\/p>\n<p><label> Nome da empresa<br \/>\n<span class=\"wpcf7-form-control-wrap\" data-name=\"text-529\"><input size=\"40\" class=\"wpcf7-form-control wpcf7-text\" aria-invalid=\"false\" value=\"\" type=\"text\" name=\"text-529\" \/><\/span> <\/label>\n<\/p>\n<p><label> S\u00edtio Web da empresa<br \/>\n<span class=\"wpcf7-form-control-wrap\" data-name=\"text-106\"><input size=\"40\" class=\"wpcf7-form-control wpcf7-text\" aria-invalid=\"false\" value=\"\" type=\"text\" name=\"text-106\" \/><\/span> <\/label>\n<\/p>\n<p><label> A sua mensagem*<br \/>\n<span class=\"wpcf7-form-control-wrap\" data-name=\"your-message\"><textarea cols=\"40\" rows=\"10\" class=\"wpcf7-form-control wpcf7-textarea wpcf7-validates-as-required\" aria-required=\"true\" aria-invalid=\"false\" name=\"your-message\"><\/textarea><\/span> <\/label>\n<\/p>\n<p><input class=\"wpcf7-form-control has-spinner wpcf7-submit\" type=\"submit\" value=\"Enviar\" \/>\n<\/p><p style=\"display: none !important;\" class=\"akismet-fields-container\" data-prefix=\"_wpcf7_ak_\"><label>&#916;<textarea name=\"_wpcf7_ak_hp_textarea\" cols=\"45\" rows=\"8\" maxlength=\"100\"><\/textarea><\/label><input type=\"hidden\" id=\"ak_js_1\" name=\"_wpcf7_ak_js\" value=\"48\"\/><script>document.getElementById( \"ak_js_1\" ).setAttribute( \"value\", ( new Date() ).getTime() );<\/script><\/p><div class=\"wpcf7-response-output\" aria-hidden=\"true\"><\/div>\n<input type=\"hidden\" name=\"trp-form-language\" value=\"pt\"\/><\/form>\n<\/div>\n<\/div>\n<div style='text-align:left' class='yasr-auto-insert-visitor'><\/div>","protected":false},"excerpt":{"rendered":"<p>O sistema el\u00e9trico de aera\u00e7\u00e3o de bolos utiliza um impulsor de alta velocidade e tecnologia de extrus\u00e3o de aera\u00e7\u00e3o para completar eficientemente a mistura e batimento de ingredientes de bolos num curto espa\u00e7o de tempo. O equipamento est\u00e1 equipado com um tubo de alimenta\u00e7\u00e3o externo na porta de descarga, que pode transportar automaticamente a pasta batida para a m\u00e1quina de enchimento de bolos, economizando muito trabalho ...<\/p>\n<p class=\"read-more\"> <a class=\"\" href=\"https:\/\/www.bakeryturnkey.com\/pt\/produto\/electric-cake-aeration-system\/\"> <span class=\"screen-reader-text\">Sistema El\u00e9trico de Aera\u00e7\u00e3o de Bolo para F\u00e1brica de Alimentos<\/span> Ler mais \"<\/a><\/p>","protected":false},"featured_media":4477,"comment_status":"open","ping_status":"closed","template":"","meta":{"site-sidebar-layout":"default","site-content-layout":"default","ast-main-header-display":"","ast-hfb-above-header-display":"","ast-hfb-below-header-display":"","ast-hfb-mobile-header-display":"","site-post-title":"","ast-breadcrumbs-content":"","ast-featured-img":"","footer-sml-layout":"","theme-transparent-header-meta":"default","adv-header-id-meta":"","stick-header-meta":"","header-above-stick-meta":"","header-main-stick-meta":"","header-below-stick-meta":"","yasr_overall_rating":0,"yasr_post_is_review":"","yasr_auto_insert_disabled":"","yasr_review_type":""},"product_cat":[26],"product_tag":[],"class_list":["post-4476","product","type-product","status-publish","has-post-thumbnail","hentry","product_cat-cake-machinery"],"yoast_head":"<!-- This site is optimized with the Yoast SEO plugin v27.3 - https:\/\/yoast.com\/product\/yoast-seo-wordpress\/ -->\n<title>Electric Cake Aeration System for Food Factory<\/title>\n<meta name=\"description\" content=\"The electric cake aeration system adopts high-speed impellers that infuse air into batter swiftly, creating a fluffy texture for cakes with efficiency.\" \/>\n<meta name=\"robots\" content=\"index, follow, max-snippet:-1, max-image-preview:large, max-video-preview:-1\" \/>\n<link rel=\"canonical\" href=\"https:\/\/www.bakeryturnkey.com\/pt\/produto\/electric-cake-aeration-system\/\" \/>\n<meta property=\"og:locale\" content=\"pt_PT\" \/>\n<meta property=\"og:type\" content=\"article\" \/>\n<meta property=\"og:title\" content=\"Electric Cake Aeration System for Food Factory\" \/>\n<meta property=\"og:description\" content=\"The electric cake aeration system adopts high-speed impellers that infuse air into batter swiftly, creating a fluffy texture for cakes with efficiency.\" \/>\n<meta property=\"og:url\" content=\"https:\/\/www.bakeryturnkey.com\/pt\/produto\/electric-cake-aeration-system\/\" \/>\n<meta property=\"og:site_name\" content=\"Bakery Food Processing Equipment Manufacturer\" \/>\n<meta property=\"article:modified_time\" content=\"2024-08-05T10:36:40+00:00\" \/>\n<meta property=\"og:image\" content=\"https:\/\/www.bakeryturnkey.com\/wp-content\/uploads\/2024\/08\/43.jpg\" \/>\n\t<meta property=\"og:image:width\" content=\"800\" \/>\n\t<meta property=\"og:image:height\" content=\"800\" \/>\n\t<meta property=\"og:image:type\" content=\"image\/jpeg\" \/>\n<meta name=\"twitter:card\" content=\"summary_large_image\" \/>\n<meta name=\"twitter:label1\" content=\"Tempo estimado de leitura\" \/>\n\t<meta name=\"twitter:data1\" content=\"3 minutos\" \/>\n<script type=\"application\/ld+json\" class=\"yoast-schema-graph\">{\"@context\":\"https:\\\/\\\/schema.org\",\"@graph\":[{\"@type\":\"WebPage\",\"@id\":\"https:\\\/\\\/www.bakeryturnkey.com\\\/product\\\/electric-cake-aeration-system\\\/\",\"url\":\"https:\\\/\\\/www.bakeryturnkey.com\\\/product\\\/electric-cake-aeration-system\\\/\",\"name\":\"Electric Cake Aeration System for Food Factory\",\"isPartOf\":{\"@id\":\"https:\\\/\\\/www.bakeryturnkey.com\\\/#website\"},\"primaryImageOfPage\":{\"@id\":\"https:\\\/\\\/www.bakeryturnkey.com\\\/product\\\/electric-cake-aeration-system\\\/#primaryimage\"},\"image\":{\"@id\":\"https:\\\/\\\/www.bakeryturnkey.com\\\/product\\\/electric-cake-aeration-system\\\/#primaryimage\"},\"thumbnailUrl\":\"https:\\\/\\\/www.bakeryturnkey.com\\\/wp-content\\\/uploads\\\/2024\\\/08\\\/43.jpg\",\"datePublished\":\"2024-08-05T10:32:14+00:00\",\"dateModified\":\"2024-08-05T10:36:40+00:00\",\"description\":\"The electric cake aeration system adopts high-speed impellers that infuse air into batter swiftly, creating a fluffy texture for cakes with efficiency.\",\"breadcrumb\":{\"@id\":\"https:\\\/\\\/www.bakeryturnkey.com\\\/product\\\/electric-cake-aeration-system\\\/#breadcrumb\"},\"inLanguage\":\"pt-PT\",\"potentialAction\":[{\"@type\":\"ReadAction\",\"target\":[\"https:\\\/\\\/www.bakeryturnkey.com\\\/product\\\/electric-cake-aeration-system\\\/\"]}]},{\"@type\":\"ImageObject\",\"inLanguage\":\"pt-PT\",\"@id\":\"https:\\\/\\\/www.bakeryturnkey.com\\\/product\\\/electric-cake-aeration-system\\\/#primaryimage\",\"url\":\"https:\\\/\\\/www.bakeryturnkey.com\\\/wp-content\\\/uploads\\\/2024\\\/08\\\/43.jpg\",\"contentUrl\":\"https:\\\/\\\/www.bakeryturnkey.com\\\/wp-content\\\/uploads\\\/2024\\\/08\\\/43.jpg\",\"width\":800,\"height\":800,\"caption\":\"Electric Cake Aeration System\"},{\"@type\":\"BreadcrumbList\",\"@id\":\"https:\\\/\\\/www.bakeryturnkey.com\\\/product\\\/electric-cake-aeration-system\\\/#breadcrumb\",\"itemListElement\":[{\"@type\":\"ListItem\",\"position\":1,\"name\":\"Home\",\"item\":\"https:\\\/\\\/www.bakeryturnkey.com\\\/\"},{\"@type\":\"ListItem\",\"position\":2,\"name\":\"Products\",\"item\":\"https:\\\/\\\/www.bakeryturnkey.com\\\/products\\\/\"},{\"@type\":\"ListItem\",\"position\":3,\"name\":\"Electric Cake Aeration System for Food Factory\"}]},{\"@type\":\"WebSite\",\"@id\":\"https:\\\/\\\/www.bakeryturnkey.com\\\/#website\",\"url\":\"https:\\\/\\\/www.bakeryturnkey.com\\\/\",\"name\":\"Bakery Food Processing Equipment Manufacturer\",\"description\":\"Bakery Food Solutions Provider\",\"publisher\":{\"@id\":\"https:\\\/\\\/www.bakeryturnkey.com\\\/#organization\"},\"potentialAction\":[{\"@type\":\"SearchAction\",\"target\":{\"@type\":\"EntryPoint\",\"urlTemplate\":\"https:\\\/\\\/www.bakeryturnkey.com\\\/?s={search_term_string}\"},\"query-input\":{\"@type\":\"PropertyValueSpecification\",\"valueRequired\":true,\"valueName\":\"search_term_string\"}}],\"inLanguage\":\"pt-PT\"},{\"@type\":\"Organization\",\"@id\":\"https:\\\/\\\/www.bakeryturnkey.com\\\/#organization\",\"name\":\"Bakery Food Processing Equipment Manufacturer\",\"url\":\"https:\\\/\\\/www.bakeryturnkey.com\\\/\",\"logo\":{\"@type\":\"ImageObject\",\"inLanguage\":\"pt-PT\",\"@id\":\"https:\\\/\\\/www.bakeryturnkey.com\\\/#\\\/schema\\\/logo\\\/image\\\/\",\"url\":\"https:\\\/\\\/www.bakeryturnkey.com\\\/wp-content\\\/uploads\\\/2022\\\/03\\\/cropped-13-1.png\",\"contentUrl\":\"https:\\\/\\\/www.bakeryturnkey.com\\\/wp-content\\\/uploads\\\/2022\\\/03\\\/cropped-13-1.png\",\"width\":512,\"height\":429,\"caption\":\"Bakery Food Processing Equipment Manufacturer\"},\"image\":{\"@id\":\"https:\\\/\\\/www.bakeryturnkey.com\\\/#\\\/schema\\\/logo\\\/image\\\/\"}},false]}<\/script>\n<!-- \/ Yoast SEO plugin. -->","yoast_head_json":{"title":"Electric Cake Aeration System for Food Factory","description":"The electric cake aeration system adopts high-speed impellers that infuse air into batter swiftly, creating a fluffy texture for cakes with efficiency.","robots":{"index":"index","follow":"follow","max-snippet":"max-snippet:-1","max-image-preview":"max-image-preview:large","max-video-preview":"max-video-preview:-1"},"canonical":"https:\/\/www.bakeryturnkey.com\/pt\/produto\/electric-cake-aeration-system\/","og_locale":"pt_PT","og_type":"article","og_title":"Electric Cake Aeration System for Food Factory","og_description":"The electric cake aeration system adopts high-speed impellers that infuse air into batter swiftly, creating a fluffy texture for cakes with efficiency.","og_url":"https:\/\/www.bakeryturnkey.com\/pt\/produto\/electric-cake-aeration-system\/","og_site_name":"Bakery Food Processing Equipment Manufacturer","article_modified_time":"2024-08-05T10:36:40+00:00","og_image":[{"width":800,"height":800,"url":"https:\/\/www.bakeryturnkey.com\/wp-content\/uploads\/2024\/08\/43.jpg","type":"image\/jpeg"}],"twitter_card":"summary_large_image","twitter_misc":{"Tempo estimado de leitura":"3 minutos"},"schema":{"@context":"https:\/\/schema.org","@graph":[{"@type":"WebPage","@id":"https:\/\/www.bakeryturnkey.com\/product\/electric-cake-aeration-system\/","url":"https:\/\/www.bakeryturnkey.com\/product\/electric-cake-aeration-system\/","name":"Electric Cake Aeration System for Food Factory","isPartOf":{"@id":"https:\/\/www.bakeryturnkey.com\/#website"},"primaryImageOfPage":{"@id":"https:\/\/www.bakeryturnkey.com\/product\/electric-cake-aeration-system\/#primaryimage"},"image":{"@id":"https:\/\/www.bakeryturnkey.com\/product\/electric-cake-aeration-system\/#primaryimage"},"thumbnailUrl":"https:\/\/www.bakeryturnkey.com\/wp-content\/uploads\/2024\/08\/43.jpg","datePublished":"2024-08-05T10:32:14+00:00","dateModified":"2024-08-05T10:36:40+00:00","description":"The electric cake aeration system adopts high-speed impellers that infuse air into batter swiftly, creating a fluffy texture for cakes with efficiency.","breadcrumb":{"@id":"https:\/\/www.bakeryturnkey.com\/product\/electric-cake-aeration-system\/#breadcrumb"},"inLanguage":"pt-PT","potentialAction":[{"@type":"ReadAction","target":["https:\/\/www.bakeryturnkey.com\/product\/electric-cake-aeration-system\/"]}]},{"@type":"ImageObject","inLanguage":"pt-PT","@id":"https:\/\/www.bakeryturnkey.com\/product\/electric-cake-aeration-system\/#primaryimage","url":"https:\/\/www.bakeryturnkey.com\/wp-content\/uploads\/2024\/08\/43.jpg","contentUrl":"https:\/\/www.bakeryturnkey.com\/wp-content\/uploads\/2024\/08\/43.jpg","width":800,"height":800,"caption":"Electric Cake Aeration System"},{"@type":"BreadcrumbList","@id":"https:\/\/www.bakeryturnkey.com\/product\/electric-cake-aeration-system\/#breadcrumb","itemListElement":[{"@type":"ListItem","position":1,"name":"Home","item":"https:\/\/www.bakeryturnkey.com\/"},{"@type":"ListItem","position":2,"name":"Products","item":"https:\/\/www.bakeryturnkey.com\/products\/"},{"@type":"ListItem","position":3,"name":"Electric Cake Aeration System for Food Factory"}]},{"@type":"WebSite","@id":"https:\/\/www.bakeryturnkey.com\/#website","url":"https:\/\/www.bakeryturnkey.com\/","name":"Bakery Food Processing Equipment Manufacturer","description":"Bakery Food Solutions Provider","publisher":{"@id":"https:\/\/www.bakeryturnkey.com\/#organization"},"potentialAction":[{"@type":"SearchAction","target":{"@type":"EntryPoint","urlTemplate":"https:\/\/www.bakeryturnkey.com\/?s={search_term_string}"},"query-input":{"@type":"PropertyValueSpecification","valueRequired":true,"valueName":"search_term_string"}}],"inLanguage":"pt-PT"},{"@type":"Organization","@id":"https:\/\/www.bakeryturnkey.com\/#organization","name":"Bakery Food Processing Equipment Manufacturer","url":"https:\/\/www.bakeryturnkey.com\/","logo":{"@type":"ImageObject","inLanguage":"pt-PT","@id":"https:\/\/www.bakeryturnkey.com\/#\/schema\/logo\/image\/","url":"https:\/\/www.bakeryturnkey.com\/wp-content\/uploads\/2022\/03\/cropped-13-1.png","contentUrl":"https:\/\/www.bakeryturnkey.com\/wp-content\/uploads\/2022\/03\/cropped-13-1.png","width":512,"height":429,"caption":"Bakery Food Processing Equipment Manufacturer"},"image":{"@id":"https:\/\/www.bakeryturnkey.com\/#\/schema\/logo\/image\/"}},false]}},"yasr_visitor_votes":{"stars_attributes":{"read_only":false,"span_bottom":false},"number_of_votes":0,"sum_votes":0},"_links":{"self":[{"href":"https:\/\/www.bakeryturnkey.com\/pt\/wp-json\/wp\/v2\/product\/4476","targetHints":{"allow":["GET"]}}],"collection":[{"href":"https:\/\/www.bakeryturnkey.com\/pt\/wp-json\/wp\/v2\/product"}],"about":[{"href":"https:\/\/www.bakeryturnkey.com\/pt\/wp-json\/wp\/v2\/types\/product"}],"replies":[{"embeddable":true,"href":"https:\/\/www.bakeryturnkey.com\/pt\/wp-json\/wp\/v2\/comments?post=4476"}],"wp:featuredmedia":[{"embeddable":true,"href":"https:\/\/www.bakeryturnkey.com\/pt\/wp-json\/wp\/v2\/media\/4477"}],"wp:attachment":[{"href":"https:\/\/www.bakeryturnkey.com\/pt\/wp-json\/wp\/v2\/media?parent=4476"}],"wp:term":[{"taxonomy":"product_cat","embeddable":true,"href":"https:\/\/www.bakeryturnkey.com\/pt\/wp-json\/wp\/v2\/product_cat?post=4476"},{"taxonomy":"product_tag","embeddable":true,"href":"https:\/\/www.bakeryturnkey.com\/pt\/wp-json\/wp\/v2\/product_tag?post=4476"}],"curies":[{"name":"wp","href":"https:\/\/api.w.org\/{rel}","templated":true}]}}