{"id":4458,"date":"2024-07-11T18:00:29","date_gmt":"2024-07-11T10:00:29","guid":{"rendered":"https:\/\/www.bakeryturnkey.com\/?post_type=product&#038;p=4458"},"modified":"2025-03-11T14:22:33","modified_gmt":"2025-03-11T06:22:33","slug":"wafer-cone-maker-machine","status":"publish","type":"product","link":"https:\/\/www.bakeryturnkey.com\/pt\/produto\/wafer-cone-maker-machine\/","title":{"rendered":"M\u00e1quina El\u00e9ctrica para Fabrica\u00e7\u00e3o de Bolachas e Cones para Venda"},"content":{"rendered":"<p>A m\u00e1quina para fabricar cones de wafer \u00e9 um dispositivo adequado para a ind\u00fastria de gelados para produzir cones de wafer de alta qualidade. Esta m\u00e1quina \u00e9 favorecida pelos clientes por sua f\u00e1cil opera\u00e7\u00e3o e qualidade de produto de alta qualidade.<\/p>\n<p>A utiliza\u00e7\u00e3o da tecnologia de aquecimento el\u00e9trico garante a uniformidade e a efici\u00eancia do processo de cozedura, produzindo assim cones de bolacha com cor dourada e sabor estaladi\u00e7o. A m\u00e1quina est\u00e1 \u00e0 venda em mais de 30 pa\u00edses do mundo.<\/p>\n<p><img loading=\"lazy\" decoding=\"async\" class=\"alignnone size-full wp-image-4460\" src=\"https:\/\/www.bakeryturnkey.com\/wp-content\/uploads\/2024\/07\/5.jpg\" alt=\"M\u00e1quina de fazer cone de wafer para venda \" width=\"630\" height=\"400\" srcset=\"https:\/\/www.bakeryturnkey.com\/wp-content\/uploads\/2024\/07\/5.jpg 630w, https:\/\/www.bakeryturnkey.com\/wp-content\/uploads\/2024\/07\/5-300x190.jpg 300w, https:\/\/www.bakeryturnkey.com\/wp-content\/uploads\/2024\/07\/5-600x381.jpg 600w\" sizes=\"auto, (max-width: 630px) 100vw, 630px\" \/><\/p>\n<h2><strong>Carater\u00edsticas da m\u00e1quina para fabricar cones de wafer<\/strong><\/h2>\n<ul>\n<li>Funcionamento automatizado: Desde a alimenta\u00e7\u00e3o da mat\u00e9ria-prima at\u00e9 \u00e0 forma\u00e7\u00e3o do cone de bolacha, todo o processo \u00e9 autom\u00e1tico para garantir a consist\u00eancia dos produtos de cones de bolacha.<\/li>\n<li>Versatilidade: Diversificada, a f\u00f3rmula pode ser ajustada de acordo com as diferentes necessidades para produzir cones de bolacha de v\u00e1rios sabores e formas.<\/li>\n<li>F\u00e1cil de limpar e manter: A m\u00e1quina tem uma estrutura razo\u00e1vel, que \u00e9 conveniente para a limpeza di\u00e1ria e manuten\u00e7\u00e3o regular, e prolonga a vida \u00fatil do equipamento.<\/li>\n<li>Interface de opera\u00e7\u00e3o amig\u00e1vel: Equipada com uma interface de opera\u00e7\u00e3o de ecr\u00e3 t\u00e1til intuitiva, simplifica o processo de configura\u00e7\u00e3o e facilita aos operadores o seu r\u00e1pido dom\u00ednio.<\/li>\n<li>Higiene e fiabilidade: Fabricada com materiais de qualidade alimentar e concebida para facilitar a limpeza, a m\u00e1quina el\u00e9ctrica de fazer cones de bolacha minimiza o risco de contamina\u00e7\u00e3o, mantendo os rigorosos protocolos de seguran\u00e7a alimentar.<\/li>\n<li>Longevidade e baixa manuten\u00e7\u00e3o: Constru\u00edda a partir de materiais robustos e empregando processos de fabrico meticulosos, a m\u00e1quina promete um desempenho duradouro com uma manuten\u00e7\u00e3o m\u00ednima, reduzindo assim as despesas de manuten\u00e7\u00e3o a longo prazo.<\/li>\n<\/ul>\n<h2><strong>Como fazer cones de wafer com uma m\u00e1quina<\/strong><\/h2>\n<div class=\"ast-oembed-container\"><iframe loading=\"lazy\" title=\"M\u00e1quina de fazer cones para bolos\/Pre\u00e7o da m\u00e1quina de fazer cones para bolos\" width=\"500\" height=\"281\" src=\"https:\/\/www.youtube.com\/embed\/z1EKPTJuzhk?feature=oembed\" frameborder=\"0\" allow=\"accelerometer; autoplay; clipboard-write; encrypted-media; gyroscope; picture-in-picture; web-share\" referrerpolicy=\"strict-origin-when-cross-origin\" allowfullscreen><\/iframe><\/div>\n<h2><strong>Processo de funcionamento do fabricante de cones de wafer el\u00e9ctricos<\/strong><\/h2>\n<ol>\n<li>Prepara\u00e7\u00e3o das mat\u00e9rias-primas: Preparar as mat\u00e9rias-primas necess\u00e1rias de acordo com a f\u00f3rmula, incluindo farinha, a\u00e7\u00facar, \u00f3leo, etc.<\/li>\n<li>Defini\u00e7\u00e3o do equipamento: Definir os par\u00e2metros de produ\u00e7\u00e3o, como a temperatura, o tempo, a produ\u00e7\u00e3o, etc., atrav\u00e9s do ecr\u00e3 t\u00e1til.<\/li>\n<li>In\u00edcio da produ\u00e7\u00e3o: Iniciar a m\u00e1quina de cones, importar as mat\u00e9rias-primas misturadas, injetar automaticamente a lama, cozer e moldar, e desmoldar o cone de bolacha.<\/li>\n<li>Inspe\u00e7\u00e3o da qualidade: Durante e ap\u00f3s o processo de produ\u00e7\u00e3o, efetuar uma inspe\u00e7\u00e3o da qualidade do produto para garantir que este cumpre as normas.<\/li>\n<li>Limpeza e manuten\u00e7\u00e3o: Ap\u00f3s a conclus\u00e3o da produ\u00e7\u00e3o, limpar e manter o equipamento de acordo com o manual de instru\u00e7\u00f5es.<\/li>\n<\/ol>\n<p><img loading=\"lazy\" decoding=\"async\" class=\"alignnone size-full wp-image-4462\" src=\"https:\/\/www.bakeryturnkey.com\/wp-content\/uploads\/2024\/07\/0.jpg\" alt=\"M\u00e1quina de Wafer Cone para Ind\u00fastria de Sorvete\" width=\"630\" height=\"400\" srcset=\"https:\/\/www.bakeryturnkey.com\/wp-content\/uploads\/2024\/07\/0.jpg 630w, https:\/\/www.bakeryturnkey.com\/wp-content\/uploads\/2024\/07\/0-300x190.jpg 300w, https:\/\/www.bakeryturnkey.com\/wp-content\/uploads\/2024\/07\/0-600x381.jpg 600w\" sizes=\"auto, (max-width: 630px) 100vw, 630px\" \/><\/p>\n<h2><strong>Vantagens da m\u00e1quina para fabricar cones de wafer<\/strong><\/h2>\n<ol>\n<li>Velocidade de produ\u00e7\u00e3o: O design de alta velocidade pode satisfazer as necessidades da produ\u00e7\u00e3o em grande escala, com uma capacidade de produ\u00e7\u00e3o que varia entre 1200 e 4500 por hora.<\/li>\n<li>Rentabilidade: A m\u00e1quina com design automatizado reduz os custos de m\u00e3o de obra e melhora a utiliza\u00e7\u00e3o do material.<\/li>\n<li>Servi\u00e7o personalizado: Fornecemos configura\u00e7\u00f5es de m\u00e1quina personalizadas para atender \u00e0s especifica\u00e7\u00f5es exclusivas dos clientes para cones de wafer para garantir produtos consistentes.<\/li>\n<li>Suporte t\u00e9cnico cont\u00ednuo: Fornecer apoio t\u00e9cnico cont\u00ednuo e actualiza\u00e7\u00f5es regulares do software para garantir que a m\u00e1quina mant\u00e9m sempre um desempenho \u00f3timo e as mais recentes normas t\u00e9cnicas.<\/li>\n<li>Escrit\u00f3rios no exterior: A nossa empresa Gelgoog estabeleceu escrit\u00f3rios no estrangeiro na Indon\u00e9sia e na Ar\u00e1bia Saudita para responder \u00e0s necessidades dos clientes a curta dist\u00e2ncia e fornecer apoio t\u00e9cnico e servi\u00e7os.<\/li>\n<\/ol>\n<p>M\u00e1quina autom\u00e1tica para fabrica\u00e7\u00e3o de cone de bolacha para venda! Nossa empresa \u00e9 um fabricante l\u00edder de equipamentos de produ\u00e7\u00e3o de cone, com nossos produtos exportados para mais de 180 pa\u00edses e regi\u00f5es em todo o mundo. Orgulhamo-nos do nosso servi\u00e7o p\u00f3s-venda abrangente e eficiente, que garante que os nossos clientes recebam o apoio de que necessitam em todas as fases da sua compra.<\/p>\n<p>A nossa equipa de profissionais fornece servi\u00e7os gratuitos de design, apoio t\u00e9cnico e instala\u00e7\u00e3o, garantindo um processo de configura\u00e7\u00e3o e opera\u00e7\u00e3o sem problemas. Al\u00e9m disso, oferecemos assist\u00eancia t\u00e9cnica vital\u00edcia e fornecimento de pe\u00e7as sobressalentes a custo l\u00edquido, garantindo a longevidade e a fiabilidade das nossas m\u00e1quinas.<\/p>\n<h3><strong>Par\u00e2metros do produto:<\/strong><\/h3>\n<table border=\"1\" cellspacing=\"0\">\n<tbody>\n<tr>\n<td>Modelo<\/td>\n<td>GGDWL-40F<\/td>\n<td>GGDWL-60F<\/td>\n<td>GGDWL-120F<\/td>\n<\/tr>\n<tr>\n<td>Motor de acionamento<\/td>\n<td>15KW, 380V, 50 Hz<\/td>\n<td>24KW, 380V, 50 Hz<\/td>\n<td>48KW, 380V, 50 Hz<\/td>\n<\/tr>\n<tr>\n<td>M\u00e9todo de aquecimento<\/td>\n<td>El\u00e9trico<\/td>\n<td>El\u00e9trico<\/td>\n<td>El\u00e9trico<\/td>\n<\/tr>\n<tr>\n<td>Capacidade<\/td>\n<td>1200-2600 pcs\/h<\/td>\n<td>1500-2800 pcs\/h<\/td>\n<td>2500-4500 pcs\/h<\/td>\n<\/tr>\n<tr>\n<td>Dimens\u00e3o<\/td>\n<td>2400*1500*2050mm<\/td>\n<td>2400*2700*2600mm<\/td>\n<td>4800*2700*2600mm<\/td>\n<\/tr>\n<tr>\n<td>Peso total<\/td>\n<td>1300kg<\/td>\n<td>1800 kg<\/td>\n<td>4300kg<\/td>\n<\/tr>\n<tr>\n<td>Cones de cozedura\/Tempo<\/td>\n<td>40 pe\u00e7as<\/td>\n<td>60 pe\u00e7as<\/td>\n<td>120 pe\u00e7as<\/td>\n<\/tr>\n<tr>\n<td>Tempo de cozedura<\/td>\n<td>1 min<\/td>\n<td>1 min<\/td>\n<td>1 min<\/td>\n<\/tr>\n<\/tbody>\n<\/table>\n<h3><strong>Sair<\/strong><strong>\u00a0O seu pedido de or\u00e7amento<\/strong><\/h3>\n<div id=\"wpcf7-f2977-p4118-o2\" class=\"wpcf7 js\" dir=\"ltr\" lang=\"en-US\">\n<div id=\"wpcf7-f2977-p4305-o2\" class=\"wpcf7 js\" dir=\"ltr\" lang=\"en-US\">\n<div class=\"wpcf7 no-js\" id=\"wpcf7-f2977-o1\" lang=\"en-US\" dir=\"ltr\">\n<div class=\"screen-reader-response\"><p role=\"status\" aria-live=\"polite\" aria-atomic=\"true\"><\/p> <ul><\/ul><\/div>\n<form action=\"\/pt\/wp-json\/wp\/v2\/product\/4458#wpcf7-f2977-o1\" method=\"post\" class=\"wpcf7-form init\" aria-label=\"Formul\u00e1rio de contacto\" novalidate=\"novalidate\" data-status=\"init\" data-trp-original-action=\"\/pt\/wp-json\/wp\/v2\/product\/4458#wpcf7-f2977-o1\">\n<div style=\"display: none;\">\n<input type=\"hidden\" name=\"_wpcf7\" value=\"2977\" \/>\n<input type=\"hidden\" name=\"_wpcf7_version\" value=\"5.7.7\" \/>\n<input type=\"hidden\" name=\"_wpcf7_locale\" value=\"en_US\" \/>\n<input type=\"hidden\" name=\"_wpcf7_unit_tag\" value=\"wpcf7-f2977-o1\" \/>\n<input type=\"hidden\" name=\"_wpcf7_container_post\" value=\"0\" \/>\n<input type=\"hidden\" name=\"_wpcf7_posted_data_hash\" value=\"\" \/>\n<\/div>\n<p><label> O seu nome*<br \/>\n<span class=\"wpcf7-form-control-wrap\" data-name=\"your-name\"><input size=\"40\" class=\"wpcf7-form-control wpcf7-text wpcf7-validates-as-required\" aria-required=\"true\" aria-invalid=\"false\" value=\"\" type=\"text\" name=\"your-name\" \/><\/span> <\/label>\n<\/p>\n<p><label> O seu pa\u00eds<br \/>\n<span class=\"wpcf7-form-control-wrap\" data-name=\"your-country\"><input size=\"40\" class=\"wpcf7-form-control wpcf7-text\" aria-invalid=\"false\" value=\"\" type=\"text\" name=\"your-country\" \/><\/span><\/label>\n<\/p>\n<p><label> O seu e-mail*<br \/>\n<span class=\"wpcf7-form-control-wrap\" data-name=\"your-email\"><input size=\"40\" class=\"wpcf7-form-control wpcf7-text wpcf7-email wpcf7-validates-as-required wpcf7-validates-as-email\" aria-required=\"true\" aria-invalid=\"false\" value=\"\" type=\"email\" name=\"your-email\" \/><\/span> <\/label>\n<\/p>\n<p><label> O seu telem\u00f3vel<br \/>\n<span class=\"wpcf7-form-control-wrap\" data-name=\"your-phone\"><input size=\"40\" class=\"wpcf7-form-control wpcf7-text\" aria-invalid=\"false\" value=\"\" type=\"text\" name=\"your-phone\" \/><\/span> <\/label>\n<\/p>\n<p><label> Nome da empresa<br \/>\n<span class=\"wpcf7-form-control-wrap\" data-name=\"text-529\"><input size=\"40\" class=\"wpcf7-form-control wpcf7-text\" aria-invalid=\"false\" value=\"\" type=\"text\" name=\"text-529\" \/><\/span> <\/label>\n<\/p>\n<p><label> S\u00edtio Web da empresa<br \/>\n<span class=\"wpcf7-form-control-wrap\" data-name=\"text-106\"><input size=\"40\" class=\"wpcf7-form-control wpcf7-text\" aria-invalid=\"false\" value=\"\" type=\"text\" name=\"text-106\" \/><\/span> <\/label>\n<\/p>\n<p><label> A sua mensagem*<br \/>\n<span class=\"wpcf7-form-control-wrap\" data-name=\"your-message\"><textarea cols=\"40\" rows=\"10\" class=\"wpcf7-form-control wpcf7-textarea wpcf7-validates-as-required\" aria-required=\"true\" aria-invalid=\"false\" name=\"your-message\"><\/textarea><\/span> <\/label>\n<\/p>\n<p><input class=\"wpcf7-form-control has-spinner wpcf7-submit\" type=\"submit\" value=\"Enviar\" \/>\n<\/p><p style=\"display: none !important;\" class=\"akismet-fields-container\" data-prefix=\"_wpcf7_ak_\"><label>&#916;<textarea name=\"_wpcf7_ak_hp_textarea\" cols=\"45\" rows=\"8\" maxlength=\"100\"><\/textarea><\/label><input type=\"hidden\" id=\"ak_js_1\" name=\"_wpcf7_ak_js\" value=\"47\"\/><script>document.getElementById( \"ak_js_1\" ).setAttribute( \"value\", ( new Date() ).getTime() );<\/script><\/p><div class=\"wpcf7-response-output\" aria-hidden=\"true\"><\/div>\n<input type=\"hidden\" name=\"trp-form-language\" value=\"pt\"\/><\/form>\n<\/div>\n<\/div>\n<\/div>\n<p>&nbsp;<\/p>\n<div style='text-align:left' class='yasr-auto-insert-visitor'><\/div>","protected":false},"excerpt":{"rendered":"<p>A m\u00e1quina para fabricar cones de wafer \u00e9 um dispositivo adequado para a ind\u00fastria de gelados para produzir cones de wafer de alta qualidade. Esta m\u00e1quina \u00e9 favorecida pelos clientes por sua f\u00e1cil opera\u00e7\u00e3o e qualidade de produto de alta qualidade. O uso de tecnologia de aquecimento el\u00e9trico garante a uniformidade e efici\u00eancia do processo de cozimento, produzindo assim cones de wafer com cor dourada ...<\/p>\n<p class=\"read-more\"> <a class=\"\" href=\"https:\/\/www.bakeryturnkey.com\/pt\/produto\/wafer-cone-maker-machine\/\"> <span class=\"screen-reader-text\">M\u00e1quina El\u00e9ctrica para Fabrica\u00e7\u00e3o de Bolachas e Cones para Venda<\/span> Ler mais \"<\/a><\/p>","protected":false},"featured_media":4463,"comment_status":"open","ping_status":"closed","template":"","meta":{"site-sidebar-layout":"default","site-content-layout":"default","ast-main-header-display":"","ast-hfb-above-header-display":"","ast-hfb-below-header-display":"","ast-hfb-mobile-header-display":"","site-post-title":"","ast-breadcrumbs-content":"","ast-featured-img":"","footer-sml-layout":"","theme-transparent-header-meta":"default","adv-header-id-meta":"","stick-header-meta":"","header-above-stick-meta":"","header-main-stick-meta":"","header-below-stick-meta":"","yasr_overall_rating":0,"yasr_post_is_review":"","yasr_auto_insert_disabled":"","yasr_review_type":""},"product_cat":[45],"product_tag":[],"class_list":["post-4458","product","type-product","status-publish","has-post-thumbnail","hentry","product_cat-cone-machinery"],"yoast_head":"<!-- This site is optimized with the Yoast SEO plugin v27.4 - https:\/\/yoast.com\/product\/yoast-seo-wordpress\/ -->\n<title>Electric Wafer Cone Maker Machine For Sale<\/title>\n<meta name=\"description\" content=\"The wafer cone maker machine is used to produce high-quality wafer cones. It is manufactured by Gelgoog, which is automatic and high-quality.\" \/>\n<meta name=\"robots\" content=\"index, follow, max-snippet:-1, max-image-preview:large, max-video-preview:-1\" \/>\n<link rel=\"canonical\" href=\"https:\/\/www.bakeryturnkey.com\/pt\/produto\/wafer-cone-maker-machine\/\" \/>\n<meta property=\"og:locale\" content=\"pt_PT\" \/>\n<meta property=\"og:type\" content=\"article\" \/>\n<meta property=\"og:title\" content=\"Electric Wafer Cone Maker Machine For Sale\" \/>\n<meta property=\"og:description\" content=\"The wafer cone maker machine is used to produce high-quality wafer cones. It is manufactured by Gelgoog, which is automatic and high-quality.\" \/>\n<meta property=\"og:url\" content=\"https:\/\/www.bakeryturnkey.com\/pt\/produto\/wafer-cone-maker-machine\/\" \/>\n<meta property=\"og:site_name\" content=\"Bakery Food Processing Equipment Manufacturer\" \/>\n<meta property=\"article:modified_time\" content=\"2025-03-11T06:22:33+00:00\" \/>\n<meta property=\"og:image\" content=\"https:\/\/www.bakeryturnkey.com\/wp-content\/uploads\/2024\/07\/2.jpg\" \/>\n\t<meta property=\"og:image:width\" content=\"800\" \/>\n\t<meta property=\"og:image:height\" content=\"800\" \/>\n\t<meta property=\"og:image:type\" content=\"image\/jpeg\" \/>\n<meta name=\"twitter:card\" content=\"summary_large_image\" \/>\n<meta name=\"twitter:label1\" content=\"Tempo estimado de leitura\" \/>\n\t<meta name=\"twitter:data1\" content=\"4 minutos\" \/>\n<script type=\"application\/ld+json\" class=\"yoast-schema-graph\">{\"@context\":\"https:\\\/\\\/schema.org\",\"@graph\":[{\"@type\":\"WebPage\",\"@id\":\"https:\\\/\\\/www.bakeryturnkey.com\\\/product\\\/wafer-cone-maker-machine\\\/\",\"url\":\"https:\\\/\\\/www.bakeryturnkey.com\\\/product\\\/wafer-cone-maker-machine\\\/\",\"name\":\"Electric Wafer Cone Maker Machine For Sale\",\"isPartOf\":{\"@id\":\"https:\\\/\\\/www.bakeryturnkey.com\\\/#website\"},\"primaryImageOfPage\":{\"@id\":\"https:\\\/\\\/www.bakeryturnkey.com\\\/product\\\/wafer-cone-maker-machine\\\/#primaryimage\"},\"image\":{\"@id\":\"https:\\\/\\\/www.bakeryturnkey.com\\\/product\\\/wafer-cone-maker-machine\\\/#primaryimage\"},\"thumbnailUrl\":\"https:\\\/\\\/www.bakeryturnkey.com\\\/wp-content\\\/uploads\\\/2024\\\/07\\\/2.jpg\",\"datePublished\":\"2024-07-11T10:00:29+00:00\",\"dateModified\":\"2025-03-11T06:22:33+00:00\",\"description\":\"The wafer cone maker machine is used to produce high-quality wafer cones. It is manufactured by Gelgoog, which is automatic and high-quality.\",\"breadcrumb\":{\"@id\":\"https:\\\/\\\/www.bakeryturnkey.com\\\/product\\\/wafer-cone-maker-machine\\\/#breadcrumb\"},\"inLanguage\":\"pt-PT\",\"potentialAction\":[{\"@type\":\"ReadAction\",\"target\":[\"https:\\\/\\\/www.bakeryturnkey.com\\\/product\\\/wafer-cone-maker-machine\\\/\"]}]},{\"@type\":\"ImageObject\",\"inLanguage\":\"pt-PT\",\"@id\":\"https:\\\/\\\/www.bakeryturnkey.com\\\/product\\\/wafer-cone-maker-machine\\\/#primaryimage\",\"url\":\"https:\\\/\\\/www.bakeryturnkey.com\\\/wp-content\\\/uploads\\\/2024\\\/07\\\/2.jpg\",\"contentUrl\":\"https:\\\/\\\/www.bakeryturnkey.com\\\/wp-content\\\/uploads\\\/2024\\\/07\\\/2.jpg\",\"width\":800,\"height\":800,\"caption\":\"Machine for Making Wafer Cones\"},{\"@type\":\"BreadcrumbList\",\"@id\":\"https:\\\/\\\/www.bakeryturnkey.com\\\/product\\\/wafer-cone-maker-machine\\\/#breadcrumb\",\"itemListElement\":[{\"@type\":\"ListItem\",\"position\":1,\"name\":\"Home\",\"item\":\"https:\\\/\\\/www.bakeryturnkey.com\\\/\"},{\"@type\":\"ListItem\",\"position\":2,\"name\":\"Products\",\"item\":\"https:\\\/\\\/www.bakeryturnkey.com\\\/products\\\/\"},{\"@type\":\"ListItem\",\"position\":3,\"name\":\"Electric Wafer Cone Maker Machine For Sale\"}]},{\"@type\":\"WebSite\",\"@id\":\"https:\\\/\\\/www.bakeryturnkey.com\\\/#website\",\"url\":\"https:\\\/\\\/www.bakeryturnkey.com\\\/\",\"name\":\"Bakery Food Processing Equipment Manufacturer\",\"description\":\"Bakery Food Solutions Provider\",\"publisher\":{\"@id\":\"https:\\\/\\\/www.bakeryturnkey.com\\\/#organization\"},\"potentialAction\":[{\"@type\":\"SearchAction\",\"target\":{\"@type\":\"EntryPoint\",\"urlTemplate\":\"https:\\\/\\\/www.bakeryturnkey.com\\\/?s={search_term_string}\"},\"query-input\":{\"@type\":\"PropertyValueSpecification\",\"valueRequired\":true,\"valueName\":\"search_term_string\"}}],\"inLanguage\":\"pt-PT\"},{\"@type\":\"Organization\",\"@id\":\"https:\\\/\\\/www.bakeryturnkey.com\\\/#organization\",\"name\":\"Bakery Food Processing Equipment Manufacturer\",\"url\":\"https:\\\/\\\/www.bakeryturnkey.com\\\/\",\"logo\":{\"@type\":\"ImageObject\",\"inLanguage\":\"pt-PT\",\"@id\":\"https:\\\/\\\/www.bakeryturnkey.com\\\/#\\\/schema\\\/logo\\\/image\\\/\",\"url\":\"https:\\\/\\\/www.bakeryturnkey.com\\\/wp-content\\\/uploads\\\/2022\\\/03\\\/cropped-13-1.png\",\"contentUrl\":\"https:\\\/\\\/www.bakeryturnkey.com\\\/wp-content\\\/uploads\\\/2022\\\/03\\\/cropped-13-1.png\",\"width\":512,\"height\":429,\"caption\":\"Bakery Food Processing Equipment Manufacturer\"},\"image\":{\"@id\":\"https:\\\/\\\/www.bakeryturnkey.com\\\/#\\\/schema\\\/logo\\\/image\\\/\"}},false]}<\/script>\n<!-- \/ Yoast SEO plugin. -->","yoast_head_json":{"title":"Electric Wafer Cone Maker Machine For Sale","description":"The wafer cone maker machine is used to produce high-quality wafer cones. It is manufactured by Gelgoog, which is automatic and high-quality.","robots":{"index":"index","follow":"follow","max-snippet":"max-snippet:-1","max-image-preview":"max-image-preview:large","max-video-preview":"max-video-preview:-1"},"canonical":"https:\/\/www.bakeryturnkey.com\/pt\/produto\/wafer-cone-maker-machine\/","og_locale":"pt_PT","og_type":"article","og_title":"Electric Wafer Cone Maker Machine For Sale","og_description":"The wafer cone maker machine is used to produce high-quality wafer cones. It is manufactured by Gelgoog, which is automatic and high-quality.","og_url":"https:\/\/www.bakeryturnkey.com\/pt\/produto\/wafer-cone-maker-machine\/","og_site_name":"Bakery Food Processing Equipment Manufacturer","article_modified_time":"2025-03-11T06:22:33+00:00","og_image":[{"width":800,"height":800,"url":"https:\/\/www.bakeryturnkey.com\/wp-content\/uploads\/2024\/07\/2.jpg","type":"image\/jpeg"}],"twitter_card":"summary_large_image","twitter_misc":{"Tempo estimado de leitura":"4 minutos"},"schema":{"@context":"https:\/\/schema.org","@graph":[{"@type":"WebPage","@id":"https:\/\/www.bakeryturnkey.com\/product\/wafer-cone-maker-machine\/","url":"https:\/\/www.bakeryturnkey.com\/product\/wafer-cone-maker-machine\/","name":"Electric Wafer Cone Maker Machine For Sale","isPartOf":{"@id":"https:\/\/www.bakeryturnkey.com\/#website"},"primaryImageOfPage":{"@id":"https:\/\/www.bakeryturnkey.com\/product\/wafer-cone-maker-machine\/#primaryimage"},"image":{"@id":"https:\/\/www.bakeryturnkey.com\/product\/wafer-cone-maker-machine\/#primaryimage"},"thumbnailUrl":"https:\/\/www.bakeryturnkey.com\/wp-content\/uploads\/2024\/07\/2.jpg","datePublished":"2024-07-11T10:00:29+00:00","dateModified":"2025-03-11T06:22:33+00:00","description":"The wafer cone maker machine is used to produce high-quality wafer cones. It is manufactured by Gelgoog, which is automatic and high-quality.","breadcrumb":{"@id":"https:\/\/www.bakeryturnkey.com\/product\/wafer-cone-maker-machine\/#breadcrumb"},"inLanguage":"pt-PT","potentialAction":[{"@type":"ReadAction","target":["https:\/\/www.bakeryturnkey.com\/product\/wafer-cone-maker-machine\/"]}]},{"@type":"ImageObject","inLanguage":"pt-PT","@id":"https:\/\/www.bakeryturnkey.com\/product\/wafer-cone-maker-machine\/#primaryimage","url":"https:\/\/www.bakeryturnkey.com\/wp-content\/uploads\/2024\/07\/2.jpg","contentUrl":"https:\/\/www.bakeryturnkey.com\/wp-content\/uploads\/2024\/07\/2.jpg","width":800,"height":800,"caption":"Machine for Making Wafer Cones"},{"@type":"BreadcrumbList","@id":"https:\/\/www.bakeryturnkey.com\/product\/wafer-cone-maker-machine\/#breadcrumb","itemListElement":[{"@type":"ListItem","position":1,"name":"Home","item":"https:\/\/www.bakeryturnkey.com\/"},{"@type":"ListItem","position":2,"name":"Products","item":"https:\/\/www.bakeryturnkey.com\/products\/"},{"@type":"ListItem","position":3,"name":"Electric Wafer Cone Maker Machine For Sale"}]},{"@type":"WebSite","@id":"https:\/\/www.bakeryturnkey.com\/#website","url":"https:\/\/www.bakeryturnkey.com\/","name":"Bakery Food Processing Equipment Manufacturer","description":"Bakery Food Solutions Provider","publisher":{"@id":"https:\/\/www.bakeryturnkey.com\/#organization"},"potentialAction":[{"@type":"SearchAction","target":{"@type":"EntryPoint","urlTemplate":"https:\/\/www.bakeryturnkey.com\/?s={search_term_string}"},"query-input":{"@type":"PropertyValueSpecification","valueRequired":true,"valueName":"search_term_string"}}],"inLanguage":"pt-PT"},{"@type":"Organization","@id":"https:\/\/www.bakeryturnkey.com\/#organization","name":"Bakery Food Processing Equipment Manufacturer","url":"https:\/\/www.bakeryturnkey.com\/","logo":{"@type":"ImageObject","inLanguage":"pt-PT","@id":"https:\/\/www.bakeryturnkey.com\/#\/schema\/logo\/image\/","url":"https:\/\/www.bakeryturnkey.com\/wp-content\/uploads\/2022\/03\/cropped-13-1.png","contentUrl":"https:\/\/www.bakeryturnkey.com\/wp-content\/uploads\/2022\/03\/cropped-13-1.png","width":512,"height":429,"caption":"Bakery Food Processing Equipment Manufacturer"},"image":{"@id":"https:\/\/www.bakeryturnkey.com\/#\/schema\/logo\/image\/"}},false]}},"yasr_visitor_votes":{"stars_attributes":{"read_only":false,"span_bottom":false},"number_of_votes":0,"sum_votes":0},"_links":{"self":[{"href":"https:\/\/www.bakeryturnkey.com\/pt\/wp-json\/wp\/v2\/product\/4458","targetHints":{"allow":["GET"]}}],"collection":[{"href":"https:\/\/www.bakeryturnkey.com\/pt\/wp-json\/wp\/v2\/product"}],"about":[{"href":"https:\/\/www.bakeryturnkey.com\/pt\/wp-json\/wp\/v2\/types\/product"}],"replies":[{"embeddable":true,"href":"https:\/\/www.bakeryturnkey.com\/pt\/wp-json\/wp\/v2\/comments?post=4458"}],"wp:featuredmedia":[{"embeddable":true,"href":"https:\/\/www.bakeryturnkey.com\/pt\/wp-json\/wp\/v2\/media\/4463"}],"wp:attachment":[{"href":"https:\/\/www.bakeryturnkey.com\/pt\/wp-json\/wp\/v2\/media?parent=4458"}],"wp:term":[{"taxonomy":"product_cat","embeddable":true,"href":"https:\/\/www.bakeryturnkey.com\/pt\/wp-json\/wp\/v2\/product_cat?post=4458"},{"taxonomy":"product_tag","embeddable":true,"href":"https:\/\/www.bakeryturnkey.com\/pt\/wp-json\/wp\/v2\/product_tag?post=4458"}],"curies":[{"name":"wp","href":"https:\/\/api.w.org\/{rel}","templated":true}]}}