{"id":4440,"date":"2024-06-13T16:05:22","date_gmt":"2024-06-13T08:05:22","guid":{"rendered":"https:\/\/www.bakeryturnkey.com\/?post_type=product&#038;p=4440"},"modified":"2025-03-19T19:36:12","modified_gmt":"2025-03-19T11:36:12","slug":"ice-cream-cone-maker","status":"publish","type":"product","link":"https:\/\/www.bakeryturnkey.com\/pt\/produto\/ice-cream-cone-maker\/","title":{"rendered":"GGDW-32C M\u00e1quina de Sorvete Expresso para Uso Comercial"},"content":{"rendered":"<p>A m\u00e1quina de fazer cones de gelado \u00e9 um dispositivo operado manualmente concebido para a produ\u00e7\u00e3o de cones de gelado de alta qualidade. Utilizada num ambiente comercial, ela pode n\u00e3o s\u00f3 melhorar a efici\u00eancia da produ\u00e7\u00e3o, mas tamb\u00e9m criar m\u00e3o de obra para a \u00e1rea local.<\/p>\n<p>Esta m\u00e1quina GGDW-32C usa materiais dur\u00e1veis e de alta qualidade para produzir cones de sorvete com uma bela apar\u00eancia. O operador pode transformar as mat\u00e9rias-primas em cones de tamanho uniforme em apenas alguns passos simples.<\/p>\n<p><img loading=\"lazy\" decoding=\"async\" class=\"alignnone size-full wp-image-4443\" src=\"https:\/\/www.bakeryturnkey.com\/wp-content\/uploads\/2024\/06\/0.jpg\" alt=\"M\u00e1quina de fazer cones de gelado comercial\" width=\"630\" height=\"400\" srcset=\"https:\/\/www.bakeryturnkey.com\/wp-content\/uploads\/2024\/06\/0.jpg 630w, https:\/\/www.bakeryturnkey.com\/wp-content\/uploads\/2024\/06\/0-300x190.jpg 300w, https:\/\/www.bakeryturnkey.com\/wp-content\/uploads\/2024\/06\/0-600x381.jpg 600w\" sizes=\"auto, (max-width: 630px) 100vw, 630px\" \/><\/p>\n<h2><strong>Carater\u00edsticas da m\u00e1quina de fazer cones de gelado<\/strong><\/h2>\n<ul>\n<li>Um molde pode produzir uma forma de cone. Se voc\u00ea quiser alcan\u00e7ar a fun\u00e7\u00e3o de fazer v\u00e1rios estilos de cones de sorvete com uma m\u00e1quina, voc\u00ea pode substituir diferentes conjuntos de moldes.<\/li>\n<li>Design semi-autom\u00e1tico com opera\u00e7\u00e3o por bot\u00e3o. Par\u00e2metros como o tempo de cozedura e a temperatura de cozedura, mas o funcionamento geral \u00e9 simples e f\u00e1cil de aprender.<\/li>\n<li>Tendo em conta a seguran\u00e7a e a higiene alimentar, as m\u00e1quinas de cones s\u00e3o normalmente concebidas para serem f\u00e1ceis de desmontar e feitas de a\u00e7o inoxid\u00e1vel, que \u00e9 mais f\u00e1cil de limpar.<\/li>\n<li>Com um sistema preciso de controlo da temperatura, os utilizadores podem ajustar a temperatura de cozedura de acordo com os diferentes ingredientes e a textura do cone desejado.<\/li>\n<li>Ao utilizar esta m\u00e1quina, os utilizadores podem ajustar o tempo de cozedura conforme necess\u00e1rio para controlar o cozimento e o sabor do cone de gelado.<\/li>\n<li>O pre\u00e7o da m\u00e1quina de fazer cones de gelado \u00e9 relativamente acess\u00edvel, cerca de alguns milhares de d\u00f3lares, dependendo da capacidade de produ\u00e7\u00e3o.<\/li>\n<\/ul>\n<p><img loading=\"lazy\" decoding=\"async\" class=\"alignnone size-full wp-image-4442\" src=\"https:\/\/www.bakeryturnkey.com\/wp-content\/uploads\/2024\/06\/9-1.jpg\" alt=\"M\u00e1quina de fazer cones de gelado\" width=\"630\" height=\"400\" srcset=\"https:\/\/www.bakeryturnkey.com\/wp-content\/uploads\/2024\/06\/9-1.jpg 630w, https:\/\/www.bakeryturnkey.com\/wp-content\/uploads\/2024\/06\/9-1-300x190.jpg 300w, https:\/\/www.bakeryturnkey.com\/wp-content\/uploads\/2024\/06\/9-1-600x381.jpg 600w\" sizes=\"auto, (max-width: 630px) 100vw, 630px\" \/><\/p>\n<h2><strong>Processo de fabrico de cones de gelado<\/strong><\/h2>\n<ol>\n<li>Para fazer os cones de gelado, comece por reunir e preparar os ingredientes essenciais, como a farinha, a manteiga e a \u00e1gua. Combine estes ingredientes nas propor\u00e7\u00f5es especificadas pela receita escolhida.<\/li>\n<li>Quando os ingredientes estiverem prontos, ligue a m\u00e1quina de fazer cones de gelado comercial, ligando-a \u00e0 corrente el\u00e9ctrica e localizando o bot\u00e3o de arranque. Ligue a m\u00e1quina e certifique-se de que o molde est\u00e1 uniformemente revestido com banha de porco para evitar que se cole.<\/li>\n<li>Antes de come\u00e7ar a encher, \u00e9 crucial definir as temperaturas de cozedura adequadas para os moldes superiores e inferiores. Al\u00e9m disso, pode ser necess\u00e1rio ajustar o tempo de cozedura com base nos requisitos espec\u00edficos da sua receita ou na textura desejada dos cones de gelado.<\/li>\n<li>Proceda \u00e0 fase de enchimento, deitando cuidadosamente a massa bem misturada na cavidade de moldagem da m\u00e1quina de fazer cones. Assegurar uma distribui\u00e7\u00e3o homog\u00e9nea da massa para obter cones uniformes.<\/li>\n<li>Quando o processo de cozedura come\u00e7a, os moldes fecham-se e a massa incha \u00e0 medida que coze, atingindo a temperatura definida. O tempo de cozedura determinar\u00e1 a croc\u00e2ncia final dos seus cones de gelado.<\/li>\n<li>Ap\u00f3s a conclus\u00e3o do ciclo de cozedura, retire imediatamente os cones de gelado acabados da m\u00e1quina. Abra os moldes para libertar o cone de gelado acabado de cozer, que cair\u00e1 na \u00e1rea de recolha na base da m\u00e1quina.<\/li>\n<li>Este texto revisto fornece um guia claro e conciso sobre o funcionamento de uma m\u00e1quina de fazer cones de gelado, com \u00eanfase na import\u00e2ncia de uma prepara\u00e7\u00e3o cuidadosa e do controlo de todo o processo.<\/li>\n<\/ol>\n<h2><strong>V\u00eddeo da m\u00e1quina de fazer cones de gelado na f\u00e1brica<\/strong><\/h2>\n<div class=\"ast-oembed-container\"><iframe loading=\"lazy\" title=\"M\u00e1quina para produ\u00e7\u00e3o de cones\/cones de gelado 600-3000pcs\/h\" width=\"500\" height=\"281\" src=\"https:\/\/www.youtube.com\/embed\/1PqIrCfyNkM?feature=oembed\" frameborder=\"0\" allow=\"accelerometer; autoplay; clipboard-write; encrypted-media; gyroscope; picture-in-picture; web-share\" referrerpolicy=\"strict-origin-when-cross-origin\" allowfullscreen><\/iframe><\/div>\n<p>Esta m\u00e1quina de fazer cones de gelado comercial \u00e9 um dispositivo vers\u00e1til, eficiente e f\u00e1cil de utilizar que n\u00e3o s\u00f3 melhora a efici\u00eancia da produ\u00e7\u00e3o, como tamb\u00e9m produz produtos personalizados para si. Quer se trate de uma loja de gelados que procura um sabor fresco ou de uma f\u00e1brica de gelados em grande escala, este dispositivo \u00e9 a escolha ideal.<\/p>\n<h3><strong>Par\u00e2metros do produto:<\/strong><\/h3>\n<table>\n<tbody>\n<tr>\n<td>Modelo<\/td>\n<td>GGDW-32C<\/td>\n<\/tr>\n<tr>\n<td>Capacidade<\/td>\n<td>800-1000pcs\/h<\/td>\n<\/tr>\n<tr>\n<td>Quantidade de moldes<\/td>\n<td>32 UNIDADES<\/td>\n<\/tr>\n<tr>\n<td>Tempo de cozedura<\/td>\n<td>1-2 minutos<\/td>\n<\/tr>\n<tr>\n<td>Funcionamento<\/td>\n<td>Semi-autom\u00e1tico<\/td>\n<\/tr>\n<tr>\n<td>Pot\u00eancia<\/td>\n<td>15kw<\/td>\n<\/tr>\n<tr>\n<td>Tens\u00e3o<\/td>\n<td>380V\/220V<\/td>\n<\/tr>\n<tr>\n<td>Tamanho da m\u00e1quina<\/td>\n<td>880*880*1380mm<\/td>\n<\/tr>\n<tr>\n<td>Tamanho da embalagem<\/td>\n<td>900*1000*1540mm<\/td>\n<\/tr>\n<tr>\n<td>Peso l\u00edquido<\/td>\n<td>450 kg<\/td>\n<\/tr>\n<tr>\n<td>Peso bruto<\/td>\n<td>510 kg<\/td>\n<\/tr>\n<\/tbody>\n<\/table>\n<h3><strong>Deixe o seu pedido de or\u00e7amento<\/strong><\/h3>\n<div id=\"wpcf7-f2977-p3974-o2\" class=\"wpcf7 js\" dir=\"ltr\" lang=\"en-US\">\n<div id=\"wpcf7-f2977-p3983-o2\" class=\"wpcf7 js\" dir=\"ltr\" lang=\"en-US\">\n<div id=\"wpcf7-f2977-p4370-o2\" class=\"wpcf7 js\" dir=\"ltr\" lang=\"en-US\">\n<div class=\"wpcf7 no-js\" id=\"wpcf7-f2977-o1\" lang=\"en-US\" dir=\"ltr\">\n<div class=\"screen-reader-response\"><p role=\"status\" aria-live=\"polite\" aria-atomic=\"true\"><\/p> <ul><\/ul><\/div>\n<form action=\"\/pt\/wp-json\/wp\/v2\/product\/4440#wpcf7-f2977-o1\" method=\"post\" class=\"wpcf7-form init\" aria-label=\"Formul\u00e1rio de contacto\" novalidate=\"novalidate\" data-status=\"init\" data-trp-original-action=\"\/pt\/wp-json\/wp\/v2\/product\/4440#wpcf7-f2977-o1\">\n<div style=\"display: none;\">\n<input type=\"hidden\" name=\"_wpcf7\" value=\"2977\" \/>\n<input type=\"hidden\" name=\"_wpcf7_version\" value=\"5.7.7\" \/>\n<input type=\"hidden\" name=\"_wpcf7_locale\" value=\"en_US\" \/>\n<input type=\"hidden\" name=\"_wpcf7_unit_tag\" value=\"wpcf7-f2977-o1\" \/>\n<input type=\"hidden\" name=\"_wpcf7_container_post\" value=\"0\" \/>\n<input type=\"hidden\" name=\"_wpcf7_posted_data_hash\" value=\"\" \/>\n<\/div>\n<p><label> O seu nome*<br \/>\n<span class=\"wpcf7-form-control-wrap\" data-name=\"your-name\"><input size=\"40\" class=\"wpcf7-form-control wpcf7-text wpcf7-validates-as-required\" aria-required=\"true\" aria-invalid=\"false\" value=\"\" type=\"text\" name=\"your-name\" \/><\/span> <\/label>\n<\/p>\n<p><label> O seu pa\u00eds<br \/>\n<span class=\"wpcf7-form-control-wrap\" data-name=\"your-country\"><input size=\"40\" class=\"wpcf7-form-control wpcf7-text\" aria-invalid=\"false\" value=\"\" type=\"text\" name=\"your-country\" \/><\/span><\/label>\n<\/p>\n<p><label> O seu e-mail*<br \/>\n<span class=\"wpcf7-form-control-wrap\" data-name=\"your-email\"><input size=\"40\" class=\"wpcf7-form-control wpcf7-text wpcf7-email wpcf7-validates-as-required wpcf7-validates-as-email\" aria-required=\"true\" aria-invalid=\"false\" value=\"\" type=\"email\" name=\"your-email\" \/><\/span> <\/label>\n<\/p>\n<p><label> O seu telem\u00f3vel<br \/>\n<span class=\"wpcf7-form-control-wrap\" data-name=\"your-phone\"><input size=\"40\" class=\"wpcf7-form-control wpcf7-text\" aria-invalid=\"false\" value=\"\" type=\"text\" name=\"your-phone\" \/><\/span> <\/label>\n<\/p>\n<p><label> Nome da empresa<br \/>\n<span class=\"wpcf7-form-control-wrap\" data-name=\"text-529\"><input size=\"40\" class=\"wpcf7-form-control wpcf7-text\" aria-invalid=\"false\" value=\"\" type=\"text\" name=\"text-529\" \/><\/span> <\/label>\n<\/p>\n<p><label> S\u00edtio Web da empresa<br \/>\n<span class=\"wpcf7-form-control-wrap\" data-name=\"text-106\"><input size=\"40\" class=\"wpcf7-form-control wpcf7-text\" aria-invalid=\"false\" value=\"\" type=\"text\" name=\"text-106\" \/><\/span> <\/label>\n<\/p>\n<p><label> A sua mensagem*<br \/>\n<span class=\"wpcf7-form-control-wrap\" data-name=\"your-message\"><textarea cols=\"40\" rows=\"10\" class=\"wpcf7-form-control wpcf7-textarea wpcf7-validates-as-required\" aria-required=\"true\" aria-invalid=\"false\" name=\"your-message\"><\/textarea><\/span> <\/label>\n<\/p>\n<p><input class=\"wpcf7-form-control has-spinner wpcf7-submit\" type=\"submit\" value=\"Enviar\" \/>\n<\/p><p style=\"display: none !important;\" class=\"akismet-fields-container\" data-prefix=\"_wpcf7_ak_\"><label>&#916;<textarea name=\"_wpcf7_ak_hp_textarea\" cols=\"45\" rows=\"8\" maxlength=\"100\"><\/textarea><\/label><input type=\"hidden\" id=\"ak_js_1\" name=\"_wpcf7_ak_js\" value=\"3\"\/><script>document.getElementById( \"ak_js_1\" ).setAttribute( \"value\", ( new Date() ).getTime() );<\/script><\/p><div class=\"wpcf7-response-output\" aria-hidden=\"true\"><\/div>\n<input type=\"hidden\" name=\"trp-form-language\" value=\"pt\"\/><\/form>\n<\/div>\n<\/div>\n<\/div>\n<\/div>\n<div style='text-align:left' class='yasr-auto-insert-visitor'><\/div>","protected":false},"excerpt":{"rendered":"<p>A m\u00e1quina de fazer cones de gelado \u00e9 um dispositivo operado manualmente concebido para a produ\u00e7\u00e3o de cones de gelado de alta qualidade. Utilizada em um ambiente comercial, ela pode n\u00e3o s\u00f3 melhorar a efici\u00eancia da produ\u00e7\u00e3o, mas tamb\u00e9m criar trabalho para a \u00e1rea local. Esta m\u00e1quina GGDW-32C usa materiais de alta qualidade e dur\u00e1veis para produzir cones de sorvete com belas ...<\/p>\n<p class=\"read-more\"> <a class=\"\" href=\"https:\/\/www.bakeryturnkey.com\/pt\/produto\/ice-cream-cone-maker\/\"> <span class=\"screen-reader-text\">GGDW-32C M\u00e1quina de Sorvete Expresso para Uso Comercial<\/span> Ler mais \"<\/a><\/p>","protected":false},"featured_media":4441,"comment_status":"open","ping_status":"closed","template":"","meta":{"site-sidebar-layout":"default","site-content-layout":"default","ast-main-header-display":"","ast-hfb-above-header-display":"","ast-hfb-below-header-display":"","ast-hfb-mobile-header-display":"","site-post-title":"","ast-breadcrumbs-content":"","ast-featured-img":"","footer-sml-layout":"","theme-transparent-header-meta":"default","adv-header-id-meta":"","stick-header-meta":"","header-above-stick-meta":"","header-main-stick-meta":"","header-below-stick-meta":"","yasr_overall_rating":0,"yasr_post_is_review":"","yasr_auto_insert_disabled":"","yasr_review_type":""},"product_cat":[45],"product_tag":[],"class_list":["post-4440","product","type-product","status-publish","has-post-thumbnail","hentry","product_cat-cone-machinery"],"yoast_head":"<!-- This site is optimized with the Yoast SEO plugin v27.4 - https:\/\/yoast.com\/product\/yoast-seo-wordpress\/ -->\n<title>GGDW-32C Ice Cream Cone Maker Machine for Commercial Use - Bakery Food Processing Equipment Manufacturer<\/title>\n<meta name=\"description\" content=\"The ice cream cone maker machine is a manually operated device, it is suitable for high-quality ice cream cones manufacturing.\" \/>\n<meta name=\"robots\" content=\"index, follow, max-snippet:-1, max-image-preview:large, max-video-preview:-1\" \/>\n<link rel=\"canonical\" href=\"https:\/\/www.bakeryturnkey.com\/pt\/produto\/ice-cream-cone-maker\/\" \/>\n<meta property=\"og:locale\" content=\"pt_PT\" \/>\n<meta property=\"og:type\" content=\"article\" \/>\n<meta property=\"og:title\" content=\"GGDW-32C Ice Cream Cone Maker Machine for Commercial Use - Bakery Food Processing Equipment Manufacturer\" \/>\n<meta property=\"og:description\" content=\"The ice cream cone maker machine is a manually operated device, it is suitable for high-quality ice cream cones manufacturing.\" \/>\n<meta property=\"og:url\" content=\"https:\/\/www.bakeryturnkey.com\/pt\/produto\/ice-cream-cone-maker\/\" \/>\n<meta property=\"og:site_name\" content=\"Bakery Food Processing Equipment Manufacturer\" \/>\n<meta property=\"article:modified_time\" content=\"2025-03-19T11:36:12+00:00\" \/>\n<meta property=\"og:image\" content=\"https:\/\/www.bakeryturnkey.com\/wp-content\/uploads\/2024\/06\/8-3.jpg\" \/>\n\t<meta property=\"og:image:width\" content=\"800\" \/>\n\t<meta property=\"og:image:height\" content=\"800\" \/>\n\t<meta property=\"og:image:type\" content=\"image\/jpeg\" \/>\n<meta name=\"twitter:card\" content=\"summary_large_image\" \/>\n<meta name=\"twitter:label1\" content=\"Tempo estimado de leitura\" \/>\n\t<meta name=\"twitter:data1\" content=\"4 minutos\" \/>\n<script type=\"application\/ld+json\" class=\"yoast-schema-graph\">{\"@context\":\"https:\\\/\\\/schema.org\",\"@graph\":[{\"@type\":\"WebPage\",\"@id\":\"https:\\\/\\\/www.bakeryturnkey.com\\\/product\\\/ice-cream-cone-maker\\\/\",\"url\":\"https:\\\/\\\/www.bakeryturnkey.com\\\/product\\\/ice-cream-cone-maker\\\/\",\"name\":\"GGDW-32C Ice Cream Cone Maker Machine for Commercial Use - Bakery Food Processing Equipment Manufacturer\",\"isPartOf\":{\"@id\":\"https:\\\/\\\/www.bakeryturnkey.com\\\/#website\"},\"primaryImageOfPage\":{\"@id\":\"https:\\\/\\\/www.bakeryturnkey.com\\\/product\\\/ice-cream-cone-maker\\\/#primaryimage\"},\"image\":{\"@id\":\"https:\\\/\\\/www.bakeryturnkey.com\\\/product\\\/ice-cream-cone-maker\\\/#primaryimage\"},\"thumbnailUrl\":\"https:\\\/\\\/www.bakeryturnkey.com\\\/wp-content\\\/uploads\\\/2024\\\/06\\\/8-3.jpg\",\"datePublished\":\"2024-06-13T08:05:22+00:00\",\"dateModified\":\"2025-03-19T11:36:12+00:00\",\"description\":\"The ice cream cone maker machine is a manually operated device, it is suitable for high-quality ice cream cones manufacturing.\",\"breadcrumb\":{\"@id\":\"https:\\\/\\\/www.bakeryturnkey.com\\\/product\\\/ice-cream-cone-maker\\\/#breadcrumb\"},\"inLanguage\":\"pt-PT\",\"potentialAction\":[{\"@type\":\"ReadAction\",\"target\":[\"https:\\\/\\\/www.bakeryturnkey.com\\\/product\\\/ice-cream-cone-maker\\\/\"]}]},{\"@type\":\"ImageObject\",\"inLanguage\":\"pt-PT\",\"@id\":\"https:\\\/\\\/www.bakeryturnkey.com\\\/product\\\/ice-cream-cone-maker\\\/#primaryimage\",\"url\":\"https:\\\/\\\/www.bakeryturnkey.com\\\/wp-content\\\/uploads\\\/2024\\\/06\\\/8-3.jpg\",\"contentUrl\":\"https:\\\/\\\/www.bakeryturnkey.com\\\/wp-content\\\/uploads\\\/2024\\\/06\\\/8-3.jpg\",\"width\":800,\"height\":800,\"caption\":\"Ice Cream Cone Maker Machine For Sale\"},{\"@type\":\"BreadcrumbList\",\"@id\":\"https:\\\/\\\/www.bakeryturnkey.com\\\/product\\\/ice-cream-cone-maker\\\/#breadcrumb\",\"itemListElement\":[{\"@type\":\"ListItem\",\"position\":1,\"name\":\"Home\",\"item\":\"https:\\\/\\\/www.bakeryturnkey.com\\\/\"},{\"@type\":\"ListItem\",\"position\":2,\"name\":\"Products\",\"item\":\"https:\\\/\\\/www.bakeryturnkey.com\\\/products\\\/\"},{\"@type\":\"ListItem\",\"position\":3,\"name\":\"GGDW-32C Ice Cream Cone Maker Machine for Commercial Use\"}]},{\"@type\":\"WebSite\",\"@id\":\"https:\\\/\\\/www.bakeryturnkey.com\\\/#website\",\"url\":\"https:\\\/\\\/www.bakeryturnkey.com\\\/\",\"name\":\"Bakery Food Processing Equipment Manufacturer\",\"description\":\"Bakery Food Solutions Provider\",\"publisher\":{\"@id\":\"https:\\\/\\\/www.bakeryturnkey.com\\\/#organization\"},\"potentialAction\":[{\"@type\":\"SearchAction\",\"target\":{\"@type\":\"EntryPoint\",\"urlTemplate\":\"https:\\\/\\\/www.bakeryturnkey.com\\\/?s={search_term_string}\"},\"query-input\":{\"@type\":\"PropertyValueSpecification\",\"valueRequired\":true,\"valueName\":\"search_term_string\"}}],\"inLanguage\":\"pt-PT\"},{\"@type\":\"Organization\",\"@id\":\"https:\\\/\\\/www.bakeryturnkey.com\\\/#organization\",\"name\":\"Bakery Food Processing Equipment Manufacturer\",\"url\":\"https:\\\/\\\/www.bakeryturnkey.com\\\/\",\"logo\":{\"@type\":\"ImageObject\",\"inLanguage\":\"pt-PT\",\"@id\":\"https:\\\/\\\/www.bakeryturnkey.com\\\/#\\\/schema\\\/logo\\\/image\\\/\",\"url\":\"https:\\\/\\\/www.bakeryturnkey.com\\\/wp-content\\\/uploads\\\/2022\\\/03\\\/cropped-13-1.png\",\"contentUrl\":\"https:\\\/\\\/www.bakeryturnkey.com\\\/wp-content\\\/uploads\\\/2022\\\/03\\\/cropped-13-1.png\",\"width\":512,\"height\":429,\"caption\":\"Bakery Food Processing Equipment Manufacturer\"},\"image\":{\"@id\":\"https:\\\/\\\/www.bakeryturnkey.com\\\/#\\\/schema\\\/logo\\\/image\\\/\"}},false]}<\/script>\n<!-- \/ Yoast SEO plugin. -->","yoast_head_json":{"title":"GGDW-32C Ice Cream Cone Maker Machine for Commercial Use - Bakery Food Processing Equipment Manufacturer","description":"The ice cream cone maker machine is a manually operated device, it is suitable for high-quality ice cream cones manufacturing.","robots":{"index":"index","follow":"follow","max-snippet":"max-snippet:-1","max-image-preview":"max-image-preview:large","max-video-preview":"max-video-preview:-1"},"canonical":"https:\/\/www.bakeryturnkey.com\/pt\/produto\/ice-cream-cone-maker\/","og_locale":"pt_PT","og_type":"article","og_title":"GGDW-32C Ice Cream Cone Maker Machine for Commercial Use - Bakery Food Processing Equipment Manufacturer","og_description":"The ice cream cone maker machine is a manually operated device, it is suitable for high-quality ice cream cones manufacturing.","og_url":"https:\/\/www.bakeryturnkey.com\/pt\/produto\/ice-cream-cone-maker\/","og_site_name":"Bakery Food Processing Equipment Manufacturer","article_modified_time":"2025-03-19T11:36:12+00:00","og_image":[{"width":800,"height":800,"url":"https:\/\/www.bakeryturnkey.com\/wp-content\/uploads\/2024\/06\/8-3.jpg","type":"image\/jpeg"}],"twitter_card":"summary_large_image","twitter_misc":{"Tempo estimado de leitura":"4 minutos"},"schema":{"@context":"https:\/\/schema.org","@graph":[{"@type":"WebPage","@id":"https:\/\/www.bakeryturnkey.com\/product\/ice-cream-cone-maker\/","url":"https:\/\/www.bakeryturnkey.com\/product\/ice-cream-cone-maker\/","name":"GGDW-32C Ice Cream Cone Maker Machine for Commercial Use - Bakery Food Processing Equipment Manufacturer","isPartOf":{"@id":"https:\/\/www.bakeryturnkey.com\/#website"},"primaryImageOfPage":{"@id":"https:\/\/www.bakeryturnkey.com\/product\/ice-cream-cone-maker\/#primaryimage"},"image":{"@id":"https:\/\/www.bakeryturnkey.com\/product\/ice-cream-cone-maker\/#primaryimage"},"thumbnailUrl":"https:\/\/www.bakeryturnkey.com\/wp-content\/uploads\/2024\/06\/8-3.jpg","datePublished":"2024-06-13T08:05:22+00:00","dateModified":"2025-03-19T11:36:12+00:00","description":"The ice cream cone maker machine is a manually operated device, it is suitable for high-quality ice cream cones manufacturing.","breadcrumb":{"@id":"https:\/\/www.bakeryturnkey.com\/product\/ice-cream-cone-maker\/#breadcrumb"},"inLanguage":"pt-PT","potentialAction":[{"@type":"ReadAction","target":["https:\/\/www.bakeryturnkey.com\/product\/ice-cream-cone-maker\/"]}]},{"@type":"ImageObject","inLanguage":"pt-PT","@id":"https:\/\/www.bakeryturnkey.com\/product\/ice-cream-cone-maker\/#primaryimage","url":"https:\/\/www.bakeryturnkey.com\/wp-content\/uploads\/2024\/06\/8-3.jpg","contentUrl":"https:\/\/www.bakeryturnkey.com\/wp-content\/uploads\/2024\/06\/8-3.jpg","width":800,"height":800,"caption":"Ice Cream Cone Maker Machine For Sale"},{"@type":"BreadcrumbList","@id":"https:\/\/www.bakeryturnkey.com\/product\/ice-cream-cone-maker\/#breadcrumb","itemListElement":[{"@type":"ListItem","position":1,"name":"Home","item":"https:\/\/www.bakeryturnkey.com\/"},{"@type":"ListItem","position":2,"name":"Products","item":"https:\/\/www.bakeryturnkey.com\/products\/"},{"@type":"ListItem","position":3,"name":"GGDW-32C Ice Cream Cone Maker Machine for Commercial Use"}]},{"@type":"WebSite","@id":"https:\/\/www.bakeryturnkey.com\/#website","url":"https:\/\/www.bakeryturnkey.com\/","name":"Bakery Food Processing Equipment Manufacturer","description":"Bakery Food Solutions Provider","publisher":{"@id":"https:\/\/www.bakeryturnkey.com\/#organization"},"potentialAction":[{"@type":"SearchAction","target":{"@type":"EntryPoint","urlTemplate":"https:\/\/www.bakeryturnkey.com\/?s={search_term_string}"},"query-input":{"@type":"PropertyValueSpecification","valueRequired":true,"valueName":"search_term_string"}}],"inLanguage":"pt-PT"},{"@type":"Organization","@id":"https:\/\/www.bakeryturnkey.com\/#organization","name":"Bakery Food Processing Equipment Manufacturer","url":"https:\/\/www.bakeryturnkey.com\/","logo":{"@type":"ImageObject","inLanguage":"pt-PT","@id":"https:\/\/www.bakeryturnkey.com\/#\/schema\/logo\/image\/","url":"https:\/\/www.bakeryturnkey.com\/wp-content\/uploads\/2022\/03\/cropped-13-1.png","contentUrl":"https:\/\/www.bakeryturnkey.com\/wp-content\/uploads\/2022\/03\/cropped-13-1.png","width":512,"height":429,"caption":"Bakery Food Processing Equipment Manufacturer"},"image":{"@id":"https:\/\/www.bakeryturnkey.com\/#\/schema\/logo\/image\/"}},false]}},"yasr_visitor_votes":{"stars_attributes":{"read_only":false,"span_bottom":false},"number_of_votes":0,"sum_votes":0},"_links":{"self":[{"href":"https:\/\/www.bakeryturnkey.com\/pt\/wp-json\/wp\/v2\/product\/4440","targetHints":{"allow":["GET"]}}],"collection":[{"href":"https:\/\/www.bakeryturnkey.com\/pt\/wp-json\/wp\/v2\/product"}],"about":[{"href":"https:\/\/www.bakeryturnkey.com\/pt\/wp-json\/wp\/v2\/types\/product"}],"replies":[{"embeddable":true,"href":"https:\/\/www.bakeryturnkey.com\/pt\/wp-json\/wp\/v2\/comments?post=4440"}],"wp:featuredmedia":[{"embeddable":true,"href":"https:\/\/www.bakeryturnkey.com\/pt\/wp-json\/wp\/v2\/media\/4441"}],"wp:attachment":[{"href":"https:\/\/www.bakeryturnkey.com\/pt\/wp-json\/wp\/v2\/media?parent=4440"}],"wp:term":[{"taxonomy":"product_cat","embeddable":true,"href":"https:\/\/www.bakeryturnkey.com\/pt\/wp-json\/wp\/v2\/product_cat?post=4440"},{"taxonomy":"product_tag","embeddable":true,"href":"https:\/\/www.bakeryturnkey.com\/pt\/wp-json\/wp\/v2\/product_tag?post=4440"}],"curies":[{"name":"wp","href":"https:\/\/api.w.org\/{rel}","templated":true}]}}