{"id":4429,"date":"2024-06-12T15:18:16","date_gmt":"2024-06-12T07:18:16","guid":{"rendered":"https:\/\/www.bakeryturnkey.com\/?post_type=product&#038;p=4429"},"modified":"2024-06-12T15:41:25","modified_gmt":"2024-06-12T07:41:25","slug":"biscuit-crushing-machine","status":"publish","type":"product","link":"https:\/\/www.bakeryturnkey.com\/pt\/produto\/biscuit-crushing-machine\/","title":{"rendered":"M\u00e1quina industrial para triturar biscoitos com a\u00e7o inoxid\u00e1vel"},"content":{"rendered":"<p>A m\u00e1quina de triturar biscoitos \u00e9 um dispositivo concebido para ambientes comerciais. Com o seu excelente desempenho e tecnologia inovadora, torna a produ\u00e7\u00e3o de biscoitos e as ind\u00fastrias de processamento de panifica\u00e7\u00e3o mais eficientes e f\u00e1ceis.<\/p>\n<p>No dom\u00ednio do processamento de alimentos, a efici\u00eancia e a qualidade s\u00e3o a chave para a competitividade das empresas. Este equipamento \u00e9 adequado para triturar diferentes tipos de biscoitos, tais como biscoitos duros, biscoitos macios, etc. Corte em diferentes tamanhos de acordo com as necessidades.<\/p>\n<p><img loading=\"lazy\" decoding=\"async\" class=\"alignnone size-full wp-image-4433\" src=\"https:\/\/www.bakeryturnkey.com\/wp-content\/uploads\/2024\/06\/8-2.jpg\" alt=\"Pre\u00e7o da m\u00e1quina de tritura\u00e7\u00e3o de biscoitos\" width=\"630\" height=\"400\" srcset=\"https:\/\/www.bakeryturnkey.com\/wp-content\/uploads\/2024\/06\/8-2.jpg 630w, https:\/\/www.bakeryturnkey.com\/wp-content\/uploads\/2024\/06\/8-2-600x381.jpg 600w, https:\/\/www.bakeryturnkey.com\/wp-content\/uploads\/2024\/06\/8-2-300x190.jpg 300w\" sizes=\"auto, (max-width: 630px) 100vw, 630px\" \/><\/p>\n<h2><strong>Carater\u00edsticas da m\u00e1quina trituradora de biscoitos<\/strong><\/h2>\n<ul>\n<li>Equipada com um motor de alta pot\u00eancia, garante que mesmo os biscoitos duros podem ser facilmente cortados para satisfazer as necessidades da produ\u00e7\u00e3o comercial de alta intensidade.<\/li>\n<li>O sistema de corte de precis\u00e3o pode ser ajustado para se adequar a diferentes tamanhos de bolachas, garantindo um tamanho de part\u00edcula uniforme das bolachas ap\u00f3s o corte para satisfazer os requisitos espec\u00edficos de v\u00e1rios produtos cozinhados.<\/li>\n<li>Utiliza materiais dur\u00e1veis e revestimento anti-corros\u00e3o para garantir que a m\u00e1quina pode funcionar de forma est\u00e1vel durante muito tempo, mesmo em ambientes industriais h\u00famidos ou poeirentos.<\/li>\n<li>Concebida para facilitar a manuten\u00e7\u00e3o, todas as pe\u00e7as que entram em contacto com os ingredientes podem ser rapidamente desmontadas para facilitar a limpeza e a substitui\u00e7\u00e3o.<\/li>\n<li>A m\u00e1quina trituradora de biscoitos tem modelos com diferentes capacidades, desde lotes m\u00e9dios at\u00e9 \u00e0 produ\u00e7\u00e3o em grande escala, e pode fornecer solu\u00e7\u00f5es adequadas para satisfazer as necessidades de empresas de diferentes dimens\u00f5es.<\/li>\n<li>A tecnologia avan\u00e7ada de redu\u00e7\u00e3o de ru\u00eddo reduz o ru\u00eddo durante o funcionamento da m\u00e1quina industrial de tritura\u00e7\u00e3o de biscoitos e cria um ambiente de trabalho mais confort\u00e1vel.<\/li>\n<\/ul>\n<h2><strong>Como esmagar biscoitos<\/strong><\/h2>\n<div class=\"ast-oembed-container\"><iframe loading=\"lazy\" title=\"M\u00e1quina trituradora de biscoitos|M\u00e1quina de moagem comercial para biscoitos\" width=\"500\" height=\"281\" src=\"https:\/\/www.youtube.com\/embed\/b6LsepeCXlo?feature=oembed\" frameborder=\"0\" allow=\"accelerometer; autoplay; clipboard-write; encrypted-media; gyroscope; picture-in-picture; web-share\" referrerpolicy=\"strict-origin-when-cross-origin\" allowfullscreen><\/iframe><\/div>\n<p>&nbsp;<\/p>\n<h2><strong>\u00c1reas de aplica\u00e7\u00e3o<\/strong><\/h2>\n<ul>\n<li>Decora\u00e7\u00e3o de pastelaria: As migalhas de biscoito s\u00e3o frequentemente utilizadas para decorar a superf\u00edcie de alimentos cozinhados, como bolos, biscoitos, tartes, etc., para melhorar o sabor e o aspeto.<\/li>\n<li>Gelados e sobremesas: Como ingrediente em gelados ou sobremesas, as migalhas de biscoito podem acrescentar camadas ricas e um sabor estaladi\u00e7o \u00e0s sobremesas.<\/li>\n<li>Batidos e bebidas: A adi\u00e7\u00e3o de migalhas de biscoito a batidos ou outras bebidas pode proporcionar um sabor e aroma \u00fanicos.<\/li>\n<li>Barras energ\u00e9ticas e snacks: Em barras energ\u00e9ticas ou snacks saud\u00e1veis, as migalhas de bolacha podem fornecer energia e fibra adicionais.<\/li>\n<li>Ind\u00fastria alimentar: Na ind\u00fastria alimentar, as migalhas de bolacha podem ser utilizadas como mat\u00e9ria-prima para fabricar uma variedade de alimentos pr\u00e9-fabricados e produtos prontos a consumir.<\/li>\n<li>Setor da restaura\u00e7\u00e3o: No sector da restaura\u00e7\u00e3o, as migalhas de biscoito podem ser utilizadas como ingredientes ou decora\u00e7\u00f5es para melhorar o efeito visual e o sabor dos pratos.<\/li>\n<\/ul>\n<p><img loading=\"lazy\" decoding=\"async\" class=\"alignnone size-full wp-image-4430\" src=\"https:\/\/www.bakeryturnkey.com\/wp-content\/uploads\/2024\/06\/31.jpg\" alt=\"M\u00e1quina para triturar biscoitos\" width=\"650\" height=\"430\" srcset=\"https:\/\/www.bakeryturnkey.com\/wp-content\/uploads\/2024\/06\/31.jpg 650w, https:\/\/www.bakeryturnkey.com\/wp-content\/uploads\/2024\/06\/31-600x397.jpg 600w, https:\/\/www.bakeryturnkey.com\/wp-content\/uploads\/2024\/06\/31-300x198.jpg 300w\" sizes=\"auto, (max-width: 650px) 100vw, 650px\" \/><\/p>\n<h2><strong>Vantagens da m\u00e1quina trituradora de biscoitos<\/strong><\/h2>\n<ul>\n<li>Durabilidade de n\u00edvel comercial: Fabricada com materiais de alta resist\u00eancia, garante um funcionamento est\u00e1vel da m\u00e1quina num ambiente de trabalho de alta intensidade e reduz os custos de manuten\u00e7\u00e3o.<\/li>\n<li>Processamento de alta efici\u00eancia: Equipada com um motor potente e um sistema de corte preciso, a m\u00e1quina de triturar biscoitos pode cortar r\u00e1pida e uniformemente os frutos secos para satisfazer as necessidades da produ\u00e7\u00e3o em grande escala.<\/li>\n<li>Adaptabilidade vers\u00e1til: Para al\u00e9m das bolachas, a m\u00e1quina tamb\u00e9m pode manusear uma variedade de ingredientes, tais como frutos secos, chocolate, etc., para apoiar uma linha de produtos diversificada.<\/li>\n<li>Opera\u00e7\u00e3o f\u00e1cil: O painel de controlo intuitivo e a conce\u00e7\u00e3o do processo automatizado simplificam os passos de opera\u00e7\u00e3o, reduzem a interven\u00e7\u00e3o manual e melhoram a efici\u00eancia da produ\u00e7\u00e3o.<\/li>\n<li>Limpo e higi\u00e9nico: O material em a\u00e7o inoxid\u00e1vel cumpre as normas de higiene alimentar e \u00e9 f\u00e1cil de limpar e desinfetar para garantir a higiene do processo de produ\u00e7\u00e3o.<\/li>\n<li>Op\u00e7\u00f5es de personaliza\u00e7\u00e3o: Os servi\u00e7os de personaliza\u00e7\u00e3o s\u00e3o fornecidos de acordo com as necessidades especiais dos clientes, incluindo formas ou tamanhos de corte especiais, bem como a sele\u00e7\u00e3o personalizada de cores e log\u00f3tipos da m\u00e1quina.<\/li>\n<\/ul>\n<p>&nbsp;<\/p>\n<h3><strong>Par\u00e2metros do produto:<\/strong><\/h3>\n<table style=\"border-collapse: collapse; width: 370.52pt;\" border=\"0\" width=\"494\" cellspacing=\"0\" cellpadding=\"0\">\n<tbody>\n<tr style=\"height: 24.00pt;\">\n<td class=\"et3\" style=\"height: 24.00pt; width: 222.00pt;\" width=\"296\" height=\"32\">Pot\u00eancia do motor principal<\/td>\n<td class=\"et3\" style=\"width: 148.85pt;\" width=\"198\">5,9kw<\/td>\n<\/tr>\n<tr style=\"height: 24.00pt;\">\n<td class=\"et4\" style=\"height: 24.00pt; width: 222.00pt;\" width=\"296\" height=\"32\">Capacidade<\/td>\n<td class=\"et4\" style=\"width: 148.85pt;\" width=\"198\">500kg\/h<\/td>\n<\/tr>\n<tr style=\"height: 24.00pt;\">\n<td class=\"et4\" style=\"height: 24.00pt; width: 222.00pt;\" width=\"296\" height=\"32\">Tamanho das part\u00edculas do produto<\/td>\n<td class=\"et4\" style=\"width: 148.85pt;\" width=\"198\">2mm\/4mm\/6mm<\/td>\n<\/tr>\n<tr style=\"height: 24.00pt;\">\n<td class=\"et4\" style=\"height: 24.00pt; width: 222.00pt;\" width=\"296\" height=\"32\">Dimens\u00f5es<\/td>\n<td class=\"et4\" style=\"width: 148.85pt;\" width=\"198\">960*1750*2200mm<\/td>\n<\/tr>\n<tr style=\"height: 24.00pt;\">\n<td class=\"et4\" style=\"height: 24.00pt; width: 222.00pt;\" width=\"296\" height=\"32\">Peso<\/td>\n<td class=\"et4\" style=\"width: 148.85pt;\" width=\"198\">750 kg<\/td>\n<\/tr>\n<\/tbody>\n<\/table>\n<p>&nbsp;<\/p>\n<h3><strong>Deixe o seu pedido de or\u00e7amento<\/strong><\/h3>\n<div id=\"wpcf7-f2977-p3974-o2\" class=\"wpcf7 js\" dir=\"ltr\" lang=\"en-US\">\n<div id=\"wpcf7-f2977-p3983-o2\" class=\"wpcf7 js\" dir=\"ltr\" lang=\"en-US\">\n<div id=\"wpcf7-f2977-p4370-o2\" class=\"wpcf7 js\" dir=\"ltr\" lang=\"en-US\">\n<div class=\"wpcf7 no-js\" id=\"wpcf7-f2977-o1\" lang=\"en-US\" dir=\"ltr\">\n<div class=\"screen-reader-response\"><p role=\"status\" aria-live=\"polite\" aria-atomic=\"true\"><\/p> <ul><\/ul><\/div>\n<form action=\"\/pt\/wp-json\/wp\/v2\/product\/4429#wpcf7-f2977-o1\" method=\"post\" class=\"wpcf7-form init\" aria-label=\"Formul\u00e1rio de contacto\" novalidate=\"novalidate\" data-status=\"init\" data-trp-original-action=\"\/pt\/wp-json\/wp\/v2\/product\/4429#wpcf7-f2977-o1\">\n<div style=\"display: none;\">\n<input type=\"hidden\" name=\"_wpcf7\" value=\"2977\" \/>\n<input type=\"hidden\" name=\"_wpcf7_version\" value=\"5.7.7\" \/>\n<input type=\"hidden\" name=\"_wpcf7_locale\" value=\"en_US\" \/>\n<input type=\"hidden\" name=\"_wpcf7_unit_tag\" value=\"wpcf7-f2977-o1\" \/>\n<input type=\"hidden\" name=\"_wpcf7_container_post\" value=\"0\" \/>\n<input type=\"hidden\" name=\"_wpcf7_posted_data_hash\" value=\"\" \/>\n<\/div>\n<p><label> O seu nome*<br \/>\n<span class=\"wpcf7-form-control-wrap\" data-name=\"your-name\"><input size=\"40\" class=\"wpcf7-form-control wpcf7-text wpcf7-validates-as-required\" aria-required=\"true\" aria-invalid=\"false\" value=\"\" type=\"text\" name=\"your-name\" \/><\/span> <\/label>\n<\/p>\n<p><label> O seu pa\u00eds<br \/>\n<span class=\"wpcf7-form-control-wrap\" data-name=\"your-country\"><input size=\"40\" class=\"wpcf7-form-control wpcf7-text\" aria-invalid=\"false\" value=\"\" type=\"text\" name=\"your-country\" \/><\/span><\/label>\n<\/p>\n<p><label> O seu e-mail*<br \/>\n<span class=\"wpcf7-form-control-wrap\" data-name=\"your-email\"><input size=\"40\" class=\"wpcf7-form-control wpcf7-text wpcf7-email wpcf7-validates-as-required wpcf7-validates-as-email\" aria-required=\"true\" aria-invalid=\"false\" value=\"\" type=\"email\" name=\"your-email\" \/><\/span> <\/label>\n<\/p>\n<p><label> O seu telem\u00f3vel<br \/>\n<span class=\"wpcf7-form-control-wrap\" data-name=\"your-phone\"><input size=\"40\" class=\"wpcf7-form-control wpcf7-text\" aria-invalid=\"false\" value=\"\" type=\"text\" name=\"your-phone\" \/><\/span> <\/label>\n<\/p>\n<p><label> Nome da empresa<br \/>\n<span class=\"wpcf7-form-control-wrap\" data-name=\"text-529\"><input size=\"40\" class=\"wpcf7-form-control wpcf7-text\" aria-invalid=\"false\" value=\"\" type=\"text\" name=\"text-529\" \/><\/span> <\/label>\n<\/p>\n<p><label> S\u00edtio Web da empresa<br \/>\n<span class=\"wpcf7-form-control-wrap\" data-name=\"text-106\"><input size=\"40\" class=\"wpcf7-form-control wpcf7-text\" aria-invalid=\"false\" value=\"\" type=\"text\" name=\"text-106\" \/><\/span> <\/label>\n<\/p>\n<p><label> A sua mensagem*<br \/>\n<span class=\"wpcf7-form-control-wrap\" data-name=\"your-message\"><textarea cols=\"40\" rows=\"10\" class=\"wpcf7-form-control wpcf7-textarea wpcf7-validates-as-required\" aria-required=\"true\" aria-invalid=\"false\" name=\"your-message\"><\/textarea><\/span> <\/label>\n<\/p>\n<p><input class=\"wpcf7-form-control has-spinner wpcf7-submit\" type=\"submit\" value=\"Enviar\" \/>\n<\/p><p style=\"display: none !important;\" class=\"akismet-fields-container\" data-prefix=\"_wpcf7_ak_\"><label>&#916;<textarea name=\"_wpcf7_ak_hp_textarea\" cols=\"45\" rows=\"8\" maxlength=\"100\"><\/textarea><\/label><input type=\"hidden\" id=\"ak_js_1\" name=\"_wpcf7_ak_js\" value=\"55\"\/><script>document.getElementById( \"ak_js_1\" ).setAttribute( \"value\", ( new Date() ).getTime() );<\/script><\/p><div class=\"wpcf7-response-output\" aria-hidden=\"true\"><\/div>\n<input type=\"hidden\" name=\"trp-form-language\" value=\"pt\"\/><\/form>\n<\/div>\n<\/div>\n<\/div>\n<\/div>\n<p>&nbsp;<\/p>\n<div style='text-align:left' class='yasr-auto-insert-visitor'><\/div>","protected":false},"excerpt":{"rendered":"<p>A m\u00e1quina de triturar biscoitos \u00e9 um dispositivo concebido para ambientes comerciais. Com o seu excelente desempenho e tecnologia inovadora, torna a produ\u00e7\u00e3o das ind\u00fastrias de processamento de biscoitos e panifica\u00e7\u00e3o mais eficiente e f\u00e1cil. No dom\u00ednio do processamento de alimentos, a efici\u00eancia e a qualidade s\u00e3o a chave para a competitividade das empresas. Este equipamento \u00e9 adequado para triturar diferentes tipos de ...<\/p>\n<p class=\"read-more\"> <a class=\"\" href=\"https:\/\/www.bakeryturnkey.com\/pt\/produto\/biscuit-crushing-machine\/\"> <span class=\"screen-reader-text\">M\u00e1quina industrial para triturar biscoitos com a\u00e7o inoxid\u00e1vel<\/span> Ler mais \"<\/a><\/p>","protected":false},"featured_media":4432,"comment_status":"open","ping_status":"closed","template":"","meta":{"site-sidebar-layout":"default","site-content-layout":"default","ast-main-header-display":"","ast-hfb-above-header-display":"","ast-hfb-below-header-display":"","ast-hfb-mobile-header-display":"","site-post-title":"","ast-breadcrumbs-content":"","ast-featured-img":"","footer-sml-layout":"","theme-transparent-header-meta":"default","adv-header-id-meta":"","stick-header-meta":"","header-above-stick-meta":"","header-main-stick-meta":"","header-below-stick-meta":"","yasr_overall_rating":0,"yasr_post_is_review":"","yasr_auto_insert_disabled":"","yasr_review_type":""},"product_cat":[15],"product_tag":[],"class_list":["post-4429","product","type-product","status-publish","has-post-thumbnail","hentry","product_cat-biscuit-machinery"],"yoast_head":"<!-- This site is optimized with the Yoast SEO plugin v27.5 - https:\/\/yoast.com\/product\/yoast-seo-wordpress\/ -->\n<title>Industrial Biscuit Crushing Machine with Stainless Steel<\/title>\n<meta name=\"description\" content=\"Biscuit crushing machine is designed for industrial use. Not only it has a large capacity, but it also crush biscuits in precise sizes.\" \/>\n<meta name=\"robots\" content=\"index, follow, max-snippet:-1, max-image-preview:large, max-video-preview:-1\" \/>\n<link rel=\"canonical\" href=\"https:\/\/www.bakeryturnkey.com\/pt\/produto\/biscuit-crushing-machine\/\" \/>\n<meta property=\"og:locale\" content=\"pt_PT\" \/>\n<meta property=\"og:type\" content=\"article\" \/>\n<meta property=\"og:title\" content=\"Industrial Biscuit Crushing Machine with Stainless Steel\" \/>\n<meta property=\"og:description\" content=\"Biscuit crushing machine is designed for industrial use. Not only it has a large capacity, but it also crush biscuits in precise sizes.\" \/>\n<meta property=\"og:url\" content=\"https:\/\/www.bakeryturnkey.com\/pt\/produto\/biscuit-crushing-machine\/\" \/>\n<meta property=\"og:site_name\" content=\"Bakery Food Processing Equipment Manufacturer\" \/>\n<meta property=\"article:modified_time\" content=\"2024-06-12T07:41:25+00:00\" \/>\n<meta property=\"og:image\" content=\"https:\/\/www.bakeryturnkey.com\/wp-content\/uploads\/2024\/06\/65.jpg\" \/>\n\t<meta property=\"og:image:width\" content=\"800\" \/>\n\t<meta property=\"og:image:height\" content=\"800\" \/>\n\t<meta property=\"og:image:type\" content=\"image\/jpeg\" \/>\n<meta name=\"twitter:card\" content=\"summary_large_image\" \/>\n<meta name=\"twitter:label1\" content=\"Tempo estimado de leitura\" \/>\n\t<meta name=\"twitter:data1\" content=\"3 minutos\" \/>\n<script type=\"application\/ld+json\" class=\"yoast-schema-graph\">{\"@context\":\"https:\\\/\\\/schema.org\",\"@graph\":[{\"@type\":\"WebPage\",\"@id\":\"https:\\\/\\\/www.bakeryturnkey.com\\\/product\\\/biscuit-crushing-machine\\\/\",\"url\":\"https:\\\/\\\/www.bakeryturnkey.com\\\/product\\\/biscuit-crushing-machine\\\/\",\"name\":\"Industrial Biscuit Crushing Machine with Stainless Steel\",\"isPartOf\":{\"@id\":\"https:\\\/\\\/www.bakeryturnkey.com\\\/#website\"},\"primaryImageOfPage\":{\"@id\":\"https:\\\/\\\/www.bakeryturnkey.com\\\/product\\\/biscuit-crushing-machine\\\/#primaryimage\"},\"image\":{\"@id\":\"https:\\\/\\\/www.bakeryturnkey.com\\\/product\\\/biscuit-crushing-machine\\\/#primaryimage\"},\"thumbnailUrl\":\"https:\\\/\\\/www.bakeryturnkey.com\\\/wp-content\\\/uploads\\\/2024\\\/06\\\/65.jpg\",\"datePublished\":\"2024-06-12T07:18:16+00:00\",\"dateModified\":\"2024-06-12T07:41:25+00:00\",\"description\":\"Biscuit crushing machine is designed for industrial use. Not only it has a large capacity, but it also crush biscuits in precise sizes.\",\"breadcrumb\":{\"@id\":\"https:\\\/\\\/www.bakeryturnkey.com\\\/product\\\/biscuit-crushing-machine\\\/#breadcrumb\"},\"inLanguage\":\"pt-PT\",\"potentialAction\":[{\"@type\":\"ReadAction\",\"target\":[\"https:\\\/\\\/www.bakeryturnkey.com\\\/product\\\/biscuit-crushing-machine\\\/\"]}]},{\"@type\":\"ImageObject\",\"inLanguage\":\"pt-PT\",\"@id\":\"https:\\\/\\\/www.bakeryturnkey.com\\\/product\\\/biscuit-crushing-machine\\\/#primaryimage\",\"url\":\"https:\\\/\\\/www.bakeryturnkey.com\\\/wp-content\\\/uploads\\\/2024\\\/06\\\/65.jpg\",\"contentUrl\":\"https:\\\/\\\/www.bakeryturnkey.com\\\/wp-content\\\/uploads\\\/2024\\\/06\\\/65.jpg\",\"width\":800,\"height\":800,\"caption\":\"Biscuit Crushing Machine For Sale\"},{\"@type\":\"BreadcrumbList\",\"@id\":\"https:\\\/\\\/www.bakeryturnkey.com\\\/product\\\/biscuit-crushing-machine\\\/#breadcrumb\",\"itemListElement\":[{\"@type\":\"ListItem\",\"position\":1,\"name\":\"Home\",\"item\":\"https:\\\/\\\/www.bakeryturnkey.com\\\/\"},{\"@type\":\"ListItem\",\"position\":2,\"name\":\"Products\",\"item\":\"https:\\\/\\\/www.bakeryturnkey.com\\\/products\\\/\"},{\"@type\":\"ListItem\",\"position\":3,\"name\":\"Industrial Biscuit Crushing Machine with Stainless Steel\"}]},{\"@type\":\"WebSite\",\"@id\":\"https:\\\/\\\/www.bakeryturnkey.com\\\/#website\",\"url\":\"https:\\\/\\\/www.bakeryturnkey.com\\\/\",\"name\":\"Bakery Food Processing Equipment Manufacturer\",\"description\":\"Bakery Food Solutions Provider\",\"publisher\":{\"@id\":\"https:\\\/\\\/www.bakeryturnkey.com\\\/#organization\"},\"potentialAction\":[{\"@type\":\"SearchAction\",\"target\":{\"@type\":\"EntryPoint\",\"urlTemplate\":\"https:\\\/\\\/www.bakeryturnkey.com\\\/?s={search_term_string}\"},\"query-input\":{\"@type\":\"PropertyValueSpecification\",\"valueRequired\":true,\"valueName\":\"search_term_string\"}}],\"inLanguage\":\"pt-PT\"},{\"@type\":\"Organization\",\"@id\":\"https:\\\/\\\/www.bakeryturnkey.com\\\/#organization\",\"name\":\"Bakery Food Processing Equipment Manufacturer\",\"url\":\"https:\\\/\\\/www.bakeryturnkey.com\\\/\",\"logo\":{\"@type\":\"ImageObject\",\"inLanguage\":\"pt-PT\",\"@id\":\"https:\\\/\\\/www.bakeryturnkey.com\\\/#\\\/schema\\\/logo\\\/image\\\/\",\"url\":\"https:\\\/\\\/www.bakeryturnkey.com\\\/wp-content\\\/uploads\\\/2022\\\/03\\\/cropped-13-1.png\",\"contentUrl\":\"https:\\\/\\\/www.bakeryturnkey.com\\\/wp-content\\\/uploads\\\/2022\\\/03\\\/cropped-13-1.png\",\"width\":512,\"height\":429,\"caption\":\"Bakery Food Processing Equipment Manufacturer\"},\"image\":{\"@id\":\"https:\\\/\\\/www.bakeryturnkey.com\\\/#\\\/schema\\\/logo\\\/image\\\/\"}},false]}<\/script>\n<!-- \/ Yoast SEO plugin. -->","yoast_head_json":{"title":"Industrial Biscuit Crushing Machine with Stainless Steel","description":"Biscuit crushing machine is designed for industrial use. Not only it has a large capacity, but it also crush biscuits in precise sizes.","robots":{"index":"index","follow":"follow","max-snippet":"max-snippet:-1","max-image-preview":"max-image-preview:large","max-video-preview":"max-video-preview:-1"},"canonical":"https:\/\/www.bakeryturnkey.com\/pt\/produto\/biscuit-crushing-machine\/","og_locale":"pt_PT","og_type":"article","og_title":"Industrial Biscuit Crushing Machine with Stainless Steel","og_description":"Biscuit crushing machine is designed for industrial use. Not only it has a large capacity, but it also crush biscuits in precise sizes.","og_url":"https:\/\/www.bakeryturnkey.com\/pt\/produto\/biscuit-crushing-machine\/","og_site_name":"Bakery Food Processing Equipment Manufacturer","article_modified_time":"2024-06-12T07:41:25+00:00","og_image":[{"width":800,"height":800,"url":"https:\/\/www.bakeryturnkey.com\/wp-content\/uploads\/2024\/06\/65.jpg","type":"image\/jpeg"}],"twitter_card":"summary_large_image","twitter_misc":{"Tempo estimado de leitura":"3 minutos"},"schema":{"@context":"https:\/\/schema.org","@graph":[{"@type":"WebPage","@id":"https:\/\/www.bakeryturnkey.com\/product\/biscuit-crushing-machine\/","url":"https:\/\/www.bakeryturnkey.com\/product\/biscuit-crushing-machine\/","name":"Industrial Biscuit Crushing Machine with Stainless Steel","isPartOf":{"@id":"https:\/\/www.bakeryturnkey.com\/#website"},"primaryImageOfPage":{"@id":"https:\/\/www.bakeryturnkey.com\/product\/biscuit-crushing-machine\/#primaryimage"},"image":{"@id":"https:\/\/www.bakeryturnkey.com\/product\/biscuit-crushing-machine\/#primaryimage"},"thumbnailUrl":"https:\/\/www.bakeryturnkey.com\/wp-content\/uploads\/2024\/06\/65.jpg","datePublished":"2024-06-12T07:18:16+00:00","dateModified":"2024-06-12T07:41:25+00:00","description":"Biscuit crushing machine is designed for industrial use. Not only it has a large capacity, but it also crush biscuits in precise sizes.","breadcrumb":{"@id":"https:\/\/www.bakeryturnkey.com\/product\/biscuit-crushing-machine\/#breadcrumb"},"inLanguage":"pt-PT","potentialAction":[{"@type":"ReadAction","target":["https:\/\/www.bakeryturnkey.com\/product\/biscuit-crushing-machine\/"]}]},{"@type":"ImageObject","inLanguage":"pt-PT","@id":"https:\/\/www.bakeryturnkey.com\/product\/biscuit-crushing-machine\/#primaryimage","url":"https:\/\/www.bakeryturnkey.com\/wp-content\/uploads\/2024\/06\/65.jpg","contentUrl":"https:\/\/www.bakeryturnkey.com\/wp-content\/uploads\/2024\/06\/65.jpg","width":800,"height":800,"caption":"Biscuit Crushing Machine For Sale"},{"@type":"BreadcrumbList","@id":"https:\/\/www.bakeryturnkey.com\/product\/biscuit-crushing-machine\/#breadcrumb","itemListElement":[{"@type":"ListItem","position":1,"name":"Home","item":"https:\/\/www.bakeryturnkey.com\/"},{"@type":"ListItem","position":2,"name":"Products","item":"https:\/\/www.bakeryturnkey.com\/products\/"},{"@type":"ListItem","position":3,"name":"Industrial Biscuit Crushing Machine with Stainless Steel"}]},{"@type":"WebSite","@id":"https:\/\/www.bakeryturnkey.com\/#website","url":"https:\/\/www.bakeryturnkey.com\/","name":"Bakery Food Processing Equipment Manufacturer","description":"Bakery Food Solutions Provider","publisher":{"@id":"https:\/\/www.bakeryturnkey.com\/#organization"},"potentialAction":[{"@type":"SearchAction","target":{"@type":"EntryPoint","urlTemplate":"https:\/\/www.bakeryturnkey.com\/?s={search_term_string}"},"query-input":{"@type":"PropertyValueSpecification","valueRequired":true,"valueName":"search_term_string"}}],"inLanguage":"pt-PT"},{"@type":"Organization","@id":"https:\/\/www.bakeryturnkey.com\/#organization","name":"Bakery Food Processing Equipment Manufacturer","url":"https:\/\/www.bakeryturnkey.com\/","logo":{"@type":"ImageObject","inLanguage":"pt-PT","@id":"https:\/\/www.bakeryturnkey.com\/#\/schema\/logo\/image\/","url":"https:\/\/www.bakeryturnkey.com\/wp-content\/uploads\/2022\/03\/cropped-13-1.png","contentUrl":"https:\/\/www.bakeryturnkey.com\/wp-content\/uploads\/2022\/03\/cropped-13-1.png","width":512,"height":429,"caption":"Bakery Food Processing Equipment Manufacturer"},"image":{"@id":"https:\/\/www.bakeryturnkey.com\/#\/schema\/logo\/image\/"}},false]}},"yasr_visitor_votes":{"stars_attributes":{"read_only":false,"span_bottom":false},"number_of_votes":0,"sum_votes":0},"_links":{"self":[{"href":"https:\/\/www.bakeryturnkey.com\/pt\/wp-json\/wp\/v2\/product\/4429","targetHints":{"allow":["GET"]}}],"collection":[{"href":"https:\/\/www.bakeryturnkey.com\/pt\/wp-json\/wp\/v2\/product"}],"about":[{"href":"https:\/\/www.bakeryturnkey.com\/pt\/wp-json\/wp\/v2\/types\/product"}],"replies":[{"embeddable":true,"href":"https:\/\/www.bakeryturnkey.com\/pt\/wp-json\/wp\/v2\/comments?post=4429"}],"wp:featuredmedia":[{"embeddable":true,"href":"https:\/\/www.bakeryturnkey.com\/pt\/wp-json\/wp\/v2\/media\/4432"}],"wp:attachment":[{"href":"https:\/\/www.bakeryturnkey.com\/pt\/wp-json\/wp\/v2\/media?parent=4429"}],"wp:term":[{"taxonomy":"product_cat","embeddable":true,"href":"https:\/\/www.bakeryturnkey.com\/pt\/wp-json\/wp\/v2\/product_cat?post=4429"},{"taxonomy":"product_tag","embeddable":true,"href":"https:\/\/www.bakeryturnkey.com\/pt\/wp-json\/wp\/v2\/product_tag?post=4429"}],"curies":[{"name":"wp","href":"https:\/\/api.w.org\/{rel}","templated":true}]}}