{"id":4420,"date":"2024-06-07T19:35:36","date_gmt":"2024-06-07T11:35:36","guid":{"rendered":"https:\/\/www.bakeryturnkey.com\/?post_type=product&#038;p=4420"},"modified":"2024-06-07T19:56:07","modified_gmt":"2024-06-07T11:56:07","slug":"pound-cake-production-line","status":"publish","type":"product","link":"https:\/\/www.bakeryturnkey.com\/pt\/produto\/pound-cake-production-line\/","title":{"rendered":"Linha de produ\u00e7\u00e3o automatizada de bolo de libra para f\u00e1brica de panifica\u00e7\u00e3o"},"content":{"rendered":"<p>A linha de produ\u00e7\u00e3o automatizada de bolo ingl\u00eas \u00e9 a solu\u00e7\u00e3o ideal para as f\u00e1bricas de panifica\u00e7\u00e3o melhorarem a produ\u00e7\u00e3o, a qualidade e a efici\u00eancia. A linha utiliza a tecnologia mais avan\u00e7ada para automatizar todo o processo de produ\u00e7\u00e3o, desde a dosagem e mistura de mat\u00e9rias-primas at\u00e9 \u00e0 embalagem do produto final.<\/p>\n<p>&nbsp;<\/p>\n<h2>Fun\u00e7\u00e3o principal<\/h2>\n<ol>\n<li>Dosagem e mistura precisas dos ingredientes: O nosso sistema de dosagem inteligente assegura sempre o equil\u00edbrio perfeito dos ingredientes, garantindo um sabor e uma textura inabal\u00e1veis. A batedeira de alto desempenho mistura cuidadosamente os ingredientes, resultando numa massa suave e sem grumos.<\/li>\n<li>Distribui\u00e7\u00e3o uniforme da massa e cozedura: O distribuidor de massa distribui a massa com precis\u00e3o nas formas para bolos, garantindo tamanhos e pesos consistentes. O nosso forno inteligente utiliza uma tecnologia avan\u00e7ada de controlo da temperatura, cozendo os bolos uniformemente para obter a textura perfeita e a cor dourada.<\/li>\n<li>Arrefecimento e desmoldagem eficientes: O arrefecimento automatizado reduz rapidamente as temperaturas dos bolos, facilitando a desmoldagem sem esfor\u00e7o. O mecanismo de desmoldagem suave remove os bolos sem comprometer a sua integridade.<\/li>\n<li>Embalagem optimizada para prontid\u00e3o de mercado: A m\u00e1quina de embalar embala perfeitamente os bolos nos tamanhos e estilos desejados, aplicando automaticamente etiquetas e datas para uma identifica\u00e7\u00e3o r\u00e1pida e f\u00e1cil.<\/li>\n<\/ol>\n<p>&nbsp;<\/p>\n<h2><strong>V\u00eddeo da linha de produ\u00e7\u00e3o de bolo de libra<\/strong><\/h2>\n<div class=\"ast-oembed-container\"><iframe loading=\"lazy\" title=\"M\u00e1quina de bolo totalmente autom\u00e1tica|Linha de produ\u00e7\u00e3o de cupcake\" width=\"500\" height=\"281\" src=\"https:\/\/www.youtube.com\/embed\/sZG_rxUY7qE?feature=oembed\" frameborder=\"0\" allow=\"accelerometer; autoplay; clipboard-write; encrypted-media; gyroscope; picture-in-picture; web-share\" referrerpolicy=\"strict-origin-when-cross-origin\" allowfullscreen><\/iframe><\/div>\n<h2><strong>Benef\u00edcios da linha de processamento de bolo de libra<\/strong><\/h2>\n<ul>\n<li>Capacidade de produ\u00e7\u00e3o duplicada: A nossa linha automatizada revoluciona a sua produ\u00e7\u00e3o, permitindo-lhe produzir milhares de bolos diariamente para satisfazer a procura crescente.<\/li>\n<li>Qualidade inabal\u00e1vel: Os processos de produ\u00e7\u00e3o padronizados da linha de processamento de bolos de libra asseguram uma qualidade consistente dos bolos, eliminando o erro humano e garantindo a satisfa\u00e7\u00e3o do cliente.<\/li>\n<li>Custos optimizados: Um fabrico eficiente reduz as despesas de m\u00e3o de obra e minimiza o desperd\u00edcio de ingredientes, aumentando as suas margens de lucro.<\/li>\n<li>Seguran\u00e7a refor\u00e7ada: As opera\u00e7\u00f5es automatizadas minimizam a exposi\u00e7\u00e3o dos trabalhadores a m\u00e1quinas perigosas, promovendo um ambiente de trabalho mais seguro.<\/li>\n<\/ul>\n<p><img loading=\"lazy\" decoding=\"async\" class=\"alignnone size-full wp-image-4423\" src=\"https:\/\/www.bakeryturnkey.com\/wp-content\/uploads\/2024\/06\/3.jpg\" alt=\"Linha para fazer bolos de libra\" width=\"650\" height=\"430\" srcset=\"https:\/\/www.bakeryturnkey.com\/wp-content\/uploads\/2024\/06\/3.jpg 650w, https:\/\/www.bakeryturnkey.com\/wp-content\/uploads\/2024\/06\/3-600x397.jpg 600w, https:\/\/www.bakeryturnkey.com\/wp-content\/uploads\/2024\/06\/3-300x198.jpg 300w\" sizes=\"auto, (max-width: 650px) 100vw, 650px\" \/><\/p>\n<h2><strong>\u00c2mbito de aplica\u00e7\u00e3o da linha de produ\u00e7\u00e3o<\/strong><\/h2>\n<p>A linha de produ\u00e7\u00e3o automatizada de bolos de libra n\u00e3o \u00e9 apenas adequada para f\u00e1bricas de panifica\u00e7\u00e3o de todas as dimens\u00f5es e pode produzir bolos de libra de v\u00e1rios tamanhos e formas, mas tamb\u00e9m tem um \u00e2mbito de aplica\u00e7\u00e3o mais alargado.<\/p>\n<p>Pode ser utilizada para produzir v\u00e1rios tipos de bolos, tais como bolos de banana, bolos de cenoura, bolos de chocolate, etc., e satisfazer as necessidades personalizadas de diferentes clientes, tais como ajustar o tamanho do bolo, adicionar ingredientes, embalagens personalizadas, etc. Al\u00e9m disso, a linha de produ\u00e7\u00e3o tamb\u00e9m \u00e9 adequada para a produ\u00e7\u00e3o de pequenos lotes, cozinhas centrais e f\u00e1bricas de processamento de alimentos, proporcionando \u00e0s empresas solu\u00e7\u00f5es de produ\u00e7\u00e3o flex\u00edveis.<\/p>\n<div style='text-align:left' class='yasr-auto-insert-visitor'><\/div>","protected":false},"excerpt":{"rendered":"<p>A linha de produ\u00e7\u00e3o automatizada de bolo ingl\u00eas \u00e9 uma solu\u00e7\u00e3o ideal para as f\u00e1bricas de panifica\u00e7\u00e3o melhorarem a produ\u00e7\u00e3o, a qualidade e a efici\u00eancia. A linha utiliza a tecnologia mais avan\u00e7ada para automatizar todo o processo de produ\u00e7\u00e3o, desde a dosagem e mistura de mat\u00e9rias-primas at\u00e9 \u00e0 embalagem do produto final.   Fun\u00e7\u00e3o principal Dosagem e mistura precisas de ingredientes: O nosso doseador inteligente ...<\/p>\n<p class=\"read-more\"> <a class=\"\" href=\"https:\/\/www.bakeryturnkey.com\/pt\/produto\/pound-cake-production-line\/\"> <span class=\"screen-reader-text\">Linha de produ\u00e7\u00e3o automatizada de bolo de libra para f\u00e1brica de panifica\u00e7\u00e3o<\/span> Ler mais \"<\/a><\/p>","protected":false},"featured_media":4421,"comment_status":"open","ping_status":"closed","template":"","meta":{"site-sidebar-layout":"default","site-content-layout":"default","ast-main-header-display":"","ast-hfb-above-header-display":"","ast-hfb-below-header-display":"","ast-hfb-mobile-header-display":"","site-post-title":"","ast-breadcrumbs-content":"","ast-featured-img":"","footer-sml-layout":"","theme-transparent-header-meta":"default","adv-header-id-meta":"","stick-header-meta":"","header-above-stick-meta":"","header-main-stick-meta":"","header-below-stick-meta":"","yasr_overall_rating":0,"yasr_post_is_review":"","yasr_auto_insert_disabled":"","yasr_review_type":""},"product_cat":[26],"product_tag":[],"class_list":["post-4420","product","type-product","status-publish","has-post-thumbnail","hentry","product_cat-cake-machinery"],"yoast_head":"<!-- This site is optimized with the Yoast SEO plugin v27.3 - https:\/\/yoast.com\/product\/yoast-seo-wordpress\/ -->\n<title>Automated Pound Cake Production Line for Baking Factory<\/title>\n<meta name=\"description\" content=\"Automated pound cake production line is an ideal solution for baking factories to improve production, quality and efficiency.\" \/>\n<meta name=\"robots\" content=\"index, follow, max-snippet:-1, max-image-preview:large, max-video-preview:-1\" \/>\n<link rel=\"canonical\" href=\"https:\/\/www.bakeryturnkey.com\/pt\/produto\/pound-cake-production-line\/\" \/>\n<meta property=\"og:locale\" content=\"pt_PT\" \/>\n<meta property=\"og:type\" content=\"article\" \/>\n<meta property=\"og:title\" content=\"Automated Pound Cake Production Line for Baking Factory\" \/>\n<meta property=\"og:description\" content=\"Automated pound cake production line is an ideal solution for baking factories to improve production, quality and efficiency.\" \/>\n<meta property=\"og:url\" content=\"https:\/\/www.bakeryturnkey.com\/pt\/produto\/pound-cake-production-line\/\" \/>\n<meta property=\"og:site_name\" content=\"Bakery Food Processing Equipment Manufacturer\" \/>\n<meta property=\"article:modified_time\" content=\"2024-06-07T11:56:07+00:00\" \/>\n<meta property=\"og:image\" content=\"https:\/\/www.bakeryturnkey.com\/wp-content\/uploads\/2024\/06\/5-2.jpg\" \/>\n\t<meta property=\"og:image:width\" content=\"800\" \/>\n\t<meta property=\"og:image:height\" content=\"800\" \/>\n\t<meta property=\"og:image:type\" content=\"image\/jpeg\" \/>\n<meta name=\"twitter:card\" content=\"summary_large_image\" \/>\n<meta name=\"twitter:label1\" content=\"Tempo estimado de leitura\" \/>\n\t<meta name=\"twitter:data1\" content=\"2 minutos\" \/>\n<script type=\"application\/ld+json\" class=\"yoast-schema-graph\">{\"@context\":\"https:\\\/\\\/schema.org\",\"@graph\":[{\"@type\":\"WebPage\",\"@id\":\"https:\\\/\\\/www.bakeryturnkey.com\\\/product\\\/pound-cake-production-line\\\/\",\"url\":\"https:\\\/\\\/www.bakeryturnkey.com\\\/product\\\/pound-cake-production-line\\\/\",\"name\":\"Automated Pound Cake Production Line for Baking Factory\",\"isPartOf\":{\"@id\":\"https:\\\/\\\/www.bakeryturnkey.com\\\/#website\"},\"primaryImageOfPage\":{\"@id\":\"https:\\\/\\\/www.bakeryturnkey.com\\\/product\\\/pound-cake-production-line\\\/#primaryimage\"},\"image\":{\"@id\":\"https:\\\/\\\/www.bakeryturnkey.com\\\/product\\\/pound-cake-production-line\\\/#primaryimage\"},\"thumbnailUrl\":\"https:\\\/\\\/www.bakeryturnkey.com\\\/wp-content\\\/uploads\\\/2024\\\/06\\\/5-2.jpg\",\"datePublished\":\"2024-06-07T11:35:36+00:00\",\"dateModified\":\"2024-06-07T11:56:07+00:00\",\"description\":\"Automated pound cake production line is an ideal solution for baking factories to improve production, quality and efficiency.\",\"breadcrumb\":{\"@id\":\"https:\\\/\\\/www.bakeryturnkey.com\\\/product\\\/pound-cake-production-line\\\/#breadcrumb\"},\"inLanguage\":\"pt-PT\",\"potentialAction\":[{\"@type\":\"ReadAction\",\"target\":[\"https:\\\/\\\/www.bakeryturnkey.com\\\/product\\\/pound-cake-production-line\\\/\"]}]},{\"@type\":\"ImageObject\",\"inLanguage\":\"pt-PT\",\"@id\":\"https:\\\/\\\/www.bakeryturnkey.com\\\/product\\\/pound-cake-production-line\\\/#primaryimage\",\"url\":\"https:\\\/\\\/www.bakeryturnkey.com\\\/wp-content\\\/uploads\\\/2024\\\/06\\\/5-2.jpg\",\"contentUrl\":\"https:\\\/\\\/www.bakeryturnkey.com\\\/wp-content\\\/uploads\\\/2024\\\/06\\\/5-2.jpg\",\"width\":800,\"height\":800,\"caption\":\"Pound Cake Production Line Manufacturer\"},{\"@type\":\"BreadcrumbList\",\"@id\":\"https:\\\/\\\/www.bakeryturnkey.com\\\/product\\\/pound-cake-production-line\\\/#breadcrumb\",\"itemListElement\":[{\"@type\":\"ListItem\",\"position\":1,\"name\":\"Home\",\"item\":\"https:\\\/\\\/www.bakeryturnkey.com\\\/\"},{\"@type\":\"ListItem\",\"position\":2,\"name\":\"Products\",\"item\":\"https:\\\/\\\/www.bakeryturnkey.com\\\/products\\\/\"},{\"@type\":\"ListItem\",\"position\":3,\"name\":\"Automated Pound Cake Production Line for Baking Factory\"}]},{\"@type\":\"WebSite\",\"@id\":\"https:\\\/\\\/www.bakeryturnkey.com\\\/#website\",\"url\":\"https:\\\/\\\/www.bakeryturnkey.com\\\/\",\"name\":\"Bakery Food Processing Equipment Manufacturer\",\"description\":\"Bakery Food Solutions Provider\",\"publisher\":{\"@id\":\"https:\\\/\\\/www.bakeryturnkey.com\\\/#organization\"},\"potentialAction\":[{\"@type\":\"SearchAction\",\"target\":{\"@type\":\"EntryPoint\",\"urlTemplate\":\"https:\\\/\\\/www.bakeryturnkey.com\\\/?s={search_term_string}\"},\"query-input\":{\"@type\":\"PropertyValueSpecification\",\"valueRequired\":true,\"valueName\":\"search_term_string\"}}],\"inLanguage\":\"pt-PT\"},{\"@type\":\"Organization\",\"@id\":\"https:\\\/\\\/www.bakeryturnkey.com\\\/#organization\",\"name\":\"Bakery Food Processing Equipment Manufacturer\",\"url\":\"https:\\\/\\\/www.bakeryturnkey.com\\\/\",\"logo\":{\"@type\":\"ImageObject\",\"inLanguage\":\"pt-PT\",\"@id\":\"https:\\\/\\\/www.bakeryturnkey.com\\\/#\\\/schema\\\/logo\\\/image\\\/\",\"url\":\"https:\\\/\\\/www.bakeryturnkey.com\\\/wp-content\\\/uploads\\\/2022\\\/03\\\/cropped-13-1.png\",\"contentUrl\":\"https:\\\/\\\/www.bakeryturnkey.com\\\/wp-content\\\/uploads\\\/2022\\\/03\\\/cropped-13-1.png\",\"width\":512,\"height\":429,\"caption\":\"Bakery Food Processing Equipment Manufacturer\"},\"image\":{\"@id\":\"https:\\\/\\\/www.bakeryturnkey.com\\\/#\\\/schema\\\/logo\\\/image\\\/\"}},false]}<\/script>\n<!-- \/ Yoast SEO plugin. -->","yoast_head_json":{"title":"Automated Pound Cake Production Line for Baking Factory","description":"Automated pound cake production line is an ideal solution for baking factories to improve production, quality and efficiency.","robots":{"index":"index","follow":"follow","max-snippet":"max-snippet:-1","max-image-preview":"max-image-preview:large","max-video-preview":"max-video-preview:-1"},"canonical":"https:\/\/www.bakeryturnkey.com\/pt\/produto\/pound-cake-production-line\/","og_locale":"pt_PT","og_type":"article","og_title":"Automated Pound Cake Production Line for Baking Factory","og_description":"Automated pound cake production line is an ideal solution for baking factories to improve production, quality and efficiency.","og_url":"https:\/\/www.bakeryturnkey.com\/pt\/produto\/pound-cake-production-line\/","og_site_name":"Bakery Food Processing Equipment Manufacturer","article_modified_time":"2024-06-07T11:56:07+00:00","og_image":[{"width":800,"height":800,"url":"https:\/\/www.bakeryturnkey.com\/wp-content\/uploads\/2024\/06\/5-2.jpg","type":"image\/jpeg"}],"twitter_card":"summary_large_image","twitter_misc":{"Tempo estimado de leitura":"2 minutos"},"schema":{"@context":"https:\/\/schema.org","@graph":[{"@type":"WebPage","@id":"https:\/\/www.bakeryturnkey.com\/product\/pound-cake-production-line\/","url":"https:\/\/www.bakeryturnkey.com\/product\/pound-cake-production-line\/","name":"Automated Pound Cake Production Line for Baking Factory","isPartOf":{"@id":"https:\/\/www.bakeryturnkey.com\/#website"},"primaryImageOfPage":{"@id":"https:\/\/www.bakeryturnkey.com\/product\/pound-cake-production-line\/#primaryimage"},"image":{"@id":"https:\/\/www.bakeryturnkey.com\/product\/pound-cake-production-line\/#primaryimage"},"thumbnailUrl":"https:\/\/www.bakeryturnkey.com\/wp-content\/uploads\/2024\/06\/5-2.jpg","datePublished":"2024-06-07T11:35:36+00:00","dateModified":"2024-06-07T11:56:07+00:00","description":"Automated pound cake production line is an ideal solution for baking factories to improve production, quality and efficiency.","breadcrumb":{"@id":"https:\/\/www.bakeryturnkey.com\/product\/pound-cake-production-line\/#breadcrumb"},"inLanguage":"pt-PT","potentialAction":[{"@type":"ReadAction","target":["https:\/\/www.bakeryturnkey.com\/product\/pound-cake-production-line\/"]}]},{"@type":"ImageObject","inLanguage":"pt-PT","@id":"https:\/\/www.bakeryturnkey.com\/product\/pound-cake-production-line\/#primaryimage","url":"https:\/\/www.bakeryturnkey.com\/wp-content\/uploads\/2024\/06\/5-2.jpg","contentUrl":"https:\/\/www.bakeryturnkey.com\/wp-content\/uploads\/2024\/06\/5-2.jpg","width":800,"height":800,"caption":"Pound Cake Production Line Manufacturer"},{"@type":"BreadcrumbList","@id":"https:\/\/www.bakeryturnkey.com\/product\/pound-cake-production-line\/#breadcrumb","itemListElement":[{"@type":"ListItem","position":1,"name":"Home","item":"https:\/\/www.bakeryturnkey.com\/"},{"@type":"ListItem","position":2,"name":"Products","item":"https:\/\/www.bakeryturnkey.com\/products\/"},{"@type":"ListItem","position":3,"name":"Automated Pound Cake Production Line for Baking Factory"}]},{"@type":"WebSite","@id":"https:\/\/www.bakeryturnkey.com\/#website","url":"https:\/\/www.bakeryturnkey.com\/","name":"Bakery Food Processing Equipment Manufacturer","description":"Bakery Food Solutions Provider","publisher":{"@id":"https:\/\/www.bakeryturnkey.com\/#organization"},"potentialAction":[{"@type":"SearchAction","target":{"@type":"EntryPoint","urlTemplate":"https:\/\/www.bakeryturnkey.com\/?s={search_term_string}"},"query-input":{"@type":"PropertyValueSpecification","valueRequired":true,"valueName":"search_term_string"}}],"inLanguage":"pt-PT"},{"@type":"Organization","@id":"https:\/\/www.bakeryturnkey.com\/#organization","name":"Bakery Food Processing Equipment Manufacturer","url":"https:\/\/www.bakeryturnkey.com\/","logo":{"@type":"ImageObject","inLanguage":"pt-PT","@id":"https:\/\/www.bakeryturnkey.com\/#\/schema\/logo\/image\/","url":"https:\/\/www.bakeryturnkey.com\/wp-content\/uploads\/2022\/03\/cropped-13-1.png","contentUrl":"https:\/\/www.bakeryturnkey.com\/wp-content\/uploads\/2022\/03\/cropped-13-1.png","width":512,"height":429,"caption":"Bakery Food Processing Equipment Manufacturer"},"image":{"@id":"https:\/\/www.bakeryturnkey.com\/#\/schema\/logo\/image\/"}},false]}},"yasr_visitor_votes":{"stars_attributes":{"read_only":false,"span_bottom":false},"number_of_votes":0,"sum_votes":0},"_links":{"self":[{"href":"https:\/\/www.bakeryturnkey.com\/pt\/wp-json\/wp\/v2\/product\/4420","targetHints":{"allow":["GET"]}}],"collection":[{"href":"https:\/\/www.bakeryturnkey.com\/pt\/wp-json\/wp\/v2\/product"}],"about":[{"href":"https:\/\/www.bakeryturnkey.com\/pt\/wp-json\/wp\/v2\/types\/product"}],"replies":[{"embeddable":true,"href":"https:\/\/www.bakeryturnkey.com\/pt\/wp-json\/wp\/v2\/comments?post=4420"}],"wp:featuredmedia":[{"embeddable":true,"href":"https:\/\/www.bakeryturnkey.com\/pt\/wp-json\/wp\/v2\/media\/4421"}],"wp:attachment":[{"href":"https:\/\/www.bakeryturnkey.com\/pt\/wp-json\/wp\/v2\/media?parent=4420"}],"wp:term":[{"taxonomy":"product_cat","embeddable":true,"href":"https:\/\/www.bakeryturnkey.com\/pt\/wp-json\/wp\/v2\/product_cat?post=4420"},{"taxonomy":"product_tag","embeddable":true,"href":"https:\/\/www.bakeryturnkey.com\/pt\/wp-json\/wp\/v2\/product_tag?post=4420"}],"curies":[{"name":"wp","href":"https:\/\/api.w.org\/{rel}","templated":true}]}}