{"id":4415,"date":"2024-06-06T11:02:46","date_gmt":"2024-06-06T03:02:46","guid":{"rendered":"https:\/\/www.bakeryturnkey.com\/?post_type=product&#038;p=4415"},"modified":"2024-06-06T11:12:21","modified_gmt":"2024-06-06T03:12:21","slug":"automatic-layer-cake-production-line","status":"publish","type":"product","link":"https:\/\/www.bakeryturnkey.com\/pt\/produto\/automatic-layer-cake-production-line\/","title":{"rendered":"Fornecedor de linha de produ\u00e7\u00e3o de bolo de camada totalmente autom\u00e1tica"},"content":{"rendered":"<p>A linha de produ\u00e7\u00e3o autom\u00e1tica de bolo em camadas \u00e9 um produto da nossa empresa, que \u00e9 muito dur\u00e1vel e seguro para a produ\u00e7\u00e3o. Foi concebida principalmente para melhorar a efici\u00eancia da produ\u00e7\u00e3o e a qualidade do bolo em camadas nas f\u00e1bricas.<\/p>\n<p>A linha de produ\u00e7\u00e3o inclui processos autom\u00e1ticos de mistura, moldagem autom\u00e1tica, cozedura autom\u00e1tica e embalagem autom\u00e1tica, o que permite obter uma produ\u00e7\u00e3o \u00fanica desde as mat\u00e9rias-primas at\u00e9 aos produtos acabados.<\/p>\n<p><img loading=\"lazy\" decoding=\"async\" class=\"alignnone size-full wp-image-4419\" src=\"https:\/\/www.bakeryturnkey.com\/wp-content\/uploads\/2024\/06\/6-1.jpg\" alt=\"Linha de processamento de bolo em camadas para venda\" width=\"630\" height=\"400\" srcset=\"https:\/\/www.bakeryturnkey.com\/wp-content\/uploads\/2024\/06\/6-1.jpg 630w, https:\/\/www.bakeryturnkey.com\/wp-content\/uploads\/2024\/06\/6-1-600x381.jpg 600w, https:\/\/www.bakeryturnkey.com\/wp-content\/uploads\/2024\/06\/6-1-300x190.jpg 300w\" sizes=\"auto, (max-width: 630px) 100vw, 630px\" \/><\/p>\n<h2><strong>Carater\u00edsticas do produto<\/strong><\/h2>\n<ul>\n<li>Alta efici\u00eancia: A linha de produ\u00e7\u00e3o de bolo em camadas totalmente autom\u00e1tica pode melhorar muito a efici\u00eancia da produ\u00e7\u00e3o e reduzir os custos de m\u00e3o de obra.<\/li>\n<li>Qualidade est\u00e1vel: A linha de processamento adopta tecnologia de automa\u00e7\u00e3o avan\u00e7ada, que pode garantir a qualidade e o sabor consistentes de cada bolo em camadas.<\/li>\n<li>Versatilidade: A linha de produ\u00e7\u00e3o pode produzir bolos em camadas de v\u00e1rios sabores e formas para satisfazer as diferentes exig\u00eancias dos consumidores.<\/li>\n<li>Poupan\u00e7a de energia e prote\u00e7\u00e3o ambiental: A linha adopta um design de poupan\u00e7a de energia para reduzir o consumo de energia e a produ\u00e7\u00e3o de res\u00edduos, o que est\u00e1 de acordo com o conceito de produ\u00e7\u00e3o ecol\u00f3gica.<\/li>\n<li>Limpeza e higiene: as linhas de produ\u00e7\u00e3o automatizadas est\u00e3o normalmente equipadas com procedimentos rigorosos de limpeza e esteriliza\u00e7\u00e3o para garantir condi\u00e7\u00f5es higi\u00e9nicas durante o processo de produ\u00e7\u00e3o e para reduzir o risco de contamina\u00e7\u00e3o dos alimentos.<\/li>\n<li>Seguran\u00e7a: A m\u00e1quina foi concebida tendo em conta a seguran\u00e7a operacional, garantindo a seguran\u00e7a dos operadores e minimizando a ocorr\u00eancia de acidentes de produ\u00e7\u00e3o.<\/li>\n<\/ul>\n<p>&nbsp;<\/p>\n<h2><strong>V\u00eddeo da linha de produ\u00e7\u00e3o de bolo em camadas<\/strong><\/h2>\n<div class=\"ast-oembed-container\"><iframe loading=\"lazy\" title=\"Processo autom\u00e1tico de fabrico de bolos na f\u00e1brica\" width=\"500\" height=\"281\" src=\"https:\/\/www.youtube.com\/embed\/5WUcpvC9YRw?feature=oembed\" frameborder=\"0\" allow=\"accelerometer; autoplay; clipboard-write; encrypted-media; gyroscope; picture-in-picture; web-share\" referrerpolicy=\"strict-origin-when-cross-origin\" allowfullscreen><\/iframe><\/div>\n<h2><strong>Vantagens do produto<\/strong><\/h2>\n<ul>\n<li>Design profissional: A linha de produ\u00e7\u00e3o de bolos em camadas totalmente autom\u00e1tica \u00e9 concebida por uma equipa profissional de I&amp;D, combinando anos de experi\u00eancia de produ\u00e7\u00e3o e tecnologia avan\u00e7ada.<\/li>\n<li>Tecnologia avan\u00e7ada: A m\u00e1quina adopta tecnologia autom\u00e1tica avan\u00e7ada para garantir a estabilidade e a fiabilidade do processo de produ\u00e7\u00e3o.<\/li>\n<li>Servi\u00e7o personalizado: Fornecemos servi\u00e7os personalizados e solu\u00e7\u00f5es personalizadas de linha de bolo em camadas de acordo com as necessidades dos clientes.<\/li>\n<li>Apoio total: Fornecemos suporte t\u00e9cnico completo, incluindo instala\u00e7\u00e3o, comissionamento, treinamento de opera\u00e7\u00e3o, etc., para garantir que os clientes possam produzir sem problemas.<\/li>\n<li>Versatilidade: algumas linhas de produ\u00e7\u00e3o s\u00e3o concebidas para serem flex\u00edveis, permitindo que a linha seja rapidamente adaptada para se adequar a diferentes produtos ou diferentes volumes de produ\u00e7\u00e3o.<\/li>\n<\/ul>\n<p><img loading=\"lazy\" decoding=\"async\" class=\"alignnone size-full wp-image-4417\" src=\"https:\/\/www.bakeryturnkey.com\/wp-content\/uploads\/2024\/06\/7-2.jpg\" alt=\"Linha de produ\u00e7\u00e3o para bolos de camadas\" width=\"650\" height=\"430\" srcset=\"https:\/\/www.bakeryturnkey.com\/wp-content\/uploads\/2024\/06\/7-2.jpg 650w, https:\/\/www.bakeryturnkey.com\/wp-content\/uploads\/2024\/06\/7-2-600x397.jpg 600w, https:\/\/www.bakeryturnkey.com\/wp-content\/uploads\/2024\/06\/7-2-300x198.jpg 300w\" sizes=\"auto, (max-width: 650px) 100vw, 650px\" \/><\/p>\n<h2><strong>Cena de aplica\u00e7\u00e3o da linha Layer Cake<\/strong><\/h2>\n<ul>\n<li>Loja de bolos em cadeia: Uma linha autom\u00e1tica pode melhorar significativamente a efici\u00eancia da produ\u00e7\u00e3o da pastelaria e reduzir o custo do trabalho.<\/li>\n<li>F\u00e1brica de panifica\u00e7\u00e3o: A linha de processamento de bolos em camadas pode satisfazer a procura de produ\u00e7\u00e3o em massa e melhorar a efici\u00eancia da produ\u00e7\u00e3o e a competitividade da f\u00e1brica.<\/li>\n<li>Empresas de restaura\u00e7\u00e3o: O equipamento pode ser utilizado em v\u00e1rios estabelecimentos de restaura\u00e7\u00e3o, como hot\u00e9is e restaurantes, para fornecer bolos de camadas frescos e deliciosos.<\/li>\n<li>Supermercados: A linha de produ\u00e7\u00e3o pode produzir bolos em camadas de v\u00e1rios sabores e formas para satisfazer as exig\u00eancias diversificadas dos clientes dos supermercados.<\/li>\n<\/ul>\n<p>Como um fornecedor de linha de produ\u00e7\u00e3o autom\u00e1tica de bolo em camadas, a nossa empresa n\u00e3o s\u00f3 produz este bolo, mas tamb\u00e9m cupcakes, bolos de anivers\u00e1rio, bolos de esponja, etc. Temos solu\u00e7\u00f5es relevantes e suporte de equipamentos. Se estiver interessado nesta linha, por favor contacte-nos. Email: lisa@machinehall.com, whatsapp\/wechat: +8615515571373.<\/p>\n<p>&nbsp;<\/p>\n<h3><strong>Par\u00e2metros t\u00e9cnicos<\/strong><\/h3>\n<table>\n<tbody>\n<tr>\n<td colspan=\"1\" rowspan=\"1\">\n<div>\n<div data-spm-anchor-id=\"0.0.0.i10.65d24f05spMsKG\">Modelo<\/div>\n<\/div>\n<\/td>\n<td colspan=\"1\" rowspan=\"1\">\n<div>\n<div>GG-Cake<\/div>\n<\/div>\n<\/td>\n<\/tr>\n<tr>\n<td colspan=\"1\" rowspan=\"2\">\n<div>\n<div>Capacidade<\/div>\n<\/div>\n<\/td>\n<td colspan=\"1\" rowspan=\"1\">\n<div>\n<div>4807pcs\/h(peso do bolo 78g\/pc)<\/div>\n<\/div>\n<\/td>\n<\/tr>\n<tr>\n<td colspan=\"1\" rowspan=\"1\">\n<div>\n<div>1718pcs\/h(peso do bolo 32g\/pc)<\/div>\n<\/div>\n<\/td>\n<\/tr>\n<tr>\n<td colspan=\"1\" rowspan=\"3\">\n<div>\n<div>Tamanho da placa de cozedura<\/div>\n<\/div>\n<\/td>\n<td colspan=\"1\" rowspan=\"1\">\n<div>\n<div>600*540mm<\/div>\n<\/div>\n<\/td>\n<\/tr>\n<tr>\n<td colspan=\"1\" rowspan=\"1\">\n<div>\n<div>24 pe\u00e7as de bolo\/prato (peso do bolo 78g\/unidade)<\/div>\n<\/div>\n<\/td>\n<\/tr>\n<tr>\n<td colspan=\"1\" rowspan=\"1\">\n<div>\n<div>48 unidades de bolo\/prato (peso do bolo 32g)<\/div>\n<\/div>\n<\/td>\n<\/tr>\n<tr>\n<td colspan=\"1\" rowspan=\"1\">\n<div>\n<div>Tempo de cozedura<\/div>\n<\/div>\n<\/td>\n<td colspan=\"1\" rowspan=\"1\">\n<div>\n<div>12 minutos<\/div>\n<\/div>\n<\/td>\n<\/tr>\n<tr>\n<td colspan=\"1\" rowspan=\"1\">\n<div>\n<div>Temperatura de cozedura<\/div>\n<\/div>\n<\/td>\n<td colspan=\"1\" rowspan=\"1\">\n<div>\n<div>185\u2103-210\u2103<\/div>\n<\/div>\n<\/td>\n<\/tr>\n<tr>\n<td colspan=\"1\" rowspan=\"1\">\n<div>\n<div>Tipo de aquecimento<\/div>\n<\/div>\n<\/td>\n<td colspan=\"1\" rowspan=\"1\">\n<div>\n<div data-spm-anchor-id=\"a2700.details.0.i20.63a755d3nJy2hG\">g\u00e1s\/eletricidade<\/div>\n<\/div>\n<\/td>\n<\/tr>\n<\/tbody>\n<\/table>\n<h3><strong>Deixar mensagem para um or\u00e7amento<\/strong><\/h3>\n\n<div class=\"wpcf7 no-js\" id=\"wpcf7-f2977-o1\" lang=\"en-US\" dir=\"ltr\">\n<div class=\"screen-reader-response\"><p role=\"status\" aria-live=\"polite\" aria-atomic=\"true\"><\/p> <ul><\/ul><\/div>\n<form action=\"\/pt\/wp-json\/wp\/v2\/product\/4415#wpcf7-f2977-o1\" method=\"post\" class=\"wpcf7-form init\" aria-label=\"Formul\u00e1rio de contacto\" novalidate=\"novalidate\" data-status=\"init\" data-trp-original-action=\"\/pt\/wp-json\/wp\/v2\/product\/4415#wpcf7-f2977-o1\">\n<div style=\"display: none;\">\n<input type=\"hidden\" name=\"_wpcf7\" value=\"2977\" \/>\n<input type=\"hidden\" name=\"_wpcf7_version\" value=\"5.7.7\" \/>\n<input type=\"hidden\" name=\"_wpcf7_locale\" value=\"en_US\" \/>\n<input type=\"hidden\" name=\"_wpcf7_unit_tag\" value=\"wpcf7-f2977-o1\" \/>\n<input type=\"hidden\" name=\"_wpcf7_container_post\" value=\"0\" \/>\n<input type=\"hidden\" name=\"_wpcf7_posted_data_hash\" value=\"\" \/>\n<\/div>\n<p><label> O seu nome*<br \/>\n<span class=\"wpcf7-form-control-wrap\" data-name=\"your-name\"><input size=\"40\" class=\"wpcf7-form-control wpcf7-text wpcf7-validates-as-required\" aria-required=\"true\" aria-invalid=\"false\" value=\"\" type=\"text\" name=\"your-name\" \/><\/span> <\/label>\n<\/p>\n<p><label> O seu pa\u00eds<br \/>\n<span class=\"wpcf7-form-control-wrap\" data-name=\"your-country\"><input size=\"40\" class=\"wpcf7-form-control wpcf7-text\" aria-invalid=\"false\" value=\"\" type=\"text\" name=\"your-country\" \/><\/span><\/label>\n<\/p>\n<p><label> O seu e-mail*<br \/>\n<span class=\"wpcf7-form-control-wrap\" data-name=\"your-email\"><input size=\"40\" class=\"wpcf7-form-control wpcf7-text wpcf7-email wpcf7-validates-as-required wpcf7-validates-as-email\" aria-required=\"true\" aria-invalid=\"false\" value=\"\" type=\"email\" name=\"your-email\" \/><\/span> <\/label>\n<\/p>\n<p><label> O seu telem\u00f3vel<br \/>\n<span class=\"wpcf7-form-control-wrap\" data-name=\"your-phone\"><input size=\"40\" class=\"wpcf7-form-control wpcf7-text\" aria-invalid=\"false\" value=\"\" type=\"text\" name=\"your-phone\" \/><\/span> <\/label>\n<\/p>\n<p><label> Nome da empresa<br \/>\n<span class=\"wpcf7-form-control-wrap\" data-name=\"text-529\"><input size=\"40\" class=\"wpcf7-form-control wpcf7-text\" aria-invalid=\"false\" value=\"\" type=\"text\" name=\"text-529\" \/><\/span> <\/label>\n<\/p>\n<p><label> S\u00edtio Web da empresa<br \/>\n<span class=\"wpcf7-form-control-wrap\" data-name=\"text-106\"><input size=\"40\" class=\"wpcf7-form-control wpcf7-text\" aria-invalid=\"false\" value=\"\" type=\"text\" name=\"text-106\" \/><\/span> <\/label>\n<\/p>\n<p><label> A sua mensagem*<br \/>\n<span class=\"wpcf7-form-control-wrap\" data-name=\"your-message\"><textarea cols=\"40\" rows=\"10\" class=\"wpcf7-form-control wpcf7-textarea wpcf7-validates-as-required\" aria-required=\"true\" aria-invalid=\"false\" name=\"your-message\"><\/textarea><\/span> <\/label>\n<\/p>\n<p><input class=\"wpcf7-form-control has-spinner wpcf7-submit\" type=\"submit\" value=\"Enviar\" \/>\n<\/p><p style=\"display: none !important;\" class=\"akismet-fields-container\" data-prefix=\"_wpcf7_ak_\"><label>&#916;<textarea name=\"_wpcf7_ak_hp_textarea\" cols=\"45\" rows=\"8\" maxlength=\"100\"><\/textarea><\/label><input type=\"hidden\" id=\"ak_js_1\" name=\"_wpcf7_ak_js\" value=\"92\"\/><script>document.getElementById( \"ak_js_1\" ).setAttribute( \"value\", ( new Date() ).getTime() );<\/script><\/p><div class=\"wpcf7-response-output\" aria-hidden=\"true\"><\/div>\n<input type=\"hidden\" name=\"trp-form-language\" value=\"pt\"\/><\/form>\n<\/div>\n\n<div style='text-align:left' class='yasr-auto-insert-visitor'><\/div>","protected":false},"excerpt":{"rendered":"<p>A linha de produ\u00e7\u00e3o autom\u00e1tica de bolo em camadas \u00e9 um produto da nossa empresa, que \u00e9 muito dur\u00e1vel e seguro para a produ\u00e7\u00e3o. Foi concebida principalmente para melhorar a efici\u00eancia da produ\u00e7\u00e3o e a qualidade do bolo em camadas nas f\u00e1bricas. A linha de produ\u00e7\u00e3o inclui mistura autom\u00e1tica, moldagem autom\u00e1tica, cozedura autom\u00e1tica e processos de embalagem autom\u00e1tica, que podem alcan\u00e7ar uma produ\u00e7\u00e3o \u00fanica ...<\/p>\n<p class=\"read-more\"> <a class=\"\" href=\"https:\/\/www.bakeryturnkey.com\/pt\/produto\/automatic-layer-cake-production-line\/\"> <span class=\"screen-reader-text\">Fornecedor de linha de produ\u00e7\u00e3o de bolo de camada totalmente autom\u00e1tica<\/span> Ler mais \"<\/a><\/p>","protected":false},"featured_media":4416,"comment_status":"open","ping_status":"closed","template":"","meta":{"site-sidebar-layout":"default","site-content-layout":"default","ast-main-header-display":"","ast-hfb-above-header-display":"","ast-hfb-below-header-display":"","ast-hfb-mobile-header-display":"","site-post-title":"","ast-breadcrumbs-content":"","ast-featured-img":"","footer-sml-layout":"","theme-transparent-header-meta":"default","adv-header-id-meta":"","stick-header-meta":"","header-above-stick-meta":"","header-main-stick-meta":"","header-below-stick-meta":"","yasr_overall_rating":0,"yasr_post_is_review":"","yasr_auto_insert_disabled":"","yasr_review_type":""},"product_cat":[26],"product_tag":[],"class_list":["post-4415","product","type-product","status-publish","has-post-thumbnail","hentry","product_cat-cake-machinery"],"yoast_head":"<!-- This site is optimized with the Yoast SEO plugin v27.5 - https:\/\/yoast.com\/product\/yoast-seo-wordpress\/ -->\n<title>Full Automatic Layer Cake Production Line Supplier - Bakery Food Processing Equipment Manufacturer<\/title>\n<meta name=\"description\" content=\"The automatic layer cake production line is a main product of our company. It is mainly designed to improve the efficiency and quality of layer cake.\" \/>\n<meta name=\"robots\" content=\"index, follow, max-snippet:-1, max-image-preview:large, max-video-preview:-1\" \/>\n<link rel=\"canonical\" href=\"https:\/\/www.bakeryturnkey.com\/pt\/produto\/automatic-layer-cake-production-line\/\" \/>\n<meta property=\"og:locale\" content=\"pt_PT\" \/>\n<meta property=\"og:type\" content=\"article\" \/>\n<meta property=\"og:title\" content=\"Full Automatic Layer Cake Production Line Supplier - Bakery Food Processing Equipment Manufacturer\" \/>\n<meta property=\"og:description\" content=\"The automatic layer cake production line is a main product of our company. It is mainly designed to improve the efficiency and quality of layer cake.\" \/>\n<meta property=\"og:url\" content=\"https:\/\/www.bakeryturnkey.com\/pt\/produto\/automatic-layer-cake-production-line\/\" \/>\n<meta property=\"og:site_name\" content=\"Bakery Food Processing Equipment Manufacturer\" \/>\n<meta property=\"article:modified_time\" content=\"2024-06-06T03:12:21+00:00\" \/>\n<meta property=\"og:image\" content=\"https:\/\/www.bakeryturnkey.com\/wp-content\/uploads\/2024\/06\/5-1.jpg\" \/>\n\t<meta property=\"og:image:width\" content=\"800\" \/>\n\t<meta property=\"og:image:height\" content=\"800\" \/>\n\t<meta property=\"og:image:type\" content=\"image\/jpeg\" \/>\n<meta name=\"twitter:card\" content=\"summary_large_image\" \/>\n<meta name=\"twitter:label1\" content=\"Tempo estimado de leitura\" \/>\n\t<meta name=\"twitter:data1\" content=\"3 minutos\" \/>\n<script type=\"application\/ld+json\" class=\"yoast-schema-graph\">{\"@context\":\"https:\\\/\\\/schema.org\",\"@graph\":[{\"@type\":\"WebPage\",\"@id\":\"https:\\\/\\\/www.bakeryturnkey.com\\\/product\\\/automatic-layer-cake-production-line\\\/\",\"url\":\"https:\\\/\\\/www.bakeryturnkey.com\\\/product\\\/automatic-layer-cake-production-line\\\/\",\"name\":\"Full Automatic Layer Cake Production Line Supplier - Bakery Food Processing Equipment Manufacturer\",\"isPartOf\":{\"@id\":\"https:\\\/\\\/www.bakeryturnkey.com\\\/#website\"},\"primaryImageOfPage\":{\"@id\":\"https:\\\/\\\/www.bakeryturnkey.com\\\/product\\\/automatic-layer-cake-production-line\\\/#primaryimage\"},\"image\":{\"@id\":\"https:\\\/\\\/www.bakeryturnkey.com\\\/product\\\/automatic-layer-cake-production-line\\\/#primaryimage\"},\"thumbnailUrl\":\"https:\\\/\\\/www.bakeryturnkey.com\\\/wp-content\\\/uploads\\\/2024\\\/06\\\/5-1.jpg\",\"datePublished\":\"2024-06-06T03:02:46+00:00\",\"dateModified\":\"2024-06-06T03:12:21+00:00\",\"description\":\"The automatic layer cake production line is a main product of our company. It is mainly designed to improve the efficiency and quality of layer cake.\",\"breadcrumb\":{\"@id\":\"https:\\\/\\\/www.bakeryturnkey.com\\\/product\\\/automatic-layer-cake-production-line\\\/#breadcrumb\"},\"inLanguage\":\"pt-PT\",\"potentialAction\":[{\"@type\":\"ReadAction\",\"target\":[\"https:\\\/\\\/www.bakeryturnkey.com\\\/product\\\/automatic-layer-cake-production-line\\\/\"]}]},{\"@type\":\"ImageObject\",\"inLanguage\":\"pt-PT\",\"@id\":\"https:\\\/\\\/www.bakeryturnkey.com\\\/product\\\/automatic-layer-cake-production-line\\\/#primaryimage\",\"url\":\"https:\\\/\\\/www.bakeryturnkey.com\\\/wp-content\\\/uploads\\\/2024\\\/06\\\/5-1.jpg\",\"contentUrl\":\"https:\\\/\\\/www.bakeryturnkey.com\\\/wp-content\\\/uploads\\\/2024\\\/06\\\/5-1.jpg\",\"width\":800,\"height\":800,\"caption\":\"Layer Cake Production Line Supplier\"},{\"@type\":\"BreadcrumbList\",\"@id\":\"https:\\\/\\\/www.bakeryturnkey.com\\\/product\\\/automatic-layer-cake-production-line\\\/#breadcrumb\",\"itemListElement\":[{\"@type\":\"ListItem\",\"position\":1,\"name\":\"Home\",\"item\":\"https:\\\/\\\/www.bakeryturnkey.com\\\/\"},{\"@type\":\"ListItem\",\"position\":2,\"name\":\"Products\",\"item\":\"https:\\\/\\\/www.bakeryturnkey.com\\\/products\\\/\"},{\"@type\":\"ListItem\",\"position\":3,\"name\":\"Full Automatic Layer Cake Production Line Supplier\"}]},{\"@type\":\"WebSite\",\"@id\":\"https:\\\/\\\/www.bakeryturnkey.com\\\/#website\",\"url\":\"https:\\\/\\\/www.bakeryturnkey.com\\\/\",\"name\":\"Bakery Food Processing Equipment Manufacturer\",\"description\":\"Bakery Food Solutions Provider\",\"publisher\":{\"@id\":\"https:\\\/\\\/www.bakeryturnkey.com\\\/#organization\"},\"potentialAction\":[{\"@type\":\"SearchAction\",\"target\":{\"@type\":\"EntryPoint\",\"urlTemplate\":\"https:\\\/\\\/www.bakeryturnkey.com\\\/?s={search_term_string}\"},\"query-input\":{\"@type\":\"PropertyValueSpecification\",\"valueRequired\":true,\"valueName\":\"search_term_string\"}}],\"inLanguage\":\"pt-PT\"},{\"@type\":\"Organization\",\"@id\":\"https:\\\/\\\/www.bakeryturnkey.com\\\/#organization\",\"name\":\"Bakery Food Processing Equipment Manufacturer\",\"url\":\"https:\\\/\\\/www.bakeryturnkey.com\\\/\",\"logo\":{\"@type\":\"ImageObject\",\"inLanguage\":\"pt-PT\",\"@id\":\"https:\\\/\\\/www.bakeryturnkey.com\\\/#\\\/schema\\\/logo\\\/image\\\/\",\"url\":\"https:\\\/\\\/www.bakeryturnkey.com\\\/wp-content\\\/uploads\\\/2022\\\/03\\\/cropped-13-1.png\",\"contentUrl\":\"https:\\\/\\\/www.bakeryturnkey.com\\\/wp-content\\\/uploads\\\/2022\\\/03\\\/cropped-13-1.png\",\"width\":512,\"height\":429,\"caption\":\"Bakery Food Processing Equipment Manufacturer\"},\"image\":{\"@id\":\"https:\\\/\\\/www.bakeryturnkey.com\\\/#\\\/schema\\\/logo\\\/image\\\/\"}},false]}<\/script>\n<!-- \/ Yoast SEO plugin. -->","yoast_head_json":{"title":"Full Automatic Layer Cake Production Line Supplier - Bakery Food Processing Equipment Manufacturer","description":"The automatic layer cake production line is a main product of our company. It is mainly designed to improve the efficiency and quality of layer cake.","robots":{"index":"index","follow":"follow","max-snippet":"max-snippet:-1","max-image-preview":"max-image-preview:large","max-video-preview":"max-video-preview:-1"},"canonical":"https:\/\/www.bakeryturnkey.com\/pt\/produto\/automatic-layer-cake-production-line\/","og_locale":"pt_PT","og_type":"article","og_title":"Full Automatic Layer Cake Production Line Supplier - Bakery Food Processing Equipment Manufacturer","og_description":"The automatic layer cake production line is a main product of our company. It is mainly designed to improve the efficiency and quality of layer cake.","og_url":"https:\/\/www.bakeryturnkey.com\/pt\/produto\/automatic-layer-cake-production-line\/","og_site_name":"Bakery Food Processing Equipment Manufacturer","article_modified_time":"2024-06-06T03:12:21+00:00","og_image":[{"width":800,"height":800,"url":"https:\/\/www.bakeryturnkey.com\/wp-content\/uploads\/2024\/06\/5-1.jpg","type":"image\/jpeg"}],"twitter_card":"summary_large_image","twitter_misc":{"Tempo estimado de leitura":"3 minutos"},"schema":{"@context":"https:\/\/schema.org","@graph":[{"@type":"WebPage","@id":"https:\/\/www.bakeryturnkey.com\/product\/automatic-layer-cake-production-line\/","url":"https:\/\/www.bakeryturnkey.com\/product\/automatic-layer-cake-production-line\/","name":"Full Automatic Layer Cake Production Line Supplier - Bakery Food Processing Equipment Manufacturer","isPartOf":{"@id":"https:\/\/www.bakeryturnkey.com\/#website"},"primaryImageOfPage":{"@id":"https:\/\/www.bakeryturnkey.com\/product\/automatic-layer-cake-production-line\/#primaryimage"},"image":{"@id":"https:\/\/www.bakeryturnkey.com\/product\/automatic-layer-cake-production-line\/#primaryimage"},"thumbnailUrl":"https:\/\/www.bakeryturnkey.com\/wp-content\/uploads\/2024\/06\/5-1.jpg","datePublished":"2024-06-06T03:02:46+00:00","dateModified":"2024-06-06T03:12:21+00:00","description":"The automatic layer cake production line is a main product of our company. It is mainly designed to improve the efficiency and quality of layer cake.","breadcrumb":{"@id":"https:\/\/www.bakeryturnkey.com\/product\/automatic-layer-cake-production-line\/#breadcrumb"},"inLanguage":"pt-PT","potentialAction":[{"@type":"ReadAction","target":["https:\/\/www.bakeryturnkey.com\/product\/automatic-layer-cake-production-line\/"]}]},{"@type":"ImageObject","inLanguage":"pt-PT","@id":"https:\/\/www.bakeryturnkey.com\/product\/automatic-layer-cake-production-line\/#primaryimage","url":"https:\/\/www.bakeryturnkey.com\/wp-content\/uploads\/2024\/06\/5-1.jpg","contentUrl":"https:\/\/www.bakeryturnkey.com\/wp-content\/uploads\/2024\/06\/5-1.jpg","width":800,"height":800,"caption":"Layer Cake Production Line Supplier"},{"@type":"BreadcrumbList","@id":"https:\/\/www.bakeryturnkey.com\/product\/automatic-layer-cake-production-line\/#breadcrumb","itemListElement":[{"@type":"ListItem","position":1,"name":"Home","item":"https:\/\/www.bakeryturnkey.com\/"},{"@type":"ListItem","position":2,"name":"Products","item":"https:\/\/www.bakeryturnkey.com\/products\/"},{"@type":"ListItem","position":3,"name":"Full Automatic Layer Cake Production Line Supplier"}]},{"@type":"WebSite","@id":"https:\/\/www.bakeryturnkey.com\/#website","url":"https:\/\/www.bakeryturnkey.com\/","name":"Bakery Food Processing Equipment Manufacturer","description":"Bakery Food Solutions Provider","publisher":{"@id":"https:\/\/www.bakeryturnkey.com\/#organization"},"potentialAction":[{"@type":"SearchAction","target":{"@type":"EntryPoint","urlTemplate":"https:\/\/www.bakeryturnkey.com\/?s={search_term_string}"},"query-input":{"@type":"PropertyValueSpecification","valueRequired":true,"valueName":"search_term_string"}}],"inLanguage":"pt-PT"},{"@type":"Organization","@id":"https:\/\/www.bakeryturnkey.com\/#organization","name":"Bakery Food Processing Equipment Manufacturer","url":"https:\/\/www.bakeryturnkey.com\/","logo":{"@type":"ImageObject","inLanguage":"pt-PT","@id":"https:\/\/www.bakeryturnkey.com\/#\/schema\/logo\/image\/","url":"https:\/\/www.bakeryturnkey.com\/wp-content\/uploads\/2022\/03\/cropped-13-1.png","contentUrl":"https:\/\/www.bakeryturnkey.com\/wp-content\/uploads\/2022\/03\/cropped-13-1.png","width":512,"height":429,"caption":"Bakery Food Processing Equipment Manufacturer"},"image":{"@id":"https:\/\/www.bakeryturnkey.com\/#\/schema\/logo\/image\/"}},false]}},"yasr_visitor_votes":{"stars_attributes":{"read_only":false,"span_bottom":false},"number_of_votes":0,"sum_votes":0},"_links":{"self":[{"href":"https:\/\/www.bakeryturnkey.com\/pt\/wp-json\/wp\/v2\/product\/4415","targetHints":{"allow":["GET"]}}],"collection":[{"href":"https:\/\/www.bakeryturnkey.com\/pt\/wp-json\/wp\/v2\/product"}],"about":[{"href":"https:\/\/www.bakeryturnkey.com\/pt\/wp-json\/wp\/v2\/types\/product"}],"replies":[{"embeddable":true,"href":"https:\/\/www.bakeryturnkey.com\/pt\/wp-json\/wp\/v2\/comments?post=4415"}],"wp:featuredmedia":[{"embeddable":true,"href":"https:\/\/www.bakeryturnkey.com\/pt\/wp-json\/wp\/v2\/media\/4416"}],"wp:attachment":[{"href":"https:\/\/www.bakeryturnkey.com\/pt\/wp-json\/wp\/v2\/media?parent=4415"}],"wp:term":[{"taxonomy":"product_cat","embeddable":true,"href":"https:\/\/www.bakeryturnkey.com\/pt\/wp-json\/wp\/v2\/product_cat?post=4415"},{"taxonomy":"product_tag","embeddable":true,"href":"https:\/\/www.bakeryturnkey.com\/pt\/wp-json\/wp\/v2\/product_tag?post=4415"}],"curies":[{"name":"wp","href":"https:\/\/api.w.org\/{rel}","templated":true}]}}