{"id":4388,"date":"2024-05-31T15:20:28","date_gmt":"2024-05-31T07:20:28","guid":{"rendered":"https:\/\/www.bakeryturnkey.com\/?post_type=product&#038;p=4388"},"modified":"2025-04-24T17:39:03","modified_gmt":"2025-04-24T09:39:03","slug":"chocolate-mousse-cake-line","status":"publish","type":"product","link":"https:\/\/www.bakeryturnkey.com\/pt\/produto\/chocolate-mousse-cake-line\/","title":{"rendered":"Linha de produ\u00e7\u00e3o de bolo de mousse de chocolate 300 KG\/H"},"content":{"rendered":"<p>A linha de produ\u00e7\u00e3o de bolo de mousse de chocolate \u00e9 especificamente para aplica\u00e7\u00f5es industriais. Ela pode fazer bolos de mousse de chocolate de alta qualidade, e a capacidade de produ\u00e7\u00e3o da linha \u00e9 ampla, de 100 a 1000 kg por hora.<\/p>\n<p>Esta linha de produ\u00e7\u00e3o \u00e9 adequada para as exig\u00eancias de padarias comerciais, servi\u00e7os de catering e instala\u00e7\u00f5es de produ\u00e7\u00e3o alimentar em grande escala. Assegura que cada bolo de mousse de chocolate redondo ou quadrado produzido tem bom sabor e textura.<\/p>\n<p><img loading=\"lazy\" decoding=\"async\" class=\"alignnone size-full wp-image-4390\" src=\"https:\/\/www.bakeryturnkey.com\/wp-content\/uploads\/2024\/05\/9-1.jpg\" alt=\"Linha de Bolo Mousse de Chocolate Industrial\" width=\"630\" height=\"400\" srcset=\"https:\/\/www.bakeryturnkey.com\/wp-content\/uploads\/2024\/05\/9-1.jpg 630w, https:\/\/www.bakeryturnkey.com\/wp-content\/uploads\/2024\/05\/9-1-600x381.jpg 600w, https:\/\/www.bakeryturnkey.com\/wp-content\/uploads\/2024\/05\/9-1-300x190.jpg 300w\" sizes=\"auto, (max-width: 630px) 100vw, 630px\" \/><\/p>\n<h2><strong>Carater\u00edsticas da Linha de Produ\u00e7\u00e3o de Bolo de Mousse de Chocolate<\/strong><\/h2>\n<ul>\n<li>Produ\u00e7\u00e3o de alta capacidade: Concebida para lidar com grandes volumes, assegura que a sua m\u00e1quina pode acompanhar a maior procura sem comprometer a qualidade.<\/li>\n<li>Dimens\u00f5es personaliz\u00e1veis: \u00c9 adapt\u00e1vel para produzir bolos de mousse de chocolate redondos e quadrados, com a capacidade de ajustar o tamanho para satisfazer as necessidades espec\u00edficas do seu neg\u00f3cio.<\/li>\n<li>Processos automatizados: Desde a mistura e moldagem at\u00e9 \u00e0 cozedura e arrefecimento, o processo da linha de produ\u00e7\u00e3o de mousse \u00e9 totalmente automatizado, reduzindo o trabalho manual e o potencial de erro humano.<\/li>\n<li>Controlo da temperatura: Os sistemas avan\u00e7ados de controlo da temperatura garantem que a mousse de chocolate assenta perfeitamente, mantendo a sua suavidade e riqueza carater\u00edsticas.<\/li>\n<li>Design higi\u00e9nico: O equipamento foi concebido com a\u00e7o inoxid\u00e1vel e superf\u00edcies f\u00e1ceis de limpar, respeitando os mais elevados padr\u00f5es de seguran\u00e7a e higiene alimentar.<\/li>\n<\/ul>\n<h2><strong>V\u00eddeo da linha de produ\u00e7\u00e3o de mousse de chocolate<\/strong><\/h2>\n<div class=\"ast-oembed-container\"><iframe loading=\"lazy\" title=\"M\u00e1quina de fazer bolos totalmente autom\u00e1tica Fabricante GELGOOG\" width=\"500\" height=\"281\" src=\"https:\/\/www.youtube.com\/embed\/_kmBTi8rFBg?feature=oembed\" frameborder=\"0\" allow=\"accelerometer; autoplay; clipboard-write; encrypted-media; gyroscope; picture-in-picture; web-share\" referrerpolicy=\"strict-origin-when-cross-origin\" allowfullscreen><\/iframe><\/div>\n<h2><strong>Fluxo de processamento do bolo de mousse<\/strong><\/h2>\n<ol>\n<li>Prepara\u00e7\u00e3o dos ingredientes: S\u00e3o preparados e medidos ingredientes de alta qualidade para a mistura da mousse de chocolate.<\/li>\n<li>Mistura: Os ingredientes s\u00e3o combinados num misturador de grande escala para criar uma mousse suave e homog\u00e9nea.<\/li>\n<li>Moldagem: A mousse \u00e9 depois vertida em moldes com a forma (redonda ou quadrada) e o tamanho desejados.<\/li>\n<li>Cozedura: Os moldes s\u00e3o colocados num ambiente de cozedura controlado onde a mousse \u00e9 cozida na perfei\u00e7\u00e3o.<\/li>\n<li>Arrefecimento e endurecimento: Ap\u00f3s a cozedura, os bolos s\u00e3o arrefecidos e deixados a endurecer, garantindo uma textura firme.<\/li>\n<li>Desmoldagem e embalagem: Depois de prontos, os bolos s\u00e3o cuidadosamente desmoldados e embalados para distribui\u00e7\u00e3o.<\/li>\n<\/ol>\n<p><img loading=\"lazy\" decoding=\"async\" class=\"alignnone size-full wp-image-4893\" src=\"https:\/\/www.bakeryturnkey.com\/wp-content\/uploads\/2024\/05\/765.jpg\" alt=\"M\u00e1quina para bolos de mousse de chocolate\" width=\"630\" height=\"400\" srcset=\"https:\/\/www.bakeryturnkey.com\/wp-content\/uploads\/2024\/05\/765.jpg 630w, https:\/\/www.bakeryturnkey.com\/wp-content\/uploads\/2024\/05\/765-300x190.jpg 300w, https:\/\/www.bakeryturnkey.com\/wp-content\/uploads\/2024\/05\/765-18x12.jpg 18w, https:\/\/www.bakeryturnkey.com\/wp-content\/uploads\/2024\/05\/765-600x381.jpg 600w\" sizes=\"auto, (max-width: 630px) 100vw, 630px\" \/><\/p>\n<h2><strong>Vantagens da linha de produ\u00e7\u00e3o de bolo de mousse de chocolate<\/strong><\/h2>\n<ul>\n<li>Consist\u00eancia: O sistema automatizado garante que cada bolo produzido \u00e9 consistente em termos de sabor, textura e apar\u00eancia.<\/li>\n<li>Efici\u00eancia: Os processos optimizados reduzem o tempo de produ\u00e7\u00e3o e aumentam a produ\u00e7\u00e3o, permitindo uma execu\u00e7\u00e3o mais r\u00e1pida e uma maior rentabilidade.<\/li>\n<li>Escalabilidade: A linha de produ\u00e7\u00e3o de mousse pode ser aumentada ou reduzida em fun\u00e7\u00e3o da procura sazonal ou de encomendas especiais, oferecendo flexibilidade na produ\u00e7\u00e3o.<\/li>\n<li>Efici\u00eancia energ\u00e9tica: Concebida com tecnologias de poupan\u00e7a de energia, a linha minimiza o consumo de energia, reduzindo os custos operacionais.<\/li>\n<li>Manuten\u00e7\u00e3o m\u00ednima: A constru\u00e7\u00e3o robusta e os elementos de design simples garantem que a linha de produ\u00e7\u00e3o de mousse de chocolate requer uma manuten\u00e7\u00e3o m\u00ednima, reduzindo o tempo de inatividade.<\/li>\n<\/ul>\n<p>&nbsp;<\/p>\n<h3><strong>Deixar mensagem para um or\u00e7amento<\/strong><\/h3>\n\n<div class=\"wpcf7 no-js\" id=\"wpcf7-f2977-o1\" lang=\"en-US\" dir=\"ltr\">\n<div class=\"screen-reader-response\"><p role=\"status\" aria-live=\"polite\" aria-atomic=\"true\"><\/p> <ul><\/ul><\/div>\n<form action=\"\/pt\/wp-json\/wp\/v2\/product\/4388#wpcf7-f2977-o1\" method=\"post\" class=\"wpcf7-form init\" aria-label=\"Formul\u00e1rio de contacto\" novalidate=\"novalidate\" data-status=\"init\" data-trp-original-action=\"\/pt\/wp-json\/wp\/v2\/product\/4388#wpcf7-f2977-o1\">\n<div style=\"display: none;\">\n<input type=\"hidden\" name=\"_wpcf7\" value=\"2977\" \/>\n<input type=\"hidden\" name=\"_wpcf7_version\" value=\"5.7.7\" \/>\n<input type=\"hidden\" name=\"_wpcf7_locale\" value=\"en_US\" \/>\n<input type=\"hidden\" name=\"_wpcf7_unit_tag\" value=\"wpcf7-f2977-o1\" \/>\n<input type=\"hidden\" name=\"_wpcf7_container_post\" value=\"0\" \/>\n<input type=\"hidden\" name=\"_wpcf7_posted_data_hash\" value=\"\" \/>\n<\/div>\n<p><label> O seu nome*<br \/>\n<span class=\"wpcf7-form-control-wrap\" data-name=\"your-name\"><input size=\"40\" class=\"wpcf7-form-control wpcf7-text wpcf7-validates-as-required\" aria-required=\"true\" aria-invalid=\"false\" value=\"\" type=\"text\" name=\"your-name\" \/><\/span> <\/label>\n<\/p>\n<p><label> O seu pa\u00eds<br \/>\n<span class=\"wpcf7-form-control-wrap\" data-name=\"your-country\"><input size=\"40\" class=\"wpcf7-form-control wpcf7-text\" aria-invalid=\"false\" value=\"\" type=\"text\" name=\"your-country\" \/><\/span><\/label>\n<\/p>\n<p><label> O seu e-mail*<br \/>\n<span class=\"wpcf7-form-control-wrap\" data-name=\"your-email\"><input size=\"40\" class=\"wpcf7-form-control wpcf7-text wpcf7-email wpcf7-validates-as-required wpcf7-validates-as-email\" aria-required=\"true\" aria-invalid=\"false\" value=\"\" type=\"email\" name=\"your-email\" \/><\/span> <\/label>\n<\/p>\n<p><label> O seu telem\u00f3vel<br \/>\n<span class=\"wpcf7-form-control-wrap\" data-name=\"your-phone\"><input size=\"40\" class=\"wpcf7-form-control wpcf7-text\" aria-invalid=\"false\" value=\"\" type=\"text\" name=\"your-phone\" \/><\/span> <\/label>\n<\/p>\n<p><label> Nome da empresa<br \/>\n<span class=\"wpcf7-form-control-wrap\" data-name=\"text-529\"><input size=\"40\" class=\"wpcf7-form-control wpcf7-text\" aria-invalid=\"false\" value=\"\" type=\"text\" name=\"text-529\" \/><\/span> <\/label>\n<\/p>\n<p><label> S\u00edtio Web da empresa<br \/>\n<span class=\"wpcf7-form-control-wrap\" data-name=\"text-106\"><input size=\"40\" class=\"wpcf7-form-control wpcf7-text\" aria-invalid=\"false\" value=\"\" type=\"text\" name=\"text-106\" \/><\/span> <\/label>\n<\/p>\n<p><label> A sua mensagem*<br \/>\n<span class=\"wpcf7-form-control-wrap\" data-name=\"your-message\"><textarea cols=\"40\" rows=\"10\" class=\"wpcf7-form-control wpcf7-textarea wpcf7-validates-as-required\" aria-required=\"true\" aria-invalid=\"false\" name=\"your-message\"><\/textarea><\/span> <\/label>\n<\/p>\n<p><input class=\"wpcf7-form-control has-spinner wpcf7-submit\" type=\"submit\" value=\"Enviar\" \/>\n<\/p><p style=\"display: none !important;\" class=\"akismet-fields-container\" data-prefix=\"_wpcf7_ak_\"><label>&#916;<textarea name=\"_wpcf7_ak_hp_textarea\" cols=\"45\" rows=\"8\" maxlength=\"100\"><\/textarea><\/label><input type=\"hidden\" id=\"ak_js_1\" name=\"_wpcf7_ak_js\" value=\"184\"\/><script>document.getElementById( \"ak_js_1\" ).setAttribute( \"value\", ( new Date() ).getTime() );<\/script><\/p><div class=\"wpcf7-response-output\" aria-hidden=\"true\"><\/div>\n<input type=\"hidden\" name=\"trp-form-language\" value=\"pt\"\/><\/form>\n<\/div>\n\n<div style='text-align:left' class='yasr-auto-insert-visitor'><\/div>","protected":false},"excerpt":{"rendered":"<p>A linha de produ\u00e7\u00e3o de bolo de mousse de chocolate \u00e9 especificamente para aplica\u00e7\u00f5es industriais. Ela pode fazer bolos de mousse de chocolate de alta qualidade, e a capacidade de produ\u00e7\u00e3o da linha \u00e9 ampla, de 100 a 1000 kg por hora. Esta linha de produ\u00e7\u00e3o \u00e9 adequada para as exig\u00eancias de padarias comerciais, servi\u00e7os de catering e instala\u00e7\u00f5es de produ\u00e7\u00e3o alimentar em grande escala. Assegurar que ...<\/p>\n<p class=\"read-more\"> <a class=\"\" href=\"https:\/\/www.bakeryturnkey.com\/pt\/produto\/chocolate-mousse-cake-line\/\"> <span class=\"screen-reader-text\">Linha de produ\u00e7\u00e3o de bolo de mousse de chocolate 300 KG\/H<\/span> Ler mais \"<\/a><\/p>","protected":false},"featured_media":4389,"comment_status":"open","ping_status":"closed","template":"","meta":{"site-sidebar-layout":"default","site-content-layout":"default","ast-main-header-display":"","ast-hfb-above-header-display":"","ast-hfb-below-header-display":"","ast-hfb-mobile-header-display":"","site-post-title":"","ast-breadcrumbs-content":"","ast-featured-img":"","footer-sml-layout":"","theme-transparent-header-meta":"default","adv-header-id-meta":"","stick-header-meta":"","header-above-stick-meta":"","header-main-stick-meta":"","header-below-stick-meta":"","yasr_overall_rating":0,"yasr_post_is_review":"","yasr_auto_insert_disabled":"","yasr_review_type":""},"product_cat":[26],"product_tag":[],"class_list":["post-4388","product","type-product","status-publish","has-post-thumbnail","hentry","product_cat-cake-machinery"],"yoast_head":"<!-- This site is optimized with the Yoast SEO plugin v27.4 - https:\/\/yoast.com\/product\/yoast-seo-wordpress\/ -->\n<title>Chocolate Mousse Cake Production Line 300 KG\/H<\/title>\n<meta name=\"description\" content=\"The chocolate mousse cake production line is specifically designed for industrial applications. It can make mousse cakes with large capacity.\" \/>\n<meta name=\"robots\" content=\"index, follow, max-snippet:-1, max-image-preview:large, max-video-preview:-1\" \/>\n<link rel=\"canonical\" href=\"https:\/\/www.bakeryturnkey.com\/pt\/produto\/chocolate-mousse-cake-line\/\" \/>\n<meta property=\"og:locale\" content=\"pt_PT\" \/>\n<meta property=\"og:type\" content=\"article\" \/>\n<meta property=\"og:title\" content=\"Chocolate Mousse Cake Production Line 300 KG\/H\" \/>\n<meta property=\"og:description\" content=\"The chocolate mousse cake production line is specifically designed for industrial applications. It can make mousse cakes with large capacity.\" \/>\n<meta property=\"og:url\" content=\"https:\/\/www.bakeryturnkey.com\/pt\/produto\/chocolate-mousse-cake-line\/\" \/>\n<meta property=\"og:site_name\" content=\"Bakery Food Processing Equipment Manufacturer\" \/>\n<meta property=\"article:modified_time\" content=\"2025-04-24T09:39:03+00:00\" \/>\n<meta property=\"og:image\" content=\"https:\/\/www.bakeryturnkey.com\/wp-content\/uploads\/2024\/05\/6-7.jpg\" \/>\n\t<meta property=\"og:image:width\" content=\"800\" \/>\n\t<meta property=\"og:image:height\" content=\"800\" \/>\n\t<meta property=\"og:image:type\" content=\"image\/jpeg\" \/>\n<meta name=\"twitter:card\" content=\"summary_large_image\" \/>\n<meta name=\"twitter:label1\" content=\"Tempo estimado de leitura\" \/>\n\t<meta name=\"twitter:data1\" content=\"3 minutos\" \/>\n<script type=\"application\/ld+json\" class=\"yoast-schema-graph\">{\"@context\":\"https:\\\/\\\/schema.org\",\"@graph\":[{\"@type\":\"WebPage\",\"@id\":\"https:\\\/\\\/www.bakeryturnkey.com\\\/product\\\/chocolate-mousse-cake-line\\\/\",\"url\":\"https:\\\/\\\/www.bakeryturnkey.com\\\/product\\\/chocolate-mousse-cake-line\\\/\",\"name\":\"Chocolate Mousse Cake Production Line 300 KG\\\/H\",\"isPartOf\":{\"@id\":\"https:\\\/\\\/www.bakeryturnkey.com\\\/#website\"},\"primaryImageOfPage\":{\"@id\":\"https:\\\/\\\/www.bakeryturnkey.com\\\/product\\\/chocolate-mousse-cake-line\\\/#primaryimage\"},\"image\":{\"@id\":\"https:\\\/\\\/www.bakeryturnkey.com\\\/product\\\/chocolate-mousse-cake-line\\\/#primaryimage\"},\"thumbnailUrl\":\"https:\\\/\\\/www.bakeryturnkey.com\\\/wp-content\\\/uploads\\\/2024\\\/05\\\/6-7.jpg\",\"datePublished\":\"2024-05-31T07:20:28+00:00\",\"dateModified\":\"2025-04-24T09:39:03+00:00\",\"description\":\"The chocolate mousse cake production line is specifically designed for industrial applications. It can make mousse cakes with large capacity.\",\"breadcrumb\":{\"@id\":\"https:\\\/\\\/www.bakeryturnkey.com\\\/product\\\/chocolate-mousse-cake-line\\\/#breadcrumb\"},\"inLanguage\":\"pt-PT\",\"potentialAction\":[{\"@type\":\"ReadAction\",\"target\":[\"https:\\\/\\\/www.bakeryturnkey.com\\\/product\\\/chocolate-mousse-cake-line\\\/\"]}]},{\"@type\":\"ImageObject\",\"inLanguage\":\"pt-PT\",\"@id\":\"https:\\\/\\\/www.bakeryturnkey.com\\\/product\\\/chocolate-mousse-cake-line\\\/#primaryimage\",\"url\":\"https:\\\/\\\/www.bakeryturnkey.com\\\/wp-content\\\/uploads\\\/2024\\\/05\\\/6-7.jpg\",\"contentUrl\":\"https:\\\/\\\/www.bakeryturnkey.com\\\/wp-content\\\/uploads\\\/2024\\\/05\\\/6-7.jpg\",\"width\":800,\"height\":800,\"caption\":\"Automatic Chocolate Mousse Cake Line\"},{\"@type\":\"BreadcrumbList\",\"@id\":\"https:\\\/\\\/www.bakeryturnkey.com\\\/product\\\/chocolate-mousse-cake-line\\\/#breadcrumb\",\"itemListElement\":[{\"@type\":\"ListItem\",\"position\":1,\"name\":\"Home\",\"item\":\"https:\\\/\\\/www.bakeryturnkey.com\\\/\"},{\"@type\":\"ListItem\",\"position\":2,\"name\":\"Products\",\"item\":\"https:\\\/\\\/www.bakeryturnkey.com\\\/products\\\/\"},{\"@type\":\"ListItem\",\"position\":3,\"name\":\"Chocolate Mousse Cake Production Line 300 KG\\\/H\"}]},{\"@type\":\"WebSite\",\"@id\":\"https:\\\/\\\/www.bakeryturnkey.com\\\/#website\",\"url\":\"https:\\\/\\\/www.bakeryturnkey.com\\\/\",\"name\":\"Bakery Food Processing Equipment Manufacturer\",\"description\":\"Bakery Food Solutions Provider\",\"publisher\":{\"@id\":\"https:\\\/\\\/www.bakeryturnkey.com\\\/#organization\"},\"potentialAction\":[{\"@type\":\"SearchAction\",\"target\":{\"@type\":\"EntryPoint\",\"urlTemplate\":\"https:\\\/\\\/www.bakeryturnkey.com\\\/?s={search_term_string}\"},\"query-input\":{\"@type\":\"PropertyValueSpecification\",\"valueRequired\":true,\"valueName\":\"search_term_string\"}}],\"inLanguage\":\"pt-PT\"},{\"@type\":\"Organization\",\"@id\":\"https:\\\/\\\/www.bakeryturnkey.com\\\/#organization\",\"name\":\"Bakery Food Processing Equipment Manufacturer\",\"url\":\"https:\\\/\\\/www.bakeryturnkey.com\\\/\",\"logo\":{\"@type\":\"ImageObject\",\"inLanguage\":\"pt-PT\",\"@id\":\"https:\\\/\\\/www.bakeryturnkey.com\\\/#\\\/schema\\\/logo\\\/image\\\/\",\"url\":\"https:\\\/\\\/www.bakeryturnkey.com\\\/wp-content\\\/uploads\\\/2022\\\/03\\\/cropped-13-1.png\",\"contentUrl\":\"https:\\\/\\\/www.bakeryturnkey.com\\\/wp-content\\\/uploads\\\/2022\\\/03\\\/cropped-13-1.png\",\"width\":512,\"height\":429,\"caption\":\"Bakery Food Processing Equipment Manufacturer\"},\"image\":{\"@id\":\"https:\\\/\\\/www.bakeryturnkey.com\\\/#\\\/schema\\\/logo\\\/image\\\/\"}},false]}<\/script>\n<!-- \/ Yoast SEO plugin. -->","yoast_head_json":{"title":"Chocolate Mousse Cake Production Line 300 KG\/H","description":"The chocolate mousse cake production line is specifically designed for industrial applications. It can make mousse cakes with large capacity.","robots":{"index":"index","follow":"follow","max-snippet":"max-snippet:-1","max-image-preview":"max-image-preview:large","max-video-preview":"max-video-preview:-1"},"canonical":"https:\/\/www.bakeryturnkey.com\/pt\/produto\/chocolate-mousse-cake-line\/","og_locale":"pt_PT","og_type":"article","og_title":"Chocolate Mousse Cake Production Line 300 KG\/H","og_description":"The chocolate mousse cake production line is specifically designed for industrial applications. It can make mousse cakes with large capacity.","og_url":"https:\/\/www.bakeryturnkey.com\/pt\/produto\/chocolate-mousse-cake-line\/","og_site_name":"Bakery Food Processing Equipment Manufacturer","article_modified_time":"2025-04-24T09:39:03+00:00","og_image":[{"width":800,"height":800,"url":"https:\/\/www.bakeryturnkey.com\/wp-content\/uploads\/2024\/05\/6-7.jpg","type":"image\/jpeg"}],"twitter_card":"summary_large_image","twitter_misc":{"Tempo estimado de leitura":"3 minutos"},"schema":{"@context":"https:\/\/schema.org","@graph":[{"@type":"WebPage","@id":"https:\/\/www.bakeryturnkey.com\/product\/chocolate-mousse-cake-line\/","url":"https:\/\/www.bakeryturnkey.com\/product\/chocolate-mousse-cake-line\/","name":"Chocolate Mousse Cake Production Line 300 KG\/H","isPartOf":{"@id":"https:\/\/www.bakeryturnkey.com\/#website"},"primaryImageOfPage":{"@id":"https:\/\/www.bakeryturnkey.com\/product\/chocolate-mousse-cake-line\/#primaryimage"},"image":{"@id":"https:\/\/www.bakeryturnkey.com\/product\/chocolate-mousse-cake-line\/#primaryimage"},"thumbnailUrl":"https:\/\/www.bakeryturnkey.com\/wp-content\/uploads\/2024\/05\/6-7.jpg","datePublished":"2024-05-31T07:20:28+00:00","dateModified":"2025-04-24T09:39:03+00:00","description":"The chocolate mousse cake production line is specifically designed for industrial applications. It can make mousse cakes with large capacity.","breadcrumb":{"@id":"https:\/\/www.bakeryturnkey.com\/product\/chocolate-mousse-cake-line\/#breadcrumb"},"inLanguage":"pt-PT","potentialAction":[{"@type":"ReadAction","target":["https:\/\/www.bakeryturnkey.com\/product\/chocolate-mousse-cake-line\/"]}]},{"@type":"ImageObject","inLanguage":"pt-PT","@id":"https:\/\/www.bakeryturnkey.com\/product\/chocolate-mousse-cake-line\/#primaryimage","url":"https:\/\/www.bakeryturnkey.com\/wp-content\/uploads\/2024\/05\/6-7.jpg","contentUrl":"https:\/\/www.bakeryturnkey.com\/wp-content\/uploads\/2024\/05\/6-7.jpg","width":800,"height":800,"caption":"Automatic Chocolate Mousse Cake Line"},{"@type":"BreadcrumbList","@id":"https:\/\/www.bakeryturnkey.com\/product\/chocolate-mousse-cake-line\/#breadcrumb","itemListElement":[{"@type":"ListItem","position":1,"name":"Home","item":"https:\/\/www.bakeryturnkey.com\/"},{"@type":"ListItem","position":2,"name":"Products","item":"https:\/\/www.bakeryturnkey.com\/products\/"},{"@type":"ListItem","position":3,"name":"Chocolate Mousse Cake Production Line 300 KG\/H"}]},{"@type":"WebSite","@id":"https:\/\/www.bakeryturnkey.com\/#website","url":"https:\/\/www.bakeryturnkey.com\/","name":"Bakery Food Processing Equipment Manufacturer","description":"Bakery Food Solutions Provider","publisher":{"@id":"https:\/\/www.bakeryturnkey.com\/#organization"},"potentialAction":[{"@type":"SearchAction","target":{"@type":"EntryPoint","urlTemplate":"https:\/\/www.bakeryturnkey.com\/?s={search_term_string}"},"query-input":{"@type":"PropertyValueSpecification","valueRequired":true,"valueName":"search_term_string"}}],"inLanguage":"pt-PT"},{"@type":"Organization","@id":"https:\/\/www.bakeryturnkey.com\/#organization","name":"Bakery Food Processing Equipment Manufacturer","url":"https:\/\/www.bakeryturnkey.com\/","logo":{"@type":"ImageObject","inLanguage":"pt-PT","@id":"https:\/\/www.bakeryturnkey.com\/#\/schema\/logo\/image\/","url":"https:\/\/www.bakeryturnkey.com\/wp-content\/uploads\/2022\/03\/cropped-13-1.png","contentUrl":"https:\/\/www.bakeryturnkey.com\/wp-content\/uploads\/2022\/03\/cropped-13-1.png","width":512,"height":429,"caption":"Bakery Food Processing Equipment Manufacturer"},"image":{"@id":"https:\/\/www.bakeryturnkey.com\/#\/schema\/logo\/image\/"}},false]}},"yasr_visitor_votes":{"stars_attributes":{"read_only":false,"span_bottom":false},"number_of_votes":0,"sum_votes":0},"_links":{"self":[{"href":"https:\/\/www.bakeryturnkey.com\/pt\/wp-json\/wp\/v2\/product\/4388","targetHints":{"allow":["GET"]}}],"collection":[{"href":"https:\/\/www.bakeryturnkey.com\/pt\/wp-json\/wp\/v2\/product"}],"about":[{"href":"https:\/\/www.bakeryturnkey.com\/pt\/wp-json\/wp\/v2\/types\/product"}],"replies":[{"embeddable":true,"href":"https:\/\/www.bakeryturnkey.com\/pt\/wp-json\/wp\/v2\/comments?post=4388"}],"wp:featuredmedia":[{"embeddable":true,"href":"https:\/\/www.bakeryturnkey.com\/pt\/wp-json\/wp\/v2\/media\/4389"}],"wp:attachment":[{"href":"https:\/\/www.bakeryturnkey.com\/pt\/wp-json\/wp\/v2\/media?parent=4388"}],"wp:term":[{"taxonomy":"product_cat","embeddable":true,"href":"https:\/\/www.bakeryturnkey.com\/pt\/wp-json\/wp\/v2\/product_cat?post=4388"},{"taxonomy":"product_tag","embeddable":true,"href":"https:\/\/www.bakeryturnkey.com\/pt\/wp-json\/wp\/v2\/product_tag?post=4388"}],"curies":[{"name":"wp","href":"https:\/\/api.w.org\/{rel}","templated":true}]}}