{"id":4370,"date":"2024-05-29T16:54:37","date_gmt":"2024-05-29T08:54:37","guid":{"rendered":"https:\/\/www.bakeryturnkey.com\/?post_type=product&#038;p=4370"},"modified":"2026-04-19T10:19:49","modified_gmt":"2026-04-19T02:19:49","slug":"automatic-biscuit-making-equipment","status":"publish","type":"product","link":"https:\/\/www.bakeryturnkey.com\/pt\/produto\/automatic-biscuit-making-equipment\/","title":{"rendered":"Equipamento autom\u00e1tico para fabrico de biscoitos el\u00e9trico e a g\u00e1s"},"content":{"rendered":"<p>O equipamento autom\u00e1tico para fabrico de biscoitos \u00e9 uma solu\u00e7\u00e3o eficiente e automatizada concebida para f\u00e1bricas de biscoitos, integrando v\u00e1rios elos de produ\u00e7\u00e3o fundamentais, como a mistura da massa, a forma\u00e7\u00e3o, a cozedura, o arrefecimento e a embalagem.<\/p>\n<p>O equipamento adopta tecnologia mecatr\u00f3nica avan\u00e7ada e um sistema de controlo inteligente, que pode reduzir a opera\u00e7\u00e3o manual, melhorar a efici\u00eancia da produ\u00e7\u00e3o e garantir a qualidade dos biscoitos.<\/p>\n<p><img loading=\"lazy\" decoding=\"async\" class=\"alignnone size-full wp-image-4371\" src=\"https:\/\/www.bakeryturnkey.com\/wp-content\/uploads\/2024\/05\/8-3.jpg\" alt=\"Equipamento de fabrico de biscoitos para venda\" width=\"600\" height=\"600\" srcset=\"https:\/\/www.bakeryturnkey.com\/wp-content\/uploads\/2024\/05\/8-3.jpg 600w, https:\/\/www.bakeryturnkey.com\/wp-content\/uploads\/2024\/05\/8-3-100x100.jpg 100w, https:\/\/www.bakeryturnkey.com\/wp-content\/uploads\/2024\/05\/8-3-300x300.jpg 300w, https:\/\/www.bakeryturnkey.com\/wp-content\/uploads\/2024\/05\/8-3-150x150.jpg 150w\" sizes=\"auto, (max-width: 600px) 100vw, 600px\" \/><\/p>\n<h2><strong>Carater\u00edsticas do equipamento industrial de fabrico de biscoitos<\/strong><\/h2>\n<ul>\n<li>Altamente automatizado: Desde a entrada da mat\u00e9ria-prima at\u00e9 \u00e0 sa\u00edda do produto acabado, todo o processo de produ\u00e7\u00e3o de bolachas \u00e9 operado com um bot\u00e3o atrav\u00e9s do sistema de controlo PLC e da interface de ecr\u00e3 t\u00e1til. Reduzir a interven\u00e7\u00e3o manual, reduzir os custos de m\u00e3o de obra e melhorar a seguran\u00e7a da produ\u00e7\u00e3o.<\/li>\n<li>Modo de produ\u00e7\u00e3o flex\u00edvel: O equipamento suporta a substitui\u00e7\u00e3o r\u00e1pida de uma variedade de moldes de bolachas, ajusta facilmente a forma e o tamanho do produto para satisfazer as diversas necessidades do mercado. Ao mesmo tempo, a capacidade de produ\u00e7\u00e3o \u00e9 ajust\u00e1vel para se adaptar \u00e0s mudan\u00e7as na procura de diferentes lotes de produ\u00e7\u00e3o.<\/li>\n<li>Controlo de qualidade preciso: O sistema de controlo da temperatura, da humidade e do tempo integrado no forno de t\u00fanel assegura que cada lote de biscoitos \u00e9 cozido uniformemente, com uma cor dourada e um sabor estaladi\u00e7o, e melhora os padr\u00f5es gerais de qualidade do produto.<\/li>\n<li>O forno na linha de produ\u00e7\u00e3o \u00e9 o equipamento principal. Tem uma variedade de m\u00e9todos de aquecimento, incluindo aquecimento el\u00e9trico, aquecimento a g\u00e1s natural, etc., para os clientes escolherem.<\/li>\n<li>Poupan\u00e7a de energia e prote\u00e7\u00e3o ambiental: O sistema de aquecimento de alta efici\u00eancia e a tecnologia de arrefecimento em circuito fechado s\u00e3o utilizados para reduzir o consumo de energia e as emiss\u00f5es ambientais, em conformidade com o conceito de produ\u00e7\u00e3o de desenvolvimento sustent\u00e1vel.<\/li>\n<li>F\u00e1cil de limpar e manter: O design do equipamento autom\u00e1tico de fabrico de bolachas segue as normas de higiene e os componentes principais podem ser rapidamente desmontados, o que \u00e9 conveniente para a limpeza di\u00e1ria e manuten\u00e7\u00e3o regular para garantir a seguran\u00e7a e higiene alimentar.<\/li>\n<li>Monitoriza\u00e7\u00e3o inteligente e aviso de falhas: equipado com um sistema de monitoriza\u00e7\u00e3o remota para monitorizar o estado da produ\u00e7\u00e3o em tempo real, detetar e avisar atempadamente de potenciais falhas e reduzir eficazmente o tempo de inatividade e os custos de manuten\u00e7\u00e3o.<\/li>\n<\/ul>\n<p>&nbsp;<\/p>\n<h2><strong>V\u00eddeo do equipamento de processamento de biscoitos<\/strong><\/h2>\n<div class=\"ast-oembed-container\"><iframe loading=\"lazy\" title=\"Linha de produ\u00e7\u00e3o industrial de biscoitos - Bakeryturnkey.com\" width=\"500\" height=\"281\" src=\"https:\/\/www.youtube.com\/embed\/hDhw-pCqGd8?feature=oembed\" frameborder=\"0\" allow=\"accelerometer; autoplay; clipboard-write; encrypted-media; gyroscope; picture-in-picture; web-share\" referrerpolicy=\"strict-origin-when-cross-origin\" allowfullscreen><\/iframe><\/div>\n<h2><strong>\u00c2mbito de aplica\u00e7\u00e3o:<\/strong><\/h2>\n<p>A m\u00e1quina tem diferentes modelos e v\u00e1rias capacidades de produ\u00e7\u00e3o, adequadas a todos os tipos de fabricantes de bolachas. Quer se trate de produ\u00e7\u00e3o industrial em grande escala ou das necessidades de personaliza\u00e7\u00e3o flex\u00edvel de pequenas e m\u00e9dias empresas, pode encontrar a configura\u00e7\u00e3o certa para satisfazer a procura crescente do mercado de produtos de biscoitos saud\u00e1veis e deliciosos.<\/p>\n<p>&nbsp;<\/p>\n<h2><strong>Vantagens do equipamento autom\u00e1tico de fabrico de bolachas<\/strong><\/h2>\n<ul>\n<li>Biblioteca rica em processos de fabrico de bolachas: com centenas de processos de fabrico de bolachas, simplifica o processo de produ\u00e7\u00e3o de bolachas, tornando o processo de produ\u00e7\u00e3o mais eficiente e conveniente.<\/li>\n<li>Elevada capacidade de produ\u00e7\u00e3o e padr\u00f5es elevados: Possu\u00edmos uma capacidade de produ\u00e7\u00e3o em grande escala, mantendo elevados padr\u00f5es de qualidade, compar\u00e1veis aos produtos de marcas de primeira linha no mercado.<\/li>\n<li>Disposi\u00e7\u00e3o do equipamento em conformidade com a HACCP: Prestamos servi\u00e7os de planeamento da disposi\u00e7\u00e3o do equipamento que cumprem as normas internacionais de seguran\u00e7a alimentar HACCP para garantir a higiene e a seguran\u00e7a no processo de produ\u00e7\u00e3o.<\/li>\n<li>Acess\u00edvel e econ\u00f3mico: Fornecer equipamento de processamento de bolachas de elevado desempenho a um pre\u00e7o razo\u00e1vel para garantir que os clientes obt\u00eam o melhor retorno do investimento.<\/li>\n<li>Rendimentos elevados e resultados de qualidade: rendimentos at\u00e9 95% ou mais asseguram que cada biscoito \u00e9 produzido com o melhor efeito poss\u00edvel, satisfazendo os elevados padr\u00f5es dos consumidores.<\/li>\n<\/ul>\n<p>&nbsp;<\/p>\n<h3><strong>Par\u00e2metros do produto:<\/strong><\/h3>\n<table id=\"zongheng-ccp-host\" border=\"0\" cellspacing=\"0\" cellpadding=\"0\" data-ctx=\"{&quot;cid&quot;:&quot;5769f7c3&quot;,&quot;time&quot;:1690975049619,&quot;docKey&quot;:&quot;vBPlNked7kB9ndG8&quot;}\">\n<tbody>\n<tr>\n<td class=\"s-8\">Modelo<\/td>\n<td class=\"s-8\">Capacidade<\/td>\n<td class=\"s-8\">Largura interior do forno de t\u00fanel<\/td>\n<td class=\"s-8\">M\u00e9todo de aquecimento<\/td>\n<td class=\"s-6\">Dimens\u00f5es<br \/>\n(sem m\u00e1quina de embalar)<\/td>\n<td class=\"s-8\">Tens\u00e3o<\/td>\n<\/tr>\n<tr>\n<td class=\"s-7\">GG-BG400\/420<\/td>\n<td class=\"s-7\">100-250kg\/h<\/td>\n<td class=\"s-7\">400\/420mm<\/td>\n<td class=\"s-7\">El\u00e9trico,G\u00e1s<\/td>\n<td class=\"s-7\">L45m*W5m*H2m<\/td>\n<td class=\"s-7\">380V 50HZ 3PH<\/td>\n<\/tr>\n<tr>\n<td class=\"s-7\">GG-BG600<\/td>\n<td class=\"s-7\">250-400kg\/h<\/td>\n<td class=\"s-7\">600 mm<\/td>\n<td class=\"s-7\">El\u00e9trico,G\u00e1s<\/td>\n<td class=\"s-7\">L50m*W5m*H2m<\/td>\n<td class=\"s-7\">380V 50HZ 3PH<\/td>\n<\/tr>\n<tr>\n<td class=\"s-7\">GG-BG800<\/td>\n<td class=\"s-7\">500-800kg\/h<\/td>\n<td class=\"s-7\">800 mm<\/td>\n<td class=\"s-7\">El\u00e9trico,G\u00e1s,Diesel<\/td>\n<td class=\"s-7\">L100m*L5m*H2,5m<\/td>\n<td class=\"s-7\">380V 50HZ 3PH<\/td>\n<\/tr>\n<tr>\n<td class=\"s-7\">GG-BG1000<\/td>\n<td class=\"s-7\">800-1000kg\/h<\/td>\n<td class=\"s-7\">1000mm<\/td>\n<td class=\"s-7\">El\u00e9trico,G\u00e1s,Diesel<\/td>\n<td class=\"s-7\">L105m*W12m*H3m<\/td>\n<td class=\"s-7\">380V 50HZ 3PH<\/td>\n<\/tr>\n<tr>\n<td class=\"s-7\">GG-BG1200<\/td>\n<td class=\"s-7\">800-1200kg\/h<\/td>\n<td class=\"s-7\">1200mm<\/td>\n<td class=\"s-7\">El\u00e9trico,G\u00e1s,Diesel<\/td>\n<td class=\"s-7\">L120m*W15m*H3m<\/td>\n<td class=\"s-7\">380V 50HZ 3PH<\/td>\n<\/tr>\n<\/tbody>\n<\/table>\n<p>&nbsp;<\/p>\n<h3><strong>Deixe o seu pedido de or\u00e7amento<\/strong><\/h3>\n<div id=\"wpcf7-f2977-p3974-o2\" class=\"wpcf7 js\" dir=\"ltr\" lang=\"en-US\">\n<div id=\"wpcf7-f2977-p3983-o2\" class=\"wpcf7 js\" dir=\"ltr\" lang=\"en-US\">\n<div class=\"wpcf7 no-js\" id=\"wpcf7-f2977-o1\" lang=\"en-US\" dir=\"ltr\">\n<div class=\"screen-reader-response\"><p role=\"status\" aria-live=\"polite\" aria-atomic=\"true\"><\/p> <ul><\/ul><\/div>\n<form action=\"\/pt\/wp-json\/wp\/v2\/product\/4370#wpcf7-f2977-o1\" method=\"post\" class=\"wpcf7-form init\" aria-label=\"Formul\u00e1rio de contacto\" novalidate=\"novalidate\" data-status=\"init\" data-trp-original-action=\"\/pt\/wp-json\/wp\/v2\/product\/4370#wpcf7-f2977-o1\">\n<div style=\"display: none;\">\n<input type=\"hidden\" name=\"_wpcf7\" value=\"2977\" \/>\n<input type=\"hidden\" name=\"_wpcf7_version\" value=\"5.7.7\" \/>\n<input type=\"hidden\" name=\"_wpcf7_locale\" value=\"en_US\" \/>\n<input type=\"hidden\" name=\"_wpcf7_unit_tag\" value=\"wpcf7-f2977-o1\" \/>\n<input type=\"hidden\" name=\"_wpcf7_container_post\" value=\"0\" \/>\n<input type=\"hidden\" name=\"_wpcf7_posted_data_hash\" value=\"\" \/>\n<\/div>\n<p><label> O seu nome*<br \/>\n<span class=\"wpcf7-form-control-wrap\" data-name=\"your-name\"><input size=\"40\" class=\"wpcf7-form-control wpcf7-text wpcf7-validates-as-required\" aria-required=\"true\" aria-invalid=\"false\" value=\"\" type=\"text\" name=\"your-name\" \/><\/span> <\/label>\n<\/p>\n<p><label> O seu pa\u00eds<br \/>\n<span class=\"wpcf7-form-control-wrap\" data-name=\"your-country\"><input size=\"40\" class=\"wpcf7-form-control wpcf7-text\" aria-invalid=\"false\" value=\"\" type=\"text\" name=\"your-country\" \/><\/span><\/label>\n<\/p>\n<p><label> O seu e-mail*<br \/>\n<span class=\"wpcf7-form-control-wrap\" data-name=\"your-email\"><input size=\"40\" class=\"wpcf7-form-control wpcf7-text wpcf7-email wpcf7-validates-as-required wpcf7-validates-as-email\" aria-required=\"true\" aria-invalid=\"false\" value=\"\" type=\"email\" name=\"your-email\" \/><\/span> <\/label>\n<\/p>\n<p><label> O seu telem\u00f3vel<br \/>\n<span class=\"wpcf7-form-control-wrap\" data-name=\"your-phone\"><input size=\"40\" class=\"wpcf7-form-control wpcf7-text\" aria-invalid=\"false\" value=\"\" type=\"text\" name=\"your-phone\" \/><\/span> <\/label>\n<\/p>\n<p><label> Nome da empresa<br \/>\n<span class=\"wpcf7-form-control-wrap\" data-name=\"text-529\"><input size=\"40\" class=\"wpcf7-form-control wpcf7-text\" aria-invalid=\"false\" value=\"\" type=\"text\" name=\"text-529\" \/><\/span> <\/label>\n<\/p>\n<p><label> S\u00edtio Web da empresa<br \/>\n<span class=\"wpcf7-form-control-wrap\" data-name=\"text-106\"><input size=\"40\" class=\"wpcf7-form-control wpcf7-text\" aria-invalid=\"false\" value=\"\" type=\"text\" name=\"text-106\" \/><\/span> <\/label>\n<\/p>\n<p><label> A sua mensagem*<br \/>\n<span class=\"wpcf7-form-control-wrap\" data-name=\"your-message\"><textarea cols=\"40\" rows=\"10\" class=\"wpcf7-form-control wpcf7-textarea wpcf7-validates-as-required\" aria-required=\"true\" aria-invalid=\"false\" name=\"your-message\"><\/textarea><\/span> <\/label>\n<\/p>\n<p><input class=\"wpcf7-form-control has-spinner wpcf7-submit\" type=\"submit\" value=\"Enviar\" \/>\n<\/p><p style=\"display: none !important;\" class=\"akismet-fields-container\" data-prefix=\"_wpcf7_ak_\"><label>&#916;<textarea name=\"_wpcf7_ak_hp_textarea\" cols=\"45\" rows=\"8\" maxlength=\"100\"><\/textarea><\/label><input type=\"hidden\" id=\"ak_js_1\" name=\"_wpcf7_ak_js\" value=\"218\"\/><script>document.getElementById( \"ak_js_1\" ).setAttribute( \"value\", ( new Date() ).getTime() );<\/script><\/p><div class=\"wpcf7-response-output\" aria-hidden=\"true\"><\/div>\n<input type=\"hidden\" name=\"trp-form-language\" value=\"pt\"\/><\/form>\n<\/div>\n<\/div>\n<\/div>\n<div style='text-align:left' class='yasr-auto-insert-visitor'><\/div>","protected":false},"excerpt":{"rendered":"<p>O equipamento autom\u00e1tico para fabrico de bolachas \u00e9 uma solu\u00e7\u00e3o eficiente e automatizada concebida para f\u00e1bricas de bolachas, integrando v\u00e1rios elos de produ\u00e7\u00e3o fundamentais, como a mistura da massa, a forma\u00e7\u00e3o, a cozedura, o arrefecimento e a embalagem. O equipamento adopta tecnologia mecatr\u00f3nica avan\u00e7ada e sistema de controlo inteligente, que pode reduzir a opera\u00e7\u00e3o manual, melhorar a efici\u00eancia da produ\u00e7\u00e3o e garantir a qualidade do biscoito. Carater\u00edsticas da M\u00e1quina Industrial de Biscoitos ...<\/p>\n<p class=\"read-more\"> <a class=\"\" href=\"https:\/\/www.bakeryturnkey.com\/pt\/produto\/automatic-biscuit-making-equipment\/\"> <span class=\"screen-reader-text\">Equipamento autom\u00e1tico para fabrico de biscoitos el\u00e9trico e a g\u00e1s<\/span> Ler mais \"<\/a><\/p>","protected":false},"featured_media":4373,"comment_status":"open","ping_status":"closed","template":"","meta":{"site-sidebar-layout":"default","site-content-layout":"default","ast-main-header-display":"","ast-hfb-above-header-display":"","ast-hfb-below-header-display":"","ast-hfb-mobile-header-display":"","site-post-title":"","ast-breadcrumbs-content":"","ast-featured-img":"","footer-sml-layout":"","theme-transparent-header-meta":"default","adv-header-id-meta":"","stick-header-meta":"","header-above-stick-meta":"","header-main-stick-meta":"","header-below-stick-meta":"","yasr_overall_rating":0,"yasr_post_is_review":"","yasr_auto_insert_disabled":"","yasr_review_type":""},"product_cat":[15],"product_tag":[],"class_list":["post-4370","product","type-product","status-publish","has-post-thumbnail","hentry","product_cat-biscuit-machinery"],"yoast_head":"<!-- This site is optimized with the Yoast SEO plugin v27.5 - https:\/\/yoast.com\/product\/yoast-seo-wordpress\/ -->\n<title>Automatic Biscuit Making Equipment Electric and Gas<\/title>\n<meta name=\"description\" content=\"Automatic biscuit making equipment is an efficient solution designed for biscuit factories, includes dough mixer, former, oven, packager and so on.\" \/>\n<meta name=\"robots\" content=\"index, follow, max-snippet:-1, max-image-preview:large, max-video-preview:-1\" \/>\n<link rel=\"canonical\" href=\"https:\/\/www.bakeryturnkey.com\/pt\/produto\/automatic-biscuit-making-equipment\/\" \/>\n<meta property=\"og:locale\" content=\"pt_PT\" \/>\n<meta property=\"og:type\" content=\"article\" \/>\n<meta property=\"og:title\" content=\"Automatic Biscuit Making Equipment Electric and Gas\" \/>\n<meta property=\"og:description\" content=\"Automatic biscuit making equipment is an efficient solution designed for biscuit factories, includes dough mixer, former, oven, packager and so on.\" \/>\n<meta property=\"og:url\" content=\"https:\/\/www.bakeryturnkey.com\/pt\/produto\/automatic-biscuit-making-equipment\/\" \/>\n<meta property=\"og:site_name\" content=\"Bakery Food Processing Equipment Manufacturer\" \/>\n<meta property=\"article:modified_time\" content=\"2026-04-19T02:19:49+00:00\" \/>\n<meta property=\"og:image\" content=\"https:\/\/www.bakeryturnkey.com\/wp-content\/uploads\/2024\/05\/6-6.jpg\" \/>\n\t<meta property=\"og:image:width\" content=\"800\" \/>\n\t<meta property=\"og:image:height\" content=\"800\" \/>\n\t<meta property=\"og:image:type\" content=\"image\/jpeg\" \/>\n<meta name=\"twitter:card\" content=\"summary_large_image\" \/>\n<meta name=\"twitter:label1\" content=\"Tempo estimado de leitura\" \/>\n\t<meta name=\"twitter:data1\" content=\"3 minutos\" \/>\n<script type=\"application\/ld+json\" class=\"yoast-schema-graph\">{\"@context\":\"https:\\\/\\\/schema.org\",\"@graph\":[{\"@type\":\"WebPage\",\"@id\":\"https:\\\/\\\/www.bakeryturnkey.com\\\/product\\\/automatic-biscuit-making-equipment\\\/\",\"url\":\"https:\\\/\\\/www.bakeryturnkey.com\\\/product\\\/automatic-biscuit-making-equipment\\\/\",\"name\":\"Automatic Biscuit Making Equipment Electric and Gas\",\"isPartOf\":{\"@id\":\"https:\\\/\\\/www.bakeryturnkey.com\\\/#website\"},\"primaryImageOfPage\":{\"@id\":\"https:\\\/\\\/www.bakeryturnkey.com\\\/product\\\/automatic-biscuit-making-equipment\\\/#primaryimage\"},\"image\":{\"@id\":\"https:\\\/\\\/www.bakeryturnkey.com\\\/product\\\/automatic-biscuit-making-equipment\\\/#primaryimage\"},\"thumbnailUrl\":\"https:\\\/\\\/www.bakeryturnkey.com\\\/wp-content\\\/uploads\\\/2024\\\/05\\\/6-6.jpg\",\"datePublished\":\"2024-05-29T08:54:37+00:00\",\"dateModified\":\"2026-04-19T02:19:49+00:00\",\"description\":\"Automatic biscuit making equipment is an efficient solution designed for biscuit factories, includes dough mixer, former, oven, packager and so on.\",\"breadcrumb\":{\"@id\":\"https:\\\/\\\/www.bakeryturnkey.com\\\/product\\\/automatic-biscuit-making-equipment\\\/#breadcrumb\"},\"inLanguage\":\"pt-PT\",\"potentialAction\":[{\"@type\":\"ReadAction\",\"target\":[\"https:\\\/\\\/www.bakeryturnkey.com\\\/product\\\/automatic-biscuit-making-equipment\\\/\"]}]},{\"@type\":\"ImageObject\",\"inLanguage\":\"pt-PT\",\"@id\":\"https:\\\/\\\/www.bakeryturnkey.com\\\/product\\\/automatic-biscuit-making-equipment\\\/#primaryimage\",\"url\":\"https:\\\/\\\/www.bakeryturnkey.com\\\/wp-content\\\/uploads\\\/2024\\\/05\\\/6-6.jpg\",\"contentUrl\":\"https:\\\/\\\/www.bakeryturnkey.com\\\/wp-content\\\/uploads\\\/2024\\\/05\\\/6-6.jpg\",\"width\":800,\"height\":800,\"caption\":\"Industrial Biscuit Making Equipment\"},{\"@type\":\"BreadcrumbList\",\"@id\":\"https:\\\/\\\/www.bakeryturnkey.com\\\/product\\\/automatic-biscuit-making-equipment\\\/#breadcrumb\",\"itemListElement\":[{\"@type\":\"ListItem\",\"position\":1,\"name\":\"Home\",\"item\":\"https:\\\/\\\/www.bakeryturnkey.com\\\/\"},{\"@type\":\"ListItem\",\"position\":2,\"name\":\"Products\",\"item\":\"https:\\\/\\\/www.bakeryturnkey.com\\\/products\\\/\"},{\"@type\":\"ListItem\",\"position\":3,\"name\":\"Automatic Biscuit Making Equipment Electric and Gas\"}]},{\"@type\":\"WebSite\",\"@id\":\"https:\\\/\\\/www.bakeryturnkey.com\\\/#website\",\"url\":\"https:\\\/\\\/www.bakeryturnkey.com\\\/\",\"name\":\"Bakery Food Processing Equipment Manufacturer\",\"description\":\"Bakery Food Solutions Provider\",\"publisher\":{\"@id\":\"https:\\\/\\\/www.bakeryturnkey.com\\\/#organization\"},\"potentialAction\":[{\"@type\":\"SearchAction\",\"target\":{\"@type\":\"EntryPoint\",\"urlTemplate\":\"https:\\\/\\\/www.bakeryturnkey.com\\\/?s={search_term_string}\"},\"query-input\":{\"@type\":\"PropertyValueSpecification\",\"valueRequired\":true,\"valueName\":\"search_term_string\"}}],\"inLanguage\":\"pt-PT\"},{\"@type\":\"Organization\",\"@id\":\"https:\\\/\\\/www.bakeryturnkey.com\\\/#organization\",\"name\":\"Bakery Food Processing Equipment Manufacturer\",\"url\":\"https:\\\/\\\/www.bakeryturnkey.com\\\/\",\"logo\":{\"@type\":\"ImageObject\",\"inLanguage\":\"pt-PT\",\"@id\":\"https:\\\/\\\/www.bakeryturnkey.com\\\/#\\\/schema\\\/logo\\\/image\\\/\",\"url\":\"https:\\\/\\\/www.bakeryturnkey.com\\\/wp-content\\\/uploads\\\/2022\\\/03\\\/cropped-13-1.png\",\"contentUrl\":\"https:\\\/\\\/www.bakeryturnkey.com\\\/wp-content\\\/uploads\\\/2022\\\/03\\\/cropped-13-1.png\",\"width\":512,\"height\":429,\"caption\":\"Bakery Food Processing Equipment Manufacturer\"},\"image\":{\"@id\":\"https:\\\/\\\/www.bakeryturnkey.com\\\/#\\\/schema\\\/logo\\\/image\\\/\"}},false]}<\/script>\n<!-- \/ Yoast SEO plugin. -->","yoast_head_json":{"title":"Automatic Biscuit Making Equipment Electric and Gas","description":"Automatic biscuit making equipment is an efficient solution designed for biscuit factories, includes dough mixer, former, oven, packager and so on.","robots":{"index":"index","follow":"follow","max-snippet":"max-snippet:-1","max-image-preview":"max-image-preview:large","max-video-preview":"max-video-preview:-1"},"canonical":"https:\/\/www.bakeryturnkey.com\/pt\/produto\/automatic-biscuit-making-equipment\/","og_locale":"pt_PT","og_type":"article","og_title":"Automatic Biscuit Making Equipment Electric and Gas","og_description":"Automatic biscuit making equipment is an efficient solution designed for biscuit factories, includes dough mixer, former, oven, packager and so on.","og_url":"https:\/\/www.bakeryturnkey.com\/pt\/produto\/automatic-biscuit-making-equipment\/","og_site_name":"Bakery Food Processing Equipment Manufacturer","article_modified_time":"2026-04-19T02:19:49+00:00","og_image":[{"width":800,"height":800,"url":"https:\/\/www.bakeryturnkey.com\/wp-content\/uploads\/2024\/05\/6-6.jpg","type":"image\/jpeg"}],"twitter_card":"summary_large_image","twitter_misc":{"Tempo estimado de leitura":"3 minutos"},"schema":{"@context":"https:\/\/schema.org","@graph":[{"@type":"WebPage","@id":"https:\/\/www.bakeryturnkey.com\/product\/automatic-biscuit-making-equipment\/","url":"https:\/\/www.bakeryturnkey.com\/product\/automatic-biscuit-making-equipment\/","name":"Automatic Biscuit Making Equipment Electric and Gas","isPartOf":{"@id":"https:\/\/www.bakeryturnkey.com\/#website"},"primaryImageOfPage":{"@id":"https:\/\/www.bakeryturnkey.com\/product\/automatic-biscuit-making-equipment\/#primaryimage"},"image":{"@id":"https:\/\/www.bakeryturnkey.com\/product\/automatic-biscuit-making-equipment\/#primaryimage"},"thumbnailUrl":"https:\/\/www.bakeryturnkey.com\/wp-content\/uploads\/2024\/05\/6-6.jpg","datePublished":"2024-05-29T08:54:37+00:00","dateModified":"2026-04-19T02:19:49+00:00","description":"Automatic biscuit making equipment is an efficient solution designed for biscuit factories, includes dough mixer, former, oven, packager and so on.","breadcrumb":{"@id":"https:\/\/www.bakeryturnkey.com\/product\/automatic-biscuit-making-equipment\/#breadcrumb"},"inLanguage":"pt-PT","potentialAction":[{"@type":"ReadAction","target":["https:\/\/www.bakeryturnkey.com\/product\/automatic-biscuit-making-equipment\/"]}]},{"@type":"ImageObject","inLanguage":"pt-PT","@id":"https:\/\/www.bakeryturnkey.com\/product\/automatic-biscuit-making-equipment\/#primaryimage","url":"https:\/\/www.bakeryturnkey.com\/wp-content\/uploads\/2024\/05\/6-6.jpg","contentUrl":"https:\/\/www.bakeryturnkey.com\/wp-content\/uploads\/2024\/05\/6-6.jpg","width":800,"height":800,"caption":"Industrial Biscuit Making Equipment"},{"@type":"BreadcrumbList","@id":"https:\/\/www.bakeryturnkey.com\/product\/automatic-biscuit-making-equipment\/#breadcrumb","itemListElement":[{"@type":"ListItem","position":1,"name":"Home","item":"https:\/\/www.bakeryturnkey.com\/"},{"@type":"ListItem","position":2,"name":"Products","item":"https:\/\/www.bakeryturnkey.com\/products\/"},{"@type":"ListItem","position":3,"name":"Automatic Biscuit Making Equipment Electric and Gas"}]},{"@type":"WebSite","@id":"https:\/\/www.bakeryturnkey.com\/#website","url":"https:\/\/www.bakeryturnkey.com\/","name":"Bakery Food Processing Equipment Manufacturer","description":"Bakery Food Solutions Provider","publisher":{"@id":"https:\/\/www.bakeryturnkey.com\/#organization"},"potentialAction":[{"@type":"SearchAction","target":{"@type":"EntryPoint","urlTemplate":"https:\/\/www.bakeryturnkey.com\/?s={search_term_string}"},"query-input":{"@type":"PropertyValueSpecification","valueRequired":true,"valueName":"search_term_string"}}],"inLanguage":"pt-PT"},{"@type":"Organization","@id":"https:\/\/www.bakeryturnkey.com\/#organization","name":"Bakery Food Processing Equipment Manufacturer","url":"https:\/\/www.bakeryturnkey.com\/","logo":{"@type":"ImageObject","inLanguage":"pt-PT","@id":"https:\/\/www.bakeryturnkey.com\/#\/schema\/logo\/image\/","url":"https:\/\/www.bakeryturnkey.com\/wp-content\/uploads\/2022\/03\/cropped-13-1.png","contentUrl":"https:\/\/www.bakeryturnkey.com\/wp-content\/uploads\/2022\/03\/cropped-13-1.png","width":512,"height":429,"caption":"Bakery Food Processing Equipment Manufacturer"},"image":{"@id":"https:\/\/www.bakeryturnkey.com\/#\/schema\/logo\/image\/"}},false]}},"yasr_visitor_votes":{"stars_attributes":{"read_only":false,"span_bottom":false},"number_of_votes":0,"sum_votes":0},"_links":{"self":[{"href":"https:\/\/www.bakeryturnkey.com\/pt\/wp-json\/wp\/v2\/product\/4370","targetHints":{"allow":["GET"]}}],"collection":[{"href":"https:\/\/www.bakeryturnkey.com\/pt\/wp-json\/wp\/v2\/product"}],"about":[{"href":"https:\/\/www.bakeryturnkey.com\/pt\/wp-json\/wp\/v2\/types\/product"}],"replies":[{"embeddable":true,"href":"https:\/\/www.bakeryturnkey.com\/pt\/wp-json\/wp\/v2\/comments?post=4370"}],"wp:featuredmedia":[{"embeddable":true,"href":"https:\/\/www.bakeryturnkey.com\/pt\/wp-json\/wp\/v2\/media\/4373"}],"wp:attachment":[{"href":"https:\/\/www.bakeryturnkey.com\/pt\/wp-json\/wp\/v2\/media?parent=4370"}],"wp:term":[{"taxonomy":"product_cat","embeddable":true,"href":"https:\/\/www.bakeryturnkey.com\/pt\/wp-json\/wp\/v2\/product_cat?post=4370"},{"taxonomy":"product_tag","embeddable":true,"href":"https:\/\/www.bakeryturnkey.com\/pt\/wp-json\/wp\/v2\/product_tag?post=4370"}],"curies":[{"name":"wp","href":"https:\/\/api.w.org\/{rel}","templated":true}]}}