{"id":4336,"date":"2024-05-23T13:41:07","date_gmt":"2024-05-23T05:41:07","guid":{"rendered":"https:\/\/www.bakeryturnkey.com\/?post_type=product&#038;p=4336"},"modified":"2024-05-23T13:43:15","modified_gmt":"2024-05-23T05:43:15","slug":"brownie-production-line","status":"publish","type":"product","link":"https:\/\/www.bakeryturnkey.com\/pt\/produto\/brownie-production-line\/","title":{"rendered":"Linha de produ\u00e7\u00e3o de brownie de chocolate para personaliza\u00e7\u00e3o"},"content":{"rendered":"<p>A linha de produ\u00e7\u00e3o de brownie de chocolate \u00e9 uma solu\u00e7\u00e3o profissional personaliz\u00e1vel para a ind\u00fastria de panifica\u00e7\u00e3o. Pode produzir brownies de chocolate que satisfazem a elevada procura dos consumidores em termos de sabor e estilo.<\/p>\n<p>Esta linha de brownies destaca-se pela sua versatilidade e adaptabilidade. N\u00e3o se limita a produzir apenas um tipo de bolos de brownie; as carater\u00edsticas personaliz\u00e1veis permitem a cria\u00e7\u00e3o de uma variedade de bolos.<\/p>\n<p><img loading=\"lazy\" decoding=\"async\" class=\"alignnone size-full wp-image-4338\" src=\"https:\/\/www.bakeryturnkey.com\/wp-content\/uploads\/2024\/05\/6-1.jpg\" alt=\"Linha de Produ\u00e7\u00e3o de Bolo Brownie Fabricante\" width=\"600\" height=\"600\" srcset=\"https:\/\/www.bakeryturnkey.com\/wp-content\/uploads\/2024\/05\/6-1.jpg 600w, https:\/\/www.bakeryturnkey.com\/wp-content\/uploads\/2024\/05\/6-1-100x100.jpg 100w, https:\/\/www.bakeryturnkey.com\/wp-content\/uploads\/2024\/05\/6-1-300x300.jpg 300w, https:\/\/www.bakeryturnkey.com\/wp-content\/uploads\/2024\/05\/6-1-150x150.jpg 150w\" sizes=\"auto, (max-width: 600px) 100vw, 600px\" \/><\/p>\n<h2><strong>Carater\u00edsticas da Linha de Produ\u00e7\u00e3o de Brownie de Chocolate<\/strong><\/h2>\n<ul>\n<li>O elevado grau de automatiza\u00e7\u00e3o: adoptando tecnologia de automatiza\u00e7\u00e3o avan\u00e7ada, todo o processo, desde a mistura da massa, moldagem e cozedura at\u00e9 ao arrefecimento e embalagem do bolo, quase n\u00e3o requer interven\u00e7\u00e3o humana, garantindo uniformidade na efici\u00eancia da produ\u00e7\u00e3o e na qualidade do produto.<\/li>\n<li>Design personaliz\u00e1vel: a linha de produ\u00e7\u00e3o pode ser personalizada de acordo com as necessidades espec\u00edficas dos clientes, quer se trate da escala de produ\u00e7\u00e3o, tipos de bolos ou receitas especiais, pode ser ajustada de forma flex\u00edvel para satisfazer as necessidades \u00fanicas de diferentes clientes.<\/li>\n<li>Estrutura modular: A linha de produ\u00e7\u00e3o de bolos de brownie apresenta um design modular, simplificando a instala\u00e7\u00e3o e a manuten\u00e7\u00e3o. Permite que os m\u00f3dulos individuais sejam substitu\u00eddos ou actualizados, adaptando-se facilmente \u00e0s diferentes necessidades de produ\u00e7\u00e3o e \u00e0s mudan\u00e7as tecnol\u00f3gicas.<\/li>\n<li>Poupan\u00e7a de energia e elevada efici\u00eancia: A m\u00e1quina foi concebida tendo em conta a efici\u00eancia energ\u00e9tica e adopta tecnologia e equipamento de cozedura economizadores de energia, o que reduz o consumo de energia, mantendo uma elevada efici\u00eancia na produ\u00e7\u00e3o de brownies.<\/li>\n<li>Higi\u00e9nico e seguro: toda a linha de produ\u00e7\u00e3o de brownies de chocolate cumpre rigorosamente as normas de seguran\u00e7a alimentar, adoptando um ambiente de produ\u00e7\u00e3o fechado e um sistema de limpeza automatizado para garantir brownies seguros e higi\u00e9nicos durante a produ\u00e7\u00e3o.<\/li>\n<\/ul>\n<p>&nbsp;<\/p>\n<h2><strong>V\u00eddeo de trabalho<\/strong><\/h2>\n<div class=\"ast-oembed-container\"><iframe loading=\"lazy\" title=\"M\u00e1quina de fazer bolos totalmente autom\u00e1tica Fabricante GELGOOG\" width=\"500\" height=\"281\" src=\"https:\/\/www.youtube.com\/embed\/_kmBTi8rFBg?feature=oembed\" frameborder=\"0\" allow=\"accelerometer; autoplay; clipboard-write; encrypted-media; gyroscope; picture-in-picture; web-share\" referrerpolicy=\"strict-origin-when-cross-origin\" allowfullscreen><\/iframe><\/div>\n<h2><strong>Vantagens da linha de Brownie de Chocolate<\/strong><\/h2>\n<ul>\n<li>Melhorar a efici\u00eancia da produ\u00e7\u00e3o: Os processos de produ\u00e7\u00e3o automatizados reduzem em grande medida a necessidade de m\u00e3o de obra. A melhoria da efici\u00eancia torna a produ\u00e7\u00e3o de brownies de chocolate mais r\u00e1pida e mais eficiente.<\/li>\n<li>Reduzir os custos de produ\u00e7\u00e3o: A linha de produ\u00e7\u00e3o reduz a utiliza\u00e7\u00e3o de m\u00e3o de obra durante o funcionamento, o que tamb\u00e9m ajuda a reduzir os custos de produ\u00e7\u00e3o e a melhorar a competitividade da empresa no mercado.<\/li>\n<li>Garantir a qualidade do produto: O impacto dos factores humanos na qualidade do produto \u00e9 reduzido durante a produ\u00e7\u00e3o, assegurando que cada lote de bolos de brownie de chocolate pode atingir padr\u00f5es consistentes.<\/li>\n<li>Melhorar a adaptabilidade do mercado: Devido \u00e0 natureza personaliz\u00e1vel da linha de processamento de brownies, as empresas podem responder rapidamente \u00e0s altera\u00e7\u00f5es do mercado, ajustar as categorias de produtos e produzir bolos mais diversificados para satisfazer as necessidades dos consumidores.<\/li>\n<li>Melhorar a imagem da marca: A utiliza\u00e7\u00e3o de equipamento de produ\u00e7\u00e3o moderno e automatizado pode melhorar a imagem de marca da empresa e demonstrar o seu empenho na qualidade e inova\u00e7\u00e3o dos produtos.<\/li>\n<li>Expandir a escala de produ\u00e7\u00e3o: \u00c0 medida que a procura do mercado cresce, a linha de produ\u00e7\u00e3o de bolos de brownie pode ser facilmente expandida, com uma variedade de modelos dispon\u00edveis para ajudar as empresas a expandir a escala de produ\u00e7\u00e3o e a satisfazer uma maior procura do mercado.<\/li>\n<\/ul>\n<p>&nbsp;<\/p>\n<p><strong>Quando se opera uma linha de produ\u00e7\u00e3o, os pontos mais cr\u00edticos a ter em conta s\u00e3o os seguintes<\/strong><\/p>\n<ul>\n<li>Forma\u00e7\u00e3o em mat\u00e9ria de seguran\u00e7a: Assegurar que todos os operadores recebem a forma\u00e7\u00e3o de seguran\u00e7a necess\u00e1ria e est\u00e3o familiarizados com o funcionamento do equipamento e os procedimentos de emerg\u00eancia.<\/li>\n<li>Seguir o manual de instru\u00e7\u00f5es: Seguir rigorosamente o manual de instru\u00e7\u00f5es do fabricante para garantir a conformidade.<\/li>\n<li>Manuten\u00e7\u00e3o programada: Implementar um programa regular de inspe\u00e7\u00e3o e manuten\u00e7\u00e3o do equipamento para manter o desempenho ideal da sua linha de produ\u00e7\u00e3o.<\/li>\n<li>Manter a limpeza: Manter a limpeza na linha de produ\u00e7\u00e3o de brownies de chocolate e seguir pr\u00e1ticas rigorosas de seguran\u00e7a e higiene alimentar.<\/li>\n<li>Monitoriza\u00e7\u00e3o da produ\u00e7\u00e3o: Monitorizar continuamente as linhas de produ\u00e7\u00e3o para garantir que a qualidade do produto cumpre sempre as normas estabelecidas.<\/li>\n<li>Resposta de emerg\u00eancia: Familiarize-se com os procedimentos de paragem de emerg\u00eancia para garantir uma a\u00e7\u00e3o r\u00e1pida e correta em caso de emerg\u00eancia.<\/li>\n<\/ul>\n<p>&nbsp;<\/p>\n<h3><strong>Deixe o seu pedido de or\u00e7amento<\/strong><\/h3>\n\n<div class=\"wpcf7 no-js\" id=\"wpcf7-f2977-o1\" lang=\"en-US\" dir=\"ltr\">\n<div class=\"screen-reader-response\"><p role=\"status\" aria-live=\"polite\" aria-atomic=\"true\"><\/p> <ul><\/ul><\/div>\n<form action=\"\/pt\/wp-json\/wp\/v2\/product\/4336#wpcf7-f2977-o1\" method=\"post\" class=\"wpcf7-form init\" aria-label=\"Formul\u00e1rio de contacto\" novalidate=\"novalidate\" data-status=\"init\" data-trp-original-action=\"\/pt\/wp-json\/wp\/v2\/product\/4336#wpcf7-f2977-o1\">\n<div style=\"display: none;\">\n<input type=\"hidden\" name=\"_wpcf7\" value=\"2977\" \/>\n<input type=\"hidden\" name=\"_wpcf7_version\" value=\"5.7.7\" \/>\n<input type=\"hidden\" name=\"_wpcf7_locale\" value=\"en_US\" \/>\n<input type=\"hidden\" name=\"_wpcf7_unit_tag\" value=\"wpcf7-f2977-o1\" \/>\n<input type=\"hidden\" name=\"_wpcf7_container_post\" value=\"0\" \/>\n<input type=\"hidden\" name=\"_wpcf7_posted_data_hash\" value=\"\" \/>\n<\/div>\n<p><label> O seu nome*<br \/>\n<span class=\"wpcf7-form-control-wrap\" data-name=\"your-name\"><input size=\"40\" class=\"wpcf7-form-control wpcf7-text wpcf7-validates-as-required\" aria-required=\"true\" aria-invalid=\"false\" value=\"\" type=\"text\" name=\"your-name\" \/><\/span> <\/label>\n<\/p>\n<p><label> O seu pa\u00eds<br \/>\n<span class=\"wpcf7-form-control-wrap\" data-name=\"your-country\"><input size=\"40\" class=\"wpcf7-form-control wpcf7-text\" aria-invalid=\"false\" value=\"\" type=\"text\" name=\"your-country\" \/><\/span><\/label>\n<\/p>\n<p><label> O seu e-mail*<br \/>\n<span class=\"wpcf7-form-control-wrap\" data-name=\"your-email\"><input size=\"40\" class=\"wpcf7-form-control wpcf7-text wpcf7-email wpcf7-validates-as-required wpcf7-validates-as-email\" aria-required=\"true\" aria-invalid=\"false\" value=\"\" type=\"email\" name=\"your-email\" \/><\/span> <\/label>\n<\/p>\n<p><label> O seu telem\u00f3vel<br \/>\n<span class=\"wpcf7-form-control-wrap\" data-name=\"your-phone\"><input size=\"40\" class=\"wpcf7-form-control wpcf7-text\" aria-invalid=\"false\" value=\"\" type=\"text\" name=\"your-phone\" \/><\/span> <\/label>\n<\/p>\n<p><label> Nome da empresa<br \/>\n<span class=\"wpcf7-form-control-wrap\" data-name=\"text-529\"><input size=\"40\" class=\"wpcf7-form-control wpcf7-text\" aria-invalid=\"false\" value=\"\" type=\"text\" name=\"text-529\" \/><\/span> <\/label>\n<\/p>\n<p><label> S\u00edtio Web da empresa<br \/>\n<span class=\"wpcf7-form-control-wrap\" data-name=\"text-106\"><input size=\"40\" class=\"wpcf7-form-control wpcf7-text\" aria-invalid=\"false\" value=\"\" type=\"text\" name=\"text-106\" \/><\/span> <\/label>\n<\/p>\n<p><label> A sua mensagem*<br \/>\n<span class=\"wpcf7-form-control-wrap\" data-name=\"your-message\"><textarea cols=\"40\" rows=\"10\" class=\"wpcf7-form-control wpcf7-textarea wpcf7-validates-as-required\" aria-required=\"true\" aria-invalid=\"false\" name=\"your-message\"><\/textarea><\/span> <\/label>\n<\/p>\n<p><input class=\"wpcf7-form-control has-spinner wpcf7-submit\" type=\"submit\" value=\"Enviar\" \/>\n<\/p><p style=\"display: none !important;\" class=\"akismet-fields-container\" data-prefix=\"_wpcf7_ak_\"><label>&#916;<textarea name=\"_wpcf7_ak_hp_textarea\" cols=\"45\" rows=\"8\" maxlength=\"100\"><\/textarea><\/label><input type=\"hidden\" id=\"ak_js_1\" name=\"_wpcf7_ak_js\" value=\"225\"\/><script>document.getElementById( \"ak_js_1\" ).setAttribute( \"value\", ( new Date() ).getTime() );<\/script><\/p><div class=\"wpcf7-response-output\" aria-hidden=\"true\"><\/div>\n<input type=\"hidden\" name=\"trp-form-language\" value=\"pt\"\/><\/form>\n<\/div>\n\n<div style='text-align:left' class='yasr-auto-insert-visitor'><\/div>","protected":false},"excerpt":{"rendered":"<p>A linha de produ\u00e7\u00e3o de brownie de chocolate \u00e9 uma solu\u00e7\u00e3o profissional personaliz\u00e1vel para a ind\u00fastria de panifica\u00e7\u00e3o. Pode produzir brownies de chocolate que satisfazem as elevadas exig\u00eancias dos consumidores em termos de sabor e estilo. Esta linha de brownies destaca-se pela sua versatilidade e adaptabilidade. N\u00e3o se limita a produzir apenas um tipo de bolos de brownie; as carater\u00edsticas personaliz\u00e1veis permitem a cria\u00e7\u00e3o de ...<\/p>\n<p class=\"read-more\"> <a class=\"\" href=\"https:\/\/www.bakeryturnkey.com\/pt\/produto\/brownie-production-line\/\"> <span class=\"screen-reader-text\">Linha de produ\u00e7\u00e3o de brownie de chocolate para personaliza\u00e7\u00e3o<\/span> Ler mais \"<\/a><\/p>","protected":false},"featured_media":4337,"comment_status":"open","ping_status":"closed","template":"","meta":{"site-sidebar-layout":"default","site-content-layout":"default","ast-main-header-display":"","ast-hfb-above-header-display":"","ast-hfb-below-header-display":"","ast-hfb-mobile-header-display":"","site-post-title":"","ast-breadcrumbs-content":"","ast-featured-img":"","footer-sml-layout":"","theme-transparent-header-meta":"default","adv-header-id-meta":"","stick-header-meta":"","header-above-stick-meta":"","header-main-stick-meta":"","header-below-stick-meta":"","yasr_overall_rating":0,"yasr_post_is_review":"","yasr_auto_insert_disabled":"","yasr_review_type":""},"product_cat":[26],"product_tag":[],"class_list":["post-4336","product","type-product","status-publish","has-post-thumbnail","hentry","product_cat-cake-machinery"],"yoast_head":"<!-- This site is optimized with the Yoast SEO plugin v27.5 - https:\/\/yoast.com\/product\/yoast-seo-wordpress\/ -->\n<title>Chocolate Brownie Production Line for Customizable<\/title>\n<meta name=\"description\" content=\"The chocolate brownie production line is suitable for large scale chocolate brownie manufacturing. Customized functions meet the needs of different users.\" \/>\n<meta name=\"robots\" content=\"index, follow, max-snippet:-1, max-image-preview:large, max-video-preview:-1\" \/>\n<link rel=\"canonical\" href=\"https:\/\/www.bakeryturnkey.com\/pt\/produto\/brownie-production-line\/\" \/>\n<meta property=\"og:locale\" content=\"pt_PT\" \/>\n<meta property=\"og:type\" content=\"article\" \/>\n<meta property=\"og:title\" content=\"Chocolate Brownie Production Line for Customizable\" \/>\n<meta property=\"og:description\" content=\"The chocolate brownie production line is suitable for large scale chocolate brownie manufacturing. Customized functions meet the needs of different users.\" \/>\n<meta property=\"og:url\" content=\"https:\/\/www.bakeryturnkey.com\/pt\/produto\/brownie-production-line\/\" \/>\n<meta property=\"og:site_name\" content=\"Bakery Food Processing Equipment Manufacturer\" \/>\n<meta property=\"article:modified_time\" content=\"2024-05-23T05:43:15+00:00\" \/>\n<meta property=\"og:image\" content=\"https:\/\/www.bakeryturnkey.com\/wp-content\/uploads\/2024\/05\/42.jpg\" \/>\n\t<meta property=\"og:image:width\" content=\"800\" \/>\n\t<meta property=\"og:image:height\" content=\"800\" \/>\n\t<meta property=\"og:image:type\" content=\"image\/jpeg\" \/>\n<meta name=\"twitter:card\" content=\"summary_large_image\" \/>\n<meta name=\"twitter:label1\" content=\"Tempo estimado de leitura\" \/>\n\t<meta name=\"twitter:data1\" content=\"3 minutos\" \/>\n<script type=\"application\/ld+json\" class=\"yoast-schema-graph\">{\"@context\":\"https:\\\/\\\/schema.org\",\"@graph\":[{\"@type\":\"WebPage\",\"@id\":\"https:\\\/\\\/www.bakeryturnkey.com\\\/product\\\/brownie-production-line\\\/\",\"url\":\"https:\\\/\\\/www.bakeryturnkey.com\\\/product\\\/brownie-production-line\\\/\",\"name\":\"Chocolate Brownie Production Line for Customizable\",\"isPartOf\":{\"@id\":\"https:\\\/\\\/www.bakeryturnkey.com\\\/#website\"},\"primaryImageOfPage\":{\"@id\":\"https:\\\/\\\/www.bakeryturnkey.com\\\/product\\\/brownie-production-line\\\/#primaryimage\"},\"image\":{\"@id\":\"https:\\\/\\\/www.bakeryturnkey.com\\\/product\\\/brownie-production-line\\\/#primaryimage\"},\"thumbnailUrl\":\"https:\\\/\\\/www.bakeryturnkey.com\\\/wp-content\\\/uploads\\\/2024\\\/05\\\/42.jpg\",\"datePublished\":\"2024-05-23T05:41:07+00:00\",\"dateModified\":\"2024-05-23T05:43:15+00:00\",\"description\":\"The chocolate brownie production line is suitable for large scale chocolate brownie manufacturing. Customized functions meet the needs of different users.\",\"breadcrumb\":{\"@id\":\"https:\\\/\\\/www.bakeryturnkey.com\\\/product\\\/brownie-production-line\\\/#breadcrumb\"},\"inLanguage\":\"pt-PT\",\"potentialAction\":[{\"@type\":\"ReadAction\",\"target\":[\"https:\\\/\\\/www.bakeryturnkey.com\\\/product\\\/brownie-production-line\\\/\"]}]},{\"@type\":\"ImageObject\",\"inLanguage\":\"pt-PT\",\"@id\":\"https:\\\/\\\/www.bakeryturnkey.com\\\/product\\\/brownie-production-line\\\/#primaryimage\",\"url\":\"https:\\\/\\\/www.bakeryturnkey.com\\\/wp-content\\\/uploads\\\/2024\\\/05\\\/42.jpg\",\"contentUrl\":\"https:\\\/\\\/www.bakeryturnkey.com\\\/wp-content\\\/uploads\\\/2024\\\/05\\\/42.jpg\",\"width\":800,\"height\":800,\"caption\":\"Automatic Chocolate Brownie Production Line\"},{\"@type\":\"BreadcrumbList\",\"@id\":\"https:\\\/\\\/www.bakeryturnkey.com\\\/product\\\/brownie-production-line\\\/#breadcrumb\",\"itemListElement\":[{\"@type\":\"ListItem\",\"position\":1,\"name\":\"Home\",\"item\":\"https:\\\/\\\/www.bakeryturnkey.com\\\/\"},{\"@type\":\"ListItem\",\"position\":2,\"name\":\"Products\",\"item\":\"https:\\\/\\\/www.bakeryturnkey.com\\\/products\\\/\"},{\"@type\":\"ListItem\",\"position\":3,\"name\":\"Chocolate Brownie Production Line for Customizable\"}]},{\"@type\":\"WebSite\",\"@id\":\"https:\\\/\\\/www.bakeryturnkey.com\\\/#website\",\"url\":\"https:\\\/\\\/www.bakeryturnkey.com\\\/\",\"name\":\"Bakery Food Processing Equipment Manufacturer\",\"description\":\"Bakery Food Solutions Provider\",\"publisher\":{\"@id\":\"https:\\\/\\\/www.bakeryturnkey.com\\\/#organization\"},\"potentialAction\":[{\"@type\":\"SearchAction\",\"target\":{\"@type\":\"EntryPoint\",\"urlTemplate\":\"https:\\\/\\\/www.bakeryturnkey.com\\\/?s={search_term_string}\"},\"query-input\":{\"@type\":\"PropertyValueSpecification\",\"valueRequired\":true,\"valueName\":\"search_term_string\"}}],\"inLanguage\":\"pt-PT\"},{\"@type\":\"Organization\",\"@id\":\"https:\\\/\\\/www.bakeryturnkey.com\\\/#organization\",\"name\":\"Bakery Food Processing Equipment Manufacturer\",\"url\":\"https:\\\/\\\/www.bakeryturnkey.com\\\/\",\"logo\":{\"@type\":\"ImageObject\",\"inLanguage\":\"pt-PT\",\"@id\":\"https:\\\/\\\/www.bakeryturnkey.com\\\/#\\\/schema\\\/logo\\\/image\\\/\",\"url\":\"https:\\\/\\\/www.bakeryturnkey.com\\\/wp-content\\\/uploads\\\/2022\\\/03\\\/cropped-13-1.png\",\"contentUrl\":\"https:\\\/\\\/www.bakeryturnkey.com\\\/wp-content\\\/uploads\\\/2022\\\/03\\\/cropped-13-1.png\",\"width\":512,\"height\":429,\"caption\":\"Bakery Food Processing Equipment Manufacturer\"},\"image\":{\"@id\":\"https:\\\/\\\/www.bakeryturnkey.com\\\/#\\\/schema\\\/logo\\\/image\\\/\"}},false]}<\/script>\n<!-- \/ Yoast SEO plugin. -->","yoast_head_json":{"title":"Chocolate Brownie Production Line for Customizable","description":"The chocolate brownie production line is suitable for large scale chocolate brownie manufacturing. Customized functions meet the needs of different users.","robots":{"index":"index","follow":"follow","max-snippet":"max-snippet:-1","max-image-preview":"max-image-preview:large","max-video-preview":"max-video-preview:-1"},"canonical":"https:\/\/www.bakeryturnkey.com\/pt\/produto\/brownie-production-line\/","og_locale":"pt_PT","og_type":"article","og_title":"Chocolate Brownie Production Line for Customizable","og_description":"The chocolate brownie production line is suitable for large scale chocolate brownie manufacturing. Customized functions meet the needs of different users.","og_url":"https:\/\/www.bakeryturnkey.com\/pt\/produto\/brownie-production-line\/","og_site_name":"Bakery Food Processing Equipment Manufacturer","article_modified_time":"2024-05-23T05:43:15+00:00","og_image":[{"width":800,"height":800,"url":"https:\/\/www.bakeryturnkey.com\/wp-content\/uploads\/2024\/05\/42.jpg","type":"image\/jpeg"}],"twitter_card":"summary_large_image","twitter_misc":{"Tempo estimado de leitura":"3 minutos"},"schema":{"@context":"https:\/\/schema.org","@graph":[{"@type":"WebPage","@id":"https:\/\/www.bakeryturnkey.com\/product\/brownie-production-line\/","url":"https:\/\/www.bakeryturnkey.com\/product\/brownie-production-line\/","name":"Chocolate Brownie Production Line for Customizable","isPartOf":{"@id":"https:\/\/www.bakeryturnkey.com\/#website"},"primaryImageOfPage":{"@id":"https:\/\/www.bakeryturnkey.com\/product\/brownie-production-line\/#primaryimage"},"image":{"@id":"https:\/\/www.bakeryturnkey.com\/product\/brownie-production-line\/#primaryimage"},"thumbnailUrl":"https:\/\/www.bakeryturnkey.com\/wp-content\/uploads\/2024\/05\/42.jpg","datePublished":"2024-05-23T05:41:07+00:00","dateModified":"2024-05-23T05:43:15+00:00","description":"The chocolate brownie production line is suitable for large scale chocolate brownie manufacturing. Customized functions meet the needs of different users.","breadcrumb":{"@id":"https:\/\/www.bakeryturnkey.com\/product\/brownie-production-line\/#breadcrumb"},"inLanguage":"pt-PT","potentialAction":[{"@type":"ReadAction","target":["https:\/\/www.bakeryturnkey.com\/product\/brownie-production-line\/"]}]},{"@type":"ImageObject","inLanguage":"pt-PT","@id":"https:\/\/www.bakeryturnkey.com\/product\/brownie-production-line\/#primaryimage","url":"https:\/\/www.bakeryturnkey.com\/wp-content\/uploads\/2024\/05\/42.jpg","contentUrl":"https:\/\/www.bakeryturnkey.com\/wp-content\/uploads\/2024\/05\/42.jpg","width":800,"height":800,"caption":"Automatic Chocolate Brownie Production Line"},{"@type":"BreadcrumbList","@id":"https:\/\/www.bakeryturnkey.com\/product\/brownie-production-line\/#breadcrumb","itemListElement":[{"@type":"ListItem","position":1,"name":"Home","item":"https:\/\/www.bakeryturnkey.com\/"},{"@type":"ListItem","position":2,"name":"Products","item":"https:\/\/www.bakeryturnkey.com\/products\/"},{"@type":"ListItem","position":3,"name":"Chocolate Brownie Production Line for Customizable"}]},{"@type":"WebSite","@id":"https:\/\/www.bakeryturnkey.com\/#website","url":"https:\/\/www.bakeryturnkey.com\/","name":"Bakery Food Processing Equipment Manufacturer","description":"Bakery Food Solutions Provider","publisher":{"@id":"https:\/\/www.bakeryturnkey.com\/#organization"},"potentialAction":[{"@type":"SearchAction","target":{"@type":"EntryPoint","urlTemplate":"https:\/\/www.bakeryturnkey.com\/?s={search_term_string}"},"query-input":{"@type":"PropertyValueSpecification","valueRequired":true,"valueName":"search_term_string"}}],"inLanguage":"pt-PT"},{"@type":"Organization","@id":"https:\/\/www.bakeryturnkey.com\/#organization","name":"Bakery Food Processing Equipment Manufacturer","url":"https:\/\/www.bakeryturnkey.com\/","logo":{"@type":"ImageObject","inLanguage":"pt-PT","@id":"https:\/\/www.bakeryturnkey.com\/#\/schema\/logo\/image\/","url":"https:\/\/www.bakeryturnkey.com\/wp-content\/uploads\/2022\/03\/cropped-13-1.png","contentUrl":"https:\/\/www.bakeryturnkey.com\/wp-content\/uploads\/2022\/03\/cropped-13-1.png","width":512,"height":429,"caption":"Bakery Food Processing Equipment Manufacturer"},"image":{"@id":"https:\/\/www.bakeryturnkey.com\/#\/schema\/logo\/image\/"}},false]}},"yasr_visitor_votes":{"stars_attributes":{"read_only":false,"span_bottom":false},"number_of_votes":0,"sum_votes":0},"_links":{"self":[{"href":"https:\/\/www.bakeryturnkey.com\/pt\/wp-json\/wp\/v2\/product\/4336","targetHints":{"allow":["GET"]}}],"collection":[{"href":"https:\/\/www.bakeryturnkey.com\/pt\/wp-json\/wp\/v2\/product"}],"about":[{"href":"https:\/\/www.bakeryturnkey.com\/pt\/wp-json\/wp\/v2\/types\/product"}],"replies":[{"embeddable":true,"href":"https:\/\/www.bakeryturnkey.com\/pt\/wp-json\/wp\/v2\/comments?post=4336"}],"wp:featuredmedia":[{"embeddable":true,"href":"https:\/\/www.bakeryturnkey.com\/pt\/wp-json\/wp\/v2\/media\/4337"}],"wp:attachment":[{"href":"https:\/\/www.bakeryturnkey.com\/pt\/wp-json\/wp\/v2\/media?parent=4336"}],"wp:term":[{"taxonomy":"product_cat","embeddable":true,"href":"https:\/\/www.bakeryturnkey.com\/pt\/wp-json\/wp\/v2\/product_cat?post=4336"},{"taxonomy":"product_tag","embeddable":true,"href":"https:\/\/www.bakeryturnkey.com\/pt\/wp-json\/wp\/v2\/product_tag?post=4336"}],"curies":[{"name":"wp","href":"https:\/\/api.w.org\/{rel}","templated":true}]}}