{"id":4331,"date":"2024-05-22T15:38:45","date_gmt":"2024-05-22T07:38:45","guid":{"rendered":"https:\/\/www.bakeryturnkey.com\/?post_type=product&#038;p=4331"},"modified":"2024-05-22T15:47:29","modified_gmt":"2024-05-22T07:47:29","slug":"biscuit-baking-tunnel-oven","status":"publish","type":"product","link":"https:\/\/www.bakeryturnkey.com\/pt\/produto\/biscuit-baking-tunnel-oven\/","title":{"rendered":"T\u00fanel para cozer biscoitos com forno el\u00e9trico e a g\u00e1s"},"content":{"rendered":"<p>O forno t\u00fanel de cozedura de bolachas, equipado com op\u00e7\u00f5es de aquecimento el\u00e9trico e a g\u00e1s, \u00e9 um forno profissional para a ind\u00fastria de cozedura industrial. Este equipamento satisfaz os requisitos das opera\u00e7\u00f5es de panifica\u00e7\u00e3o modernas, proporcionando versatilidade e efici\u00eancia na produ\u00e7\u00e3o de biscoitos.<\/p>\n<p><img loading=\"lazy\" decoding=\"async\" class=\"alignnone size-full wp-image-4333\" src=\"https:\/\/www.bakeryturnkey.com\/wp-content\/uploads\/2024\/05\/31.jpg\" alt=\"Forno para biscoitos para a ind\u00fastria de panifica\u00e7\u00e3o\" width=\"800\" height=\"800\" srcset=\"https:\/\/www.bakeryturnkey.com\/wp-content\/uploads\/2024\/05\/31.jpg 800w, https:\/\/www.bakeryturnkey.com\/wp-content\/uploads\/2024\/05\/31-600x600.jpg 600w, https:\/\/www.bakeryturnkey.com\/wp-content\/uploads\/2024\/05\/31-100x100.jpg 100w, https:\/\/www.bakeryturnkey.com\/wp-content\/uploads\/2024\/05\/31-300x300.jpg 300w, https:\/\/www.bakeryturnkey.com\/wp-content\/uploads\/2024\/05\/31-150x150.jpg 150w, https:\/\/www.bakeryturnkey.com\/wp-content\/uploads\/2024\/05\/31-768x768.jpg 768w\" sizes=\"auto, (max-width: 800px) 100vw, 800px\" \/><\/p>\n<h2><strong>Carater\u00edsticas do Forno T\u00fanel para Biscoitos<\/strong><\/h2>\n<ol>\n<li>Op\u00e7\u00f5es de aquecimento vers\u00e1teis: A carater\u00edstica de destaque deste forno \u00e9 a sua oferta de op\u00e7\u00f5es de aquecimento el\u00e9trico e a g\u00e1s, permitindo uma abordagem adaptada \u00e0 utiliza\u00e7\u00e3o de energia. Esta flexibilidade permite ao empres\u00e1rio escolher o m\u00e9todo de aquecimento que melhor se adapta \u00e0s suas necessidades operacionais e considera\u00e7\u00f5es econ\u00f3micas, optimizando tanto o desempenho como a rela\u00e7\u00e3o custo-efic\u00e1cia.<\/li>\n<li>Produ\u00e7\u00e3o cont\u00ednua: O forno de t\u00fanel pode ser utilizado em conjunto com m\u00e1quinas individuais a montante e a jusante da linha de bolachas para obter uma produ\u00e7\u00e3o cont\u00ednua.<\/li>\n<li>Possui um tapete transportador cont\u00ednuo que move os biscoitos atrav\u00e9s da c\u00e2mara de cozedura. Isto assegura um processo de torrefa\u00e7\u00e3o consistente e uniforme, adequado para uma produ\u00e7\u00e3o de grande volume.<\/li>\n<li>Efici\u00eancia energ\u00e9tica: Com distribui\u00e7\u00e3o de calor e isolamento optimizados, o forno t\u00fanel para cozedura de biscoitos minimiza a perda de energia, reduzindo os custos operacionais.<\/li>\n<li>Higiene e seguran\u00e7a: O design d\u00e1 prioridade \u00e0 limpeza e \u00e0 seguran\u00e7a, com superf\u00edcies f\u00e1ceis de limpar e carater\u00edsticas que cumprem as normas de seguran\u00e7a alimentar.<\/li>\n<li>Defini\u00e7\u00f5es personaliz\u00e1veis: O forno pode ser adaptado a v\u00e1rias receitas e tamanhos de biscoitos, com defini\u00e7\u00f5es de velocidade ajust\u00e1veis para a correia transportadora e zonas de cozedura personaliz\u00e1veis.<\/li>\n<\/ol>\n<p><img loading=\"lazy\" decoding=\"async\" class=\"alignnone size-full wp-image-4335\" src=\"https:\/\/www.bakeryturnkey.com\/wp-content\/uploads\/2024\/05\/55.jpg\" alt=\"Forno autom\u00e1tico para biscoitos\" width=\"800\" height=\"800\" srcset=\"https:\/\/www.bakeryturnkey.com\/wp-content\/uploads\/2024\/05\/55.jpg 800w, https:\/\/www.bakeryturnkey.com\/wp-content\/uploads\/2024\/05\/55-600x600.jpg 600w, https:\/\/www.bakeryturnkey.com\/wp-content\/uploads\/2024\/05\/55-100x100.jpg 100w, https:\/\/www.bakeryturnkey.com\/wp-content\/uploads\/2024\/05\/55-300x300.jpg 300w, https:\/\/www.bakeryturnkey.com\/wp-content\/uploads\/2024\/05\/55-150x150.jpg 150w, https:\/\/www.bakeryturnkey.com\/wp-content\/uploads\/2024\/05\/55-768x768.jpg 768w\" sizes=\"auto, (max-width: 800px) 100vw, 800px\" \/><\/p>\n<h2><strong>Princ\u00edpio de funcionamento do forno el\u00e9trico para biscoitos<\/strong><\/h2>\n<ul>\n<li>O funcionamento do forno baseia-se num princ\u00edpio simples mas eficaz. Os biscoitos s\u00e3o colocados no tapete rolante no ponto de entrada do t\u00fanel. \u00c0 medida que o tapete se move, as bolachas s\u00e3o transportadas atrav\u00e9s da c\u00e2mara aquecida. A temperatura no interior do forno t\u00fanel para biscoitos \u00e9 mantida a um n\u00edvel que assegura uma cozedura uniforme e o dourado dos biscoitos.<\/li>\n<li>Os dois sistemas de aquecimento permitem ajustes com base no tipo de biscoito que est\u00e1 a ser produzido e no perfil de cozedura desejado. Por exemplo, o aquecimento el\u00e9trico pode ser preferido devido ao seu controlo preciso, enquanto o aquecimento a g\u00e1s pode ser mais econ\u00f3mico durante per\u00edodos de elevada disponibilidade de g\u00e1s.<\/li>\n<li>Durante todo o processo de cozedura, as bolachas s\u00e3o expostas a um fluxo consistente de ar quente, que circula dentro do t\u00fanel. Esta circula\u00e7\u00e3o assegura que todas as bolachas s\u00e3o aquecidas uniformemente, independentemente da sua posi\u00e7\u00e3o no tapete rolante.<\/li>\n<\/ul>\n<p>&nbsp;<\/p>\n<h2><strong>Forno de t\u00fanel para cozer biscoitos V\u00eddeo<\/strong><\/h2>\n<div class=\"ast-oembed-container\"><iframe loading=\"lazy\" title=\"Forno industrial de t\u00fanel para bolos e biscoitos para padaria\" width=\"500\" height=\"281\" src=\"https:\/\/www.youtube.com\/embed\/CVZSpEpMUv0?feature=oembed\" frameborder=\"0\" allow=\"accelerometer; autoplay; clipboard-write; encrypted-media; gyroscope; picture-in-picture; web-share\" referrerpolicy=\"strict-origin-when-cross-origin\" allowfullscreen><\/iframe><\/div>\n<h2><strong>Vantagens do forno de t\u00fanel para cozer biscoitos<\/strong><\/h2>\n<ul>\n<li>Aumento da capacidade de produ\u00e7\u00e3o: O funcionamento cont\u00ednuo do forno t\u00fanel permite um aumento significativo da capacidade de produ\u00e7\u00e3o em compara\u00e7\u00e3o com os fornos de lote.<\/li>\n<li>Melhoria da qualidade do produto: O ambiente de cozedura uniforme resulta numa qualidade consistente do produto, o que \u00e9 essencial para manter a reputa\u00e7\u00e3o da marca.<\/li>\n<li>Efici\u00eancia na m\u00e3o de obra: Ao automatizar o processo de cozedura, o forno de t\u00fanel diminui a m\u00e3o de obra necess\u00e1ria, poupando assim nos custos operacionais e aumentando a efici\u00eancia.<\/li>\n<li>Escalabilidade estrat\u00e9gica: O design do forno de biscoitos permite uma f\u00e1cil expans\u00e3o, proporcionando uma solu\u00e7\u00e3o com vis\u00e3o de futuro que se alinha com as ambi\u00e7\u00f5es de expans\u00e3o de uma empresa e a adaptabilidade do mercado.<\/li>\n<\/ul>\n<p>&nbsp;<\/p>\n<h3><strong>Par\u00e2metros do produto:<\/strong><\/h3>\n<table>\n<tbody>\n<tr>\n<td colspan=\"1\" rowspan=\"1\">Dimens\u00f5es (C*L*A)<\/td>\n<td colspan=\"1\" rowspan=\"1\">21000*2280*2180MM<\/td>\n<\/tr>\n<tr>\n<td colspan=\"1\" rowspan=\"1\">Total de calorias<\/td>\n<td colspan=\"1\" rowspan=\"1\">224280Cal\u00f3rico(kcal\/h)<\/td>\n<\/tr>\n<tr>\n<td colspan=\"1\" rowspan=\"1\">Consumo de ar (consumo de g\u00e1s)<\/td>\n<td colspan=\"1\" rowspan=\"1\">0,9m\u00b3\/m<\/td>\n<\/tr>\n<tr>\n<td colspan=\"1\" rowspan=\"1\">Pot\u00eancia<\/td>\n<td colspan=\"1\" rowspan=\"1\">2HP<\/td>\n<\/tr>\n<tr>\n<td colspan=\"1\" rowspan=\"1\">Tens\u00e3o<\/td>\n<td colspan=\"1\" rowspan=\"1\">380V<\/td>\n<\/tr>\n<tr>\n<td colspan=\"1\" rowspan=\"1\">Tamanho da placa de cozedura<\/td>\n<td colspan=\"1\" rowspan=\"1\">40*60CM<\/td>\n<\/tr>\n<\/tbody>\n<\/table>\n<p>&nbsp;<\/p>\n<h3><strong>Deixe o seu pedido de or\u00e7amento<\/strong><\/h3>\n\n<div class=\"wpcf7 no-js\" id=\"wpcf7-f2977-o1\" lang=\"en-US\" dir=\"ltr\">\n<div class=\"screen-reader-response\"><p role=\"status\" aria-live=\"polite\" aria-atomic=\"true\"><\/p> <ul><\/ul><\/div>\n<form action=\"\/pt\/wp-json\/wp\/v2\/product\/4331#wpcf7-f2977-o1\" method=\"post\" class=\"wpcf7-form init\" aria-label=\"Formul\u00e1rio de contacto\" novalidate=\"novalidate\" data-status=\"init\" data-trp-original-action=\"\/pt\/wp-json\/wp\/v2\/product\/4331#wpcf7-f2977-o1\">\n<div style=\"display: none;\">\n<input type=\"hidden\" name=\"_wpcf7\" value=\"2977\" \/>\n<input type=\"hidden\" name=\"_wpcf7_version\" value=\"5.7.7\" \/>\n<input type=\"hidden\" name=\"_wpcf7_locale\" value=\"en_US\" \/>\n<input type=\"hidden\" name=\"_wpcf7_unit_tag\" value=\"wpcf7-f2977-o1\" \/>\n<input type=\"hidden\" name=\"_wpcf7_container_post\" value=\"0\" \/>\n<input type=\"hidden\" name=\"_wpcf7_posted_data_hash\" value=\"\" \/>\n<\/div>\n<p><label> O seu nome*<br \/>\n<span class=\"wpcf7-form-control-wrap\" data-name=\"your-name\"><input size=\"40\" class=\"wpcf7-form-control wpcf7-text wpcf7-validates-as-required\" aria-required=\"true\" aria-invalid=\"false\" value=\"\" type=\"text\" name=\"your-name\" \/><\/span> <\/label>\n<\/p>\n<p><label> O seu pa\u00eds<br \/>\n<span class=\"wpcf7-form-control-wrap\" data-name=\"your-country\"><input size=\"40\" class=\"wpcf7-form-control wpcf7-text\" aria-invalid=\"false\" value=\"\" type=\"text\" name=\"your-country\" \/><\/span><\/label>\n<\/p>\n<p><label> O seu e-mail*<br \/>\n<span class=\"wpcf7-form-control-wrap\" data-name=\"your-email\"><input size=\"40\" class=\"wpcf7-form-control wpcf7-text wpcf7-email wpcf7-validates-as-required wpcf7-validates-as-email\" aria-required=\"true\" aria-invalid=\"false\" value=\"\" type=\"email\" name=\"your-email\" \/><\/span> <\/label>\n<\/p>\n<p><label> O seu telem\u00f3vel<br \/>\n<span class=\"wpcf7-form-control-wrap\" data-name=\"your-phone\"><input size=\"40\" class=\"wpcf7-form-control wpcf7-text\" aria-invalid=\"false\" value=\"\" type=\"text\" name=\"your-phone\" \/><\/span> <\/label>\n<\/p>\n<p><label> Nome da empresa<br \/>\n<span class=\"wpcf7-form-control-wrap\" data-name=\"text-529\"><input size=\"40\" class=\"wpcf7-form-control wpcf7-text\" aria-invalid=\"false\" value=\"\" type=\"text\" name=\"text-529\" \/><\/span> <\/label>\n<\/p>\n<p><label> S\u00edtio Web da empresa<br \/>\n<span class=\"wpcf7-form-control-wrap\" data-name=\"text-106\"><input size=\"40\" class=\"wpcf7-form-control wpcf7-text\" aria-invalid=\"false\" value=\"\" type=\"text\" name=\"text-106\" \/><\/span> <\/label>\n<\/p>\n<p><label> A sua mensagem*<br \/>\n<span class=\"wpcf7-form-control-wrap\" data-name=\"your-message\"><textarea cols=\"40\" rows=\"10\" class=\"wpcf7-form-control wpcf7-textarea wpcf7-validates-as-required\" aria-required=\"true\" aria-invalid=\"false\" name=\"your-message\"><\/textarea><\/span> <\/label>\n<\/p>\n<p><input class=\"wpcf7-form-control has-spinner wpcf7-submit\" type=\"submit\" value=\"Enviar\" \/>\n<\/p><p style=\"display: none !important;\" class=\"akismet-fields-container\" data-prefix=\"_wpcf7_ak_\"><label>&#916;<textarea name=\"_wpcf7_ak_hp_textarea\" cols=\"45\" rows=\"8\" maxlength=\"100\"><\/textarea><\/label><input type=\"hidden\" id=\"ak_js_1\" name=\"_wpcf7_ak_js\" value=\"8\"\/><script>document.getElementById( \"ak_js_1\" ).setAttribute( \"value\", ( new Date() ).getTime() );<\/script><\/p><div class=\"wpcf7-response-output\" aria-hidden=\"true\"><\/div>\n<input type=\"hidden\" name=\"trp-form-language\" value=\"pt\"\/><\/form>\n<\/div>\n\n<div style='text-align:left' class='yasr-auto-insert-visitor'><\/div>","protected":false},"excerpt":{"rendered":"<p>O forno t\u00fanel de cozedura de bolachas, equipado com op\u00e7\u00f5es de aquecimento el\u00e9trico e a g\u00e1s, \u00e9 um forno profissional para a ind\u00fastria de cozedura industrial. Este equipamento cumpre os requisitos das opera\u00e7\u00f5es de cozedura modernas, proporcionando versatilidade e efici\u00eancia para a produ\u00e7\u00e3o de biscoitos. Carater\u00edsticas do forno t\u00fanel para biscoitos Op\u00e7\u00f5es de aquecimento vers\u00e1teis: A carater\u00edstica de destaque deste forno \u00e9 o facto de fornecer ...<\/p>\n<p class=\"read-more\"> <a class=\"\" href=\"https:\/\/www.bakeryturnkey.com\/pt\/produto\/biscuit-baking-tunnel-oven\/\"> <span class=\"screen-reader-text\">T\u00fanel para cozer biscoitos com forno el\u00e9trico e a g\u00e1s<\/span> Ler mais \"<\/a><\/p>","protected":false},"featured_media":4332,"comment_status":"open","ping_status":"closed","template":"","meta":{"site-sidebar-layout":"default","site-content-layout":"default","ast-main-header-display":"","ast-hfb-above-header-display":"","ast-hfb-below-header-display":"","ast-hfb-mobile-header-display":"","site-post-title":"","ast-breadcrumbs-content":"","ast-featured-img":"","footer-sml-layout":"","theme-transparent-header-meta":"default","adv-header-id-meta":"","stick-header-meta":"","header-above-stick-meta":"","header-main-stick-meta":"","header-below-stick-meta":"","yasr_overall_rating":0,"yasr_post_is_review":"","yasr_auto_insert_disabled":"","yasr_review_type":""},"product_cat":[15],"product_tag":[],"class_list":["post-4331","product","type-product","status-publish","has-post-thumbnail","hentry","product_cat-biscuit-machinery"],"yoast_head":"<!-- This site is optimized with the Yoast SEO plugin v27.4 - https:\/\/yoast.com\/product\/yoast-seo-wordpress\/ -->\n<title>Biscuit Baking Tunnel Oven with Electric and Gas - Bakery Food Processing Equipment Manufacturer<\/title>\n<meta name=\"description\" content=\"The biscuit baking tunnel oven has electric and gas heating options, it is a professional equipment for the industrial baking industry.\" \/>\n<meta name=\"robots\" content=\"index, follow, max-snippet:-1, max-image-preview:large, max-video-preview:-1\" \/>\n<link rel=\"canonical\" href=\"https:\/\/www.bakeryturnkey.com\/pt\/produto\/biscuit-baking-tunnel-oven\/\" \/>\n<meta property=\"og:locale\" content=\"pt_PT\" \/>\n<meta property=\"og:type\" content=\"article\" \/>\n<meta property=\"og:title\" content=\"Biscuit Baking Tunnel Oven with Electric and Gas - Bakery Food Processing Equipment Manufacturer\" \/>\n<meta property=\"og:description\" content=\"The biscuit baking tunnel oven has electric and gas heating options, it is a professional equipment for the industrial baking industry.\" \/>\n<meta property=\"og:url\" content=\"https:\/\/www.bakeryturnkey.com\/pt\/produto\/biscuit-baking-tunnel-oven\/\" \/>\n<meta property=\"og:site_name\" content=\"Bakery Food Processing Equipment Manufacturer\" \/>\n<meta property=\"article:modified_time\" content=\"2024-05-22T07:47:29+00:00\" \/>\n<meta property=\"og:image\" content=\"https:\/\/www.bakeryturnkey.com\/wp-content\/uploads\/2024\/05\/53.jpg\" \/>\n\t<meta property=\"og:image:width\" content=\"800\" \/>\n\t<meta property=\"og:image:height\" content=\"800\" \/>\n\t<meta property=\"og:image:type\" content=\"image\/jpeg\" \/>\n<meta name=\"twitter:card\" content=\"summary_large_image\" \/>\n<meta name=\"twitter:label1\" content=\"Tempo estimado de leitura\" \/>\n\t<meta name=\"twitter:data1\" content=\"3 minutos\" \/>\n<script type=\"application\/ld+json\" class=\"yoast-schema-graph\">{\"@context\":\"https:\\\/\\\/schema.org\",\"@graph\":[{\"@type\":\"WebPage\",\"@id\":\"https:\\\/\\\/www.bakeryturnkey.com\\\/product\\\/biscuit-baking-tunnel-oven\\\/\",\"url\":\"https:\\\/\\\/www.bakeryturnkey.com\\\/product\\\/biscuit-baking-tunnel-oven\\\/\",\"name\":\"Biscuit Baking Tunnel Oven with Electric and Gas - Bakery Food Processing Equipment Manufacturer\",\"isPartOf\":{\"@id\":\"https:\\\/\\\/www.bakeryturnkey.com\\\/#website\"},\"primaryImageOfPage\":{\"@id\":\"https:\\\/\\\/www.bakeryturnkey.com\\\/product\\\/biscuit-baking-tunnel-oven\\\/#primaryimage\"},\"image\":{\"@id\":\"https:\\\/\\\/www.bakeryturnkey.com\\\/product\\\/biscuit-baking-tunnel-oven\\\/#primaryimage\"},\"thumbnailUrl\":\"https:\\\/\\\/www.bakeryturnkey.com\\\/wp-content\\\/uploads\\\/2024\\\/05\\\/53.jpg\",\"datePublished\":\"2024-05-22T07:38:45+00:00\",\"dateModified\":\"2024-05-22T07:47:29+00:00\",\"description\":\"The biscuit baking tunnel oven has electric and gas heating options, it is a professional equipment for the industrial baking industry.\",\"breadcrumb\":{\"@id\":\"https:\\\/\\\/www.bakeryturnkey.com\\\/product\\\/biscuit-baking-tunnel-oven\\\/#breadcrumb\"},\"inLanguage\":\"pt-PT\",\"potentialAction\":[{\"@type\":\"ReadAction\",\"target\":[\"https:\\\/\\\/www.bakeryturnkey.com\\\/product\\\/biscuit-baking-tunnel-oven\\\/\"]}]},{\"@type\":\"ImageObject\",\"inLanguage\":\"pt-PT\",\"@id\":\"https:\\\/\\\/www.bakeryturnkey.com\\\/product\\\/biscuit-baking-tunnel-oven\\\/#primaryimage\",\"url\":\"https:\\\/\\\/www.bakeryturnkey.com\\\/wp-content\\\/uploads\\\/2024\\\/05\\\/53.jpg\",\"contentUrl\":\"https:\\\/\\\/www.bakeryturnkey.com\\\/wp-content\\\/uploads\\\/2024\\\/05\\\/53.jpg\",\"width\":800,\"height\":800,\"caption\":\"Biscuit Baking Oven For Sale\"},{\"@type\":\"BreadcrumbList\",\"@id\":\"https:\\\/\\\/www.bakeryturnkey.com\\\/product\\\/biscuit-baking-tunnel-oven\\\/#breadcrumb\",\"itemListElement\":[{\"@type\":\"ListItem\",\"position\":1,\"name\":\"Home\",\"item\":\"https:\\\/\\\/www.bakeryturnkey.com\\\/\"},{\"@type\":\"ListItem\",\"position\":2,\"name\":\"Products\",\"item\":\"https:\\\/\\\/www.bakeryturnkey.com\\\/products\\\/\"},{\"@type\":\"ListItem\",\"position\":3,\"name\":\"Biscuit Baking Tunnel Oven with Electric and Gas\"}]},{\"@type\":\"WebSite\",\"@id\":\"https:\\\/\\\/www.bakeryturnkey.com\\\/#website\",\"url\":\"https:\\\/\\\/www.bakeryturnkey.com\\\/\",\"name\":\"Bakery Food Processing Equipment Manufacturer\",\"description\":\"Bakery Food Solutions Provider\",\"publisher\":{\"@id\":\"https:\\\/\\\/www.bakeryturnkey.com\\\/#organization\"},\"potentialAction\":[{\"@type\":\"SearchAction\",\"target\":{\"@type\":\"EntryPoint\",\"urlTemplate\":\"https:\\\/\\\/www.bakeryturnkey.com\\\/?s={search_term_string}\"},\"query-input\":{\"@type\":\"PropertyValueSpecification\",\"valueRequired\":true,\"valueName\":\"search_term_string\"}}],\"inLanguage\":\"pt-PT\"},{\"@type\":\"Organization\",\"@id\":\"https:\\\/\\\/www.bakeryturnkey.com\\\/#organization\",\"name\":\"Bakery Food Processing Equipment Manufacturer\",\"url\":\"https:\\\/\\\/www.bakeryturnkey.com\\\/\",\"logo\":{\"@type\":\"ImageObject\",\"inLanguage\":\"pt-PT\",\"@id\":\"https:\\\/\\\/www.bakeryturnkey.com\\\/#\\\/schema\\\/logo\\\/image\\\/\",\"url\":\"https:\\\/\\\/www.bakeryturnkey.com\\\/wp-content\\\/uploads\\\/2022\\\/03\\\/cropped-13-1.png\",\"contentUrl\":\"https:\\\/\\\/www.bakeryturnkey.com\\\/wp-content\\\/uploads\\\/2022\\\/03\\\/cropped-13-1.png\",\"width\":512,\"height\":429,\"caption\":\"Bakery Food Processing Equipment Manufacturer\"},\"image\":{\"@id\":\"https:\\\/\\\/www.bakeryturnkey.com\\\/#\\\/schema\\\/logo\\\/image\\\/\"}},false]}<\/script>\n<!-- \/ Yoast SEO plugin. -->","yoast_head_json":{"title":"Biscuit Baking Tunnel Oven with Electric and Gas - Bakery Food Processing Equipment Manufacturer","description":"The biscuit baking tunnel oven has electric and gas heating options, it is a professional equipment for the industrial baking industry.","robots":{"index":"index","follow":"follow","max-snippet":"max-snippet:-1","max-image-preview":"max-image-preview:large","max-video-preview":"max-video-preview:-1"},"canonical":"https:\/\/www.bakeryturnkey.com\/pt\/produto\/biscuit-baking-tunnel-oven\/","og_locale":"pt_PT","og_type":"article","og_title":"Biscuit Baking Tunnel Oven with Electric and Gas - Bakery Food Processing Equipment Manufacturer","og_description":"The biscuit baking tunnel oven has electric and gas heating options, it is a professional equipment for the industrial baking industry.","og_url":"https:\/\/www.bakeryturnkey.com\/pt\/produto\/biscuit-baking-tunnel-oven\/","og_site_name":"Bakery Food Processing Equipment Manufacturer","article_modified_time":"2024-05-22T07:47:29+00:00","og_image":[{"width":800,"height":800,"url":"https:\/\/www.bakeryturnkey.com\/wp-content\/uploads\/2024\/05\/53.jpg","type":"image\/jpeg"}],"twitter_card":"summary_large_image","twitter_misc":{"Tempo estimado de leitura":"3 minutos"},"schema":{"@context":"https:\/\/schema.org","@graph":[{"@type":"WebPage","@id":"https:\/\/www.bakeryturnkey.com\/product\/biscuit-baking-tunnel-oven\/","url":"https:\/\/www.bakeryturnkey.com\/product\/biscuit-baking-tunnel-oven\/","name":"Biscuit Baking Tunnel Oven with Electric and Gas - Bakery Food Processing Equipment Manufacturer","isPartOf":{"@id":"https:\/\/www.bakeryturnkey.com\/#website"},"primaryImageOfPage":{"@id":"https:\/\/www.bakeryturnkey.com\/product\/biscuit-baking-tunnel-oven\/#primaryimage"},"image":{"@id":"https:\/\/www.bakeryturnkey.com\/product\/biscuit-baking-tunnel-oven\/#primaryimage"},"thumbnailUrl":"https:\/\/www.bakeryturnkey.com\/wp-content\/uploads\/2024\/05\/53.jpg","datePublished":"2024-05-22T07:38:45+00:00","dateModified":"2024-05-22T07:47:29+00:00","description":"The biscuit baking tunnel oven has electric and gas heating options, it is a professional equipment for the industrial baking industry.","breadcrumb":{"@id":"https:\/\/www.bakeryturnkey.com\/product\/biscuit-baking-tunnel-oven\/#breadcrumb"},"inLanguage":"pt-PT","potentialAction":[{"@type":"ReadAction","target":["https:\/\/www.bakeryturnkey.com\/product\/biscuit-baking-tunnel-oven\/"]}]},{"@type":"ImageObject","inLanguage":"pt-PT","@id":"https:\/\/www.bakeryturnkey.com\/product\/biscuit-baking-tunnel-oven\/#primaryimage","url":"https:\/\/www.bakeryturnkey.com\/wp-content\/uploads\/2024\/05\/53.jpg","contentUrl":"https:\/\/www.bakeryturnkey.com\/wp-content\/uploads\/2024\/05\/53.jpg","width":800,"height":800,"caption":"Biscuit Baking Oven For Sale"},{"@type":"BreadcrumbList","@id":"https:\/\/www.bakeryturnkey.com\/product\/biscuit-baking-tunnel-oven\/#breadcrumb","itemListElement":[{"@type":"ListItem","position":1,"name":"Home","item":"https:\/\/www.bakeryturnkey.com\/"},{"@type":"ListItem","position":2,"name":"Products","item":"https:\/\/www.bakeryturnkey.com\/products\/"},{"@type":"ListItem","position":3,"name":"Biscuit Baking Tunnel Oven with Electric and Gas"}]},{"@type":"WebSite","@id":"https:\/\/www.bakeryturnkey.com\/#website","url":"https:\/\/www.bakeryturnkey.com\/","name":"Bakery Food Processing Equipment Manufacturer","description":"Bakery Food Solutions Provider","publisher":{"@id":"https:\/\/www.bakeryturnkey.com\/#organization"},"potentialAction":[{"@type":"SearchAction","target":{"@type":"EntryPoint","urlTemplate":"https:\/\/www.bakeryturnkey.com\/?s={search_term_string}"},"query-input":{"@type":"PropertyValueSpecification","valueRequired":true,"valueName":"search_term_string"}}],"inLanguage":"pt-PT"},{"@type":"Organization","@id":"https:\/\/www.bakeryturnkey.com\/#organization","name":"Bakery Food Processing Equipment Manufacturer","url":"https:\/\/www.bakeryturnkey.com\/","logo":{"@type":"ImageObject","inLanguage":"pt-PT","@id":"https:\/\/www.bakeryturnkey.com\/#\/schema\/logo\/image\/","url":"https:\/\/www.bakeryturnkey.com\/wp-content\/uploads\/2022\/03\/cropped-13-1.png","contentUrl":"https:\/\/www.bakeryturnkey.com\/wp-content\/uploads\/2022\/03\/cropped-13-1.png","width":512,"height":429,"caption":"Bakery Food Processing Equipment Manufacturer"},"image":{"@id":"https:\/\/www.bakeryturnkey.com\/#\/schema\/logo\/image\/"}},false]}},"yasr_visitor_votes":{"stars_attributes":{"read_only":false,"span_bottom":false},"number_of_votes":0,"sum_votes":0},"_links":{"self":[{"href":"https:\/\/www.bakeryturnkey.com\/pt\/wp-json\/wp\/v2\/product\/4331","targetHints":{"allow":["GET"]}}],"collection":[{"href":"https:\/\/www.bakeryturnkey.com\/pt\/wp-json\/wp\/v2\/product"}],"about":[{"href":"https:\/\/www.bakeryturnkey.com\/pt\/wp-json\/wp\/v2\/types\/product"}],"replies":[{"embeddable":true,"href":"https:\/\/www.bakeryturnkey.com\/pt\/wp-json\/wp\/v2\/comments?post=4331"}],"wp:featuredmedia":[{"embeddable":true,"href":"https:\/\/www.bakeryturnkey.com\/pt\/wp-json\/wp\/v2\/media\/4332"}],"wp:attachment":[{"href":"https:\/\/www.bakeryturnkey.com\/pt\/wp-json\/wp\/v2\/media?parent=4331"}],"wp:term":[{"taxonomy":"product_cat","embeddable":true,"href":"https:\/\/www.bakeryturnkey.com\/pt\/wp-json\/wp\/v2\/product_cat?post=4331"},{"taxonomy":"product_tag","embeddable":true,"href":"https:\/\/www.bakeryturnkey.com\/pt\/wp-json\/wp\/v2\/product_tag?post=4331"}],"curies":[{"name":"wp","href":"https:\/\/api.w.org\/{rel}","templated":true}]}}