{"id":4305,"date":"2024-05-08T14:56:11","date_gmt":"2024-05-08T06:56:11","guid":{"rendered":"https:\/\/www.bakeryturnkey.com\/?post_type=product&#038;p=4305"},"modified":"2026-04-19T10:20:38","modified_gmt":"2026-04-19T02:20:38","slug":"automatic-wafer-cone-machine","status":"publish","type":"product","link":"https:\/\/www.bakeryturnkey.com\/pt\/produto\/automatic-wafer-cone-machine\/","title":{"rendered":"M\u00e1quina Autom\u00e1tica de Wafer Cone Pre\u00e7o com 5000 pcs\/h"},"content":{"rendered":"<p>A m\u00e1quina autom\u00e1tica de cones de wafer \u00e9 um equipamento avan\u00e7ado utilizado em f\u00e1bricas de gelados e f\u00e1bricas de alimentos, principalmente para a fabrica\u00e7\u00e3o de cones de wafer. Ela pode produzir cones de alta qualidade de forma eficiente e higi\u00e9nica atrav\u00e9s de um processo automatizado.<\/p>\n<p>A m\u00e1quina adopta um design mec\u00e2nico sofisticado e uma tecnologia de controlo inteligente para conseguir uma produ\u00e7\u00e3o totalmente automatizada desde a entrada da mat\u00e9ria-prima at\u00e9 aos cones de bolacha acabados. Normalmente, inclui v\u00e1rias liga\u00e7\u00f5es, como a mistura de mat\u00e9rias-primas, a mistura de massa, a cozedura e a forma\u00e7\u00e3o, o arrefecimento e a recolha do produto acabado.<\/p>\n<p><img loading=\"lazy\" decoding=\"async\" class=\"alignnone size-full wp-image-4307\" src=\"https:\/\/www.bakeryturnkey.com\/wp-content\/uploads\/2024\/05\/4.jpg\" alt=\"M\u00e1quina autom\u00e1tica para fabricar cones de wafer\" width=\"630\" height=\"400\" srcset=\"https:\/\/www.bakeryturnkey.com\/wp-content\/uploads\/2024\/05\/4.jpg 630w, https:\/\/www.bakeryturnkey.com\/wp-content\/uploads\/2024\/05\/4-600x381.jpg 600w, https:\/\/www.bakeryturnkey.com\/wp-content\/uploads\/2024\/05\/4-300x190.jpg 300w\" sizes=\"auto, (max-width: 630px) 100vw, 630px\" \/><\/p>\n<h2><strong>Carater\u00edsticas da M\u00e1quina Autom\u00e1tica para Wafer Cone<\/strong><\/h2>\n<ol>\n<li>Com um clique para iniciar, a m\u00e1quina completa automaticamente todo o processo, desde as mat\u00e9rias-primas at\u00e9 aos produtos acabados, com uma velocidade de produ\u00e7\u00e3o r\u00e1pida e um rendimento elevado sem interven\u00e7\u00e3o manual.<\/li>\n<li>Sistema PLC, painel de controlo intuitivo, opera\u00e7\u00e3o com um clique, sem necessidade de configura\u00e7\u00f5es complicadas, at\u00e9 os principiantes podem come\u00e7ar rapidamente.<\/li>\n<li>A m\u00e1quina de cones pode ajustar a quantidade de calda de cimento e mudar o molde para produzir cones de diferentes tamanhos e espessuras para satisfazer diferentes gostos e necessidades.<\/li>\n<li>O processo de processamento do cone de bolacha \u00e9 um ambiente de produ\u00e7\u00e3o totalmente fechado com um sistema de limpeza autom\u00e1tico para garantir a higiene e seguran\u00e7a alimentar.<\/li>\n<li>A m\u00e1quina para fabricar cones adopta um sistema de gest\u00e3o de energia eficiente para reduzir o consumo de energia e poupar nos custos de produ\u00e7\u00e3o.<\/li>\n<li>Esta m\u00e1quina utiliza materiais duradouros de alta qualidade e a conce\u00e7\u00e3o precisa do processo garante um funcionamento est\u00e1vel a longo prazo da m\u00e1quina e reduz os custos de manuten\u00e7\u00e3o.<\/li>\n<\/ol>\n<p>&nbsp;<\/p>\n<h2><strong>V\u00eddeo da m\u00e1quina de fazer cones de wafer<\/strong><\/h2>\n<div class=\"ast-oembed-container\"><iframe loading=\"lazy\" title=\"M\u00e1quina autom\u00e1tica de cone de wafer para f\u00e1brica\" width=\"500\" height=\"281\" src=\"https:\/\/www.youtube.com\/embed\/9PKBfgFhVxc?feature=oembed\" frameborder=\"0\" allow=\"accelerometer; autoplay; clipboard-write; encrypted-media; gyroscope; picture-in-picture; web-share\" referrerpolicy=\"strict-origin-when-cross-origin\" allowfullscreen><\/iframe><\/div>\n<p>&nbsp;<\/p>\n<h2><strong>Vantagens da m\u00e1quina para fabricar cone de wafer industrial<\/strong><\/h2>\n<ul>\n<li>Capacidade de funcionamento cont\u00ednuo: O equipamento pode ser utilizado para funcionamento cont\u00ednuo a longo prazo, reduzindo o tempo de inatividade e melhorando a efici\u00eancia global da produ\u00e7\u00e3o.<\/li>\n<li>Manuten\u00e7\u00e3o f\u00e1cil: A conce\u00e7\u00e3o modular torna a substitui\u00e7\u00e3o de componentes e a manuten\u00e7\u00e3o di\u00e1ria simples e r\u00e1pida, reduzindo a dificuldade e o custo da manuten\u00e7\u00e3o.<\/li>\n<li>Elevada flexibilidade: capaz de se adaptar rapidamente a diferentes necessidades de produ\u00e7\u00e3o, como promo\u00e7\u00f5es de f\u00e9rias ou encomendas especiais, e ajustar rapidamente os planos de produ\u00e7\u00e3o.<\/li>\n<li>Consist\u00eancia da qualidade: Ao controlar com precis\u00e3o os par\u00e2metros de produ\u00e7\u00e3o da m\u00e1quina autom\u00e1tica de cones para bolachas, garantimos que a qualidade de cada cone atinge padr\u00f5es elevados e melhoramos a consist\u00eancia do produto.<\/li>\n<li>Rela\u00e7\u00e3o custo-efic\u00e1cia: Embora o investimento inicial seja relativamente elevado, a longo prazo, a automatiza\u00e7\u00e3o reduz os custos de m\u00e3o de obra, melhora a efici\u00eancia da produ\u00e7\u00e3o e tem uma boa rela\u00e7\u00e3o custo-efic\u00e1cia.<\/li>\n<\/ul>\n<p>&nbsp;<\/p>\n<h3><strong>Par\u00e2metros do produto:<\/strong><\/h3>\n<table id=\"zongheng-ccp-host\" border=\"0\" cellspacing=\"0\" cellpadding=\"0\" data-ctx=\"{&quot;cid&quot;:&quot;7f69a65c&quot;,&quot;time&quot;:1711021670268,&quot;docKey&quot;:&quot;ybEnBB2goAAdnP13&quot;}\">\n<tbody>\n<tr>\n<td>Modelo<\/td>\n<td>Tens\u00e3o<\/td>\n<td>For\u00e7a<\/td>\n<td>Capacidade<\/td>\n<td>Consumo de g\u00e1s (kg\/h)<\/td>\n<td>Tamanho<\/td>\n<td>Peso<\/td>\n<\/tr>\n<tr>\n<td>GG-DCL33-5<\/td>\n<td colspan=\"1\" rowspan=\"3\">380v 50hz trif\u00e1sico<\/td>\n<td>4kW<\/td>\n<td>5000-6000 pe\u00e7as\/h<\/td>\n<td>24-26<\/td>\n<td>9*2*2.1m<\/td>\n<td>9.5T<\/td>\n<\/tr>\n<tr>\n<td>GG-DCL36-5<\/td>\n<td>4kW<\/td>\n<td>7000-8000 pe\u00e7as\/h<\/td>\n<td>24-26<\/td>\n<td>10*2*2.5m<\/td>\n<td>10T<\/td>\n<\/tr>\n<tr>\n<td>GG-DCL40-5<\/td>\n<td>4kW<\/td>\n<td>8000-9000 pe\u00e7as\/h<\/td>\n<td>24-26<\/td>\n<td>13*2*2.5m<\/td>\n<td>10T<\/td>\n<\/tr>\n<\/tbody>\n<\/table>\n<p>&nbsp;<\/p>\n<h3><strong>Sair<\/strong><strong>\u00a0O seu pedido de or\u00e7amento<\/strong><\/h3>\n<div id=\"wpcf7-f2977-p4118-o2\" class=\"wpcf7 js\" dir=\"ltr\" lang=\"en-US\">\n<div class=\"wpcf7 no-js\" id=\"wpcf7-f2977-o1\" lang=\"en-US\" dir=\"ltr\">\n<div class=\"screen-reader-response\"><p role=\"status\" aria-live=\"polite\" aria-atomic=\"true\"><\/p> <ul><\/ul><\/div>\n<form action=\"\/pt\/wp-json\/wp\/v2\/product\/4305#wpcf7-f2977-o1\" method=\"post\" class=\"wpcf7-form init\" aria-label=\"Formul\u00e1rio de contacto\" novalidate=\"novalidate\" data-status=\"init\" data-trp-original-action=\"\/pt\/wp-json\/wp\/v2\/product\/4305#wpcf7-f2977-o1\">\n<div style=\"display: none;\">\n<input type=\"hidden\" name=\"_wpcf7\" value=\"2977\" \/>\n<input type=\"hidden\" name=\"_wpcf7_version\" value=\"5.7.7\" \/>\n<input type=\"hidden\" name=\"_wpcf7_locale\" value=\"en_US\" \/>\n<input type=\"hidden\" name=\"_wpcf7_unit_tag\" value=\"wpcf7-f2977-o1\" \/>\n<input type=\"hidden\" name=\"_wpcf7_container_post\" value=\"0\" \/>\n<input type=\"hidden\" name=\"_wpcf7_posted_data_hash\" value=\"\" \/>\n<\/div>\n<p><label> O seu nome*<br \/>\n<span class=\"wpcf7-form-control-wrap\" data-name=\"your-name\"><input size=\"40\" class=\"wpcf7-form-control wpcf7-text wpcf7-validates-as-required\" aria-required=\"true\" aria-invalid=\"false\" value=\"\" type=\"text\" name=\"your-name\" \/><\/span> <\/label>\n<\/p>\n<p><label> O seu pa\u00eds<br \/>\n<span class=\"wpcf7-form-control-wrap\" data-name=\"your-country\"><input size=\"40\" class=\"wpcf7-form-control wpcf7-text\" aria-invalid=\"false\" value=\"\" type=\"text\" name=\"your-country\" \/><\/span><\/label>\n<\/p>\n<p><label> O seu e-mail*<br \/>\n<span class=\"wpcf7-form-control-wrap\" data-name=\"your-email\"><input size=\"40\" class=\"wpcf7-form-control wpcf7-text wpcf7-email wpcf7-validates-as-required wpcf7-validates-as-email\" aria-required=\"true\" aria-invalid=\"false\" value=\"\" type=\"email\" name=\"your-email\" \/><\/span> <\/label>\n<\/p>\n<p><label> O seu telem\u00f3vel<br \/>\n<span class=\"wpcf7-form-control-wrap\" data-name=\"your-phone\"><input size=\"40\" class=\"wpcf7-form-control wpcf7-text\" aria-invalid=\"false\" value=\"\" type=\"text\" name=\"your-phone\" \/><\/span> <\/label>\n<\/p>\n<p><label> Nome da empresa<br \/>\n<span class=\"wpcf7-form-control-wrap\" data-name=\"text-529\"><input size=\"40\" class=\"wpcf7-form-control wpcf7-text\" aria-invalid=\"false\" value=\"\" type=\"text\" name=\"text-529\" \/><\/span> <\/label>\n<\/p>\n<p><label> S\u00edtio Web da empresa<br \/>\n<span class=\"wpcf7-form-control-wrap\" data-name=\"text-106\"><input size=\"40\" class=\"wpcf7-form-control wpcf7-text\" aria-invalid=\"false\" value=\"\" type=\"text\" name=\"text-106\" \/><\/span> <\/label>\n<\/p>\n<p><label> A sua mensagem*<br \/>\n<span class=\"wpcf7-form-control-wrap\" data-name=\"your-message\"><textarea cols=\"40\" rows=\"10\" class=\"wpcf7-form-control wpcf7-textarea wpcf7-validates-as-required\" aria-required=\"true\" aria-invalid=\"false\" name=\"your-message\"><\/textarea><\/span> <\/label>\n<\/p>\n<p><input class=\"wpcf7-form-control has-spinner wpcf7-submit\" type=\"submit\" value=\"Enviar\" \/>\n<\/p><p style=\"display: none !important;\" class=\"akismet-fields-container\" data-prefix=\"_wpcf7_ak_\"><label>&#916;<textarea name=\"_wpcf7_ak_hp_textarea\" cols=\"45\" rows=\"8\" maxlength=\"100\"><\/textarea><\/label><input type=\"hidden\" id=\"ak_js_1\" name=\"_wpcf7_ak_js\" value=\"217\"\/><script>document.getElementById( \"ak_js_1\" ).setAttribute( \"value\", ( new Date() ).getTime() );<\/script><\/p><div class=\"wpcf7-response-output\" aria-hidden=\"true\"><\/div>\n<input type=\"hidden\" name=\"trp-form-language\" value=\"pt\"\/><\/form>\n<\/div>\n<\/div>\n<div style='text-align:left' class='yasr-auto-insert-visitor'><\/div>","protected":false},"excerpt":{"rendered":"<p>A m\u00e1quina autom\u00e1tica de cones de wafer \u00e9 um equipamento avan\u00e7ado utilizado em f\u00e1bricas de gelados e f\u00e1bricas de alimentos, principalmente para a fabrica\u00e7\u00e3o de cones de wafer. Ela pode produzir cones de alta qualidade de forma eficiente e higi\u00e9nica atrav\u00e9s de um processo automatizado. A m\u00e1quina adopta um design mec\u00e2nico sofisticado e tecnologia de controlo inteligente para alcan\u00e7ar uma produ\u00e7\u00e3o totalmente automatizada desde a entrada da mat\u00e9ria-prima at\u00e9 ...<\/p>\n<p class=\"read-more\"> <a class=\"\" href=\"https:\/\/www.bakeryturnkey.com\/pt\/produto\/automatic-wafer-cone-machine\/\"> <span class=\"screen-reader-text\">M\u00e1quina Autom\u00e1tica de Wafer Cone Pre\u00e7o com 5000 pcs\/h<\/span> Ler mais \"<\/a><\/p>","protected":false},"featured_media":4306,"comment_status":"open","ping_status":"closed","template":"","meta":{"site-sidebar-layout":"default","site-content-layout":"default","ast-main-header-display":"","ast-hfb-above-header-display":"","ast-hfb-below-header-display":"","ast-hfb-mobile-header-display":"","site-post-title":"","ast-breadcrumbs-content":"","ast-featured-img":"","footer-sml-layout":"","theme-transparent-header-meta":"default","adv-header-id-meta":"","stick-header-meta":"","header-above-stick-meta":"","header-main-stick-meta":"","header-below-stick-meta":"","yasr_overall_rating":0,"yasr_post_is_review":"","yasr_auto_insert_disabled":"","yasr_review_type":""},"product_cat":[45],"product_tag":[],"class_list":["post-4305","product","type-product","status-publish","has-post-thumbnail","hentry","product_cat-cone-machinery"],"yoast_head":"<!-- This site is optimized with the Yoast SEO plugin v27.5 - https:\/\/yoast.com\/product\/yoast-seo-wordpress\/ -->\n<title>Automatic Wafer Cone Machine Price with 5000 pcs\/h<\/title>\n<meta name=\"description\" content=\"The automatic wafer cone machine uses high quality materials, can produce the wafer cones stably and efficiently. Large capacity, at least 5000pcs\/h.\" \/>\n<meta name=\"robots\" content=\"index, follow, max-snippet:-1, max-image-preview:large, max-video-preview:-1\" \/>\n<link rel=\"canonical\" href=\"https:\/\/www.bakeryturnkey.com\/pt\/produto\/automatic-wafer-cone-machine\/\" \/>\n<meta property=\"og:locale\" content=\"pt_PT\" \/>\n<meta property=\"og:type\" content=\"article\" \/>\n<meta property=\"og:title\" content=\"Automatic Wafer Cone Machine Price with 5000 pcs\/h\" \/>\n<meta property=\"og:description\" content=\"The automatic wafer cone machine uses high quality materials, can produce the wafer cones stably and efficiently. Large capacity, at least 5000pcs\/h.\" \/>\n<meta property=\"og:url\" content=\"https:\/\/www.bakeryturnkey.com\/pt\/produto\/automatic-wafer-cone-machine\/\" \/>\n<meta property=\"og:site_name\" content=\"Bakery Food Processing Equipment Manufacturer\" \/>\n<meta property=\"article:modified_time\" content=\"2026-04-19T02:20:38+00:00\" \/>\n<meta property=\"og:image\" content=\"https:\/\/www.bakeryturnkey.com\/wp-content\/uploads\/2024\/05\/3.jpg\" \/>\n\t<meta property=\"og:image:width\" content=\"800\" \/>\n\t<meta property=\"og:image:height\" content=\"800\" \/>\n\t<meta property=\"og:image:type\" content=\"image\/jpeg\" \/>\n<meta name=\"twitter:card\" content=\"summary_large_image\" \/>\n<meta name=\"twitter:label1\" content=\"Tempo estimado de leitura\" \/>\n\t<meta name=\"twitter:data1\" content=\"3 minutos\" \/>\n<script type=\"application\/ld+json\" class=\"yoast-schema-graph\">{\"@context\":\"https:\\\/\\\/schema.org\",\"@graph\":[{\"@type\":\"WebPage\",\"@id\":\"https:\\\/\\\/www.bakeryturnkey.com\\\/product\\\/automatic-wafer-cone-machine\\\/\",\"url\":\"https:\\\/\\\/www.bakeryturnkey.com\\\/product\\\/automatic-wafer-cone-machine\\\/\",\"name\":\"Automatic Wafer Cone Machine Price with 5000 pcs\\\/h\",\"isPartOf\":{\"@id\":\"https:\\\/\\\/www.bakeryturnkey.com\\\/#website\"},\"primaryImageOfPage\":{\"@id\":\"https:\\\/\\\/www.bakeryturnkey.com\\\/product\\\/automatic-wafer-cone-machine\\\/#primaryimage\"},\"image\":{\"@id\":\"https:\\\/\\\/www.bakeryturnkey.com\\\/product\\\/automatic-wafer-cone-machine\\\/#primaryimage\"},\"thumbnailUrl\":\"https:\\\/\\\/www.bakeryturnkey.com\\\/wp-content\\\/uploads\\\/2024\\\/05\\\/3.jpg\",\"datePublished\":\"2024-05-08T06:56:11+00:00\",\"dateModified\":\"2026-04-19T02:20:38+00:00\",\"description\":\"The automatic wafer cone machine uses high quality materials, can produce the wafer cones stably and efficiently. Large capacity, at least 5000pcs\\\/h.\",\"breadcrumb\":{\"@id\":\"https:\\\/\\\/www.bakeryturnkey.com\\\/product\\\/automatic-wafer-cone-machine\\\/#breadcrumb\"},\"inLanguage\":\"pt-PT\",\"potentialAction\":[{\"@type\":\"ReadAction\",\"target\":[\"https:\\\/\\\/www.bakeryturnkey.com\\\/product\\\/automatic-wafer-cone-machine\\\/\"]}]},{\"@type\":\"ImageObject\",\"inLanguage\":\"pt-PT\",\"@id\":\"https:\\\/\\\/www.bakeryturnkey.com\\\/product\\\/automatic-wafer-cone-machine\\\/#primaryimage\",\"url\":\"https:\\\/\\\/www.bakeryturnkey.com\\\/wp-content\\\/uploads\\\/2024\\\/05\\\/3.jpg\",\"contentUrl\":\"https:\\\/\\\/www.bakeryturnkey.com\\\/wp-content\\\/uploads\\\/2024\\\/05\\\/3.jpg\",\"width\":800,\"height\":800,\"caption\":\"Wafer Cone Making Machine\"},{\"@type\":\"BreadcrumbList\",\"@id\":\"https:\\\/\\\/www.bakeryturnkey.com\\\/product\\\/automatic-wafer-cone-machine\\\/#breadcrumb\",\"itemListElement\":[{\"@type\":\"ListItem\",\"position\":1,\"name\":\"Home\",\"item\":\"https:\\\/\\\/www.bakeryturnkey.com\\\/\"},{\"@type\":\"ListItem\",\"position\":2,\"name\":\"Products\",\"item\":\"https:\\\/\\\/www.bakeryturnkey.com\\\/products\\\/\"},{\"@type\":\"ListItem\",\"position\":3,\"name\":\"Automatic Wafer Cone Machine Price with 5000 pcs\\\/h\"}]},{\"@type\":\"WebSite\",\"@id\":\"https:\\\/\\\/www.bakeryturnkey.com\\\/#website\",\"url\":\"https:\\\/\\\/www.bakeryturnkey.com\\\/\",\"name\":\"Bakery Food Processing Equipment Manufacturer\",\"description\":\"Bakery Food Solutions Provider\",\"publisher\":{\"@id\":\"https:\\\/\\\/www.bakeryturnkey.com\\\/#organization\"},\"potentialAction\":[{\"@type\":\"SearchAction\",\"target\":{\"@type\":\"EntryPoint\",\"urlTemplate\":\"https:\\\/\\\/www.bakeryturnkey.com\\\/?s={search_term_string}\"},\"query-input\":{\"@type\":\"PropertyValueSpecification\",\"valueRequired\":true,\"valueName\":\"search_term_string\"}}],\"inLanguage\":\"pt-PT\"},{\"@type\":\"Organization\",\"@id\":\"https:\\\/\\\/www.bakeryturnkey.com\\\/#organization\",\"name\":\"Bakery Food Processing Equipment Manufacturer\",\"url\":\"https:\\\/\\\/www.bakeryturnkey.com\\\/\",\"logo\":{\"@type\":\"ImageObject\",\"inLanguage\":\"pt-PT\",\"@id\":\"https:\\\/\\\/www.bakeryturnkey.com\\\/#\\\/schema\\\/logo\\\/image\\\/\",\"url\":\"https:\\\/\\\/www.bakeryturnkey.com\\\/wp-content\\\/uploads\\\/2022\\\/03\\\/cropped-13-1.png\",\"contentUrl\":\"https:\\\/\\\/www.bakeryturnkey.com\\\/wp-content\\\/uploads\\\/2022\\\/03\\\/cropped-13-1.png\",\"width\":512,\"height\":429,\"caption\":\"Bakery Food Processing Equipment Manufacturer\"},\"image\":{\"@id\":\"https:\\\/\\\/www.bakeryturnkey.com\\\/#\\\/schema\\\/logo\\\/image\\\/\"}},false]}<\/script>\n<!-- \/ Yoast SEO plugin. -->","yoast_head_json":{"title":"Automatic Wafer Cone Machine Price with 5000 pcs\/h","description":"The automatic wafer cone machine uses high quality materials, can produce the wafer cones stably and efficiently. Large capacity, at least 5000pcs\/h.","robots":{"index":"index","follow":"follow","max-snippet":"max-snippet:-1","max-image-preview":"max-image-preview:large","max-video-preview":"max-video-preview:-1"},"canonical":"https:\/\/www.bakeryturnkey.com\/pt\/produto\/automatic-wafer-cone-machine\/","og_locale":"pt_PT","og_type":"article","og_title":"Automatic Wafer Cone Machine Price with 5000 pcs\/h","og_description":"The automatic wafer cone machine uses high quality materials, can produce the wafer cones stably and efficiently. Large capacity, at least 5000pcs\/h.","og_url":"https:\/\/www.bakeryturnkey.com\/pt\/produto\/automatic-wafer-cone-machine\/","og_site_name":"Bakery Food Processing Equipment Manufacturer","article_modified_time":"2026-04-19T02:20:38+00:00","og_image":[{"width":800,"height":800,"url":"https:\/\/www.bakeryturnkey.com\/wp-content\/uploads\/2024\/05\/3.jpg","type":"image\/jpeg"}],"twitter_card":"summary_large_image","twitter_misc":{"Tempo estimado de leitura":"3 minutos"},"schema":{"@context":"https:\/\/schema.org","@graph":[{"@type":"WebPage","@id":"https:\/\/www.bakeryturnkey.com\/product\/automatic-wafer-cone-machine\/","url":"https:\/\/www.bakeryturnkey.com\/product\/automatic-wafer-cone-machine\/","name":"Automatic Wafer Cone Machine Price with 5000 pcs\/h","isPartOf":{"@id":"https:\/\/www.bakeryturnkey.com\/#website"},"primaryImageOfPage":{"@id":"https:\/\/www.bakeryturnkey.com\/product\/automatic-wafer-cone-machine\/#primaryimage"},"image":{"@id":"https:\/\/www.bakeryturnkey.com\/product\/automatic-wafer-cone-machine\/#primaryimage"},"thumbnailUrl":"https:\/\/www.bakeryturnkey.com\/wp-content\/uploads\/2024\/05\/3.jpg","datePublished":"2024-05-08T06:56:11+00:00","dateModified":"2026-04-19T02:20:38+00:00","description":"The automatic wafer cone machine uses high quality materials, can produce the wafer cones stably and efficiently. Large capacity, at least 5000pcs\/h.","breadcrumb":{"@id":"https:\/\/www.bakeryturnkey.com\/product\/automatic-wafer-cone-machine\/#breadcrumb"},"inLanguage":"pt-PT","potentialAction":[{"@type":"ReadAction","target":["https:\/\/www.bakeryturnkey.com\/product\/automatic-wafer-cone-machine\/"]}]},{"@type":"ImageObject","inLanguage":"pt-PT","@id":"https:\/\/www.bakeryturnkey.com\/product\/automatic-wafer-cone-machine\/#primaryimage","url":"https:\/\/www.bakeryturnkey.com\/wp-content\/uploads\/2024\/05\/3.jpg","contentUrl":"https:\/\/www.bakeryturnkey.com\/wp-content\/uploads\/2024\/05\/3.jpg","width":800,"height":800,"caption":"Wafer Cone Making Machine"},{"@type":"BreadcrumbList","@id":"https:\/\/www.bakeryturnkey.com\/product\/automatic-wafer-cone-machine\/#breadcrumb","itemListElement":[{"@type":"ListItem","position":1,"name":"Home","item":"https:\/\/www.bakeryturnkey.com\/"},{"@type":"ListItem","position":2,"name":"Products","item":"https:\/\/www.bakeryturnkey.com\/products\/"},{"@type":"ListItem","position":3,"name":"Automatic Wafer Cone Machine Price with 5000 pcs\/h"}]},{"@type":"WebSite","@id":"https:\/\/www.bakeryturnkey.com\/#website","url":"https:\/\/www.bakeryturnkey.com\/","name":"Bakery Food Processing Equipment Manufacturer","description":"Bakery Food Solutions Provider","publisher":{"@id":"https:\/\/www.bakeryturnkey.com\/#organization"},"potentialAction":[{"@type":"SearchAction","target":{"@type":"EntryPoint","urlTemplate":"https:\/\/www.bakeryturnkey.com\/?s={search_term_string}"},"query-input":{"@type":"PropertyValueSpecification","valueRequired":true,"valueName":"search_term_string"}}],"inLanguage":"pt-PT"},{"@type":"Organization","@id":"https:\/\/www.bakeryturnkey.com\/#organization","name":"Bakery Food Processing Equipment Manufacturer","url":"https:\/\/www.bakeryturnkey.com\/","logo":{"@type":"ImageObject","inLanguage":"pt-PT","@id":"https:\/\/www.bakeryturnkey.com\/#\/schema\/logo\/image\/","url":"https:\/\/www.bakeryturnkey.com\/wp-content\/uploads\/2022\/03\/cropped-13-1.png","contentUrl":"https:\/\/www.bakeryturnkey.com\/wp-content\/uploads\/2022\/03\/cropped-13-1.png","width":512,"height":429,"caption":"Bakery Food Processing Equipment Manufacturer"},"image":{"@id":"https:\/\/www.bakeryturnkey.com\/#\/schema\/logo\/image\/"}},false]}},"yasr_visitor_votes":{"stars_attributes":{"read_only":false,"span_bottom":false},"number_of_votes":0,"sum_votes":0},"_links":{"self":[{"href":"https:\/\/www.bakeryturnkey.com\/pt\/wp-json\/wp\/v2\/product\/4305","targetHints":{"allow":["GET"]}}],"collection":[{"href":"https:\/\/www.bakeryturnkey.com\/pt\/wp-json\/wp\/v2\/product"}],"about":[{"href":"https:\/\/www.bakeryturnkey.com\/pt\/wp-json\/wp\/v2\/types\/product"}],"replies":[{"embeddable":true,"href":"https:\/\/www.bakeryturnkey.com\/pt\/wp-json\/wp\/v2\/comments?post=4305"}],"wp:featuredmedia":[{"embeddable":true,"href":"https:\/\/www.bakeryturnkey.com\/pt\/wp-json\/wp\/v2\/media\/4306"}],"wp:attachment":[{"href":"https:\/\/www.bakeryturnkey.com\/pt\/wp-json\/wp\/v2\/media?parent=4305"}],"wp:term":[{"taxonomy":"product_cat","embeddable":true,"href":"https:\/\/www.bakeryturnkey.com\/pt\/wp-json\/wp\/v2\/product_cat?post=4305"},{"taxonomy":"product_tag","embeddable":true,"href":"https:\/\/www.bakeryturnkey.com\/pt\/wp-json\/wp\/v2\/product_tag?post=4305"}],"curies":[{"name":"wp","href":"https:\/\/api.w.org\/{rel}","templated":true}]}}