{"id":4262,"date":"2024-05-21T11:59:32","date_gmt":"2024-05-21T03:59:32","guid":{"rendered":"https:\/\/www.bakeryturnkey.com\/?post_type=product&#038;p=4262"},"modified":"2025-03-11T11:56:02","modified_gmt":"2025-03-11T03:56:02","slug":"gluten-free-cookies-line","status":"publish","type":"product","link":"https:\/\/www.bakeryturnkey.com\/pt\/produto\/gluten-free-cookies-line\/","title":{"rendered":"Linha de produ\u00e7\u00e3o de biscoitos sem gl\u00faten totalmente autom\u00e1tica"},"content":{"rendered":"<p>A linha de produ\u00e7\u00e3o de biscoitos sem gl\u00faten tem um design inovador, estrutura compacta e opera\u00e7\u00e3o totalmente automatizada. \u00c9 um equipamento profissional e de alta qualidade para a produ\u00e7\u00e3o de biscoitos sem gl\u00faten.<\/p>\n<p>Esta linha produz produtos que satisfazem as necessidades diet\u00e9ticas das pessoas intolerantes ao gl\u00faten. Fornecendo solu\u00e7\u00f5es fi\u00e1veis para a produ\u00e7\u00e3o de biscoitos sem gl\u00faten deliciosos e de alta qualidade \u00e0 escala comercial.<\/p>\n<p><img loading=\"lazy\" decoding=\"async\" class=\"alignnone size-full wp-image-4321\" src=\"https:\/\/www.bakeryturnkey.com\/wp-content\/uploads\/2024\/05\/6.jpg\" alt=\"Linha de produ\u00e7\u00e3o de biscoitos sem gl\u00faten\" width=\"600\" height=\"600\" srcset=\"https:\/\/www.bakeryturnkey.com\/wp-content\/uploads\/2024\/05\/6.jpg 600w, https:\/\/www.bakeryturnkey.com\/wp-content\/uploads\/2024\/05\/6-100x100.jpg 100w, https:\/\/www.bakeryturnkey.com\/wp-content\/uploads\/2024\/05\/6-300x300.jpg 300w, https:\/\/www.bakeryturnkey.com\/wp-content\/uploads\/2024\/05\/6-150x150.jpg 150w\" sizes=\"auto, (max-width: 600px) 100vw, 600px\" \/><\/p>\n<h2><strong>Carater\u00edsticas da Linha de Produ\u00e7\u00e3o de Biscoitos sem Gl\u00faten<\/strong><\/h2>\n<p>Manuseamento de mat\u00e9rias-primas: Isto envolve o manuseamento e armazenamento de ingredientes sem gl\u00faten, tais como misturas de farinha sem gl\u00faten (por exemplo, farinha de arroz, farinha de am\u00eandoa, farinha de tapioca), a\u00e7\u00facar, gorduras (por exemplo, manteiga, \u00f3leo vegetal), ovos, aromatizantes e aditivos. Poder\u00e3o ser necess\u00e1rias \u00e1reas de armazenamento separadas para evitar a contamina\u00e7\u00e3o cruzada.<\/p>\n<p>Sistema de mistura: Este sistema \u00e9 um dos equipamentos importantes na m\u00e1quina autom\u00e1tica de biscoitos sem gl\u00faten, que mistura as mat\u00e9rias-primas para formar a massa do biscoito. Equipado com um misturador que pode lidar com a consist\u00eancia da massa de biscoito sem gl\u00faten, ele garante uma mistura completa sem misturar demais.<\/p>\n<p>Equipamento de extrus\u00e3o ou moldagem: Dependendo dos diferentes tipos de biscoitos sem gl\u00faten, esta m\u00e1quina de moldagem molda a massa na forma de biscoito desejada. O equipamento \u00e9 adequado para processar massa de biscoitos sem gl\u00faten sem afetar a textura ou a estrutura.<\/p>\n<p>Forno de t\u00fanel: <span style=\"font-size: 16px;\">Os trabalhadores utilizam fornos de t\u00fanel para cozer os biscoitos na perfei\u00e7\u00e3o<\/span><span style=\"font-size: 16px;\">. Deve ser capaz de manter um controlo preciso da temperatura para garantir uma cozedura uniforme, o que \u00e9 crucial para as bolachas sem gl\u00faten, para evitar uma textura irregular ou o escurecimento.<\/span><\/p>\n<p><img loading=\"lazy\" decoding=\"async\" class=\"alignnone size-full wp-image-4615\" src=\"https:\/\/www.bakeryturnkey.com\/wp-content\/uploads\/2024\/05\/432.jpg\" alt=\"Forno de t\u00fanel para biscoitos sem gl\u00faten\" width=\"720\" height=\"460\" srcset=\"https:\/\/www.bakeryturnkey.com\/wp-content\/uploads\/2024\/05\/432.jpg 720w, https:\/\/www.bakeryturnkey.com\/wp-content\/uploads\/2024\/05\/432-300x192.jpg 300w, https:\/\/www.bakeryturnkey.com\/wp-content\/uploads\/2024\/05\/432-18x12.jpg 18w, https:\/\/www.bakeryturnkey.com\/wp-content\/uploads\/2024\/05\/432-600x383.jpg 600w\" sizes=\"auto, (max-width: 720px) 100vw, 720px\" \/><\/p>\n<p>Transportador de arrefecimento: Depois de cozidos, os biscoitos sem gl\u00faten precisam de arrefecer antes de serem embalados. Um transportador de arrefecimento permite que as bolachas arrefe\u00e7am de forma uniforme e eficiente sem se colarem umas \u00e0s outras ou ficarem deformadas.<\/p>\n<p>Esta\u00e7\u00f5es de Controlo de Qualidade: Ao longo da linha de produ\u00e7\u00e3o totalmente autom\u00e1tica de biscoitos sem gl\u00faten, as esta\u00e7\u00f5es de controlo de qualidade monitorizam v\u00e1rios par\u00e2metros, como o tamanho, a forma, a cor, a textura e o sabor dos biscoitos. Isso garante que apenas biscoitos sem gl\u00faten de alta qualidade avancem no processo de produ\u00e7\u00e3o.<\/p>\n<p>Equipamento de embalamento: A m\u00e1quina de embalagem acondiciona estes biscoitos em sacos e caixas \u00e0 temperatura ambiente. O equipamento \u00e9 capaz de manusear biscoitos sem gl\u00faten sem contamina\u00e7\u00e3o e garante uma veda\u00e7\u00e3o correta para manter a frescura.<\/p>\n<p>\u2605Sistemas de limpeza e higieniza\u00e7\u00e3o: Dado o risco de contamina\u00e7\u00e3o cruzada com produtos que cont\u00eam gl\u00faten, a limpeza e higieniza\u00e7\u00e3o minuciosas do equipamento e das superf\u00edcies s\u00e3o cruciais. A linha de produ\u00e7\u00e3o deve incluir sistemas que facilitem a limpeza e a higieniza\u00e7\u00e3o para evitar a contamina\u00e7\u00e3o por alerg\u00e9nios.<\/p>\n<p>&nbsp;<\/p>\n<h2><strong>V\u00eddeo da linha de processamento autom\u00e1tico de biscoitos sem gl\u00faten<\/strong><\/h2>\n<div class=\"ast-oembed-container\"><iframe loading=\"lazy\" title=\"Solu\u00e7\u00e3o completa para a produ\u00e7\u00e3o de biscoitos e bolachas\" width=\"500\" height=\"281\" src=\"https:\/\/www.youtube.com\/embed\/JXjAni1j_20?feature=oembed\" frameborder=\"0\" allow=\"accelerometer; autoplay; clipboard-write; encrypted-media; gyroscope; picture-in-picture; web-share\" referrerpolicy=\"strict-origin-when-cross-origin\" allowfullscreen><\/iframe><\/div>\n<p>&nbsp;<\/p>\n<h2><strong>Vantagens da Linha de Produ\u00e7\u00e3o de Biscoitos sem Gl\u00faten<\/strong><\/h2>\n<ol>\n<li>Efici\u00eancia de produ\u00e7\u00e3o: A m\u00e1quina totalmente automatizada reduz a interven\u00e7\u00e3o manual e melhora a efici\u00eancia da produ\u00e7\u00e3o. Atrav\u00e9s de processos automatizados, \u00e9 poss\u00edvel obter uma produ\u00e7\u00e3o cont\u00ednua.<\/li>\n<li>Qualidade do produto: Os processos de produ\u00e7\u00e3o normalizados garantem que cada lote de bolachas sem gl\u00faten tem a mesma qualidade. Ao controlar com precis\u00e3o a propor\u00e7\u00e3o de mat\u00e9rias-primas e a temperatura de cozedura, o sabor e o aspeto do produto s\u00e3o garantidos.<\/li>\n<li>A procura do mercado foi satisfeita: Com a crescente procura de uma alimenta\u00e7\u00e3o saud\u00e1vel e de dietas especiais, a procura de produtos sem gl\u00faten continua a aumentar. A linha de produ\u00e7\u00e3o profissional pode responder rapidamente \u00e0s altera\u00e7\u00f5es do mercado e satisfazer a procura de bolachas sem gl\u00faten por parte dos consumidores.<\/li>\n<li>Benef\u00edcios para a sa\u00fade: Oferece op\u00e7\u00f5es alimentares seguras para consumidores intolerantes ao gl\u00faten. Pode produzir as bolachas sem gl\u00faten utilizando uma variedade de ingredientes saud\u00e1veis, tais como farinhas de cereais integrais, ado\u00e7antes naturais e muito mais.<\/li>\n<li>Flexibilidade e variedade: A linha de processamento de biscoitos sem gl\u00faten pode ser facilmente ajustada para produzir biscoitos sem gl\u00faten em diferentes sabores e formas. Os moldes e as f\u00f3rmulas podem ser rapidamente alterados para se adaptarem \u00e0s necessidades do produto em diferentes esta\u00e7\u00f5es e festivais.<\/li>\n<\/ol>\n<h3><strong>Par\u00e2metros do produto:<\/strong><\/h3>\n<table id=\"zongheng-ccp-host\" border=\"0\" cellspacing=\"0\" cellpadding=\"0\" data-ctx=\"{&quot;cid&quot;:&quot;5769f7c3&quot;,&quot;time&quot;:1690975049619,&quot;docKey&quot;:&quot;vBPlNked7kB9ndG8&quot;}\">\n<tbody>\n<tr>\n<td class=\"s-8\">Modelo<\/td>\n<td class=\"s-8\">Capacidade<\/td>\n<td class=\"s-8\">Largura interior do forno de t\u00fanel<\/td>\n<td class=\"s-8\">M\u00e9todo de aquecimento<\/td>\n<td class=\"s-6\">Dimens\u00f5es<br \/>\n(sem m\u00e1quina de embalar)<\/td>\n<td class=\"s-8\">Tens\u00e3o<\/td>\n<\/tr>\n<tr>\n<td class=\"s-7\">GG-BG400\/420<\/td>\n<td class=\"s-7\">100-250kg\/h<\/td>\n<td class=\"s-7\">400\/420mm<\/td>\n<td class=\"s-7\">El\u00e9trico,G\u00e1s<\/td>\n<td class=\"s-7\">L45m*W5m*H2m<\/td>\n<td class=\"s-7\">380V 50HZ 3PH<\/td>\n<\/tr>\n<tr>\n<td class=\"s-7\">GG-BG600<\/td>\n<td class=\"s-7\">250-400kg\/h<\/td>\n<td class=\"s-7\">600 mm<\/td>\n<td class=\"s-7\">El\u00e9trico,G\u00e1s<\/td>\n<td class=\"s-7\">L50m*W5m*H2m<\/td>\n<td class=\"s-7\">380V 50HZ 3PH<\/td>\n<\/tr>\n<tr>\n<td class=\"s-7\">GG-BG800<\/td>\n<td class=\"s-7\">500-800kg\/h<\/td>\n<td class=\"s-7\">800 mm<\/td>\n<td class=\"s-7\">El\u00e9trico,G\u00e1s,Diesel<\/td>\n<td class=\"s-7\">L100m*L5m*H2,5m<\/td>\n<td class=\"s-7\">380V 50HZ 3PH<\/td>\n<\/tr>\n<tr>\n<td class=\"s-7\">GG-BG1000<\/td>\n<td class=\"s-7\">800-1000kg\/h<\/td>\n<td class=\"s-7\">1000mm<\/td>\n<td class=\"s-7\">El\u00e9trico,G\u00e1s,Diesel<\/td>\n<td class=\"s-7\">L105m*W12m*H3m<\/td>\n<td class=\"s-7\">380V 50HZ 3PH<\/td>\n<\/tr>\n<tr>\n<td class=\"s-7\">GG-BG1200<\/td>\n<td class=\"s-7\">800-1200kg\/h<\/td>\n<td class=\"s-7\">1200mm<\/td>\n<td class=\"s-7\">El\u00e9trico,G\u00e1s,Diesel<\/td>\n<td class=\"s-7\">L120m*W15m*H3m<\/td>\n<td class=\"s-7\">380V 50HZ 3PH<\/td>\n<\/tr>\n<\/tbody>\n<\/table>\n<h3><strong>Deixe o seu pedido de or\u00e7amento<\/strong><\/h3>\n\n<div class=\"wpcf7 no-js\" id=\"wpcf7-f2977-o1\" lang=\"en-US\" dir=\"ltr\">\n<div class=\"screen-reader-response\"><p role=\"status\" aria-live=\"polite\" aria-atomic=\"true\"><\/p> <ul><\/ul><\/div>\n<form action=\"\/pt\/wp-json\/wp\/v2\/product\/4262#wpcf7-f2977-o1\" method=\"post\" class=\"wpcf7-form init\" aria-label=\"Formul\u00e1rio de contacto\" novalidate=\"novalidate\" data-status=\"init\" data-trp-original-action=\"\/pt\/wp-json\/wp\/v2\/product\/4262#wpcf7-f2977-o1\">\n<div style=\"display: none;\">\n<input type=\"hidden\" name=\"_wpcf7\" value=\"2977\" \/>\n<input type=\"hidden\" name=\"_wpcf7_version\" value=\"5.7.7\" \/>\n<input type=\"hidden\" name=\"_wpcf7_locale\" value=\"en_US\" \/>\n<input type=\"hidden\" name=\"_wpcf7_unit_tag\" value=\"wpcf7-f2977-o1\" \/>\n<input type=\"hidden\" name=\"_wpcf7_container_post\" value=\"0\" \/>\n<input type=\"hidden\" name=\"_wpcf7_posted_data_hash\" value=\"\" \/>\n<\/div>\n<p><label> O seu nome*<br \/>\n<span class=\"wpcf7-form-control-wrap\" data-name=\"your-name\"><input size=\"40\" class=\"wpcf7-form-control wpcf7-text wpcf7-validates-as-required\" aria-required=\"true\" aria-invalid=\"false\" value=\"\" type=\"text\" name=\"your-name\" \/><\/span> <\/label>\n<\/p>\n<p><label> O seu pa\u00eds<br \/>\n<span class=\"wpcf7-form-control-wrap\" data-name=\"your-country\"><input size=\"40\" class=\"wpcf7-form-control wpcf7-text\" aria-invalid=\"false\" value=\"\" type=\"text\" name=\"your-country\" \/><\/span><\/label>\n<\/p>\n<p><label> O seu e-mail*<br \/>\n<span class=\"wpcf7-form-control-wrap\" data-name=\"your-email\"><input size=\"40\" class=\"wpcf7-form-control wpcf7-text wpcf7-email wpcf7-validates-as-required wpcf7-validates-as-email\" aria-required=\"true\" aria-invalid=\"false\" value=\"\" type=\"email\" name=\"your-email\" \/><\/span> <\/label>\n<\/p>\n<p><label> O seu telem\u00f3vel<br \/>\n<span class=\"wpcf7-form-control-wrap\" data-name=\"your-phone\"><input size=\"40\" class=\"wpcf7-form-control wpcf7-text\" aria-invalid=\"false\" value=\"\" type=\"text\" name=\"your-phone\" \/><\/span> <\/label>\n<\/p>\n<p><label> Nome da empresa<br \/>\n<span class=\"wpcf7-form-control-wrap\" data-name=\"text-529\"><input size=\"40\" class=\"wpcf7-form-control wpcf7-text\" aria-invalid=\"false\" value=\"\" type=\"text\" name=\"text-529\" \/><\/span> <\/label>\n<\/p>\n<p><label> S\u00edtio Web da empresa<br \/>\n<span class=\"wpcf7-form-control-wrap\" data-name=\"text-106\"><input size=\"40\" class=\"wpcf7-form-control wpcf7-text\" aria-invalid=\"false\" value=\"\" type=\"text\" name=\"text-106\" \/><\/span> <\/label>\n<\/p>\n<p><label> A sua mensagem*<br \/>\n<span class=\"wpcf7-form-control-wrap\" data-name=\"your-message\"><textarea cols=\"40\" rows=\"10\" class=\"wpcf7-form-control wpcf7-textarea wpcf7-validates-as-required\" aria-required=\"true\" aria-invalid=\"false\" name=\"your-message\"><\/textarea><\/span> <\/label>\n<\/p>\n<p><input class=\"wpcf7-form-control has-spinner wpcf7-submit\" type=\"submit\" value=\"Enviar\" \/>\n<\/p><p style=\"display: none !important;\" class=\"akismet-fields-container\" data-prefix=\"_wpcf7_ak_\"><label>&#916;<textarea name=\"_wpcf7_ak_hp_textarea\" cols=\"45\" rows=\"8\" maxlength=\"100\"><\/textarea><\/label><input type=\"hidden\" id=\"ak_js_1\" name=\"_wpcf7_ak_js\" value=\"164\"\/><script>document.getElementById( \"ak_js_1\" ).setAttribute( \"value\", ( new Date() ).getTime() );<\/script><\/p><div class=\"wpcf7-response-output\" aria-hidden=\"true\"><\/div>\n<input type=\"hidden\" name=\"trp-form-language\" value=\"pt\"\/><\/form>\n<\/div>\n\n<div style='text-align:left' class='yasr-auto-insert-visitor'><\/div>","protected":false},"excerpt":{"rendered":"<p>A linha de produ\u00e7\u00e3o de biscoitos sem gl\u00faten tem um design inovador, estrutura compacta e opera\u00e7\u00e3o totalmente automatizada. \u00c9 um equipamento profissional e de alta qualidade para a produ\u00e7\u00e3o de biscoitos sem gl\u00faten. Esta linha produz produtos que satisfazem as necessidades diet\u00e9ticas de pessoas intolerantes ao gl\u00faten. Fornecendo solu\u00e7\u00f5es fi\u00e1veis para a produ\u00e7\u00e3o de biscoitos sem gl\u00faten deliciosos e de alta qualidade numa ...<\/p>\n<p class=\"read-more\"> <a class=\"\" href=\"https:\/\/www.bakeryturnkey.com\/pt\/produto\/gluten-free-cookies-line\/\"> <span class=\"screen-reader-text\">Linha de produ\u00e7\u00e3o de biscoitos sem gl\u00faten totalmente autom\u00e1tica<\/span> Ler mais \"<\/a><\/p>","protected":false},"featured_media":4322,"comment_status":"open","ping_status":"closed","template":"","meta":{"site-sidebar-layout":"default","site-content-layout":"default","ast-main-header-display":"","ast-hfb-above-header-display":"","ast-hfb-below-header-display":"","ast-hfb-mobile-header-display":"","site-post-title":"","ast-breadcrumbs-content":"","ast-featured-img":"","footer-sml-layout":"","theme-transparent-header-meta":"default","adv-header-id-meta":"","stick-header-meta":"","header-above-stick-meta":"","header-main-stick-meta":"","header-below-stick-meta":"","yasr_overall_rating":0,"yasr_post_is_review":"","yasr_auto_insert_disabled":"","yasr_review_type":""},"product_cat":[15],"product_tag":[],"class_list":["post-4262","product","type-product","status-publish","has-post-thumbnail","hentry","product_cat-biscuit-machinery"],"yoast_head":"<!-- This site is optimized with the Yoast SEO plugin v27.5 - https:\/\/yoast.com\/product\/yoast-seo-wordpress\/ -->\n<title>Fully Automatic Gluten Free Cookies Production Line - Bakery Food Processing Equipment Manufacturer<\/title>\n<meta name=\"description\" content=\"The gluten free cookies production line is fully automated operation. It is a high quality equipment specialized in the production of gluten free cookies.\" \/>\n<meta name=\"robots\" content=\"index, follow, max-snippet:-1, max-image-preview:large, max-video-preview:-1\" \/>\n<link rel=\"canonical\" href=\"https:\/\/www.bakeryturnkey.com\/pt\/produto\/gluten-free-cookies-line\/\" \/>\n<meta property=\"og:locale\" content=\"pt_PT\" \/>\n<meta property=\"og:type\" content=\"article\" \/>\n<meta property=\"og:title\" content=\"Fully Automatic Gluten Free Cookies Production Line - Bakery Food Processing Equipment Manufacturer\" \/>\n<meta property=\"og:description\" content=\"The gluten free cookies production line is fully automated operation. It is a high quality equipment specialized in the production of gluten free cookies.\" \/>\n<meta property=\"og:url\" content=\"https:\/\/www.bakeryturnkey.com\/pt\/produto\/gluten-free-cookies-line\/\" \/>\n<meta property=\"og:site_name\" content=\"Bakery Food Processing Equipment Manufacturer\" \/>\n<meta property=\"article:modified_time\" content=\"2025-03-11T03:56:02+00:00\" \/>\n<meta property=\"og:image\" content=\"https:\/\/www.bakeryturnkey.com\/wp-content\/uploads\/2024\/05\/7.jpg\" \/>\n\t<meta property=\"og:image:width\" content=\"800\" \/>\n\t<meta property=\"og:image:height\" content=\"800\" \/>\n\t<meta property=\"og:image:type\" content=\"image\/jpeg\" \/>\n<meta name=\"twitter:card\" content=\"summary_large_image\" \/>\n<meta name=\"twitter:label1\" content=\"Tempo estimado de leitura\" \/>\n\t<meta name=\"twitter:data1\" content=\"4 minutos\" \/>\n<script type=\"application\/ld+json\" class=\"yoast-schema-graph\">{\"@context\":\"https:\\\/\\\/schema.org\",\"@graph\":[{\"@type\":\"WebPage\",\"@id\":\"https:\\\/\\\/www.bakeryturnkey.com\\\/product\\\/gluten-free-cookies-line\\\/\",\"url\":\"https:\\\/\\\/www.bakeryturnkey.com\\\/product\\\/gluten-free-cookies-line\\\/\",\"name\":\"Fully Automatic Gluten Free Cookies Production Line - Bakery Food Processing Equipment Manufacturer\",\"isPartOf\":{\"@id\":\"https:\\\/\\\/www.bakeryturnkey.com\\\/#website\"},\"primaryImageOfPage\":{\"@id\":\"https:\\\/\\\/www.bakeryturnkey.com\\\/product\\\/gluten-free-cookies-line\\\/#primaryimage\"},\"image\":{\"@id\":\"https:\\\/\\\/www.bakeryturnkey.com\\\/product\\\/gluten-free-cookies-line\\\/#primaryimage\"},\"thumbnailUrl\":\"https:\\\/\\\/www.bakeryturnkey.com\\\/wp-content\\\/uploads\\\/2024\\\/05\\\/7.jpg\",\"datePublished\":\"2024-05-21T03:59:32+00:00\",\"dateModified\":\"2025-03-11T03:56:02+00:00\",\"description\":\"The gluten free cookies production line is fully automated operation. It is a high quality equipment specialized in the production of gluten free cookies.\",\"breadcrumb\":{\"@id\":\"https:\\\/\\\/www.bakeryturnkey.com\\\/product\\\/gluten-free-cookies-line\\\/#breadcrumb\"},\"inLanguage\":\"pt-PT\",\"potentialAction\":[{\"@type\":\"ReadAction\",\"target\":[\"https:\\\/\\\/www.bakeryturnkey.com\\\/product\\\/gluten-free-cookies-line\\\/\"]}]},{\"@type\":\"ImageObject\",\"inLanguage\":\"pt-PT\",\"@id\":\"https:\\\/\\\/www.bakeryturnkey.com\\\/product\\\/gluten-free-cookies-line\\\/#primaryimage\",\"url\":\"https:\\\/\\\/www.bakeryturnkey.com\\\/wp-content\\\/uploads\\\/2024\\\/05\\\/7.jpg\",\"contentUrl\":\"https:\\\/\\\/www.bakeryturnkey.com\\\/wp-content\\\/uploads\\\/2024\\\/05\\\/7.jpg\",\"width\":800,\"height\":800,\"caption\":\"Gluten Free Cookies Processing Line\"},{\"@type\":\"BreadcrumbList\",\"@id\":\"https:\\\/\\\/www.bakeryturnkey.com\\\/product\\\/gluten-free-cookies-line\\\/#breadcrumb\",\"itemListElement\":[{\"@type\":\"ListItem\",\"position\":1,\"name\":\"Home\",\"item\":\"https:\\\/\\\/www.bakeryturnkey.com\\\/\"},{\"@type\":\"ListItem\",\"position\":2,\"name\":\"Products\",\"item\":\"https:\\\/\\\/www.bakeryturnkey.com\\\/products\\\/\"},{\"@type\":\"ListItem\",\"position\":3,\"name\":\"Fully Automatic Gluten Free Cookies Production Line\"}]},{\"@type\":\"WebSite\",\"@id\":\"https:\\\/\\\/www.bakeryturnkey.com\\\/#website\",\"url\":\"https:\\\/\\\/www.bakeryturnkey.com\\\/\",\"name\":\"Bakery Food Processing Equipment Manufacturer\",\"description\":\"Bakery Food Solutions Provider\",\"publisher\":{\"@id\":\"https:\\\/\\\/www.bakeryturnkey.com\\\/#organization\"},\"potentialAction\":[{\"@type\":\"SearchAction\",\"target\":{\"@type\":\"EntryPoint\",\"urlTemplate\":\"https:\\\/\\\/www.bakeryturnkey.com\\\/?s={search_term_string}\"},\"query-input\":{\"@type\":\"PropertyValueSpecification\",\"valueRequired\":true,\"valueName\":\"search_term_string\"}}],\"inLanguage\":\"pt-PT\"},{\"@type\":\"Organization\",\"@id\":\"https:\\\/\\\/www.bakeryturnkey.com\\\/#organization\",\"name\":\"Bakery Food Processing Equipment Manufacturer\",\"url\":\"https:\\\/\\\/www.bakeryturnkey.com\\\/\",\"logo\":{\"@type\":\"ImageObject\",\"inLanguage\":\"pt-PT\",\"@id\":\"https:\\\/\\\/www.bakeryturnkey.com\\\/#\\\/schema\\\/logo\\\/image\\\/\",\"url\":\"https:\\\/\\\/www.bakeryturnkey.com\\\/wp-content\\\/uploads\\\/2022\\\/03\\\/cropped-13-1.png\",\"contentUrl\":\"https:\\\/\\\/www.bakeryturnkey.com\\\/wp-content\\\/uploads\\\/2022\\\/03\\\/cropped-13-1.png\",\"width\":512,\"height\":429,\"caption\":\"Bakery Food Processing Equipment Manufacturer\"},\"image\":{\"@id\":\"https:\\\/\\\/www.bakeryturnkey.com\\\/#\\\/schema\\\/logo\\\/image\\\/\"}},false]}<\/script>\n<!-- \/ Yoast SEO plugin. -->","yoast_head_json":{"title":"Fully Automatic Gluten Free Cookies Production Line - Bakery Food Processing Equipment Manufacturer","description":"The gluten free cookies production line is fully automated operation. It is a high quality equipment specialized in the production of gluten free cookies.","robots":{"index":"index","follow":"follow","max-snippet":"max-snippet:-1","max-image-preview":"max-image-preview:large","max-video-preview":"max-video-preview:-1"},"canonical":"https:\/\/www.bakeryturnkey.com\/pt\/produto\/gluten-free-cookies-line\/","og_locale":"pt_PT","og_type":"article","og_title":"Fully Automatic Gluten Free Cookies Production Line - Bakery Food Processing Equipment Manufacturer","og_description":"The gluten free cookies production line is fully automated operation. It is a high quality equipment specialized in the production of gluten free cookies.","og_url":"https:\/\/www.bakeryturnkey.com\/pt\/produto\/gluten-free-cookies-line\/","og_site_name":"Bakery Food Processing Equipment Manufacturer","article_modified_time":"2025-03-11T03:56:02+00:00","og_image":[{"width":800,"height":800,"url":"https:\/\/www.bakeryturnkey.com\/wp-content\/uploads\/2024\/05\/7.jpg","type":"image\/jpeg"}],"twitter_card":"summary_large_image","twitter_misc":{"Tempo estimado de leitura":"4 minutos"},"schema":{"@context":"https:\/\/schema.org","@graph":[{"@type":"WebPage","@id":"https:\/\/www.bakeryturnkey.com\/product\/gluten-free-cookies-line\/","url":"https:\/\/www.bakeryturnkey.com\/product\/gluten-free-cookies-line\/","name":"Fully Automatic Gluten Free Cookies Production Line - Bakery Food Processing Equipment Manufacturer","isPartOf":{"@id":"https:\/\/www.bakeryturnkey.com\/#website"},"primaryImageOfPage":{"@id":"https:\/\/www.bakeryturnkey.com\/product\/gluten-free-cookies-line\/#primaryimage"},"image":{"@id":"https:\/\/www.bakeryturnkey.com\/product\/gluten-free-cookies-line\/#primaryimage"},"thumbnailUrl":"https:\/\/www.bakeryturnkey.com\/wp-content\/uploads\/2024\/05\/7.jpg","datePublished":"2024-05-21T03:59:32+00:00","dateModified":"2025-03-11T03:56:02+00:00","description":"The gluten free cookies production line is fully automated operation. It is a high quality equipment specialized in the production of gluten free cookies.","breadcrumb":{"@id":"https:\/\/www.bakeryturnkey.com\/product\/gluten-free-cookies-line\/#breadcrumb"},"inLanguage":"pt-PT","potentialAction":[{"@type":"ReadAction","target":["https:\/\/www.bakeryturnkey.com\/product\/gluten-free-cookies-line\/"]}]},{"@type":"ImageObject","inLanguage":"pt-PT","@id":"https:\/\/www.bakeryturnkey.com\/product\/gluten-free-cookies-line\/#primaryimage","url":"https:\/\/www.bakeryturnkey.com\/wp-content\/uploads\/2024\/05\/7.jpg","contentUrl":"https:\/\/www.bakeryturnkey.com\/wp-content\/uploads\/2024\/05\/7.jpg","width":800,"height":800,"caption":"Gluten Free Cookies Processing Line"},{"@type":"BreadcrumbList","@id":"https:\/\/www.bakeryturnkey.com\/product\/gluten-free-cookies-line\/#breadcrumb","itemListElement":[{"@type":"ListItem","position":1,"name":"Home","item":"https:\/\/www.bakeryturnkey.com\/"},{"@type":"ListItem","position":2,"name":"Products","item":"https:\/\/www.bakeryturnkey.com\/products\/"},{"@type":"ListItem","position":3,"name":"Fully Automatic Gluten Free Cookies Production Line"}]},{"@type":"WebSite","@id":"https:\/\/www.bakeryturnkey.com\/#website","url":"https:\/\/www.bakeryturnkey.com\/","name":"Bakery Food Processing Equipment Manufacturer","description":"Bakery Food Solutions Provider","publisher":{"@id":"https:\/\/www.bakeryturnkey.com\/#organization"},"potentialAction":[{"@type":"SearchAction","target":{"@type":"EntryPoint","urlTemplate":"https:\/\/www.bakeryturnkey.com\/?s={search_term_string}"},"query-input":{"@type":"PropertyValueSpecification","valueRequired":true,"valueName":"search_term_string"}}],"inLanguage":"pt-PT"},{"@type":"Organization","@id":"https:\/\/www.bakeryturnkey.com\/#organization","name":"Bakery Food Processing Equipment Manufacturer","url":"https:\/\/www.bakeryturnkey.com\/","logo":{"@type":"ImageObject","inLanguage":"pt-PT","@id":"https:\/\/www.bakeryturnkey.com\/#\/schema\/logo\/image\/","url":"https:\/\/www.bakeryturnkey.com\/wp-content\/uploads\/2022\/03\/cropped-13-1.png","contentUrl":"https:\/\/www.bakeryturnkey.com\/wp-content\/uploads\/2022\/03\/cropped-13-1.png","width":512,"height":429,"caption":"Bakery Food Processing Equipment Manufacturer"},"image":{"@id":"https:\/\/www.bakeryturnkey.com\/#\/schema\/logo\/image\/"}},false]}},"yasr_visitor_votes":{"stars_attributes":{"read_only":false,"span_bottom":false},"number_of_votes":0,"sum_votes":0},"_links":{"self":[{"href":"https:\/\/www.bakeryturnkey.com\/pt\/wp-json\/wp\/v2\/product\/4262","targetHints":{"allow":["GET"]}}],"collection":[{"href":"https:\/\/www.bakeryturnkey.com\/pt\/wp-json\/wp\/v2\/product"}],"about":[{"href":"https:\/\/www.bakeryturnkey.com\/pt\/wp-json\/wp\/v2\/types\/product"}],"replies":[{"embeddable":true,"href":"https:\/\/www.bakeryturnkey.com\/pt\/wp-json\/wp\/v2\/comments?post=4262"}],"wp:featuredmedia":[{"embeddable":true,"href":"https:\/\/www.bakeryturnkey.com\/pt\/wp-json\/wp\/v2\/media\/4322"}],"wp:attachment":[{"href":"https:\/\/www.bakeryturnkey.com\/pt\/wp-json\/wp\/v2\/media?parent=4262"}],"wp:term":[{"taxonomy":"product_cat","embeddable":true,"href":"https:\/\/www.bakeryturnkey.com\/pt\/wp-json\/wp\/v2\/product_cat?post=4262"},{"taxonomy":"product_tag","embeddable":true,"href":"https:\/\/www.bakeryturnkey.com\/pt\/wp-json\/wp\/v2\/product_tag?post=4262"}],"curies":[{"name":"wp","href":"https:\/\/api.w.org\/{rel}","templated":true}]}}