{"id":4239,"date":"2024-01-13T17:38:37","date_gmt":"2024-01-13T09:38:37","guid":{"rendered":"https:\/\/www.bakeryturnkey.com\/?post_type=product&#038;p=4239"},"modified":"2025-10-21T15:22:48","modified_gmt":"2025-10-21T07:22:48","slug":"biscuit-manufacturing-machine","status":"publish","type":"product","link":"https:\/\/www.bakeryturnkey.com\/pt\/produto\/biscuit-manufacturing-machine\/","title":{"rendered":"M\u00e1quina de fabrico de biscoitos|F\u00e1brica autom\u00e1tica de biscoitos"},"content":{"rendered":"<p>A m\u00e1quina de fabrico de biscoitos fornece equipamento avan\u00e7ado para produzir v\u00e1rios biscoitos no dom\u00ednio do processamento moderno de alimentos. Simplifica o processo de produ\u00e7\u00e3o e torna o processamento de biscoitos mais inteligente.<\/p>\n<p><img loading=\"lazy\" decoding=\"async\" class=\"alignnone size-full wp-image-4242\" src=\"https:\/\/www.bakeryturnkey.com\/wp-content\/uploads\/2024\/01\/7.jpg\" alt=\"M\u00e1quina para fazer biscoitos\" width=\"630\" height=\"400\" srcset=\"https:\/\/www.bakeryturnkey.com\/wp-content\/uploads\/2024\/01\/7.jpg 630w, https:\/\/www.bakeryturnkey.com\/wp-content\/uploads\/2024\/01\/7-600x381.jpg 600w, https:\/\/www.bakeryturnkey.com\/wp-content\/uploads\/2024\/01\/7-300x190.jpg 300w\" sizes=\"auto, (max-width: 630px) 100vw, 630px\" \/><\/p>\n<h2><strong>Carater\u00edsticas da f\u00e1brica autom\u00e1tica de biscoitos<\/strong><\/h2>\n<ul>\n<li>Engenharia de precis\u00e3o: O cora\u00e7\u00e3o da m\u00e1quina \u00e9 a sua engenharia de precis\u00e3o. Cada componente \u00e9 meticulosamente concebido para garantir a uniformidade do tamanho, da forma e da textura das bolachas. Esta precis\u00e3o n\u00e3o s\u00f3 melhora a atra\u00e7\u00e3o visual do produto final, como tamb\u00e9m contribui para o sabor consistente que os consumidores esperam.<\/li>\n<li>Versatilidade: Esta m\u00e1quina pode produzir v\u00e1rios tipos de biscoitos, n\u00e3o s\u00f3 biscoitos de sandu\u00edche, biscoitos de chocolate, biscoitos de urso, mas tamb\u00e9m bolachas. E tamb\u00e9m pode ser personalizada s\u00f3 para si. Os fabricantes de biscoitos podem atender \u00e0s necessidades em constante mudan\u00e7a do mercado sem ter que modificar ou recomprar equipamentos.<\/li>\n<li>Elevada capacidade de produ\u00e7\u00e3o: A linha de produ\u00e7\u00e3o tem diferentes capacidades de produ\u00e7\u00e3o, de 100 a 1200 kg por hora. Aumenta o n\u00famero de bolachas produzidas num determinado per\u00edodo de tempo. Isto n\u00e3o s\u00f3 aumenta a produ\u00e7\u00e3o, como tamb\u00e9m permite que os fabricantes satisfa\u00e7am eficazmente a crescente procura do mercado.<\/li>\n<li>Efici\u00eancia energ\u00e9tica: Na procura de um desenvolvimento sustent\u00e1vel, a f\u00e1brica de biscoitos optimiza a utiliza\u00e7\u00e3o dos recursos, minimizando o consumo de energia da sua f\u00e1brica de biscoitos e maximizando a sua produ\u00e7\u00e3o.<\/li>\n<\/ul>\n<p><img loading=\"lazy\" decoding=\"async\" class=\"alignnone size-full wp-image-4243\" src=\"https:\/\/www.bakeryturnkey.com\/wp-content\/uploads\/2024\/01\/14.jpg\" alt=\"F\u00e1brica de fabrico de biscoitos\" width=\"630\" height=\"400\" srcset=\"https:\/\/www.bakeryturnkey.com\/wp-content\/uploads\/2024\/01\/14.jpg 630w, https:\/\/www.bakeryturnkey.com\/wp-content\/uploads\/2024\/01\/14-600x381.jpg 600w, https:\/\/www.bakeryturnkey.com\/wp-content\/uploads\/2024\/01\/14-300x190.jpg 300w\" sizes=\"auto, (max-width: 630px) 100vw, 630px\" \/><\/p>\n<h2><strong>Vantagens da m\u00e1quina de fabrico de bolachas<\/strong><\/h2>\n<ol>\n<li>Aumento da produtividade: Com a capacidade de funcionar de forma cont\u00ednua e consistente, a f\u00e1brica autom\u00e1tica de biscoitos melhora consideravelmente a produtividade geral. Os erros humanos e a fadiga, comuns nos m\u00e9todos de produ\u00e7\u00e3o tradicionais, s\u00e3o atenuados, assegurando um processo de fabrico simplificado e eficiente.<\/li>\n<li>Garantia de qualidade: A precis\u00e3o e a automatiza\u00e7\u00e3o da m\u00e1quina contribuem para uma garantia de qualidade sem paralelo. Cada bolacha que sai da linha de produ\u00e7\u00e3o cumpre rigorosos padr\u00f5es de qualidade, incutindo confian\u00e7a tanto nos fabricantes como nos consumidores. A consist\u00eancia do sabor e do aspeto torna-se uma marca distintiva da marca.<\/li>\n<li>Efici\u00eancia de custos: Embora o investimento inicial numa f\u00e1brica de biscoitos possa parecer substancial, a efici\u00eancia de custos a longo prazo n\u00e3o pode ser exagerada. A redu\u00e7\u00e3o dos custos de m\u00e3o de obra, associada a uma maior capacidade de produ\u00e7\u00e3o e efici\u00eancia energ\u00e9tica, resulta num retorno significativo do investimento ao longo do tempo.<\/li>\n<\/ol>\n<p>&nbsp;<\/p>\n<h2><strong>V\u00eddeo da m\u00e1quina autom\u00e1tica de fabrico de bolachas<\/strong><\/h2>\n<div class=\"ast-oembed-container\"><iframe loading=\"lazy\" title=\"Linha de produ\u00e7\u00e3o de biscoitos - Todo o processo de fabrico\" width=\"500\" height=\"281\" src=\"https:\/\/www.youtube.com\/embed\/P8Ys7pf-tMA?feature=oembed\" frameborder=\"0\" allow=\"accelerometer; autoplay; clipboard-write; encrypted-media; gyroscope; picture-in-picture; web-share\" referrerpolicy=\"strict-origin-when-cross-origin\" allowfullscreen><\/iframe><\/div>\n<p>&nbsp;<\/p>\n<p>A nossa m\u00e1quina de fabrica\u00e7\u00e3o de biscoitos \u00e9 amplamente vendido em ambos os mercados interno e externo, com instala\u00e7\u00f5es bem sucedidas em pa\u00edses como o Sud\u00e3o, Indon\u00e9sia, Ar\u00e1bia Saudita, Brasil, Jamaica, Nig\u00e9ria e Arg\u00e9lia.<\/p>\n<p>Muitos clientes partilharam coment\u00e1rios positivos, salientando a constru\u00e7\u00e3o duradoura do equipamento, a elevada produtividade e a facilidade de utiliza\u00e7\u00e3o. Gra\u00e7as a um desempenho fi\u00e1vel e a um apoio t\u00e9cnico de resposta r\u00e1pida, as nossas m\u00e1quinas constru\u00edram uma forte reputa\u00e7\u00e3o e uma coopera\u00e7\u00e3o a longo prazo com produtores de bolachas de todo o mundo.<\/p>\n<p>&nbsp;<\/p>\n<h3><strong>Par\u00e2metros do produto:<\/strong><\/h3>\n<table id=\"zongheng-ccp-host\" border=\"0\" cellspacing=\"0\" cellpadding=\"0\" data-ctx=\"{&quot;cid&quot;:&quot;5769f7c3&quot;,&quot;time&quot;:1690975049619,&quot;docKey&quot;:&quot;vBPlNked7kB9ndG8&quot;}\">\n<tbody>\n<tr>\n<td class=\"s-8\">Modelo<\/td>\n<td class=\"s-8\">Capacidade<\/td>\n<td class=\"s-8\">Largura interior do forno de t\u00fanel<\/td>\n<td class=\"s-8\">M\u00e9todo de aquecimento<\/td>\n<td class=\"s-6\">Dimens\u00f5es<br \/>\n(sem m\u00e1quina de embalar)<\/td>\n<td class=\"s-8\">Tens\u00e3o<\/td>\n<\/tr>\n<tr>\n<td class=\"s-7\">GG-BG400\/420<\/td>\n<td class=\"s-7\">100-250kg\/h<\/td>\n<td class=\"s-7\">400\/420mm<\/td>\n<td class=\"s-7\">El\u00e9trico,G\u00e1s<\/td>\n<td class=\"s-7\">L45m*W5m*H2m<\/td>\n<td class=\"s-7\">380V 50HZ 3PH<\/td>\n<\/tr>\n<tr>\n<td class=\"s-7\">GG-BG600<\/td>\n<td class=\"s-7\">250-400kg\/h<\/td>\n<td class=\"s-7\">600 mm<\/td>\n<td class=\"s-7\">El\u00e9trico,G\u00e1s<\/td>\n<td class=\"s-7\">L50m*W5m*H2m<\/td>\n<td class=\"s-7\">380V 50HZ 3PH<\/td>\n<\/tr>\n<tr>\n<td class=\"s-7\">GG-BG800<\/td>\n<td class=\"s-7\">500-800kg\/h<\/td>\n<td class=\"s-7\">800 mm<\/td>\n<td class=\"s-7\">El\u00e9trico,G\u00e1s,Diesel<\/td>\n<td class=\"s-7\">L100m*L5m*H2,5m<\/td>\n<td class=\"s-7\">380V 50HZ 3PH<\/td>\n<\/tr>\n<tr>\n<td class=\"s-7\">GG-BG1000<\/td>\n<td class=\"s-7\">800-1000kg\/h<\/td>\n<td class=\"s-7\">1000mm<\/td>\n<td class=\"s-7\">El\u00e9trico,G\u00e1s,Diesel<\/td>\n<td class=\"s-7\">L105m*W12m*H3m<\/td>\n<td class=\"s-7\">380V 50HZ 3PH<\/td>\n<\/tr>\n<tr>\n<td class=\"s-7\">GG-BG1200<\/td>\n<td class=\"s-7\">800-1200kg\/h<\/td>\n<td class=\"s-7\">1200mm<\/td>\n<td class=\"s-7\">El\u00e9trico,G\u00e1s,Diesel<\/td>\n<td class=\"s-7\">L120m*W15m*H3m<\/td>\n<td class=\"s-7\">380V 50HZ 3PH<\/td>\n<\/tr>\n<\/tbody>\n<\/table>\n<p>&nbsp;<\/p>\n<h3><strong>Deixe o seu pedido de or\u00e7amento<\/strong><\/h3>\n<div id=\"wpcf7-f2977-p3974-o2\" class=\"wpcf7 js\" dir=\"ltr\" lang=\"en-US\">\n<div id=\"wpcf7-f2977-p3983-o2\" class=\"wpcf7 js\" dir=\"ltr\" lang=\"en-US\">\n<div id=\"wpcf7-f2977-p4162-o2\" class=\"wpcf7 js\" dir=\"ltr\" lang=\"en-US\">\n<div class=\"wpcf7 no-js\" id=\"wpcf7-f2977-o1\" lang=\"en-US\" dir=\"ltr\">\n<div class=\"screen-reader-response\"><p role=\"status\" aria-live=\"polite\" aria-atomic=\"true\"><\/p> <ul><\/ul><\/div>\n<form action=\"\/pt\/wp-json\/wp\/v2\/product\/4239#wpcf7-f2977-o1\" method=\"post\" class=\"wpcf7-form init\" aria-label=\"Formul\u00e1rio de contacto\" novalidate=\"novalidate\" data-status=\"init\" data-trp-original-action=\"\/pt\/wp-json\/wp\/v2\/product\/4239#wpcf7-f2977-o1\">\n<div style=\"display: none;\">\n<input type=\"hidden\" name=\"_wpcf7\" value=\"2977\" \/>\n<input type=\"hidden\" name=\"_wpcf7_version\" value=\"5.7.7\" \/>\n<input type=\"hidden\" name=\"_wpcf7_locale\" value=\"en_US\" \/>\n<input type=\"hidden\" name=\"_wpcf7_unit_tag\" value=\"wpcf7-f2977-o1\" \/>\n<input type=\"hidden\" name=\"_wpcf7_container_post\" value=\"0\" \/>\n<input type=\"hidden\" name=\"_wpcf7_posted_data_hash\" value=\"\" \/>\n<\/div>\n<p><label> O seu nome*<br \/>\n<span class=\"wpcf7-form-control-wrap\" data-name=\"your-name\"><input size=\"40\" class=\"wpcf7-form-control wpcf7-text wpcf7-validates-as-required\" aria-required=\"true\" aria-invalid=\"false\" value=\"\" type=\"text\" name=\"your-name\" \/><\/span> <\/label>\n<\/p>\n<p><label> O seu pa\u00eds<br \/>\n<span class=\"wpcf7-form-control-wrap\" data-name=\"your-country\"><input size=\"40\" class=\"wpcf7-form-control wpcf7-text\" aria-invalid=\"false\" value=\"\" type=\"text\" name=\"your-country\" \/><\/span><\/label>\n<\/p>\n<p><label> O seu e-mail*<br \/>\n<span class=\"wpcf7-form-control-wrap\" data-name=\"your-email\"><input size=\"40\" class=\"wpcf7-form-control wpcf7-text wpcf7-email wpcf7-validates-as-required wpcf7-validates-as-email\" aria-required=\"true\" aria-invalid=\"false\" value=\"\" type=\"email\" name=\"your-email\" \/><\/span> <\/label>\n<\/p>\n<p><label> O seu telem\u00f3vel<br \/>\n<span class=\"wpcf7-form-control-wrap\" data-name=\"your-phone\"><input size=\"40\" class=\"wpcf7-form-control wpcf7-text\" aria-invalid=\"false\" value=\"\" type=\"text\" name=\"your-phone\" \/><\/span> <\/label>\n<\/p>\n<p><label> Nome da empresa<br \/>\n<span class=\"wpcf7-form-control-wrap\" data-name=\"text-529\"><input size=\"40\" class=\"wpcf7-form-control wpcf7-text\" aria-invalid=\"false\" value=\"\" type=\"text\" name=\"text-529\" \/><\/span> <\/label>\n<\/p>\n<p><label> S\u00edtio Web da empresa<br \/>\n<span class=\"wpcf7-form-control-wrap\" data-name=\"text-106\"><input size=\"40\" class=\"wpcf7-form-control wpcf7-text\" aria-invalid=\"false\" value=\"\" type=\"text\" name=\"text-106\" \/><\/span> <\/label>\n<\/p>\n<p><label> A sua mensagem*<br \/>\n<span class=\"wpcf7-form-control-wrap\" data-name=\"your-message\"><textarea cols=\"40\" rows=\"10\" class=\"wpcf7-form-control wpcf7-textarea wpcf7-validates-as-required\" aria-required=\"true\" aria-invalid=\"false\" name=\"your-message\"><\/textarea><\/span> <\/label>\n<\/p>\n<p><input class=\"wpcf7-form-control has-spinner wpcf7-submit\" type=\"submit\" value=\"Enviar\" \/>\n<\/p><p style=\"display: none !important;\" class=\"akismet-fields-container\" data-prefix=\"_wpcf7_ak_\"><label>&#916;<textarea name=\"_wpcf7_ak_hp_textarea\" cols=\"45\" rows=\"8\" maxlength=\"100\"><\/textarea><\/label><input type=\"hidden\" id=\"ak_js_1\" name=\"_wpcf7_ak_js\" value=\"100\"\/><script>document.getElementById( \"ak_js_1\" ).setAttribute( \"value\", ( new Date() ).getTime() );<\/script><\/p><div class=\"wpcf7-response-output\" aria-hidden=\"true\"><\/div>\n<input type=\"hidden\" name=\"trp-form-language\" value=\"pt\"\/><\/form>\n<\/div>\n<\/div>\n<\/div>\n<\/div>\n<div style='text-align:left' class='yasr-auto-insert-visitor'><\/div>","protected":false},"excerpt":{"rendered":"<ul>\n<li>Capacidade de produ\u00e7\u00e3o: 200-1200KG\/H<\/li>\n<li>Tens\u00e3o: 380V<\/li>\n<li>Correio eletr\u00f3nico: lisa@machinehall.com<\/li>\n<li>Whatsapp: <a href=\"https:\/\/wa.me\/8615515571373\">+8615515571373<\/a><\/li>\n<li><\/li>\n<\/ul>","protected":false},"featured_media":4240,"comment_status":"open","ping_status":"closed","template":"","meta":{"site-sidebar-layout":"default","site-content-layout":"default","ast-main-header-display":"","ast-hfb-above-header-display":"","ast-hfb-below-header-display":"","ast-hfb-mobile-header-display":"","site-post-title":"","ast-breadcrumbs-content":"","ast-featured-img":"","footer-sml-layout":"","theme-transparent-header-meta":"default","adv-header-id-meta":"","stick-header-meta":"","header-above-stick-meta":"","header-main-stick-meta":"","header-below-stick-meta":"","yasr_overall_rating":5,"yasr_post_is_review":"","yasr_auto_insert_disabled":"","yasr_review_type":""},"product_cat":[15],"product_tag":[],"class_list":["post-4239","product","type-product","status-publish","has-post-thumbnail","hentry","product_cat-biscuit-machinery"],"yoast_head":"<!-- This site is optimized with the Yoast SEO plugin v27.5 - https:\/\/yoast.com\/product\/yoast-seo-wordpress\/ -->\n<title>Biscuit Manufacturing Machine|Automatic Biscuit Plant<\/title>\n<meta name=\"description\" content=\"The biscuit manufacturing machine provides advanced equipment to produce various biscuits in the field of modern food processing.\" \/>\n<meta name=\"robots\" content=\"index, follow, max-snippet:-1, max-image-preview:large, max-video-preview:-1\" \/>\n<link rel=\"canonical\" href=\"https:\/\/www.bakeryturnkey.com\/pt\/produto\/biscuit-manufacturing-machine\/\" \/>\n<meta property=\"og:locale\" content=\"pt_PT\" \/>\n<meta property=\"og:type\" content=\"article\" \/>\n<meta property=\"og:title\" content=\"Biscuit Manufacturing Machine|Automatic Biscuit Plant\" \/>\n<meta property=\"og:description\" content=\"The biscuit manufacturing machine provides advanced equipment to produce various biscuits in the field of modern food processing.\" \/>\n<meta property=\"og:url\" content=\"https:\/\/www.bakeryturnkey.com\/pt\/produto\/biscuit-manufacturing-machine\/\" \/>\n<meta property=\"og:site_name\" content=\"Bakery Food Processing Equipment Manufacturer\" \/>\n<meta property=\"article:modified_time\" content=\"2025-10-21T07:22:48+00:00\" \/>\n<meta property=\"og:image\" content=\"https:\/\/www.bakeryturnkey.com\/wp-content\/uploads\/2024\/01\/59.jpg\" \/>\n\t<meta property=\"og:image:width\" content=\"800\" \/>\n\t<meta property=\"og:image:height\" content=\"800\" \/>\n\t<meta property=\"og:image:type\" content=\"image\/jpeg\" \/>\n<meta name=\"twitter:card\" content=\"summary_large_image\" \/>\n<meta name=\"twitter:label1\" content=\"Tempo estimado de leitura\" \/>\n\t<meta name=\"twitter:data1\" content=\"3 minutos\" \/>\n<script type=\"application\/ld+json\" class=\"yoast-schema-graph\">{\"@context\":\"https:\\\/\\\/schema.org\",\"@graph\":[{\"@type\":\"WebPage\",\"@id\":\"https:\\\/\\\/www.bakeryturnkey.com\\\/product\\\/biscuit-manufacturing-machine\\\/\",\"url\":\"https:\\\/\\\/www.bakeryturnkey.com\\\/product\\\/biscuit-manufacturing-machine\\\/\",\"name\":\"Biscuit Manufacturing Machine|Automatic Biscuit Plant\",\"isPartOf\":{\"@id\":\"https:\\\/\\\/www.bakeryturnkey.com\\\/#website\"},\"primaryImageOfPage\":{\"@id\":\"https:\\\/\\\/www.bakeryturnkey.com\\\/product\\\/biscuit-manufacturing-machine\\\/#primaryimage\"},\"image\":{\"@id\":\"https:\\\/\\\/www.bakeryturnkey.com\\\/product\\\/biscuit-manufacturing-machine\\\/#primaryimage\"},\"thumbnailUrl\":\"https:\\\/\\\/www.bakeryturnkey.com\\\/wp-content\\\/uploads\\\/2024\\\/01\\\/59.jpg\",\"datePublished\":\"2024-01-13T09:38:37+00:00\",\"dateModified\":\"2025-10-21T07:22:48+00:00\",\"description\":\"The biscuit manufacturing machine provides advanced equipment to produce various biscuits in the field of modern food processing.\",\"breadcrumb\":{\"@id\":\"https:\\\/\\\/www.bakeryturnkey.com\\\/product\\\/biscuit-manufacturing-machine\\\/#breadcrumb\"},\"inLanguage\":\"pt-PT\",\"potentialAction\":[{\"@type\":\"ReadAction\",\"target\":[\"https:\\\/\\\/www.bakeryturnkey.com\\\/product\\\/biscuit-manufacturing-machine\\\/\"]}]},{\"@type\":\"ImageObject\",\"inLanguage\":\"pt-PT\",\"@id\":\"https:\\\/\\\/www.bakeryturnkey.com\\\/product\\\/biscuit-manufacturing-machine\\\/#primaryimage\",\"url\":\"https:\\\/\\\/www.bakeryturnkey.com\\\/wp-content\\\/uploads\\\/2024\\\/01\\\/59.jpg\",\"contentUrl\":\"https:\\\/\\\/www.bakeryturnkey.com\\\/wp-content\\\/uploads\\\/2024\\\/01\\\/59.jpg\",\"width\":800,\"height\":800,\"caption\":\"Biscuit Manufacturing Machine For Sale\"},{\"@type\":\"BreadcrumbList\",\"@id\":\"https:\\\/\\\/www.bakeryturnkey.com\\\/product\\\/biscuit-manufacturing-machine\\\/#breadcrumb\",\"itemListElement\":[{\"@type\":\"ListItem\",\"position\":1,\"name\":\"Home\",\"item\":\"https:\\\/\\\/www.bakeryturnkey.com\\\/\"},{\"@type\":\"ListItem\",\"position\":2,\"name\":\"Products\",\"item\":\"https:\\\/\\\/www.bakeryturnkey.com\\\/products\\\/\"},{\"@type\":\"ListItem\",\"position\":3,\"name\":\"Biscuit Manufacturing Machine|Automatic Biscuit Plant\"}]},{\"@type\":\"WebSite\",\"@id\":\"https:\\\/\\\/www.bakeryturnkey.com\\\/#website\",\"url\":\"https:\\\/\\\/www.bakeryturnkey.com\\\/\",\"name\":\"Bakery Food Processing Equipment Manufacturer\",\"description\":\"Bakery Food Solutions Provider\",\"publisher\":{\"@id\":\"https:\\\/\\\/www.bakeryturnkey.com\\\/#organization\"},\"potentialAction\":[{\"@type\":\"SearchAction\",\"target\":{\"@type\":\"EntryPoint\",\"urlTemplate\":\"https:\\\/\\\/www.bakeryturnkey.com\\\/?s={search_term_string}\"},\"query-input\":{\"@type\":\"PropertyValueSpecification\",\"valueRequired\":true,\"valueName\":\"search_term_string\"}}],\"inLanguage\":\"pt-PT\"},{\"@type\":\"Organization\",\"@id\":\"https:\\\/\\\/www.bakeryturnkey.com\\\/#organization\",\"name\":\"Bakery Food Processing Equipment Manufacturer\",\"url\":\"https:\\\/\\\/www.bakeryturnkey.com\\\/\",\"logo\":{\"@type\":\"ImageObject\",\"inLanguage\":\"pt-PT\",\"@id\":\"https:\\\/\\\/www.bakeryturnkey.com\\\/#\\\/schema\\\/logo\\\/image\\\/\",\"url\":\"https:\\\/\\\/www.bakeryturnkey.com\\\/wp-content\\\/uploads\\\/2022\\\/03\\\/cropped-13-1.png\",\"contentUrl\":\"https:\\\/\\\/www.bakeryturnkey.com\\\/wp-content\\\/uploads\\\/2022\\\/03\\\/cropped-13-1.png\",\"width\":512,\"height\":429,\"caption\":\"Bakery Food Processing Equipment Manufacturer\"},\"image\":{\"@id\":\"https:\\\/\\\/www.bakeryturnkey.com\\\/#\\\/schema\\\/logo\\\/image\\\/\"}},false]}<\/script>\n<!-- \/ Yoast SEO plugin. -->","yoast_head_json":{"title":"Biscuit Manufacturing Machine|Automatic Biscuit Plant","description":"The biscuit manufacturing machine provides advanced equipment to produce various biscuits in the field of modern food processing.","robots":{"index":"index","follow":"follow","max-snippet":"max-snippet:-1","max-image-preview":"max-image-preview:large","max-video-preview":"max-video-preview:-1"},"canonical":"https:\/\/www.bakeryturnkey.com\/pt\/produto\/biscuit-manufacturing-machine\/","og_locale":"pt_PT","og_type":"article","og_title":"Biscuit Manufacturing Machine|Automatic Biscuit Plant","og_description":"The biscuit manufacturing machine provides advanced equipment to produce various biscuits in the field of modern food processing.","og_url":"https:\/\/www.bakeryturnkey.com\/pt\/produto\/biscuit-manufacturing-machine\/","og_site_name":"Bakery Food Processing Equipment Manufacturer","article_modified_time":"2025-10-21T07:22:48+00:00","og_image":[{"width":800,"height":800,"url":"https:\/\/www.bakeryturnkey.com\/wp-content\/uploads\/2024\/01\/59.jpg","type":"image\/jpeg"}],"twitter_card":"summary_large_image","twitter_misc":{"Tempo estimado de leitura":"3 minutos"},"schema":{"@context":"https:\/\/schema.org","@graph":[{"@type":"WebPage","@id":"https:\/\/www.bakeryturnkey.com\/product\/biscuit-manufacturing-machine\/","url":"https:\/\/www.bakeryturnkey.com\/product\/biscuit-manufacturing-machine\/","name":"Biscuit Manufacturing Machine|Automatic Biscuit Plant","isPartOf":{"@id":"https:\/\/www.bakeryturnkey.com\/#website"},"primaryImageOfPage":{"@id":"https:\/\/www.bakeryturnkey.com\/product\/biscuit-manufacturing-machine\/#primaryimage"},"image":{"@id":"https:\/\/www.bakeryturnkey.com\/product\/biscuit-manufacturing-machine\/#primaryimage"},"thumbnailUrl":"https:\/\/www.bakeryturnkey.com\/wp-content\/uploads\/2024\/01\/59.jpg","datePublished":"2024-01-13T09:38:37+00:00","dateModified":"2025-10-21T07:22:48+00:00","description":"The biscuit manufacturing machine provides advanced equipment to produce various biscuits in the field of modern food processing.","breadcrumb":{"@id":"https:\/\/www.bakeryturnkey.com\/product\/biscuit-manufacturing-machine\/#breadcrumb"},"inLanguage":"pt-PT","potentialAction":[{"@type":"ReadAction","target":["https:\/\/www.bakeryturnkey.com\/product\/biscuit-manufacturing-machine\/"]}]},{"@type":"ImageObject","inLanguage":"pt-PT","@id":"https:\/\/www.bakeryturnkey.com\/product\/biscuit-manufacturing-machine\/#primaryimage","url":"https:\/\/www.bakeryturnkey.com\/wp-content\/uploads\/2024\/01\/59.jpg","contentUrl":"https:\/\/www.bakeryturnkey.com\/wp-content\/uploads\/2024\/01\/59.jpg","width":800,"height":800,"caption":"Biscuit Manufacturing Machine For Sale"},{"@type":"BreadcrumbList","@id":"https:\/\/www.bakeryturnkey.com\/product\/biscuit-manufacturing-machine\/#breadcrumb","itemListElement":[{"@type":"ListItem","position":1,"name":"Home","item":"https:\/\/www.bakeryturnkey.com\/"},{"@type":"ListItem","position":2,"name":"Products","item":"https:\/\/www.bakeryturnkey.com\/products\/"},{"@type":"ListItem","position":3,"name":"Biscuit Manufacturing Machine|Automatic Biscuit Plant"}]},{"@type":"WebSite","@id":"https:\/\/www.bakeryturnkey.com\/#website","url":"https:\/\/www.bakeryturnkey.com\/","name":"Bakery Food Processing Equipment Manufacturer","description":"Bakery Food Solutions Provider","publisher":{"@id":"https:\/\/www.bakeryturnkey.com\/#organization"},"potentialAction":[{"@type":"SearchAction","target":{"@type":"EntryPoint","urlTemplate":"https:\/\/www.bakeryturnkey.com\/?s={search_term_string}"},"query-input":{"@type":"PropertyValueSpecification","valueRequired":true,"valueName":"search_term_string"}}],"inLanguage":"pt-PT"},{"@type":"Organization","@id":"https:\/\/www.bakeryturnkey.com\/#organization","name":"Bakery Food Processing Equipment Manufacturer","url":"https:\/\/www.bakeryturnkey.com\/","logo":{"@type":"ImageObject","inLanguage":"pt-PT","@id":"https:\/\/www.bakeryturnkey.com\/#\/schema\/logo\/image\/","url":"https:\/\/www.bakeryturnkey.com\/wp-content\/uploads\/2022\/03\/cropped-13-1.png","contentUrl":"https:\/\/www.bakeryturnkey.com\/wp-content\/uploads\/2022\/03\/cropped-13-1.png","width":512,"height":429,"caption":"Bakery Food Processing Equipment Manufacturer"},"image":{"@id":"https:\/\/www.bakeryturnkey.com\/#\/schema\/logo\/image\/"}},false]}},"yasr_visitor_votes":{"stars_attributes":{"read_only":false,"span_bottom":false},"number_of_votes":0,"sum_votes":0},"_links":{"self":[{"href":"https:\/\/www.bakeryturnkey.com\/pt\/wp-json\/wp\/v2\/product\/4239","targetHints":{"allow":["GET"]}}],"collection":[{"href":"https:\/\/www.bakeryturnkey.com\/pt\/wp-json\/wp\/v2\/product"}],"about":[{"href":"https:\/\/www.bakeryturnkey.com\/pt\/wp-json\/wp\/v2\/types\/product"}],"replies":[{"embeddable":true,"href":"https:\/\/www.bakeryturnkey.com\/pt\/wp-json\/wp\/v2\/comments?post=4239"}],"wp:featuredmedia":[{"embeddable":true,"href":"https:\/\/www.bakeryturnkey.com\/pt\/wp-json\/wp\/v2\/media\/4240"}],"wp:attachment":[{"href":"https:\/\/www.bakeryturnkey.com\/pt\/wp-json\/wp\/v2\/media?parent=4239"}],"wp:term":[{"taxonomy":"product_cat","embeddable":true,"href":"https:\/\/www.bakeryturnkey.com\/pt\/wp-json\/wp\/v2\/product_cat?post=4239"},{"taxonomy":"product_tag","embeddable":true,"href":"https:\/\/www.bakeryturnkey.com\/pt\/wp-json\/wp\/v2\/product_tag?post=4239"}],"curies":[{"name":"wp","href":"https:\/\/api.w.org\/{rel}","templated":true}]}}