{"id":4183,"date":"2023-11-16T17:53:37","date_gmt":"2023-11-16T09:53:37","guid":{"rendered":"https:\/\/www.bakeryturnkey.com\/?post_type=product&#038;p=4183"},"modified":"2025-10-17T15:21:48","modified_gmt":"2025-10-17T07:21:48","slug":"sliced-cake-production-line","status":"publish","type":"product","link":"https:\/\/www.bakeryturnkey.com\/pt\/produto\/sliced-cake-production-line\/","title":{"rendered":"Linha completa de produ\u00e7\u00e3o de bolo fatiado g\u00e1s\/el\u00e9trico"},"content":{"rendered":"<p>A linha de produ\u00e7\u00e3o de bolos fatiados \u00e9 utilizada para o fabrico de bolos fatiados do mesmo tamanho. O equipamento melhora a efici\u00eancia da produ\u00e7\u00e3o e satisfaz as necessidades de produ\u00e7\u00e3o da f\u00e1brica.<\/p>\n<p>A linha de produ\u00e7\u00e3o multifuncional pode n\u00e3o s\u00f3 produzir bolos fatiados, mas tamb\u00e9m outros tipos de bolos, como cupcakes, bolos chiffon, etc. Produ\u00e7\u00e3o automatizada de linha completa, marca el\u00e9ctrica internacional de primeira linha.<\/p>\n<p><img loading=\"lazy\" decoding=\"async\" class=\"alignnone size-full wp-image-4188\" src=\"https:\/\/www.bakeryturnkey.com\/wp-content\/uploads\/2023\/11\/4-1.jpg\" alt=\"Planta de processamento de bolo fatiado\" width=\"630\" height=\"400\" srcset=\"https:\/\/www.bakeryturnkey.com\/wp-content\/uploads\/2023\/11\/4-1.jpg 630w, https:\/\/www.bakeryturnkey.com\/wp-content\/uploads\/2023\/11\/4-1-600x381.jpg 600w, https:\/\/www.bakeryturnkey.com\/wp-content\/uploads\/2023\/11\/4-1-300x190.jpg 300w\" sizes=\"auto, (max-width: 630px) 100vw, 630px\" \/><\/p>\n<h2><strong>Carater\u00edsticas da Linha de Produ\u00e7\u00e3o de Bolo Fatiado Completo<\/strong><\/h2>\n<ul>\n<li>Mecanismo de corte automatizado: A linha de produ\u00e7\u00e3o incorpora equipamento de corte de alta tecnologia que corta os bolos com precis\u00e3o em por\u00e7\u00f5es uniformes, garantindo a consist\u00eancia do tamanho e da forma.<\/li>\n<li>Espessura da fatia personaliz\u00e1vel: Oferece a flexibilidade de ajustar a espessura das fatias de bolo de acordo com requisitos espec\u00edficos, satisfazendo as diversas prefer\u00eancias dos consumidores.<\/li>\n<li>Alto rendimento: Concebida para opera\u00e7\u00f5es de alta velocidade, a linha de bolos fatiados assegura um processo de fatiamento r\u00e1pido e cont\u00ednuo, maximizando a produtividade.<\/li>\n<li>Design higi\u00e9nico: Constru\u00eddo com materiais que cumprem as normas da ind\u00fastria, o sistema mant\u00e9m protocolos de higiene rigorosos para garantir a seguran\u00e7a alimentar.<\/li>\n<\/ul>\n<h2><strong>V\u00eddeo de trabalho:<\/strong><\/h2>\n<div class=\"ast-oembed-container\"><iframe loading=\"lazy\" title=\"M\u00e1quina de bolo totalmente autom\u00e1tica|Linha de produ\u00e7\u00e3o de cupcake\" width=\"500\" height=\"281\" src=\"https:\/\/www.youtube.com\/embed\/sZG_rxUY7qE?feature=oembed\" frameborder=\"0\" allow=\"accelerometer; autoplay; clipboard-write; encrypted-media; gyroscope; picture-in-picture; web-share\" referrerpolicy=\"strict-origin-when-cross-origin\" allowfullscreen><\/iframe><\/div>\n<h2><strong>Opera\u00e7\u00f5es da linha de processamento de bolo fatiado<\/strong><\/h2>\n<ol>\n<li>Formar: Deite a massa do bolo na forma e fa\u00e7a-os com a mesma forma e tamanho.<\/li>\n<li>Cozedura: Cozer a massa do bolo at\u00e9 ambos os lados ficarem dourados e com uma textura macia e cerosa.<\/li>\n<li>Carregamento e prepara\u00e7\u00e3o: Os bolos s\u00e3o carregados para o tapete rolante, prontos para serem cortados.<\/li>\n<li>Fatiamento de precis\u00e3o: Utilizando mecanismos de corte avan\u00e7ados, os bolos fatiados s\u00e3o cortados com precis\u00e3o na espessura desejada.<\/li>\n<li>Embalagem e distribui\u00e7\u00e3o: Os bolos fatiados s\u00e3o embalados automaticamente para distribui\u00e7\u00e3o, mantendo a sua qualidade e frescura.<\/li>\n<\/ol>\n<p><img loading=\"lazy\" decoding=\"async\" class=\"alignnone size-full wp-image-4823\" src=\"https:\/\/www.bakeryturnkey.com\/wp-content\/uploads\/2023\/11\/324.jpg\" alt=\"Linha de processamento de bolo fatiado\" width=\"630\" height=\"500\" srcset=\"https:\/\/www.bakeryturnkey.com\/wp-content\/uploads\/2023\/11\/324.jpg 630w, https:\/\/www.bakeryturnkey.com\/wp-content\/uploads\/2023\/11\/324-300x238.jpg 300w, https:\/\/www.bakeryturnkey.com\/wp-content\/uploads\/2023\/11\/324-15x12.jpg 15w, https:\/\/www.bakeryturnkey.com\/wp-content\/uploads\/2023\/11\/324-600x476.jpg 600w\" sizes=\"auto, (max-width: 630px) 100vw, 630px\" \/><\/p>\n<h2><strong>Vantagens da Linha de Produ\u00e7\u00e3o de Bolo Fatiado<\/strong><\/h2>\n<ul>\n<li>Consist\u00eancia: Produz fatias uniformes, melhorando a consist\u00eancia e a apresenta\u00e7\u00e3o dos produtos de pastelaria.<\/li>\n<li>Efici\u00eancia: Reduz o trabalho manual, poupando tempo e garantindo um maior rendimento da produ\u00e7\u00e3o.<\/li>\n<li>Versatilidade: Adapt\u00e1vel a v\u00e1rios tipos e tamanhos de bolos, acomodando diversos produtos de panifica\u00e7\u00e3o.<\/li>\n<li>Controlo de qualidade: Assegura um corte de precis\u00e3o, minimizando o desperd\u00edcio de produto e maximizando o rendimento.<\/li>\n<li>Higiene e seguran\u00e7a: Respeita as normas sanit\u00e1rias rigorosas, garantindo a seguran\u00e7a e a qualidade dos bolos fatiados.<\/li>\n<\/ul>\n<p>A linha de processamento de bolos fatiados revoluciona a ind\u00fastria de fabrico de bolos, oferecendo efici\u00eancia, precis\u00e3o e versatilidade na satisfa\u00e7\u00e3o das exig\u00eancias dos consumidores modernos, assegurando simultaneamente um processo de produ\u00e7\u00e3o sem falhas.<\/p>\n<p>Uma empresa de produ\u00e7\u00e3o de bolos com a qual colabor\u00e1mos tinha o problema da espessura irregular das fatias quando produzia bolos fatiados. Isto afectava seriamente a qualidade e o aspeto do produto.<\/p>\n<p>A nossa empresa forneceu-lhe equipamento de corte avan\u00e7ado e sistemas de controlo automatizados para controlar com precis\u00e3o a espessura das fatias, de modo a que cada bolo cortado tivesse uma espessura consistente. Ao mesmo tempo, o sistema automatizado reduziu a interven\u00e7\u00e3o manual e melhorou a efici\u00eancia da produ\u00e7\u00e3o. Ap\u00f3s a transforma\u00e7\u00e3o, a taxa de qualifica\u00e7\u00e3o do produto foi significativamente melhorada, a efici\u00eancia da produ\u00e7\u00e3o aumentou em 20% e a competitividade da empresa no mercado foi refor\u00e7ada.<\/p>\n<h3><strong>Par\u00e2metros t\u00e9cnicos<\/strong><\/h3>\n<table>\n<tbody>\n<tr>\n<td colspan=\"1\" rowspan=\"1\">\n<div>\n<div data-spm-anchor-id=\"0.0.0.i10.65d24f05spMsKG\">Modelo<\/div>\n<\/div>\n<\/td>\n<td colspan=\"1\" rowspan=\"1\">\n<div>\n<div>GG-Cake<\/div>\n<\/div>\n<\/td>\n<\/tr>\n<tr>\n<td colspan=\"1\" rowspan=\"2\">\n<div>\n<div>Capacidade<\/div>\n<\/div>\n<\/td>\n<td colspan=\"1\" rowspan=\"1\">\n<div>\n<div>4807pcs\/h(peso do bolo 78g\/pc)<\/div>\n<\/div>\n<\/td>\n<\/tr>\n<tr>\n<td colspan=\"1\" rowspan=\"1\">\n<div>\n<div>1718pcs\/h(peso do bolo 32g\/pc)<\/div>\n<\/div>\n<\/td>\n<\/tr>\n<tr>\n<td colspan=\"1\" rowspan=\"3\">\n<div>\n<div>Tamanho da placa de cozedura<\/div>\n<\/div>\n<\/td>\n<td colspan=\"1\" rowspan=\"1\">\n<div>\n<div>600*540mm<\/div>\n<\/div>\n<\/td>\n<\/tr>\n<tr>\n<td colspan=\"1\" rowspan=\"1\">\n<div>\n<div>24 pe\u00e7as de bolo\/prato (peso do bolo 78g\/unidade)<\/div>\n<\/div>\n<\/td>\n<\/tr>\n<tr>\n<td colspan=\"1\" rowspan=\"1\">\n<div>\n<div>48 unidades de bolo\/prato (peso do bolo 32g)<\/div>\n<\/div>\n<\/td>\n<\/tr>\n<tr>\n<td colspan=\"1\" rowspan=\"1\">\n<div>\n<div>Tempo de cozedura<\/div>\n<\/div>\n<\/td>\n<td colspan=\"1\" rowspan=\"1\">\n<div>\n<div>12 minutos<\/div>\n<\/div>\n<\/td>\n<\/tr>\n<tr>\n<td colspan=\"1\" rowspan=\"1\">\n<div>\n<div>Temperatura de cozedura<\/div>\n<\/div>\n<\/td>\n<td colspan=\"1\" rowspan=\"1\">\n<div>\n<div>185\u2103-210\u2103<\/div>\n<\/div>\n<\/td>\n<\/tr>\n<tr>\n<td colspan=\"1\" rowspan=\"1\">\n<div>\n<div>Tipo de aquecimento<\/div>\n<\/div>\n<\/td>\n<td colspan=\"1\" rowspan=\"1\">\n<div>\n<div data-spm-anchor-id=\"a2700.details.0.i20.63a755d3nJy2hG\">g\u00e1s\/eletricidade<\/div>\n<\/div>\n<\/td>\n<\/tr>\n<\/tbody>\n<\/table>\n<h3><strong>Deixe o seu pedido de or\u00e7amento<\/strong><\/h3>\n<div id=\"wpcf7-f2977-p2915-o1\" class=\"wpcf7 js\" dir=\"ltr\" lang=\"en-US\">\n<div class=\"wpcf7 no-js\" id=\"wpcf7-f2977-o1\" lang=\"en-US\" dir=\"ltr\">\n<div class=\"screen-reader-response\"><p role=\"status\" aria-live=\"polite\" aria-atomic=\"true\"><\/p> <ul><\/ul><\/div>\n<form action=\"\/pt\/wp-json\/wp\/v2\/product\/4183#wpcf7-f2977-o1\" method=\"post\" class=\"wpcf7-form init\" aria-label=\"Formul\u00e1rio de contacto\" novalidate=\"novalidate\" data-status=\"init\" data-trp-original-action=\"\/pt\/wp-json\/wp\/v2\/product\/4183#wpcf7-f2977-o1\">\n<div style=\"display: none;\">\n<input type=\"hidden\" name=\"_wpcf7\" value=\"2977\" \/>\n<input type=\"hidden\" name=\"_wpcf7_version\" value=\"5.7.7\" \/>\n<input type=\"hidden\" name=\"_wpcf7_locale\" value=\"en_US\" \/>\n<input type=\"hidden\" name=\"_wpcf7_unit_tag\" value=\"wpcf7-f2977-o1\" \/>\n<input type=\"hidden\" name=\"_wpcf7_container_post\" value=\"0\" \/>\n<input type=\"hidden\" name=\"_wpcf7_posted_data_hash\" value=\"\" \/>\n<\/div>\n<p><label> O seu nome*<br \/>\n<span class=\"wpcf7-form-control-wrap\" data-name=\"your-name\"><input size=\"40\" class=\"wpcf7-form-control wpcf7-text wpcf7-validates-as-required\" aria-required=\"true\" aria-invalid=\"false\" value=\"\" type=\"text\" name=\"your-name\" \/><\/span> <\/label>\n<\/p>\n<p><label> O seu pa\u00eds<br \/>\n<span class=\"wpcf7-form-control-wrap\" data-name=\"your-country\"><input size=\"40\" class=\"wpcf7-form-control wpcf7-text\" aria-invalid=\"false\" value=\"\" type=\"text\" name=\"your-country\" \/><\/span><\/label>\n<\/p>\n<p><label> O seu e-mail*<br \/>\n<span class=\"wpcf7-form-control-wrap\" data-name=\"your-email\"><input size=\"40\" class=\"wpcf7-form-control wpcf7-text wpcf7-email wpcf7-validates-as-required wpcf7-validates-as-email\" aria-required=\"true\" aria-invalid=\"false\" value=\"\" type=\"email\" name=\"your-email\" \/><\/span> <\/label>\n<\/p>\n<p><label> O seu telem\u00f3vel<br \/>\n<span class=\"wpcf7-form-control-wrap\" data-name=\"your-phone\"><input size=\"40\" class=\"wpcf7-form-control wpcf7-text\" aria-invalid=\"false\" value=\"\" type=\"text\" name=\"your-phone\" \/><\/span> <\/label>\n<\/p>\n<p><label> Nome da empresa<br \/>\n<span class=\"wpcf7-form-control-wrap\" data-name=\"text-529\"><input size=\"40\" class=\"wpcf7-form-control wpcf7-text\" aria-invalid=\"false\" value=\"\" type=\"text\" name=\"text-529\" \/><\/span> <\/label>\n<\/p>\n<p><label> S\u00edtio Web da empresa<br \/>\n<span class=\"wpcf7-form-control-wrap\" data-name=\"text-106\"><input size=\"40\" class=\"wpcf7-form-control wpcf7-text\" aria-invalid=\"false\" value=\"\" type=\"text\" name=\"text-106\" \/><\/span> <\/label>\n<\/p>\n<p><label> A sua mensagem*<br \/>\n<span class=\"wpcf7-form-control-wrap\" data-name=\"your-message\"><textarea cols=\"40\" rows=\"10\" class=\"wpcf7-form-control wpcf7-textarea wpcf7-validates-as-required\" aria-required=\"true\" aria-invalid=\"false\" name=\"your-message\"><\/textarea><\/span> <\/label>\n<\/p>\n<p><input class=\"wpcf7-form-control has-spinner wpcf7-submit\" type=\"submit\" value=\"Enviar\" \/>\n<\/p><p style=\"display: none !important;\" class=\"akismet-fields-container\" data-prefix=\"_wpcf7_ak_\"><label>&#916;<textarea name=\"_wpcf7_ak_hp_textarea\" cols=\"45\" rows=\"8\" maxlength=\"100\"><\/textarea><\/label><input type=\"hidden\" id=\"ak_js_1\" name=\"_wpcf7_ak_js\" value=\"191\"\/><script>document.getElementById( \"ak_js_1\" ).setAttribute( \"value\", ( new Date() ).getTime() );<\/script><\/p><div class=\"wpcf7-response-output\" aria-hidden=\"true\"><\/div>\n<input type=\"hidden\" name=\"trp-form-language\" value=\"pt\"\/><\/form>\n<\/div>\n<\/div>\n<div style='text-align:left' class='yasr-auto-insert-visitor'><\/div>","protected":false},"excerpt":{"rendered":"<p>A linha de produ\u00e7\u00e3o de bolos fatiados \u00e9 utilizada para o fabrico de bolos fatiados do mesmo tamanho. O equipamento melhora a efici\u00eancia da produ\u00e7\u00e3o e satisfaz as necessidades de produ\u00e7\u00e3o da f\u00e1brica. A linha de produ\u00e7\u00e3o multifuncional pode n\u00e3o s\u00f3 produzir bolos fatiados, mas tamb\u00e9m outros tipos de bolos, como cupcakes, bolos chiffon, etc. Produ\u00e7\u00e3o automatizada de linha completa, marca el\u00e9ctrica internacional de primeira linha. ...<\/p>\n<p class=\"read-more\"> <a class=\"\" href=\"https:\/\/www.bakeryturnkey.com\/pt\/produto\/sliced-cake-production-line\/\"> <span class=\"screen-reader-text\">Linha completa de produ\u00e7\u00e3o de bolo fatiado g\u00e1s\/el\u00e9trico<\/span> Ler mais \"<\/a><\/p>","protected":false},"featured_media":4186,"comment_status":"open","ping_status":"closed","template":"","meta":{"site-sidebar-layout":"default","site-content-layout":"default","ast-main-header-display":"","ast-hfb-above-header-display":"","ast-hfb-below-header-display":"","ast-hfb-mobile-header-display":"","site-post-title":"","ast-breadcrumbs-content":"","ast-featured-img":"","footer-sml-layout":"","theme-transparent-header-meta":"default","adv-header-id-meta":"","stick-header-meta":"","header-above-stick-meta":"","header-main-stick-meta":"","header-below-stick-meta":"","yasr_overall_rating":0,"yasr_post_is_review":"","yasr_auto_insert_disabled":"","yasr_review_type":""},"product_cat":[26],"product_tag":[],"class_list":["post-4183","product","type-product","status-publish","has-post-thumbnail","hentry","product_cat-cake-machinery"],"yoast_head":"<!-- This site is optimized with the Yoast SEO plugin v27.5 - https:\/\/yoast.com\/product\/yoast-seo-wordpress\/ -->\n<title>Complete Sliced Cake Production Line Gas\/Electrical<\/title>\n<meta name=\"description\" content=\"The sliced cake production line is suitable for making the same size of sliced cakes. It improves production efficiency and meets the factory&#039;s needs.\" \/>\n<meta name=\"robots\" content=\"index, follow, max-snippet:-1, max-image-preview:large, max-video-preview:-1\" \/>\n<link rel=\"canonical\" href=\"https:\/\/www.bakeryturnkey.com\/pt\/produto\/sliced-cake-production-line\/\" \/>\n<meta property=\"og:locale\" content=\"pt_PT\" \/>\n<meta property=\"og:type\" content=\"article\" \/>\n<meta property=\"og:title\" content=\"Complete Sliced Cake Production Line Gas\/Electrical\" \/>\n<meta property=\"og:description\" content=\"The sliced cake production line is suitable for making the same size of sliced cakes. It improves production efficiency and meets the factory&#039;s needs.\" \/>\n<meta property=\"og:url\" content=\"https:\/\/www.bakeryturnkey.com\/pt\/produto\/sliced-cake-production-line\/\" \/>\n<meta property=\"og:site_name\" content=\"Bakery Food Processing Equipment Manufacturer\" \/>\n<meta property=\"article:modified_time\" content=\"2025-10-17T07:21:48+00:00\" \/>\n<meta property=\"og:image\" content=\"https:\/\/www.bakeryturnkey.com\/wp-content\/uploads\/2023\/11\/7-1.jpg\" \/>\n\t<meta property=\"og:image:width\" content=\"800\" \/>\n\t<meta property=\"og:image:height\" content=\"800\" \/>\n\t<meta property=\"og:image:type\" content=\"image\/jpeg\" \/>\n<meta name=\"twitter:card\" content=\"summary_large_image\" \/>\n<meta name=\"twitter:label1\" content=\"Tempo estimado de leitura\" \/>\n\t<meta name=\"twitter:data1\" content=\"3 minutos\" \/>\n<script type=\"application\/ld+json\" class=\"yoast-schema-graph\">{\"@context\":\"https:\\\/\\\/schema.org\",\"@graph\":[{\"@type\":\"WebPage\",\"@id\":\"https:\\\/\\\/www.bakeryturnkey.com\\\/product\\\/sliced-cake-production-line\\\/\",\"url\":\"https:\\\/\\\/www.bakeryturnkey.com\\\/product\\\/sliced-cake-production-line\\\/\",\"name\":\"Complete Sliced Cake Production Line Gas\\\/Electrical\",\"isPartOf\":{\"@id\":\"https:\\\/\\\/www.bakeryturnkey.com\\\/#website\"},\"primaryImageOfPage\":{\"@id\":\"https:\\\/\\\/www.bakeryturnkey.com\\\/product\\\/sliced-cake-production-line\\\/#primaryimage\"},\"image\":{\"@id\":\"https:\\\/\\\/www.bakeryturnkey.com\\\/product\\\/sliced-cake-production-line\\\/#primaryimage\"},\"thumbnailUrl\":\"https:\\\/\\\/www.bakeryturnkey.com\\\/wp-content\\\/uploads\\\/2023\\\/11\\\/7-1.jpg\",\"datePublished\":\"2023-11-16T09:53:37+00:00\",\"dateModified\":\"2025-10-17T07:21:48+00:00\",\"description\":\"The sliced cake production line is suitable for making the same size of sliced cakes. It improves production efficiency and meets the factory's needs.\",\"breadcrumb\":{\"@id\":\"https:\\\/\\\/www.bakeryturnkey.com\\\/product\\\/sliced-cake-production-line\\\/#breadcrumb\"},\"inLanguage\":\"pt-PT\",\"potentialAction\":[{\"@type\":\"ReadAction\",\"target\":[\"https:\\\/\\\/www.bakeryturnkey.com\\\/product\\\/sliced-cake-production-line\\\/\"]}]},{\"@type\":\"ImageObject\",\"inLanguage\":\"pt-PT\",\"@id\":\"https:\\\/\\\/www.bakeryturnkey.com\\\/product\\\/sliced-cake-production-line\\\/#primaryimage\",\"url\":\"https:\\\/\\\/www.bakeryturnkey.com\\\/wp-content\\\/uploads\\\/2023\\\/11\\\/7-1.jpg\",\"contentUrl\":\"https:\\\/\\\/www.bakeryturnkey.com\\\/wp-content\\\/uploads\\\/2023\\\/11\\\/7-1.jpg\",\"width\":800,\"height\":800,\"caption\":\"Sliced Cake Processing Line\"},{\"@type\":\"BreadcrumbList\",\"@id\":\"https:\\\/\\\/www.bakeryturnkey.com\\\/product\\\/sliced-cake-production-line\\\/#breadcrumb\",\"itemListElement\":[{\"@type\":\"ListItem\",\"position\":1,\"name\":\"Home\",\"item\":\"https:\\\/\\\/www.bakeryturnkey.com\\\/\"},{\"@type\":\"ListItem\",\"position\":2,\"name\":\"Products\",\"item\":\"https:\\\/\\\/www.bakeryturnkey.com\\\/products\\\/\"},{\"@type\":\"ListItem\",\"position\":3,\"name\":\"Complete Sliced Cake Production Line Gas\\\/Electrical\"}]},{\"@type\":\"WebSite\",\"@id\":\"https:\\\/\\\/www.bakeryturnkey.com\\\/#website\",\"url\":\"https:\\\/\\\/www.bakeryturnkey.com\\\/\",\"name\":\"Bakery Food Processing Equipment Manufacturer\",\"description\":\"Bakery Food Solutions Provider\",\"publisher\":{\"@id\":\"https:\\\/\\\/www.bakeryturnkey.com\\\/#organization\"},\"potentialAction\":[{\"@type\":\"SearchAction\",\"target\":{\"@type\":\"EntryPoint\",\"urlTemplate\":\"https:\\\/\\\/www.bakeryturnkey.com\\\/?s={search_term_string}\"},\"query-input\":{\"@type\":\"PropertyValueSpecification\",\"valueRequired\":true,\"valueName\":\"search_term_string\"}}],\"inLanguage\":\"pt-PT\"},{\"@type\":\"Organization\",\"@id\":\"https:\\\/\\\/www.bakeryturnkey.com\\\/#organization\",\"name\":\"Bakery Food Processing Equipment Manufacturer\",\"url\":\"https:\\\/\\\/www.bakeryturnkey.com\\\/\",\"logo\":{\"@type\":\"ImageObject\",\"inLanguage\":\"pt-PT\",\"@id\":\"https:\\\/\\\/www.bakeryturnkey.com\\\/#\\\/schema\\\/logo\\\/image\\\/\",\"url\":\"https:\\\/\\\/www.bakeryturnkey.com\\\/wp-content\\\/uploads\\\/2022\\\/03\\\/cropped-13-1.png\",\"contentUrl\":\"https:\\\/\\\/www.bakeryturnkey.com\\\/wp-content\\\/uploads\\\/2022\\\/03\\\/cropped-13-1.png\",\"width\":512,\"height\":429,\"caption\":\"Bakery Food Processing Equipment Manufacturer\"},\"image\":{\"@id\":\"https:\\\/\\\/www.bakeryturnkey.com\\\/#\\\/schema\\\/logo\\\/image\\\/\"}},false]}<\/script>\n<!-- \/ Yoast SEO plugin. -->","yoast_head_json":{"title":"Complete Sliced Cake Production Line Gas\/Electrical","description":"The sliced cake production line is suitable for making the same size of sliced cakes. It improves production efficiency and meets the factory's needs.","robots":{"index":"index","follow":"follow","max-snippet":"max-snippet:-1","max-image-preview":"max-image-preview:large","max-video-preview":"max-video-preview:-1"},"canonical":"https:\/\/www.bakeryturnkey.com\/pt\/produto\/sliced-cake-production-line\/","og_locale":"pt_PT","og_type":"article","og_title":"Complete Sliced Cake Production Line Gas\/Electrical","og_description":"The sliced cake production line is suitable for making the same size of sliced cakes. It improves production efficiency and meets the factory's needs.","og_url":"https:\/\/www.bakeryturnkey.com\/pt\/produto\/sliced-cake-production-line\/","og_site_name":"Bakery Food Processing Equipment Manufacturer","article_modified_time":"2025-10-17T07:21:48+00:00","og_image":[{"width":800,"height":800,"url":"https:\/\/www.bakeryturnkey.com\/wp-content\/uploads\/2023\/11\/7-1.jpg","type":"image\/jpeg"}],"twitter_card":"summary_large_image","twitter_misc":{"Tempo estimado de leitura":"3 minutos"},"schema":{"@context":"https:\/\/schema.org","@graph":[{"@type":"WebPage","@id":"https:\/\/www.bakeryturnkey.com\/product\/sliced-cake-production-line\/","url":"https:\/\/www.bakeryturnkey.com\/product\/sliced-cake-production-line\/","name":"Complete Sliced Cake Production Line Gas\/Electrical","isPartOf":{"@id":"https:\/\/www.bakeryturnkey.com\/#website"},"primaryImageOfPage":{"@id":"https:\/\/www.bakeryturnkey.com\/product\/sliced-cake-production-line\/#primaryimage"},"image":{"@id":"https:\/\/www.bakeryturnkey.com\/product\/sliced-cake-production-line\/#primaryimage"},"thumbnailUrl":"https:\/\/www.bakeryturnkey.com\/wp-content\/uploads\/2023\/11\/7-1.jpg","datePublished":"2023-11-16T09:53:37+00:00","dateModified":"2025-10-17T07:21:48+00:00","description":"The sliced cake production line is suitable for making the same size of sliced cakes. It improves production efficiency and meets the factory's needs.","breadcrumb":{"@id":"https:\/\/www.bakeryturnkey.com\/product\/sliced-cake-production-line\/#breadcrumb"},"inLanguage":"pt-PT","potentialAction":[{"@type":"ReadAction","target":["https:\/\/www.bakeryturnkey.com\/product\/sliced-cake-production-line\/"]}]},{"@type":"ImageObject","inLanguage":"pt-PT","@id":"https:\/\/www.bakeryturnkey.com\/product\/sliced-cake-production-line\/#primaryimage","url":"https:\/\/www.bakeryturnkey.com\/wp-content\/uploads\/2023\/11\/7-1.jpg","contentUrl":"https:\/\/www.bakeryturnkey.com\/wp-content\/uploads\/2023\/11\/7-1.jpg","width":800,"height":800,"caption":"Sliced Cake Processing Line"},{"@type":"BreadcrumbList","@id":"https:\/\/www.bakeryturnkey.com\/product\/sliced-cake-production-line\/#breadcrumb","itemListElement":[{"@type":"ListItem","position":1,"name":"Home","item":"https:\/\/www.bakeryturnkey.com\/"},{"@type":"ListItem","position":2,"name":"Products","item":"https:\/\/www.bakeryturnkey.com\/products\/"},{"@type":"ListItem","position":3,"name":"Complete Sliced Cake Production Line Gas\/Electrical"}]},{"@type":"WebSite","@id":"https:\/\/www.bakeryturnkey.com\/#website","url":"https:\/\/www.bakeryturnkey.com\/","name":"Bakery Food Processing Equipment Manufacturer","description":"Bakery Food Solutions Provider","publisher":{"@id":"https:\/\/www.bakeryturnkey.com\/#organization"},"potentialAction":[{"@type":"SearchAction","target":{"@type":"EntryPoint","urlTemplate":"https:\/\/www.bakeryturnkey.com\/?s={search_term_string}"},"query-input":{"@type":"PropertyValueSpecification","valueRequired":true,"valueName":"search_term_string"}}],"inLanguage":"pt-PT"},{"@type":"Organization","@id":"https:\/\/www.bakeryturnkey.com\/#organization","name":"Bakery Food Processing Equipment Manufacturer","url":"https:\/\/www.bakeryturnkey.com\/","logo":{"@type":"ImageObject","inLanguage":"pt-PT","@id":"https:\/\/www.bakeryturnkey.com\/#\/schema\/logo\/image\/","url":"https:\/\/www.bakeryturnkey.com\/wp-content\/uploads\/2022\/03\/cropped-13-1.png","contentUrl":"https:\/\/www.bakeryturnkey.com\/wp-content\/uploads\/2022\/03\/cropped-13-1.png","width":512,"height":429,"caption":"Bakery Food Processing Equipment Manufacturer"},"image":{"@id":"https:\/\/www.bakeryturnkey.com\/#\/schema\/logo\/image\/"}},false]}},"yasr_visitor_votes":{"stars_attributes":{"read_only":false,"span_bottom":false},"number_of_votes":0,"sum_votes":0},"_links":{"self":[{"href":"https:\/\/www.bakeryturnkey.com\/pt\/wp-json\/wp\/v2\/product\/4183","targetHints":{"allow":["GET"]}}],"collection":[{"href":"https:\/\/www.bakeryturnkey.com\/pt\/wp-json\/wp\/v2\/product"}],"about":[{"href":"https:\/\/www.bakeryturnkey.com\/pt\/wp-json\/wp\/v2\/types\/product"}],"replies":[{"embeddable":true,"href":"https:\/\/www.bakeryturnkey.com\/pt\/wp-json\/wp\/v2\/comments?post=4183"}],"wp:featuredmedia":[{"embeddable":true,"href":"https:\/\/www.bakeryturnkey.com\/pt\/wp-json\/wp\/v2\/media\/4186"}],"wp:attachment":[{"href":"https:\/\/www.bakeryturnkey.com\/pt\/wp-json\/wp\/v2\/media?parent=4183"}],"wp:term":[{"taxonomy":"product_cat","embeddable":true,"href":"https:\/\/www.bakeryturnkey.com\/pt\/wp-json\/wp\/v2\/product_cat?post=4183"},{"taxonomy":"product_tag","embeddable":true,"href":"https:\/\/www.bakeryturnkey.com\/pt\/wp-json\/wp\/v2\/product_tag?post=4183"}],"curies":[{"name":"wp","href":"https:\/\/api.w.org\/{rel}","templated":true}]}}