{"id":4169,"date":"2023-11-03T14:24:48","date_gmt":"2023-11-03T06:24:48","guid":{"rendered":"https:\/\/www.bakeryturnkey.com\/?post_type=product&#038;p=4169"},"modified":"2025-10-17T15:21:48","modified_gmt":"2025-10-17T07:21:48","slug":"marie-biscuit-production-line","status":"publish","type":"product","link":"https:\/\/www.bakeryturnkey.com\/pt\/produto\/marie-biscuit-production-line\/","title":{"rendered":"Linha de produ\u00e7\u00e3o de biscoito Marie completa para SUS 600-1200KG\/H"},"content":{"rendered":"<p>Esta linha completa de produ\u00e7\u00e3o de biscoitos marie tem as carater\u00edsticas de opera\u00e7\u00e3o est\u00e1vel, ampla aplica\u00e7\u00e3o e alta efici\u00eancia de produ\u00e7\u00e3o. \u00c9 um equipamento ideal para a produ\u00e7\u00e3o de biscoitos marie.<\/p>\n<p>A linha de produ\u00e7\u00e3o \u00e9 feita de a\u00e7o inoxid\u00e1vel de qualidade alimentar, e o equipamento \u00e9 dur\u00e1vel e f\u00e1cil de limpar. Em compara\u00e7\u00e3o com produtos semelhantes, tem mais vantagens, boa qualidade e pre\u00e7o acess\u00edvel.<\/p>\n<p><img loading=\"lazy\" decoding=\"async\" class=\"alignnone size-full wp-image-4170\" src=\"https:\/\/www.bakeryturnkey.com\/wp-content\/uploads\/2023\/11\/4.jpg\" alt=\"Linha de produ\u00e7\u00e3o de biscoitos Marie BiscuitS\" width=\"630\" height=\"400\" srcset=\"https:\/\/www.bakeryturnkey.com\/wp-content\/uploads\/2023\/11\/4.jpg 630w, https:\/\/www.bakeryturnkey.com\/wp-content\/uploads\/2023\/11\/4-600x381.jpg 600w, https:\/\/www.bakeryturnkey.com\/wp-content\/uploads\/2023\/11\/4-300x190.jpg 300w\" sizes=\"auto, (max-width: 630px) 100vw, 630px\" \/><\/p>\n<h2><strong>Vantagens da Linha de Produ\u00e7\u00e3o de Biscoito Marie<\/strong><\/h2>\n<ul>\n<li>Produ\u00e7\u00e3o diversificada: Uma linha de produ\u00e7\u00e3o pode produzir uma variedade de produtos, incluindo biscoitos duros e biscoitos macios, para satisfazer as necessidades de diferentes consumidores. Para os fabricantes de bolachas, isto pode reduzir os custos de investimento e melhorar a efici\u00eancia da produ\u00e7\u00e3o.<\/li>\n<li>Novo sabor: A bolacha-sandu\u00edche \u00fanica de camada dupla pode ser bem combinada com alimentos de sabor local e proporcionar uma nova experi\u00eancia aos consumidores. Para os fabricantes de bolachas, este facto pode abrir novos mercados e aumentar a competitividade.<\/li>\n<li>Alta qualidade: Utilizando processos de produ\u00e7\u00e3o e equipamento de primeira linha da marca, a qualidade do produto pode ser garantida. Para os fabricantes de bolachas, isto pode melhorar a sua imagem de marca e ganhar a confian\u00e7a dos consumidores.<\/li>\n<li>Funcionamento est\u00e1vel: A linha autom\u00e1tica de produ\u00e7\u00e3o de bolachas Marie funciona de forma est\u00e1vel e a taxa de qualifica\u00e7\u00e3o da produ\u00e7\u00e3o pode atingir mais de 95%. Para os fabricantes de bolachas, isto pode reduzir os custos de produ\u00e7\u00e3o e melhorar a efici\u00eancia da produ\u00e7\u00e3o.<\/li>\n<li>Orienta\u00e7\u00e3o completa: Tem a capacidade de planeamento da solu\u00e7\u00e3o completa da linha de biscoitos marie e pode fornecer orienta\u00e7\u00f5es de produ\u00e7\u00e3o completas para ajudar os clientes a melhorar a efici\u00eancia da produ\u00e7\u00e3o e a qualidade do produto. Para os fabricantes de bolachas, isto pode reduzir os custos de produ\u00e7\u00e3o e melhorar a efici\u00eancia da produ\u00e7\u00e3o.<\/li>\n<li>Renova\u00e7\u00e3o e atualiza\u00e7\u00e3o: As linhas de produ\u00e7\u00e3o existentes podem ser renovadas e actualizadas para satisfazer as necessidades dos clientes. Para os fabricantes de bolachas, isto pode melhorar a efici\u00eancia da produ\u00e7\u00e3o e a qualidade do produto.<\/li>\n<\/ul>\n<p><img loading=\"lazy\" decoding=\"async\" class=\"alignnone size-full wp-image-4172\" src=\"https:\/\/www.bakeryturnkey.com\/wp-content\/uploads\/2023\/11\/5.jpg\" alt=\"Linha de produ\u00e7\u00e3o de biscoitos Marie\" width=\"630\" height=\"400\" srcset=\"https:\/\/www.bakeryturnkey.com\/wp-content\/uploads\/2023\/11\/5.jpg 630w, https:\/\/www.bakeryturnkey.com\/wp-content\/uploads\/2023\/11\/5-600x381.jpg 600w, https:\/\/www.bakeryturnkey.com\/wp-content\/uploads\/2023\/11\/5-300x190.jpg 300w\" sizes=\"auto, (max-width: 630px) 100vw, 630px\" \/><\/p>\n<h3><strong>A empresa pode fornecer-lhe os seguintes servi\u00e7os:<\/strong><\/h3>\n<ol>\n<li>Conce\u00e7\u00e3o de processos: Fornecer solu\u00e7\u00f5es de processo para biscoitos adequadas \u00e0 produ\u00e7\u00e3o de acordo com as suas necessidades.<\/li>\n<li>Sele\u00e7\u00e3o do equipamento: De acordo com o plano do processo, selecionar o equipamento adequado e configurar a m\u00e1quina de biscoitos marie.<\/li>\n<li>Instala\u00e7\u00e3o e depura\u00e7\u00e3o: Respons\u00e1vel pela instala\u00e7\u00e3o e depura\u00e7\u00e3o do equipamento para garantir o funcionamento normal do equipamento.<\/li>\n<li>Forma\u00e7\u00e3o no dom\u00ednio da produ\u00e7\u00e3o: Fornecer forma\u00e7\u00e3o em produ\u00e7\u00e3o aos clientes para os ajudar a familiarizarem-se com os processos de produ\u00e7\u00e3o e as opera\u00e7\u00f5es do equipamento.<\/li>\n<li>Servi\u00e7o p\u00f3s-venda: Fornecer servi\u00e7o p\u00f3s-venda para garantir o funcionamento normal da linha de processamento de biscoitos marie.<\/li>\n<\/ol>\n<p><img loading=\"lazy\" decoding=\"async\" class=\"alignnone size-full wp-image-4173\" src=\"https:\/\/www.bakeryturnkey.com\/wp-content\/uploads\/2023\/11\/6.jpg\" alt=\"Linha de processamento de biscoitos Marie\" width=\"700\" height=\"400\" srcset=\"https:\/\/www.bakeryturnkey.com\/wp-content\/uploads\/2023\/11\/6.jpg 700w, https:\/\/www.bakeryturnkey.com\/wp-content\/uploads\/2023\/11\/6-600x343.jpg 600w, https:\/\/www.bakeryturnkey.com\/wp-content\/uploads\/2023\/11\/6-300x171.jpg 300w\" sizes=\"auto, (max-width: 700px) 100vw, 700px\" \/><\/p>\n<h2><strong>Manuten\u00e7\u00e3o da linha de produ\u00e7\u00e3o de biscoitos Marie<\/strong><\/h2>\n<p><strong>Manuten\u00e7\u00e3o di\u00e1ria<\/strong><\/p>\n<ul>\n<li>No final de cada dia de produ\u00e7\u00e3o de bolachas, o equipamento deve ser limpo para garantir o seu funcionamento normal. Aquando da limpeza, utilizar um agente de limpeza especial e ter cuidado para n\u00e3o danificar a superf\u00edcie do equipamento.<\/li>\n<li>A linha de produ\u00e7\u00e3o deve ser inspeccionada uma vez por semana. Ao inspecionar, concentre-se nos componentes de transmiss\u00e3o, componentes el\u00e9ctricos e componentes de lubrifica\u00e7\u00e3o do equipamento.<\/li>\n<\/ul>\n<p><strong>Manuten\u00e7\u00e3o regular<\/strong><\/p>\n<ul>\n<li>A m\u00e1quina deve ser objeto de uma revis\u00e3o geral de seis em seis meses. Durante a revis\u00e3o, as pe\u00e7as gastas devem ser substitu\u00eddas e os ajustes necess\u00e1rios devem ser efectuados.<\/li>\n<li>A manuten\u00e7\u00e3o da m\u00e1quina de biscoitos deve ser efectuada uma vez por ano. Durante a manuten\u00e7\u00e3o, limpar a sujidade interna do equipamento e verificar os v\u00e1rios componentes do equipamento para prolongar a vida \u00fatil do equipamento.<\/li>\n<\/ul>\n<p>&nbsp;<\/p>\n<h3><strong>Par\u00e2metros do produto:<\/strong><\/h3>\n<table id=\"zongheng-ccp-host\" border=\"0\" cellspacing=\"0\" cellpadding=\"0\" data-ctx=\"{&quot;cid&quot;:&quot;5769f7c3&quot;,&quot;time&quot;:1690975049619,&quot;docKey&quot;:&quot;vBPlNked7kB9ndG8&quot;}\">\n<tbody>\n<tr>\n<td class=\"s-8\">Modelo<\/td>\n<td class=\"s-8\">Capacidade<\/td>\n<td class=\"s-8\">Largura interior do forno de t\u00fanel<\/td>\n<td class=\"s-8\">M\u00e9todo de aquecimento<\/td>\n<td class=\"s-6\">Dimens\u00f5es<br \/>\n(sem m\u00e1quina de embalar)<\/td>\n<td class=\"s-8\">Tens\u00e3o<\/td>\n<\/tr>\n<tr>\n<td class=\"s-7\">GG-BG400\/420<\/td>\n<td class=\"s-7\">100-250kg\/h<\/td>\n<td class=\"s-7\">400\/420mm<\/td>\n<td class=\"s-7\">El\u00e9trico,G\u00e1s<\/td>\n<td class=\"s-7\">L45m*W5m*H2m<\/td>\n<td class=\"s-7\">380V 50HZ 3PH<\/td>\n<\/tr>\n<tr>\n<td class=\"s-7\">GG-BG600<\/td>\n<td class=\"s-7\">250-400kg\/h<\/td>\n<td class=\"s-7\">600 mm<\/td>\n<td class=\"s-7\">El\u00e9trico,G\u00e1s<\/td>\n<td class=\"s-7\">L50m*W5m*H2m<\/td>\n<td class=\"s-7\">380V 50HZ 3PH<\/td>\n<\/tr>\n<tr>\n<td class=\"s-7\">GG-BG800<\/td>\n<td class=\"s-7\">500-800kg\/h<\/td>\n<td class=\"s-7\">800 mm<\/td>\n<td class=\"s-7\">El\u00e9trico,G\u00e1s,Diesel<\/td>\n<td class=\"s-7\">L100m*L5m*H2,5m<\/td>\n<td class=\"s-7\">380V 50HZ 3PH<\/td>\n<\/tr>\n<tr>\n<td class=\"s-7\">GG-BG1000<\/td>\n<td class=\"s-7\">800-1000kg\/h<\/td>\n<td class=\"s-7\">1000mm<\/td>\n<td class=\"s-7\">El\u00e9trico,G\u00e1s,Diesel<\/td>\n<td class=\"s-7\">L105m*W12m*H3m<\/td>\n<td class=\"s-7\">380V 50HZ 3PH<\/td>\n<\/tr>\n<tr>\n<td class=\"s-7\">GG-BG1200<\/td>\n<td class=\"s-7\">800-1200kg\/h<\/td>\n<td class=\"s-7\">1200mm<\/td>\n<td class=\"s-7\">El\u00e9trico,G\u00e1s,Diesel<\/td>\n<td class=\"s-7\">L120m*W15m*H3m<\/td>\n<td class=\"s-7\">380V 50HZ 3PH<\/td>\n<\/tr>\n<\/tbody>\n<\/table>\n<p>&nbsp;<\/p>\n<h3><strong>Deixe o seu pedido de or\u00e7amento<\/strong><\/h3>\n\n<div class=\"wpcf7 no-js\" id=\"wpcf7-f2977-o1\" lang=\"en-US\" dir=\"ltr\">\n<div class=\"screen-reader-response\"><p role=\"status\" aria-live=\"polite\" aria-atomic=\"true\"><\/p> <ul><\/ul><\/div>\n<form action=\"\/pt\/wp-json\/wp\/v2\/product\/4169#wpcf7-f2977-o1\" method=\"post\" class=\"wpcf7-form init\" aria-label=\"Formul\u00e1rio de contacto\" novalidate=\"novalidate\" data-status=\"init\" data-trp-original-action=\"\/pt\/wp-json\/wp\/v2\/product\/4169#wpcf7-f2977-o1\">\n<div style=\"display: none;\">\n<input type=\"hidden\" name=\"_wpcf7\" value=\"2977\" \/>\n<input type=\"hidden\" name=\"_wpcf7_version\" value=\"5.7.7\" \/>\n<input type=\"hidden\" name=\"_wpcf7_locale\" value=\"en_US\" \/>\n<input type=\"hidden\" name=\"_wpcf7_unit_tag\" value=\"wpcf7-f2977-o1\" \/>\n<input type=\"hidden\" name=\"_wpcf7_container_post\" value=\"0\" \/>\n<input type=\"hidden\" name=\"_wpcf7_posted_data_hash\" value=\"\" \/>\n<\/div>\n<p><label> O seu nome*<br \/>\n<span class=\"wpcf7-form-control-wrap\" data-name=\"your-name\"><input size=\"40\" class=\"wpcf7-form-control wpcf7-text wpcf7-validates-as-required\" aria-required=\"true\" aria-invalid=\"false\" value=\"\" type=\"text\" name=\"your-name\" \/><\/span> <\/label>\n<\/p>\n<p><label> O seu pa\u00eds<br \/>\n<span class=\"wpcf7-form-control-wrap\" data-name=\"your-country\"><input size=\"40\" class=\"wpcf7-form-control wpcf7-text\" aria-invalid=\"false\" value=\"\" type=\"text\" name=\"your-country\" \/><\/span><\/label>\n<\/p>\n<p><label> O seu e-mail*<br \/>\n<span class=\"wpcf7-form-control-wrap\" data-name=\"your-email\"><input size=\"40\" class=\"wpcf7-form-control wpcf7-text wpcf7-email wpcf7-validates-as-required wpcf7-validates-as-email\" aria-required=\"true\" aria-invalid=\"false\" value=\"\" type=\"email\" name=\"your-email\" \/><\/span> <\/label>\n<\/p>\n<p><label> O seu telem\u00f3vel<br \/>\n<span class=\"wpcf7-form-control-wrap\" data-name=\"your-phone\"><input size=\"40\" class=\"wpcf7-form-control wpcf7-text\" aria-invalid=\"false\" value=\"\" type=\"text\" name=\"your-phone\" \/><\/span> <\/label>\n<\/p>\n<p><label> Nome da empresa<br \/>\n<span class=\"wpcf7-form-control-wrap\" data-name=\"text-529\"><input size=\"40\" class=\"wpcf7-form-control wpcf7-text\" aria-invalid=\"false\" value=\"\" type=\"text\" name=\"text-529\" \/><\/span> <\/label>\n<\/p>\n<p><label> S\u00edtio Web da empresa<br \/>\n<span class=\"wpcf7-form-control-wrap\" data-name=\"text-106\"><input size=\"40\" class=\"wpcf7-form-control wpcf7-text\" aria-invalid=\"false\" value=\"\" type=\"text\" name=\"text-106\" \/><\/span> <\/label>\n<\/p>\n<p><label> A sua mensagem*<br \/>\n<span class=\"wpcf7-form-control-wrap\" data-name=\"your-message\"><textarea cols=\"40\" rows=\"10\" class=\"wpcf7-form-control wpcf7-textarea wpcf7-validates-as-required\" aria-required=\"true\" aria-invalid=\"false\" name=\"your-message\"><\/textarea><\/span> <\/label>\n<\/p>\n<p><input class=\"wpcf7-form-control has-spinner wpcf7-submit\" type=\"submit\" value=\"Enviar\" \/>\n<\/p><p style=\"display: none !important;\" class=\"akismet-fields-container\" data-prefix=\"_wpcf7_ak_\"><label>&#916;<textarea name=\"_wpcf7_ak_hp_textarea\" cols=\"45\" rows=\"8\" maxlength=\"100\"><\/textarea><\/label><input type=\"hidden\" id=\"ak_js_1\" name=\"_wpcf7_ak_js\" value=\"0\"\/><script>document.getElementById( \"ak_js_1\" ).setAttribute( \"value\", ( new Date() ).getTime() );<\/script><\/p><div class=\"wpcf7-response-output\" aria-hidden=\"true\"><\/div>\n<input type=\"hidden\" name=\"trp-form-language\" value=\"pt\"\/><\/form>\n<\/div>\n\n<div style='text-align:left' class='yasr-auto-insert-visitor'><\/div>","protected":false},"excerpt":{"rendered":"<p>Esta linha completa de produ\u00e7\u00e3o de biscoitos marie tem as carater\u00edsticas de opera\u00e7\u00e3o est\u00e1vel, ampla aplica\u00e7\u00e3o e alta efici\u00eancia de produ\u00e7\u00e3o. \u00c9 um equipamento ideal para a produ\u00e7\u00e3o de biscoitos marie. A linha de produ\u00e7\u00e3o \u00e9 feita de a\u00e7o inoxid\u00e1vel de qualidade alimentar, e o equipamento \u00e9 dur\u00e1vel e f\u00e1cil de limpar. Em compara\u00e7\u00e3o com produtos similares, tem mais vantagens, boa qualidade ...<\/p>\n<p class=\"read-more\"> <a class=\"\" href=\"https:\/\/www.bakeryturnkey.com\/pt\/produto\/marie-biscuit-production-line\/\"> <span class=\"screen-reader-text\">Linha de produ\u00e7\u00e3o de biscoito Marie completa para SUS 600-1200KG\/H<\/span> Ler mais \"<\/a><\/p>","protected":false},"featured_media":4174,"comment_status":"open","ping_status":"closed","template":"","meta":{"site-sidebar-layout":"default","site-content-layout":"default","ast-main-header-display":"","ast-hfb-above-header-display":"","ast-hfb-below-header-display":"","ast-hfb-mobile-header-display":"","site-post-title":"","ast-breadcrumbs-content":"","ast-featured-img":"","footer-sml-layout":"","theme-transparent-header-meta":"default","adv-header-id-meta":"","stick-header-meta":"","header-above-stick-meta":"","header-main-stick-meta":"","header-below-stick-meta":"","yasr_overall_rating":0,"yasr_post_is_review":"","yasr_auto_insert_disabled":"","yasr_review_type":""},"product_cat":[15],"product_tag":[],"class_list":["post-4169","product","type-product","status-publish","has-post-thumbnail","hentry","product_cat-biscuit-machinery"],"yoast_head":"<!-- This site is optimized with the Yoast SEO plugin v27.5 - https:\/\/yoast.com\/product\/yoast-seo-wordpress\/ -->\n<title>SUS Complete Marie Biscuit Production Line 600-1200KG\/H<\/title>\n<meta name=\"description\" content=\"The marie biscuit production line has the features of stable operation, wide used and high efficient. It is an ideal equipment for producing marie biscuits.\" \/>\n<meta name=\"robots\" content=\"index, follow, max-snippet:-1, max-image-preview:large, max-video-preview:-1\" \/>\n<link rel=\"canonical\" href=\"https:\/\/www.bakeryturnkey.com\/pt\/produto\/marie-biscuit-production-line\/\" \/>\n<meta property=\"og:locale\" content=\"pt_PT\" \/>\n<meta property=\"og:type\" content=\"article\" \/>\n<meta property=\"og:title\" content=\"SUS Complete Marie Biscuit Production Line 600-1200KG\/H\" \/>\n<meta property=\"og:description\" content=\"The marie biscuit production line has the features of stable operation, wide used and high efficient. It is an ideal equipment for producing marie biscuits.\" \/>\n<meta property=\"og:url\" content=\"https:\/\/www.bakeryturnkey.com\/pt\/produto\/marie-biscuit-production-line\/\" \/>\n<meta property=\"og:site_name\" content=\"Bakery Food Processing Equipment Manufacturer\" \/>\n<meta property=\"article:modified_time\" content=\"2025-10-17T07:21:48+00:00\" \/>\n<meta property=\"og:image\" content=\"https:\/\/www.bakeryturnkey.com\/wp-content\/uploads\/2023\/11\/7.jpg\" \/>\n\t<meta property=\"og:image:width\" content=\"800\" \/>\n\t<meta property=\"og:image:height\" content=\"800\" \/>\n\t<meta property=\"og:image:type\" content=\"image\/jpeg\" \/>\n<meta name=\"twitter:card\" content=\"summary_large_image\" \/>\n<meta name=\"twitter:label1\" content=\"Tempo estimado de leitura\" \/>\n\t<meta name=\"twitter:data1\" content=\"3 minutos\" \/>\n<script type=\"application\/ld+json\" class=\"yoast-schema-graph\">{\"@context\":\"https:\\\/\\\/schema.org\",\"@graph\":[{\"@type\":\"WebPage\",\"@id\":\"https:\\\/\\\/www.bakeryturnkey.com\\\/product\\\/marie-biscuit-production-line\\\/\",\"url\":\"https:\\\/\\\/www.bakeryturnkey.com\\\/product\\\/marie-biscuit-production-line\\\/\",\"name\":\"SUS Complete Marie Biscuit Production Line 600-1200KG\\\/H\",\"isPartOf\":{\"@id\":\"https:\\\/\\\/www.bakeryturnkey.com\\\/#website\"},\"primaryImageOfPage\":{\"@id\":\"https:\\\/\\\/www.bakeryturnkey.com\\\/product\\\/marie-biscuit-production-line\\\/#primaryimage\"},\"image\":{\"@id\":\"https:\\\/\\\/www.bakeryturnkey.com\\\/product\\\/marie-biscuit-production-line\\\/#primaryimage\"},\"thumbnailUrl\":\"https:\\\/\\\/www.bakeryturnkey.com\\\/wp-content\\\/uploads\\\/2023\\\/11\\\/7.jpg\",\"datePublished\":\"2023-11-03T06:24:48+00:00\",\"dateModified\":\"2025-10-17T07:21:48+00:00\",\"description\":\"The marie biscuit production line has the features of stable operation, wide used and high efficient. It is an ideal equipment for producing marie biscuits.\",\"breadcrumb\":{\"@id\":\"https:\\\/\\\/www.bakeryturnkey.com\\\/product\\\/marie-biscuit-production-line\\\/#breadcrumb\"},\"inLanguage\":\"pt-PT\",\"potentialAction\":[{\"@type\":\"ReadAction\",\"target\":[\"https:\\\/\\\/www.bakeryturnkey.com\\\/product\\\/marie-biscuit-production-line\\\/\"]}]},{\"@type\":\"ImageObject\",\"inLanguage\":\"pt-PT\",\"@id\":\"https:\\\/\\\/www.bakeryturnkey.com\\\/product\\\/marie-biscuit-production-line\\\/#primaryimage\",\"url\":\"https:\\\/\\\/www.bakeryturnkey.com\\\/wp-content\\\/uploads\\\/2023\\\/11\\\/7.jpg\",\"contentUrl\":\"https:\\\/\\\/www.bakeryturnkey.com\\\/wp-content\\\/uploads\\\/2023\\\/11\\\/7.jpg\",\"width\":800,\"height\":800,\"caption\":\"Automatic Marie Biscuit Machine\"},{\"@type\":\"BreadcrumbList\",\"@id\":\"https:\\\/\\\/www.bakeryturnkey.com\\\/product\\\/marie-biscuit-production-line\\\/#breadcrumb\",\"itemListElement\":[{\"@type\":\"ListItem\",\"position\":1,\"name\":\"Home\",\"item\":\"https:\\\/\\\/www.bakeryturnkey.com\\\/\"},{\"@type\":\"ListItem\",\"position\":2,\"name\":\"Products\",\"item\":\"https:\\\/\\\/www.bakeryturnkey.com\\\/products\\\/\"},{\"@type\":\"ListItem\",\"position\":3,\"name\":\"SUS Complete Marie Biscuit Production Line 600-1200KG\\\/H\"}]},{\"@type\":\"WebSite\",\"@id\":\"https:\\\/\\\/www.bakeryturnkey.com\\\/#website\",\"url\":\"https:\\\/\\\/www.bakeryturnkey.com\\\/\",\"name\":\"Bakery Food Processing Equipment Manufacturer\",\"description\":\"Bakery Food Solutions Provider\",\"publisher\":{\"@id\":\"https:\\\/\\\/www.bakeryturnkey.com\\\/#organization\"},\"potentialAction\":[{\"@type\":\"SearchAction\",\"target\":{\"@type\":\"EntryPoint\",\"urlTemplate\":\"https:\\\/\\\/www.bakeryturnkey.com\\\/?s={search_term_string}\"},\"query-input\":{\"@type\":\"PropertyValueSpecification\",\"valueRequired\":true,\"valueName\":\"search_term_string\"}}],\"inLanguage\":\"pt-PT\"},{\"@type\":\"Organization\",\"@id\":\"https:\\\/\\\/www.bakeryturnkey.com\\\/#organization\",\"name\":\"Bakery Food Processing Equipment Manufacturer\",\"url\":\"https:\\\/\\\/www.bakeryturnkey.com\\\/\",\"logo\":{\"@type\":\"ImageObject\",\"inLanguage\":\"pt-PT\",\"@id\":\"https:\\\/\\\/www.bakeryturnkey.com\\\/#\\\/schema\\\/logo\\\/image\\\/\",\"url\":\"https:\\\/\\\/www.bakeryturnkey.com\\\/wp-content\\\/uploads\\\/2022\\\/03\\\/cropped-13-1.png\",\"contentUrl\":\"https:\\\/\\\/www.bakeryturnkey.com\\\/wp-content\\\/uploads\\\/2022\\\/03\\\/cropped-13-1.png\",\"width\":512,\"height\":429,\"caption\":\"Bakery Food Processing Equipment Manufacturer\"},\"image\":{\"@id\":\"https:\\\/\\\/www.bakeryturnkey.com\\\/#\\\/schema\\\/logo\\\/image\\\/\"}},false]}<\/script>\n<!-- \/ Yoast SEO plugin. -->","yoast_head_json":{"title":"SUS Complete Marie Biscuit Production Line 600-1200KG\/H","description":"The marie biscuit production line has the features of stable operation, wide used and high efficient. It is an ideal equipment for producing marie biscuits.","robots":{"index":"index","follow":"follow","max-snippet":"max-snippet:-1","max-image-preview":"max-image-preview:large","max-video-preview":"max-video-preview:-1"},"canonical":"https:\/\/www.bakeryturnkey.com\/pt\/produto\/marie-biscuit-production-line\/","og_locale":"pt_PT","og_type":"article","og_title":"SUS Complete Marie Biscuit Production Line 600-1200KG\/H","og_description":"The marie biscuit production line has the features of stable operation, wide used and high efficient. It is an ideal equipment for producing marie biscuits.","og_url":"https:\/\/www.bakeryturnkey.com\/pt\/produto\/marie-biscuit-production-line\/","og_site_name":"Bakery Food Processing Equipment Manufacturer","article_modified_time":"2025-10-17T07:21:48+00:00","og_image":[{"width":800,"height":800,"url":"https:\/\/www.bakeryturnkey.com\/wp-content\/uploads\/2023\/11\/7.jpg","type":"image\/jpeg"}],"twitter_card":"summary_large_image","twitter_misc":{"Tempo estimado de leitura":"3 minutos"},"schema":{"@context":"https:\/\/schema.org","@graph":[{"@type":"WebPage","@id":"https:\/\/www.bakeryturnkey.com\/product\/marie-biscuit-production-line\/","url":"https:\/\/www.bakeryturnkey.com\/product\/marie-biscuit-production-line\/","name":"SUS Complete Marie Biscuit Production Line 600-1200KG\/H","isPartOf":{"@id":"https:\/\/www.bakeryturnkey.com\/#website"},"primaryImageOfPage":{"@id":"https:\/\/www.bakeryturnkey.com\/product\/marie-biscuit-production-line\/#primaryimage"},"image":{"@id":"https:\/\/www.bakeryturnkey.com\/product\/marie-biscuit-production-line\/#primaryimage"},"thumbnailUrl":"https:\/\/www.bakeryturnkey.com\/wp-content\/uploads\/2023\/11\/7.jpg","datePublished":"2023-11-03T06:24:48+00:00","dateModified":"2025-10-17T07:21:48+00:00","description":"The marie biscuit production line has the features of stable operation, wide used and high efficient. It is an ideal equipment for producing marie biscuits.","breadcrumb":{"@id":"https:\/\/www.bakeryturnkey.com\/product\/marie-biscuit-production-line\/#breadcrumb"},"inLanguage":"pt-PT","potentialAction":[{"@type":"ReadAction","target":["https:\/\/www.bakeryturnkey.com\/product\/marie-biscuit-production-line\/"]}]},{"@type":"ImageObject","inLanguage":"pt-PT","@id":"https:\/\/www.bakeryturnkey.com\/product\/marie-biscuit-production-line\/#primaryimage","url":"https:\/\/www.bakeryturnkey.com\/wp-content\/uploads\/2023\/11\/7.jpg","contentUrl":"https:\/\/www.bakeryturnkey.com\/wp-content\/uploads\/2023\/11\/7.jpg","width":800,"height":800,"caption":"Automatic Marie Biscuit Machine"},{"@type":"BreadcrumbList","@id":"https:\/\/www.bakeryturnkey.com\/product\/marie-biscuit-production-line\/#breadcrumb","itemListElement":[{"@type":"ListItem","position":1,"name":"Home","item":"https:\/\/www.bakeryturnkey.com\/"},{"@type":"ListItem","position":2,"name":"Products","item":"https:\/\/www.bakeryturnkey.com\/products\/"},{"@type":"ListItem","position":3,"name":"SUS Complete Marie Biscuit Production Line 600-1200KG\/H"}]},{"@type":"WebSite","@id":"https:\/\/www.bakeryturnkey.com\/#website","url":"https:\/\/www.bakeryturnkey.com\/","name":"Bakery Food Processing Equipment Manufacturer","description":"Bakery Food Solutions Provider","publisher":{"@id":"https:\/\/www.bakeryturnkey.com\/#organization"},"potentialAction":[{"@type":"SearchAction","target":{"@type":"EntryPoint","urlTemplate":"https:\/\/www.bakeryturnkey.com\/?s={search_term_string}"},"query-input":{"@type":"PropertyValueSpecification","valueRequired":true,"valueName":"search_term_string"}}],"inLanguage":"pt-PT"},{"@type":"Organization","@id":"https:\/\/www.bakeryturnkey.com\/#organization","name":"Bakery Food Processing Equipment Manufacturer","url":"https:\/\/www.bakeryturnkey.com\/","logo":{"@type":"ImageObject","inLanguage":"pt-PT","@id":"https:\/\/www.bakeryturnkey.com\/#\/schema\/logo\/image\/","url":"https:\/\/www.bakeryturnkey.com\/wp-content\/uploads\/2022\/03\/cropped-13-1.png","contentUrl":"https:\/\/www.bakeryturnkey.com\/wp-content\/uploads\/2022\/03\/cropped-13-1.png","width":512,"height":429,"caption":"Bakery Food Processing Equipment Manufacturer"},"image":{"@id":"https:\/\/www.bakeryturnkey.com\/#\/schema\/logo\/image\/"}},false]}},"yasr_visitor_votes":{"stars_attributes":{"read_only":false,"span_bottom":false},"number_of_votes":0,"sum_votes":0},"_links":{"self":[{"href":"https:\/\/www.bakeryturnkey.com\/pt\/wp-json\/wp\/v2\/product\/4169","targetHints":{"allow":["GET"]}}],"collection":[{"href":"https:\/\/www.bakeryturnkey.com\/pt\/wp-json\/wp\/v2\/product"}],"about":[{"href":"https:\/\/www.bakeryturnkey.com\/pt\/wp-json\/wp\/v2\/types\/product"}],"replies":[{"embeddable":true,"href":"https:\/\/www.bakeryturnkey.com\/pt\/wp-json\/wp\/v2\/comments?post=4169"}],"wp:featuredmedia":[{"embeddable":true,"href":"https:\/\/www.bakeryturnkey.com\/pt\/wp-json\/wp\/v2\/media\/4174"}],"wp:attachment":[{"href":"https:\/\/www.bakeryturnkey.com\/pt\/wp-json\/wp\/v2\/media?parent=4169"}],"wp:term":[{"taxonomy":"product_cat","embeddable":true,"href":"https:\/\/www.bakeryturnkey.com\/pt\/wp-json\/wp\/v2\/product_cat?post=4169"},{"taxonomy":"product_tag","embeddable":true,"href":"https:\/\/www.bakeryturnkey.com\/pt\/wp-json\/wp\/v2\/product_tag?post=4169"}],"curies":[{"name":"wp","href":"https:\/\/api.w.org\/{rel}","templated":true}]}}