{"id":4162,"date":"2023-10-23T15:24:06","date_gmt":"2023-10-23T07:24:06","guid":{"rendered":"https:\/\/www.bakeryturnkey.com\/?post_type=product&#038;p=4162"},"modified":"2025-10-17T15:21:48","modified_gmt":"2025-10-17T07:21:48","slug":"cheese-cracker-machine","status":"publish","type":"product","link":"https:\/\/www.bakeryturnkey.com\/pt\/produto\/cheese-cracker-machine\/","title":{"rendered":"Pre\u00e7o da m\u00e1quina para fabricar biscoitos de queijo em a\u00e7o inoxid\u00e1vel"},"content":{"rendered":"<p>A empresa desenvolveu uma nova solu\u00e7\u00e3o para biscoitos - m\u00e1quina de fabrico de bolachas de queijo. Este equipamento industrial foi concebido para aumentar a capacidade de produ\u00e7\u00e3o e acrescentar novos sabores \u00e0 sua produ\u00e7\u00e3o de bolachas de queijo.<\/p>\n<p>Esta linha de produ\u00e7\u00e3o inclui misturador de massa, m\u00e1quina de forma\u00e7\u00e3o, forno de cozedura, m\u00e1quina de arrefecimento, m\u00e1quina de embalagem, etc. Tem um alto grau de automa\u00e7\u00e3o e pode produzir biscoitos de queijo de v\u00e1rias especifica\u00e7\u00f5es, formas e sabores.<\/p>\n<h3><strong>Fluxo de processamento de biscoitos de queijo:<\/strong><\/h3>\n<p><img loading=\"lazy\" decoding=\"async\" class=\"alignnone size-full wp-image-4163\" src=\"https:\/\/www.bakeryturnkey.com\/wp-content\/uploads\/2023\/10\/644.jpg\" alt=\"Fluxo de processamento de biscoitos de queijo\" width=\"700\" height=\"400\" srcset=\"https:\/\/www.bakeryturnkey.com\/wp-content\/uploads\/2023\/10\/644.jpg 700w, https:\/\/www.bakeryturnkey.com\/wp-content\/uploads\/2023\/10\/644-600x343.jpg 600w, https:\/\/www.bakeryturnkey.com\/wp-content\/uploads\/2023\/10\/644-300x171.jpg 300w\" sizes=\"auto, (max-width: 700px) 100vw, 700px\" \/><\/p>\n<p>&nbsp;<\/p>\n<h2><strong>Carater\u00edsticas da m\u00e1quina de fazer bolachas de queijo<\/strong><\/h2>\n<p>Novos produtos inovadores<br \/>\nEsta m\u00e1quina n\u00e3o s\u00f3 pode ser utilizada para produzir bolachas de queijo, como tamb\u00e9m pode ser combinada com sabores locais para produzir bolachas de especialidade local. Experimente com diferentes ingredientes, sabores e formas para inovar as bolachas com base em diferentes grupos.<\/p>\n<p>Durabilidade do a\u00e7o inoxid\u00e1vel<br \/>\nA m\u00e1quina autom\u00e1tica para fabrico de bolachas de queijo \u00e9 feita de a\u00e7o inoxid\u00e1vel de alta qualidade e \u00e9 dur\u00e1vel. O a\u00e7o inoxid\u00e1vel n\u00e3o s\u00f3 garante uma produ\u00e7\u00e3o segura e higi\u00e9nica de bolachas de queijo, como tamb\u00e9m evita eficazmente a corros\u00e3o e a ferrugem. O equipamento fabricado com este material \u00e9 tamb\u00e9m particularmente f\u00e1cil de limpar. Para al\u00e9m deste material, existem outros materiais de qualidade alimentar dispon\u00edveis, e estes materiais robustos garantem que pode utilizar este aparelho para fazer bolachas de queijo durante mais de uma d\u00e9cada.<\/p>\n<p><img loading=\"lazy\" decoding=\"async\" class=\"alignnone size-full wp-image-4164\" src=\"https:\/\/www.bakeryturnkey.com\/wp-content\/uploads\/2023\/10\/52.jpg\" alt=\"M\u00e1quina de fazer queijo em a\u00e7o inoxid\u00e1vel\" width=\"630\" height=\"400\" srcset=\"https:\/\/www.bakeryturnkey.com\/wp-content\/uploads\/2023\/10\/52.jpg 630w, https:\/\/www.bakeryturnkey.com\/wp-content\/uploads\/2023\/10\/52-600x381.jpg 600w, https:\/\/www.bakeryturnkey.com\/wp-content\/uploads\/2023\/10\/52-300x190.jpg 300w\" sizes=\"auto, (max-width: 630px) 100vw, 630px\" \/><\/p>\n<p>Design de f\u00e1cil utiliza\u00e7\u00e3o<br \/>\nA conce\u00e7\u00e3o da m\u00e1quina de fabrico de crackers tem em conta as necessidades do utilizador. Tem uma interface de f\u00e1cil utiliza\u00e7\u00e3o e pode operar intuitivamente v\u00e1rios par\u00e2metros. O design simplifica o processo de fabrico de biscoitos de queijo e melhora a efici\u00eancia da produ\u00e7\u00e3o. Se tiver necessidades especiais, tamb\u00e9m podemos personaliz\u00e1-la para si.<\/p>\n<p>Multifun\u00e7\u00f5es<br \/>\nEsta m\u00e1quina \u00e9 um equipamento multifun\u00e7\u00f5es que pode ser utilizado para uma grande variedade de tipos de bolachas. De trigo integral a sem gl\u00faten, esta m\u00e1quina lida com diferentes tipos de massa com facilidade. Permite-lhe ainda personalizar a espessura e a forma das suas bolachas, por isso, quer prefira quadrados estaladi\u00e7os, redondos delicados ou charmosas bolachas em forma de cora\u00e7\u00e3o, a escolha \u00e9 sua.<\/p>\n<p>Efici\u00eancia que poupa tempo<br \/>\nUma das vantagens mais significativas da m\u00e1quina de fazer bolachas de queijo em a\u00e7o inoxid\u00e1vel \u00e9 a sua efici\u00eancia na poupan\u00e7a de tempo. Acabaram-se as horas passadas a enrolar e a cortar a massa \u00e0 m\u00e3o - esta m\u00e1quina automatiza o processo.<\/p>\n<p>&nbsp;<\/p>\n<h2><strong>V\u00eddeo da m\u00e1quina de fazer biscoitos de queijo<\/strong><\/h2>\n<div class=\"ast-oembed-container\"><iframe loading=\"lazy\" title=\"F\u00e1brica autom\u00e1tica de biscoitos|Solu\u00e7\u00e3o completa\" width=\"500\" height=\"281\" src=\"https:\/\/www.youtube.com\/embed\/cTg51RfJvIg?feature=oembed\" frameborder=\"0\" allow=\"accelerometer; autoplay; clipboard-write; encrypted-media; gyroscope; picture-in-picture; web-share\" referrerpolicy=\"strict-origin-when-cross-origin\" allowfullscreen><\/iframe><\/div>\n<p>A nossa empresa de m\u00e1quinas para biscoitos est\u00e1 principalmente envolvida na conce\u00e7\u00e3o, fabrico, vendas, instala\u00e7\u00e3o, coloca\u00e7\u00e3o em funcionamento e servi\u00e7o p\u00f3s-venda de linhas de produ\u00e7\u00e3o de biscoitos. Somos especializados em fornecer equipamentos e servi\u00e7os de alta qualidade a v\u00e1rias f\u00e1bricas de biscoitos e empresas de processamento de alimentos para ajudar as empresas de biscoitos a melhorar a efici\u00eancia da produ\u00e7\u00e3o, a qualidade do produto e produtos inovadores.<\/p>\n<p>&nbsp;<\/p>\n<h2><strong>Vantagens do fabricante da linha de biscoitos:<\/strong><\/h2>\n<ul>\n<li>O grau de automatiza\u00e7\u00e3o continua a aumentar: O grau da m\u00e1quina continua a aumentar, o que pode melhorar a efici\u00eancia da produ\u00e7\u00e3o e a qualidade do produto.<\/li>\n<li>O equipamento \u00e9 mais inteligente: O equipamento da linha de bolachas \u00e9 mais inteligente e pode ser controlado e monitorizado \u00e0 dist\u00e2ncia.<\/li>\n<li>A prote\u00e7\u00e3o do ambiente continua a melhorar: A prote\u00e7\u00e3o ambiental continua a melhorar, o que pode reduzir a polui\u00e7\u00e3o ambiental.<\/li>\n<li>A m\u00e1quina para fabricar biscoitos de queijo tem boa qualidade e pre\u00e7o acess\u00edvel.<\/li>\n<\/ul>\n<p>&nbsp;<\/p>\n<h3><strong>Par\u00e2metros do produto:<\/strong><\/h3>\n<table id=\"zongheng-ccp-host\" border=\"0\" cellspacing=\"0\" cellpadding=\"0\" data-ctx=\"{&quot;cid&quot;:&quot;5769f7c3&quot;,&quot;time&quot;:1690975049619,&quot;docKey&quot;:&quot;vBPlNked7kB9ndG8&quot;}\">\n<tbody>\n<tr>\n<td class=\"s-8\">Modelo<\/td>\n<td class=\"s-8\">Capacidade<\/td>\n<td class=\"s-8\">Largura interior do forno de t\u00fanel<\/td>\n<td class=\"s-8\">M\u00e9todo de aquecimento<\/td>\n<td class=\"s-6\">Dimens\u00f5es<br \/>\n(sem m\u00e1quina de embalar)<\/td>\n<td class=\"s-8\">Tens\u00e3o<\/td>\n<\/tr>\n<tr>\n<td class=\"s-7\">GG-BG400\/420<\/td>\n<td class=\"s-7\">100-250kg\/h<\/td>\n<td class=\"s-7\">400\/420mm<\/td>\n<td class=\"s-7\">El\u00e9trico,G\u00e1s<\/td>\n<td class=\"s-7\">L45m*W5m*H2m<\/td>\n<td class=\"s-7\">380V 50HZ 3PH<\/td>\n<\/tr>\n<tr>\n<td class=\"s-7\">GG-BG600<\/td>\n<td class=\"s-7\">250-400kg\/h<\/td>\n<td class=\"s-7\">600 mm<\/td>\n<td class=\"s-7\">El\u00e9trico,G\u00e1s<\/td>\n<td class=\"s-7\">L50m*W5m*H2m<\/td>\n<td class=\"s-7\">380V 50HZ 3PH<\/td>\n<\/tr>\n<tr>\n<td class=\"s-7\">GG-BG800<\/td>\n<td class=\"s-7\">500-800kg\/h<\/td>\n<td class=\"s-7\">800 mm<\/td>\n<td class=\"s-7\">El\u00e9trico,G\u00e1s,Diesel<\/td>\n<td class=\"s-7\">L100m*L5m*H2,5m<\/td>\n<td class=\"s-7\">380V 50HZ 3PH<\/td>\n<\/tr>\n<tr>\n<td class=\"s-7\">GG-BG1000<\/td>\n<td class=\"s-7\">800-1000kg\/h<\/td>\n<td class=\"s-7\">1000mm<\/td>\n<td class=\"s-7\">El\u00e9trico,G\u00e1s,Diesel<\/td>\n<td class=\"s-7\">L105m*W12m*H3m<\/td>\n<td class=\"s-7\">380V 50HZ 3PH<\/td>\n<\/tr>\n<tr>\n<td class=\"s-7\">GG-BG1200<\/td>\n<td class=\"s-7\">800-1200kg\/h<\/td>\n<td class=\"s-7\">1200mm<\/td>\n<td class=\"s-7\">El\u00e9trico,G\u00e1s,Diesel<\/td>\n<td class=\"s-7\">L120m*W15m*H3m<\/td>\n<td class=\"s-7\">380V 50HZ 3PH<\/td>\n<\/tr>\n<\/tbody>\n<\/table>\n<p>&nbsp;<\/p>\n<h3><strong>Deixe o seu pedido de or\u00e7amento<\/strong><\/h3>\n<div id=\"wpcf7-f2977-p3974-o2\" class=\"wpcf7 js\" dir=\"ltr\" lang=\"en-US\">\n<div id=\"wpcf7-f2977-p3983-o2\" class=\"wpcf7 js\" dir=\"ltr\" lang=\"en-US\">\n<div class=\"wpcf7 no-js\" id=\"wpcf7-f2977-o1\" lang=\"en-US\" dir=\"ltr\">\n<div class=\"screen-reader-response\"><p role=\"status\" aria-live=\"polite\" aria-atomic=\"true\"><\/p> <ul><\/ul><\/div>\n<form action=\"\/pt\/wp-json\/wp\/v2\/product\/4162#wpcf7-f2977-o1\" method=\"post\" class=\"wpcf7-form init\" aria-label=\"Formul\u00e1rio de contacto\" novalidate=\"novalidate\" data-status=\"init\" data-trp-original-action=\"\/pt\/wp-json\/wp\/v2\/product\/4162#wpcf7-f2977-o1\">\n<div style=\"display: none;\">\n<input type=\"hidden\" name=\"_wpcf7\" value=\"2977\" \/>\n<input type=\"hidden\" name=\"_wpcf7_version\" value=\"5.7.7\" \/>\n<input type=\"hidden\" name=\"_wpcf7_locale\" value=\"en_US\" \/>\n<input type=\"hidden\" name=\"_wpcf7_unit_tag\" value=\"wpcf7-f2977-o1\" \/>\n<input type=\"hidden\" name=\"_wpcf7_container_post\" value=\"0\" \/>\n<input type=\"hidden\" name=\"_wpcf7_posted_data_hash\" value=\"\" \/>\n<\/div>\n<p><label> O seu nome*<br \/>\n<span class=\"wpcf7-form-control-wrap\" data-name=\"your-name\"><input size=\"40\" class=\"wpcf7-form-control wpcf7-text wpcf7-validates-as-required\" aria-required=\"true\" aria-invalid=\"false\" value=\"\" type=\"text\" name=\"your-name\" \/><\/span> <\/label>\n<\/p>\n<p><label> O seu pa\u00eds<br \/>\n<span class=\"wpcf7-form-control-wrap\" data-name=\"your-country\"><input size=\"40\" class=\"wpcf7-form-control wpcf7-text\" aria-invalid=\"false\" value=\"\" type=\"text\" name=\"your-country\" \/><\/span><\/label>\n<\/p>\n<p><label> O seu e-mail*<br \/>\n<span class=\"wpcf7-form-control-wrap\" data-name=\"your-email\"><input size=\"40\" class=\"wpcf7-form-control wpcf7-text wpcf7-email wpcf7-validates-as-required wpcf7-validates-as-email\" aria-required=\"true\" aria-invalid=\"false\" value=\"\" type=\"email\" name=\"your-email\" \/><\/span> <\/label>\n<\/p>\n<p><label> O seu telem\u00f3vel<br \/>\n<span class=\"wpcf7-form-control-wrap\" data-name=\"your-phone\"><input size=\"40\" class=\"wpcf7-form-control wpcf7-text\" aria-invalid=\"false\" value=\"\" type=\"text\" name=\"your-phone\" \/><\/span> <\/label>\n<\/p>\n<p><label> Nome da empresa<br \/>\n<span class=\"wpcf7-form-control-wrap\" data-name=\"text-529\"><input size=\"40\" class=\"wpcf7-form-control wpcf7-text\" aria-invalid=\"false\" value=\"\" type=\"text\" name=\"text-529\" \/><\/span> <\/label>\n<\/p>\n<p><label> S\u00edtio Web da empresa<br \/>\n<span class=\"wpcf7-form-control-wrap\" data-name=\"text-106\"><input size=\"40\" class=\"wpcf7-form-control wpcf7-text\" aria-invalid=\"false\" value=\"\" type=\"text\" name=\"text-106\" \/><\/span> <\/label>\n<\/p>\n<p><label> A sua mensagem*<br \/>\n<span class=\"wpcf7-form-control-wrap\" data-name=\"your-message\"><textarea cols=\"40\" rows=\"10\" class=\"wpcf7-form-control wpcf7-textarea wpcf7-validates-as-required\" aria-required=\"true\" aria-invalid=\"false\" name=\"your-message\"><\/textarea><\/span> <\/label>\n<\/p>\n<p><input class=\"wpcf7-form-control has-spinner wpcf7-submit\" type=\"submit\" value=\"Enviar\" \/>\n<\/p><p style=\"display: none !important;\" class=\"akismet-fields-container\" data-prefix=\"_wpcf7_ak_\"><label>&#916;<textarea name=\"_wpcf7_ak_hp_textarea\" cols=\"45\" rows=\"8\" maxlength=\"100\"><\/textarea><\/label><input type=\"hidden\" id=\"ak_js_1\" name=\"_wpcf7_ak_js\" value=\"115\"\/><script>document.getElementById( \"ak_js_1\" ).setAttribute( \"value\", ( new Date() ).getTime() );<\/script><\/p><div class=\"wpcf7-response-output\" aria-hidden=\"true\"><\/div>\n<input type=\"hidden\" name=\"trp-form-language\" value=\"pt\"\/><\/form>\n<\/div>\n<\/div>\n<\/div>\n<div style='text-align:left' class='yasr-auto-insert-visitor'><\/div>","protected":false},"excerpt":{"rendered":"<p>A empresa desenvolveu uma nova solu\u00e7\u00e3o para biscoitos - m\u00e1quina de fabrico de bolachas de queijo. Este equipamento industrial foi concebido para aumentar a capacidade de produ\u00e7\u00e3o e acrescentar novos sabores \u00e0 sua produ\u00e7\u00e3o de bolachas de queijo. Esta linha de produ\u00e7\u00e3o inclui misturador de massa, m\u00e1quina de forma\u00e7\u00e3o, forno de cozedura, m\u00e1quina de arrefecimento, m\u00e1quina de embalagem, etc. Tem um alto grau de automa\u00e7\u00e3o e pode ...<\/p>\n<p class=\"read-more\"> <a class=\"\" href=\"https:\/\/www.bakeryturnkey.com\/pt\/produto\/cheese-cracker-machine\/\"> <span class=\"screen-reader-text\">Pre\u00e7o da m\u00e1quina para fabricar biscoitos de queijo em a\u00e7o inoxid\u00e1vel<\/span> Ler mais \"<\/a><\/p>","protected":false},"featured_media":4165,"comment_status":"open","ping_status":"closed","template":"","meta":{"site-sidebar-layout":"default","site-content-layout":"default","ast-main-header-display":"","ast-hfb-above-header-display":"","ast-hfb-below-header-display":"","ast-hfb-mobile-header-display":"","site-post-title":"","ast-breadcrumbs-content":"","ast-featured-img":"","footer-sml-layout":"","theme-transparent-header-meta":"default","adv-header-id-meta":"","stick-header-meta":"","header-above-stick-meta":"","header-main-stick-meta":"","header-below-stick-meta":"","yasr_overall_rating":0,"yasr_post_is_review":"","yasr_auto_insert_disabled":"","yasr_review_type":""},"product_cat":[15],"product_tag":[],"class_list":["post-4162","product","type-product","status-publish","has-post-thumbnail","hentry","product_cat-biscuit-machinery"],"yoast_head":"<!-- This site is optimized with the Yoast SEO plugin v27.5 - https:\/\/yoast.com\/product\/yoast-seo-wordpress\/ -->\n<title>Stainless Steel Cheese Cracker Making Machine Price<\/title>\n<meta name=\"description\" content=\"The company has developed cheese cracker making machine. This industrial equipment can increase production capacity and add new flavors to your crackers.\" \/>\n<meta name=\"robots\" content=\"index, follow, max-snippet:-1, max-image-preview:large, max-video-preview:-1\" \/>\n<link rel=\"canonical\" href=\"https:\/\/www.bakeryturnkey.com\/pt\/produto\/cheese-cracker-machine\/\" \/>\n<meta property=\"og:locale\" content=\"pt_PT\" \/>\n<meta property=\"og:type\" content=\"article\" \/>\n<meta property=\"og:title\" content=\"Stainless Steel Cheese Cracker Making Machine Price\" \/>\n<meta property=\"og:description\" content=\"The company has developed cheese cracker making machine. This industrial equipment can increase production capacity and add new flavors to your crackers.\" \/>\n<meta property=\"og:url\" content=\"https:\/\/www.bakeryturnkey.com\/pt\/produto\/cheese-cracker-machine\/\" \/>\n<meta property=\"og:site_name\" content=\"Bakery Food Processing Equipment Manufacturer\" \/>\n<meta property=\"article:modified_time\" content=\"2025-10-17T07:21:48+00:00\" \/>\n<meta property=\"og:image\" content=\"https:\/\/www.bakeryturnkey.com\/wp-content\/uploads\/2023\/10\/9-1.jpg\" \/>\n\t<meta property=\"og:image:width\" content=\"800\" \/>\n\t<meta property=\"og:image:height\" content=\"800\" \/>\n\t<meta property=\"og:image:type\" content=\"image\/jpeg\" \/>\n<meta name=\"twitter:card\" content=\"summary_large_image\" \/>\n<meta name=\"twitter:label1\" content=\"Tempo estimado de leitura\" \/>\n\t<meta name=\"twitter:data1\" content=\"3 minutos\" \/>\n<script type=\"application\/ld+json\" class=\"yoast-schema-graph\">{\"@context\":\"https:\\\/\\\/schema.org\",\"@graph\":[{\"@type\":\"WebPage\",\"@id\":\"https:\\\/\\\/www.bakeryturnkey.com\\\/product\\\/cheese-cracker-machine\\\/\",\"url\":\"https:\\\/\\\/www.bakeryturnkey.com\\\/product\\\/cheese-cracker-machine\\\/\",\"name\":\"Stainless Steel Cheese Cracker Making Machine Price\",\"isPartOf\":{\"@id\":\"https:\\\/\\\/www.bakeryturnkey.com\\\/#website\"},\"primaryImageOfPage\":{\"@id\":\"https:\\\/\\\/www.bakeryturnkey.com\\\/product\\\/cheese-cracker-machine\\\/#primaryimage\"},\"image\":{\"@id\":\"https:\\\/\\\/www.bakeryturnkey.com\\\/product\\\/cheese-cracker-machine\\\/#primaryimage\"},\"thumbnailUrl\":\"https:\\\/\\\/www.bakeryturnkey.com\\\/wp-content\\\/uploads\\\/2023\\\/10\\\/9-1.jpg\",\"datePublished\":\"2023-10-23T07:24:06+00:00\",\"dateModified\":\"2025-10-17T07:21:48+00:00\",\"description\":\"The company has developed cheese cracker making machine. This industrial equipment can increase production capacity and add new flavors to your crackers.\",\"breadcrumb\":{\"@id\":\"https:\\\/\\\/www.bakeryturnkey.com\\\/product\\\/cheese-cracker-machine\\\/#breadcrumb\"},\"inLanguage\":\"pt-PT\",\"potentialAction\":[{\"@type\":\"ReadAction\",\"target\":[\"https:\\\/\\\/www.bakeryturnkey.com\\\/product\\\/cheese-cracker-machine\\\/\"]}]},{\"@type\":\"ImageObject\",\"inLanguage\":\"pt-PT\",\"@id\":\"https:\\\/\\\/www.bakeryturnkey.com\\\/product\\\/cheese-cracker-machine\\\/#primaryimage\",\"url\":\"https:\\\/\\\/www.bakeryturnkey.com\\\/wp-content\\\/uploads\\\/2023\\\/10\\\/9-1.jpg\",\"contentUrl\":\"https:\\\/\\\/www.bakeryturnkey.com\\\/wp-content\\\/uploads\\\/2023\\\/10\\\/9-1.jpg\",\"width\":800,\"height\":800,\"caption\":\"Cheese Cracker Production Line\"},{\"@type\":\"BreadcrumbList\",\"@id\":\"https:\\\/\\\/www.bakeryturnkey.com\\\/product\\\/cheese-cracker-machine\\\/#breadcrumb\",\"itemListElement\":[{\"@type\":\"ListItem\",\"position\":1,\"name\":\"Home\",\"item\":\"https:\\\/\\\/www.bakeryturnkey.com\\\/\"},{\"@type\":\"ListItem\",\"position\":2,\"name\":\"Products\",\"item\":\"https:\\\/\\\/www.bakeryturnkey.com\\\/products\\\/\"},{\"@type\":\"ListItem\",\"position\":3,\"name\":\"Stainless Steel Cheese Cracker Making Machine Price\"}]},{\"@type\":\"WebSite\",\"@id\":\"https:\\\/\\\/www.bakeryturnkey.com\\\/#website\",\"url\":\"https:\\\/\\\/www.bakeryturnkey.com\\\/\",\"name\":\"Bakery Food Processing Equipment Manufacturer\",\"description\":\"Bakery Food Solutions Provider\",\"publisher\":{\"@id\":\"https:\\\/\\\/www.bakeryturnkey.com\\\/#organization\"},\"potentialAction\":[{\"@type\":\"SearchAction\",\"target\":{\"@type\":\"EntryPoint\",\"urlTemplate\":\"https:\\\/\\\/www.bakeryturnkey.com\\\/?s={search_term_string}\"},\"query-input\":{\"@type\":\"PropertyValueSpecification\",\"valueRequired\":true,\"valueName\":\"search_term_string\"}}],\"inLanguage\":\"pt-PT\"},{\"@type\":\"Organization\",\"@id\":\"https:\\\/\\\/www.bakeryturnkey.com\\\/#organization\",\"name\":\"Bakery Food Processing Equipment Manufacturer\",\"url\":\"https:\\\/\\\/www.bakeryturnkey.com\\\/\",\"logo\":{\"@type\":\"ImageObject\",\"inLanguage\":\"pt-PT\",\"@id\":\"https:\\\/\\\/www.bakeryturnkey.com\\\/#\\\/schema\\\/logo\\\/image\\\/\",\"url\":\"https:\\\/\\\/www.bakeryturnkey.com\\\/wp-content\\\/uploads\\\/2022\\\/03\\\/cropped-13-1.png\",\"contentUrl\":\"https:\\\/\\\/www.bakeryturnkey.com\\\/wp-content\\\/uploads\\\/2022\\\/03\\\/cropped-13-1.png\",\"width\":512,\"height\":429,\"caption\":\"Bakery Food Processing Equipment Manufacturer\"},\"image\":{\"@id\":\"https:\\\/\\\/www.bakeryturnkey.com\\\/#\\\/schema\\\/logo\\\/image\\\/\"}},false]}<\/script>\n<!-- \/ Yoast SEO plugin. -->","yoast_head_json":{"title":"Stainless Steel Cheese Cracker Making Machine Price","description":"The company has developed cheese cracker making machine. This industrial equipment can increase production capacity and add new flavors to your crackers.","robots":{"index":"index","follow":"follow","max-snippet":"max-snippet:-1","max-image-preview":"max-image-preview:large","max-video-preview":"max-video-preview:-1"},"canonical":"https:\/\/www.bakeryturnkey.com\/pt\/produto\/cheese-cracker-machine\/","og_locale":"pt_PT","og_type":"article","og_title":"Stainless Steel Cheese Cracker Making Machine Price","og_description":"The company has developed cheese cracker making machine. This industrial equipment can increase production capacity and add new flavors to your crackers.","og_url":"https:\/\/www.bakeryturnkey.com\/pt\/produto\/cheese-cracker-machine\/","og_site_name":"Bakery Food Processing Equipment Manufacturer","article_modified_time":"2025-10-17T07:21:48+00:00","og_image":[{"width":800,"height":800,"url":"https:\/\/www.bakeryturnkey.com\/wp-content\/uploads\/2023\/10\/9-1.jpg","type":"image\/jpeg"}],"twitter_card":"summary_large_image","twitter_misc":{"Tempo estimado de leitura":"3 minutos"},"schema":{"@context":"https:\/\/schema.org","@graph":[{"@type":"WebPage","@id":"https:\/\/www.bakeryturnkey.com\/product\/cheese-cracker-machine\/","url":"https:\/\/www.bakeryturnkey.com\/product\/cheese-cracker-machine\/","name":"Stainless Steel Cheese Cracker Making Machine Price","isPartOf":{"@id":"https:\/\/www.bakeryturnkey.com\/#website"},"primaryImageOfPage":{"@id":"https:\/\/www.bakeryturnkey.com\/product\/cheese-cracker-machine\/#primaryimage"},"image":{"@id":"https:\/\/www.bakeryturnkey.com\/product\/cheese-cracker-machine\/#primaryimage"},"thumbnailUrl":"https:\/\/www.bakeryturnkey.com\/wp-content\/uploads\/2023\/10\/9-1.jpg","datePublished":"2023-10-23T07:24:06+00:00","dateModified":"2025-10-17T07:21:48+00:00","description":"The company has developed cheese cracker making machine. This industrial equipment can increase production capacity and add new flavors to your crackers.","breadcrumb":{"@id":"https:\/\/www.bakeryturnkey.com\/product\/cheese-cracker-machine\/#breadcrumb"},"inLanguage":"pt-PT","potentialAction":[{"@type":"ReadAction","target":["https:\/\/www.bakeryturnkey.com\/product\/cheese-cracker-machine\/"]}]},{"@type":"ImageObject","inLanguage":"pt-PT","@id":"https:\/\/www.bakeryturnkey.com\/product\/cheese-cracker-machine\/#primaryimage","url":"https:\/\/www.bakeryturnkey.com\/wp-content\/uploads\/2023\/10\/9-1.jpg","contentUrl":"https:\/\/www.bakeryturnkey.com\/wp-content\/uploads\/2023\/10\/9-1.jpg","width":800,"height":800,"caption":"Cheese Cracker Production Line"},{"@type":"BreadcrumbList","@id":"https:\/\/www.bakeryturnkey.com\/product\/cheese-cracker-machine\/#breadcrumb","itemListElement":[{"@type":"ListItem","position":1,"name":"Home","item":"https:\/\/www.bakeryturnkey.com\/"},{"@type":"ListItem","position":2,"name":"Products","item":"https:\/\/www.bakeryturnkey.com\/products\/"},{"@type":"ListItem","position":3,"name":"Stainless Steel Cheese Cracker Making Machine Price"}]},{"@type":"WebSite","@id":"https:\/\/www.bakeryturnkey.com\/#website","url":"https:\/\/www.bakeryturnkey.com\/","name":"Bakery Food Processing Equipment Manufacturer","description":"Bakery Food Solutions Provider","publisher":{"@id":"https:\/\/www.bakeryturnkey.com\/#organization"},"potentialAction":[{"@type":"SearchAction","target":{"@type":"EntryPoint","urlTemplate":"https:\/\/www.bakeryturnkey.com\/?s={search_term_string}"},"query-input":{"@type":"PropertyValueSpecification","valueRequired":true,"valueName":"search_term_string"}}],"inLanguage":"pt-PT"},{"@type":"Organization","@id":"https:\/\/www.bakeryturnkey.com\/#organization","name":"Bakery Food Processing Equipment Manufacturer","url":"https:\/\/www.bakeryturnkey.com\/","logo":{"@type":"ImageObject","inLanguage":"pt-PT","@id":"https:\/\/www.bakeryturnkey.com\/#\/schema\/logo\/image\/","url":"https:\/\/www.bakeryturnkey.com\/wp-content\/uploads\/2022\/03\/cropped-13-1.png","contentUrl":"https:\/\/www.bakeryturnkey.com\/wp-content\/uploads\/2022\/03\/cropped-13-1.png","width":512,"height":429,"caption":"Bakery Food Processing Equipment Manufacturer"},"image":{"@id":"https:\/\/www.bakeryturnkey.com\/#\/schema\/logo\/image\/"}},false]}},"yasr_visitor_votes":{"stars_attributes":{"read_only":false,"span_bottom":false},"number_of_votes":0,"sum_votes":0},"_links":{"self":[{"href":"https:\/\/www.bakeryturnkey.com\/pt\/wp-json\/wp\/v2\/product\/4162","targetHints":{"allow":["GET"]}}],"collection":[{"href":"https:\/\/www.bakeryturnkey.com\/pt\/wp-json\/wp\/v2\/product"}],"about":[{"href":"https:\/\/www.bakeryturnkey.com\/pt\/wp-json\/wp\/v2\/types\/product"}],"replies":[{"embeddable":true,"href":"https:\/\/www.bakeryturnkey.com\/pt\/wp-json\/wp\/v2\/comments?post=4162"}],"wp:featuredmedia":[{"embeddable":true,"href":"https:\/\/www.bakeryturnkey.com\/pt\/wp-json\/wp\/v2\/media\/4165"}],"wp:attachment":[{"href":"https:\/\/www.bakeryturnkey.com\/pt\/wp-json\/wp\/v2\/media?parent=4162"}],"wp:term":[{"taxonomy":"product_cat","embeddable":true,"href":"https:\/\/www.bakeryturnkey.com\/pt\/wp-json\/wp\/v2\/product_cat?post=4162"},{"taxonomy":"product_tag","embeddable":true,"href":"https:\/\/www.bakeryturnkey.com\/pt\/wp-json\/wp\/v2\/product_tag?post=4162"}],"curies":[{"name":"wp","href":"https:\/\/api.w.org\/{rel}","templated":true}]}}