{"id":4140,"date":"2023-10-08T18:50:47","date_gmt":"2023-10-08T10:50:47","guid":{"rendered":"https:\/\/www.bakeryturnkey.com\/?post_type=product&#038;p=4140"},"modified":"2025-10-17T15:21:48","modified_gmt":"2025-10-17T07:21:48","slug":"sugar-cone-machine","status":"publish","type":"product","link":"https:\/\/www.bakeryturnkey.com\/pt\/produto\/sugar-cone-machine\/","title":{"rendered":"M\u00e1quina de fazer cone de a\u00e7\u00facar laminado 800-1200PCS\/H"},"content":{"rendered":"<p>A m\u00e1quina de fazer cones de a\u00e7\u00facar \u00e9 uma m\u00e1quina multiusos de alta qualidade utilizada para fazer cones de a\u00e7\u00facar laminados, que s\u00e3o um deleite popular em muitos pa\u00edses do mundo.<\/p>\n<p>A m\u00e1quina \u00e9 composta principalmente por uma m\u00e1quina de cozedura, um barril de armazenamento, uma m\u00e1quina de enrolar e um misturador. Pode cozer a massa em cones de a\u00e7\u00facar estaladi\u00e7os com uma cor castanha.<\/p>\n<p><img loading=\"lazy\" decoding=\"async\" class=\"alignnone size-full wp-image-4143\" src=\"https:\/\/www.bakeryturnkey.com\/wp-content\/uploads\/2023\/10\/522.jpg\" alt=\"M\u00e1quina de cones de a\u00e7\u00facar para venda\" width=\"600\" height=\"600\" srcset=\"https:\/\/www.bakeryturnkey.com\/wp-content\/uploads\/2023\/10\/522.jpg 600w, https:\/\/www.bakeryturnkey.com\/wp-content\/uploads\/2023\/10\/522-100x100.jpg 100w, https:\/\/www.bakeryturnkey.com\/wp-content\/uploads\/2023\/10\/522-300x300.jpg 300w, https:\/\/www.bakeryturnkey.com\/wp-content\/uploads\/2023\/10\/522-150x150.jpg 150w\" sizes=\"auto, (max-width: 600px) 100vw, 600px\" \/><\/p>\n<h2><strong>Carater\u00edsticas da M\u00e1quina para produ\u00e7\u00e3o de cones de a\u00e7\u00facar laminados<\/strong><\/h2>\n<ol>\n<li>Funcionamento eficiente: A m\u00e1quina foi concebida para funcionar de forma suave e eficiente, assegurando que o processo de produ\u00e7\u00e3o de cones de a\u00e7\u00facar decorre sem problemas e que a qualidade do produto \u00e9 boa.<\/li>\n<li>F\u00e1cil de operar: A m\u00e1quina tem um visor plc para controlar a temperatura, o tempo e muito mais, permitindo que os operadores ajustem facilmente as configura\u00e7\u00f5es e executem o processo de produ\u00e7\u00e3o de cones de gelado.<\/li>\n<li>Alta capacidade de produ\u00e7\u00e3o: A m\u00e1quina de fazer cones de a\u00e7\u00facar pode produzir um grande n\u00famero de cones de a\u00e7\u00facar laminados num curto per\u00edodo de tempo, tornando-a ideal para aplica\u00e7\u00f5es comerciais. Uma hora pode produzir 800-1200 pe\u00e7as de cones de a\u00e7\u00facar.<\/li>\n<li>Design dur\u00e1vel: A m\u00e1quina \u00e9 feita de material de a\u00e7o inoxid\u00e1vel de alta qualidade, placas de cozedura resistentes a altas temperaturas. Fabrico de precis\u00e3o, robusto e dur\u00e1vel, resistente a altas temperaturas e \u00e0 corros\u00e3o, e pode utilizar esta m\u00e1quina durante muitos anos.<\/li>\n<li>Vasta gama de aplica\u00e7\u00f5es: A m\u00e1quina tem um design flex\u00edvel, permitindo aos operadores alterar o processo de produ\u00e7\u00e3o para satisfazer diferentes exig\u00eancias e necessidades de produ\u00e7\u00e3o. Por exemplo, pode mudar os moldes para fazer rolos de ovo, tigelas de waffle, pizzelle.<\/li>\n<\/ol>\n<p>&nbsp;<\/p>\n<h2><strong>V\u00eddeo da m\u00e1quina de fazer cones de a\u00e7\u00facar<\/strong><\/h2>\n<div class=\"ast-oembed-container\"><iframe loading=\"lazy\" title=\"Pre\u00e7o da m\u00e1quina industrial para fabrico de cones de a\u00e7\u00facar\" width=\"500\" height=\"281\" src=\"https:\/\/www.youtube.com\/embed\/bwjBpUDxrEc?feature=oembed\" frameborder=\"0\" allow=\"accelerometer; autoplay; clipboard-write; encrypted-media; gyroscope; picture-in-picture; web-share\" referrerpolicy=\"strict-origin-when-cross-origin\" allowfullscreen><\/iframe><\/div>\n<h2><strong>Vantagens da m\u00e1quina de fazer cone de a\u00e7\u00facar laminado<\/strong><\/h2>\n<ul>\n<li>Poupar tempo: Ao utilizar equipamento para fazer cones de gelado de a\u00e7\u00facar, todo o processo \u00e9 eficiente, poupando n\u00e3o s\u00f3 tempo como tamb\u00e9m m\u00e3o de obra. A m\u00e1quina requer apenas uma pessoa.<\/li>\n<li>Mesmo tamanho: A m\u00e1quina de cone pode produzir cones de forma e tamanho uniformes, o que garante a qualidade do produto melhor do que os m\u00e9todos tradicionais.<\/li>\n<li>Econ\u00f3mica: Embora a compra de uma m\u00e1quina de cones de a\u00e7\u00facar possa ser um investimento inicial, pode poupar dinheiro a longo prazo, reduzindo os custos de m\u00e3o de obra e melhorando a efici\u00eancia.<\/li>\n<li>Variedade de produtos: As m\u00e1quinas de fabrico de cones de a\u00e7\u00facar podem produzir cones de v\u00e1rios tamanhos e formas, permitindo a oferta de uma gama mais vasta de produtos.<\/li>\n<\/ul>\n<p>&nbsp;<\/p>\n<h3><strong>Par\u00e2metros do produto:<\/strong><\/h3>\n<table border=\"1\" cellspacing=\"0\">\n<tbody>\n<tr>\n<td>Modelo<\/td>\n<td>Capacidade<\/td>\n<td>Pot\u00eancia<\/td>\n<td>Tamanho do biscoito<\/td>\n<td>Espessura do biscoito<\/td>\n<td>Dimens\u00e3o<\/td>\n<td>Peso<\/td>\n<\/tr>\n<tr>\n<td>GGDCD6<\/td>\n<td>300PCS\/H<\/td>\n<td>10KW<\/td>\n<td>7-20CM<\/td>\n<td>0,5-4MM<\/td>\n<td>140*140*125CM<\/td>\n<td>250KG<\/td>\n<\/tr>\n<tr>\n<td>GGDCD9<\/td>\n<td>400-600PCS\/H<\/td>\n<td>14,5KW<\/td>\n<td>7-20CM<\/td>\n<td>0,5-4MM<\/td>\n<td>160*160*125CM<\/td>\n<td>270KG<\/td>\n<\/tr>\n<tr>\n<td>GGDCD12<\/td>\n<td>600-800PCS\/H<\/td>\n<td>19KW<\/td>\n<td>7-20CM<\/td>\n<td>0,5-4MM<\/td>\n<td>170*170*125CM<\/td>\n<td>300KG<\/td>\n<\/tr>\n<tr>\n<td>GGDCD15<\/td>\n<td>800-1000PCS\/H<\/td>\n<td>23KW<\/td>\n<td>7-20CM<\/td>\n<td>0,5-4MM<\/td>\n<td>180*180*125CM<\/td>\n<td>330KG<\/td>\n<\/tr>\n<tr>\n<td>GGDCD18<\/td>\n<td>1000-1200PCS\/H<\/td>\n<td>28KW<\/td>\n<td>7-20CM<\/td>\n<td>0,5-4MM<\/td>\n<td>190*190*125CM<\/td>\n<td>360KG<\/td>\n<\/tr>\n<\/tbody>\n<\/table>\n<p>&nbsp;<\/p>\n<h3><strong>Sair<\/strong><strong>\u00a0O seu pedido de or\u00e7amento<\/strong><\/h3>\n<div id=\"wpcf7-f2977-p4118-o2\" class=\"wpcf7 js\" dir=\"ltr\" lang=\"en-US\">\n<div class=\"wpcf7 no-js\" id=\"wpcf7-f2977-o1\" lang=\"en-US\" dir=\"ltr\">\n<div class=\"screen-reader-response\"><p role=\"status\" aria-live=\"polite\" aria-atomic=\"true\"><\/p> <ul><\/ul><\/div>\n<form action=\"\/pt\/wp-json\/wp\/v2\/product\/4140#wpcf7-f2977-o1\" method=\"post\" class=\"wpcf7-form init\" aria-label=\"Formul\u00e1rio de contacto\" novalidate=\"novalidate\" data-status=\"init\" data-trp-original-action=\"\/pt\/wp-json\/wp\/v2\/product\/4140#wpcf7-f2977-o1\">\n<div style=\"display: none;\">\n<input type=\"hidden\" name=\"_wpcf7\" value=\"2977\" \/>\n<input type=\"hidden\" name=\"_wpcf7_version\" value=\"5.7.7\" \/>\n<input type=\"hidden\" name=\"_wpcf7_locale\" value=\"en_US\" \/>\n<input type=\"hidden\" name=\"_wpcf7_unit_tag\" value=\"wpcf7-f2977-o1\" \/>\n<input type=\"hidden\" name=\"_wpcf7_container_post\" value=\"0\" \/>\n<input type=\"hidden\" name=\"_wpcf7_posted_data_hash\" value=\"\" \/>\n<\/div>\n<p><label> O seu nome*<br \/>\n<span class=\"wpcf7-form-control-wrap\" data-name=\"your-name\"><input size=\"40\" class=\"wpcf7-form-control wpcf7-text wpcf7-validates-as-required\" aria-required=\"true\" aria-invalid=\"false\" value=\"\" type=\"text\" name=\"your-name\" \/><\/span> <\/label>\n<\/p>\n<p><label> O seu pa\u00eds<br \/>\n<span class=\"wpcf7-form-control-wrap\" data-name=\"your-country\"><input size=\"40\" class=\"wpcf7-form-control wpcf7-text\" aria-invalid=\"false\" value=\"\" type=\"text\" name=\"your-country\" \/><\/span><\/label>\n<\/p>\n<p><label> O seu e-mail*<br \/>\n<span class=\"wpcf7-form-control-wrap\" data-name=\"your-email\"><input size=\"40\" class=\"wpcf7-form-control wpcf7-text wpcf7-email wpcf7-validates-as-required wpcf7-validates-as-email\" aria-required=\"true\" aria-invalid=\"false\" value=\"\" type=\"email\" name=\"your-email\" \/><\/span> <\/label>\n<\/p>\n<p><label> O seu telem\u00f3vel<br \/>\n<span class=\"wpcf7-form-control-wrap\" data-name=\"your-phone\"><input size=\"40\" class=\"wpcf7-form-control wpcf7-text\" aria-invalid=\"false\" value=\"\" type=\"text\" name=\"your-phone\" \/><\/span> <\/label>\n<\/p>\n<p><label> Nome da empresa<br \/>\n<span class=\"wpcf7-form-control-wrap\" data-name=\"text-529\"><input size=\"40\" class=\"wpcf7-form-control wpcf7-text\" aria-invalid=\"false\" value=\"\" type=\"text\" name=\"text-529\" \/><\/span> <\/label>\n<\/p>\n<p><label> S\u00edtio Web da empresa<br \/>\n<span class=\"wpcf7-form-control-wrap\" data-name=\"text-106\"><input size=\"40\" class=\"wpcf7-form-control wpcf7-text\" aria-invalid=\"false\" value=\"\" type=\"text\" name=\"text-106\" \/><\/span> <\/label>\n<\/p>\n<p><label> A sua mensagem*<br \/>\n<span class=\"wpcf7-form-control-wrap\" data-name=\"your-message\"><textarea cols=\"40\" rows=\"10\" class=\"wpcf7-form-control wpcf7-textarea wpcf7-validates-as-required\" aria-required=\"true\" aria-invalid=\"false\" name=\"your-message\"><\/textarea><\/span> <\/label>\n<\/p>\n<p><input class=\"wpcf7-form-control has-spinner wpcf7-submit\" type=\"submit\" value=\"Enviar\" \/>\n<\/p><p style=\"display: none !important;\" class=\"akismet-fields-container\" data-prefix=\"_wpcf7_ak_\"><label>&#916;<textarea name=\"_wpcf7_ak_hp_textarea\" cols=\"45\" rows=\"8\" maxlength=\"100\"><\/textarea><\/label><input type=\"hidden\" id=\"ak_js_1\" name=\"_wpcf7_ak_js\" value=\"216\"\/><script>document.getElementById( \"ak_js_1\" ).setAttribute( \"value\", ( new Date() ).getTime() );<\/script><\/p><div class=\"wpcf7-response-output\" aria-hidden=\"true\"><\/div>\n<input type=\"hidden\" name=\"trp-form-language\" value=\"pt\"\/><\/form>\n<\/div>\n<\/div>\n<div style='text-align:left' class='yasr-auto-insert-visitor'><\/div>","protected":false},"excerpt":{"rendered":"<p>A m\u00e1quina para fabrica\u00e7\u00e3o de cones de a\u00e7\u00facar \u00e9 uma m\u00e1quina multiuso de alta qualidade usada para fazer cones de a\u00e7\u00facar laminados, que s\u00e3o um deleite popular em muitos pa\u00edses ao redor do mundo. A m\u00e1quina \u00e9 composta principalmente por uma m\u00e1quina de cozedura, um barril de armazenamento, uma m\u00e1quina de enrolar e um misturador. Ela pode assar a massa em cones de a\u00e7\u00facar crocantes com ...<\/p>\n<p class=\"read-more\"> <a class=\"\" href=\"https:\/\/www.bakeryturnkey.com\/pt\/produto\/sugar-cone-machine\/\"> <span class=\"screen-reader-text\">M\u00e1quina de fazer cone de a\u00e7\u00facar laminado 800-1200PCS\/H<\/span> Ler mais \"<\/a><\/p>","protected":false},"featured_media":4141,"comment_status":"open","ping_status":"closed","template":"","meta":{"site-sidebar-layout":"default","site-content-layout":"default","ast-main-header-display":"","ast-hfb-above-header-display":"","ast-hfb-below-header-display":"","ast-hfb-mobile-header-display":"","site-post-title":"","ast-breadcrumbs-content":"","ast-featured-img":"","footer-sml-layout":"","theme-transparent-header-meta":"default","adv-header-id-meta":"","stick-header-meta":"","header-above-stick-meta":"","header-main-stick-meta":"","header-below-stick-meta":"","yasr_overall_rating":0,"yasr_post_is_review":"","yasr_auto_insert_disabled":"","yasr_review_type":""},"product_cat":[45],"product_tag":[],"class_list":["post-4140","product","type-product","status-publish","has-post-thumbnail","hentry","product_cat-cone-machinery"],"yoast_head":"<!-- This site is optimized with the Yoast SEO plugin v27.5 - https:\/\/yoast.com\/product\/yoast-seo-wordpress\/ -->\n<title>Rolled Sugar Cone Making Machine 800-1200PCS\/H<\/title>\n<meta name=\"description\" content=\"The sugar cone making machine is a high-quality multi-purpose machine used to make rolled sugar cones, one hour is 800-1200 pieces.\" \/>\n<meta name=\"robots\" content=\"index, follow, max-snippet:-1, max-image-preview:large, max-video-preview:-1\" \/>\n<link rel=\"canonical\" href=\"https:\/\/www.bakeryturnkey.com\/pt\/produto\/sugar-cone-machine\/\" \/>\n<meta property=\"og:locale\" content=\"pt_PT\" \/>\n<meta property=\"og:type\" content=\"article\" \/>\n<meta property=\"og:title\" content=\"Rolled Sugar Cone Making Machine 800-1200PCS\/H\" \/>\n<meta property=\"og:description\" content=\"The sugar cone making machine is a high-quality multi-purpose machine used to make rolled sugar cones, one hour is 800-1200 pieces.\" \/>\n<meta property=\"og:url\" content=\"https:\/\/www.bakeryturnkey.com\/pt\/produto\/sugar-cone-machine\/\" \/>\n<meta property=\"og:site_name\" content=\"Bakery Food Processing Equipment Manufacturer\" \/>\n<meta property=\"article:modified_time\" content=\"2025-10-17T07:21:48+00:00\" \/>\n<meta property=\"og:image\" content=\"https:\/\/www.bakeryturnkey.com\/wp-content\/uploads\/2023\/10\/633.jpg\" \/>\n\t<meta property=\"og:image:width\" content=\"800\" \/>\n\t<meta property=\"og:image:height\" content=\"800\" \/>\n\t<meta property=\"og:image:type\" content=\"image\/jpeg\" \/>\n<meta name=\"twitter:card\" content=\"summary_large_image\" \/>\n<meta name=\"twitter:label1\" content=\"Tempo estimado de leitura\" \/>\n\t<meta name=\"twitter:data1\" content=\"2 minutos\" \/>\n<script type=\"application\/ld+json\" class=\"yoast-schema-graph\">{\"@context\":\"https:\\\/\\\/schema.org\",\"@graph\":[{\"@type\":\"WebPage\",\"@id\":\"https:\\\/\\\/www.bakeryturnkey.com\\\/product\\\/sugar-cone-machine\\\/\",\"url\":\"https:\\\/\\\/www.bakeryturnkey.com\\\/product\\\/sugar-cone-machine\\\/\",\"name\":\"Rolled Sugar Cone Making Machine 800-1200PCS\\\/H\",\"isPartOf\":{\"@id\":\"https:\\\/\\\/www.bakeryturnkey.com\\\/#website\"},\"primaryImageOfPage\":{\"@id\":\"https:\\\/\\\/www.bakeryturnkey.com\\\/product\\\/sugar-cone-machine\\\/#primaryimage\"},\"image\":{\"@id\":\"https:\\\/\\\/www.bakeryturnkey.com\\\/product\\\/sugar-cone-machine\\\/#primaryimage\"},\"thumbnailUrl\":\"https:\\\/\\\/www.bakeryturnkey.com\\\/wp-content\\\/uploads\\\/2023\\\/10\\\/633.jpg\",\"datePublished\":\"2023-10-08T10:50:47+00:00\",\"dateModified\":\"2025-10-17T07:21:48+00:00\",\"description\":\"The sugar cone making machine is a high-quality multi-purpose machine used to make rolled sugar cones, one hour is 800-1200 pieces.\",\"breadcrumb\":{\"@id\":\"https:\\\/\\\/www.bakeryturnkey.com\\\/product\\\/sugar-cone-machine\\\/#breadcrumb\"},\"inLanguage\":\"pt-PT\",\"potentialAction\":[{\"@type\":\"ReadAction\",\"target\":[\"https:\\\/\\\/www.bakeryturnkey.com\\\/product\\\/sugar-cone-machine\\\/\"]}]},{\"@type\":\"ImageObject\",\"inLanguage\":\"pt-PT\",\"@id\":\"https:\\\/\\\/www.bakeryturnkey.com\\\/product\\\/sugar-cone-machine\\\/#primaryimage\",\"url\":\"https:\\\/\\\/www.bakeryturnkey.com\\\/wp-content\\\/uploads\\\/2023\\\/10\\\/633.jpg\",\"contentUrl\":\"https:\\\/\\\/www.bakeryturnkey.com\\\/wp-content\\\/uploads\\\/2023\\\/10\\\/633.jpg\",\"width\":800,\"height\":800,\"caption\":\"Rolled Sugar Cone Making Machine\"},{\"@type\":\"BreadcrumbList\",\"@id\":\"https:\\\/\\\/www.bakeryturnkey.com\\\/product\\\/sugar-cone-machine\\\/#breadcrumb\",\"itemListElement\":[{\"@type\":\"ListItem\",\"position\":1,\"name\":\"Home\",\"item\":\"https:\\\/\\\/www.bakeryturnkey.com\\\/\"},{\"@type\":\"ListItem\",\"position\":2,\"name\":\"Products\",\"item\":\"https:\\\/\\\/www.bakeryturnkey.com\\\/products\\\/\"},{\"@type\":\"ListItem\",\"position\":3,\"name\":\"Rolled Sugar Cone Making Machine 800-1200PCS\\\/H\"}]},{\"@type\":\"WebSite\",\"@id\":\"https:\\\/\\\/www.bakeryturnkey.com\\\/#website\",\"url\":\"https:\\\/\\\/www.bakeryturnkey.com\\\/\",\"name\":\"Bakery Food Processing Equipment Manufacturer\",\"description\":\"Bakery Food Solutions Provider\",\"publisher\":{\"@id\":\"https:\\\/\\\/www.bakeryturnkey.com\\\/#organization\"},\"potentialAction\":[{\"@type\":\"SearchAction\",\"target\":{\"@type\":\"EntryPoint\",\"urlTemplate\":\"https:\\\/\\\/www.bakeryturnkey.com\\\/?s={search_term_string}\"},\"query-input\":{\"@type\":\"PropertyValueSpecification\",\"valueRequired\":true,\"valueName\":\"search_term_string\"}}],\"inLanguage\":\"pt-PT\"},{\"@type\":\"Organization\",\"@id\":\"https:\\\/\\\/www.bakeryturnkey.com\\\/#organization\",\"name\":\"Bakery Food Processing Equipment Manufacturer\",\"url\":\"https:\\\/\\\/www.bakeryturnkey.com\\\/\",\"logo\":{\"@type\":\"ImageObject\",\"inLanguage\":\"pt-PT\",\"@id\":\"https:\\\/\\\/www.bakeryturnkey.com\\\/#\\\/schema\\\/logo\\\/image\\\/\",\"url\":\"https:\\\/\\\/www.bakeryturnkey.com\\\/wp-content\\\/uploads\\\/2022\\\/03\\\/cropped-13-1.png\",\"contentUrl\":\"https:\\\/\\\/www.bakeryturnkey.com\\\/wp-content\\\/uploads\\\/2022\\\/03\\\/cropped-13-1.png\",\"width\":512,\"height\":429,\"caption\":\"Bakery Food Processing Equipment Manufacturer\"},\"image\":{\"@id\":\"https:\\\/\\\/www.bakeryturnkey.com\\\/#\\\/schema\\\/logo\\\/image\\\/\"}},false]}<\/script>\n<!-- \/ Yoast SEO plugin. -->","yoast_head_json":{"title":"Rolled Sugar Cone Making Machine 800-1200PCS\/H","description":"The sugar cone making machine is a high-quality multi-purpose machine used to make rolled sugar cones, one hour is 800-1200 pieces.","robots":{"index":"index","follow":"follow","max-snippet":"max-snippet:-1","max-image-preview":"max-image-preview:large","max-video-preview":"max-video-preview:-1"},"canonical":"https:\/\/www.bakeryturnkey.com\/pt\/produto\/sugar-cone-machine\/","og_locale":"pt_PT","og_type":"article","og_title":"Rolled Sugar Cone Making Machine 800-1200PCS\/H","og_description":"The sugar cone making machine is a high-quality multi-purpose machine used to make rolled sugar cones, one hour is 800-1200 pieces.","og_url":"https:\/\/www.bakeryturnkey.com\/pt\/produto\/sugar-cone-machine\/","og_site_name":"Bakery Food Processing Equipment Manufacturer","article_modified_time":"2025-10-17T07:21:48+00:00","og_image":[{"width":800,"height":800,"url":"https:\/\/www.bakeryturnkey.com\/wp-content\/uploads\/2023\/10\/633.jpg","type":"image\/jpeg"}],"twitter_card":"summary_large_image","twitter_misc":{"Tempo estimado de leitura":"2 minutos"},"schema":{"@context":"https:\/\/schema.org","@graph":[{"@type":"WebPage","@id":"https:\/\/www.bakeryturnkey.com\/product\/sugar-cone-machine\/","url":"https:\/\/www.bakeryturnkey.com\/product\/sugar-cone-machine\/","name":"Rolled Sugar Cone Making Machine 800-1200PCS\/H","isPartOf":{"@id":"https:\/\/www.bakeryturnkey.com\/#website"},"primaryImageOfPage":{"@id":"https:\/\/www.bakeryturnkey.com\/product\/sugar-cone-machine\/#primaryimage"},"image":{"@id":"https:\/\/www.bakeryturnkey.com\/product\/sugar-cone-machine\/#primaryimage"},"thumbnailUrl":"https:\/\/www.bakeryturnkey.com\/wp-content\/uploads\/2023\/10\/633.jpg","datePublished":"2023-10-08T10:50:47+00:00","dateModified":"2025-10-17T07:21:48+00:00","description":"The sugar cone making machine is a high-quality multi-purpose machine used to make rolled sugar cones, one hour is 800-1200 pieces.","breadcrumb":{"@id":"https:\/\/www.bakeryturnkey.com\/product\/sugar-cone-machine\/#breadcrumb"},"inLanguage":"pt-PT","potentialAction":[{"@type":"ReadAction","target":["https:\/\/www.bakeryturnkey.com\/product\/sugar-cone-machine\/"]}]},{"@type":"ImageObject","inLanguage":"pt-PT","@id":"https:\/\/www.bakeryturnkey.com\/product\/sugar-cone-machine\/#primaryimage","url":"https:\/\/www.bakeryturnkey.com\/wp-content\/uploads\/2023\/10\/633.jpg","contentUrl":"https:\/\/www.bakeryturnkey.com\/wp-content\/uploads\/2023\/10\/633.jpg","width":800,"height":800,"caption":"Rolled Sugar Cone Making Machine"},{"@type":"BreadcrumbList","@id":"https:\/\/www.bakeryturnkey.com\/product\/sugar-cone-machine\/#breadcrumb","itemListElement":[{"@type":"ListItem","position":1,"name":"Home","item":"https:\/\/www.bakeryturnkey.com\/"},{"@type":"ListItem","position":2,"name":"Products","item":"https:\/\/www.bakeryturnkey.com\/products\/"},{"@type":"ListItem","position":3,"name":"Rolled Sugar Cone Making Machine 800-1200PCS\/H"}]},{"@type":"WebSite","@id":"https:\/\/www.bakeryturnkey.com\/#website","url":"https:\/\/www.bakeryturnkey.com\/","name":"Bakery Food Processing Equipment Manufacturer","description":"Bakery Food Solutions Provider","publisher":{"@id":"https:\/\/www.bakeryturnkey.com\/#organization"},"potentialAction":[{"@type":"SearchAction","target":{"@type":"EntryPoint","urlTemplate":"https:\/\/www.bakeryturnkey.com\/?s={search_term_string}"},"query-input":{"@type":"PropertyValueSpecification","valueRequired":true,"valueName":"search_term_string"}}],"inLanguage":"pt-PT"},{"@type":"Organization","@id":"https:\/\/www.bakeryturnkey.com\/#organization","name":"Bakery Food Processing Equipment Manufacturer","url":"https:\/\/www.bakeryturnkey.com\/","logo":{"@type":"ImageObject","inLanguage":"pt-PT","@id":"https:\/\/www.bakeryturnkey.com\/#\/schema\/logo\/image\/","url":"https:\/\/www.bakeryturnkey.com\/wp-content\/uploads\/2022\/03\/cropped-13-1.png","contentUrl":"https:\/\/www.bakeryturnkey.com\/wp-content\/uploads\/2022\/03\/cropped-13-1.png","width":512,"height":429,"caption":"Bakery Food Processing Equipment Manufacturer"},"image":{"@id":"https:\/\/www.bakeryturnkey.com\/#\/schema\/logo\/image\/"}},false]}},"yasr_visitor_votes":{"stars_attributes":{"read_only":false,"span_bottom":false},"number_of_votes":0,"sum_votes":0},"_links":{"self":[{"href":"https:\/\/www.bakeryturnkey.com\/pt\/wp-json\/wp\/v2\/product\/4140","targetHints":{"allow":["GET"]}}],"collection":[{"href":"https:\/\/www.bakeryturnkey.com\/pt\/wp-json\/wp\/v2\/product"}],"about":[{"href":"https:\/\/www.bakeryturnkey.com\/pt\/wp-json\/wp\/v2\/types\/product"}],"replies":[{"embeddable":true,"href":"https:\/\/www.bakeryturnkey.com\/pt\/wp-json\/wp\/v2\/comments?post=4140"}],"wp:featuredmedia":[{"embeddable":true,"href":"https:\/\/www.bakeryturnkey.com\/pt\/wp-json\/wp\/v2\/media\/4141"}],"wp:attachment":[{"href":"https:\/\/www.bakeryturnkey.com\/pt\/wp-json\/wp\/v2\/media?parent=4140"}],"wp:term":[{"taxonomy":"product_cat","embeddable":true,"href":"https:\/\/www.bakeryturnkey.com\/pt\/wp-json\/wp\/v2\/product_cat?post=4140"},{"taxonomy":"product_tag","embeddable":true,"href":"https:\/\/www.bakeryturnkey.com\/pt\/wp-json\/wp\/v2\/product_tag?post=4140"}],"curies":[{"name":"wp","href":"https:\/\/api.w.org\/{rel}","templated":true}]}}