{"id":4129,"date":"2023-09-13T19:06:43","date_gmt":"2023-09-13T11:06:43","guid":{"rendered":"https:\/\/www.bakeryturnkey.com\/?post_type=product&#038;p=4129"},"modified":"2023-09-13T19:17:57","modified_gmt":"2023-09-13T11:17:57","slug":"cracker-production-line","status":"publish","type":"product","link":"https:\/\/www.bakeryturnkey.com\/pt\/produto\/cracker-production-line\/","title":{"rendered":"Linha de produ\u00e7\u00e3o de biscoito industrial para f\u00e1brica de biscoitos"},"content":{"rendered":"<p>A linha de produ\u00e7\u00e3o de bolachas \u00e9 um sistema de alta qualidade e em grande escala concebido para otimizar a produ\u00e7\u00e3o de bolachas. A m\u00e1quina aplica tecnologia avan\u00e7ada para produzir bolachas e biscoitos de alta qualidade.<\/p>\n<p>As bolachas s\u00e3o um snack muito apreciado por pessoas de todas as idades e origens. Quer sejam acompanhadas de queijo, mergulhadas em h\u00famus ou comidas diretamente da caixa, estas del\u00edcias estaladi\u00e7as s\u00e3o, desde h\u00e1 muito, um elemento b\u00e1sico no mundo dos snacks. A m\u00e1quina de cracker industrial \u00e9 um sistema sofisticado que revolucionou a forma como estes snacks ic\u00f3nicos s\u00e3o fabricados.<\/p>\n<p><img loading=\"lazy\" decoding=\"async\" class=\"alignnone size-full wp-image-4132\" src=\"https:\/\/www.bakeryturnkey.com\/wp-content\/uploads\/2023\/09\/64-1.jpg\" alt=\"M\u00e1quina autom\u00e1tica de cracker\" width=\"650\" height=\"400\" srcset=\"https:\/\/www.bakeryturnkey.com\/wp-content\/uploads\/2023\/09\/64-1.jpg 650w, https:\/\/www.bakeryturnkey.com\/wp-content\/uploads\/2023\/09\/64-1-600x369.jpg 600w, https:\/\/www.bakeryturnkey.com\/wp-content\/uploads\/2023\/09\/64-1-300x185.jpg 300w\" sizes=\"auto, (max-width: 650px) 100vw, 650px\" \/><\/p>\n<h2><strong>Componentes principais da linha de produ\u00e7\u00e3o de Cracker Industrial<\/strong><\/h2>\n<p>Mistura da massa: O processo de produ\u00e7\u00e3o come\u00e7a com a mistura cuidadosa dos ingredientes para criar a massa das bolachas. As linhas de produ\u00e7\u00e3o modernas utilizam misturadores controlados por computador para garantir uma qualidade consistente da massa e propor\u00e7\u00f5es precisas dos ingredientes.<\/p>\n<p>Enrolamento e laminagem: Ap\u00f3s a prepara\u00e7\u00e3o da massa, esta \u00e9 enrolada e achatada em folhas finas. Estas folhas s\u00e3o depois enroladas atrav\u00e9s de rolos de precis\u00e3o para atingir a espessura desejada, garantindo a uniformidade em todas as bolachas.<\/p>\n<p>Corte e moldagem: O equipamento especializado de corte e moldagem \u00e9 utilizado para criar v\u00e1rias formas e tamanhos de bolachas. Desde as tradicionais bolachas quadradas e rectangulares at\u00e9 aos padr\u00f5es de design complexo, a linha de produ\u00e7\u00e3o pode ser personalizada para satisfazer as exig\u00eancias do mercado.<\/p>\n<p><img loading=\"lazy\" decoding=\"async\" class=\"alignnone size-full wp-image-4131\" src=\"https:\/\/www.bakeryturnkey.com\/wp-content\/uploads\/2023\/09\/97.jpg\" alt=\"Linha de processamento de bolachas e biscoitos\" width=\"630\" height=\"470\" srcset=\"https:\/\/www.bakeryturnkey.com\/wp-content\/uploads\/2023\/09\/97.jpg 630w, https:\/\/www.bakeryturnkey.com\/wp-content\/uploads\/2023\/09\/97-600x448.jpg 600w, https:\/\/www.bakeryturnkey.com\/wp-content\/uploads\/2023\/09\/97-300x224.jpg 300w\" sizes=\"auto, (max-width: 630px) 100vw, 630px\" \/><\/p>\n<p>Fornos de cozedura: As bolachas s\u00e3o depois cozidas em fornos de elevada capacidade que proporcionam uma distribui\u00e7\u00e3o uniforme e consistente do calor. Estes fornos de t\u00fanel foram concebidos para maximizar a efici\u00eancia, mantendo n\u00edveis precisos de temperatura e humidade para uma qualidade \u00f3ptima das bolachas.<\/p>\n<p>Aromatiza\u00e7\u00e3o e tempero: Uma carater\u00edstica fundamental desta linha de produ\u00e7\u00e3o \u00e9 a capacidade de adicionar sabores e temperos \u00e0s bolachas. Quer se trate de uma pitada de a\u00e7\u00facar em p\u00f3, sal marinho, um p\u00f3 de ervas ou um revestimento de queijo saboroso, as op\u00e7\u00f5es de personaliza\u00e7\u00e3o s\u00e3o praticamente ilimitadas.<\/p>\n<p>Controlo de qualidade e embalagem: Sensores avan\u00e7ados e medidas de controlo de qualidade est\u00e3o integrados na linha de produ\u00e7\u00e3o para garantir que apenas as bolachas de alta qualidade chegam \u00e0 fase de embalagem. Depois de passarem na inspe\u00e7\u00e3o, as bolachas s\u00e3o eficientemente embaladas em caixas ou outros recipientes, prontas para distribui\u00e7\u00e3o.<\/p>\n<p>&nbsp;<\/p>\n<h2><strong>V\u00eddeo da Linha de Produ\u00e7\u00e3o de Cracker<\/strong><\/h2>\n<div class=\"ast-oembed-container\"><iframe loading=\"lazy\" title=\"Linha de produ\u00e7\u00e3o de bolachas de refrigerante com v\u00e1rios sabores\" width=\"500\" height=\"281\" src=\"https:\/\/www.youtube.com\/embed\/vwdlbj1K22o?feature=oembed\" frameborder=\"0\" allow=\"accelerometer; autoplay; clipboard-write; encrypted-media; gyroscope; picture-in-picture; web-share\" referrerpolicy=\"strict-origin-when-cross-origin\" allowfullscreen><\/iframe><\/div>\n<h2><strong>Vantagens da Linha de Processamento de Cracker<\/strong><\/h2>\n<ol>\n<li>Consist\u00eancia: O controlo preciso de todos os aspectos da produ\u00e7\u00e3o garante uma qualidade e um sabor consistentes em cada bolacha.<\/li>\n<li>Produ\u00e7\u00e3o em massa: O car\u00e1cter automatizado desta linha de produ\u00e7\u00e3o permite uma produ\u00e7\u00e3o em grande escala, dando resposta \u00e0 elevada procura de crackers no mercado.<\/li>\n<li>Personaliza\u00e7\u00e3o: Os fabricantes podem adaptar facilmente a linha de produ\u00e7\u00e3o para criar uma vasta gama de variedades de bolachas, satisfazendo as diversas prefer\u00eancias dos consumidores.<\/li>\n<li>Efici\u00eancia: A redu\u00e7\u00e3o dos custos de m\u00e3o de obra, a diminui\u00e7\u00e3o do desperd\u00edcio de produto e o design energeticamente eficiente fazem da linha de produ\u00e7\u00e3o de cracker industrial uma solu\u00e7\u00e3o econ\u00f3mica para a produ\u00e7\u00e3o de cracker.<\/li>\n<li>Higiene e seguran\u00e7a: As m\u00e1quinas s\u00e3o concebidas tendo em conta normas rigorosas de seguran\u00e7a e higiene alimentar, garantindo a seguran\u00e7a do produto final.<\/li>\n<\/ol>\n<p>&nbsp;<\/p>\n<h3><strong>Par\u00e2metros do produto:<\/strong><\/h3>\n<table id=\"zongheng-ccp-host\" border=\"0\" cellspacing=\"0\" cellpadding=\"0\" data-ctx=\"{&quot;cid&quot;:&quot;5769f7c3&quot;,&quot;time&quot;:1690975049619,&quot;docKey&quot;:&quot;vBPlNked7kB9ndG8&quot;}\">\n<tbody>\n<tr>\n<td class=\"s-8\">Modelo<\/td>\n<td class=\"s-8\">Capacidade<\/td>\n<td class=\"s-8\">Largura interior do forno de t\u00fanel<\/td>\n<td class=\"s-8\">M\u00e9todo de aquecimento<\/td>\n<td class=\"s-6\">Dimens\u00f5es<br \/>\n(sem m\u00e1quina de embalar)<\/td>\n<td class=\"s-8\">Tens\u00e3o<\/td>\n<\/tr>\n<tr>\n<td class=\"s-7\">GG-BG400\/420<\/td>\n<td class=\"s-7\">100-250kg\/h<\/td>\n<td class=\"s-7\">400\/420mm<\/td>\n<td class=\"s-7\">El\u00e9trico,G\u00e1s<\/td>\n<td class=\"s-7\">L45m*W5m*H2m<\/td>\n<td class=\"s-7\">380V 50HZ 3PH<\/td>\n<\/tr>\n<tr>\n<td class=\"s-7\">GG-BG600<\/td>\n<td class=\"s-7\">250-400kg\/h<\/td>\n<td class=\"s-7\">600 mm<\/td>\n<td class=\"s-7\">El\u00e9trico,G\u00e1s<\/td>\n<td class=\"s-7\">L50m*W5m*H2m<\/td>\n<td class=\"s-7\">380V 50HZ 3PH<\/td>\n<\/tr>\n<tr>\n<td class=\"s-7\">GG-BG800<\/td>\n<td class=\"s-7\">500-800kg\/h<\/td>\n<td class=\"s-7\">800 mm<\/td>\n<td class=\"s-7\">El\u00e9trico,G\u00e1s,Diesel<\/td>\n<td class=\"s-7\">L100m*L5m*H2,5m<\/td>\n<td class=\"s-7\">380V 50HZ 3PH<\/td>\n<\/tr>\n<tr>\n<td class=\"s-7\">GG-BG1000<\/td>\n<td class=\"s-7\">800-1000kg\/h<\/td>\n<td class=\"s-7\">1000mm<\/td>\n<td class=\"s-7\">El\u00e9trico,G\u00e1s,Diesel<\/td>\n<td class=\"s-7\">L105m*W12m*H3m<\/td>\n<td class=\"s-7\">380V 50HZ 3PH<\/td>\n<\/tr>\n<tr>\n<td class=\"s-7\">GG-BG1200<\/td>\n<td class=\"s-7\">800-1200kg\/h<\/td>\n<td class=\"s-7\">1200mm<\/td>\n<td class=\"s-7\">El\u00e9trico,G\u00e1s,Diesel<\/td>\n<td class=\"s-7\">L120m*W15m*H3m<\/td>\n<td class=\"s-7\">380V 50HZ 3PH<\/td>\n<\/tr>\n<\/tbody>\n<\/table>\n<p>&nbsp;<\/p>\n<h3><strong>Deixe o seu pedido de or\u00e7amento<\/strong><\/h3>\n<div id=\"wpcf7-f2977-p3974-o2\" class=\"wpcf7 js\" dir=\"ltr\" lang=\"en-US\">\n<div id=\"wpcf7-f2977-p3983-o2\" class=\"wpcf7 js\" dir=\"ltr\" lang=\"en-US\"><\/div>\n<\/div>\n<div style='text-align:left' class='yasr-auto-insert-visitor'><\/div>","protected":false},"excerpt":{"rendered":"<p>A linha de produ\u00e7\u00e3o de bolachas \u00e9 um sistema de alta qualidade e em grande escala concebido para otimizar a produ\u00e7\u00e3o de bolachas. A m\u00e1quina aplica tecnologia avan\u00e7ada para produzir bolachas e biscoitos de alta qualidade. As bolachas s\u00e3o um snack muito apreciado por pessoas de todas as idades e origens. Quer sejam acompanhadas de queijo, mergulhadas em h\u00famus ou comidas diretamente da caixa, estas bolachas estaladi\u00e7as ...<\/p>\n<p class=\"read-more\"> <a class=\"\" href=\"https:\/\/www.bakeryturnkey.com\/pt\/produto\/cracker-production-line\/\"> <span class=\"screen-reader-text\">Linha de produ\u00e7\u00e3o de biscoito industrial para f\u00e1brica de biscoitos<\/span> Ler mais \"<\/a><\/p>","protected":false},"featured_media":4133,"comment_status":"open","ping_status":"closed","template":"","meta":{"site-sidebar-layout":"default","site-content-layout":"default","ast-main-header-display":"","ast-hfb-above-header-display":"","ast-hfb-below-header-display":"","ast-hfb-mobile-header-display":"","site-post-title":"","ast-breadcrumbs-content":"","ast-featured-img":"","footer-sml-layout":"","theme-transparent-header-meta":"default","adv-header-id-meta":"","stick-header-meta":"","header-above-stick-meta":"","header-main-stick-meta":"","header-below-stick-meta":"","yasr_overall_rating":0,"yasr_post_is_review":"","yasr_auto_insert_disabled":"","yasr_review_type":""},"product_cat":[15],"product_tag":[],"class_list":["post-4129","product","type-product","status-publish","has-post-thumbnail","hentry","product_cat-biscuit-machinery"],"yoast_head":"<!-- This site is optimized with the Yoast SEO plugin v27.5 - https:\/\/yoast.com\/product\/yoast-seo-wordpress\/ -->\n<title>Industrial Cracker Production Line for Biscuit Factory - Bakery Food Processing Equipment Manufacturer<\/title>\n<meta name=\"description\" content=\"The cracker production line has different models, which can be used to make high quality crackers of 100-1250kg per hour.\" \/>\n<meta name=\"robots\" content=\"index, follow, max-snippet:-1, max-image-preview:large, max-video-preview:-1\" \/>\n<link rel=\"canonical\" href=\"https:\/\/www.bakeryturnkey.com\/pt\/produto\/cracker-production-line\/\" \/>\n<meta property=\"og:locale\" content=\"pt_PT\" \/>\n<meta property=\"og:type\" content=\"article\" \/>\n<meta property=\"og:title\" content=\"Industrial Cracker Production Line for Biscuit Factory - Bakery Food Processing Equipment Manufacturer\" \/>\n<meta property=\"og:description\" content=\"The cracker production line has different models, which can be used to make high quality crackers of 100-1250kg per hour.\" \/>\n<meta property=\"og:url\" content=\"https:\/\/www.bakeryturnkey.com\/pt\/produto\/cracker-production-line\/\" \/>\n<meta property=\"og:site_name\" content=\"Bakery Food Processing Equipment Manufacturer\" \/>\n<meta property=\"article:modified_time\" content=\"2023-09-13T11:17:57+00:00\" \/>\n<meta property=\"og:image\" content=\"https:\/\/www.bakeryturnkey.com\/wp-content\/uploads\/2023\/09\/422.jpg\" \/>\n\t<meta property=\"og:image:width\" content=\"800\" \/>\n\t<meta property=\"og:image:height\" content=\"800\" \/>\n\t<meta property=\"og:image:type\" content=\"image\/jpeg\" \/>\n<meta name=\"twitter:card\" content=\"summary_large_image\" \/>\n<meta name=\"twitter:label1\" content=\"Tempo estimado de leitura\" \/>\n\t<meta name=\"twitter:data1\" content=\"3 minutos\" \/>\n<script type=\"application\/ld+json\" class=\"yoast-schema-graph\">{\"@context\":\"https:\\\/\\\/schema.org\",\"@graph\":[{\"@type\":\"WebPage\",\"@id\":\"https:\\\/\\\/www.bakeryturnkey.com\\\/product\\\/cracker-production-line\\\/\",\"url\":\"https:\\\/\\\/www.bakeryturnkey.com\\\/product\\\/cracker-production-line\\\/\",\"name\":\"Industrial Cracker Production Line for Biscuit Factory - Bakery Food Processing Equipment Manufacturer\",\"isPartOf\":{\"@id\":\"https:\\\/\\\/www.bakeryturnkey.com\\\/#website\"},\"primaryImageOfPage\":{\"@id\":\"https:\\\/\\\/www.bakeryturnkey.com\\\/product\\\/cracker-production-line\\\/#primaryimage\"},\"image\":{\"@id\":\"https:\\\/\\\/www.bakeryturnkey.com\\\/product\\\/cracker-production-line\\\/#primaryimage\"},\"thumbnailUrl\":\"https:\\\/\\\/www.bakeryturnkey.com\\\/wp-content\\\/uploads\\\/2023\\\/09\\\/422.jpg\",\"datePublished\":\"2023-09-13T11:06:43+00:00\",\"dateModified\":\"2023-09-13T11:17:57+00:00\",\"description\":\"The cracker production line has different models, which can be used to make high quality crackers of 100-1250kg per hour.\",\"breadcrumb\":{\"@id\":\"https:\\\/\\\/www.bakeryturnkey.com\\\/product\\\/cracker-production-line\\\/#breadcrumb\"},\"inLanguage\":\"pt-PT\",\"potentialAction\":[{\"@type\":\"ReadAction\",\"target\":[\"https:\\\/\\\/www.bakeryturnkey.com\\\/product\\\/cracker-production-line\\\/\"]}]},{\"@type\":\"ImageObject\",\"inLanguage\":\"pt-PT\",\"@id\":\"https:\\\/\\\/www.bakeryturnkey.com\\\/product\\\/cracker-production-line\\\/#primaryimage\",\"url\":\"https:\\\/\\\/www.bakeryturnkey.com\\\/wp-content\\\/uploads\\\/2023\\\/09\\\/422.jpg\",\"contentUrl\":\"https:\\\/\\\/www.bakeryturnkey.com\\\/wp-content\\\/uploads\\\/2023\\\/09\\\/422.jpg\",\"width\":800,\"height\":800,\"caption\":\"Automatic Cracker Production Line\"},{\"@type\":\"BreadcrumbList\",\"@id\":\"https:\\\/\\\/www.bakeryturnkey.com\\\/product\\\/cracker-production-line\\\/#breadcrumb\",\"itemListElement\":[{\"@type\":\"ListItem\",\"position\":1,\"name\":\"Home\",\"item\":\"https:\\\/\\\/www.bakeryturnkey.com\\\/\"},{\"@type\":\"ListItem\",\"position\":2,\"name\":\"Products\",\"item\":\"https:\\\/\\\/www.bakeryturnkey.com\\\/products\\\/\"},{\"@type\":\"ListItem\",\"position\":3,\"name\":\"Industrial Cracker Production Line for Biscuit Factory\"}]},{\"@type\":\"WebSite\",\"@id\":\"https:\\\/\\\/www.bakeryturnkey.com\\\/#website\",\"url\":\"https:\\\/\\\/www.bakeryturnkey.com\\\/\",\"name\":\"Bakery Food Processing Equipment Manufacturer\",\"description\":\"Bakery Food Solutions Provider\",\"publisher\":{\"@id\":\"https:\\\/\\\/www.bakeryturnkey.com\\\/#organization\"},\"potentialAction\":[{\"@type\":\"SearchAction\",\"target\":{\"@type\":\"EntryPoint\",\"urlTemplate\":\"https:\\\/\\\/www.bakeryturnkey.com\\\/?s={search_term_string}\"},\"query-input\":{\"@type\":\"PropertyValueSpecification\",\"valueRequired\":true,\"valueName\":\"search_term_string\"}}],\"inLanguage\":\"pt-PT\"},{\"@type\":\"Organization\",\"@id\":\"https:\\\/\\\/www.bakeryturnkey.com\\\/#organization\",\"name\":\"Bakery Food Processing Equipment Manufacturer\",\"url\":\"https:\\\/\\\/www.bakeryturnkey.com\\\/\",\"logo\":{\"@type\":\"ImageObject\",\"inLanguage\":\"pt-PT\",\"@id\":\"https:\\\/\\\/www.bakeryturnkey.com\\\/#\\\/schema\\\/logo\\\/image\\\/\",\"url\":\"https:\\\/\\\/www.bakeryturnkey.com\\\/wp-content\\\/uploads\\\/2022\\\/03\\\/cropped-13-1.png\",\"contentUrl\":\"https:\\\/\\\/www.bakeryturnkey.com\\\/wp-content\\\/uploads\\\/2022\\\/03\\\/cropped-13-1.png\",\"width\":512,\"height\":429,\"caption\":\"Bakery Food Processing Equipment Manufacturer\"},\"image\":{\"@id\":\"https:\\\/\\\/www.bakeryturnkey.com\\\/#\\\/schema\\\/logo\\\/image\\\/\"}},false]}<\/script>\n<!-- \/ Yoast SEO plugin. -->","yoast_head_json":{"title":"Industrial Cracker Production Line for Biscuit Factory - Bakery Food Processing Equipment Manufacturer","description":"The cracker production line has different models, which can be used to make high quality crackers of 100-1250kg per hour.","robots":{"index":"index","follow":"follow","max-snippet":"max-snippet:-1","max-image-preview":"max-image-preview:large","max-video-preview":"max-video-preview:-1"},"canonical":"https:\/\/www.bakeryturnkey.com\/pt\/produto\/cracker-production-line\/","og_locale":"pt_PT","og_type":"article","og_title":"Industrial Cracker Production Line for Biscuit Factory - Bakery Food Processing Equipment Manufacturer","og_description":"The cracker production line has different models, which can be used to make high quality crackers of 100-1250kg per hour.","og_url":"https:\/\/www.bakeryturnkey.com\/pt\/produto\/cracker-production-line\/","og_site_name":"Bakery Food Processing Equipment Manufacturer","article_modified_time":"2023-09-13T11:17:57+00:00","og_image":[{"width":800,"height":800,"url":"https:\/\/www.bakeryturnkey.com\/wp-content\/uploads\/2023\/09\/422.jpg","type":"image\/jpeg"}],"twitter_card":"summary_large_image","twitter_misc":{"Tempo estimado de leitura":"3 minutos"},"schema":{"@context":"https:\/\/schema.org","@graph":[{"@type":"WebPage","@id":"https:\/\/www.bakeryturnkey.com\/product\/cracker-production-line\/","url":"https:\/\/www.bakeryturnkey.com\/product\/cracker-production-line\/","name":"Industrial Cracker Production Line for Biscuit Factory - Bakery Food Processing Equipment Manufacturer","isPartOf":{"@id":"https:\/\/www.bakeryturnkey.com\/#website"},"primaryImageOfPage":{"@id":"https:\/\/www.bakeryturnkey.com\/product\/cracker-production-line\/#primaryimage"},"image":{"@id":"https:\/\/www.bakeryturnkey.com\/product\/cracker-production-line\/#primaryimage"},"thumbnailUrl":"https:\/\/www.bakeryturnkey.com\/wp-content\/uploads\/2023\/09\/422.jpg","datePublished":"2023-09-13T11:06:43+00:00","dateModified":"2023-09-13T11:17:57+00:00","description":"The cracker production line has different models, which can be used to make high quality crackers of 100-1250kg per hour.","breadcrumb":{"@id":"https:\/\/www.bakeryturnkey.com\/product\/cracker-production-line\/#breadcrumb"},"inLanguage":"pt-PT","potentialAction":[{"@type":"ReadAction","target":["https:\/\/www.bakeryturnkey.com\/product\/cracker-production-line\/"]}]},{"@type":"ImageObject","inLanguage":"pt-PT","@id":"https:\/\/www.bakeryturnkey.com\/product\/cracker-production-line\/#primaryimage","url":"https:\/\/www.bakeryturnkey.com\/wp-content\/uploads\/2023\/09\/422.jpg","contentUrl":"https:\/\/www.bakeryturnkey.com\/wp-content\/uploads\/2023\/09\/422.jpg","width":800,"height":800,"caption":"Automatic Cracker Production Line"},{"@type":"BreadcrumbList","@id":"https:\/\/www.bakeryturnkey.com\/product\/cracker-production-line\/#breadcrumb","itemListElement":[{"@type":"ListItem","position":1,"name":"Home","item":"https:\/\/www.bakeryturnkey.com\/"},{"@type":"ListItem","position":2,"name":"Products","item":"https:\/\/www.bakeryturnkey.com\/products\/"},{"@type":"ListItem","position":3,"name":"Industrial Cracker Production Line for Biscuit Factory"}]},{"@type":"WebSite","@id":"https:\/\/www.bakeryturnkey.com\/#website","url":"https:\/\/www.bakeryturnkey.com\/","name":"Bakery Food Processing Equipment Manufacturer","description":"Bakery Food Solutions Provider","publisher":{"@id":"https:\/\/www.bakeryturnkey.com\/#organization"},"potentialAction":[{"@type":"SearchAction","target":{"@type":"EntryPoint","urlTemplate":"https:\/\/www.bakeryturnkey.com\/?s={search_term_string}"},"query-input":{"@type":"PropertyValueSpecification","valueRequired":true,"valueName":"search_term_string"}}],"inLanguage":"pt-PT"},{"@type":"Organization","@id":"https:\/\/www.bakeryturnkey.com\/#organization","name":"Bakery Food Processing Equipment Manufacturer","url":"https:\/\/www.bakeryturnkey.com\/","logo":{"@type":"ImageObject","inLanguage":"pt-PT","@id":"https:\/\/www.bakeryturnkey.com\/#\/schema\/logo\/image\/","url":"https:\/\/www.bakeryturnkey.com\/wp-content\/uploads\/2022\/03\/cropped-13-1.png","contentUrl":"https:\/\/www.bakeryturnkey.com\/wp-content\/uploads\/2022\/03\/cropped-13-1.png","width":512,"height":429,"caption":"Bakery Food Processing Equipment Manufacturer"},"image":{"@id":"https:\/\/www.bakeryturnkey.com\/#\/schema\/logo\/image\/"}},false]}},"yasr_visitor_votes":{"stars_attributes":{"read_only":false,"span_bottom":false},"number_of_votes":0,"sum_votes":0},"_links":{"self":[{"href":"https:\/\/www.bakeryturnkey.com\/pt\/wp-json\/wp\/v2\/product\/4129","targetHints":{"allow":["GET"]}}],"collection":[{"href":"https:\/\/www.bakeryturnkey.com\/pt\/wp-json\/wp\/v2\/product"}],"about":[{"href":"https:\/\/www.bakeryturnkey.com\/pt\/wp-json\/wp\/v2\/types\/product"}],"replies":[{"embeddable":true,"href":"https:\/\/www.bakeryturnkey.com\/pt\/wp-json\/wp\/v2\/comments?post=4129"}],"wp:featuredmedia":[{"embeddable":true,"href":"https:\/\/www.bakeryturnkey.com\/pt\/wp-json\/wp\/v2\/media\/4133"}],"wp:attachment":[{"href":"https:\/\/www.bakeryturnkey.com\/pt\/wp-json\/wp\/v2\/media?parent=4129"}],"wp:term":[{"taxonomy":"product_cat","embeddable":true,"href":"https:\/\/www.bakeryturnkey.com\/pt\/wp-json\/wp\/v2\/product_cat?post=4129"},{"taxonomy":"product_tag","embeddable":true,"href":"https:\/\/www.bakeryturnkey.com\/pt\/wp-json\/wp\/v2\/product_tag?post=4129"}],"curies":[{"name":"wp","href":"https:\/\/api.w.org\/{rel}","templated":true}]}}