{"id":4124,"date":"2023-09-13T16:09:51","date_gmt":"2023-09-13T08:09:51","guid":{"rendered":"https:\/\/www.bakeryturnkey.com\/?post_type=product&#038;p=4124"},"modified":"2026-02-12T18:52:30","modified_gmt":"2026-02-12T10:52:30","slug":"chocolate-cone-line","status":"publish","type":"product","link":"https:\/\/www.bakeryturnkey.com\/pt\/produto\/chocolate-cone-line\/","title":{"rendered":"Linha de Produ\u00e7\u00e3o de Mini Cone de Chocolate com Controlo PLC"},"content":{"rendered":"<p>A linha de produ\u00e7\u00e3o de cones de chocolate \u00e9 uma pe\u00e7a de equipamento especialmente concebida para produzir este snack. Ela simplifica o processo de produ\u00e7\u00e3o e pode produzir mini cones de chocolate de forma eficiente.<\/p>\n<p>Nos \u00faltimos anos, os mini cones de chocolate entraram no mercado, dando \u00e0s pessoas um sabor diferente. A procura deste produto de chocolate inovador e de alta qualidade continua a crescer e os fabricantes est\u00e3o constantemente a procurar melhorar os seus processos de produ\u00e7\u00e3o.<\/p>\n<p>A linha de produ\u00e7\u00e3o de mini cones de chocolate \u00e9 um sistema sofisticado e compacto concebido para otimizar a produ\u00e7\u00e3o de mini cones de chocolate. Esta maquinaria inovadora combina engenharia de precis\u00e3o com automa\u00e7\u00e3o avan\u00e7ada, o que a torna um fator de mudan\u00e7a na ind\u00fastria de confeitaria.<\/p>\n<p><img loading=\"lazy\" decoding=\"async\" class=\"alignnone size-full wp-image-4125\" src=\"https:\/\/www.bakeryturnkey.com\/wp-content\/uploads\/2023\/09\/53.jpg\" alt=\"Linha de produ\u00e7\u00e3o de mini cone\" width=\"630\" height=\"400\" srcset=\"https:\/\/www.bakeryturnkey.com\/wp-content\/uploads\/2023\/09\/53.jpg 630w, https:\/\/www.bakeryturnkey.com\/wp-content\/uploads\/2023\/09\/53-600x381.jpg 600w, https:\/\/www.bakeryturnkey.com\/wp-content\/uploads\/2023\/09\/53-300x190.jpg 300w\" sizes=\"auto, (max-width: 630px) 100vw, 630px\" \/><\/p>\n<h2><strong>Principais componentes e carater\u00edsticas<\/strong><\/h2>\n<ul>\n<li><a href=\"https:\/\/www.bakeryturnkey.com\/pt\/produto\/bite-waffle-cone-line\/\">Linha de processamento de mini cone<\/a>: A produ\u00e7\u00e3o automatizada, desde a betuma\u00e7\u00e3o \u00e0 cozedura da folha, passando pela laminagem e a forma\u00e7\u00e3o do cone, est\u00e1 integrada. O tamanho pode ser ajustado, quer se trate de um mini cone ou de um cone normal.<\/li>\n<li>Frasco de fus\u00e3o de chocolate: Derreter o chocolate em chocolate l\u00edquido de alta qualidade e mant\u00ea-lo a uma temperatura constante.<\/li>\n<li>M\u00e1quina de enchimento: Quando os mini cones passam para a esta\u00e7\u00e3o de enchimento, \u00e9 injectada em cada mini cone uma quantidade precisa de recheio, como chocolate l\u00edquido, gelado de baunilha, nozes picadas, Oreos picados. A linha de produ\u00e7\u00e3o de mini cones de chocolate permite flexibilidade nos tipos e sabores de recheios para atender \u00e0s demandas do mercado.<\/li>\n<li>T\u00fanel de arrefecimento: Depois do recheio de chocolate, os mini cones passam por um t\u00fanel de arrefecimento. Este passo \u00e9 fundamental para que o chocolate assente rapidamente, evitando pingos ou irregularidades. O processo de arrefecimento controlado mant\u00e9m a integridade estrutural dos cones.<\/li>\n<li>Unidade de embalagem: Finalmente, estes mini cones de chocolate caem nos sacos, o que \u00e9 conveniente para vender produtos e, ao mesmo tempo, manter os produtos higi\u00e9nicos.<\/li>\n<\/ul>\n<p><img loading=\"lazy\" decoding=\"async\" class=\"alignnone size-full wp-image-4127\" src=\"https:\/\/www.bakeryturnkey.com\/wp-content\/uploads\/2023\/09\/64.jpg\" alt=\"Linha de processamento de mini-chocolate\" width=\"630\" height=\"470\" srcset=\"https:\/\/www.bakeryturnkey.com\/wp-content\/uploads\/2023\/09\/64.jpg 630w, https:\/\/www.bakeryturnkey.com\/wp-content\/uploads\/2023\/09\/64-600x448.jpg 600w, https:\/\/www.bakeryturnkey.com\/wp-content\/uploads\/2023\/09\/64-300x224.jpg 300w\" sizes=\"auto, (max-width: 630px) 100vw, 630px\" \/><\/p>\n<h2><strong>Benef\u00edcios da Linha de Produ\u00e7\u00e3o de Mini Cone<\/strong><\/h2>\n<ol>\n<li>Aumento da efici\u00eancia: Ao automatizar o processo de produ\u00e7\u00e3o, os fabricantes podem aumentar significativamente as taxas de produ\u00e7\u00e3o, mantendo uma qualidade consistente.<\/li>\n<li>Econ\u00f3mica: Reduzir os custos de m\u00e3o de obra, minimizar o desperd\u00edcio de produtos e design eficiente em termos energ\u00e9ticos fazem da linha de produ\u00e7\u00e3o de mini cones de chocolate uma solu\u00e7\u00e3o econ\u00f3mica para a produ\u00e7\u00e3o de cones de chocolate.<\/li>\n<li>Personaliza\u00e7\u00e3o do produto: Os fabricantes podem adaptar facilmente a linha de produ\u00e7\u00e3o para criar v\u00e1rios sabores e designs de mini cones, permitindo uma maior flexibilidade e capacidade de resposta do mercado.<\/li>\n<li>Controlo de qualidade: A automatiza\u00e7\u00e3o e a precis\u00e3o da maquinaria garantem que cada mini cone de chocolate cumpre rigorosos padr\u00f5es de qualidade, resultando num produto consistentemente delicioso.<\/li>\n<li>Higiene e seguran\u00e7a: A m\u00e1quina mini cone foi concebida tendo em conta as normas de seguran\u00e7a e higiene alimentar, minimizando o risco de contamina\u00e7\u00e3o e garantindo a seguran\u00e7a do produto.<\/li>\n<\/ol>\n<p>&nbsp;<\/p>\n<h2><strong>V\u00eddeo da linha de produ\u00e7\u00e3o de cones de chocolate<\/strong><\/h2>\n<div class=\"ast-oembed-container\"><iframe loading=\"lazy\" title=\"Mini linha de processamento de cone de chocolate 3000-7500 pe\u00e7as\/h\" width=\"500\" height=\"281\" src=\"https:\/\/www.youtube.com\/embed\/eayoreJ1VPo?feature=oembed\" frameborder=\"0\" allow=\"accelerometer; autoplay; clipboard-write; encrypted-media; gyroscope; picture-in-picture; web-share\" referrerpolicy=\"strict-origin-when-cross-origin\" allowfullscreen><\/iframe><\/div>\n<p>&nbsp;<\/p>\n<p><strong>Impacto no mercado<\/strong><br \/>\nA linha de produ\u00e7\u00e3o autom\u00e1tica de cones de chocolate j\u00e1 teve um impacto significativo na ind\u00fastria de confeitaria. Os fabricantes relataram o aumento da capacidade de produ\u00e7\u00e3o, a melhoria da qualidade do produto e o aumento da competitividade no mercado. Como resultado, est\u00e3o dispon\u00edveis mais variedades de cones de chocolate para os consumidores, satisfazendo ainda mais os seus desejos de doce indulg\u00eancia.<\/p>\n<p>&nbsp;<\/p>\n<h3><strong>Par\u00e2metros do produto:<\/strong><\/h3>\n<table border=\"0\" cellspacing=\"0\" cellpadding=\"0\">\n<tbody>\n<tr>\n<td>Modelo<\/td>\n<td>Tamanho da placa de cozedura (mm)<\/td>\n<td>Tens\u00e3o<\/td>\n<td>Pot\u00eancia<\/td>\n<td>Capacidade<\/td>\n<td>Comprimento do cone<\/td>\n<td>Tamanho<\/td>\n<td>Peso<\/td>\n<\/tr>\n<tr>\n<td>GG-DCL35\u00d72-18<\/td>\n<td>300\u00d7320<\/td>\n<td rowspan=\"6\">380v 50hz trif\u00e1sico<\/td>\n<td>3kw<\/td>\n<td>1500-2500pcs\/h<\/td>\n<td>\u2266125mm<\/td>\n<td>6*0.8*1.85m<\/td>\n<td>6T<\/td>\n<\/tr>\n<tr>\n<td>GG-DCL37\u00d72-18<\/td>\n<td>300\u00d7320<\/td>\n<td>3kw<\/td>\n<td>3500-4000pcs\/h<\/td>\n<td>\u2266125mm<\/td>\n<td>7*0.8*1.85m<\/td>\n<td>6T<\/td>\n<\/tr>\n<tr>\n<td>GG-DCL45\u00d72-18<\/td>\n<td>300\u00d7320<\/td>\n<td>3kw<\/td>\n<td>4000-4500pcs\/h<\/td>\n<td>\u2266125mm<\/td>\n<td>8*0.8*1.85m<\/td>\n<td>6T<\/td>\n<\/tr>\n<tr>\n<td>GG-DCL55\u00d72-18<\/td>\n<td>300\u00d7320<\/td>\n<td>3kw<\/td>\n<td>4500-5500pcs\/h<\/td>\n<td>\u2266125mm<\/td>\n<td>9*0.8*1.85m<\/td>\n<td>7T<\/td>\n<\/tr>\n<tr>\n<td>GG-DCL65\u00d72-20<\/td>\n<td>300\u00d7320<\/td>\n<td>3kw<\/td>\n<td>6000-6500pcs\/h<\/td>\n<td>\u2266125mm<\/td>\n<td>11*0.8*1.85m<\/td>\n<td>7T<\/td>\n<\/tr>\n<tr>\n<td>GG-DCL75\u00d72-22<\/td>\n<td>300\u00d7320<\/td>\n<td>3kw<\/td>\n<td>6500-7500pcs\/h<\/td>\n<td>\u2266125mm<\/td>\n<td>11*1.9*1.85m<\/td>\n<td>8T<\/td>\n<\/tr>\n<\/tbody>\n<\/table>\n<p>&nbsp;<\/p>\n<h3><strong>Deixe o seu pedido de or\u00e7amento<\/strong><\/h3>\n<div id=\"wpcf7-f2977-p4114-o2\" class=\"wpcf7 js\" dir=\"ltr\" lang=\"en-US\">\n<div class=\"wpcf7 no-js\" id=\"wpcf7-f2977-o1\" lang=\"en-US\" dir=\"ltr\">\n<div class=\"screen-reader-response\"><p role=\"status\" aria-live=\"polite\" aria-atomic=\"true\"><\/p> <ul><\/ul><\/div>\n<form action=\"\/pt\/wp-json\/wp\/v2\/product\/4124#wpcf7-f2977-o1\" method=\"post\" class=\"wpcf7-form init\" aria-label=\"Formul\u00e1rio de contacto\" novalidate=\"novalidate\" data-status=\"init\" data-trp-original-action=\"\/pt\/wp-json\/wp\/v2\/product\/4124#wpcf7-f2977-o1\">\n<div style=\"display: none;\">\n<input type=\"hidden\" name=\"_wpcf7\" value=\"2977\" \/>\n<input type=\"hidden\" name=\"_wpcf7_version\" value=\"5.7.7\" \/>\n<input type=\"hidden\" name=\"_wpcf7_locale\" value=\"en_US\" \/>\n<input type=\"hidden\" name=\"_wpcf7_unit_tag\" value=\"wpcf7-f2977-o1\" \/>\n<input type=\"hidden\" name=\"_wpcf7_container_post\" value=\"0\" \/>\n<input type=\"hidden\" name=\"_wpcf7_posted_data_hash\" value=\"\" \/>\n<\/div>\n<p><label> O seu nome*<br \/>\n<span class=\"wpcf7-form-control-wrap\" data-name=\"your-name\"><input size=\"40\" class=\"wpcf7-form-control wpcf7-text wpcf7-validates-as-required\" aria-required=\"true\" aria-invalid=\"false\" value=\"\" type=\"text\" name=\"your-name\" \/><\/span> <\/label>\n<\/p>\n<p><label> O seu pa\u00eds<br \/>\n<span class=\"wpcf7-form-control-wrap\" data-name=\"your-country\"><input size=\"40\" class=\"wpcf7-form-control wpcf7-text\" aria-invalid=\"false\" value=\"\" type=\"text\" name=\"your-country\" \/><\/span><\/label>\n<\/p>\n<p><label> O seu e-mail*<br \/>\n<span class=\"wpcf7-form-control-wrap\" data-name=\"your-email\"><input size=\"40\" class=\"wpcf7-form-control wpcf7-text wpcf7-email wpcf7-validates-as-required wpcf7-validates-as-email\" aria-required=\"true\" aria-invalid=\"false\" value=\"\" type=\"email\" name=\"your-email\" \/><\/span> <\/label>\n<\/p>\n<p><label> O seu telem\u00f3vel<br \/>\n<span class=\"wpcf7-form-control-wrap\" data-name=\"your-phone\"><input size=\"40\" class=\"wpcf7-form-control wpcf7-text\" aria-invalid=\"false\" value=\"\" type=\"text\" name=\"your-phone\" \/><\/span> <\/label>\n<\/p>\n<p><label> Nome da empresa<br \/>\n<span class=\"wpcf7-form-control-wrap\" data-name=\"text-529\"><input size=\"40\" class=\"wpcf7-form-control wpcf7-text\" aria-invalid=\"false\" value=\"\" type=\"text\" name=\"text-529\" \/><\/span> <\/label>\n<\/p>\n<p><label> S\u00edtio Web da empresa<br \/>\n<span class=\"wpcf7-form-control-wrap\" data-name=\"text-106\"><input size=\"40\" class=\"wpcf7-form-control wpcf7-text\" aria-invalid=\"false\" value=\"\" type=\"text\" name=\"text-106\" \/><\/span> <\/label>\n<\/p>\n<p><label> A sua mensagem*<br \/>\n<span class=\"wpcf7-form-control-wrap\" data-name=\"your-message\"><textarea cols=\"40\" rows=\"10\" class=\"wpcf7-form-control wpcf7-textarea wpcf7-validates-as-required\" aria-required=\"true\" aria-invalid=\"false\" name=\"your-message\"><\/textarea><\/span> <\/label>\n<\/p>\n<p><input class=\"wpcf7-form-control has-spinner wpcf7-submit\" type=\"submit\" value=\"Enviar\" \/>\n<\/p><p style=\"display: none !important;\" class=\"akismet-fields-container\" data-prefix=\"_wpcf7_ak_\"><label>&#916;<textarea name=\"_wpcf7_ak_hp_textarea\" cols=\"45\" rows=\"8\" maxlength=\"100\"><\/textarea><\/label><input type=\"hidden\" id=\"ak_js_1\" name=\"_wpcf7_ak_js\" value=\"140\"\/><script>document.getElementById( \"ak_js_1\" ).setAttribute( \"value\", ( new Date() ).getTime() );<\/script><\/p><div class=\"wpcf7-response-output\" aria-hidden=\"true\"><\/div>\n<input type=\"hidden\" name=\"trp-form-language\" value=\"pt\"\/><\/form>\n<\/div>\n<\/div>\n<div style='text-align:left' class='yasr-auto-insert-visitor'><\/div>","protected":false},"excerpt":{"rendered":"<p>A linha de produ\u00e7\u00e3o de cones de chocolate \u00e9 uma pe\u00e7a de equipamento especialmente concebida para produzir este snack. Simplifica o processo de produ\u00e7\u00e3o e pode produzir mini cones de chocolate de forma eficiente. Nos \u00faltimos anos, os mini cones de chocolate entraram no mercado, dando \u00e0s pessoas um sabor diferente. A demanda por este produto de chocolate inovador e de alta qualidade continua a ...<\/p>\n<p class=\"read-more\"> <a class=\"\" href=\"https:\/\/www.bakeryturnkey.com\/pt\/produto\/chocolate-cone-line\/\"> <span class=\"screen-reader-text\">Linha de Produ\u00e7\u00e3o de Mini Cone de Chocolate com Controlo PLC<\/span> Ler mais \"<\/a><\/p>","protected":false},"featured_media":4128,"comment_status":"open","ping_status":"closed","template":"","meta":{"site-sidebar-layout":"default","site-content-layout":"default","ast-main-header-display":"","ast-hfb-above-header-display":"","ast-hfb-below-header-display":"","ast-hfb-mobile-header-display":"","site-post-title":"","ast-breadcrumbs-content":"","ast-featured-img":"","footer-sml-layout":"","theme-transparent-header-meta":"default","adv-header-id-meta":"","stick-header-meta":"","header-above-stick-meta":"","header-main-stick-meta":"","header-below-stick-meta":"","yasr_overall_rating":0,"yasr_post_is_review":"","yasr_auto_insert_disabled":"","yasr_review_type":""},"product_cat":[45],"product_tag":[],"class_list":["post-4124","product","type-product","status-publish","has-post-thumbnail","hentry","product_cat-cone-machinery"],"yoast_head":"<!-- This site is optimized with the Yoast SEO plugin v27.4 - https:\/\/yoast.com\/product\/yoast-seo-wordpress\/ -->\n<title>Mini Chocolate Cone Production Line with PLC Control<\/title>\n<meta name=\"description\" content=\"This chocolate production line uses PLC control to automatically produce mini chocolate cones with high efficiency and can be filled with various fillings.\" \/>\n<meta name=\"robots\" content=\"index, follow, max-snippet:-1, max-image-preview:large, max-video-preview:-1\" \/>\n<link rel=\"canonical\" href=\"https:\/\/www.bakeryturnkey.com\/pt\/produto\/chocolate-cone-line\/\" \/>\n<meta property=\"og:locale\" content=\"pt_PT\" \/>\n<meta property=\"og:type\" content=\"article\" \/>\n<meta property=\"og:title\" content=\"Mini Chocolate Cone Production Line with PLC Control\" \/>\n<meta property=\"og:description\" content=\"This chocolate production line uses PLC control to automatically produce mini chocolate cones with high efficiency and can be filled with various fillings.\" \/>\n<meta property=\"og:url\" content=\"https:\/\/www.bakeryturnkey.com\/pt\/produto\/chocolate-cone-line\/\" \/>\n<meta property=\"og:site_name\" content=\"Bakery Food Processing Equipment Manufacturer\" \/>\n<meta property=\"article:modified_time\" content=\"2026-02-12T10:52:30+00:00\" \/>\n<meta property=\"og:image\" content=\"https:\/\/www.bakeryturnkey.com\/wp-content\/uploads\/2023\/09\/63.jpg\" \/>\n\t<meta property=\"og:image:width\" content=\"800\" \/>\n\t<meta property=\"og:image:height\" content=\"800\" \/>\n\t<meta property=\"og:image:type\" content=\"image\/jpeg\" \/>\n<meta name=\"twitter:card\" content=\"summary_large_image\" \/>\n<meta name=\"twitter:label1\" content=\"Tempo estimado de leitura\" \/>\n\t<meta name=\"twitter:data1\" content=\"3 minutos\" \/>\n<script type=\"application\/ld+json\" class=\"yoast-schema-graph\">{\"@context\":\"https:\\\/\\\/schema.org\",\"@graph\":[{\"@type\":\"WebPage\",\"@id\":\"https:\\\/\\\/www.bakeryturnkey.com\\\/product\\\/chocolate-cone-line\\\/\",\"url\":\"https:\\\/\\\/www.bakeryturnkey.com\\\/product\\\/chocolate-cone-line\\\/\",\"name\":\"Mini Chocolate Cone Production Line with PLC Control\",\"isPartOf\":{\"@id\":\"https:\\\/\\\/www.bakeryturnkey.com\\\/#website\"},\"primaryImageOfPage\":{\"@id\":\"https:\\\/\\\/www.bakeryturnkey.com\\\/product\\\/chocolate-cone-line\\\/#primaryimage\"},\"image\":{\"@id\":\"https:\\\/\\\/www.bakeryturnkey.com\\\/product\\\/chocolate-cone-line\\\/#primaryimage\"},\"thumbnailUrl\":\"https:\\\/\\\/www.bakeryturnkey.com\\\/wp-content\\\/uploads\\\/2023\\\/09\\\/63.jpg\",\"datePublished\":\"2023-09-13T08:09:51+00:00\",\"dateModified\":\"2026-02-12T10:52:30+00:00\",\"description\":\"This chocolate production line uses PLC control to automatically produce mini chocolate cones with high efficiency and can be filled with various fillings.\",\"breadcrumb\":{\"@id\":\"https:\\\/\\\/www.bakeryturnkey.com\\\/product\\\/chocolate-cone-line\\\/#breadcrumb\"},\"inLanguage\":\"pt-PT\",\"potentialAction\":[{\"@type\":\"ReadAction\",\"target\":[\"https:\\\/\\\/www.bakeryturnkey.com\\\/product\\\/chocolate-cone-line\\\/\"]}]},{\"@type\":\"ImageObject\",\"inLanguage\":\"pt-PT\",\"@id\":\"https:\\\/\\\/www.bakeryturnkey.com\\\/product\\\/chocolate-cone-line\\\/#primaryimage\",\"url\":\"https:\\\/\\\/www.bakeryturnkey.com\\\/wp-content\\\/uploads\\\/2023\\\/09\\\/63.jpg\",\"contentUrl\":\"https:\\\/\\\/www.bakeryturnkey.com\\\/wp-content\\\/uploads\\\/2023\\\/09\\\/63.jpg\",\"width\":800,\"height\":800,\"caption\":\"Chocolate Mini Cone Production Line Manufacturer\"},{\"@type\":\"BreadcrumbList\",\"@id\":\"https:\\\/\\\/www.bakeryturnkey.com\\\/product\\\/chocolate-cone-line\\\/#breadcrumb\",\"itemListElement\":[{\"@type\":\"ListItem\",\"position\":1,\"name\":\"Home\",\"item\":\"https:\\\/\\\/www.bakeryturnkey.com\\\/\"},{\"@type\":\"ListItem\",\"position\":2,\"name\":\"Products\",\"item\":\"https:\\\/\\\/www.bakeryturnkey.com\\\/products\\\/\"},{\"@type\":\"ListItem\",\"position\":3,\"name\":\"Mini Chocolate Cone Production Line with PLC Control\"}]},{\"@type\":\"WebSite\",\"@id\":\"https:\\\/\\\/www.bakeryturnkey.com\\\/#website\",\"url\":\"https:\\\/\\\/www.bakeryturnkey.com\\\/\",\"name\":\"Bakery Food Processing Equipment Manufacturer\",\"description\":\"Bakery Food Solutions Provider\",\"publisher\":{\"@id\":\"https:\\\/\\\/www.bakeryturnkey.com\\\/#organization\"},\"potentialAction\":[{\"@type\":\"SearchAction\",\"target\":{\"@type\":\"EntryPoint\",\"urlTemplate\":\"https:\\\/\\\/www.bakeryturnkey.com\\\/?s={search_term_string}\"},\"query-input\":{\"@type\":\"PropertyValueSpecification\",\"valueRequired\":true,\"valueName\":\"search_term_string\"}}],\"inLanguage\":\"pt-PT\"},{\"@type\":\"Organization\",\"@id\":\"https:\\\/\\\/www.bakeryturnkey.com\\\/#organization\",\"name\":\"Bakery Food Processing Equipment Manufacturer\",\"url\":\"https:\\\/\\\/www.bakeryturnkey.com\\\/\",\"logo\":{\"@type\":\"ImageObject\",\"inLanguage\":\"pt-PT\",\"@id\":\"https:\\\/\\\/www.bakeryturnkey.com\\\/#\\\/schema\\\/logo\\\/image\\\/\",\"url\":\"https:\\\/\\\/www.bakeryturnkey.com\\\/wp-content\\\/uploads\\\/2022\\\/03\\\/cropped-13-1.png\",\"contentUrl\":\"https:\\\/\\\/www.bakeryturnkey.com\\\/wp-content\\\/uploads\\\/2022\\\/03\\\/cropped-13-1.png\",\"width\":512,\"height\":429,\"caption\":\"Bakery Food Processing Equipment Manufacturer\"},\"image\":{\"@id\":\"https:\\\/\\\/www.bakeryturnkey.com\\\/#\\\/schema\\\/logo\\\/image\\\/\"}},false]}<\/script>\n<!-- \/ Yoast SEO plugin. -->","yoast_head_json":{"title":"Mini Chocolate Cone Production Line with PLC Control","description":"This chocolate production line uses PLC control to automatically produce mini chocolate cones with high efficiency and can be filled with various fillings.","robots":{"index":"index","follow":"follow","max-snippet":"max-snippet:-1","max-image-preview":"max-image-preview:large","max-video-preview":"max-video-preview:-1"},"canonical":"https:\/\/www.bakeryturnkey.com\/pt\/produto\/chocolate-cone-line\/","og_locale":"pt_PT","og_type":"article","og_title":"Mini Chocolate Cone Production Line with PLC Control","og_description":"This chocolate production line uses PLC control to automatically produce mini chocolate cones with high efficiency and can be filled with various fillings.","og_url":"https:\/\/www.bakeryturnkey.com\/pt\/produto\/chocolate-cone-line\/","og_site_name":"Bakery Food Processing Equipment Manufacturer","article_modified_time":"2026-02-12T10:52:30+00:00","og_image":[{"width":800,"height":800,"url":"https:\/\/www.bakeryturnkey.com\/wp-content\/uploads\/2023\/09\/63.jpg","type":"image\/jpeg"}],"twitter_card":"summary_large_image","twitter_misc":{"Tempo estimado de leitura":"3 minutos"},"schema":{"@context":"https:\/\/schema.org","@graph":[{"@type":"WebPage","@id":"https:\/\/www.bakeryturnkey.com\/product\/chocolate-cone-line\/","url":"https:\/\/www.bakeryturnkey.com\/product\/chocolate-cone-line\/","name":"Mini Chocolate Cone Production Line with PLC Control","isPartOf":{"@id":"https:\/\/www.bakeryturnkey.com\/#website"},"primaryImageOfPage":{"@id":"https:\/\/www.bakeryturnkey.com\/product\/chocolate-cone-line\/#primaryimage"},"image":{"@id":"https:\/\/www.bakeryturnkey.com\/product\/chocolate-cone-line\/#primaryimage"},"thumbnailUrl":"https:\/\/www.bakeryturnkey.com\/wp-content\/uploads\/2023\/09\/63.jpg","datePublished":"2023-09-13T08:09:51+00:00","dateModified":"2026-02-12T10:52:30+00:00","description":"This chocolate production line uses PLC control to automatically produce mini chocolate cones with high efficiency and can be filled with various fillings.","breadcrumb":{"@id":"https:\/\/www.bakeryturnkey.com\/product\/chocolate-cone-line\/#breadcrumb"},"inLanguage":"pt-PT","potentialAction":[{"@type":"ReadAction","target":["https:\/\/www.bakeryturnkey.com\/product\/chocolate-cone-line\/"]}]},{"@type":"ImageObject","inLanguage":"pt-PT","@id":"https:\/\/www.bakeryturnkey.com\/product\/chocolate-cone-line\/#primaryimage","url":"https:\/\/www.bakeryturnkey.com\/wp-content\/uploads\/2023\/09\/63.jpg","contentUrl":"https:\/\/www.bakeryturnkey.com\/wp-content\/uploads\/2023\/09\/63.jpg","width":800,"height":800,"caption":"Chocolate Mini Cone Production Line Manufacturer"},{"@type":"BreadcrumbList","@id":"https:\/\/www.bakeryturnkey.com\/product\/chocolate-cone-line\/#breadcrumb","itemListElement":[{"@type":"ListItem","position":1,"name":"Home","item":"https:\/\/www.bakeryturnkey.com\/"},{"@type":"ListItem","position":2,"name":"Products","item":"https:\/\/www.bakeryturnkey.com\/products\/"},{"@type":"ListItem","position":3,"name":"Mini Chocolate Cone Production Line with PLC Control"}]},{"@type":"WebSite","@id":"https:\/\/www.bakeryturnkey.com\/#website","url":"https:\/\/www.bakeryturnkey.com\/","name":"Bakery Food Processing Equipment Manufacturer","description":"Bakery Food Solutions Provider","publisher":{"@id":"https:\/\/www.bakeryturnkey.com\/#organization"},"potentialAction":[{"@type":"SearchAction","target":{"@type":"EntryPoint","urlTemplate":"https:\/\/www.bakeryturnkey.com\/?s={search_term_string}"},"query-input":{"@type":"PropertyValueSpecification","valueRequired":true,"valueName":"search_term_string"}}],"inLanguage":"pt-PT"},{"@type":"Organization","@id":"https:\/\/www.bakeryturnkey.com\/#organization","name":"Bakery Food Processing Equipment Manufacturer","url":"https:\/\/www.bakeryturnkey.com\/","logo":{"@type":"ImageObject","inLanguage":"pt-PT","@id":"https:\/\/www.bakeryturnkey.com\/#\/schema\/logo\/image\/","url":"https:\/\/www.bakeryturnkey.com\/wp-content\/uploads\/2022\/03\/cropped-13-1.png","contentUrl":"https:\/\/www.bakeryturnkey.com\/wp-content\/uploads\/2022\/03\/cropped-13-1.png","width":512,"height":429,"caption":"Bakery Food Processing Equipment Manufacturer"},"image":{"@id":"https:\/\/www.bakeryturnkey.com\/#\/schema\/logo\/image\/"}},false]}},"yasr_visitor_votes":{"stars_attributes":{"read_only":false,"span_bottom":false},"number_of_votes":0,"sum_votes":0},"_links":{"self":[{"href":"https:\/\/www.bakeryturnkey.com\/pt\/wp-json\/wp\/v2\/product\/4124","targetHints":{"allow":["GET"]}}],"collection":[{"href":"https:\/\/www.bakeryturnkey.com\/pt\/wp-json\/wp\/v2\/product"}],"about":[{"href":"https:\/\/www.bakeryturnkey.com\/pt\/wp-json\/wp\/v2\/types\/product"}],"replies":[{"embeddable":true,"href":"https:\/\/www.bakeryturnkey.com\/pt\/wp-json\/wp\/v2\/comments?post=4124"}],"wp:featuredmedia":[{"embeddable":true,"href":"https:\/\/www.bakeryturnkey.com\/pt\/wp-json\/wp\/v2\/media\/4128"}],"wp:attachment":[{"href":"https:\/\/www.bakeryturnkey.com\/pt\/wp-json\/wp\/v2\/media?parent=4124"}],"wp:term":[{"taxonomy":"product_cat","embeddable":true,"href":"https:\/\/www.bakeryturnkey.com\/pt\/wp-json\/wp\/v2\/product_cat?post=4124"},{"taxonomy":"product_tag","embeddable":true,"href":"https:\/\/www.bakeryturnkey.com\/pt\/wp-json\/wp\/v2\/product_tag?post=4124"}],"curies":[{"name":"wp","href":"https:\/\/api.w.org\/{rel}","templated":true}]}}