{"id":4118,"date":"2023-09-11T18:05:19","date_gmt":"2023-09-11T10:05:19","guid":{"rendered":"https:\/\/www.bakeryturnkey.com\/?post_type=product&#038;p=4118"},"modified":"2025-10-17T15:22:37","modified_gmt":"2025-10-17T07:22:37","slug":"ice-cream-cone-production-line","status":"publish","type":"product","link":"https:\/\/www.bakeryturnkey.com\/pt\/produto\/ice-cream-cone-production-line\/","title":{"rendered":"3000-7500 PCS\/H Linha de Produ\u00e7\u00e3o de Cone de Sorvete Dur\u00e1vel"},"content":{"rendered":"<p>A linha de produ\u00e7\u00e3o de casquinha de sorvete \u00e9 dur\u00e1vel e eficiente. Ela pode produzir uma m\u00e9dia de 3000-7500 cones de sorvete por hora. A capacidade de produ\u00e7\u00e3o \u00e9 diversificada para atender \u00e0s necessidades de diferentes escalas.<\/p>\n<p>Os cones de gelado est\u00e3o a varrer o mundo, cativando jovens e adultos em todas as culturas. Tanto os cones de a\u00e7\u00facar como os cones de waffles est\u00e3o a ganhar for\u00e7a \u00e0 medida que a procura global por estas guloseimas aumenta constantemente.<\/p>\n<p>Os fabricantes de alimentos adoptaram as linhas de produ\u00e7\u00e3o de cones como a sua solu\u00e7\u00e3o preferida para satisfazer a crescente procura de cones no mercado. Este equipamento avan\u00e7ado simplifica o processo de produ\u00e7\u00e3o e completa a produ\u00e7\u00e3o de forma eficiente.<\/p>\n<p><img loading=\"lazy\" decoding=\"async\" class=\"alignnone size-full wp-image-4120\" src=\"https:\/\/www.bakeryturnkey.com\/wp-content\/uploads\/2023\/09\/54-1.jpg\" alt=\"Fornecedor de Linha de Produ\u00e7\u00e3o de Cone de Sorvete\" width=\"650\" height=\"400\" srcset=\"https:\/\/www.bakeryturnkey.com\/wp-content\/uploads\/2023\/09\/54-1.jpg 650w, https:\/\/www.bakeryturnkey.com\/wp-content\/uploads\/2023\/09\/54-1-600x369.jpg 600w, https:\/\/www.bakeryturnkey.com\/wp-content\/uploads\/2023\/09\/54-1-300x185.jpg 300w\" sizes=\"auto, (max-width: 650px) 100vw, 650px\" \/><\/p>\n<h2><strong>Carater\u00edsticas da Linha de Produ\u00e7\u00e3o de Cone de Sorvete Autom\u00e1tica<\/strong><\/h2>\n<ul>\n<li>Esta linha de produ\u00e7\u00e3o pode produzir 3.000 - 7.500 cones de gelado por hora, com sa\u00edda ajust\u00e1vel com base nas necessidades do cliente, atendendo \u00e0s demandas do mercado de forma eficaz.<\/li>\n<li>A m\u00e1quina oferece op\u00e7\u00f5es flex\u00edveis de personaliza\u00e7\u00e3o do tamanho, forma e log\u00f3tipo do cone de gelado, permitindo aos fabricantes produzir diversos cones para satisfazer as diferentes prefer\u00eancias dos consumidores.<\/li>\n<li>Utilize uma m\u00e1quina misturadora profissional para combinar bem a farinha de trigo, a \u00e1gua, o a\u00e7\u00facar e os outros ingredientes. Para garantir que a massa fica homog\u00e9nea e que a superf\u00edcie do cone de gelado fica lisa.<\/li>\n<li>A linha de produ\u00e7\u00e3o adopta um sistema preciso de controlo da temperatura e o processo de cozedura \u00e9 uniforme. O cone cozido tem uma cor uniforme e um sabor estaladi\u00e7o.<\/li>\n<\/ul>\n<p><img loading=\"lazy\" decoding=\"async\" class=\"alignnone size-full wp-image-4123\" src=\"https:\/\/www.bakeryturnkey.com\/wp-content\/uploads\/2023\/09\/76.jpg\" alt=\"Linha de produ\u00e7\u00e3o de cones\" width=\"680\" height=\"500\" srcset=\"https:\/\/www.bakeryturnkey.com\/wp-content\/uploads\/2023\/09\/76.jpg 680w, https:\/\/www.bakeryturnkey.com\/wp-content\/uploads\/2023\/09\/76-600x441.jpg 600w, https:\/\/www.bakeryturnkey.com\/wp-content\/uploads\/2023\/09\/76-300x221.jpg 300w\" sizes=\"auto, (max-width: 680px) 100vw, 680px\" \/><\/p>\n<ul>\n<li>Esta linha de produ\u00e7\u00e3o de cones de sorvete \u00e9 f\u00e1cil de manter e tem baixos custos de manuten\u00e7\u00e3o. A m\u00e1quina e o tabuleiro de cozedura s\u00e3o feitos de materiais de qualidade alimentar de alta qualidade. Anti-corros\u00e3o, resistente e dur\u00e1vel.<\/li>\n<li>Existem sistemas de controlo de qualidade e dispositivos de dete\u00e7\u00e3o de metais no processo de produ\u00e7\u00e3o de cones. A m\u00e1quina identifica e remove quaisquer produtos ou metais defeituosos, assegurando que apenas permanecem cones de alta qualidade.<\/li>\n<li>O nosso equipamento, fabricado em a\u00e7o inoxid\u00e1vel de qualidade alimentar de primeira qualidade, garante uma higiene excecional e uma manuten\u00e7\u00e3o sem esfor\u00e7o, ao mesmo tempo que cumpre as rigorosas normas de seguran\u00e7a alimentar.<\/li>\n<li>Com um painel de controlo de f\u00e1cil utiliza\u00e7\u00e3o, a m\u00e1quina simplifica a monitoriza\u00e7\u00e3o e o ajuste das defini\u00e7\u00f5es de produ\u00e7\u00e3o. Tamb\u00e9m fornece dados de produ\u00e7\u00e3o em tempo real, permitindo um controlo eficiente da produ\u00e7\u00e3o e do desempenho.<\/li>\n<\/ul>\n<p><img loading=\"lazy\" decoding=\"async\" class=\"alignnone size-full wp-image-4121\" src=\"https:\/\/www.bakeryturnkey.com\/wp-content\/uploads\/2023\/09\/44.jpg\" alt=\"Linha de Processamento de Cones de Sorvete\" width=\"680\" height=\"500\" srcset=\"https:\/\/www.bakeryturnkey.com\/wp-content\/uploads\/2023\/09\/44.jpg 680w, https:\/\/www.bakeryturnkey.com\/wp-content\/uploads\/2023\/09\/44-600x441.jpg 600w, https:\/\/www.bakeryturnkey.com\/wp-content\/uploads\/2023\/09\/44-300x221.jpg 300w\" sizes=\"auto, (max-width: 680px) 100vw, 680px\" \/><\/p>\n<h2><strong>Instru\u00e7\u00f5es de utiliza\u00e7\u00e3o<\/strong><\/h2>\n<p>A opera\u00e7\u00e3o da linha autom\u00e1tica de processamento de cones de gelado \u00e9 um processo simples, concebido para ser de f\u00e1cil utiliza\u00e7\u00e3o pelos operadores. Aqui est\u00e3o as instru\u00e7\u00f5es b\u00e1sicas de opera\u00e7\u00e3o:<\/p>\n<ul>\n<li>Instala\u00e7\u00e3o: Certifique-se de que a linha de produ\u00e7\u00e3o est\u00e1 devidamente instalada e ligada \u00e0 \u00e1gua, eletricidade e outras instala\u00e7\u00f5es necess\u00e1rias.<\/li>\n<li>Ingredientes: Misturar v\u00e1rias mat\u00e9rias-primas numa determinada propor\u00e7\u00e3o. Esta m\u00e1quina forma finalmente uma massa de cone uniforme e lisa.\n<div class=\"segment-assistant-actions\" data-v-6b9520ab=\"\"><\/div>\n<\/li>\n<li>In\u00edcio da m\u00e1quina: Ligue a linha de produ\u00e7\u00e3o de cones de gelado e defina as especifica\u00e7\u00f5es necess\u00e1rias para os cones de gelado, tempo, temperatura, etc. no painel de controlo inteligente.<\/li>\n<li>Cozedura: A massa \u00e9 injectada automaticamente no tabuleiro, sendo depois moldada e cozida. O tabuleiro de cozedura est\u00e1 dispon\u00edvel em tabuleiros simples e duplos.<\/li>\n<li>Controlo de qualidade: O detetor de metais funciona para verificar e selecionar o produto acabado com impurezas met\u00e1licas. Garantir a seguran\u00e7a do cone.<\/li>\n<li>Embalagem: O cone de gelado \u00e9 transportado para a esta\u00e7\u00e3o de embalagem para ser embalado manual ou automaticamente.<\/li>\n<li>Limpeza e manuten\u00e7\u00e3o: Ap\u00f3s a produ\u00e7\u00e3o, siga os procedimentos de manuten\u00e7\u00e3o e limpeza fornecidos para prolongar a vida \u00fatil do equipamento<\/li>\n<\/ul>\n<p>&nbsp;<\/p>\n<h2><strong>V\u00eddeo da Linha de Processamento de Cones de Sorvete<\/strong><\/h2>\n<div class=\"ast-oembed-container\"><iframe loading=\"lazy\" title=\"Linha de Produ\u00e7\u00e3o de Cone de Sorvete Totalmente Autom\u00e1tica\" width=\"500\" height=\"281\" src=\"https:\/\/www.youtube.com\/embed\/u32MF2hQ8Y8?feature=oembed\" frameborder=\"0\" allow=\"accelerometer; autoplay; clipboard-write; encrypted-media; gyroscope; picture-in-picture; web-share\" referrerpolicy=\"strict-origin-when-cross-origin\" allowfullscreen><\/iframe><\/div>\n<p>&nbsp;<\/p>\n<h3><strong>Par\u00e2metros do produto:<\/strong><\/h3>\n<table border=\"0\" cellspacing=\"0\" cellpadding=\"0\">\n<tbody>\n<tr>\n<td>Modelo<\/td>\n<td>Tamanho da placa de cozedura (mm)<\/td>\n<td>Tens\u00e3o<\/td>\n<td>Pot\u00eancia<\/td>\n<td>Capacidade<\/td>\n<td>Comprimento do cone<\/td>\n<td>Tamanho<\/td>\n<td>Peso<\/td>\n<\/tr>\n<tr>\n<td>GG-DCL35\u00d72-18<\/td>\n<td>300\u00d7320<\/td>\n<td rowspan=\"6\">380v 50hz trif\u00e1sico<\/td>\n<td>3kw<\/td>\n<td>1500-2500pcs\/h<\/td>\n<td>\u2266125mm<\/td>\n<td>6*0.8*1.85m<\/td>\n<td>6T<\/td>\n<\/tr>\n<tr>\n<td>GG-DCL37\u00d72-18<\/td>\n<td>300\u00d7320<\/td>\n<td>3kw<\/td>\n<td>3500-4000pcs\/h<\/td>\n<td>\u2266125mm<\/td>\n<td>7*0.8*1.85m<\/td>\n<td>6T<\/td>\n<\/tr>\n<tr>\n<td>GG-DCL45\u00d72-18<\/td>\n<td>300\u00d7320<\/td>\n<td>3kw<\/td>\n<td>4000-4500pcs\/h<\/td>\n<td>\u2266125mm<\/td>\n<td>8*0.8*1.85m<\/td>\n<td>6T<\/td>\n<\/tr>\n<tr>\n<td>GG-DCL55\u00d72-18<\/td>\n<td>300\u00d7320<\/td>\n<td>3kw<\/td>\n<td>4500-5500pcs\/h<\/td>\n<td>\u2266125mm<\/td>\n<td>9*0.8*1.85m<\/td>\n<td>7T<\/td>\n<\/tr>\n<tr>\n<td>GG-DCL65\u00d72-20<\/td>\n<td>300\u00d7320<\/td>\n<td>3kw<\/td>\n<td>6000-6500pcs\/h<\/td>\n<td>\u2266125mm<\/td>\n<td>11*0.8*1.85m<\/td>\n<td>7T<\/td>\n<\/tr>\n<tr>\n<td>GG-DCL75\u00d72-22<\/td>\n<td>300\u00d7320<\/td>\n<td>3kw<\/td>\n<td>6500-7500pcs\/h<\/td>\n<td>\u2266125mm<\/td>\n<td>11*1.9*1.85m<\/td>\n<td>8T<\/td>\n<\/tr>\n<\/tbody>\n<\/table>\n<p>&nbsp;<\/p>\n<h3><strong>Sair<\/strong><strong> O seu pedido de or\u00e7amento<\/strong><\/h3>\n\n<div class=\"wpcf7 no-js\" id=\"wpcf7-f2977-o1\" lang=\"en-US\" dir=\"ltr\">\n<div class=\"screen-reader-response\"><p role=\"status\" aria-live=\"polite\" aria-atomic=\"true\"><\/p> <ul><\/ul><\/div>\n<form action=\"\/pt\/wp-json\/wp\/v2\/product\/4118#wpcf7-f2977-o1\" method=\"post\" class=\"wpcf7-form init\" aria-label=\"Formul\u00e1rio de contacto\" novalidate=\"novalidate\" data-status=\"init\" data-trp-original-action=\"\/pt\/wp-json\/wp\/v2\/product\/4118#wpcf7-f2977-o1\">\n<div style=\"display: none;\">\n<input type=\"hidden\" name=\"_wpcf7\" value=\"2977\" \/>\n<input type=\"hidden\" name=\"_wpcf7_version\" value=\"5.7.7\" \/>\n<input type=\"hidden\" name=\"_wpcf7_locale\" value=\"en_US\" \/>\n<input type=\"hidden\" name=\"_wpcf7_unit_tag\" value=\"wpcf7-f2977-o1\" \/>\n<input type=\"hidden\" name=\"_wpcf7_container_post\" value=\"0\" \/>\n<input type=\"hidden\" name=\"_wpcf7_posted_data_hash\" value=\"\" \/>\n<\/div>\n<p><label> O seu nome*<br \/>\n<span class=\"wpcf7-form-control-wrap\" data-name=\"your-name\"><input size=\"40\" class=\"wpcf7-form-control wpcf7-text wpcf7-validates-as-required\" aria-required=\"true\" aria-invalid=\"false\" value=\"\" type=\"text\" name=\"your-name\" \/><\/span> <\/label>\n<\/p>\n<p><label> O seu pa\u00eds<br \/>\n<span class=\"wpcf7-form-control-wrap\" data-name=\"your-country\"><input size=\"40\" class=\"wpcf7-form-control wpcf7-text\" aria-invalid=\"false\" value=\"\" type=\"text\" name=\"your-country\" \/><\/span><\/label>\n<\/p>\n<p><label> O seu e-mail*<br \/>\n<span class=\"wpcf7-form-control-wrap\" data-name=\"your-email\"><input size=\"40\" class=\"wpcf7-form-control wpcf7-text wpcf7-email wpcf7-validates-as-required wpcf7-validates-as-email\" aria-required=\"true\" aria-invalid=\"false\" value=\"\" type=\"email\" name=\"your-email\" \/><\/span> <\/label>\n<\/p>\n<p><label> O seu telem\u00f3vel<br \/>\n<span class=\"wpcf7-form-control-wrap\" data-name=\"your-phone\"><input size=\"40\" class=\"wpcf7-form-control wpcf7-text\" aria-invalid=\"false\" value=\"\" type=\"text\" name=\"your-phone\" \/><\/span> <\/label>\n<\/p>\n<p><label> Nome da empresa<br \/>\n<span class=\"wpcf7-form-control-wrap\" data-name=\"text-529\"><input size=\"40\" class=\"wpcf7-form-control wpcf7-text\" aria-invalid=\"false\" value=\"\" type=\"text\" name=\"text-529\" \/><\/span> <\/label>\n<\/p>\n<p><label> S\u00edtio Web da empresa<br \/>\n<span class=\"wpcf7-form-control-wrap\" data-name=\"text-106\"><input size=\"40\" class=\"wpcf7-form-control wpcf7-text\" aria-invalid=\"false\" value=\"\" type=\"text\" name=\"text-106\" \/><\/span> <\/label>\n<\/p>\n<p><label> A sua mensagem*<br \/>\n<span class=\"wpcf7-form-control-wrap\" data-name=\"your-message\"><textarea cols=\"40\" rows=\"10\" class=\"wpcf7-form-control wpcf7-textarea wpcf7-validates-as-required\" aria-required=\"true\" aria-invalid=\"false\" name=\"your-message\"><\/textarea><\/span> <\/label>\n<\/p>\n<p><input class=\"wpcf7-form-control has-spinner wpcf7-submit\" type=\"submit\" value=\"Enviar\" \/>\n<\/p><p style=\"display: none !important;\" class=\"akismet-fields-container\" data-prefix=\"_wpcf7_ak_\"><label>&#916;<textarea name=\"_wpcf7_ak_hp_textarea\" cols=\"45\" rows=\"8\" maxlength=\"100\"><\/textarea><\/label><input type=\"hidden\" id=\"ak_js_1\" name=\"_wpcf7_ak_js\" value=\"197\"\/><script>document.getElementById( \"ak_js_1\" ).setAttribute( \"value\", ( new Date() ).getTime() );<\/script><\/p><div class=\"wpcf7-response-output\" aria-hidden=\"true\"><\/div>\n<input type=\"hidden\" name=\"trp-form-language\" value=\"pt\"\/><\/form>\n<\/div>\n\n<div style='text-align:left' class='yasr-auto-insert-visitor'><\/div>","protected":false},"excerpt":{"rendered":"<p>A linha de produ\u00e7\u00e3o de casquinha de sorvete \u00e9 dur\u00e1vel e eficiente. Ela pode produzir uma m\u00e9dia de 3000-7500 casquinhas de sorvete por hora. A capacidade de produ\u00e7\u00e3o \u00e9 diversificada para atender \u00e0s necessidades de diferentes escalas. As casquinhas de gelado est\u00e3o a varrer o mundo, cativando jovens e adultos em todas as culturas. Os cones de a\u00e7\u00facar e os cones de waffle ...<\/p>\n<p class=\"read-more\"> <a class=\"\" href=\"https:\/\/www.bakeryturnkey.com\/pt\/produto\/ice-cream-cone-production-line\/\"> <span class=\"screen-reader-text\">3000-7500 PCS\/H Linha de Produ\u00e7\u00e3o de Cone de Sorvete Dur\u00e1vel<\/span> Ler mais \"<\/a><\/p>","protected":false},"featured_media":4122,"comment_status":"open","ping_status":"closed","template":"","meta":{"site-sidebar-layout":"default","site-content-layout":"default","ast-main-header-display":"","ast-hfb-above-header-display":"","ast-hfb-below-header-display":"","ast-hfb-mobile-header-display":"","site-post-title":"","ast-breadcrumbs-content":"","ast-featured-img":"","footer-sml-layout":"","theme-transparent-header-meta":"default","adv-header-id-meta":"","stick-header-meta":"","header-above-stick-meta":"","header-main-stick-meta":"","header-below-stick-meta":"","yasr_overall_rating":0,"yasr_post_is_review":"","yasr_auto_insert_disabled":"","yasr_review_type":""},"product_cat":[45],"product_tag":[],"class_list":["post-4118","product","type-product","status-publish","has-post-thumbnail","hentry","product_cat-cone-machinery"],"yoast_head":"<!-- This site is optimized with the Yoast SEO plugin v27.5 - https:\/\/yoast.com\/product\/yoast-seo-wordpress\/ -->\n<title>3000-7500 PCS\/H Ice Cream Cone Production Line Durable<\/title>\n<meta name=\"description\" content=\"The ice cream cone production line is suitable for the production of ice cream cones of various scales and can produce 3,000-7,500 pieces per hour.\" \/>\n<meta name=\"robots\" content=\"index, follow, max-snippet:-1, max-image-preview:large, max-video-preview:-1\" \/>\n<link rel=\"canonical\" href=\"https:\/\/www.bakeryturnkey.com\/pt\/produto\/ice-cream-cone-production-line\/\" \/>\n<meta property=\"og:locale\" content=\"pt_PT\" \/>\n<meta property=\"og:type\" content=\"article\" \/>\n<meta property=\"og:title\" content=\"3000-7500 PCS\/H Ice Cream Cone Production Line Durable\" \/>\n<meta property=\"og:description\" content=\"The ice cream cone production line is suitable for the production of ice cream cones of various scales and can produce 3,000-7,500 pieces per hour.\" \/>\n<meta property=\"og:url\" content=\"https:\/\/www.bakeryturnkey.com\/pt\/produto\/ice-cream-cone-production-line\/\" \/>\n<meta property=\"og:site_name\" content=\"Bakery Food Processing Equipment Manufacturer\" \/>\n<meta property=\"article:modified_time\" content=\"2025-10-17T07:22:37+00:00\" \/>\n<meta property=\"og:image\" content=\"https:\/\/www.bakeryturnkey.com\/wp-content\/uploads\/2023\/09\/65-1.jpg\" \/>\n\t<meta property=\"og:image:width\" content=\"800\" \/>\n\t<meta property=\"og:image:height\" content=\"800\" \/>\n\t<meta property=\"og:image:type\" content=\"image\/jpeg\" \/>\n<meta name=\"twitter:card\" content=\"summary_large_image\" \/>\n<meta name=\"twitter:label1\" content=\"Tempo estimado de leitura\" \/>\n\t<meta name=\"twitter:data1\" content=\"4 minutos\" \/>\n<script type=\"application\/ld+json\" class=\"yoast-schema-graph\">{\"@context\":\"https:\\\/\\\/schema.org\",\"@graph\":[{\"@type\":\"WebPage\",\"@id\":\"https:\\\/\\\/www.bakeryturnkey.com\\\/product\\\/ice-cream-cone-production-line\\\/\",\"url\":\"https:\\\/\\\/www.bakeryturnkey.com\\\/product\\\/ice-cream-cone-production-line\\\/\",\"name\":\"3000-7500 PCS\\\/H Ice Cream Cone Production Line Durable\",\"isPartOf\":{\"@id\":\"https:\\\/\\\/www.bakeryturnkey.com\\\/#website\"},\"primaryImageOfPage\":{\"@id\":\"https:\\\/\\\/www.bakeryturnkey.com\\\/product\\\/ice-cream-cone-production-line\\\/#primaryimage\"},\"image\":{\"@id\":\"https:\\\/\\\/www.bakeryturnkey.com\\\/product\\\/ice-cream-cone-production-line\\\/#primaryimage\"},\"thumbnailUrl\":\"https:\\\/\\\/www.bakeryturnkey.com\\\/wp-content\\\/uploads\\\/2023\\\/09\\\/65-1.jpg\",\"datePublished\":\"2023-09-11T10:05:19+00:00\",\"dateModified\":\"2025-10-17T07:22:37+00:00\",\"description\":\"The ice cream cone production line is suitable for the production of ice cream cones of various scales and can produce 3,000-7,500 pieces per hour.\",\"breadcrumb\":{\"@id\":\"https:\\\/\\\/www.bakeryturnkey.com\\\/product\\\/ice-cream-cone-production-line\\\/#breadcrumb\"},\"inLanguage\":\"pt-PT\",\"potentialAction\":[{\"@type\":\"ReadAction\",\"target\":[\"https:\\\/\\\/www.bakeryturnkey.com\\\/product\\\/ice-cream-cone-production-line\\\/\"]}]},{\"@type\":\"ImageObject\",\"inLanguage\":\"pt-PT\",\"@id\":\"https:\\\/\\\/www.bakeryturnkey.com\\\/product\\\/ice-cream-cone-production-line\\\/#primaryimage\",\"url\":\"https:\\\/\\\/www.bakeryturnkey.com\\\/wp-content\\\/uploads\\\/2023\\\/09\\\/65-1.jpg\",\"contentUrl\":\"https:\\\/\\\/www.bakeryturnkey.com\\\/wp-content\\\/uploads\\\/2023\\\/09\\\/65-1.jpg\",\"width\":800,\"height\":800,\"caption\":\"Automatic Ice Cream Cone Production Line\"},{\"@type\":\"BreadcrumbList\",\"@id\":\"https:\\\/\\\/www.bakeryturnkey.com\\\/product\\\/ice-cream-cone-production-line\\\/#breadcrumb\",\"itemListElement\":[{\"@type\":\"ListItem\",\"position\":1,\"name\":\"Home\",\"item\":\"https:\\\/\\\/www.bakeryturnkey.com\\\/\"},{\"@type\":\"ListItem\",\"position\":2,\"name\":\"Products\",\"item\":\"https:\\\/\\\/www.bakeryturnkey.com\\\/products\\\/\"},{\"@type\":\"ListItem\",\"position\":3,\"name\":\"3000-7500 PCS\\\/H Ice Cream Cone Production Line Durable\"}]},{\"@type\":\"WebSite\",\"@id\":\"https:\\\/\\\/www.bakeryturnkey.com\\\/#website\",\"url\":\"https:\\\/\\\/www.bakeryturnkey.com\\\/\",\"name\":\"Bakery Food Processing Equipment Manufacturer\",\"description\":\"Bakery Food Solutions Provider\",\"publisher\":{\"@id\":\"https:\\\/\\\/www.bakeryturnkey.com\\\/#organization\"},\"potentialAction\":[{\"@type\":\"SearchAction\",\"target\":{\"@type\":\"EntryPoint\",\"urlTemplate\":\"https:\\\/\\\/www.bakeryturnkey.com\\\/?s={search_term_string}\"},\"query-input\":{\"@type\":\"PropertyValueSpecification\",\"valueRequired\":true,\"valueName\":\"search_term_string\"}}],\"inLanguage\":\"pt-PT\"},{\"@type\":\"Organization\",\"@id\":\"https:\\\/\\\/www.bakeryturnkey.com\\\/#organization\",\"name\":\"Bakery Food Processing Equipment Manufacturer\",\"url\":\"https:\\\/\\\/www.bakeryturnkey.com\\\/\",\"logo\":{\"@type\":\"ImageObject\",\"inLanguage\":\"pt-PT\",\"@id\":\"https:\\\/\\\/www.bakeryturnkey.com\\\/#\\\/schema\\\/logo\\\/image\\\/\",\"url\":\"https:\\\/\\\/www.bakeryturnkey.com\\\/wp-content\\\/uploads\\\/2022\\\/03\\\/cropped-13-1.png\",\"contentUrl\":\"https:\\\/\\\/www.bakeryturnkey.com\\\/wp-content\\\/uploads\\\/2022\\\/03\\\/cropped-13-1.png\",\"width\":512,\"height\":429,\"caption\":\"Bakery Food Processing Equipment Manufacturer\"},\"image\":{\"@id\":\"https:\\\/\\\/www.bakeryturnkey.com\\\/#\\\/schema\\\/logo\\\/image\\\/\"}},false]}<\/script>\n<!-- \/ Yoast SEO plugin. -->","yoast_head_json":{"title":"3000-7500 PCS\/H Ice Cream Cone Production Line Durable","description":"The ice cream cone production line is suitable for the production of ice cream cones of various scales and can produce 3,000-7,500 pieces per hour.","robots":{"index":"index","follow":"follow","max-snippet":"max-snippet:-1","max-image-preview":"max-image-preview:large","max-video-preview":"max-video-preview:-1"},"canonical":"https:\/\/www.bakeryturnkey.com\/pt\/produto\/ice-cream-cone-production-line\/","og_locale":"pt_PT","og_type":"article","og_title":"3000-7500 PCS\/H Ice Cream Cone Production Line Durable","og_description":"The ice cream cone production line is suitable for the production of ice cream cones of various scales and can produce 3,000-7,500 pieces per hour.","og_url":"https:\/\/www.bakeryturnkey.com\/pt\/produto\/ice-cream-cone-production-line\/","og_site_name":"Bakery Food Processing Equipment Manufacturer","article_modified_time":"2025-10-17T07:22:37+00:00","og_image":[{"width":800,"height":800,"url":"https:\/\/www.bakeryturnkey.com\/wp-content\/uploads\/2023\/09\/65-1.jpg","type":"image\/jpeg"}],"twitter_card":"summary_large_image","twitter_misc":{"Tempo estimado de leitura":"4 minutos"},"schema":{"@context":"https:\/\/schema.org","@graph":[{"@type":"WebPage","@id":"https:\/\/www.bakeryturnkey.com\/product\/ice-cream-cone-production-line\/","url":"https:\/\/www.bakeryturnkey.com\/product\/ice-cream-cone-production-line\/","name":"3000-7500 PCS\/H Ice Cream Cone Production Line Durable","isPartOf":{"@id":"https:\/\/www.bakeryturnkey.com\/#website"},"primaryImageOfPage":{"@id":"https:\/\/www.bakeryturnkey.com\/product\/ice-cream-cone-production-line\/#primaryimage"},"image":{"@id":"https:\/\/www.bakeryturnkey.com\/product\/ice-cream-cone-production-line\/#primaryimage"},"thumbnailUrl":"https:\/\/www.bakeryturnkey.com\/wp-content\/uploads\/2023\/09\/65-1.jpg","datePublished":"2023-09-11T10:05:19+00:00","dateModified":"2025-10-17T07:22:37+00:00","description":"The ice cream cone production line is suitable for the production of ice cream cones of various scales and can produce 3,000-7,500 pieces per hour.","breadcrumb":{"@id":"https:\/\/www.bakeryturnkey.com\/product\/ice-cream-cone-production-line\/#breadcrumb"},"inLanguage":"pt-PT","potentialAction":[{"@type":"ReadAction","target":["https:\/\/www.bakeryturnkey.com\/product\/ice-cream-cone-production-line\/"]}]},{"@type":"ImageObject","inLanguage":"pt-PT","@id":"https:\/\/www.bakeryturnkey.com\/product\/ice-cream-cone-production-line\/#primaryimage","url":"https:\/\/www.bakeryturnkey.com\/wp-content\/uploads\/2023\/09\/65-1.jpg","contentUrl":"https:\/\/www.bakeryturnkey.com\/wp-content\/uploads\/2023\/09\/65-1.jpg","width":800,"height":800,"caption":"Automatic Ice Cream Cone Production Line"},{"@type":"BreadcrumbList","@id":"https:\/\/www.bakeryturnkey.com\/product\/ice-cream-cone-production-line\/#breadcrumb","itemListElement":[{"@type":"ListItem","position":1,"name":"Home","item":"https:\/\/www.bakeryturnkey.com\/"},{"@type":"ListItem","position":2,"name":"Products","item":"https:\/\/www.bakeryturnkey.com\/products\/"},{"@type":"ListItem","position":3,"name":"3000-7500 PCS\/H Ice Cream Cone Production Line Durable"}]},{"@type":"WebSite","@id":"https:\/\/www.bakeryturnkey.com\/#website","url":"https:\/\/www.bakeryturnkey.com\/","name":"Bakery Food Processing Equipment Manufacturer","description":"Bakery Food Solutions Provider","publisher":{"@id":"https:\/\/www.bakeryturnkey.com\/#organization"},"potentialAction":[{"@type":"SearchAction","target":{"@type":"EntryPoint","urlTemplate":"https:\/\/www.bakeryturnkey.com\/?s={search_term_string}"},"query-input":{"@type":"PropertyValueSpecification","valueRequired":true,"valueName":"search_term_string"}}],"inLanguage":"pt-PT"},{"@type":"Organization","@id":"https:\/\/www.bakeryturnkey.com\/#organization","name":"Bakery Food Processing Equipment Manufacturer","url":"https:\/\/www.bakeryturnkey.com\/","logo":{"@type":"ImageObject","inLanguage":"pt-PT","@id":"https:\/\/www.bakeryturnkey.com\/#\/schema\/logo\/image\/","url":"https:\/\/www.bakeryturnkey.com\/wp-content\/uploads\/2022\/03\/cropped-13-1.png","contentUrl":"https:\/\/www.bakeryturnkey.com\/wp-content\/uploads\/2022\/03\/cropped-13-1.png","width":512,"height":429,"caption":"Bakery Food Processing Equipment Manufacturer"},"image":{"@id":"https:\/\/www.bakeryturnkey.com\/#\/schema\/logo\/image\/"}},false]}},"yasr_visitor_votes":{"stars_attributes":{"read_only":false,"span_bottom":false},"number_of_votes":0,"sum_votes":0},"_links":{"self":[{"href":"https:\/\/www.bakeryturnkey.com\/pt\/wp-json\/wp\/v2\/product\/4118","targetHints":{"allow":["GET"]}}],"collection":[{"href":"https:\/\/www.bakeryturnkey.com\/pt\/wp-json\/wp\/v2\/product"}],"about":[{"href":"https:\/\/www.bakeryturnkey.com\/pt\/wp-json\/wp\/v2\/types\/product"}],"replies":[{"embeddable":true,"href":"https:\/\/www.bakeryturnkey.com\/pt\/wp-json\/wp\/v2\/comments?post=4118"}],"wp:featuredmedia":[{"embeddable":true,"href":"https:\/\/www.bakeryturnkey.com\/pt\/wp-json\/wp\/v2\/media\/4122"}],"wp:attachment":[{"href":"https:\/\/www.bakeryturnkey.com\/pt\/wp-json\/wp\/v2\/media?parent=4118"}],"wp:term":[{"taxonomy":"product_cat","embeddable":true,"href":"https:\/\/www.bakeryturnkey.com\/pt\/wp-json\/wp\/v2\/product_cat?post=4118"},{"taxonomy":"product_tag","embeddable":true,"href":"https:\/\/www.bakeryturnkey.com\/pt\/wp-json\/wp\/v2\/product_tag?post=4118"}],"curies":[{"name":"wp","href":"https:\/\/api.w.org\/{rel}","templated":true}]}}