{"id":4114,"date":"2023-09-06T15:20:33","date_gmt":"2023-09-06T07:20:33","guid":{"rendered":"https:\/\/www.bakeryturnkey.com\/?post_type=product&#038;p=4114"},"modified":"2023-09-06T15:20:34","modified_gmt":"2023-09-06T07:20:34","slug":"ice-cream-cone-machine","status":"publish","type":"product","link":"https:\/\/www.bakeryturnkey.com\/pt\/produto\/ice-cream-cone-machine\/","title":{"rendered":"M\u00e1quina de Sorvete Expresso de Cone 3000-7500PCS\/H"},"content":{"rendered":"<p>A m\u00e1quina de fazer cones de gelado totalmente autom\u00e1tica \u00e9 uma pe\u00e7a de equipamento especializado para processar uma grande capacidade de cones de gelado. H\u00e1 uma gama de produ\u00e7\u00e3o de 1500-7500 pcs\/h, e podem ser cones em diferentes tamanhos para atender \u00e0s diferentes demandas do mercado.<\/p>\n<p>Estas m\u00e1quinas de cones de gelado da empresa GELGOOG simplificam a produ\u00e7\u00e3o de cones de gelado e todo o processo \u00e9 autom\u00e1tico. Adequado para uso em f\u00e1bricas de gelados, f\u00e1bricas de cones, f\u00e1bricas de alimentos, etc.<\/p>\n<p><img loading=\"lazy\" decoding=\"async\" class=\"alignnone size-full wp-image-4115\" src=\"https:\/\/www.bakeryturnkey.com\/wp-content\/uploads\/2023\/09\/54.jpg\" alt=\"M\u00e1quina de fazer cones de gelado\" width=\"630\" height=\"400\" srcset=\"https:\/\/www.bakeryturnkey.com\/wp-content\/uploads\/2023\/09\/54.jpg 630w, https:\/\/www.bakeryturnkey.com\/wp-content\/uploads\/2023\/09\/54-600x381.jpg 600w, https:\/\/www.bakeryturnkey.com\/wp-content\/uploads\/2023\/09\/54-300x190.jpg 300w\" sizes=\"auto, (max-width: 630px) 100vw, 630px\" \/><\/p>\n<p>A m\u00e1quina autom\u00e1tica de cones de gelado \u00e9 um aparelho robusto de n\u00edvel industrial que pode produzir um elevado volume de cones de gelado com um m\u00ednimo de interven\u00e7\u00e3o manual. \u00c9 a escolha ideal para empresas que precisam de satisfazer uma elevada procura, mantendo a qualidade e a consist\u00eancia do produto.<\/p>\n<p>&nbsp;<\/p>\n<h2><strong>Qual \u00e9 o processo de fabrico de cones de gelado?<\/strong><\/h2>\n<ol>\n<li>Preparar a massa: Numa m\u00e1quina de misturar, junte a farinha, o a\u00e7\u00facar, o sal, os ovos e os outros ingredientes. Em seguida, misture estes ingredientes at\u00e9 obter uma massa homog\u00e9nea e sem grumos.<\/li>\n<li>Encher a massa: Verter a massa macia no balde de armazenamento e, em seguida, levantar a massa para o orif\u00edcio de aplica\u00e7\u00e3o da calda atrav\u00e9s da bomba e cair nas placas de cozedura. A quantidade de betume pode ser ajustada de acordo com as necessidades actuais.<\/li>\n<li>Cozedura dos cones: A m\u00e1quina de cozedura est\u00e1 equipada com um visor PLC, que pode definir a temperatura necess\u00e1ria, o tempo de cozedura, etc. no visor. Ap\u00f3s a cozedura, as fatias de biscoito t\u00eam uma cor uniforme e brilhante.<\/li>\n<li>Enrolar os cones: Um mecanismo coloca a folha de biscoito crocante sob a cabe\u00e7a do rolo e enrola-a em forma de cone. \u00c9 poss\u00edvel ajustar dois lugares para realizar a fun\u00e7\u00e3o de fazer cones de gelado de outros tamanhos.<\/li>\n<li>Transportar e dispor os cones: Estes cones de gelado caem da m\u00e1quina de enrolar para uma correia transportadora. Completar o processo de arruma\u00e7\u00e3o, colocar tabuleiros de papel, empilhar, etc.<\/li>\n<\/ol>\n<p><img loading=\"lazy\" decoding=\"async\" class=\"alignnone size-full wp-image-4116\" src=\"https:\/\/www.bakeryturnkey.com\/wp-content\/uploads\/2023\/09\/56.jpg\" alt=\"M\u00e1quina Autom\u00e1tica para Fabrica\u00e7\u00e3o de Cones de Sorvete\" width=\"630\" height=\"430\" srcset=\"https:\/\/www.bakeryturnkey.com\/wp-content\/uploads\/2023\/09\/56.jpg 630w, https:\/\/www.bakeryturnkey.com\/wp-content\/uploads\/2023\/09\/56-600x410.jpg 600w, https:\/\/www.bakeryturnkey.com\/wp-content\/uploads\/2023\/09\/56-300x205.jpg 300w\" sizes=\"auto, (max-width: 630px) 100vw, 630px\" \/><\/p>\n<h2><strong>Carater\u00edsticas da M\u00e1quina de Sorvete Autom\u00e1tica de Cone<\/strong><\/h2>\n<ul>\n<li>Alta capacidade de produ\u00e7\u00e3o: Ela tem uma alta velocidade de produ\u00e7\u00e3o, por hora pode produzir 7500 pe\u00e7as de cones de sorvete. A capacidade espec\u00edfica varia de modelo para modelo, e eles geralmente s\u00e3o projetados de acordo com as suas necessidades.<\/li>\n<li>Opera\u00e7\u00e3o totalmente autom\u00e1tica: A carater\u00edstica principal desta m\u00e1quina de sorvete de casquinha \u00e9 a sua automa\u00e7\u00e3o completa. Ela pode lidar com todo o processo de fabrica\u00e7\u00e3o de cones, desde a mistura da massa at\u00e9 o cozimento e modelagem dos cones. Isso reduz a necessidade de trabalho manual e garante a qualidade consistente do produto.<\/li>\n<li>Painel de controlo de f\u00e1cil utiliza\u00e7\u00e3o: Com um painel de controlo intuitivo que permite aos operadores ajustar defini\u00e7\u00f5es como a temperatura, o tempo de cozedura e o tamanho do cone. Esta flexibilidade permite a personaliza\u00e7\u00e3o para satisfazer os requisitos espec\u00edficos do produto.<\/li>\n<li>Qualidade e seguran\u00e7a: A m\u00e1quina de fazer cones de gelado \u00e9 constru\u00edda com materiais de qualidade alimentar e \u00e9 concebida para cumprir rigorosas normas de higiene e seguran\u00e7a. Elas geralmente v\u00eam com carater\u00edsticas de seguran\u00e7a para proteger os operadores durante a opera\u00e7\u00e3o.<\/li>\n<li>Versatilidade: Alguns modelos podem oferecer a op\u00e7\u00e3o de produzir diferentes tipos de cones, como cones de waffle ou cones de a\u00e7\u00facar, bastando ajustar as defini\u00e7\u00f5es.<\/li>\n<li>Manuten\u00e7\u00e3o f\u00e1cil: Os fabricantes concebem frequentemente estas m\u00e1quinas para facilitar a limpeza e a manuten\u00e7\u00e3o, a fim de minimizar o tempo de inatividade e garantir a longevidade.<\/li>\n<\/ul>\n<p>&nbsp;<\/p>\n<h2><strong>V\u00eddeo da m\u00e1quina de fazer cones de gelado<\/strong><\/h2>\n<div class=\"ast-oembed-container\"><iframe loading=\"lazy\" title=\"M\u00e1quina Autom\u00e1tica de Waffle Cone|Linha de Cone de A\u00e7\u00facar\" width=\"500\" height=\"281\" src=\"https:\/\/www.youtube.com\/embed\/ySicV84G7-M?feature=oembed\" frameborder=\"0\" allow=\"accelerometer; autoplay; clipboard-write; encrypted-media; gyroscope; picture-in-picture; web-share\" referrerpolicy=\"strict-origin-when-cross-origin\" allowfullscreen><\/iframe><\/div>\n<p>&nbsp;<\/p>\n<h3><strong>Par\u00e2metros do produto:<\/strong><\/h3>\n<table border=\"0\" cellspacing=\"0\" cellpadding=\"0\">\n<tbody>\n<tr>\n<td>Modelo<\/td>\n<td>Tamanho da placa de cozedura (mm)<\/td>\n<td>Tens\u00e3o<\/td>\n<td>Pot\u00eancia<\/td>\n<td>Capacidade<\/td>\n<td>Comprimento do cone<\/td>\n<td>Tamanho<\/td>\n<td>Peso<\/td>\n<\/tr>\n<tr>\n<td>GG-DCL35\u00d72-18<\/td>\n<td>300\u00d7320<\/td>\n<td rowspan=\"6\">380v 50hz trif\u00e1sico<\/td>\n<td>3kw<\/td>\n<td>1500-2500pcs\/h<\/td>\n<td>\u2266125mm<\/td>\n<td>6*0.8*1.85m<\/td>\n<td>6T<\/td>\n<\/tr>\n<tr>\n<td>GG-DCL37\u00d72-18<\/td>\n<td>300\u00d7320<\/td>\n<td>3kw<\/td>\n<td>3500-4000pcs\/h<\/td>\n<td>\u2266125mm<\/td>\n<td>7*0.8*1.85m<\/td>\n<td>6T<\/td>\n<\/tr>\n<tr>\n<td>GG-DCL45\u00d72-18<\/td>\n<td>300\u00d7320<\/td>\n<td>3kw<\/td>\n<td>4000-4500pcs\/h<\/td>\n<td>\u2266125mm<\/td>\n<td>8*0.8*1.85m<\/td>\n<td>6T<\/td>\n<\/tr>\n<tr>\n<td>GG-DCL55\u00d72-18<\/td>\n<td>300\u00d7320<\/td>\n<td>3kw<\/td>\n<td>4500-5500pcs\/h<\/td>\n<td>\u2266125mm<\/td>\n<td>9*0.8*1.85m<\/td>\n<td>7T<\/td>\n<\/tr>\n<tr>\n<td>GG-DCL65\u00d72-20<\/td>\n<td>300\u00d7320<\/td>\n<td>3kw<\/td>\n<td>6000-6500pcs\/h<\/td>\n<td>\u2266125mm<\/td>\n<td>11*0.8*1.85m<\/td>\n<td>7T<\/td>\n<\/tr>\n<tr>\n<td>GG-DCL75\u00d72-22<\/td>\n<td>300\u00d7320<\/td>\n<td>3kw<\/td>\n<td>6500-7500pcs\/h<\/td>\n<td>\u2266125mm<\/td>\n<td>11*1.9*1.85m<\/td>\n<td>8T<\/td>\n<\/tr>\n<\/tbody>\n<\/table>\n<p>&nbsp;<\/p>\n<h3><strong>Deixe o seu pedido de or\u00e7amento<\/strong><\/h3>\n\n<div class=\"wpcf7 no-js\" id=\"wpcf7-f2977-o1\" lang=\"en-US\" dir=\"ltr\">\n<div class=\"screen-reader-response\"><p role=\"status\" aria-live=\"polite\" aria-atomic=\"true\"><\/p> <ul><\/ul><\/div>\n<form action=\"\/pt\/wp-json\/wp\/v2\/product\/4114#wpcf7-f2977-o1\" method=\"post\" class=\"wpcf7-form init\" aria-label=\"Formul\u00e1rio de contacto\" novalidate=\"novalidate\" data-status=\"init\" data-trp-original-action=\"\/pt\/wp-json\/wp\/v2\/product\/4114#wpcf7-f2977-o1\">\n<div style=\"display: none;\">\n<input type=\"hidden\" name=\"_wpcf7\" value=\"2977\" \/>\n<input type=\"hidden\" name=\"_wpcf7_version\" value=\"5.7.7\" \/>\n<input type=\"hidden\" name=\"_wpcf7_locale\" value=\"en_US\" \/>\n<input type=\"hidden\" name=\"_wpcf7_unit_tag\" value=\"wpcf7-f2977-o1\" \/>\n<input type=\"hidden\" name=\"_wpcf7_container_post\" value=\"0\" \/>\n<input type=\"hidden\" name=\"_wpcf7_posted_data_hash\" value=\"\" \/>\n<\/div>\n<p><label> O seu nome*<br \/>\n<span class=\"wpcf7-form-control-wrap\" data-name=\"your-name\"><input size=\"40\" class=\"wpcf7-form-control wpcf7-text wpcf7-validates-as-required\" aria-required=\"true\" aria-invalid=\"false\" value=\"\" type=\"text\" name=\"your-name\" \/><\/span> <\/label>\n<\/p>\n<p><label> O seu pa\u00eds<br \/>\n<span class=\"wpcf7-form-control-wrap\" data-name=\"your-country\"><input size=\"40\" class=\"wpcf7-form-control wpcf7-text\" aria-invalid=\"false\" value=\"\" type=\"text\" name=\"your-country\" \/><\/span><\/label>\n<\/p>\n<p><label> O seu e-mail*<br \/>\n<span class=\"wpcf7-form-control-wrap\" data-name=\"your-email\"><input size=\"40\" class=\"wpcf7-form-control wpcf7-text wpcf7-email wpcf7-validates-as-required wpcf7-validates-as-email\" aria-required=\"true\" aria-invalid=\"false\" value=\"\" type=\"email\" name=\"your-email\" \/><\/span> <\/label>\n<\/p>\n<p><label> O seu telem\u00f3vel<br \/>\n<span class=\"wpcf7-form-control-wrap\" data-name=\"your-phone\"><input size=\"40\" class=\"wpcf7-form-control wpcf7-text\" aria-invalid=\"false\" value=\"\" type=\"text\" name=\"your-phone\" \/><\/span> <\/label>\n<\/p>\n<p><label> Nome da empresa<br \/>\n<span class=\"wpcf7-form-control-wrap\" data-name=\"text-529\"><input size=\"40\" class=\"wpcf7-form-control wpcf7-text\" aria-invalid=\"false\" value=\"\" type=\"text\" name=\"text-529\" \/><\/span> <\/label>\n<\/p>\n<p><label> S\u00edtio Web da empresa<br \/>\n<span class=\"wpcf7-form-control-wrap\" data-name=\"text-106\"><input size=\"40\" class=\"wpcf7-form-control wpcf7-text\" aria-invalid=\"false\" value=\"\" type=\"text\" name=\"text-106\" \/><\/span> <\/label>\n<\/p>\n<p><label> A sua mensagem*<br \/>\n<span class=\"wpcf7-form-control-wrap\" data-name=\"your-message\"><textarea cols=\"40\" rows=\"10\" class=\"wpcf7-form-control wpcf7-textarea wpcf7-validates-as-required\" aria-required=\"true\" aria-invalid=\"false\" name=\"your-message\"><\/textarea><\/span> <\/label>\n<\/p>\n<p><input class=\"wpcf7-form-control has-spinner wpcf7-submit\" type=\"submit\" value=\"Enviar\" \/>\n<\/p><p style=\"display: none !important;\" class=\"akismet-fields-container\" data-prefix=\"_wpcf7_ak_\"><label>&#916;<textarea name=\"_wpcf7_ak_hp_textarea\" cols=\"45\" rows=\"8\" maxlength=\"100\"><\/textarea><\/label><input type=\"hidden\" id=\"ak_js_1\" name=\"_wpcf7_ak_js\" value=\"222\"\/><script>document.getElementById( \"ak_js_1\" ).setAttribute( \"value\", ( new Date() ).getTime() );<\/script><\/p><div class=\"wpcf7-response-output\" aria-hidden=\"true\"><\/div>\n<input type=\"hidden\" name=\"trp-form-language\" value=\"pt\"\/><\/form>\n<\/div>\n\n<div style='text-align:left' class='yasr-auto-insert-visitor'><\/div>","protected":false},"excerpt":{"rendered":"<p>A m\u00e1quina de fazer cones de gelado totalmente autom\u00e1tica \u00e9 uma pe\u00e7a de equipamento especializado para processar uma grande capacidade de cones de gelado. H\u00e1 uma gama de produ\u00e7\u00e3o de 1500-7500 pcs\/h, e pode ser cones em diferentes tamanhos para atender \u00e0s diferentes demandas do mercado. Estas m\u00e1quinas de sorvete expresso da empresa GELGOOG simplificam a produ\u00e7\u00e3o de ...<\/p>\n<p class=\"read-more\"> <a class=\"\" href=\"https:\/\/www.bakeryturnkey.com\/pt\/produto\/ice-cream-cone-machine\/\"> <span class=\"screen-reader-text\">M\u00e1quina de Sorvete Expresso de Cone 3000-7500PCS\/H<\/span> Ler mais \"<\/a><\/p>","protected":false},"featured_media":4117,"comment_status":"open","ping_status":"closed","template":"","meta":{"site-sidebar-layout":"default","site-content-layout":"default","ast-main-header-display":"","ast-hfb-above-header-display":"","ast-hfb-below-header-display":"","ast-hfb-mobile-header-display":"","site-post-title":"","ast-breadcrumbs-content":"","ast-featured-img":"","footer-sml-layout":"","theme-transparent-header-meta":"default","adv-header-id-meta":"","stick-header-meta":"","header-above-stick-meta":"","header-main-stick-meta":"","header-below-stick-meta":"","yasr_overall_rating":0,"yasr_post_is_review":"","yasr_auto_insert_disabled":"","yasr_review_type":""},"product_cat":[45],"product_tag":[],"class_list":["post-4114","product","type-product","status-publish","has-post-thumbnail","hentry","product_cat-cone-machinery"],"yoast_head":"<!-- This site is optimized with the Yoast SEO plugin v27.4 - https:\/\/yoast.com\/product\/yoast-seo-wordpress\/ -->\n<title>Fully Automatic Ice Cream Cone Making Machine 3000-7500PCS\/H<\/title>\n<meta name=\"description\" content=\"The automatic ice cream cone making machine is a specialized equipment for making a large capacity of ice cream cones. Production range is 1500-7500pcs\/h.\" \/>\n<meta name=\"robots\" content=\"index, follow, max-snippet:-1, max-image-preview:large, max-video-preview:-1\" \/>\n<link rel=\"canonical\" href=\"https:\/\/www.bakeryturnkey.com\/pt\/produto\/ice-cream-cone-machine\/\" \/>\n<meta property=\"og:locale\" content=\"pt_PT\" \/>\n<meta property=\"og:type\" content=\"article\" \/>\n<meta property=\"og:title\" content=\"Fully Automatic Ice Cream Cone Making Machine 3000-7500PCS\/H\" \/>\n<meta property=\"og:description\" content=\"The automatic ice cream cone making machine is a specialized equipment for making a large capacity of ice cream cones. Production range is 1500-7500pcs\/h.\" \/>\n<meta property=\"og:url\" content=\"https:\/\/www.bakeryturnkey.com\/pt\/produto\/ice-cream-cone-machine\/\" \/>\n<meta property=\"og:site_name\" content=\"Bakery Food Processing Equipment Manufacturer\" \/>\n<meta property=\"article:modified_time\" content=\"2023-09-06T07:20:34+00:00\" \/>\n<meta property=\"og:image\" content=\"https:\/\/www.bakeryturnkey.com\/wp-content\/uploads\/2023\/09\/65.jpg\" \/>\n\t<meta property=\"og:image:width\" content=\"800\" \/>\n\t<meta property=\"og:image:height\" content=\"800\" \/>\n\t<meta property=\"og:image:type\" content=\"image\/jpeg\" \/>\n<meta name=\"twitter:card\" content=\"summary_large_image\" \/>\n<meta name=\"twitter:label1\" content=\"Tempo estimado de leitura\" \/>\n\t<meta name=\"twitter:data1\" content=\"3 minutos\" \/>\n<script type=\"application\/ld+json\" class=\"yoast-schema-graph\">{\"@context\":\"https:\\\/\\\/schema.org\",\"@graph\":[{\"@type\":\"WebPage\",\"@id\":\"https:\\\/\\\/www.bakeryturnkey.com\\\/product\\\/ice-cream-cone-machine\\\/\",\"url\":\"https:\\\/\\\/www.bakeryturnkey.com\\\/product\\\/ice-cream-cone-machine\\\/\",\"name\":\"Fully Automatic Ice Cream Cone Making Machine 3000-7500PCS\\\/H\",\"isPartOf\":{\"@id\":\"https:\\\/\\\/www.bakeryturnkey.com\\\/#website\"},\"primaryImageOfPage\":{\"@id\":\"https:\\\/\\\/www.bakeryturnkey.com\\\/product\\\/ice-cream-cone-machine\\\/#primaryimage\"},\"image\":{\"@id\":\"https:\\\/\\\/www.bakeryturnkey.com\\\/product\\\/ice-cream-cone-machine\\\/#primaryimage\"},\"thumbnailUrl\":\"https:\\\/\\\/www.bakeryturnkey.com\\\/wp-content\\\/uploads\\\/2023\\\/09\\\/65.jpg\",\"datePublished\":\"2023-09-06T07:20:33+00:00\",\"dateModified\":\"2023-09-06T07:20:34+00:00\",\"description\":\"The automatic ice cream cone making machine is a specialized equipment for making a large capacity of ice cream cones. Production range is 1500-7500pcs\\\/h.\",\"breadcrumb\":{\"@id\":\"https:\\\/\\\/www.bakeryturnkey.com\\\/product\\\/ice-cream-cone-machine\\\/#breadcrumb\"},\"inLanguage\":\"pt-PT\",\"potentialAction\":[{\"@type\":\"ReadAction\",\"target\":[\"https:\\\/\\\/www.bakeryturnkey.com\\\/product\\\/ice-cream-cone-machine\\\/\"]}]},{\"@type\":\"ImageObject\",\"inLanguage\":\"pt-PT\",\"@id\":\"https:\\\/\\\/www.bakeryturnkey.com\\\/product\\\/ice-cream-cone-machine\\\/#primaryimage\",\"url\":\"https:\\\/\\\/www.bakeryturnkey.com\\\/wp-content\\\/uploads\\\/2023\\\/09\\\/65.jpg\",\"contentUrl\":\"https:\\\/\\\/www.bakeryturnkey.com\\\/wp-content\\\/uploads\\\/2023\\\/09\\\/65.jpg\",\"width\":800,\"height\":800,\"caption\":\"Automatic Ice Cream Cone Machine\"},{\"@type\":\"BreadcrumbList\",\"@id\":\"https:\\\/\\\/www.bakeryturnkey.com\\\/product\\\/ice-cream-cone-machine\\\/#breadcrumb\",\"itemListElement\":[{\"@type\":\"ListItem\",\"position\":1,\"name\":\"Home\",\"item\":\"https:\\\/\\\/www.bakeryturnkey.com\\\/\"},{\"@type\":\"ListItem\",\"position\":2,\"name\":\"Products\",\"item\":\"https:\\\/\\\/www.bakeryturnkey.com\\\/products\\\/\"},{\"@type\":\"ListItem\",\"position\":3,\"name\":\"Fully Automatic Ice Cream Cone Making Machine 3000-7500PCS\\\/H\"}]},{\"@type\":\"WebSite\",\"@id\":\"https:\\\/\\\/www.bakeryturnkey.com\\\/#website\",\"url\":\"https:\\\/\\\/www.bakeryturnkey.com\\\/\",\"name\":\"Bakery Food Processing Equipment Manufacturer\",\"description\":\"Bakery Food Solutions Provider\",\"publisher\":{\"@id\":\"https:\\\/\\\/www.bakeryturnkey.com\\\/#organization\"},\"potentialAction\":[{\"@type\":\"SearchAction\",\"target\":{\"@type\":\"EntryPoint\",\"urlTemplate\":\"https:\\\/\\\/www.bakeryturnkey.com\\\/?s={search_term_string}\"},\"query-input\":{\"@type\":\"PropertyValueSpecification\",\"valueRequired\":true,\"valueName\":\"search_term_string\"}}],\"inLanguage\":\"pt-PT\"},{\"@type\":\"Organization\",\"@id\":\"https:\\\/\\\/www.bakeryturnkey.com\\\/#organization\",\"name\":\"Bakery Food Processing Equipment Manufacturer\",\"url\":\"https:\\\/\\\/www.bakeryturnkey.com\\\/\",\"logo\":{\"@type\":\"ImageObject\",\"inLanguage\":\"pt-PT\",\"@id\":\"https:\\\/\\\/www.bakeryturnkey.com\\\/#\\\/schema\\\/logo\\\/image\\\/\",\"url\":\"https:\\\/\\\/www.bakeryturnkey.com\\\/wp-content\\\/uploads\\\/2022\\\/03\\\/cropped-13-1.png\",\"contentUrl\":\"https:\\\/\\\/www.bakeryturnkey.com\\\/wp-content\\\/uploads\\\/2022\\\/03\\\/cropped-13-1.png\",\"width\":512,\"height\":429,\"caption\":\"Bakery Food Processing Equipment Manufacturer\"},\"image\":{\"@id\":\"https:\\\/\\\/www.bakeryturnkey.com\\\/#\\\/schema\\\/logo\\\/image\\\/\"}},false]}<\/script>\n<!-- \/ Yoast SEO plugin. -->","yoast_head_json":{"title":"Fully Automatic Ice Cream Cone Making Machine 3000-7500PCS\/H","description":"The automatic ice cream cone making machine is a specialized equipment for making a large capacity of ice cream cones. Production range is 1500-7500pcs\/h.","robots":{"index":"index","follow":"follow","max-snippet":"max-snippet:-1","max-image-preview":"max-image-preview:large","max-video-preview":"max-video-preview:-1"},"canonical":"https:\/\/www.bakeryturnkey.com\/pt\/produto\/ice-cream-cone-machine\/","og_locale":"pt_PT","og_type":"article","og_title":"Fully Automatic Ice Cream Cone Making Machine 3000-7500PCS\/H","og_description":"The automatic ice cream cone making machine is a specialized equipment for making a large capacity of ice cream cones. Production range is 1500-7500pcs\/h.","og_url":"https:\/\/www.bakeryturnkey.com\/pt\/produto\/ice-cream-cone-machine\/","og_site_name":"Bakery Food Processing Equipment Manufacturer","article_modified_time":"2023-09-06T07:20:34+00:00","og_image":[{"width":800,"height":800,"url":"https:\/\/www.bakeryturnkey.com\/wp-content\/uploads\/2023\/09\/65.jpg","type":"image\/jpeg"}],"twitter_card":"summary_large_image","twitter_misc":{"Tempo estimado de leitura":"3 minutos"},"schema":{"@context":"https:\/\/schema.org","@graph":[{"@type":"WebPage","@id":"https:\/\/www.bakeryturnkey.com\/product\/ice-cream-cone-machine\/","url":"https:\/\/www.bakeryturnkey.com\/product\/ice-cream-cone-machine\/","name":"Fully Automatic Ice Cream Cone Making Machine 3000-7500PCS\/H","isPartOf":{"@id":"https:\/\/www.bakeryturnkey.com\/#website"},"primaryImageOfPage":{"@id":"https:\/\/www.bakeryturnkey.com\/product\/ice-cream-cone-machine\/#primaryimage"},"image":{"@id":"https:\/\/www.bakeryturnkey.com\/product\/ice-cream-cone-machine\/#primaryimage"},"thumbnailUrl":"https:\/\/www.bakeryturnkey.com\/wp-content\/uploads\/2023\/09\/65.jpg","datePublished":"2023-09-06T07:20:33+00:00","dateModified":"2023-09-06T07:20:34+00:00","description":"The automatic ice cream cone making machine is a specialized equipment for making a large capacity of ice cream cones. Production range is 1500-7500pcs\/h.","breadcrumb":{"@id":"https:\/\/www.bakeryturnkey.com\/product\/ice-cream-cone-machine\/#breadcrumb"},"inLanguage":"pt-PT","potentialAction":[{"@type":"ReadAction","target":["https:\/\/www.bakeryturnkey.com\/product\/ice-cream-cone-machine\/"]}]},{"@type":"ImageObject","inLanguage":"pt-PT","@id":"https:\/\/www.bakeryturnkey.com\/product\/ice-cream-cone-machine\/#primaryimage","url":"https:\/\/www.bakeryturnkey.com\/wp-content\/uploads\/2023\/09\/65.jpg","contentUrl":"https:\/\/www.bakeryturnkey.com\/wp-content\/uploads\/2023\/09\/65.jpg","width":800,"height":800,"caption":"Automatic Ice Cream Cone Machine"},{"@type":"BreadcrumbList","@id":"https:\/\/www.bakeryturnkey.com\/product\/ice-cream-cone-machine\/#breadcrumb","itemListElement":[{"@type":"ListItem","position":1,"name":"Home","item":"https:\/\/www.bakeryturnkey.com\/"},{"@type":"ListItem","position":2,"name":"Products","item":"https:\/\/www.bakeryturnkey.com\/products\/"},{"@type":"ListItem","position":3,"name":"Fully Automatic Ice Cream Cone Making Machine 3000-7500PCS\/H"}]},{"@type":"WebSite","@id":"https:\/\/www.bakeryturnkey.com\/#website","url":"https:\/\/www.bakeryturnkey.com\/","name":"Bakery Food Processing Equipment Manufacturer","description":"Bakery Food Solutions Provider","publisher":{"@id":"https:\/\/www.bakeryturnkey.com\/#organization"},"potentialAction":[{"@type":"SearchAction","target":{"@type":"EntryPoint","urlTemplate":"https:\/\/www.bakeryturnkey.com\/?s={search_term_string}"},"query-input":{"@type":"PropertyValueSpecification","valueRequired":true,"valueName":"search_term_string"}}],"inLanguage":"pt-PT"},{"@type":"Organization","@id":"https:\/\/www.bakeryturnkey.com\/#organization","name":"Bakery Food Processing Equipment Manufacturer","url":"https:\/\/www.bakeryturnkey.com\/","logo":{"@type":"ImageObject","inLanguage":"pt-PT","@id":"https:\/\/www.bakeryturnkey.com\/#\/schema\/logo\/image\/","url":"https:\/\/www.bakeryturnkey.com\/wp-content\/uploads\/2022\/03\/cropped-13-1.png","contentUrl":"https:\/\/www.bakeryturnkey.com\/wp-content\/uploads\/2022\/03\/cropped-13-1.png","width":512,"height":429,"caption":"Bakery Food Processing Equipment Manufacturer"},"image":{"@id":"https:\/\/www.bakeryturnkey.com\/#\/schema\/logo\/image\/"}},false]}},"yasr_visitor_votes":{"stars_attributes":{"read_only":false,"span_bottom":false},"number_of_votes":1,"sum_votes":5},"_links":{"self":[{"href":"https:\/\/www.bakeryturnkey.com\/pt\/wp-json\/wp\/v2\/product\/4114","targetHints":{"allow":["GET"]}}],"collection":[{"href":"https:\/\/www.bakeryturnkey.com\/pt\/wp-json\/wp\/v2\/product"}],"about":[{"href":"https:\/\/www.bakeryturnkey.com\/pt\/wp-json\/wp\/v2\/types\/product"}],"replies":[{"embeddable":true,"href":"https:\/\/www.bakeryturnkey.com\/pt\/wp-json\/wp\/v2\/comments?post=4114"}],"wp:featuredmedia":[{"embeddable":true,"href":"https:\/\/www.bakeryturnkey.com\/pt\/wp-json\/wp\/v2\/media\/4117"}],"wp:attachment":[{"href":"https:\/\/www.bakeryturnkey.com\/pt\/wp-json\/wp\/v2\/media?parent=4114"}],"wp:term":[{"taxonomy":"product_cat","embeddable":true,"href":"https:\/\/www.bakeryturnkey.com\/pt\/wp-json\/wp\/v2\/product_cat?post=4114"},{"taxonomy":"product_tag","embeddable":true,"href":"https:\/\/www.bakeryturnkey.com\/pt\/wp-json\/wp\/v2\/product_tag?post=4114"}],"curies":[{"name":"wp","href":"https:\/\/api.w.org\/{rel}","templated":true}]}}