{"id":3983,"date":"2023-08-03T17:48:48","date_gmt":"2023-08-03T09:48:48","guid":{"rendered":"https:\/\/www.bakeryturnkey.com\/?post_type=product&#038;p=3983"},"modified":"2025-10-17T15:22:37","modified_gmt":"2025-10-17T07:22:37","slug":"biscuit-making-machine","status":"publish","type":"product","link":"https:\/\/www.bakeryturnkey.com\/pt\/produto\/biscuit-making-machine\/","title":{"rendered":"M\u00e1quina de fazer bolacha industrial 300-500 kg\/h"},"content":{"rendered":"<p>A m\u00e1quina de fazer bolacha industrial \u00e9 constitu\u00edda principalmente por m\u00e1quina formadora de biscoitos, forno de t\u00fanel, m\u00e1quina de pulveriza\u00e7\u00e3o de \u00f3leo, m\u00e1quina de virar, linha de arrefecimento, m\u00e1quina de arranjar biscoitos, m\u00e1quina de embalagem e assim por diante.<\/p>\n<p>Este equipamento para biscoitos pode produzir 300-500 kg de biscoitos, al\u00e9m disso, tamb\u00e9m pode fazer biscoitos com uma capacidade de produ\u00e7\u00e3o de at\u00e9 1200 kg. Tudo depende das suas necessidades, podemos personalizar um plano para si.<\/p>\n<h2><strong>Principais moldes para biscoitos<\/strong><\/h2>\n<p><img loading=\"lazy\" decoding=\"async\" class=\"alignnone size-full wp-image-3984\" src=\"https:\/\/www.bakeryturnkey.com\/wp-content\/uploads\/2023\/08\/9.jpg\" alt=\"Moldes para m\u00e1quinas de fazer biscoitos\" width=\"720\" height=\"530\" srcset=\"https:\/\/www.bakeryturnkey.com\/wp-content\/uploads\/2023\/08\/9.jpg 720w, https:\/\/www.bakeryturnkey.com\/wp-content\/uploads\/2023\/08\/9-600x442.jpg 600w, https:\/\/www.bakeryturnkey.com\/wp-content\/uploads\/2023\/08\/9-300x221.jpg 300w\" sizes=\"auto, (max-width: 720px) 100vw, 720px\" \/><\/p>\n<p>Toda a m\u00e1quina de fazer bolacha industrial \u00e9 controlada por um m\u00f3dulo CPU, com estrutura compacta e elevado grau de automatiza\u00e7\u00e3o, desde a alimenta\u00e7\u00e3o, tr\u00eas superf\u00edcies de prensagem, forma\u00e7\u00e3o, peneira\u00e7\u00e3o de a\u00e7\u00facar, transporte, res\u00edduos, reciclagem. Toda a mecatr\u00f3nica, como a cozedura, a inje\u00e7\u00e3o de \u00f3leo e o arrefecimento, \u00e9 completada automaticamente.<\/p>\n<h2><strong>Carater\u00edsticas da m\u00e1quina autom\u00e1tica para fabrico de bolachas<\/strong><\/h2>\n<ul>\n<li>Toda a linha \u00e9 controlada pelo m\u00f3dulo CPU, com estrutura compacta e alto grau de automa\u00e7\u00e3o.<\/li>\n<li>Completa automaticamente os processos de alimenta\u00e7\u00e3o, prensagem de tr\u00eas vias, forma\u00e7\u00e3o (reciclagem de res\u00edduos), cozedura, pulveriza\u00e7\u00e3o de \u00f3leo, arrefecimento, transporte e embalagem.<\/li>\n<li>A espessura e a forma das bolachas podem ser ajustadas, e a velocidade de funcionamento mec\u00e2nico pode ser ajustada de forma cont\u00ednua.<\/li>\n<li>O biscoito cozido no forno de t\u00fanel tem uma fun\u00e7\u00e3o de repelir a humidade, que pode descarregar o excesso de humidade no interior do biscoito.<\/li>\n<li>Existe uma s\u00e9rie de dispositivos, tais como o controlo autom\u00e1tico da temperatura e o alarme autom\u00e1tico de corte de energia para fugas.<\/li>\n<\/ul>\n<h2><strong>V\u00eddeo da m\u00e1quina de fazer bolacha industrial<\/strong><\/h2>\n<div class=\"ast-oembed-container\"><iframe loading=\"lazy\" title=\"M\u00e1quina industrial para fabrica\u00e7\u00e3o de biscoitos 80-1400KG\/H\" width=\"500\" height=\"281\" src=\"https:\/\/www.youtube.com\/embed\/iYDEmUJJJa4?feature=oembed\" frameborder=\"0\" allow=\"accelerometer; autoplay; clipboard-write; encrypted-media; gyroscope; picture-in-picture; web-share\" referrerpolicy=\"strict-origin-when-cross-origin\" allowfullscreen><\/iframe><\/div>\n<h2><strong>Fluxo de processamento de biscoitos:<\/strong><\/h2>\n<ol>\n<li>O fluxo de processamento da m\u00e1quina de biscoitos consiste em colocar a massa misturada na m\u00e1quina e enrol\u00e1-la em corpos verdes de biscoitos de v\u00e1rias formas e tamanhos.<\/li>\n<li>A m\u00e1quina para biscoitos macios consiste em colocar a massa misturada na tremonha e enrol\u00e1-la com rolos para a formar de uma s\u00f3 vez.<\/li>\n<li>Depois coze, pulveriza \u00f3leo e arrefece para produzir biscoitos dourados e deliciosos, e pode alterar o padr\u00e3o dos biscoitos de acordo com a prefer\u00eancia do cliente. De opera\u00e7\u00e3o simples e baixo investimento, \u00e9 um dos equipamentos ideais para investimento em f\u00e1bricas de processamento de alimentos.<\/li>\n<\/ol>\n<h2><strong>Vantagens da m\u00e1quina industrial de bolachas<\/strong><\/h2>\n<ul>\n<li>Poupa tempo e esfor\u00e7o: A m\u00e1quina completa automaticamente os processos de mistura da massa, moldagem, cozedura e embalagem. Menos trabalho, o dobro da produ\u00e7\u00e3o.<\/li>\n<li>Sabor est\u00e1vel: Controlo inform\u00e1tico da temperatura e do tempo, cada lote de biscoitos com a temperatura exacta. Diferentes estilos de bolachas, temperatura ajust\u00e1vel.<\/li>\n<li>Custo mais baixo: Entrega exacta de mat\u00e9rias-primas sem desperd\u00edcio, produ\u00e7\u00e3o ininterrupta durante 24 horas, cada bolacha \u00e9 mais econ\u00f3mica.<\/li>\n<li>Limpo e higi\u00e9nico: Desde a entrada da farinha na m\u00e1quina de fazer bolacha industrial at\u00e9 \u00e0 embalagem e selagem, nenhuma m\u00e3o toca nos alimentos durante todo o processo, o que \u00e9 muito limpo e higi\u00e9nico.<\/li>\n<li>Variedade de estilos: Pode fazer formas diferentes mudando o molde e pode fazer bolachas tipo sandu\u00edche adicionando uma m\u00e1quina de fazer sandu\u00edches, e lan\u00e7ar novos estilos muito rapidamente.<\/li>\n<\/ul>\n<h3><strong>Par\u00e2metros do produto:<\/strong><\/h3>\n<table id=\"zongheng-ccp-host\" border=\"0\" cellspacing=\"0\" cellpadding=\"0\" data-ctx=\"{&quot;cid&quot;:&quot;5769f7c3&quot;,&quot;time&quot;:1690975049619,&quot;docKey&quot;:&quot;vBPlNked7kB9ndG8&quot;}\">\n<tbody>\n<tr>\n<td class=\"s-8\">Modelo<\/td>\n<td class=\"s-8\">Capacidade<\/td>\n<td class=\"s-8\">Largura interior do forno de t\u00fanel<\/td>\n<td class=\"s-8\">M\u00e9todo de aquecimento<\/td>\n<td class=\"s-6\">Dimens\u00f5es<br \/>\n(sem m\u00e1quina de embalar)<\/td>\n<td class=\"s-8\">Tens\u00e3o<\/td>\n<\/tr>\n<tr>\n<td class=\"s-7\">GG-BG400\/420<\/td>\n<td class=\"s-7\">100-250kg\/h<\/td>\n<td class=\"s-7\">400\/420mm<\/td>\n<td class=\"s-7\">El\u00e9trico,G\u00e1s<\/td>\n<td class=\"s-7\">L45m*W5m*H2m<\/td>\n<td class=\"s-7\">380V 50HZ 3PH<\/td>\n<\/tr>\n<tr>\n<td class=\"s-7\">GG-BG600<\/td>\n<td class=\"s-7\">250-400kg\/h<\/td>\n<td class=\"s-7\">600 mm<\/td>\n<td class=\"s-7\">El\u00e9trico,G\u00e1s<\/td>\n<td class=\"s-7\">L50m*W5m*H2m<\/td>\n<td class=\"s-7\">380V 50HZ 3PH<\/td>\n<\/tr>\n<tr>\n<td class=\"s-7\">GG-BG800<\/td>\n<td class=\"s-7\">500-800kg\/h<\/td>\n<td class=\"s-7\">800 mm<\/td>\n<td class=\"s-7\">El\u00e9trico,G\u00e1s,Diesel<\/td>\n<td class=\"s-7\">L100m*L5m*H2,5m<\/td>\n<td class=\"s-7\">380V 50HZ 3PH<\/td>\n<\/tr>\n<tr>\n<td class=\"s-7\">GG-BG1000<\/td>\n<td class=\"s-7\">800-1000kg\/h<\/td>\n<td class=\"s-7\">1000mm<\/td>\n<td class=\"s-7\">El\u00e9trico,G\u00e1s,Diesel<\/td>\n<td class=\"s-7\">L105m*W12m*H3m<\/td>\n<td class=\"s-7\">380V 50HZ 3PH<\/td>\n<\/tr>\n<tr>\n<td class=\"s-7\">GG-BG1200<\/td>\n<td class=\"s-7\">800-1200kg\/h<\/td>\n<td class=\"s-7\">1200mm<\/td>\n<td class=\"s-7\">El\u00e9trico,G\u00e1s,Diesel<\/td>\n<td class=\"s-7\">L120m*W15m*H3m<\/td>\n<td class=\"s-7\">380V 50HZ 3PH<\/td>\n<\/tr>\n<\/tbody>\n<\/table>\n<h3><strong>Deixe o seu pedido de or\u00e7amento<\/strong><\/h3>\n<div id=\"wpcf7-f2977-p3974-o2\" class=\"wpcf7 js\" dir=\"ltr\" lang=\"en-US\">\n<div class=\"wpcf7 no-js\" id=\"wpcf7-f2977-o1\" lang=\"en-US\" dir=\"ltr\">\n<div class=\"screen-reader-response\"><p role=\"status\" aria-live=\"polite\" aria-atomic=\"true\"><\/p> <ul><\/ul><\/div>\n<form action=\"\/pt\/wp-json\/wp\/v2\/product\/3983#wpcf7-f2977-o1\" method=\"post\" class=\"wpcf7-form init\" aria-label=\"Formul\u00e1rio de contacto\" novalidate=\"novalidate\" data-status=\"init\" data-trp-original-action=\"\/pt\/wp-json\/wp\/v2\/product\/3983#wpcf7-f2977-o1\">\n<div style=\"display: none;\">\n<input type=\"hidden\" name=\"_wpcf7\" value=\"2977\" \/>\n<input type=\"hidden\" name=\"_wpcf7_version\" value=\"5.7.7\" \/>\n<input type=\"hidden\" name=\"_wpcf7_locale\" value=\"en_US\" \/>\n<input type=\"hidden\" name=\"_wpcf7_unit_tag\" value=\"wpcf7-f2977-o1\" \/>\n<input type=\"hidden\" name=\"_wpcf7_container_post\" value=\"0\" \/>\n<input type=\"hidden\" name=\"_wpcf7_posted_data_hash\" value=\"\" \/>\n<\/div>\n<p><label> O seu nome*<br \/>\n<span class=\"wpcf7-form-control-wrap\" data-name=\"your-name\"><input size=\"40\" class=\"wpcf7-form-control wpcf7-text wpcf7-validates-as-required\" aria-required=\"true\" aria-invalid=\"false\" value=\"\" type=\"text\" name=\"your-name\" \/><\/span> <\/label>\n<\/p>\n<p><label> O seu pa\u00eds<br \/>\n<span class=\"wpcf7-form-control-wrap\" data-name=\"your-country\"><input size=\"40\" class=\"wpcf7-form-control wpcf7-text\" aria-invalid=\"false\" value=\"\" type=\"text\" name=\"your-country\" \/><\/span><\/label>\n<\/p>\n<p><label> O seu e-mail*<br \/>\n<span class=\"wpcf7-form-control-wrap\" data-name=\"your-email\"><input size=\"40\" class=\"wpcf7-form-control wpcf7-text wpcf7-email wpcf7-validates-as-required wpcf7-validates-as-email\" aria-required=\"true\" aria-invalid=\"false\" value=\"\" type=\"email\" name=\"your-email\" \/><\/span> <\/label>\n<\/p>\n<p><label> O seu telem\u00f3vel<br \/>\n<span class=\"wpcf7-form-control-wrap\" data-name=\"your-phone\"><input size=\"40\" class=\"wpcf7-form-control wpcf7-text\" aria-invalid=\"false\" value=\"\" type=\"text\" name=\"your-phone\" \/><\/span> <\/label>\n<\/p>\n<p><label> Nome da empresa<br \/>\n<span class=\"wpcf7-form-control-wrap\" data-name=\"text-529\"><input size=\"40\" class=\"wpcf7-form-control wpcf7-text\" aria-invalid=\"false\" value=\"\" type=\"text\" name=\"text-529\" \/><\/span> <\/label>\n<\/p>\n<p><label> S\u00edtio Web da empresa<br \/>\n<span class=\"wpcf7-form-control-wrap\" data-name=\"text-106\"><input size=\"40\" class=\"wpcf7-form-control wpcf7-text\" aria-invalid=\"false\" value=\"\" type=\"text\" name=\"text-106\" \/><\/span> <\/label>\n<\/p>\n<p><label> A sua mensagem*<br \/>\n<span class=\"wpcf7-form-control-wrap\" data-name=\"your-message\"><textarea cols=\"40\" rows=\"10\" class=\"wpcf7-form-control wpcf7-textarea wpcf7-validates-as-required\" aria-required=\"true\" aria-invalid=\"false\" name=\"your-message\"><\/textarea><\/span> <\/label>\n<\/p>\n<p><input class=\"wpcf7-form-control has-spinner wpcf7-submit\" type=\"submit\" value=\"Enviar\" \/>\n<\/p><p style=\"display: none !important;\" class=\"akismet-fields-container\" data-prefix=\"_wpcf7_ak_\"><label>&#916;<textarea name=\"_wpcf7_ak_hp_textarea\" cols=\"45\" rows=\"8\" maxlength=\"100\"><\/textarea><\/label><input type=\"hidden\" id=\"ak_js_1\" name=\"_wpcf7_ak_js\" value=\"230\"\/><script>document.getElementById( \"ak_js_1\" ).setAttribute( \"value\", ( new Date() ).getTime() );<\/script><\/p><div class=\"wpcf7-response-output\" aria-hidden=\"true\"><\/div>\n<input type=\"hidden\" name=\"trp-form-language\" value=\"pt\"\/><\/form>\n<\/div>\n<\/div>\n<div style='text-align:left' class='yasr-auto-insert-visitor'><\/div>","protected":false},"excerpt":{"rendered":"<p>A m\u00e1quina autom\u00e1tica para fabricar biscoitos \u00e9 composta principalmente de m\u00e1quina formadora de biscoitos, forno de t\u00fanel, m\u00e1quina de pulveriza\u00e7\u00e3o de \u00f3leo, m\u00e1quina de giro, linha de resfriamento, m\u00e1quina de arranjo de biscoitos, m\u00e1quina de embalagem e assim por diante. Este equipamento de biscoito pode produzir 300-500 kg de biscoitos, al\u00e9m disso, ele tamb\u00e9m pode fazer biscoitos com uma capacidade de produ\u00e7\u00e3o de at\u00e9 1200 kg. Tudo depende de ...<\/p>\n<p class=\"read-more\"> <a class=\"\" href=\"https:\/\/www.bakeryturnkey.com\/pt\/produto\/biscuit-making-machine\/\"> <span class=\"screen-reader-text\">M\u00e1quina de fazer bolacha industrial 300-500 kg\/h<\/span> Ler mais \"<\/a><\/p>","protected":false},"featured_media":3985,"comment_status":"open","ping_status":"closed","template":"","meta":{"site-sidebar-layout":"default","site-content-layout":"default","ast-main-header-display":"","ast-hfb-above-header-display":"","ast-hfb-below-header-display":"","ast-hfb-mobile-header-display":"","site-post-title":"","ast-breadcrumbs-content":"","ast-featured-img":"","footer-sml-layout":"","theme-transparent-header-meta":"default","adv-header-id-meta":"","stick-header-meta":"","header-above-stick-meta":"","header-main-stick-meta":"","header-below-stick-meta":"","yasr_overall_rating":0,"yasr_post_is_review":"","yasr_auto_insert_disabled":"","yasr_review_type":""},"product_cat":[15],"product_tag":[],"class_list":["post-3983","product","type-product","status-publish","has-post-thumbnail","hentry","product_cat-biscuit-machinery"],"yoast_head":"<!-- This site is optimized with the Yoast SEO plugin v27.5 - https:\/\/yoast.com\/product\/yoast-seo-wordpress\/ -->\n<title>Automatic Biscuit Making Machine Price 300-500KG\/H<\/title>\n<meta name=\"description\" content=\"The automatic biscuit making machine is mainly composed of biscuit forming machine, tunnel oven, oil spraying machine, cooling line, packaging machine, etc.\" \/>\n<meta name=\"robots\" content=\"index, follow, max-snippet:-1, max-image-preview:large, max-video-preview:-1\" \/>\n<link rel=\"canonical\" href=\"https:\/\/www.bakeryturnkey.com\/pt\/produto\/biscuit-making-machine\/\" \/>\n<meta property=\"og:locale\" content=\"pt_PT\" \/>\n<meta property=\"og:type\" content=\"article\" \/>\n<meta property=\"og:title\" content=\"Automatic Biscuit Making Machine Price 300-500KG\/H\" \/>\n<meta property=\"og:description\" content=\"The automatic biscuit making machine is mainly composed of biscuit forming machine, tunnel oven, oil spraying machine, cooling line, packaging machine, etc.\" \/>\n<meta property=\"og:url\" content=\"https:\/\/www.bakeryturnkey.com\/pt\/produto\/biscuit-making-machine\/\" \/>\n<meta property=\"og:site_name\" content=\"Bakery Food Processing Equipment Manufacturer\" \/>\n<meta property=\"article:modified_time\" content=\"2025-10-17T07:22:37+00:00\" \/>\n<meta property=\"og:image\" content=\"https:\/\/www.bakeryturnkey.com\/wp-content\/uploads\/2023\/08\/0.jpg\" \/>\n\t<meta property=\"og:image:width\" content=\"800\" \/>\n\t<meta property=\"og:image:height\" content=\"800\" \/>\n\t<meta property=\"og:image:type\" content=\"image\/jpeg\" \/>\n<meta name=\"twitter:card\" content=\"summary_large_image\" \/>\n<meta name=\"twitter:label1\" content=\"Tempo estimado de leitura\" \/>\n\t<meta name=\"twitter:data1\" content=\"3 minutos\" \/>\n<script type=\"application\/ld+json\" class=\"yoast-schema-graph\">{\"@context\":\"https:\\\/\\\/schema.org\",\"@graph\":[{\"@type\":\"WebPage\",\"@id\":\"https:\\\/\\\/www.bakeryturnkey.com\\\/product\\\/biscuit-making-machine\\\/\",\"url\":\"https:\\\/\\\/www.bakeryturnkey.com\\\/product\\\/biscuit-making-machine\\\/\",\"name\":\"Automatic Biscuit Making Machine Price 300-500KG\\\/H\",\"isPartOf\":{\"@id\":\"https:\\\/\\\/www.bakeryturnkey.com\\\/#website\"},\"primaryImageOfPage\":{\"@id\":\"https:\\\/\\\/www.bakeryturnkey.com\\\/product\\\/biscuit-making-machine\\\/#primaryimage\"},\"image\":{\"@id\":\"https:\\\/\\\/www.bakeryturnkey.com\\\/product\\\/biscuit-making-machine\\\/#primaryimage\"},\"thumbnailUrl\":\"https:\\\/\\\/www.bakeryturnkey.com\\\/wp-content\\\/uploads\\\/2023\\\/08\\\/0.jpg\",\"datePublished\":\"2023-08-03T09:48:48+00:00\",\"dateModified\":\"2025-10-17T07:22:37+00:00\",\"description\":\"The automatic biscuit making machine is mainly composed of biscuit forming machine, tunnel oven, oil spraying machine, cooling line, packaging machine, etc.\",\"breadcrumb\":{\"@id\":\"https:\\\/\\\/www.bakeryturnkey.com\\\/product\\\/biscuit-making-machine\\\/#breadcrumb\"},\"inLanguage\":\"pt-PT\",\"potentialAction\":[{\"@type\":\"ReadAction\",\"target\":[\"https:\\\/\\\/www.bakeryturnkey.com\\\/product\\\/biscuit-making-machine\\\/\"]}]},{\"@type\":\"ImageObject\",\"inLanguage\":\"pt-PT\",\"@id\":\"https:\\\/\\\/www.bakeryturnkey.com\\\/product\\\/biscuit-making-machine\\\/#primaryimage\",\"url\":\"https:\\\/\\\/www.bakeryturnkey.com\\\/wp-content\\\/uploads\\\/2023\\\/08\\\/0.jpg\",\"contentUrl\":\"https:\\\/\\\/www.bakeryturnkey.com\\\/wp-content\\\/uploads\\\/2023\\\/08\\\/0.jpg\",\"width\":800,\"height\":800,\"caption\":\"Biscuit Making Machine Line\"},{\"@type\":\"BreadcrumbList\",\"@id\":\"https:\\\/\\\/www.bakeryturnkey.com\\\/product\\\/biscuit-making-machine\\\/#breadcrumb\",\"itemListElement\":[{\"@type\":\"ListItem\",\"position\":1,\"name\":\"Home\",\"item\":\"https:\\\/\\\/www.bakeryturnkey.com\\\/\"},{\"@type\":\"ListItem\",\"position\":2,\"name\":\"Products\",\"item\":\"https:\\\/\\\/www.bakeryturnkey.com\\\/products\\\/\"},{\"@type\":\"ListItem\",\"position\":3,\"name\":\"Automatic Biscuit Making Machine Price 300-500KG\\\/H\"}]},{\"@type\":\"WebSite\",\"@id\":\"https:\\\/\\\/www.bakeryturnkey.com\\\/#website\",\"url\":\"https:\\\/\\\/www.bakeryturnkey.com\\\/\",\"name\":\"Bakery Food Processing Equipment Manufacturer\",\"description\":\"Bakery Food Solutions Provider\",\"publisher\":{\"@id\":\"https:\\\/\\\/www.bakeryturnkey.com\\\/#organization\"},\"potentialAction\":[{\"@type\":\"SearchAction\",\"target\":{\"@type\":\"EntryPoint\",\"urlTemplate\":\"https:\\\/\\\/www.bakeryturnkey.com\\\/?s={search_term_string}\"},\"query-input\":{\"@type\":\"PropertyValueSpecification\",\"valueRequired\":true,\"valueName\":\"search_term_string\"}}],\"inLanguage\":\"pt-PT\"},{\"@type\":\"Organization\",\"@id\":\"https:\\\/\\\/www.bakeryturnkey.com\\\/#organization\",\"name\":\"Bakery Food Processing Equipment Manufacturer\",\"url\":\"https:\\\/\\\/www.bakeryturnkey.com\\\/\",\"logo\":{\"@type\":\"ImageObject\",\"inLanguage\":\"pt-PT\",\"@id\":\"https:\\\/\\\/www.bakeryturnkey.com\\\/#\\\/schema\\\/logo\\\/image\\\/\",\"url\":\"https:\\\/\\\/www.bakeryturnkey.com\\\/wp-content\\\/uploads\\\/2022\\\/03\\\/cropped-13-1.png\",\"contentUrl\":\"https:\\\/\\\/www.bakeryturnkey.com\\\/wp-content\\\/uploads\\\/2022\\\/03\\\/cropped-13-1.png\",\"width\":512,\"height\":429,\"caption\":\"Bakery Food Processing Equipment Manufacturer\"},\"image\":{\"@id\":\"https:\\\/\\\/www.bakeryturnkey.com\\\/#\\\/schema\\\/logo\\\/image\\\/\"}},false]}<\/script>\n<!-- \/ Yoast SEO plugin. -->","yoast_head_json":{"title":"Automatic Biscuit Making Machine Price 300-500KG\/H","description":"The automatic biscuit making machine is mainly composed of biscuit forming machine, tunnel oven, oil spraying machine, cooling line, packaging machine, etc.","robots":{"index":"index","follow":"follow","max-snippet":"max-snippet:-1","max-image-preview":"max-image-preview:large","max-video-preview":"max-video-preview:-1"},"canonical":"https:\/\/www.bakeryturnkey.com\/pt\/produto\/biscuit-making-machine\/","og_locale":"pt_PT","og_type":"article","og_title":"Automatic Biscuit Making Machine Price 300-500KG\/H","og_description":"The automatic biscuit making machine is mainly composed of biscuit forming machine, tunnel oven, oil spraying machine, cooling line, packaging machine, etc.","og_url":"https:\/\/www.bakeryturnkey.com\/pt\/produto\/biscuit-making-machine\/","og_site_name":"Bakery Food Processing Equipment Manufacturer","article_modified_time":"2025-10-17T07:22:37+00:00","og_image":[{"width":800,"height":800,"url":"https:\/\/www.bakeryturnkey.com\/wp-content\/uploads\/2023\/08\/0.jpg","type":"image\/jpeg"}],"twitter_card":"summary_large_image","twitter_misc":{"Tempo estimado de leitura":"3 minutos"},"schema":{"@context":"https:\/\/schema.org","@graph":[{"@type":"WebPage","@id":"https:\/\/www.bakeryturnkey.com\/product\/biscuit-making-machine\/","url":"https:\/\/www.bakeryturnkey.com\/product\/biscuit-making-machine\/","name":"Automatic Biscuit Making Machine Price 300-500KG\/H","isPartOf":{"@id":"https:\/\/www.bakeryturnkey.com\/#website"},"primaryImageOfPage":{"@id":"https:\/\/www.bakeryturnkey.com\/product\/biscuit-making-machine\/#primaryimage"},"image":{"@id":"https:\/\/www.bakeryturnkey.com\/product\/biscuit-making-machine\/#primaryimage"},"thumbnailUrl":"https:\/\/www.bakeryturnkey.com\/wp-content\/uploads\/2023\/08\/0.jpg","datePublished":"2023-08-03T09:48:48+00:00","dateModified":"2025-10-17T07:22:37+00:00","description":"The automatic biscuit making machine is mainly composed of biscuit forming machine, tunnel oven, oil spraying machine, cooling line, packaging machine, etc.","breadcrumb":{"@id":"https:\/\/www.bakeryturnkey.com\/product\/biscuit-making-machine\/#breadcrumb"},"inLanguage":"pt-PT","potentialAction":[{"@type":"ReadAction","target":["https:\/\/www.bakeryturnkey.com\/product\/biscuit-making-machine\/"]}]},{"@type":"ImageObject","inLanguage":"pt-PT","@id":"https:\/\/www.bakeryturnkey.com\/product\/biscuit-making-machine\/#primaryimage","url":"https:\/\/www.bakeryturnkey.com\/wp-content\/uploads\/2023\/08\/0.jpg","contentUrl":"https:\/\/www.bakeryturnkey.com\/wp-content\/uploads\/2023\/08\/0.jpg","width":800,"height":800,"caption":"Biscuit Making Machine Line"},{"@type":"BreadcrumbList","@id":"https:\/\/www.bakeryturnkey.com\/product\/biscuit-making-machine\/#breadcrumb","itemListElement":[{"@type":"ListItem","position":1,"name":"Home","item":"https:\/\/www.bakeryturnkey.com\/"},{"@type":"ListItem","position":2,"name":"Products","item":"https:\/\/www.bakeryturnkey.com\/products\/"},{"@type":"ListItem","position":3,"name":"Automatic Biscuit Making Machine Price 300-500KG\/H"}]},{"@type":"WebSite","@id":"https:\/\/www.bakeryturnkey.com\/#website","url":"https:\/\/www.bakeryturnkey.com\/","name":"Bakery Food Processing Equipment Manufacturer","description":"Bakery Food Solutions Provider","publisher":{"@id":"https:\/\/www.bakeryturnkey.com\/#organization"},"potentialAction":[{"@type":"SearchAction","target":{"@type":"EntryPoint","urlTemplate":"https:\/\/www.bakeryturnkey.com\/?s={search_term_string}"},"query-input":{"@type":"PropertyValueSpecification","valueRequired":true,"valueName":"search_term_string"}}],"inLanguage":"pt-PT"},{"@type":"Organization","@id":"https:\/\/www.bakeryturnkey.com\/#organization","name":"Bakery Food Processing Equipment Manufacturer","url":"https:\/\/www.bakeryturnkey.com\/","logo":{"@type":"ImageObject","inLanguage":"pt-PT","@id":"https:\/\/www.bakeryturnkey.com\/#\/schema\/logo\/image\/","url":"https:\/\/www.bakeryturnkey.com\/wp-content\/uploads\/2022\/03\/cropped-13-1.png","contentUrl":"https:\/\/www.bakeryturnkey.com\/wp-content\/uploads\/2022\/03\/cropped-13-1.png","width":512,"height":429,"caption":"Bakery Food Processing Equipment Manufacturer"},"image":{"@id":"https:\/\/www.bakeryturnkey.com\/#\/schema\/logo\/image\/"}},false]}},"yasr_visitor_votes":{"stars_attributes":{"read_only":false,"span_bottom":false},"number_of_votes":0,"sum_votes":0},"_links":{"self":[{"href":"https:\/\/www.bakeryturnkey.com\/pt\/wp-json\/wp\/v2\/product\/3983","targetHints":{"allow":["GET"]}}],"collection":[{"href":"https:\/\/www.bakeryturnkey.com\/pt\/wp-json\/wp\/v2\/product"}],"about":[{"href":"https:\/\/www.bakeryturnkey.com\/pt\/wp-json\/wp\/v2\/types\/product"}],"replies":[{"embeddable":true,"href":"https:\/\/www.bakeryturnkey.com\/pt\/wp-json\/wp\/v2\/comments?post=3983"}],"wp:featuredmedia":[{"embeddable":true,"href":"https:\/\/www.bakeryturnkey.com\/pt\/wp-json\/wp\/v2\/media\/3985"}],"wp:attachment":[{"href":"https:\/\/www.bakeryturnkey.com\/pt\/wp-json\/wp\/v2\/media?parent=3983"}],"wp:term":[{"taxonomy":"product_cat","embeddable":true,"href":"https:\/\/www.bakeryturnkey.com\/pt\/wp-json\/wp\/v2\/product_cat?post=3983"},{"taxonomy":"product_tag","embeddable":true,"href":"https:\/\/www.bakeryturnkey.com\/pt\/wp-json\/wp\/v2\/product_tag?post=3983"}],"curies":[{"name":"wp","href":"https:\/\/api.w.org\/{rel}","templated":true}]}}