{"id":3974,"date":"2023-08-02T19:18:21","date_gmt":"2023-08-02T11:18:21","guid":{"rendered":"https:\/\/www.bakeryturnkey.com\/?post_type=product&#038;p=3974"},"modified":"2026-04-16T16:17:53","modified_gmt":"2026-04-16T08:17:53","slug":"hard-biscuit-line","status":"publish","type":"product","link":"https:\/\/www.bakeryturnkey.com\/pt\/produto\/hard-biscuit-line\/","title":{"rendered":"Linha de produ\u00e7\u00e3o de biscoitos duros - Solu\u00e7\u00e3o completa"},"content":{"rendered":"<p>A linha de produ\u00e7\u00e3o de biscoitos duros \u00e9 adequada para produzir biscoitos duros em grande escala e melhorar a capacidade de produ\u00e7\u00e3o dos fabricantes de biscoitos. N\u00e3o s\u00f3 possui maquinaria e tecnologia profissionais, mas tamb\u00e9m servi\u00e7os profissionais.<\/p>\n<p>Estes servi\u00e7os incluem or\u00e7amentos para linhas de produ\u00e7\u00e3o, propostas de design, planeamento de layout de f\u00e1brica, fornecimento de receitas e testes de f\u00e1brica. Isto permite-lhe vivenciar verdadeiramente o profissionalismo da nossa empresa e o desempenho dos nossos equipamentos.<\/p>\n<p><img loading=\"lazy\" decoding=\"async\" class=\"alignnone size-full wp-image-3975\" src=\"https:\/\/www.bakeryturnkey.com\/wp-content\/uploads\/2023\/08\/5.jpg\" alt=\"Linha de Produ\u00e7\u00e3o de Biscoitos Fabricante na China\" width=\"720\" height=\"400\" srcset=\"https:\/\/www.bakeryturnkey.com\/wp-content\/uploads\/2023\/08\/5.jpg 720w, https:\/\/www.bakeryturnkey.com\/wp-content\/uploads\/2023\/08\/5-600x333.jpg 600w, https:\/\/www.bakeryturnkey.com\/wp-content\/uploads\/2023\/08\/5-300x167.jpg 300w\" sizes=\"auto, (max-width: 720px) 100vw, 720px\" \/><\/p>\n<h2><strong>Equipamento principal da linha de produ\u00e7\u00e3o de biscoito duro<\/strong><\/h2>\n<p>\u2605Amassadeira: Esta m\u00e1quina mistura proporcionalmente ingredientes como farinha, a\u00e7\u00facar, \u00f3leo, agentes levedantes e aromatizantes para formar uma massa uniforme.<\/p>\n<p>M\u00e1quina laminadora de massa: A massa passa por v\u00e1rias etapas de lamina\u00e7\u00e3o para atingir a espessura desejada para biscoitos duros, normalmente em torno de 0,8 mm e t\u00e3o fina quanto 0,6 mm quando necess\u00e1rio.<\/p>\n<p>M\u00e1quina formadora de biscoitos duros: A folha de massa \u00e9 moldada em biscoitos duros uniformes atrav\u00e9s do corte de rolos, com a massa aparada recolhida e reutilizada para reduzir o desperd\u00edcio de material.<\/p>\n<p><img loading=\"lazy\" decoding=\"async\" class=\"alignnone size-full wp-image-3980\" src=\"https:\/\/www.bakeryturnkey.com\/wp-content\/uploads\/2023\/08\/54.jpg\" alt=\"M\u00e1quina de moldagem para biscoitos\" width=\"720\" height=\"400\" srcset=\"https:\/\/www.bakeryturnkey.com\/wp-content\/uploads\/2023\/08\/54.jpg 720w, https:\/\/www.bakeryturnkey.com\/wp-content\/uploads\/2023\/08\/54-600x333.jpg 600w, https:\/\/www.bakeryturnkey.com\/wp-content\/uploads\/2023\/08\/54-300x167.jpg 300w\" sizes=\"auto, (max-width: 720px) 100vw, 720px\" \/><\/p>\n<p>\u2605Forno de Cozedura de Bolachas: Dentro deste grande forno t\u00fanel, as bolachas secas s\u00e3o transportadas atrav\u00e9s de quatro fases principais \u2014 expans\u00e3o, moldagem, desidrata\u00e7\u00e3o e colora\u00e7\u00e3o \u2014 para obter uma textura consistentemente cozida.<\/p>\n<p>\u2605Linha de Arrefecimento e Esteriliza\u00e7\u00e3o: Esta esteira transportadora arrefece os bolachas cozidos para evitar a reten\u00e7\u00e3o de humidade, preservando a sua croc\u00e2ncia e preparando-os para a embalagem.<\/p>\n<p>\u2605M\u00e1quina de Embalagem: Os biscoitos arrefecidos s\u00e3o depois embalados em caixas, sacos ou outros recipientes por esta m\u00e1quina, prolongando o prazo de validade e preparando-os para distribui\u00e7\u00e3o.<\/p>\n<p>&nbsp;<\/p>\n<h2><strong>V\u00eddeo da linha de produ\u00e7\u00e3o de biscoitos de massa dura<\/strong><\/h2>\n<div class=\"ast-oembed-container\"><iframe loading=\"lazy\" title=\"Linha de produ\u00e7\u00e3o de biscoitos - Todo o processo de fabrico\" width=\"500\" height=\"281\" src=\"https:\/\/www.youtube.com\/embed\/P8Ys7pf-tMA?feature=oembed\" frameborder=\"0\" allow=\"accelerometer; autoplay; clipboard-write; encrypted-media; gyroscope; picture-in-picture; web-share\" referrerpolicy=\"strict-origin-when-cross-origin\" allowfullscreen><\/iframe><\/div>\n<h2><strong>Solu\u00e7\u00e3o Completa Multifuncional para Biscoitos Duros<\/strong><\/h2>\n<p>Esta linha oferece uma variedade de op\u00e7\u00f5es de moldes, permitindo que os fabricantes de biscoitos produzam uma grande variedade de tipos e estilos de biscoitos duros usando um \u00fanico conjunto de equipamentos. A simples mudan\u00e7a do molde de forma\u00e7\u00e3o ou o ajuste dos par\u00e2metros de produ\u00e7\u00e3o permite formas e estilos personalizados.<\/p>\n<p>Esta versatilidade e personaliza\u00e7\u00e3o ajudam os fabricantes de produtos alimentares a reduzir o investimento em equipamento, a otimizar o espa\u00e7o de produ\u00e7\u00e3o e a satisfazer as diversas exig\u00eancias do mercado. Seguem-se exemplos de alguns moldes de forma\u00e7\u00e3o de biscoitos duros comuns.<\/p>\n<p><img loading=\"lazy\" decoding=\"async\" class=\"alignnone size-full wp-image-3982\" src=\"https:\/\/www.bakeryturnkey.com\/wp-content\/uploads\/2023\/08\/8.jpg\" alt=\"M\u00e1quina de biscoitos com diferentes moldes\" width=\"720\" height=\"450\" srcset=\"https:\/\/www.bakeryturnkey.com\/wp-content\/uploads\/2023\/08\/8.jpg 720w, https:\/\/www.bakeryturnkey.com\/wp-content\/uploads\/2023\/08\/8-600x375.jpg 600w, https:\/\/www.bakeryturnkey.com\/wp-content\/uploads\/2023\/08\/8-300x188.jpg 300w\" sizes=\"auto, (max-width: 720px) 100vw, 720px\" \/><\/p>\n<h2><strong>Caracter\u00edsticas da Linha de Produ\u00e7\u00e3o Autom\u00e1tica de Biscoitos Secos<\/strong><\/h2>\n<div class=\"flex max-w-full flex-col grow\">\n<div class=\"min-h-8 text-message relative flex w-full flex-col items-end gap-2 text-start break-words whitespace-normal [.text-message+&amp;]:mt-1\" dir=\"auto\" data-message-author-role=\"assistant\" data-message-id=\"8958b1ae-133a-4d35-aca2-2838368e18a9\" data-message-model-slug=\"gpt-5\">\n<div class=\"flex w-full flex-col gap-1 empty:hidden first:pt-[1px]\">\n<div class=\"markdown prose dark:prose-invert w-full break-words light markdown-new-styling\">\n<ul>\n<li data-start=\"0\" data-end=\"178\">Toda a linha de biscoitos utiliza a\u00e7o inoxid\u00e1vel de qualidade alimentar como material principal, proporcionando uma estrutura est\u00e1vel e resistente \u00e0 corros\u00e3o que suporta um funcionamento cont\u00ednuo a longo prazo.<\/li>\n<li data-start=\"0\" data-end=\"178\">Esta solu\u00e7\u00e3o para biscoitos secos permite uma r\u00e1pida troca entre diferentes formas e receitas, sendo assim adequada para a produ\u00e7\u00e3o de diversos tipos de biscoitos secos. Uma \u00fanica linha possibilita a produ\u00e7\u00e3o de produtos variados, poupando espa\u00e7o e custos de investimento.<\/li>\n<li data-start=\"0\" data-end=\"178\">Desde pequenas e m\u00e9dias f\u00e1bricas a grandes empresas do sector alimentar, oferecemos uma gama completa de modelos de equipamento, com capacidades que v\u00e3o desde 200kg\/h a 1200kg\/h. Est\u00e3o dispon\u00edveis configura\u00e7\u00f5es personaliz\u00e1veis para v\u00e1rias capacidades de produ\u00e7\u00e3o.<\/li>\n<li data-start=\"0\" data-end=\"178\">A linha completa de produ\u00e7\u00e3o de biscoitos de massa dura utiliza um sistema de controlo PLC e uma interface de ecr\u00e3 t\u00e1ctil, completando automaticamente os processos de mistura da massa, forma\u00e7\u00e3o, cozedura, arrefecimento e embalagem.<\/li>\n<li data-start=\"0\" data-end=\"178\">O equipamento funciona sem problemas, consome pouca energia e possui um controlo preciso da temperatura e da velocidade. O controlo da temperatura por zonas no processo de cozedura assegura uma cor uniforme e um sabor consistente dos biscoitos.<\/li>\n<\/ul>\n<p>A configura\u00e7\u00e3o base da linha de produ\u00e7\u00e3o de bolachas duras inclui: sistema de mistura de massa, sistema de conforma\u00e7\u00e3o, forno de cozedura e sistema de refrigera\u00e7\u00e3o e embalagem. Para satisfazer exig\u00eancias mais elevadas, oferecemos tamb\u00e9m configura\u00e7\u00f5es n\u00e2ng c\u1ea5p, tais como processos de recheio, cobertura e aromatiza\u00e7\u00e3o.<\/p>\n<p>Podemos personalizar todo o equipamento e processos para se alinharem com a sua receita de produto espec\u00edfica, capacidade pretendida e layout da f\u00e1brica. Isto garante que entregamos uma solu\u00e7\u00e3o completa e \u00e0 medida, que atinge os seus objetivos de produ\u00e7\u00e3o.<\/p>\n<\/div>\n<\/div>\n<\/div>\n<\/div>\n<h3><strong>Par\u00e2metros do produto:<\/strong><\/h3>\n<table id=\"zongheng-ccp-host\" border=\"0\" cellspacing=\"0\" cellpadding=\"0\" data-ctx=\"{&quot;cid&quot;:&quot;5769f7c3&quot;,&quot;time&quot;:1690975049619,&quot;docKey&quot;:&quot;vBPlNked7kB9ndG8&quot;}\">\n<tbody>\n<tr>\n<td class=\"s-8\">Modelo<\/td>\n<td class=\"s-8\">Capacidade<\/td>\n<td class=\"s-8\">Largura interior do forno de t\u00fanel<\/td>\n<td class=\"s-8\">M\u00e9todo de aquecimento<\/td>\n<td class=\"s-6\">Dimens\u00f5es<br \/>\n(sem m\u00e1quina de embalar)<\/td>\n<td class=\"s-8\">Tens\u00e3o<\/td>\n<\/tr>\n<tr>\n<td class=\"s-7\">GG-BG400\/420<\/td>\n<td class=\"s-7\">100-250kg\/h<\/td>\n<td class=\"s-7\">400\/420mm<\/td>\n<td class=\"s-7\">El\u00e9trico,G\u00e1s<\/td>\n<td class=\"s-7\">L45m*W5m*H2m<\/td>\n<td class=\"s-7\">380V 50HZ 3PH<\/td>\n<\/tr>\n<tr>\n<td class=\"s-7\">GG-BG600<\/td>\n<td class=\"s-7\">250-400kg\/h<\/td>\n<td class=\"s-7\">600 mm<\/td>\n<td class=\"s-7\">El\u00e9trico,G\u00e1s<\/td>\n<td class=\"s-7\">L50m*W5m*H2m<\/td>\n<td class=\"s-7\">380V 50HZ 3PH<\/td>\n<\/tr>\n<tr>\n<td class=\"s-7\">GG-BG800<\/td>\n<td class=\"s-7\">500-800kg\/h<\/td>\n<td class=\"s-7\">800 mm<\/td>\n<td class=\"s-7\">El\u00e9trico,G\u00e1s,Diesel<\/td>\n<td class=\"s-7\">L100m*L5m*H2,5m<\/td>\n<td class=\"s-7\">380V 50HZ 3PH<\/td>\n<\/tr>\n<tr>\n<td class=\"s-7\">GG-BG1000<\/td>\n<td class=\"s-7\">800-1000kg\/h<\/td>\n<td class=\"s-7\">1000mm<\/td>\n<td class=\"s-7\">El\u00e9trico,G\u00e1s,Diesel<\/td>\n<td class=\"s-7\">L105m*W12m*H3m<\/td>\n<td class=\"s-7\">380V 50HZ 3PH<\/td>\n<\/tr>\n<tr>\n<td class=\"s-7\">GG-BG1200<\/td>\n<td class=\"s-7\">800-1200kg\/h<\/td>\n<td class=\"s-7\">1200mm<\/td>\n<td class=\"s-7\">El\u00e9trico,G\u00e1s,Diesel<\/td>\n<td class=\"s-7\">L120m*W15m*H3m<\/td>\n<td class=\"s-7\">380V 50HZ 3PH<\/td>\n<\/tr>\n<\/tbody>\n<\/table>\n<h3><\/h3>\n<h3><strong>Deixe o seu pedido de or\u00e7amento<\/strong><\/h3>\n\n<div class=\"wpcf7 no-js\" id=\"wpcf7-f2977-o1\" lang=\"en-US\" dir=\"ltr\">\n<div class=\"screen-reader-response\"><p role=\"status\" aria-live=\"polite\" aria-atomic=\"true\"><\/p> <ul><\/ul><\/div>\n<form action=\"\/pt\/wp-json\/wp\/v2\/product\/3974#wpcf7-f2977-o1\" method=\"post\" class=\"wpcf7-form init\" aria-label=\"Formul\u00e1rio de contacto\" novalidate=\"novalidate\" data-status=\"init\" data-trp-original-action=\"\/pt\/wp-json\/wp\/v2\/product\/3974#wpcf7-f2977-o1\">\n<div style=\"display: none;\">\n<input type=\"hidden\" name=\"_wpcf7\" value=\"2977\" \/>\n<input type=\"hidden\" name=\"_wpcf7_version\" value=\"5.7.7\" \/>\n<input type=\"hidden\" name=\"_wpcf7_locale\" value=\"en_US\" \/>\n<input type=\"hidden\" name=\"_wpcf7_unit_tag\" value=\"wpcf7-f2977-o1\" \/>\n<input type=\"hidden\" name=\"_wpcf7_container_post\" value=\"0\" \/>\n<input type=\"hidden\" name=\"_wpcf7_posted_data_hash\" value=\"\" \/>\n<\/div>\n<p><label> O seu nome*<br \/>\n<span class=\"wpcf7-form-control-wrap\" data-name=\"your-name\"><input size=\"40\" class=\"wpcf7-form-control wpcf7-text wpcf7-validates-as-required\" aria-required=\"true\" aria-invalid=\"false\" value=\"\" type=\"text\" name=\"your-name\" \/><\/span> <\/label>\n<\/p>\n<p><label> O seu pa\u00eds<br \/>\n<span class=\"wpcf7-form-control-wrap\" data-name=\"your-country\"><input size=\"40\" class=\"wpcf7-form-control wpcf7-text\" aria-invalid=\"false\" value=\"\" type=\"text\" name=\"your-country\" \/><\/span><\/label>\n<\/p>\n<p><label> O seu e-mail*<br \/>\n<span class=\"wpcf7-form-control-wrap\" data-name=\"your-email\"><input size=\"40\" class=\"wpcf7-form-control wpcf7-text wpcf7-email wpcf7-validates-as-required wpcf7-validates-as-email\" aria-required=\"true\" aria-invalid=\"false\" value=\"\" type=\"email\" name=\"your-email\" \/><\/span> <\/label>\n<\/p>\n<p><label> O seu telem\u00f3vel<br \/>\n<span class=\"wpcf7-form-control-wrap\" data-name=\"your-phone\"><input size=\"40\" class=\"wpcf7-form-control wpcf7-text\" aria-invalid=\"false\" value=\"\" type=\"text\" name=\"your-phone\" \/><\/span> <\/label>\n<\/p>\n<p><label> Nome da empresa<br \/>\n<span class=\"wpcf7-form-control-wrap\" data-name=\"text-529\"><input size=\"40\" class=\"wpcf7-form-control wpcf7-text\" aria-invalid=\"false\" value=\"\" type=\"text\" name=\"text-529\" \/><\/span> <\/label>\n<\/p>\n<p><label> S\u00edtio Web da empresa<br \/>\n<span class=\"wpcf7-form-control-wrap\" data-name=\"text-106\"><input size=\"40\" class=\"wpcf7-form-control wpcf7-text\" aria-invalid=\"false\" value=\"\" type=\"text\" name=\"text-106\" \/><\/span> <\/label>\n<\/p>\n<p><label> A sua mensagem*<br \/>\n<span class=\"wpcf7-form-control-wrap\" data-name=\"your-message\"><textarea cols=\"40\" rows=\"10\" class=\"wpcf7-form-control wpcf7-textarea wpcf7-validates-as-required\" aria-required=\"true\" aria-invalid=\"false\" name=\"your-message\"><\/textarea><\/span> <\/label>\n<\/p>\n<p><input class=\"wpcf7-form-control has-spinner wpcf7-submit\" type=\"submit\" value=\"Enviar\" \/>\n<\/p><p style=\"display: none !important;\" class=\"akismet-fields-container\" data-prefix=\"_wpcf7_ak_\"><label>&#916;<textarea name=\"_wpcf7_ak_hp_textarea\" cols=\"45\" rows=\"8\" maxlength=\"100\"><\/textarea><\/label><input type=\"hidden\" id=\"ak_js_1\" name=\"_wpcf7_ak_js\" value=\"198\"\/><script>document.getElementById( \"ak_js_1\" ).setAttribute( \"value\", ( new Date() ).getTime() );<\/script><\/p><div class=\"wpcf7-response-output\" aria-hidden=\"true\"><\/div>\n<input type=\"hidden\" name=\"trp-form-language\" value=\"pt\"\/><\/form>\n<\/div>\n\n<div style='text-align:left' class='yasr-auto-insert-visitor'><\/div>","protected":false},"excerpt":{"rendered":"<ul>\n<li><strong>Capacidade de produ\u00e7\u00e3o: 200-1200KG\/H<\/strong><\/li>\n<li><strong>Tens\u00e3o: 380V<\/strong><\/li>\n<li><strong>Correio eletr\u00f3nico: lisa@machinehall.com<\/strong><\/li>\n<li><strong>Whatsapp: <a href=\"https:\/\/wa.me\/8615515571373\">+8615515571373<\/a><\/strong><\/li>\n<\/ul>","protected":false},"featured_media":3978,"comment_status":"open","ping_status":"closed","template":"","meta":{"site-sidebar-layout":"default","site-content-layout":"default","ast-main-header-display":"","ast-hfb-above-header-display":"","ast-hfb-below-header-display":"","ast-hfb-mobile-header-display":"","site-post-title":"","ast-breadcrumbs-content":"","ast-featured-img":"","footer-sml-layout":"","theme-transparent-header-meta":"default","adv-header-id-meta":"","stick-header-meta":"","header-above-stick-meta":"","header-main-stick-meta":"","header-below-stick-meta":"","yasr_overall_rating":5,"yasr_post_is_review":"","yasr_auto_insert_disabled":"","yasr_review_type":""},"product_cat":[15],"product_tag":[],"class_list":["post-3974","product","type-product","status-publish","has-post-thumbnail","hentry","product_cat-biscuit-machinery"],"yoast_head":"<!-- This site is optimized with the Yoast SEO plugin v27.5 - https:\/\/yoast.com\/product\/yoast-seo-wordpress\/ -->\n<title>Hard Biscuit Production Line - Complete Solution<\/title>\n<meta name=\"description\" content=\"The hard biscuit production line is designed to produce hard biscuits on a large scale and improve the production capacity of biscuit manufacturers.\" \/>\n<meta name=\"robots\" content=\"index, follow, max-snippet:-1, max-image-preview:large, max-video-preview:-1\" \/>\n<link rel=\"canonical\" href=\"https:\/\/www.bakeryturnkey.com\/pt\/produto\/hard-biscuit-line\/\" \/>\n<meta property=\"og:locale\" content=\"pt_PT\" \/>\n<meta property=\"og:type\" content=\"article\" \/>\n<meta property=\"og:title\" content=\"Hard Biscuit Production Line - Complete Solution\" \/>\n<meta property=\"og:description\" content=\"The hard biscuit production line is designed to produce hard biscuits on a large scale and improve the production capacity of biscuit manufacturers.\" \/>\n<meta property=\"og:url\" content=\"https:\/\/www.bakeryturnkey.com\/pt\/produto\/hard-biscuit-line\/\" \/>\n<meta property=\"og:site_name\" content=\"Bakery Food Processing Equipment Manufacturer\" \/>\n<meta property=\"article:modified_time\" content=\"2026-04-16T08:17:53+00:00\" \/>\n<meta property=\"og:image\" content=\"https:\/\/www.bakeryturnkey.com\/wp-content\/uploads\/2023\/08\/55.jpg\" \/>\n\t<meta property=\"og:image:width\" content=\"800\" \/>\n\t<meta property=\"og:image:height\" content=\"800\" \/>\n\t<meta property=\"og:image:type\" content=\"image\/jpeg\" \/>\n<meta name=\"twitter:card\" content=\"summary_large_image\" \/>\n<meta name=\"twitter:label1\" content=\"Tempo estimado de leitura\" \/>\n\t<meta name=\"twitter:data1\" content=\"4 minutos\" \/>\n<script type=\"application\/ld+json\" class=\"yoast-schema-graph\">{\"@context\":\"https:\\\/\\\/schema.org\",\"@graph\":[{\"@type\":\"WebPage\",\"@id\":\"https:\\\/\\\/www.bakeryturnkey.com\\\/product\\\/hard-biscuit-line\\\/\",\"url\":\"https:\\\/\\\/www.bakeryturnkey.com\\\/product\\\/hard-biscuit-line\\\/\",\"name\":\"Hard Biscuit Production Line - Complete Solution\",\"isPartOf\":{\"@id\":\"https:\\\/\\\/www.bakeryturnkey.com\\\/#website\"},\"primaryImageOfPage\":{\"@id\":\"https:\\\/\\\/www.bakeryturnkey.com\\\/product\\\/hard-biscuit-line\\\/#primaryimage\"},\"image\":{\"@id\":\"https:\\\/\\\/www.bakeryturnkey.com\\\/product\\\/hard-biscuit-line\\\/#primaryimage\"},\"thumbnailUrl\":\"https:\\\/\\\/www.bakeryturnkey.com\\\/wp-content\\\/uploads\\\/2023\\\/08\\\/55.jpg\",\"datePublished\":\"2023-08-02T11:18:21+00:00\",\"dateModified\":\"2026-04-16T08:17:53+00:00\",\"description\":\"The hard biscuit production line is designed to produce hard biscuits on a large scale and improve the production capacity of biscuit manufacturers.\",\"breadcrumb\":{\"@id\":\"https:\\\/\\\/www.bakeryturnkey.com\\\/product\\\/hard-biscuit-line\\\/#breadcrumb\"},\"inLanguage\":\"pt-PT\",\"potentialAction\":[{\"@type\":\"ReadAction\",\"target\":[\"https:\\\/\\\/www.bakeryturnkey.com\\\/product\\\/hard-biscuit-line\\\/\"]}]},{\"@type\":\"ImageObject\",\"inLanguage\":\"pt-PT\",\"@id\":\"https:\\\/\\\/www.bakeryturnkey.com\\\/product\\\/hard-biscuit-line\\\/#primaryimage\",\"url\":\"https:\\\/\\\/www.bakeryturnkey.com\\\/wp-content\\\/uploads\\\/2023\\\/08\\\/55.jpg\",\"contentUrl\":\"https:\\\/\\\/www.bakeryturnkey.com\\\/wp-content\\\/uploads\\\/2023\\\/08\\\/55.jpg\",\"width\":800,\"height\":800,\"caption\":\"Industrial Biscuit Production Line Price\"},{\"@type\":\"BreadcrumbList\",\"@id\":\"https:\\\/\\\/www.bakeryturnkey.com\\\/product\\\/hard-biscuit-line\\\/#breadcrumb\",\"itemListElement\":[{\"@type\":\"ListItem\",\"position\":1,\"name\":\"Home\",\"item\":\"https:\\\/\\\/www.bakeryturnkey.com\\\/\"},{\"@type\":\"ListItem\",\"position\":2,\"name\":\"Products\",\"item\":\"https:\\\/\\\/www.bakeryturnkey.com\\\/products\\\/\"},{\"@type\":\"ListItem\",\"position\":3,\"name\":\"Hard Biscuit Production Line &#8211; Complete Solution\"}]},{\"@type\":\"WebSite\",\"@id\":\"https:\\\/\\\/www.bakeryturnkey.com\\\/#website\",\"url\":\"https:\\\/\\\/www.bakeryturnkey.com\\\/\",\"name\":\"Bakery Food Processing Equipment Manufacturer\",\"description\":\"Bakery Food Solutions Provider\",\"publisher\":{\"@id\":\"https:\\\/\\\/www.bakeryturnkey.com\\\/#organization\"},\"potentialAction\":[{\"@type\":\"SearchAction\",\"target\":{\"@type\":\"EntryPoint\",\"urlTemplate\":\"https:\\\/\\\/www.bakeryturnkey.com\\\/?s={search_term_string}\"},\"query-input\":{\"@type\":\"PropertyValueSpecification\",\"valueRequired\":true,\"valueName\":\"search_term_string\"}}],\"inLanguage\":\"pt-PT\"},{\"@type\":\"Organization\",\"@id\":\"https:\\\/\\\/www.bakeryturnkey.com\\\/#organization\",\"name\":\"Bakery Food Processing Equipment Manufacturer\",\"url\":\"https:\\\/\\\/www.bakeryturnkey.com\\\/\",\"logo\":{\"@type\":\"ImageObject\",\"inLanguage\":\"pt-PT\",\"@id\":\"https:\\\/\\\/www.bakeryturnkey.com\\\/#\\\/schema\\\/logo\\\/image\\\/\",\"url\":\"https:\\\/\\\/www.bakeryturnkey.com\\\/wp-content\\\/uploads\\\/2022\\\/03\\\/cropped-13-1.png\",\"contentUrl\":\"https:\\\/\\\/www.bakeryturnkey.com\\\/wp-content\\\/uploads\\\/2022\\\/03\\\/cropped-13-1.png\",\"width\":512,\"height\":429,\"caption\":\"Bakery Food Processing Equipment Manufacturer\"},\"image\":{\"@id\":\"https:\\\/\\\/www.bakeryturnkey.com\\\/#\\\/schema\\\/logo\\\/image\\\/\"}},false]}<\/script>\n<!-- \/ Yoast SEO plugin. -->","yoast_head_json":{"title":"Hard Biscuit Production Line - Complete Solution","description":"The hard biscuit production line is designed to produce hard biscuits on a large scale and improve the production capacity of biscuit manufacturers.","robots":{"index":"index","follow":"follow","max-snippet":"max-snippet:-1","max-image-preview":"max-image-preview:large","max-video-preview":"max-video-preview:-1"},"canonical":"https:\/\/www.bakeryturnkey.com\/pt\/produto\/hard-biscuit-line\/","og_locale":"pt_PT","og_type":"article","og_title":"Hard Biscuit Production Line - Complete Solution","og_description":"The hard biscuit production line is designed to produce hard biscuits on a large scale and improve the production capacity of biscuit manufacturers.","og_url":"https:\/\/www.bakeryturnkey.com\/pt\/produto\/hard-biscuit-line\/","og_site_name":"Bakery Food Processing Equipment Manufacturer","article_modified_time":"2026-04-16T08:17:53+00:00","og_image":[{"width":800,"height":800,"url":"https:\/\/www.bakeryturnkey.com\/wp-content\/uploads\/2023\/08\/55.jpg","type":"image\/jpeg"}],"twitter_card":"summary_large_image","twitter_misc":{"Tempo estimado de leitura":"4 minutos"},"schema":{"@context":"https:\/\/schema.org","@graph":[{"@type":"WebPage","@id":"https:\/\/www.bakeryturnkey.com\/product\/hard-biscuit-line\/","url":"https:\/\/www.bakeryturnkey.com\/product\/hard-biscuit-line\/","name":"Hard Biscuit Production Line - Complete Solution","isPartOf":{"@id":"https:\/\/www.bakeryturnkey.com\/#website"},"primaryImageOfPage":{"@id":"https:\/\/www.bakeryturnkey.com\/product\/hard-biscuit-line\/#primaryimage"},"image":{"@id":"https:\/\/www.bakeryturnkey.com\/product\/hard-biscuit-line\/#primaryimage"},"thumbnailUrl":"https:\/\/www.bakeryturnkey.com\/wp-content\/uploads\/2023\/08\/55.jpg","datePublished":"2023-08-02T11:18:21+00:00","dateModified":"2026-04-16T08:17:53+00:00","description":"The hard biscuit production line is designed to produce hard biscuits on a large scale and improve the production capacity of biscuit manufacturers.","breadcrumb":{"@id":"https:\/\/www.bakeryturnkey.com\/product\/hard-biscuit-line\/#breadcrumb"},"inLanguage":"pt-PT","potentialAction":[{"@type":"ReadAction","target":["https:\/\/www.bakeryturnkey.com\/product\/hard-biscuit-line\/"]}]},{"@type":"ImageObject","inLanguage":"pt-PT","@id":"https:\/\/www.bakeryturnkey.com\/product\/hard-biscuit-line\/#primaryimage","url":"https:\/\/www.bakeryturnkey.com\/wp-content\/uploads\/2023\/08\/55.jpg","contentUrl":"https:\/\/www.bakeryturnkey.com\/wp-content\/uploads\/2023\/08\/55.jpg","width":800,"height":800,"caption":"Industrial Biscuit Production Line Price"},{"@type":"BreadcrumbList","@id":"https:\/\/www.bakeryturnkey.com\/product\/hard-biscuit-line\/#breadcrumb","itemListElement":[{"@type":"ListItem","position":1,"name":"Home","item":"https:\/\/www.bakeryturnkey.com\/"},{"@type":"ListItem","position":2,"name":"Products","item":"https:\/\/www.bakeryturnkey.com\/products\/"},{"@type":"ListItem","position":3,"name":"Hard Biscuit Production Line &#8211; Complete Solution"}]},{"@type":"WebSite","@id":"https:\/\/www.bakeryturnkey.com\/#website","url":"https:\/\/www.bakeryturnkey.com\/","name":"Bakery Food Processing Equipment Manufacturer","description":"Bakery Food Solutions Provider","publisher":{"@id":"https:\/\/www.bakeryturnkey.com\/#organization"},"potentialAction":[{"@type":"SearchAction","target":{"@type":"EntryPoint","urlTemplate":"https:\/\/www.bakeryturnkey.com\/?s={search_term_string}"},"query-input":{"@type":"PropertyValueSpecification","valueRequired":true,"valueName":"search_term_string"}}],"inLanguage":"pt-PT"},{"@type":"Organization","@id":"https:\/\/www.bakeryturnkey.com\/#organization","name":"Bakery Food Processing Equipment Manufacturer","url":"https:\/\/www.bakeryturnkey.com\/","logo":{"@type":"ImageObject","inLanguage":"pt-PT","@id":"https:\/\/www.bakeryturnkey.com\/#\/schema\/logo\/image\/","url":"https:\/\/www.bakeryturnkey.com\/wp-content\/uploads\/2022\/03\/cropped-13-1.png","contentUrl":"https:\/\/www.bakeryturnkey.com\/wp-content\/uploads\/2022\/03\/cropped-13-1.png","width":512,"height":429,"caption":"Bakery Food Processing Equipment Manufacturer"},"image":{"@id":"https:\/\/www.bakeryturnkey.com\/#\/schema\/logo\/image\/"}},false]}},"yasr_visitor_votes":{"stars_attributes":{"read_only":false,"span_bottom":false},"number_of_votes":1,"sum_votes":5},"_links":{"self":[{"href":"https:\/\/www.bakeryturnkey.com\/pt\/wp-json\/wp\/v2\/product\/3974","targetHints":{"allow":["GET"]}}],"collection":[{"href":"https:\/\/www.bakeryturnkey.com\/pt\/wp-json\/wp\/v2\/product"}],"about":[{"href":"https:\/\/www.bakeryturnkey.com\/pt\/wp-json\/wp\/v2\/types\/product"}],"replies":[{"embeddable":true,"href":"https:\/\/www.bakeryturnkey.com\/pt\/wp-json\/wp\/v2\/comments?post=3974"}],"wp:featuredmedia":[{"embeddable":true,"href":"https:\/\/www.bakeryturnkey.com\/pt\/wp-json\/wp\/v2\/media\/3978"}],"wp:attachment":[{"href":"https:\/\/www.bakeryturnkey.com\/pt\/wp-json\/wp\/v2\/media?parent=3974"}],"wp:term":[{"taxonomy":"product_cat","embeddable":true,"href":"https:\/\/www.bakeryturnkey.com\/pt\/wp-json\/wp\/v2\/product_cat?post=3974"},{"taxonomy":"product_tag","embeddable":true,"href":"https:\/\/www.bakeryturnkey.com\/pt\/wp-json\/wp\/v2\/product_tag?post=3974"}],"curies":[{"name":"wp","href":"https:\/\/api.w.org\/{rel}","templated":true}]}}