{"id":3908,"date":"2023-02-09T16:14:22","date_gmt":"2023-02-09T08:14:22","guid":{"rendered":"https:\/\/www.bakeryturnkey.com\/?post_type=product&#038;p=3908"},"modified":"2023-04-07T14:36:11","modified_gmt":"2023-04-07T06:36:11","slug":"oil-spraying-machine","status":"publish","type":"product","link":"https:\/\/www.bakeryturnkey.com\/pt\/produto\/oil-spraying-machine\/","title":{"rendered":"M\u00e1quina de pulveriza\u00e7\u00e3o de \u00f3leo de qualidade alimentar para a ind\u00fastria de panifica\u00e7\u00e3o"},"content":{"rendered":"<p>A m\u00e1quina autom\u00e1tica de pulveriza\u00e7\u00e3o de \u00f3leo \u00e9 um dos principais equipamentos auxiliares para a produ\u00e7\u00e3o de bolos, e \u00e9 utilizada principalmente para pulverizar uma quantidade adequada de \u00f3leo no tabuleiro de cozedura ou molde de forma\u00e7\u00e3o.<\/p>\n<p>Todo o equipamento \u00e9 feito de material de qualidade alimentar, que \u00e9 limpo e higi\u00e9nico. O volume de inje\u00e7\u00e3o de combust\u00edvel pode ser ajustado de acordo com as necessidades dos clientes.<\/p>\n<p><img loading=\"lazy\" decoding=\"async\" class=\"alignnone size-full wp-image-3910\" src=\"https:\/\/www.bakeryturnkey.com\/wp-content\/uploads\/2023\/02\/2-2.jpg\" alt=\"M\u00e1quina de pulveriza\u00e7\u00e3o de \u00f3leo para padaria\" width=\"750\" height=\"400\" srcset=\"https:\/\/www.bakeryturnkey.com\/wp-content\/uploads\/2023\/02\/2-2.jpg 750w, https:\/\/www.bakeryturnkey.com\/wp-content\/uploads\/2023\/02\/2-2-600x320.jpg 600w, https:\/\/www.bakeryturnkey.com\/wp-content\/uploads\/2023\/02\/2-2-300x160.jpg 300w\" sizes=\"auto, (max-width: 750px) 100vw, 750px\" \/><\/p>\n<h2><strong>Carater\u00edsticas da m\u00e1quina de secagem de \u00f3leo<\/strong><\/h2>\n<ol>\n<li>O \u00f3leo desmoldante \u00e9 dividido em pequenas gotas de \u00f3leo pelo bocal e distribu\u00eddo uniformemente no molde. Uma vez que n\u00e3o h\u00e1 n\u00e9voa de \u00f3leo, a quantidade de \u00f3leo de liberta\u00e7\u00e3o pode ser grandemente poupada, e n\u00e3o causar\u00e1 polui\u00e7\u00e3o ambiental.<\/li>\n<li>A quantidade de \u00f3leo \u00e9 ajust\u00e1vel, o \u00e2ngulo de inje\u00e7\u00e3o \u00e9 ajust\u00e1vel, a altura do bico \u00e9 ajust\u00e1vel, o n\u00famero de injec\u00e7\u00f5es \u00e9 ajust\u00e1vel e a dist\u00e2ncia entre os bicos de inje\u00e7\u00e3o \u00e9 ajust\u00e1vel, o que \u00e9 adequado para os requisitos do processo de produ\u00e7\u00e3o de v\u00e1rias variedades e especifica\u00e7\u00f5es.<\/li>\n<li>A m\u00e1quina de pulveriza\u00e7\u00e3o de \u00f3leo tem a fun\u00e7\u00e3o de aquecimento e preserva\u00e7\u00e3o do calor, e o n\u00edvel de \u00f3leo do tanque de \u00f3leo do \u00f3leo de desmoldagem \u00e9 controlado automaticamente.<\/li>\n<\/ol>\n<p>&nbsp;<\/p>\n<h3><strong>Par\u00e2metros t\u00e9cnicos<\/strong><\/h3>\n<table width=\"468\">\n<tbody>\n<tr>\n<td width=\"102\">Modelo<\/td>\n<td width=\"129\">GGP3040<\/td>\n<td width=\"116\">GGP3072<\/td>\n<td width=\"121\">GGP3100<\/td>\n<\/tr>\n<tr>\n<td width=\"102\">Tens\u00e3o<\/td>\n<td width=\"129\">380V\/220V 50Hz<\/td>\n<td width=\"116\">380V\/220V 50Hz<\/td>\n<td width=\"121\">380V\/220V 50Hz<\/td>\n<\/tr>\n<tr>\n<td width=\"102\">Pot\u00eancia<\/td>\n<td width=\"129\">1,5Kw<\/td>\n<td width=\"116\">1,5Kw<\/td>\n<td width=\"121\">1.5KW<\/td>\n<\/tr>\n<tr>\n<td width=\"102\">Consumo de ar<\/td>\n<td width=\"129\">0,011m\u00b3\/H<\/td>\n<td width=\"116\">0,015m\u00b3\/H<\/td>\n<td width=\"121\">0,018m\u00b3\/H<\/td>\n<\/tr>\n<tr>\n<td width=\"102\">Tamanho<\/td>\n<td width=\"129\">1560*1160*1750<\/td>\n<td width=\"116\">1560*1380*1750<\/td>\n<td width=\"121\">1560*1500*1750<\/td>\n<\/tr>\n<tr>\n<td width=\"102\">Peso<\/td>\n<td width=\"129\">125Kg<\/td>\n<td width=\"116\">132Kg<\/td>\n<td width=\"121\">155Kg<\/td>\n<\/tr>\n<\/tbody>\n<\/table>\n<p>&nbsp;<\/p>\n<h3><strong>Deixar mensagem para um or\u00e7amento<\/strong><\/h3>\n<div id=\"wpcf7-f2977-p3118-o1\" class=\"wpcf7\" dir=\"ltr\" lang=\"en-US\" role=\"form\">\n<div class=\"wpcf7 no-js\" id=\"wpcf7-f2977-o1\" lang=\"en-US\" dir=\"ltr\">\n<div class=\"screen-reader-response\"><p role=\"status\" aria-live=\"polite\" aria-atomic=\"true\"><\/p> <ul><\/ul><\/div>\n<form action=\"\/pt\/wp-json\/wp\/v2\/product\/3908#wpcf7-f2977-o1\" method=\"post\" class=\"wpcf7-form init\" aria-label=\"Formul\u00e1rio de contacto\" novalidate=\"novalidate\" data-status=\"init\" data-trp-original-action=\"\/pt\/wp-json\/wp\/v2\/product\/3908#wpcf7-f2977-o1\">\n<div style=\"display: none;\">\n<input type=\"hidden\" name=\"_wpcf7\" value=\"2977\" \/>\n<input type=\"hidden\" name=\"_wpcf7_version\" value=\"5.7.7\" \/>\n<input type=\"hidden\" name=\"_wpcf7_locale\" value=\"en_US\" \/>\n<input type=\"hidden\" name=\"_wpcf7_unit_tag\" value=\"wpcf7-f2977-o1\" \/>\n<input type=\"hidden\" name=\"_wpcf7_container_post\" value=\"0\" \/>\n<input type=\"hidden\" name=\"_wpcf7_posted_data_hash\" value=\"\" \/>\n<\/div>\n<p><label> O seu nome*<br \/>\n<span class=\"wpcf7-form-control-wrap\" data-name=\"your-name\"><input size=\"40\" class=\"wpcf7-form-control wpcf7-text wpcf7-validates-as-required\" aria-required=\"true\" aria-invalid=\"false\" value=\"\" type=\"text\" name=\"your-name\" \/><\/span> <\/label>\n<\/p>\n<p><label> O seu pa\u00eds<br \/>\n<span class=\"wpcf7-form-control-wrap\" data-name=\"your-country\"><input size=\"40\" class=\"wpcf7-form-control wpcf7-text\" aria-invalid=\"false\" value=\"\" type=\"text\" name=\"your-country\" \/><\/span><\/label>\n<\/p>\n<p><label> O seu e-mail*<br \/>\n<span class=\"wpcf7-form-control-wrap\" data-name=\"your-email\"><input size=\"40\" class=\"wpcf7-form-control wpcf7-text wpcf7-email wpcf7-validates-as-required wpcf7-validates-as-email\" aria-required=\"true\" aria-invalid=\"false\" value=\"\" type=\"email\" name=\"your-email\" \/><\/span> <\/label>\n<\/p>\n<p><label> O seu telem\u00f3vel<br \/>\n<span class=\"wpcf7-form-control-wrap\" data-name=\"your-phone\"><input size=\"40\" class=\"wpcf7-form-control wpcf7-text\" aria-invalid=\"false\" value=\"\" type=\"text\" name=\"your-phone\" \/><\/span> <\/label>\n<\/p>\n<p><label> Nome da empresa<br \/>\n<span class=\"wpcf7-form-control-wrap\" data-name=\"text-529\"><input size=\"40\" class=\"wpcf7-form-control wpcf7-text\" aria-invalid=\"false\" value=\"\" type=\"text\" name=\"text-529\" \/><\/span> <\/label>\n<\/p>\n<p><label> S\u00edtio Web da empresa<br \/>\n<span class=\"wpcf7-form-control-wrap\" data-name=\"text-106\"><input size=\"40\" class=\"wpcf7-form-control wpcf7-text\" aria-invalid=\"false\" value=\"\" type=\"text\" name=\"text-106\" \/><\/span> <\/label>\n<\/p>\n<p><label> A sua mensagem*<br \/>\n<span class=\"wpcf7-form-control-wrap\" data-name=\"your-message\"><textarea cols=\"40\" rows=\"10\" class=\"wpcf7-form-control wpcf7-textarea wpcf7-validates-as-required\" aria-required=\"true\" aria-invalid=\"false\" name=\"your-message\"><\/textarea><\/span> <\/label>\n<\/p>\n<p><input class=\"wpcf7-form-control has-spinner wpcf7-submit\" type=\"submit\" value=\"Enviar\" \/>\n<\/p><p style=\"display: none !important;\" class=\"akismet-fields-container\" data-prefix=\"_wpcf7_ak_\"><label>&#916;<textarea name=\"_wpcf7_ak_hp_textarea\" cols=\"45\" rows=\"8\" maxlength=\"100\"><\/textarea><\/label><input type=\"hidden\" id=\"ak_js_1\" name=\"_wpcf7_ak_js\" value=\"183\"\/><script>document.getElementById( \"ak_js_1\" ).setAttribute( \"value\", ( new Date() ).getTime() );<\/script><\/p><div class=\"wpcf7-response-output\" aria-hidden=\"true\"><\/div>\n<input type=\"hidden\" name=\"trp-form-language\" value=\"pt\"\/><\/form>\n<\/div>\n<\/div>\n<div style='text-align:left' class='yasr-auto-insert-visitor'><\/div>","protected":false},"excerpt":{"rendered":"<p>A m\u00e1quina autom\u00e1tica de pulveriza\u00e7\u00e3o de \u00f3leo \u00e9 um dos principais equipamentos auxiliares para a produ\u00e7\u00e3o de bolos, e \u00e9 usada principalmente para pulverizar uma quantidade adequada de \u00f3leo no tabuleiro de cozedura ou molde de forma\u00e7\u00e3o. Todo o equipamento \u00e9 feito de material de qualidade alimentar, que \u00e9 limpo e higi\u00e9nico. O volume de inje\u00e7\u00e3o de combust\u00edvel pode ser ajustado ...<\/p>\n<p class=\"read-more\"> <a class=\"\" href=\"https:\/\/www.bakeryturnkey.com\/pt\/produto\/oil-spraying-machine\/\"> <span class=\"screen-reader-text\">M\u00e1quina de pulveriza\u00e7\u00e3o de \u00f3leo de qualidade alimentar para a ind\u00fastria de panifica\u00e7\u00e3o<\/span> Ler mais \"<\/a><\/p>","protected":false},"featured_media":3909,"comment_status":"open","ping_status":"closed","template":"","meta":{"site-sidebar-layout":"default","site-content-layout":"default","ast-main-header-display":"","ast-hfb-above-header-display":"","ast-hfb-below-header-display":"","ast-hfb-mobile-header-display":"","site-post-title":"","ast-breadcrumbs-content":"","ast-featured-img":"","footer-sml-layout":"","theme-transparent-header-meta":"default","adv-header-id-meta":"","stick-header-meta":"","header-above-stick-meta":"","header-main-stick-meta":"","header-below-stick-meta":"","yasr_overall_rating":0,"yasr_post_is_review":"","yasr_auto_insert_disabled":"","yasr_review_type":""},"product_cat":[26],"product_tag":[],"class_list":["post-3908","product","type-product","status-publish","has-post-thumbnail","hentry","product_cat-cake-machinery"],"yoast_head":"<!-- This site is optimized with the Yoast SEO plugin v27.5 - https:\/\/yoast.com\/product\/yoast-seo-wordpress\/ -->\n<title>Food Grade Oil Spraying Machine for Bakery Industry<\/title>\n<meta name=\"description\" content=\"According to the needs of food processing technology, the oil spraying machine sprays release oil quantitatively on the baking pan and mold.\" \/>\n<meta name=\"robots\" content=\"index, follow, max-snippet:-1, max-image-preview:large, max-video-preview:-1\" \/>\n<link rel=\"canonical\" href=\"https:\/\/www.bakeryturnkey.com\/pt\/produto\/oil-spraying-machine\/\" \/>\n<meta property=\"og:locale\" content=\"pt_PT\" \/>\n<meta property=\"og:type\" content=\"article\" \/>\n<meta property=\"og:title\" content=\"Food Grade Oil Spraying Machine for Bakery Industry\" \/>\n<meta property=\"og:description\" content=\"According to the needs of food processing technology, the oil spraying machine sprays release oil quantitatively on the baking pan and mold.\" \/>\n<meta property=\"og:url\" content=\"https:\/\/www.bakeryturnkey.com\/pt\/produto\/oil-spraying-machine\/\" \/>\n<meta property=\"og:site_name\" content=\"Bakery Food Processing Equipment Manufacturer\" \/>\n<meta property=\"article:modified_time\" content=\"2023-04-07T06:36:11+00:00\" \/>\n<meta property=\"og:image\" content=\"https:\/\/www.bakeryturnkey.com\/wp-content\/uploads\/2023\/02\/1-1.jpg\" \/>\n\t<meta property=\"og:image:width\" content=\"800\" \/>\n\t<meta property=\"og:image:height\" content=\"800\" \/>\n\t<meta property=\"og:image:type\" content=\"image\/jpeg\" \/>\n<meta name=\"twitter:card\" content=\"summary_large_image\" \/>\n<meta name=\"twitter:label1\" content=\"Tempo estimado de leitura\" \/>\n\t<meta name=\"twitter:data1\" content=\"2 minutos\" \/>\n<script type=\"application\/ld+json\" class=\"yoast-schema-graph\">{\"@context\":\"https:\\\/\\\/schema.org\",\"@graph\":[{\"@type\":\"WebPage\",\"@id\":\"https:\\\/\\\/www.bakeryturnkey.com\\\/product\\\/oil-spraying-machine\\\/\",\"url\":\"https:\\\/\\\/www.bakeryturnkey.com\\\/product\\\/oil-spraying-machine\\\/\",\"name\":\"Food Grade Oil Spraying Machine for Bakery Industry\",\"isPartOf\":{\"@id\":\"https:\\\/\\\/www.bakeryturnkey.com\\\/#website\"},\"primaryImageOfPage\":{\"@id\":\"https:\\\/\\\/www.bakeryturnkey.com\\\/product\\\/oil-spraying-machine\\\/#primaryimage\"},\"image\":{\"@id\":\"https:\\\/\\\/www.bakeryturnkey.com\\\/product\\\/oil-spraying-machine\\\/#primaryimage\"},\"thumbnailUrl\":\"https:\\\/\\\/www.bakeryturnkey.com\\\/wp-content\\\/uploads\\\/2023\\\/02\\\/1-1.jpg\",\"datePublished\":\"2023-02-09T08:14:22+00:00\",\"dateModified\":\"2023-04-07T06:36:11+00:00\",\"description\":\"According to the needs of food processing technology, the oil spraying machine sprays release oil quantitatively on the baking pan and mold.\",\"breadcrumb\":{\"@id\":\"https:\\\/\\\/www.bakeryturnkey.com\\\/product\\\/oil-spraying-machine\\\/#breadcrumb\"},\"inLanguage\":\"pt-PT\",\"potentialAction\":[{\"@type\":\"ReadAction\",\"target\":[\"https:\\\/\\\/www.bakeryturnkey.com\\\/product\\\/oil-spraying-machine\\\/\"]}]},{\"@type\":\"ImageObject\",\"inLanguage\":\"pt-PT\",\"@id\":\"https:\\\/\\\/www.bakeryturnkey.com\\\/product\\\/oil-spraying-machine\\\/#primaryimage\",\"url\":\"https:\\\/\\\/www.bakeryturnkey.com\\\/wp-content\\\/uploads\\\/2023\\\/02\\\/1-1.jpg\",\"contentUrl\":\"https:\\\/\\\/www.bakeryturnkey.com\\\/wp-content\\\/uploads\\\/2023\\\/02\\\/1-1.jpg\",\"width\":800,\"height\":800,\"caption\":\"Automatic Oil Spraying Machine\"},{\"@type\":\"BreadcrumbList\",\"@id\":\"https:\\\/\\\/www.bakeryturnkey.com\\\/product\\\/oil-spraying-machine\\\/#breadcrumb\",\"itemListElement\":[{\"@type\":\"ListItem\",\"position\":1,\"name\":\"Home\",\"item\":\"https:\\\/\\\/www.bakeryturnkey.com\\\/\"},{\"@type\":\"ListItem\",\"position\":2,\"name\":\"Products\",\"item\":\"https:\\\/\\\/www.bakeryturnkey.com\\\/products\\\/\"},{\"@type\":\"ListItem\",\"position\":3,\"name\":\"Food Grade Oil Spraying Machine for Bakery Industry\"}]},{\"@type\":\"WebSite\",\"@id\":\"https:\\\/\\\/www.bakeryturnkey.com\\\/#website\",\"url\":\"https:\\\/\\\/www.bakeryturnkey.com\\\/\",\"name\":\"Bakery Food Processing Equipment Manufacturer\",\"description\":\"Bakery Food Solutions Provider\",\"publisher\":{\"@id\":\"https:\\\/\\\/www.bakeryturnkey.com\\\/#organization\"},\"potentialAction\":[{\"@type\":\"SearchAction\",\"target\":{\"@type\":\"EntryPoint\",\"urlTemplate\":\"https:\\\/\\\/www.bakeryturnkey.com\\\/?s={search_term_string}\"},\"query-input\":{\"@type\":\"PropertyValueSpecification\",\"valueRequired\":true,\"valueName\":\"search_term_string\"}}],\"inLanguage\":\"pt-PT\"},{\"@type\":\"Organization\",\"@id\":\"https:\\\/\\\/www.bakeryturnkey.com\\\/#organization\",\"name\":\"Bakery Food Processing Equipment Manufacturer\",\"url\":\"https:\\\/\\\/www.bakeryturnkey.com\\\/\",\"logo\":{\"@type\":\"ImageObject\",\"inLanguage\":\"pt-PT\",\"@id\":\"https:\\\/\\\/www.bakeryturnkey.com\\\/#\\\/schema\\\/logo\\\/image\\\/\",\"url\":\"https:\\\/\\\/www.bakeryturnkey.com\\\/wp-content\\\/uploads\\\/2022\\\/03\\\/cropped-13-1.png\",\"contentUrl\":\"https:\\\/\\\/www.bakeryturnkey.com\\\/wp-content\\\/uploads\\\/2022\\\/03\\\/cropped-13-1.png\",\"width\":512,\"height\":429,\"caption\":\"Bakery Food Processing Equipment Manufacturer\"},\"image\":{\"@id\":\"https:\\\/\\\/www.bakeryturnkey.com\\\/#\\\/schema\\\/logo\\\/image\\\/\"}},false]}<\/script>\n<!-- \/ Yoast SEO plugin. -->","yoast_head_json":{"title":"Food Grade Oil Spraying Machine for Bakery Industry","description":"According to the needs of food processing technology, the oil spraying machine sprays release oil quantitatively on the baking pan and mold.","robots":{"index":"index","follow":"follow","max-snippet":"max-snippet:-1","max-image-preview":"max-image-preview:large","max-video-preview":"max-video-preview:-1"},"canonical":"https:\/\/www.bakeryturnkey.com\/pt\/produto\/oil-spraying-machine\/","og_locale":"pt_PT","og_type":"article","og_title":"Food Grade Oil Spraying Machine for Bakery Industry","og_description":"According to the needs of food processing technology, the oil spraying machine sprays release oil quantitatively on the baking pan and mold.","og_url":"https:\/\/www.bakeryturnkey.com\/pt\/produto\/oil-spraying-machine\/","og_site_name":"Bakery Food Processing Equipment Manufacturer","article_modified_time":"2023-04-07T06:36:11+00:00","og_image":[{"width":800,"height":800,"url":"https:\/\/www.bakeryturnkey.com\/wp-content\/uploads\/2023\/02\/1-1.jpg","type":"image\/jpeg"}],"twitter_card":"summary_large_image","twitter_misc":{"Tempo estimado de leitura":"2 minutos"},"schema":{"@context":"https:\/\/schema.org","@graph":[{"@type":"WebPage","@id":"https:\/\/www.bakeryturnkey.com\/product\/oil-spraying-machine\/","url":"https:\/\/www.bakeryturnkey.com\/product\/oil-spraying-machine\/","name":"Food Grade Oil Spraying Machine for Bakery Industry","isPartOf":{"@id":"https:\/\/www.bakeryturnkey.com\/#website"},"primaryImageOfPage":{"@id":"https:\/\/www.bakeryturnkey.com\/product\/oil-spraying-machine\/#primaryimage"},"image":{"@id":"https:\/\/www.bakeryturnkey.com\/product\/oil-spraying-machine\/#primaryimage"},"thumbnailUrl":"https:\/\/www.bakeryturnkey.com\/wp-content\/uploads\/2023\/02\/1-1.jpg","datePublished":"2023-02-09T08:14:22+00:00","dateModified":"2023-04-07T06:36:11+00:00","description":"According to the needs of food processing technology, the oil spraying machine sprays release oil quantitatively on the baking pan and mold.","breadcrumb":{"@id":"https:\/\/www.bakeryturnkey.com\/product\/oil-spraying-machine\/#breadcrumb"},"inLanguage":"pt-PT","potentialAction":[{"@type":"ReadAction","target":["https:\/\/www.bakeryturnkey.com\/product\/oil-spraying-machine\/"]}]},{"@type":"ImageObject","inLanguage":"pt-PT","@id":"https:\/\/www.bakeryturnkey.com\/product\/oil-spraying-machine\/#primaryimage","url":"https:\/\/www.bakeryturnkey.com\/wp-content\/uploads\/2023\/02\/1-1.jpg","contentUrl":"https:\/\/www.bakeryturnkey.com\/wp-content\/uploads\/2023\/02\/1-1.jpg","width":800,"height":800,"caption":"Automatic Oil Spraying Machine"},{"@type":"BreadcrumbList","@id":"https:\/\/www.bakeryturnkey.com\/product\/oil-spraying-machine\/#breadcrumb","itemListElement":[{"@type":"ListItem","position":1,"name":"Home","item":"https:\/\/www.bakeryturnkey.com\/"},{"@type":"ListItem","position":2,"name":"Products","item":"https:\/\/www.bakeryturnkey.com\/products\/"},{"@type":"ListItem","position":3,"name":"Food Grade Oil Spraying Machine for Bakery Industry"}]},{"@type":"WebSite","@id":"https:\/\/www.bakeryturnkey.com\/#website","url":"https:\/\/www.bakeryturnkey.com\/","name":"Bakery Food Processing Equipment Manufacturer","description":"Bakery Food Solutions Provider","publisher":{"@id":"https:\/\/www.bakeryturnkey.com\/#organization"},"potentialAction":[{"@type":"SearchAction","target":{"@type":"EntryPoint","urlTemplate":"https:\/\/www.bakeryturnkey.com\/?s={search_term_string}"},"query-input":{"@type":"PropertyValueSpecification","valueRequired":true,"valueName":"search_term_string"}}],"inLanguage":"pt-PT"},{"@type":"Organization","@id":"https:\/\/www.bakeryturnkey.com\/#organization","name":"Bakery Food Processing Equipment Manufacturer","url":"https:\/\/www.bakeryturnkey.com\/","logo":{"@type":"ImageObject","inLanguage":"pt-PT","@id":"https:\/\/www.bakeryturnkey.com\/#\/schema\/logo\/image\/","url":"https:\/\/www.bakeryturnkey.com\/wp-content\/uploads\/2022\/03\/cropped-13-1.png","contentUrl":"https:\/\/www.bakeryturnkey.com\/wp-content\/uploads\/2022\/03\/cropped-13-1.png","width":512,"height":429,"caption":"Bakery Food Processing Equipment Manufacturer"},"image":{"@id":"https:\/\/www.bakeryturnkey.com\/#\/schema\/logo\/image\/"}},false]}},"yasr_visitor_votes":{"stars_attributes":{"read_only":false,"span_bottom":false},"number_of_votes":0,"sum_votes":0},"_links":{"self":[{"href":"https:\/\/www.bakeryturnkey.com\/pt\/wp-json\/wp\/v2\/product\/3908","targetHints":{"allow":["GET"]}}],"collection":[{"href":"https:\/\/www.bakeryturnkey.com\/pt\/wp-json\/wp\/v2\/product"}],"about":[{"href":"https:\/\/www.bakeryturnkey.com\/pt\/wp-json\/wp\/v2\/types\/product"}],"replies":[{"embeddable":true,"href":"https:\/\/www.bakeryturnkey.com\/pt\/wp-json\/wp\/v2\/comments?post=3908"}],"wp:featuredmedia":[{"embeddable":true,"href":"https:\/\/www.bakeryturnkey.com\/pt\/wp-json\/wp\/v2\/media\/3909"}],"wp:attachment":[{"href":"https:\/\/www.bakeryturnkey.com\/pt\/wp-json\/wp\/v2\/media?parent=3908"}],"wp:term":[{"taxonomy":"product_cat","embeddable":true,"href":"https:\/\/www.bakeryturnkey.com\/pt\/wp-json\/wp\/v2\/product_cat?post=3908"},{"taxonomy":"product_tag","embeddable":true,"href":"https:\/\/www.bakeryturnkey.com\/pt\/wp-json\/wp\/v2\/product_tag?post=3908"}],"curies":[{"name":"wp","href":"https:\/\/api.w.org\/{rel}","templated":true}]}}