{"id":3821,"date":"2023-02-01T15:38:33","date_gmt":"2023-02-01T07:38:33","guid":{"rendered":"https:\/\/www.bakeryturnkey.com\/?post_type=product&#038;p=3821"},"modified":"2025-10-17T15:22:37","modified_gmt":"2025-10-17T07:22:37","slug":"sponge-cake-production-line","status":"publish","type":"product","link":"https:\/\/www.bakeryturnkey.com\/pt\/produto\/sponge-cake-production-line\/","title":{"rendered":"Linha completa de produ\u00e7\u00e3o de p\u00e3o de l\u00f3 100-1000KG\/H"},"content":{"rendered":"<p>A nossa empresa produz uma linha completa de produ\u00e7\u00e3o de p\u00e3o de l\u00f3 com uma vasta gama de produ\u00e7\u00e3o, 100-1000 kg por hora. Para al\u00e9m disso, a empresa tamb\u00e9m fornece equipamento para a produ\u00e7\u00e3o de outros tipos de bolos.<\/p>\n<p>Por exemplo, a produ\u00e7\u00e3o de tartes de gema de ovo, bolos de chiffon, embri\u00f5es de bolos de anivers\u00e1rio, cupcakes e outros bolos de diferentes especifica\u00e7\u00f5es. Os bolos de diferentes pesos e tamanhos podem ser feitos de acordo com as necessidades do cliente.<\/p>\n<p><img loading=\"lazy\" decoding=\"async\" class=\"alignnone size-full wp-image-3824\" src=\"https:\/\/www.bakeryturnkey.com\/wp-content\/uploads\/2023\/02\/13.jpg\" alt=\"M\u00e1quina autom\u00e1tica para bolos de esponja\" width=\"700\" height=\"480\" srcset=\"https:\/\/www.bakeryturnkey.com\/wp-content\/uploads\/2023\/02\/13.jpg 700w, https:\/\/www.bakeryturnkey.com\/wp-content\/uploads\/2023\/02\/13-600x411.jpg 600w, https:\/\/www.bakeryturnkey.com\/wp-content\/uploads\/2023\/02\/13-300x206.jpg 300w\" sizes=\"auto, (max-width: 700px) 100vw, 700px\" \/><\/p>\n<h2><strong>Fluxo do processo da linha de p\u00e3o de l\u00f3<\/strong><\/h2>\n<p>O processo principal \u00e9: mistura de mat\u00e9ria-prima \u2192 alimenta\u00e7\u00e3o autom\u00e1tica \u2192 pulveriza\u00e7\u00e3o e lubrifica\u00e7\u00e3o de moldes (ou colocar bandeja de papel) \u2192 inje\u00e7\u00e3o de massa e forma\u00e7\u00e3o de bolo \u2192 cozimento de p\u00e3o de l\u00f3 \u2192 resfriamento de bolo \u2192 (inje\u00e7\u00e3o) \u2192 moldagem \u2192 esteriliza\u00e7\u00e3o \u2192 reviramento \u2192 enrolamento \u2192 embalagem de bolo.<\/p>\n<h2><strong>Descri\u00e7\u00e3o das principais m\u00e1quinas da linha de produ\u00e7\u00e3o<\/strong><\/h2>\n<p><strong>1. m\u00e1quina de mistura de massa<\/strong><\/p>\n<p>Esta m\u00e1quina \u00e9 do tipo dividido e o misturador adopta uma p\u00e1 de agita\u00e7\u00e3o bidirecional em forma de arco, o que torna a velocidade de agita\u00e7\u00e3o mais r\u00e1pida e uniforme. O tipo insufl\u00e1vel adopta uma cabe\u00e7a de cabelo de alta velocidade de estilo mace alargado horizontal e dentes convexos escalonados para realizar a aera\u00e7\u00e3o da pasta de corte. Adopta uma interface de opera\u00e7\u00e3o com ecr\u00e3 t\u00e1til e controlo de programa PLC, e pode predefinir v\u00e1rios programas de agita\u00e7\u00e3o e envio, o que \u00e9 conveniente para a opera\u00e7\u00e3o de produ\u00e7\u00e3o. A densidade da pasta de bolo enviada por esta m\u00e1quina \u00e9 uniforme e est\u00e1vel. O bolo produzido tem uma apar\u00eancia bonita e um sabor suave e delicado. \u00c9 adequada para a produ\u00e7\u00e3o de bolos de esponja, bolos de chiffon e outros produtos.<\/p>\n<p><strong>2. m\u00e1quina de pulveriza\u00e7\u00e3o de \u00f3leo<\/strong><\/p>\n<p>A m\u00e1quina adopta bicos de alta atomiza\u00e7\u00e3o de estilo alem\u00e3o, o efeito de atomiza\u00e7\u00e3o \u00e9 uniforme, a quantidade de \u00f3leo libertado \u00e9 pequena, e o consumo de \u00f3leo de um \u00fanico bolo pode ser t\u00e3o baixo quanto 0,1 gramas. Evita o endurecimento do fundo do bolo causado por demasiado \u00f3leo base e melhora a qualidade do produto. O equipamento adopta o seguimento el\u00e9trico dos olhos, o controlo do programa PLC, a interface de opera\u00e7\u00e3o do ecr\u00e3 t\u00e1til e a configura\u00e7\u00e3o conveniente dos par\u00e2metros.<\/p>\n<p><strong>3. m\u00e1quina formadora de bolos de esponja<\/strong><\/p>\n<p>Esta m\u00e1quina adopta o tipo de inje\u00e7\u00e3o rolante, evitando danos no tecido da pasta aerada durante a inje\u00e7\u00e3o. Pode ser selecionada uma nova tremonha compartimentada, que divide a tremonha em compartimentos iguais, cada compartimento pode conter a mesma quantidade de material durante o corte, e o peso de um \u00fanico bolo \u00e9 est\u00e1vel durante o corte, reduzindo os erros de corte. Tamb\u00e9m pode escolher um formato de corte em linha \u00fanica sem separa\u00e7\u00e3o, que \u00e9 adequado para a produ\u00e7\u00e3o de produtos de v\u00e1rias especifica\u00e7\u00f5es.<\/p>\n<p><strong>4.Forno de t\u00faneis para bolos<\/strong><\/p>\n<p>O forno de t\u00fanel \u00e9 adequado para cozer bolos, p\u00e3o, bolos de lua, biscoitos e outros alimentos. As especifica\u00e7\u00f5es mec\u00e2nicas incluem uma variedade de modelos, e o grau e a largura do t\u00fanel podem ser personalizados, o que pode ser aplicado a diferentes produtos e requisitos de produ\u00e7\u00e3o. A correia transportadora pode escolher o tipo de placa de corrente, tipo de correia de malha, tipo de correia de a\u00e7o, e escolher diferentes correias de malha de acordo com o produto.<\/p>\n<p><img loading=\"lazy\" decoding=\"async\" class=\"alignnone size-full wp-image-3825\" src=\"https:\/\/www.bakeryturnkey.com\/wp-content\/uploads\/2023\/02\/14.jpg\" alt=\"M\u00e1quina para desmoldagem de p\u00e3o de l\u00f3\" width=\"750\" height=\"480\" srcset=\"https:\/\/www.bakeryturnkey.com\/wp-content\/uploads\/2023\/02\/14.jpg 750w, https:\/\/www.bakeryturnkey.com\/wp-content\/uploads\/2023\/02\/14-600x384.jpg 600w, https:\/\/www.bakeryturnkey.com\/wp-content\/uploads\/2023\/02\/14-300x192.jpg 300w\" sizes=\"auto, (max-width: 750px) 100vw, 750px\" \/><\/p>\n<p><strong>5. m\u00e1quina autom\u00e1tica de desmoldagem de bolos<\/strong><\/p>\n<p>A m\u00e1quina de desmoldagem de bolos \u00e9 uma m\u00e1quina de apoio \u00e0 produ\u00e7\u00e3o autom\u00e1tica de bolos. O bolo \u00e9 transportado para a posi\u00e7\u00e3o designada, e o bolo \u00e9 sugado para fora do tabuleiro pela ventosa da m\u00e1quina de desmoldagem, e movido para o tapete rolante do produto acabado, e o tabuleiro vazio \u00e9 transportado para a linha de retorno para processamento. Pronto para o ciclo seguinte. De acordo com os diferentes produtos de panifica\u00e7\u00e3o, escolha a m\u00e1quina de desmoldagem correspondente.<\/p>\n<p><strong>6. m\u00e1quina de embalagem de p\u00e3o de l\u00f3<\/strong><\/p>\n<p>Embale os bolos em sacos com o mesmo peso para garantir a higiene e a qualidade dos alimentos, evitar a contamina\u00e7\u00e3o durante o transporte e prolongar o prazo de validade. Controlo de convers\u00e3o de dupla frequ\u00eancia, o comprimento do saco pode ser fixado e cortado num s\u00f3 passo, poupando tempo e pel\u00edcula. Fun\u00e7\u00e3o de paragem de posicionamento, sem faca colada, sem desperd\u00edcio de pel\u00edcula. Todos os controlos s\u00e3o realizados por software, o que \u00e9 conveniente para o ajuste de fun\u00e7\u00f5es e atualiza\u00e7\u00e3o tecnol\u00f3gica.<\/p>\n<h2><strong>V\u00eddeo da Linha de Produ\u00e7\u00e3o Autom\u00e1tica de P\u00e3o de L\u00f3<\/strong><\/h2>\n<div class=\"ast-oembed-container\"><iframe loading=\"lazy\" title=\"Linha de produ\u00e7\u00e3o de bolos industriais - M\u00e1quinas de panifica\u00e7\u00e3o\" width=\"500\" height=\"281\" src=\"https:\/\/www.youtube.com\/embed\/YFrGQ-N7MNw?feature=oembed\" frameborder=\"0\" allow=\"accelerometer; autoplay; clipboard-write; encrypted-media; gyroscope; picture-in-picture; web-share\" referrerpolicy=\"strict-origin-when-cross-origin\" allowfullscreen><\/iframe><\/div>\n<h3><strong>Par\u00e2metros t\u00e9cnicos<\/strong><\/h3>\n<table>\n<tbody>\n<tr>\n<td colspan=\"1\" rowspan=\"1\">\n<div>\n<div data-spm-anchor-id=\"0.0.0.i10.65d24f05spMsKG\">Modelo<\/div>\n<\/div>\n<\/td>\n<td colspan=\"1\" rowspan=\"1\">\n<div>\n<div>GG-Cake<\/div>\n<\/div>\n<\/td>\n<\/tr>\n<tr>\n<td colspan=\"1\" rowspan=\"2\">\n<div>\n<div>Capacidade<\/div>\n<\/div>\n<\/td>\n<td colspan=\"1\" rowspan=\"1\">\n<div>\n<div>4807pcs\/h(peso do bolo 78g\/pc)<\/div>\n<\/div>\n<\/td>\n<\/tr>\n<tr>\n<td colspan=\"1\" rowspan=\"1\">\n<div>\n<div>1718pcs\/h(peso do bolo 32g\/pc)<\/div>\n<\/div>\n<\/td>\n<\/tr>\n<tr>\n<td colspan=\"1\" rowspan=\"3\">\n<div>\n<div>Tamanho da placa de cozedura<\/div>\n<\/div>\n<\/td>\n<td colspan=\"1\" rowspan=\"1\">\n<div>\n<div>600*540mm<\/div>\n<\/div>\n<\/td>\n<\/tr>\n<tr>\n<td colspan=\"1\" rowspan=\"1\">\n<div>\n<div>24 pe\u00e7as de bolo\/prato (peso do bolo 78g\/unidade)<\/div>\n<\/div>\n<\/td>\n<\/tr>\n<tr>\n<td colspan=\"1\" rowspan=\"1\">\n<div>\n<div>48 unidades de bolo\/prato (peso do bolo 32g)<\/div>\n<\/div>\n<\/td>\n<\/tr>\n<tr>\n<td colspan=\"1\" rowspan=\"1\">\n<div>\n<div>Tempo de cozedura<\/div>\n<\/div>\n<\/td>\n<td colspan=\"1\" rowspan=\"1\">\n<div>\n<div>12 minutos<\/div>\n<\/div>\n<\/td>\n<\/tr>\n<tr>\n<td colspan=\"1\" rowspan=\"1\">\n<div>\n<div>Temperatura de cozedura<\/div>\n<\/div>\n<\/td>\n<td colspan=\"1\" rowspan=\"1\">\n<div>\n<div>185\u2103-210\u2103<\/div>\n<\/div>\n<\/td>\n<\/tr>\n<tr>\n<td colspan=\"1\" rowspan=\"1\">\n<div>\n<div>Tipo de aquecimento<\/div>\n<\/div>\n<\/td>\n<td colspan=\"1\" rowspan=\"1\">\n<div>\n<div data-spm-anchor-id=\"a2700.details.0.i20.63a755d3nJy2hG\">g\u00e1s\/eletricidade<\/div>\n<\/div>\n<\/td>\n<\/tr>\n<\/tbody>\n<\/table>\n<p>&nbsp;<\/p>\n<h3><strong>Deixe o seu pedido de or\u00e7amento<\/strong><\/h3>\n\n<div class=\"wpcf7 no-js\" id=\"wpcf7-f2977-o1\" lang=\"en-US\" dir=\"ltr\">\n<div class=\"screen-reader-response\"><p role=\"status\" aria-live=\"polite\" aria-atomic=\"true\"><\/p> <ul><\/ul><\/div>\n<form action=\"\/pt\/wp-json\/wp\/v2\/product\/3821#wpcf7-f2977-o1\" method=\"post\" class=\"wpcf7-form init\" aria-label=\"Formul\u00e1rio de contacto\" novalidate=\"novalidate\" data-status=\"init\" data-trp-original-action=\"\/pt\/wp-json\/wp\/v2\/product\/3821#wpcf7-f2977-o1\">\n<div style=\"display: none;\">\n<input type=\"hidden\" name=\"_wpcf7\" value=\"2977\" \/>\n<input type=\"hidden\" name=\"_wpcf7_version\" value=\"5.7.7\" \/>\n<input type=\"hidden\" name=\"_wpcf7_locale\" value=\"en_US\" \/>\n<input type=\"hidden\" name=\"_wpcf7_unit_tag\" value=\"wpcf7-f2977-o1\" \/>\n<input type=\"hidden\" name=\"_wpcf7_container_post\" value=\"0\" \/>\n<input type=\"hidden\" name=\"_wpcf7_posted_data_hash\" value=\"\" \/>\n<\/div>\n<p><label> O seu nome*<br \/>\n<span class=\"wpcf7-form-control-wrap\" data-name=\"your-name\"><input size=\"40\" class=\"wpcf7-form-control wpcf7-text wpcf7-validates-as-required\" aria-required=\"true\" aria-invalid=\"false\" value=\"\" type=\"text\" name=\"your-name\" \/><\/span> <\/label>\n<\/p>\n<p><label> O seu pa\u00eds<br \/>\n<span class=\"wpcf7-form-control-wrap\" data-name=\"your-country\"><input size=\"40\" class=\"wpcf7-form-control wpcf7-text\" aria-invalid=\"false\" value=\"\" type=\"text\" name=\"your-country\" \/><\/span><\/label>\n<\/p>\n<p><label> O seu e-mail*<br \/>\n<span class=\"wpcf7-form-control-wrap\" data-name=\"your-email\"><input size=\"40\" class=\"wpcf7-form-control wpcf7-text wpcf7-email wpcf7-validates-as-required wpcf7-validates-as-email\" aria-required=\"true\" aria-invalid=\"false\" value=\"\" type=\"email\" name=\"your-email\" \/><\/span> <\/label>\n<\/p>\n<p><label> O seu telem\u00f3vel<br \/>\n<span class=\"wpcf7-form-control-wrap\" data-name=\"your-phone\"><input size=\"40\" class=\"wpcf7-form-control wpcf7-text\" aria-invalid=\"false\" value=\"\" type=\"text\" name=\"your-phone\" \/><\/span> <\/label>\n<\/p>\n<p><label> Nome da empresa<br \/>\n<span class=\"wpcf7-form-control-wrap\" data-name=\"text-529\"><input size=\"40\" class=\"wpcf7-form-control wpcf7-text\" aria-invalid=\"false\" value=\"\" type=\"text\" name=\"text-529\" \/><\/span> <\/label>\n<\/p>\n<p><label> S\u00edtio Web da empresa<br \/>\n<span class=\"wpcf7-form-control-wrap\" data-name=\"text-106\"><input size=\"40\" class=\"wpcf7-form-control wpcf7-text\" aria-invalid=\"false\" value=\"\" type=\"text\" name=\"text-106\" \/><\/span> <\/label>\n<\/p>\n<p><label> A sua mensagem*<br \/>\n<span class=\"wpcf7-form-control-wrap\" data-name=\"your-message\"><textarea cols=\"40\" rows=\"10\" class=\"wpcf7-form-control wpcf7-textarea wpcf7-validates-as-required\" aria-required=\"true\" aria-invalid=\"false\" name=\"your-message\"><\/textarea><\/span> <\/label>\n<\/p>\n<p><input class=\"wpcf7-form-control has-spinner wpcf7-submit\" type=\"submit\" value=\"Enviar\" \/>\n<\/p><p style=\"display: none !important;\" class=\"akismet-fields-container\" data-prefix=\"_wpcf7_ak_\"><label>&#916;<textarea name=\"_wpcf7_ak_hp_textarea\" cols=\"45\" rows=\"8\" maxlength=\"100\"><\/textarea><\/label><input type=\"hidden\" id=\"ak_js_1\" name=\"_wpcf7_ak_js\" value=\"35\"\/><script>document.getElementById( \"ak_js_1\" ).setAttribute( \"value\", ( new Date() ).getTime() );<\/script><\/p><div class=\"wpcf7-response-output\" aria-hidden=\"true\"><\/div>\n<input type=\"hidden\" name=\"trp-form-language\" value=\"pt\"\/><\/form>\n<\/div>\n\n<div style='text-align:left' class='yasr-auto-insert-visitor'><\/div>","protected":false},"excerpt":{"rendered":"<p>A nossa empresa produz uma linha completa de produ\u00e7\u00e3o de p\u00e3o de l\u00f3 com uma vasta gama de produ\u00e7\u00e3o, 100-1000 kg por hora. Para al\u00e9m disso, a empresa tamb\u00e9m fornece equipamento para a produ\u00e7\u00e3o de outros tipos de bolos. Por exemplo, a produ\u00e7\u00e3o de tartes de gema de ovo, bolos de chiffon, embri\u00f5es de bolo de anivers\u00e1rio, cupcakes e outros bolos de diferentes especifica\u00e7\u00f5es. Bolos de diferentes ...<\/p>\n<p class=\"read-more\"> <a class=\"\" href=\"https:\/\/www.bakeryturnkey.com\/pt\/produto\/sponge-cake-production-line\/\"> <span class=\"screen-reader-text\">Linha completa de produ\u00e7\u00e3o de p\u00e3o de l\u00f3 100-1000KG\/H<\/span> Ler mais \"<\/a><\/p>","protected":false},"featured_media":3823,"comment_status":"open","ping_status":"closed","template":"","meta":{"site-sidebar-layout":"default","site-content-layout":"default","ast-main-header-display":"","ast-hfb-above-header-display":"","ast-hfb-below-header-display":"","ast-hfb-mobile-header-display":"","site-post-title":"","ast-breadcrumbs-content":"","ast-featured-img":"","footer-sml-layout":"","theme-transparent-header-meta":"default","adv-header-id-meta":"","stick-header-meta":"","header-above-stick-meta":"","header-main-stick-meta":"","header-below-stick-meta":"","yasr_overall_rating":0,"yasr_post_is_review":"","yasr_auto_insert_disabled":"","yasr_review_type":""},"product_cat":[26],"product_tag":[],"class_list":["post-3821","product","type-product","status-publish","has-post-thumbnail","hentry","product_cat-cake-machinery"],"yoast_head":"<!-- This site is optimized with the Yoast SEO plugin v27.5 - https:\/\/yoast.com\/product\/yoast-seo-wordpress\/ -->\n<title>Complete Sponge Cake Production Line 100-1000KG\/H<\/title>\n<meta name=\"description\" content=\"The complete sponge cake production line with a wide output range, 100-1000 kg per hour. Sponge cakes weight and size can be customized.\" \/>\n<meta name=\"robots\" content=\"index, follow, max-snippet:-1, max-image-preview:large, max-video-preview:-1\" \/>\n<link rel=\"canonical\" href=\"https:\/\/www.bakeryturnkey.com\/pt\/produto\/sponge-cake-production-line\/\" \/>\n<meta property=\"og:locale\" content=\"pt_PT\" \/>\n<meta property=\"og:type\" content=\"article\" \/>\n<meta property=\"og:title\" content=\"Complete Sponge Cake Production Line 100-1000KG\/H\" \/>\n<meta property=\"og:description\" content=\"The complete sponge cake production line with a wide output range, 100-1000 kg per hour. Sponge cakes weight and size can be customized.\" \/>\n<meta property=\"og:url\" content=\"https:\/\/www.bakeryturnkey.com\/pt\/produto\/sponge-cake-production-line\/\" \/>\n<meta property=\"og:site_name\" content=\"Bakery Food Processing Equipment Manufacturer\" \/>\n<meta property=\"article:modified_time\" content=\"2025-10-17T07:22:37+00:00\" \/>\n<meta property=\"og:image\" content=\"https:\/\/www.bakeryturnkey.com\/wp-content\/uploads\/2023\/02\/12.jpg\" \/>\n\t<meta property=\"og:image:width\" content=\"800\" \/>\n\t<meta property=\"og:image:height\" content=\"800\" \/>\n\t<meta property=\"og:image:type\" content=\"image\/jpeg\" \/>\n<meta name=\"twitter:card\" content=\"summary_large_image\" \/>\n<meta name=\"twitter:label1\" content=\"Tempo estimado de leitura\" \/>\n\t<meta name=\"twitter:data1\" content=\"4 minutos\" \/>\n<script type=\"application\/ld+json\" class=\"yoast-schema-graph\">{\"@context\":\"https:\\\/\\\/schema.org\",\"@graph\":[{\"@type\":\"WebPage\",\"@id\":\"https:\\\/\\\/www.bakeryturnkey.com\\\/product\\\/sponge-cake-production-line\\\/\",\"url\":\"https:\\\/\\\/www.bakeryturnkey.com\\\/product\\\/sponge-cake-production-line\\\/\",\"name\":\"Complete Sponge Cake Production Line 100-1000KG\\\/H\",\"isPartOf\":{\"@id\":\"https:\\\/\\\/www.bakeryturnkey.com\\\/#website\"},\"primaryImageOfPage\":{\"@id\":\"https:\\\/\\\/www.bakeryturnkey.com\\\/product\\\/sponge-cake-production-line\\\/#primaryimage\"},\"image\":{\"@id\":\"https:\\\/\\\/www.bakeryturnkey.com\\\/product\\\/sponge-cake-production-line\\\/#primaryimage\"},\"thumbnailUrl\":\"https:\\\/\\\/www.bakeryturnkey.com\\\/wp-content\\\/uploads\\\/2023\\\/02\\\/12.jpg\",\"datePublished\":\"2023-02-01T07:38:33+00:00\",\"dateModified\":\"2025-10-17T07:22:37+00:00\",\"description\":\"The complete sponge cake production line with a wide output range, 100-1000 kg per hour. Sponge cakes weight and size can be customized.\",\"breadcrumb\":{\"@id\":\"https:\\\/\\\/www.bakeryturnkey.com\\\/product\\\/sponge-cake-production-line\\\/#breadcrumb\"},\"inLanguage\":\"pt-PT\",\"potentialAction\":[{\"@type\":\"ReadAction\",\"target\":[\"https:\\\/\\\/www.bakeryturnkey.com\\\/product\\\/sponge-cake-production-line\\\/\"]}]},{\"@type\":\"ImageObject\",\"inLanguage\":\"pt-PT\",\"@id\":\"https:\\\/\\\/www.bakeryturnkey.com\\\/product\\\/sponge-cake-production-line\\\/#primaryimage\",\"url\":\"https:\\\/\\\/www.bakeryturnkey.com\\\/wp-content\\\/uploads\\\/2023\\\/02\\\/12.jpg\",\"contentUrl\":\"https:\\\/\\\/www.bakeryturnkey.com\\\/wp-content\\\/uploads\\\/2023\\\/02\\\/12.jpg\",\"width\":800,\"height\":800,\"caption\":\"Sponge Cake Line Manufacturer\"},{\"@type\":\"BreadcrumbList\",\"@id\":\"https:\\\/\\\/www.bakeryturnkey.com\\\/product\\\/sponge-cake-production-line\\\/#breadcrumb\",\"itemListElement\":[{\"@type\":\"ListItem\",\"position\":1,\"name\":\"Home\",\"item\":\"https:\\\/\\\/www.bakeryturnkey.com\\\/\"},{\"@type\":\"ListItem\",\"position\":2,\"name\":\"Products\",\"item\":\"https:\\\/\\\/www.bakeryturnkey.com\\\/products\\\/\"},{\"@type\":\"ListItem\",\"position\":3,\"name\":\"Complete Sponge Cake Production Line 100-1000KG\\\/H\"}]},{\"@type\":\"WebSite\",\"@id\":\"https:\\\/\\\/www.bakeryturnkey.com\\\/#website\",\"url\":\"https:\\\/\\\/www.bakeryturnkey.com\\\/\",\"name\":\"Bakery Food Processing Equipment Manufacturer\",\"description\":\"Bakery Food Solutions Provider\",\"publisher\":{\"@id\":\"https:\\\/\\\/www.bakeryturnkey.com\\\/#organization\"},\"potentialAction\":[{\"@type\":\"SearchAction\",\"target\":{\"@type\":\"EntryPoint\",\"urlTemplate\":\"https:\\\/\\\/www.bakeryturnkey.com\\\/?s={search_term_string}\"},\"query-input\":{\"@type\":\"PropertyValueSpecification\",\"valueRequired\":true,\"valueName\":\"search_term_string\"}}],\"inLanguage\":\"pt-PT\"},{\"@type\":\"Organization\",\"@id\":\"https:\\\/\\\/www.bakeryturnkey.com\\\/#organization\",\"name\":\"Bakery Food Processing Equipment Manufacturer\",\"url\":\"https:\\\/\\\/www.bakeryturnkey.com\\\/\",\"logo\":{\"@type\":\"ImageObject\",\"inLanguage\":\"pt-PT\",\"@id\":\"https:\\\/\\\/www.bakeryturnkey.com\\\/#\\\/schema\\\/logo\\\/image\\\/\",\"url\":\"https:\\\/\\\/www.bakeryturnkey.com\\\/wp-content\\\/uploads\\\/2022\\\/03\\\/cropped-13-1.png\",\"contentUrl\":\"https:\\\/\\\/www.bakeryturnkey.com\\\/wp-content\\\/uploads\\\/2022\\\/03\\\/cropped-13-1.png\",\"width\":512,\"height\":429,\"caption\":\"Bakery Food Processing Equipment Manufacturer\"},\"image\":{\"@id\":\"https:\\\/\\\/www.bakeryturnkey.com\\\/#\\\/schema\\\/logo\\\/image\\\/\"}},false]}<\/script>\n<!-- \/ Yoast SEO plugin. -->","yoast_head_json":{"title":"Complete Sponge Cake Production Line 100-1000KG\/H","description":"The complete sponge cake production line with a wide output range, 100-1000 kg per hour. Sponge cakes weight and size can be customized.","robots":{"index":"index","follow":"follow","max-snippet":"max-snippet:-1","max-image-preview":"max-image-preview:large","max-video-preview":"max-video-preview:-1"},"canonical":"https:\/\/www.bakeryturnkey.com\/pt\/produto\/sponge-cake-production-line\/","og_locale":"pt_PT","og_type":"article","og_title":"Complete Sponge Cake Production Line 100-1000KG\/H","og_description":"The complete sponge cake production line with a wide output range, 100-1000 kg per hour. Sponge cakes weight and size can be customized.","og_url":"https:\/\/www.bakeryturnkey.com\/pt\/produto\/sponge-cake-production-line\/","og_site_name":"Bakery Food Processing Equipment Manufacturer","article_modified_time":"2025-10-17T07:22:37+00:00","og_image":[{"width":800,"height":800,"url":"https:\/\/www.bakeryturnkey.com\/wp-content\/uploads\/2023\/02\/12.jpg","type":"image\/jpeg"}],"twitter_card":"summary_large_image","twitter_misc":{"Tempo estimado de leitura":"4 minutos"},"schema":{"@context":"https:\/\/schema.org","@graph":[{"@type":"WebPage","@id":"https:\/\/www.bakeryturnkey.com\/product\/sponge-cake-production-line\/","url":"https:\/\/www.bakeryturnkey.com\/product\/sponge-cake-production-line\/","name":"Complete Sponge Cake Production Line 100-1000KG\/H","isPartOf":{"@id":"https:\/\/www.bakeryturnkey.com\/#website"},"primaryImageOfPage":{"@id":"https:\/\/www.bakeryturnkey.com\/product\/sponge-cake-production-line\/#primaryimage"},"image":{"@id":"https:\/\/www.bakeryturnkey.com\/product\/sponge-cake-production-line\/#primaryimage"},"thumbnailUrl":"https:\/\/www.bakeryturnkey.com\/wp-content\/uploads\/2023\/02\/12.jpg","datePublished":"2023-02-01T07:38:33+00:00","dateModified":"2025-10-17T07:22:37+00:00","description":"The complete sponge cake production line with a wide output range, 100-1000 kg per hour. Sponge cakes weight and size can be customized.","breadcrumb":{"@id":"https:\/\/www.bakeryturnkey.com\/product\/sponge-cake-production-line\/#breadcrumb"},"inLanguage":"pt-PT","potentialAction":[{"@type":"ReadAction","target":["https:\/\/www.bakeryturnkey.com\/product\/sponge-cake-production-line\/"]}]},{"@type":"ImageObject","inLanguage":"pt-PT","@id":"https:\/\/www.bakeryturnkey.com\/product\/sponge-cake-production-line\/#primaryimage","url":"https:\/\/www.bakeryturnkey.com\/wp-content\/uploads\/2023\/02\/12.jpg","contentUrl":"https:\/\/www.bakeryturnkey.com\/wp-content\/uploads\/2023\/02\/12.jpg","width":800,"height":800,"caption":"Sponge Cake Line Manufacturer"},{"@type":"BreadcrumbList","@id":"https:\/\/www.bakeryturnkey.com\/product\/sponge-cake-production-line\/#breadcrumb","itemListElement":[{"@type":"ListItem","position":1,"name":"Home","item":"https:\/\/www.bakeryturnkey.com\/"},{"@type":"ListItem","position":2,"name":"Products","item":"https:\/\/www.bakeryturnkey.com\/products\/"},{"@type":"ListItem","position":3,"name":"Complete Sponge Cake Production Line 100-1000KG\/H"}]},{"@type":"WebSite","@id":"https:\/\/www.bakeryturnkey.com\/#website","url":"https:\/\/www.bakeryturnkey.com\/","name":"Bakery Food Processing Equipment Manufacturer","description":"Bakery Food Solutions Provider","publisher":{"@id":"https:\/\/www.bakeryturnkey.com\/#organization"},"potentialAction":[{"@type":"SearchAction","target":{"@type":"EntryPoint","urlTemplate":"https:\/\/www.bakeryturnkey.com\/?s={search_term_string}"},"query-input":{"@type":"PropertyValueSpecification","valueRequired":true,"valueName":"search_term_string"}}],"inLanguage":"pt-PT"},{"@type":"Organization","@id":"https:\/\/www.bakeryturnkey.com\/#organization","name":"Bakery Food Processing Equipment Manufacturer","url":"https:\/\/www.bakeryturnkey.com\/","logo":{"@type":"ImageObject","inLanguage":"pt-PT","@id":"https:\/\/www.bakeryturnkey.com\/#\/schema\/logo\/image\/","url":"https:\/\/www.bakeryturnkey.com\/wp-content\/uploads\/2022\/03\/cropped-13-1.png","contentUrl":"https:\/\/www.bakeryturnkey.com\/wp-content\/uploads\/2022\/03\/cropped-13-1.png","width":512,"height":429,"caption":"Bakery Food Processing Equipment Manufacturer"},"image":{"@id":"https:\/\/www.bakeryturnkey.com\/#\/schema\/logo\/image\/"}},false]}},"yasr_visitor_votes":{"stars_attributes":{"read_only":false,"span_bottom":false},"number_of_votes":0,"sum_votes":0},"_links":{"self":[{"href":"https:\/\/www.bakeryturnkey.com\/pt\/wp-json\/wp\/v2\/product\/3821","targetHints":{"allow":["GET"]}}],"collection":[{"href":"https:\/\/www.bakeryturnkey.com\/pt\/wp-json\/wp\/v2\/product"}],"about":[{"href":"https:\/\/www.bakeryturnkey.com\/pt\/wp-json\/wp\/v2\/types\/product"}],"replies":[{"embeddable":true,"href":"https:\/\/www.bakeryturnkey.com\/pt\/wp-json\/wp\/v2\/comments?post=3821"}],"wp:featuredmedia":[{"embeddable":true,"href":"https:\/\/www.bakeryturnkey.com\/pt\/wp-json\/wp\/v2\/media\/3823"}],"wp:attachment":[{"href":"https:\/\/www.bakeryturnkey.com\/pt\/wp-json\/wp\/v2\/media?parent=3821"}],"wp:term":[{"taxonomy":"product_cat","embeddable":true,"href":"https:\/\/www.bakeryturnkey.com\/pt\/wp-json\/wp\/v2\/product_cat?post=3821"},{"taxonomy":"product_tag","embeddable":true,"href":"https:\/\/www.bakeryturnkey.com\/pt\/wp-json\/wp\/v2\/product_tag?post=3821"}],"curies":[{"name":"wp","href":"https:\/\/api.w.org\/{rel}","templated":true}]}}