{"id":3778,"date":"2022-11-18T15:03:19","date_gmt":"2022-11-18T07:03:19","guid":{"rendered":"https:\/\/www.bakeryturnkey.com\/?post_type=product&#038;p=3778"},"modified":"2025-10-17T15:22:51","modified_gmt":"2025-10-17T07:22:51","slug":"rotary-rack-oven","status":"publish","type":"product","link":"https:\/\/www.bakeryturnkey.com\/pt\/produto\/rotary-rack-oven\/","title":{"rendered":"Forno Comercial de Rack Rotativo para Panifica\u00e7\u00e3o de Bolos"},"content":{"rendered":"<h2><strong>Aplica\u00e7\u00f5es do forno de rack rotativo:<\/strong><\/h2>\n<p>Este forno para bolos \u00e9 adequado para uma cozedura uniforme e boa de v\u00e1rios produtos de massa, como bolos, p\u00e3o, biscoitos, bolos de lua, batatas fritas de p\u00eassego, etc. Popular entre as pequenas e m\u00e9dias empresas de panifica\u00e7\u00e3o, \u00e9 o mais adequado para produzir uma grande variedade de p\u00e3o e bolos.<\/p>\n<p><img loading=\"lazy\" decoding=\"async\" class=\"alignnone size-full wp-image-3780\" src=\"https:\/\/www.bakeryturnkey.com\/wp-content\/uploads\/2022\/11\/534.jpg\" alt=\"Forno de bolo para venda\" width=\"650\" height=\"420\" srcset=\"https:\/\/www.bakeryturnkey.com\/wp-content\/uploads\/2022\/11\/534.jpg 650w, https:\/\/www.bakeryturnkey.com\/wp-content\/uploads\/2022\/11\/534-600x388.jpg 600w, https:\/\/www.bakeryturnkey.com\/wp-content\/uploads\/2022\/11\/534-300x194.jpg 300w\" sizes=\"auto, (max-width: 650px) 100vw, 650px\" \/><\/p>\n<h2><strong>Carater\u00edsticas de desempenho:<\/strong><\/h2>\n<ul>\n<li>O forno rotativo para bolos tem uma grelha de forno independente, que \u00e9 f\u00e1cil de empurrar e puxar, e \u00e9 feito de a\u00e7o inoxid\u00e1vel, que \u00e9 f\u00e1cil de limpar.<\/li>\n<li>Com uma porta de pe\u00e7a \u00fanica em vidro refletor de calor, o efeito de cozedura do produto pode ser visto a partir do elemento de ilumina\u00e7\u00e3o fora da \u00e1rea de aquecimento principal.<\/li>\n<li>O corpo do forno comercial de cremalheira rotativa tem um sinal gr\u00e1fico com um visor eletr\u00f3nico digital.<\/li>\n<li>O forno para bolos aquece o produto de forma homog\u00e9nea. Os principais componentes s\u00e3o o queimador, o exaustor, o controlador e a base girat\u00f3ria.<\/li>\n<li>O isolamento espesso mant\u00e9m o calor onde deve estar no interior do forno e impede a transfer\u00eancia de calor para o ambiente de trabalho.<\/li>\n<\/ul>\n<h3><strong>Como fazer bolos e biscoitos<\/strong><\/h3>\n<p><iframe loading=\"lazy\" title=\"Leitor de v\u00eddeo do YouTube\" src=\"https:\/\/www.youtube.com\/embed\/x93hTeTepvo\" width=\"784\" height=\"441\" frameborder=\"0\" allowfullscreen=\"allowfullscreen\"><\/iframe><\/p>\n<p>&nbsp;<\/p>\n<h2><strong>Como utilizar o forno de rack rotativo<\/strong><\/h2>\n<ol>\n<li>Prepara\u00e7\u00e3o antes do funcionamento: \u2460Confirmar se a alimenta\u00e7\u00e3o el\u00e9ctrica est\u00e1 normal; \u2461Confirmar que n\u00e3o existem mat\u00e9rias estranhas no forno; \u2462Confirmar que o sistema de exaust\u00e3o de fumos est\u00e1 a funcionar normalmente.<\/li>\n<li>Sequ\u00eancia de arranque e paragem: Ligar a alimenta\u00e7\u00e3o ao iniciar a m\u00e1quina do forno, selecionar a temperatura e o tempo de cozedura e pr\u00e9-aquecer. Depois de atingir a temperatura de pr\u00e9-aquecimento, abrir a porta do forno para bolos e empurrar o grelhador para dentro do forno, fechar a porta do forno com grelha rotativa, selecionar o tempo de cozedura e premir o bot\u00e3o Iniciar. O forno come\u00e7a a funcionar. Quando o aparelho estiver desligado, retire o grelhador e desligue o sistema. Depois de entrar no estado de hiberna\u00e7\u00e3o, desligue a alimenta\u00e7\u00e3o total.<\/li>\n<\/ol>\n<h3><strong>Par\u00e2metros t\u00e9cnicos<\/strong><\/h3>\n<table>\n<tbody>\n<tr>\n<td colspan=\"1\" rowspan=\"1\">Modelo<\/td>\n<td colspan=\"1\" rowspan=\"1\">GG116G<\/td>\n<td colspan=\"1\" rowspan=\"1\">GG132G<\/td>\n<\/tr>\n<tr>\n<td colspan=\"1\" rowspan=\"1\">Tens\u00e3o<\/td>\n<td colspan=\"1\" rowspan=\"1\">380V<\/td>\n<td colspan=\"1\" rowspan=\"1\">380V<\/td>\n<\/tr>\n<tr>\n<td colspan=\"1\" rowspan=\"1\">Pot\u00eancia<\/td>\n<td colspan=\"1\" rowspan=\"1\">3,1KW<\/td>\n<td colspan=\"1\" rowspan=\"1\">3,1KW<\/td>\n<\/tr>\n<tr>\n<td colspan=\"1\" rowspan=\"1\">Energia t\u00e9rmica<\/td>\n<td colspan=\"1\" rowspan=\"1\">\uff1e7.5KW<\/td>\n<td colspan=\"1\" rowspan=\"1\">\uff1e7.5KW<\/td>\n<\/tr>\n<tr>\n<td colspan=\"1\" rowspan=\"1\">Gama de temperaturas<\/td>\n<td colspan=\"1\" rowspan=\"1\">0-300\u2103<\/td>\n<td colspan=\"1\" rowspan=\"1\">0-300\u2103<\/td>\n<\/tr>\n<tr>\n<td colspan=\"1\" rowspan=\"1\">N\u00famero de placas<\/td>\n<td colspan=\"1\" rowspan=\"1\">16 pe\u00e7as<\/td>\n<td colspan=\"1\" rowspan=\"1\">32 pe\u00e7as<\/td>\n<\/tr>\n<tr>\n<td colspan=\"1\" rowspan=\"1\">Dimens\u00f5es<\/td>\n<td colspan=\"1\" rowspan=\"1\">1660*2560*2450MM<\/td>\n<td colspan=\"1\" rowspan=\"1\">1660*2560*2450MM<\/td>\n<\/tr>\n<tr>\n<td colspan=\"1\" rowspan=\"1\">Tamanho da estrutura do carrinho<\/td>\n<td colspan=\"1\" rowspan=\"1\">1750*500*800MM<\/td>\n<td colspan=\"1\" rowspan=\"1\">1750*500*800MM<\/td>\n<\/tr>\n<tr>\n<td colspan=\"1\" rowspan=\"1\">Peso total<\/td>\n<td colspan=\"1\" rowspan=\"1\">2000KG<\/td>\n<td colspan=\"1\" rowspan=\"1\">2000KG<\/td>\n<\/tr>\n<tr>\n<td colspan=\"1\" rowspan=\"1\">Meio de combust\u00e3o<\/td>\n<td colspan=\"1\" rowspan=\"1\">G\u00e1s<\/td>\n<td colspan=\"1\" rowspan=\"1\">G\u00e1s<\/td>\n<\/tr>\n<\/tbody>\n<\/table>\n<p>&nbsp;<\/p>\n<div class=\"woocommerce-tabs wc-tabs-wrapper\">\n<div id=\"tab-description\" class=\"woocommerce-Tabs-panel woocommerce-Tabs-panel--description panel entry-content wc-tab\" role=\"tabpanel\" aria-labelledby=\"tab-title-description\">\n<h3><strong>Deixe o seu pedido de or\u00e7amento<\/strong><\/h3>\n\n<div class=\"wpcf7 no-js\" id=\"wpcf7-f2977-o1\" lang=\"en-US\" dir=\"ltr\">\n<div class=\"screen-reader-response\"><p role=\"status\" aria-live=\"polite\" aria-atomic=\"true\"><\/p> <ul><\/ul><\/div>\n<form action=\"\/pt\/wp-json\/wp\/v2\/product\/3778#wpcf7-f2977-o1\" method=\"post\" class=\"wpcf7-form init\" aria-label=\"Formul\u00e1rio de contacto\" novalidate=\"novalidate\" data-status=\"init\" data-trp-original-action=\"\/pt\/wp-json\/wp\/v2\/product\/3778#wpcf7-f2977-o1\">\n<div style=\"display: none;\">\n<input type=\"hidden\" name=\"_wpcf7\" value=\"2977\" \/>\n<input type=\"hidden\" name=\"_wpcf7_version\" value=\"5.7.7\" \/>\n<input type=\"hidden\" name=\"_wpcf7_locale\" value=\"en_US\" \/>\n<input type=\"hidden\" name=\"_wpcf7_unit_tag\" value=\"wpcf7-f2977-o1\" \/>\n<input type=\"hidden\" name=\"_wpcf7_container_post\" value=\"0\" \/>\n<input type=\"hidden\" name=\"_wpcf7_posted_data_hash\" value=\"\" \/>\n<\/div>\n<p><label> O seu nome*<br \/>\n<span class=\"wpcf7-form-control-wrap\" data-name=\"your-name\"><input size=\"40\" class=\"wpcf7-form-control wpcf7-text wpcf7-validates-as-required\" aria-required=\"true\" aria-invalid=\"false\" value=\"\" type=\"text\" name=\"your-name\" \/><\/span> <\/label>\n<\/p>\n<p><label> O seu pa\u00eds<br \/>\n<span class=\"wpcf7-form-control-wrap\" data-name=\"your-country\"><input size=\"40\" class=\"wpcf7-form-control wpcf7-text\" aria-invalid=\"false\" value=\"\" type=\"text\" name=\"your-country\" \/><\/span><\/label>\n<\/p>\n<p><label> O seu e-mail*<br \/>\n<span class=\"wpcf7-form-control-wrap\" data-name=\"your-email\"><input size=\"40\" class=\"wpcf7-form-control wpcf7-text wpcf7-email wpcf7-validates-as-required wpcf7-validates-as-email\" aria-required=\"true\" aria-invalid=\"false\" value=\"\" type=\"email\" name=\"your-email\" \/><\/span> <\/label>\n<\/p>\n<p><label> O seu telem\u00f3vel<br \/>\n<span class=\"wpcf7-form-control-wrap\" data-name=\"your-phone\"><input size=\"40\" class=\"wpcf7-form-control wpcf7-text\" aria-invalid=\"false\" value=\"\" type=\"text\" name=\"your-phone\" \/><\/span> <\/label>\n<\/p>\n<p><label> Nome da empresa<br \/>\n<span class=\"wpcf7-form-control-wrap\" data-name=\"text-529\"><input size=\"40\" class=\"wpcf7-form-control wpcf7-text\" aria-invalid=\"false\" value=\"\" type=\"text\" name=\"text-529\" \/><\/span> <\/label>\n<\/p>\n<p><label> S\u00edtio Web da empresa<br \/>\n<span class=\"wpcf7-form-control-wrap\" data-name=\"text-106\"><input size=\"40\" class=\"wpcf7-form-control wpcf7-text\" aria-invalid=\"false\" value=\"\" type=\"text\" name=\"text-106\" \/><\/span> <\/label>\n<\/p>\n<p><label> A sua mensagem*<br \/>\n<span class=\"wpcf7-form-control-wrap\" data-name=\"your-message\"><textarea cols=\"40\" rows=\"10\" class=\"wpcf7-form-control wpcf7-textarea wpcf7-validates-as-required\" aria-required=\"true\" aria-invalid=\"false\" name=\"your-message\"><\/textarea><\/span> <\/label>\n<\/p>\n<p><input class=\"wpcf7-form-control has-spinner wpcf7-submit\" type=\"submit\" value=\"Enviar\" \/>\n<\/p><p style=\"display: none !important;\" class=\"akismet-fields-container\" data-prefix=\"_wpcf7_ak_\"><label>&#916;<textarea name=\"_wpcf7_ak_hp_textarea\" cols=\"45\" rows=\"8\" maxlength=\"100\"><\/textarea><\/label><input type=\"hidden\" id=\"ak_js_1\" name=\"_wpcf7_ak_js\" value=\"160\"\/><script>document.getElementById( \"ak_js_1\" ).setAttribute( \"value\", ( new Date() ).getTime() );<\/script><\/p><div class=\"wpcf7-response-output\" aria-hidden=\"true\"><\/div>\n<input type=\"hidden\" name=\"trp-form-language\" value=\"pt\"\/><\/form>\n<\/div>\n\n<\/div>\n<\/div>\n<div style='text-align:left' class='yasr-auto-insert-visitor'><\/div>","protected":false},"excerpt":{"rendered":"<p>Aplica\u00e7\u00f5es do forno de cremalheira rotativa: Este forno para bolos \u00e9 adequado para uma cozedura uniforme e de qualidade de v\u00e1rios produtos de massa, como bolos, p\u00e3o, biscoitos, bolos de lua, batatas fritas de p\u00eassego, etc. Popular entre as pequenas e m\u00e9dias empresas de panifica\u00e7\u00e3o, \u00e9 o mais adequado para produzir uma grande variedade de p\u00e3o e bolos. Carater\u00edsticas de desempenho: O forno rotativo para bolos ...<\/p>\n<p class=\"read-more\"> <a class=\"\" href=\"https:\/\/www.bakeryturnkey.com\/pt\/produto\/rotary-rack-oven\/\"> <span class=\"screen-reader-text\">Forno Comercial de Rack Rotativo para Panifica\u00e7\u00e3o de Bolos<\/span> Ler mais \"<\/a><\/p>","protected":false},"featured_media":3781,"comment_status":"open","ping_status":"closed","template":"","meta":{"site-sidebar-layout":"default","site-content-layout":"default","ast-main-header-display":"","ast-hfb-above-header-display":"","ast-hfb-below-header-display":"","ast-hfb-mobile-header-display":"","site-post-title":"","ast-breadcrumbs-content":"","ast-featured-img":"","footer-sml-layout":"","theme-transparent-header-meta":"default","adv-header-id-meta":"","stick-header-meta":"","header-above-stick-meta":"","header-main-stick-meta":"","header-below-stick-meta":"","yasr_overall_rating":0,"yasr_post_is_review":"","yasr_auto_insert_disabled":"","yasr_review_type":""},"product_cat":[26],"product_tag":[],"class_list":["post-3778","product","type-product","status-publish","has-post-thumbnail","hentry","product_cat-cake-machinery"],"yoast_head":"<!-- This site is optimized with the Yoast SEO plugin v27.5 - https:\/\/yoast.com\/product\/yoast-seo-wordpress\/ -->\n<title>Commercial Rotary Rack Oven for Cake Bakery<\/title>\n<meta name=\"description\" content=\"The rotary rack oven is suitable for baking a variety of bakery products, cakes, bread, and so on. And it is safe and convenient to use.\" \/>\n<meta name=\"robots\" content=\"index, follow, max-snippet:-1, max-image-preview:large, max-video-preview:-1\" \/>\n<link rel=\"canonical\" href=\"https:\/\/www.bakeryturnkey.com\/pt\/produto\/rotary-rack-oven\/\" \/>\n<meta property=\"og:locale\" content=\"pt_PT\" \/>\n<meta property=\"og:type\" content=\"article\" \/>\n<meta property=\"og:title\" content=\"Commercial Rotary Rack Oven for Cake Bakery\" \/>\n<meta property=\"og:description\" content=\"The rotary rack oven is suitable for baking a variety of bakery products, cakes, bread, and so on. And it is safe and convenient to use.\" \/>\n<meta property=\"og:url\" content=\"https:\/\/www.bakeryturnkey.com\/pt\/produto\/rotary-rack-oven\/\" \/>\n<meta property=\"og:site_name\" content=\"Bakery Food Processing Equipment Manufacturer\" \/>\n<meta property=\"article:modified_time\" content=\"2025-10-17T07:22:51+00:00\" \/>\n<meta property=\"og:image\" content=\"https:\/\/www.bakeryturnkey.com\/wp-content\/uploads\/2022\/11\/47.jpg\" \/>\n\t<meta property=\"og:image:width\" content=\"800\" \/>\n\t<meta property=\"og:image:height\" content=\"800\" \/>\n\t<meta property=\"og:image:type\" content=\"image\/jpeg\" \/>\n<meta name=\"twitter:card\" content=\"summary_large_image\" \/>\n<meta name=\"twitter:label1\" content=\"Tempo estimado de leitura\" \/>\n\t<meta name=\"twitter:data1\" content=\"2 minutos\" \/>\n<script type=\"application\/ld+json\" class=\"yoast-schema-graph\">{\"@context\":\"https:\\\/\\\/schema.org\",\"@graph\":[{\"@type\":\"WebPage\",\"@id\":\"https:\\\/\\\/www.bakeryturnkey.com\\\/product\\\/rotary-rack-oven\\\/\",\"url\":\"https:\\\/\\\/www.bakeryturnkey.com\\\/product\\\/rotary-rack-oven\\\/\",\"name\":\"Commercial Rotary Rack Oven for Cake Bakery\",\"isPartOf\":{\"@id\":\"https:\\\/\\\/www.bakeryturnkey.com\\\/#website\"},\"primaryImageOfPage\":{\"@id\":\"https:\\\/\\\/www.bakeryturnkey.com\\\/product\\\/rotary-rack-oven\\\/#primaryimage\"},\"image\":{\"@id\":\"https:\\\/\\\/www.bakeryturnkey.com\\\/product\\\/rotary-rack-oven\\\/#primaryimage\"},\"thumbnailUrl\":\"https:\\\/\\\/www.bakeryturnkey.com\\\/wp-content\\\/uploads\\\/2022\\\/11\\\/47.jpg\",\"datePublished\":\"2022-11-18T07:03:19+00:00\",\"dateModified\":\"2025-10-17T07:22:51+00:00\",\"description\":\"The rotary rack oven is suitable for baking a variety of bakery products, cakes, bread, and so on. And it is safe and convenient to use.\",\"breadcrumb\":{\"@id\":\"https:\\\/\\\/www.bakeryturnkey.com\\\/product\\\/rotary-rack-oven\\\/#breadcrumb\"},\"inLanguage\":\"pt-PT\",\"potentialAction\":[{\"@type\":\"ReadAction\",\"target\":[\"https:\\\/\\\/www.bakeryturnkey.com\\\/product\\\/rotary-rack-oven\\\/\"]}]},{\"@type\":\"ImageObject\",\"inLanguage\":\"pt-PT\",\"@id\":\"https:\\\/\\\/www.bakeryturnkey.com\\\/product\\\/rotary-rack-oven\\\/#primaryimage\",\"url\":\"https:\\\/\\\/www.bakeryturnkey.com\\\/wp-content\\\/uploads\\\/2022\\\/11\\\/47.jpg\",\"contentUrl\":\"https:\\\/\\\/www.bakeryturnkey.com\\\/wp-content\\\/uploads\\\/2022\\\/11\\\/47.jpg\",\"width\":800,\"height\":800,\"caption\":\"Rotary Rack Oven for Cake\"},{\"@type\":\"BreadcrumbList\",\"@id\":\"https:\\\/\\\/www.bakeryturnkey.com\\\/product\\\/rotary-rack-oven\\\/#breadcrumb\",\"itemListElement\":[{\"@type\":\"ListItem\",\"position\":1,\"name\":\"Home\",\"item\":\"https:\\\/\\\/www.bakeryturnkey.com\\\/\"},{\"@type\":\"ListItem\",\"position\":2,\"name\":\"Products\",\"item\":\"https:\\\/\\\/www.bakeryturnkey.com\\\/products\\\/\"},{\"@type\":\"ListItem\",\"position\":3,\"name\":\"Commercial Rotary Rack Oven for Cake Bakery\"}]},{\"@type\":\"WebSite\",\"@id\":\"https:\\\/\\\/www.bakeryturnkey.com\\\/#website\",\"url\":\"https:\\\/\\\/www.bakeryturnkey.com\\\/\",\"name\":\"Bakery Food Processing Equipment Manufacturer\",\"description\":\"Bakery Food Solutions Provider\",\"publisher\":{\"@id\":\"https:\\\/\\\/www.bakeryturnkey.com\\\/#organization\"},\"potentialAction\":[{\"@type\":\"SearchAction\",\"target\":{\"@type\":\"EntryPoint\",\"urlTemplate\":\"https:\\\/\\\/www.bakeryturnkey.com\\\/?s={search_term_string}\"},\"query-input\":{\"@type\":\"PropertyValueSpecification\",\"valueRequired\":true,\"valueName\":\"search_term_string\"}}],\"inLanguage\":\"pt-PT\"},{\"@type\":\"Organization\",\"@id\":\"https:\\\/\\\/www.bakeryturnkey.com\\\/#organization\",\"name\":\"Bakery Food Processing Equipment Manufacturer\",\"url\":\"https:\\\/\\\/www.bakeryturnkey.com\\\/\",\"logo\":{\"@type\":\"ImageObject\",\"inLanguage\":\"pt-PT\",\"@id\":\"https:\\\/\\\/www.bakeryturnkey.com\\\/#\\\/schema\\\/logo\\\/image\\\/\",\"url\":\"https:\\\/\\\/www.bakeryturnkey.com\\\/wp-content\\\/uploads\\\/2022\\\/03\\\/cropped-13-1.png\",\"contentUrl\":\"https:\\\/\\\/www.bakeryturnkey.com\\\/wp-content\\\/uploads\\\/2022\\\/03\\\/cropped-13-1.png\",\"width\":512,\"height\":429,\"caption\":\"Bakery Food Processing Equipment Manufacturer\"},\"image\":{\"@id\":\"https:\\\/\\\/www.bakeryturnkey.com\\\/#\\\/schema\\\/logo\\\/image\\\/\"}},false]}<\/script>\n<!-- \/ Yoast SEO plugin. -->","yoast_head_json":{"title":"Commercial Rotary Rack Oven for Cake Bakery","description":"The rotary rack oven is suitable for baking a variety of bakery products, cakes, bread, and so on. And it is safe and convenient to use.","robots":{"index":"index","follow":"follow","max-snippet":"max-snippet:-1","max-image-preview":"max-image-preview:large","max-video-preview":"max-video-preview:-1"},"canonical":"https:\/\/www.bakeryturnkey.com\/pt\/produto\/rotary-rack-oven\/","og_locale":"pt_PT","og_type":"article","og_title":"Commercial Rotary Rack Oven for Cake Bakery","og_description":"The rotary rack oven is suitable for baking a variety of bakery products, cakes, bread, and so on. And it is safe and convenient to use.","og_url":"https:\/\/www.bakeryturnkey.com\/pt\/produto\/rotary-rack-oven\/","og_site_name":"Bakery Food Processing Equipment Manufacturer","article_modified_time":"2025-10-17T07:22:51+00:00","og_image":[{"width":800,"height":800,"url":"https:\/\/www.bakeryturnkey.com\/wp-content\/uploads\/2022\/11\/47.jpg","type":"image\/jpeg"}],"twitter_card":"summary_large_image","twitter_misc":{"Tempo estimado de leitura":"2 minutos"},"schema":{"@context":"https:\/\/schema.org","@graph":[{"@type":"WebPage","@id":"https:\/\/www.bakeryturnkey.com\/product\/rotary-rack-oven\/","url":"https:\/\/www.bakeryturnkey.com\/product\/rotary-rack-oven\/","name":"Commercial Rotary Rack Oven for Cake Bakery","isPartOf":{"@id":"https:\/\/www.bakeryturnkey.com\/#website"},"primaryImageOfPage":{"@id":"https:\/\/www.bakeryturnkey.com\/product\/rotary-rack-oven\/#primaryimage"},"image":{"@id":"https:\/\/www.bakeryturnkey.com\/product\/rotary-rack-oven\/#primaryimage"},"thumbnailUrl":"https:\/\/www.bakeryturnkey.com\/wp-content\/uploads\/2022\/11\/47.jpg","datePublished":"2022-11-18T07:03:19+00:00","dateModified":"2025-10-17T07:22:51+00:00","description":"The rotary rack oven is suitable for baking a variety of bakery products, cakes, bread, and so on. And it is safe and convenient to use.","breadcrumb":{"@id":"https:\/\/www.bakeryturnkey.com\/product\/rotary-rack-oven\/#breadcrumb"},"inLanguage":"pt-PT","potentialAction":[{"@type":"ReadAction","target":["https:\/\/www.bakeryturnkey.com\/product\/rotary-rack-oven\/"]}]},{"@type":"ImageObject","inLanguage":"pt-PT","@id":"https:\/\/www.bakeryturnkey.com\/product\/rotary-rack-oven\/#primaryimage","url":"https:\/\/www.bakeryturnkey.com\/wp-content\/uploads\/2022\/11\/47.jpg","contentUrl":"https:\/\/www.bakeryturnkey.com\/wp-content\/uploads\/2022\/11\/47.jpg","width":800,"height":800,"caption":"Rotary Rack Oven for Cake"},{"@type":"BreadcrumbList","@id":"https:\/\/www.bakeryturnkey.com\/product\/rotary-rack-oven\/#breadcrumb","itemListElement":[{"@type":"ListItem","position":1,"name":"Home","item":"https:\/\/www.bakeryturnkey.com\/"},{"@type":"ListItem","position":2,"name":"Products","item":"https:\/\/www.bakeryturnkey.com\/products\/"},{"@type":"ListItem","position":3,"name":"Commercial Rotary Rack Oven for Cake Bakery"}]},{"@type":"WebSite","@id":"https:\/\/www.bakeryturnkey.com\/#website","url":"https:\/\/www.bakeryturnkey.com\/","name":"Bakery Food Processing Equipment Manufacturer","description":"Bakery Food Solutions Provider","publisher":{"@id":"https:\/\/www.bakeryturnkey.com\/#organization"},"potentialAction":[{"@type":"SearchAction","target":{"@type":"EntryPoint","urlTemplate":"https:\/\/www.bakeryturnkey.com\/?s={search_term_string}"},"query-input":{"@type":"PropertyValueSpecification","valueRequired":true,"valueName":"search_term_string"}}],"inLanguage":"pt-PT"},{"@type":"Organization","@id":"https:\/\/www.bakeryturnkey.com\/#organization","name":"Bakery Food Processing Equipment Manufacturer","url":"https:\/\/www.bakeryturnkey.com\/","logo":{"@type":"ImageObject","inLanguage":"pt-PT","@id":"https:\/\/www.bakeryturnkey.com\/#\/schema\/logo\/image\/","url":"https:\/\/www.bakeryturnkey.com\/wp-content\/uploads\/2022\/03\/cropped-13-1.png","contentUrl":"https:\/\/www.bakeryturnkey.com\/wp-content\/uploads\/2022\/03\/cropped-13-1.png","width":512,"height":429,"caption":"Bakery Food Processing Equipment Manufacturer"},"image":{"@id":"https:\/\/www.bakeryturnkey.com\/#\/schema\/logo\/image\/"}},false]}},"yasr_visitor_votes":{"stars_attributes":{"read_only":false,"span_bottom":false},"number_of_votes":0,"sum_votes":0},"_links":{"self":[{"href":"https:\/\/www.bakeryturnkey.com\/pt\/wp-json\/wp\/v2\/product\/3778","targetHints":{"allow":["GET"]}}],"collection":[{"href":"https:\/\/www.bakeryturnkey.com\/pt\/wp-json\/wp\/v2\/product"}],"about":[{"href":"https:\/\/www.bakeryturnkey.com\/pt\/wp-json\/wp\/v2\/types\/product"}],"replies":[{"embeddable":true,"href":"https:\/\/www.bakeryturnkey.com\/pt\/wp-json\/wp\/v2\/comments?post=3778"}],"wp:featuredmedia":[{"embeddable":true,"href":"https:\/\/www.bakeryturnkey.com\/pt\/wp-json\/wp\/v2\/media\/3781"}],"wp:attachment":[{"href":"https:\/\/www.bakeryturnkey.com\/pt\/wp-json\/wp\/v2\/media?parent=3778"}],"wp:term":[{"taxonomy":"product_cat","embeddable":true,"href":"https:\/\/www.bakeryturnkey.com\/pt\/wp-json\/wp\/v2\/product_cat?post=3778"},{"taxonomy":"product_tag","embeddable":true,"href":"https:\/\/www.bakeryturnkey.com\/pt\/wp-json\/wp\/v2\/product_tag?post=3778"}],"curies":[{"name":"wp","href":"https:\/\/api.w.org\/{rel}","templated":true}]}}