{"id":3750,"date":"2022-05-09T16:02:42","date_gmt":"2022-05-09T08:02:42","guid":{"rendered":"https:\/\/www.bakeryturnkey.com\/?post_type=product&#038;p=3750"},"modified":"2025-10-17T15:22:51","modified_gmt":"2025-10-17T07:22:51","slug":"bakpia-hopia-oven-indonesia","status":"publish","type":"product","link":"https:\/\/www.bakeryturnkey.com\/pt\/produto\/bakpia-hopia-oven-indonesia\/","title":{"rendered":"0-300\u2103 Pre\u00e7o do forno Bakpia (Hopia) na Indon\u00e9sia"},"content":{"rendered":"<p>O <strong>forno bakpia<\/strong> \u00e9 feita de a\u00e7o inoxid\u00e1vel de alta qualidade, pelo que os produtos de bakpia (hopia) s\u00e3o mais limpos e higi\u00e9nicos. Amplamente utilizado na Indon\u00e9sia, Filipinas e outros pa\u00edses.<\/p>\n<h2><strong>Estrutura do forno de cozedura industrial<\/strong><\/h2>\n<p>O forno de bakpia adopta uma estrutura fixa ou uma estrutura destac\u00e1vel, e toda a m\u00e1quina adopta uma placa de a\u00e7o inoxid\u00e1vel.<br \/>\nA espessura do painel da porta e do revestimento interior da c\u00e2mara de cozedura \u00e9 de 1,0 mm de a\u00e7o inoxid\u00e1vel.<br \/>\nEste forno com grelha m\u00f3vel (destac\u00e1vel opcional) para facilitar o transporte.<br \/>\nO rolamento inferior \u00e9 utilizado para rodar, e o ar quente for\u00e7ado \u00e9 aquecido por circula\u00e7\u00e3o de ar for\u00e7ada, o que reduz o tempo de aquecimento e poupa energia.<br \/>\nO forno hopia autom\u00e1tico adopta a circula\u00e7\u00e3o de ar quente e a rota\u00e7\u00e3o do carrinho para aquecer uniformemente.<\/p>\n<h2><strong>Produtos aplic\u00e1veis<\/strong><\/h2>\n<p>Esta m\u00e1quina de cozer bakpia pode ser utilizada para cozer p\u00e3o (p\u00e3o torrado, p\u00e3o franc\u00eas, hamb\u00farguer), bolos, hopia, bakpia, bolos de lua, biscoitos e produtos de carne, como pato assado, frango assado, carne assada, etc., a pedido).<\/p>\n<h2><strong>Carater\u00edsticas do forno Hopia<\/strong><\/h2>\n<p>1. Adopta o m\u00e9todo de opera\u00e7\u00e3o de entrada e sa\u00edda de todo o ve\u00edculo, e coze 32 tabuleiros de cada vez, o que \u00e9 f\u00e1cil de operar e poupa tempo e esfor\u00e7o.<br \/>\n2. Controlar livremente a temperatura, o tempo e o sistema de rota\u00e7\u00e3o de toda a m\u00e1quina, que \u00e9 f\u00e1cil de operar.<br \/>\n3. O forno adopta um tubo de aquecimento el\u00e9trico em a\u00e7o inoxid\u00e1vel, que d\u00e1 aten\u00e7\u00e3o \u00e0 utiliza\u00e7\u00e3o econ\u00f3mica dos utilizadores, ao mesmo tempo que d\u00e1 aten\u00e7\u00e3o \u00e0 qualidade da utiliza\u00e7\u00e3o.<br \/>\n4. A camada de isolamento t\u00e9rmico \u00e9 feita de material de algod\u00e3o fino de alta densidade com boas propriedades de isolamento t\u00e9rmico. Tem uma veda\u00e7\u00e3o apertada para reduzir a perda de calor.<br \/>\n5. O forno bakpia pode gerar vapor de acordo com os requisitos do processo, o que \u00e9 adequado para os requisitos de qualidade alimentar do padeiro.<br \/>\n6. A uniformidade de cozedura do forno: forte convec\u00e7\u00e3o do vento, boa penetra\u00e7\u00e3o, cozedura mais uniforme de Hopia, bakpia e outros produtos.<br \/>\n7. Utilizando l\u00e2mpadas de alta temperatura, os utilizadores podem observar o processo de cozedura dos alimentos atrav\u00e9s do vidro da porta do forno de dupla camada.<\/p>\n<h2><strong>V\u00eddeo do Forno Autom\u00e1tico de Bakpia<\/strong><\/h2>\n<div class=\"ast-oembed-container\"><iframe loading=\"lazy\" title=\"Forno rotativo comercial para p\u00e3o, bolos e biscoitos\" width=\"500\" height=\"281\" src=\"https:\/\/www.youtube.com\/embed\/x93hTeTepvo?feature=oembed\" frameborder=\"0\" allow=\"accelerometer; autoplay; clipboard-write; encrypted-media; gyroscope; picture-in-picture; web-share\" referrerpolicy=\"strict-origin-when-cross-origin\" allowfullscreen><\/iframe><\/div>\n<p>Se voc\u00ea quiser saber o pre\u00e7o do forno de bakpia comercial, entre em contato conosco. Email: lisa@machinehall.com, whatsapp\/wechat: +8615515571373.<\/p>\n<h3><strong>Par\u00e2metros t\u00e9cnicos<\/strong><\/h3>\n<table>\n<tbody>\n<tr>\n<td colspan=\"1\" rowspan=\"1\">Modelo<\/td>\n<td colspan=\"1\" rowspan=\"1\">GG116G<\/td>\n<td colspan=\"1\" rowspan=\"1\">GG132G<\/td>\n<\/tr>\n<tr>\n<td colspan=\"1\" rowspan=\"1\">Tens\u00e3o<\/td>\n<td colspan=\"1\" rowspan=\"1\">380V<\/td>\n<td colspan=\"1\" rowspan=\"1\">380V<\/td>\n<\/tr>\n<tr>\n<td colspan=\"1\" rowspan=\"1\">Pot\u00eancia<\/td>\n<td colspan=\"1\" rowspan=\"1\">3,1KW<\/td>\n<td colspan=\"1\" rowspan=\"1\">3,1KW<\/td>\n<\/tr>\n<tr>\n<td colspan=\"1\" rowspan=\"1\">Energia t\u00e9rmica<\/td>\n<td colspan=\"1\" rowspan=\"1\">\uff1e7.5KW<\/td>\n<td colspan=\"1\" rowspan=\"1\">\uff1e7.5KW<\/td>\n<\/tr>\n<tr>\n<td colspan=\"1\" rowspan=\"1\">Gama de temperaturas<\/td>\n<td colspan=\"1\" rowspan=\"1\">0-300\u2103<\/td>\n<td colspan=\"1\" rowspan=\"1\">0-300\u2103<\/td>\n<\/tr>\n<tr>\n<td colspan=\"1\" rowspan=\"1\">N\u00famero de placas<\/td>\n<td colspan=\"1\" rowspan=\"1\">16 pe\u00e7as<\/td>\n<td colspan=\"1\" rowspan=\"1\">32 pe\u00e7as<\/td>\n<\/tr>\n<tr>\n<td colspan=\"1\" rowspan=\"1\">Dimens\u00f5es<\/td>\n<td colspan=\"1\" rowspan=\"1\">1660*2560*2450MM<\/td>\n<td colspan=\"1\" rowspan=\"1\">1660*2560*2450MM<\/td>\n<\/tr>\n<tr>\n<td colspan=\"1\" rowspan=\"1\">Tamanho da estrutura do carrinho<\/td>\n<td colspan=\"1\" rowspan=\"1\">1750*500*800MM<\/td>\n<td colspan=\"1\" rowspan=\"1\">1750*500*800MM<\/td>\n<\/tr>\n<tr>\n<td colspan=\"1\" rowspan=\"1\">Peso total<\/td>\n<td colspan=\"1\" rowspan=\"1\">2000KG<\/td>\n<td colspan=\"1\" rowspan=\"1\">2000KG<\/td>\n<\/tr>\n<tr>\n<td colspan=\"1\" rowspan=\"1\">Meio de combust\u00e3o<\/td>\n<td colspan=\"1\" rowspan=\"1\">G\u00e1s<\/td>\n<td colspan=\"1\" rowspan=\"1\">G\u00e1s<\/td>\n<\/tr>\n<\/tbody>\n<\/table>\n<h3><strong>Deixe o seu pedido de or\u00e7amento<\/strong><\/h3>\n\n<div class=\"wpcf7 no-js\" id=\"wpcf7-f2977-o1\" lang=\"en-US\" dir=\"ltr\">\n<div class=\"screen-reader-response\"><p role=\"status\" aria-live=\"polite\" aria-atomic=\"true\"><\/p> <ul><\/ul><\/div>\n<form action=\"\/pt\/wp-json\/wp\/v2\/product\/3750#wpcf7-f2977-o1\" method=\"post\" class=\"wpcf7-form init\" aria-label=\"Formul\u00e1rio de contacto\" novalidate=\"novalidate\" data-status=\"init\" data-trp-original-action=\"\/pt\/wp-json\/wp\/v2\/product\/3750#wpcf7-f2977-o1\">\n<div style=\"display: none;\">\n<input type=\"hidden\" name=\"_wpcf7\" value=\"2977\" \/>\n<input type=\"hidden\" name=\"_wpcf7_version\" value=\"5.7.7\" \/>\n<input type=\"hidden\" name=\"_wpcf7_locale\" value=\"en_US\" \/>\n<input type=\"hidden\" name=\"_wpcf7_unit_tag\" value=\"wpcf7-f2977-o1\" \/>\n<input type=\"hidden\" name=\"_wpcf7_container_post\" value=\"0\" \/>\n<input type=\"hidden\" name=\"_wpcf7_posted_data_hash\" value=\"\" \/>\n<\/div>\n<p><label> O seu nome*<br \/>\n<span class=\"wpcf7-form-control-wrap\" data-name=\"your-name\"><input size=\"40\" class=\"wpcf7-form-control wpcf7-text wpcf7-validates-as-required\" aria-required=\"true\" aria-invalid=\"false\" value=\"\" type=\"text\" name=\"your-name\" \/><\/span> <\/label>\n<\/p>\n<p><label> O seu pa\u00eds<br \/>\n<span class=\"wpcf7-form-control-wrap\" data-name=\"your-country\"><input size=\"40\" class=\"wpcf7-form-control wpcf7-text\" aria-invalid=\"false\" value=\"\" type=\"text\" name=\"your-country\" \/><\/span><\/label>\n<\/p>\n<p><label> O seu e-mail*<br \/>\n<span class=\"wpcf7-form-control-wrap\" data-name=\"your-email\"><input size=\"40\" class=\"wpcf7-form-control wpcf7-text wpcf7-email wpcf7-validates-as-required wpcf7-validates-as-email\" aria-required=\"true\" aria-invalid=\"false\" value=\"\" type=\"email\" name=\"your-email\" \/><\/span> <\/label>\n<\/p>\n<p><label> O seu telem\u00f3vel<br \/>\n<span class=\"wpcf7-form-control-wrap\" data-name=\"your-phone\"><input size=\"40\" class=\"wpcf7-form-control wpcf7-text\" aria-invalid=\"false\" value=\"\" type=\"text\" name=\"your-phone\" \/><\/span> <\/label>\n<\/p>\n<p><label> Nome da empresa<br \/>\n<span class=\"wpcf7-form-control-wrap\" data-name=\"text-529\"><input size=\"40\" class=\"wpcf7-form-control wpcf7-text\" aria-invalid=\"false\" value=\"\" type=\"text\" name=\"text-529\" \/><\/span> <\/label>\n<\/p>\n<p><label> S\u00edtio Web da empresa<br \/>\n<span class=\"wpcf7-form-control-wrap\" data-name=\"text-106\"><input size=\"40\" class=\"wpcf7-form-control wpcf7-text\" aria-invalid=\"false\" value=\"\" type=\"text\" name=\"text-106\" \/><\/span> <\/label>\n<\/p>\n<p><label> A sua mensagem*<br \/>\n<span class=\"wpcf7-form-control-wrap\" data-name=\"your-message\"><textarea cols=\"40\" rows=\"10\" class=\"wpcf7-form-control wpcf7-textarea wpcf7-validates-as-required\" aria-required=\"true\" aria-invalid=\"false\" name=\"your-message\"><\/textarea><\/span> <\/label>\n<\/p>\n<p><input class=\"wpcf7-form-control has-spinner wpcf7-submit\" type=\"submit\" value=\"Enviar\" \/>\n<\/p><p style=\"display: none !important;\" class=\"akismet-fields-container\" data-prefix=\"_wpcf7_ak_\"><label>&#916;<textarea name=\"_wpcf7_ak_hp_textarea\" cols=\"45\" rows=\"8\" maxlength=\"100\"><\/textarea><\/label><input type=\"hidden\" id=\"ak_js_1\" name=\"_wpcf7_ak_js\" value=\"169\"\/><script>document.getElementById( \"ak_js_1\" ).setAttribute( \"value\", ( new Date() ).getTime() );<\/script><\/p><div class=\"wpcf7-response-output\" aria-hidden=\"true\"><\/div>\n<input type=\"hidden\" name=\"trp-form-language\" value=\"pt\"\/><\/form>\n<\/div>\n\n<div style='text-align:left' class='yasr-auto-insert-visitor'><\/div>","protected":false},"excerpt":{"rendered":"<p>\u25c6 Correio eletr\u00f3nico: lisa@machinehall.com<\/p>\n<p>\u25c6 Whatsapp\/Wechat\/Mobile: +8615515571373<\/p>\n<p>&nbsp;<\/p>","protected":false},"featured_media":3751,"comment_status":"open","ping_status":"closed","template":"","meta":{"site-sidebar-layout":"default","site-content-layout":"default","ast-main-header-display":"","ast-hfb-above-header-display":"","ast-hfb-below-header-display":"","ast-hfb-mobile-header-display":"","site-post-title":"","ast-breadcrumbs-content":"","ast-featured-img":"","footer-sml-layout":"","theme-transparent-header-meta":"default","adv-header-id-meta":"","stick-header-meta":"","header-above-stick-meta":"","header-main-stick-meta":"","header-below-stick-meta":"","yasr_overall_rating":0,"yasr_post_is_review":"","yasr_auto_insert_disabled":"","yasr_review_type":""},"product_cat":[33],"product_tag":[],"class_list":["post-3750","product","type-product","status-publish","has-post-thumbnail","hentry","product_cat-mooncake-machinery"],"yoast_head":"<!-- This site is optimized with the Yoast SEO plugin v27.5 - https:\/\/yoast.com\/product\/yoast-seo-wordpress\/ -->\n<title>0-300\u2103 Bakpia(Hopia) Oven Price in Indonesia<\/title>\n<meta name=\"description\" content=\"The bakpia oven has electric and gas heating methods, is suitable for baking bakpia, hopia, and other pastry product.\" \/>\n<meta name=\"robots\" content=\"index, follow, max-snippet:-1, max-image-preview:large, max-video-preview:-1\" \/>\n<link rel=\"canonical\" href=\"https:\/\/www.bakeryturnkey.com\/pt\/produto\/bakpia-hopia-oven-indonesia\/\" \/>\n<meta property=\"og:locale\" content=\"pt_PT\" \/>\n<meta property=\"og:type\" content=\"article\" \/>\n<meta property=\"og:title\" content=\"0-300\u2103 Bakpia(Hopia) Oven Price in Indonesia\" \/>\n<meta property=\"og:description\" content=\"The bakpia oven has electric and gas heating methods, is suitable for baking bakpia, hopia, and other pastry product.\" \/>\n<meta property=\"og:url\" content=\"https:\/\/www.bakeryturnkey.com\/pt\/produto\/bakpia-hopia-oven-indonesia\/\" \/>\n<meta property=\"og:site_name\" content=\"Bakery Food Processing Equipment Manufacturer\" \/>\n<meta property=\"article:modified_time\" content=\"2025-10-17T07:22:51+00:00\" \/>\n<meta property=\"og:image\" content=\"https:\/\/www.bakeryturnkey.com\/wp-content\/uploads\/2022\/05\/14.jpg\" \/>\n\t<meta property=\"og:image:width\" content=\"800\" \/>\n\t<meta property=\"og:image:height\" content=\"800\" \/>\n\t<meta property=\"og:image:type\" content=\"image\/jpeg\" \/>\n<meta name=\"twitter:card\" content=\"summary_large_image\" \/>\n<meta name=\"twitter:label1\" content=\"Tempo estimado de leitura\" \/>\n\t<meta name=\"twitter:data1\" content=\"2 minutos\" \/>\n<script type=\"application\/ld+json\" class=\"yoast-schema-graph\">{\"@context\":\"https:\\\/\\\/schema.org\",\"@graph\":[{\"@type\":\"WebPage\",\"@id\":\"https:\\\/\\\/www.bakeryturnkey.com\\\/product\\\/bakpia-hopia-oven-indonesia\\\/\",\"url\":\"https:\\\/\\\/www.bakeryturnkey.com\\\/product\\\/bakpia-hopia-oven-indonesia\\\/\",\"name\":\"0-300\u2103 Bakpia(Hopia) Oven Price in Indonesia\",\"isPartOf\":{\"@id\":\"https:\\\/\\\/www.bakeryturnkey.com\\\/#website\"},\"primaryImageOfPage\":{\"@id\":\"https:\\\/\\\/www.bakeryturnkey.com\\\/product\\\/bakpia-hopia-oven-indonesia\\\/#primaryimage\"},\"image\":{\"@id\":\"https:\\\/\\\/www.bakeryturnkey.com\\\/product\\\/bakpia-hopia-oven-indonesia\\\/#primaryimage\"},\"thumbnailUrl\":\"https:\\\/\\\/www.bakeryturnkey.com\\\/wp-content\\\/uploads\\\/2022\\\/05\\\/14.jpg\",\"datePublished\":\"2022-05-09T08:02:42+00:00\",\"dateModified\":\"2025-10-17T07:22:51+00:00\",\"description\":\"The bakpia oven has electric and gas heating methods, is suitable for baking bakpia, hopia, and other pastry product.\",\"breadcrumb\":{\"@id\":\"https:\\\/\\\/www.bakeryturnkey.com\\\/product\\\/bakpia-hopia-oven-indonesia\\\/#breadcrumb\"},\"inLanguage\":\"pt-PT\",\"potentialAction\":[{\"@type\":\"ReadAction\",\"target\":[\"https:\\\/\\\/www.bakeryturnkey.com\\\/product\\\/bakpia-hopia-oven-indonesia\\\/\"]}]},{\"@type\":\"ImageObject\",\"inLanguage\":\"pt-PT\",\"@id\":\"https:\\\/\\\/www.bakeryturnkey.com\\\/product\\\/bakpia-hopia-oven-indonesia\\\/#primaryimage\",\"url\":\"https:\\\/\\\/www.bakeryturnkey.com\\\/wp-content\\\/uploads\\\/2022\\\/05\\\/14.jpg\",\"contentUrl\":\"https:\\\/\\\/www.bakeryturnkey.com\\\/wp-content\\\/uploads\\\/2022\\\/05\\\/14.jpg\",\"width\":800,\"height\":800,\"caption\":\"Bakpia Baking Oven\"},{\"@type\":\"BreadcrumbList\",\"@id\":\"https:\\\/\\\/www.bakeryturnkey.com\\\/product\\\/bakpia-hopia-oven-indonesia\\\/#breadcrumb\",\"itemListElement\":[{\"@type\":\"ListItem\",\"position\":1,\"name\":\"Home\",\"item\":\"https:\\\/\\\/www.bakeryturnkey.com\\\/\"},{\"@type\":\"ListItem\",\"position\":2,\"name\":\"Products\",\"item\":\"https:\\\/\\\/www.bakeryturnkey.com\\\/products\\\/\"},{\"@type\":\"ListItem\",\"position\":3,\"name\":\"0-300\u2103 Bakpia(Hopia) Oven Price in Indonesia\"}]},{\"@type\":\"WebSite\",\"@id\":\"https:\\\/\\\/www.bakeryturnkey.com\\\/#website\",\"url\":\"https:\\\/\\\/www.bakeryturnkey.com\\\/\",\"name\":\"Bakery Food Processing Equipment Manufacturer\",\"description\":\"Bakery Food Solutions Provider\",\"publisher\":{\"@id\":\"https:\\\/\\\/www.bakeryturnkey.com\\\/#organization\"},\"potentialAction\":[{\"@type\":\"SearchAction\",\"target\":{\"@type\":\"EntryPoint\",\"urlTemplate\":\"https:\\\/\\\/www.bakeryturnkey.com\\\/?s={search_term_string}\"},\"query-input\":{\"@type\":\"PropertyValueSpecification\",\"valueRequired\":true,\"valueName\":\"search_term_string\"}}],\"inLanguage\":\"pt-PT\"},{\"@type\":\"Organization\",\"@id\":\"https:\\\/\\\/www.bakeryturnkey.com\\\/#organization\",\"name\":\"Bakery Food Processing Equipment Manufacturer\",\"url\":\"https:\\\/\\\/www.bakeryturnkey.com\\\/\",\"logo\":{\"@type\":\"ImageObject\",\"inLanguage\":\"pt-PT\",\"@id\":\"https:\\\/\\\/www.bakeryturnkey.com\\\/#\\\/schema\\\/logo\\\/image\\\/\",\"url\":\"https:\\\/\\\/www.bakeryturnkey.com\\\/wp-content\\\/uploads\\\/2022\\\/03\\\/cropped-13-1.png\",\"contentUrl\":\"https:\\\/\\\/www.bakeryturnkey.com\\\/wp-content\\\/uploads\\\/2022\\\/03\\\/cropped-13-1.png\",\"width\":512,\"height\":429,\"caption\":\"Bakery Food Processing Equipment Manufacturer\"},\"image\":{\"@id\":\"https:\\\/\\\/www.bakeryturnkey.com\\\/#\\\/schema\\\/logo\\\/image\\\/\"}},false]}<\/script>\n<!-- \/ Yoast SEO plugin. -->","yoast_head_json":{"title":"0-300\u2103 Bakpia(Hopia) Oven Price in Indonesia","description":"The bakpia oven has electric and gas heating methods, is suitable for baking bakpia, hopia, and other pastry product.","robots":{"index":"index","follow":"follow","max-snippet":"max-snippet:-1","max-image-preview":"max-image-preview:large","max-video-preview":"max-video-preview:-1"},"canonical":"https:\/\/www.bakeryturnkey.com\/pt\/produto\/bakpia-hopia-oven-indonesia\/","og_locale":"pt_PT","og_type":"article","og_title":"0-300\u2103 Bakpia(Hopia) Oven Price in Indonesia","og_description":"The bakpia oven has electric and gas heating methods, is suitable for baking bakpia, hopia, and other pastry product.","og_url":"https:\/\/www.bakeryturnkey.com\/pt\/produto\/bakpia-hopia-oven-indonesia\/","og_site_name":"Bakery Food Processing Equipment Manufacturer","article_modified_time":"2025-10-17T07:22:51+00:00","og_image":[{"width":800,"height":800,"url":"https:\/\/www.bakeryturnkey.com\/wp-content\/uploads\/2022\/05\/14.jpg","type":"image\/jpeg"}],"twitter_card":"summary_large_image","twitter_misc":{"Tempo estimado de leitura":"2 minutos"},"schema":{"@context":"https:\/\/schema.org","@graph":[{"@type":"WebPage","@id":"https:\/\/www.bakeryturnkey.com\/product\/bakpia-hopia-oven-indonesia\/","url":"https:\/\/www.bakeryturnkey.com\/product\/bakpia-hopia-oven-indonesia\/","name":"0-300\u2103 Bakpia(Hopia) Oven Price in Indonesia","isPartOf":{"@id":"https:\/\/www.bakeryturnkey.com\/#website"},"primaryImageOfPage":{"@id":"https:\/\/www.bakeryturnkey.com\/product\/bakpia-hopia-oven-indonesia\/#primaryimage"},"image":{"@id":"https:\/\/www.bakeryturnkey.com\/product\/bakpia-hopia-oven-indonesia\/#primaryimage"},"thumbnailUrl":"https:\/\/www.bakeryturnkey.com\/wp-content\/uploads\/2022\/05\/14.jpg","datePublished":"2022-05-09T08:02:42+00:00","dateModified":"2025-10-17T07:22:51+00:00","description":"The bakpia oven has electric and gas heating methods, is suitable for baking bakpia, hopia, and other pastry product.","breadcrumb":{"@id":"https:\/\/www.bakeryturnkey.com\/product\/bakpia-hopia-oven-indonesia\/#breadcrumb"},"inLanguage":"pt-PT","potentialAction":[{"@type":"ReadAction","target":["https:\/\/www.bakeryturnkey.com\/product\/bakpia-hopia-oven-indonesia\/"]}]},{"@type":"ImageObject","inLanguage":"pt-PT","@id":"https:\/\/www.bakeryturnkey.com\/product\/bakpia-hopia-oven-indonesia\/#primaryimage","url":"https:\/\/www.bakeryturnkey.com\/wp-content\/uploads\/2022\/05\/14.jpg","contentUrl":"https:\/\/www.bakeryturnkey.com\/wp-content\/uploads\/2022\/05\/14.jpg","width":800,"height":800,"caption":"Bakpia Baking Oven"},{"@type":"BreadcrumbList","@id":"https:\/\/www.bakeryturnkey.com\/product\/bakpia-hopia-oven-indonesia\/#breadcrumb","itemListElement":[{"@type":"ListItem","position":1,"name":"Home","item":"https:\/\/www.bakeryturnkey.com\/"},{"@type":"ListItem","position":2,"name":"Products","item":"https:\/\/www.bakeryturnkey.com\/products\/"},{"@type":"ListItem","position":3,"name":"0-300\u2103 Bakpia(Hopia) Oven Price in Indonesia"}]},{"@type":"WebSite","@id":"https:\/\/www.bakeryturnkey.com\/#website","url":"https:\/\/www.bakeryturnkey.com\/","name":"Bakery Food Processing Equipment Manufacturer","description":"Bakery Food Solutions Provider","publisher":{"@id":"https:\/\/www.bakeryturnkey.com\/#organization"},"potentialAction":[{"@type":"SearchAction","target":{"@type":"EntryPoint","urlTemplate":"https:\/\/www.bakeryturnkey.com\/?s={search_term_string}"},"query-input":{"@type":"PropertyValueSpecification","valueRequired":true,"valueName":"search_term_string"}}],"inLanguage":"pt-PT"},{"@type":"Organization","@id":"https:\/\/www.bakeryturnkey.com\/#organization","name":"Bakery Food Processing Equipment Manufacturer","url":"https:\/\/www.bakeryturnkey.com\/","logo":{"@type":"ImageObject","inLanguage":"pt-PT","@id":"https:\/\/www.bakeryturnkey.com\/#\/schema\/logo\/image\/","url":"https:\/\/www.bakeryturnkey.com\/wp-content\/uploads\/2022\/03\/cropped-13-1.png","contentUrl":"https:\/\/www.bakeryturnkey.com\/wp-content\/uploads\/2022\/03\/cropped-13-1.png","width":512,"height":429,"caption":"Bakery Food Processing Equipment Manufacturer"},"image":{"@id":"https:\/\/www.bakeryturnkey.com\/#\/schema\/logo\/image\/"}},false]}},"yasr_visitor_votes":{"stars_attributes":{"read_only":false,"span_bottom":false},"number_of_votes":1,"sum_votes":5},"_links":{"self":[{"href":"https:\/\/www.bakeryturnkey.com\/pt\/wp-json\/wp\/v2\/product\/3750","targetHints":{"allow":["GET"]}}],"collection":[{"href":"https:\/\/www.bakeryturnkey.com\/pt\/wp-json\/wp\/v2\/product"}],"about":[{"href":"https:\/\/www.bakeryturnkey.com\/pt\/wp-json\/wp\/v2\/types\/product"}],"replies":[{"embeddable":true,"href":"https:\/\/www.bakeryturnkey.com\/pt\/wp-json\/wp\/v2\/comments?post=3750"}],"wp:featuredmedia":[{"embeddable":true,"href":"https:\/\/www.bakeryturnkey.com\/pt\/wp-json\/wp\/v2\/media\/3751"}],"wp:attachment":[{"href":"https:\/\/www.bakeryturnkey.com\/pt\/wp-json\/wp\/v2\/media?parent=3750"}],"wp:term":[{"taxonomy":"product_cat","embeddable":true,"href":"https:\/\/www.bakeryturnkey.com\/pt\/wp-json\/wp\/v2\/product_cat?post=3750"},{"taxonomy":"product_tag","embeddable":true,"href":"https:\/\/www.bakeryturnkey.com\/pt\/wp-json\/wp\/v2\/product_tag?post=3750"}],"curies":[{"name":"wp","href":"https:\/\/api.w.org\/{rel}","templated":true}]}}