{"id":3746,"date":"2022-05-07T12:31:50","date_gmt":"2022-05-07T04:31:50","guid":{"rendered":"https:\/\/www.bakeryturnkey.com\/?post_type=product&#038;p=3746"},"modified":"2025-04-08T19:21:06","modified_gmt":"2025-04-08T11:21:06","slug":"tart-shell-arranging-machine","status":"publish","type":"product","link":"https:\/\/www.bakeryturnkey.com\/pt\/produto\/tart-shell-arranging-machine\/","title":{"rendered":"Pre\u00e7o da m\u00e1quina de arranjo de concha de torta de 12 camadas"},"content":{"rendered":"<p>A m\u00e1quina de dispor cascas de tartes, como o nome sugere, \u00e9 uma m\u00e1quina multifuncional concebida para dispor eficazmente as cascas de tartes em tabuleiros, assegurando uma coloca\u00e7\u00e3o limpa e organizada.<\/p>\n<p>A m\u00e1quina desenvolvida pela nossa f\u00e1brica, pode conter 12 camadas de tabuleiros. E \u00e9 personaliz\u00e1vel para atender \u00e0s necessidades espec\u00edficas do cliente. \u00c9 ideal para cadeias de padarias, f\u00e1bricas de bolos e outras instala\u00e7\u00f5es de produ\u00e7\u00e3o de snacks.<\/p>\n<p><img loading=\"lazy\" decoding=\"async\" class=\"alignnone size-full wp-image-3748\" src=\"https:\/\/www.bakeryturnkey.com\/wp-content\/uploads\/2022\/05\/9.jpg\" alt=\"M\u00e1quina de fazer tortas de ovos\" width=\"700\" height=\"400\" srcset=\"https:\/\/www.bakeryturnkey.com\/wp-content\/uploads\/2022\/05\/9.jpg 700w, https:\/\/www.bakeryturnkey.com\/wp-content\/uploads\/2022\/05\/9-600x343.jpg 600w, https:\/\/www.bakeryturnkey.com\/wp-content\/uploads\/2022\/05\/9-300x171.jpg 300w\" sizes=\"auto, (max-width: 700px) 100vw, 700px\" \/><\/p>\n<h2><strong>Carater\u00edsticas da m\u00e1quina de arranjar cascas de tartes de ovos<\/strong><\/h2>\n<ul>\n<li>Sistema de controlo PLC: Ajusta automaticamente os par\u00e2metros com uma interface clara em chin\u00eas e ingl\u00eas, reduzindo a interven\u00e7\u00e3o manual e aumentando a efici\u00eancia operacional.<\/li>\n<li>A\u00e7o inoxid\u00e1vel de qualidade alimentar: Esta m\u00e1quina \u00e9 feita de a\u00e7o inoxid\u00e1vel dur\u00e1vel e f\u00e1cil de limpar, garantindo a conformidade com as normas de seguran\u00e7a alimentar.<\/li>\n<li>Design personaliz\u00e1vel: Adaptado para se ajustar a v\u00e1rios tamanhos de tabuleiros, oferecendo flexibilidade para diferentes necessidades de produ\u00e7\u00e3o e requisitos de espa\u00e7o.<\/li>\n<li>Precis\u00e3o do servo motor: Esta m\u00e1quina de arranjo tem um posicionamento de alta precis\u00e3o e um desempenho est\u00e1vel, para um arranjo de conchas fi\u00e1vel e sem erros.<\/li>\n<li>Linha de produ\u00e7\u00e3o integrada: Compat\u00edvel com m\u00e1quinas de ovos l\u00edquidos, fornos de t\u00fanel e outros equipamentos para agilizar todo o processo de cozedura.<\/li>\n<\/ul>\n<h2><strong>Aplica\u00e7\u00e3o da m\u00e1quina de fazer tortas<\/strong><\/h2>\n<p>A m\u00e1quina \u00e9 de utiliza\u00e7\u00e3o vers\u00e1til, n\u00e3o s\u00f3 para arranjar cascas de tartes de ovos, mas tamb\u00e9m \u00e9 compat\u00edvel com v\u00e1rios produtos de pastelaria, tais como bolos de esposa, bolos curtos, bolos de lua, bolos, p\u00e3es cozidos a vapor e biscoitos.<\/p>\n<p>A m\u00e1quina integra-se perfeitamente com outros equipamentos, tais como m\u00e1quinas de fazer ovos l\u00edquidos ou fornos de cozedura, formando uma linha de produ\u00e7\u00e3o completa. O seu sistema de controlo PLC permite ajustes f\u00e1ceis dos par\u00e2metros, assegurando um funcionamento suave e uma interven\u00e7\u00e3o manual m\u00ednima.<\/p>\n<h2><strong>Como Trabalhar - M\u00e1quina de Arranjo de Casca de Torta<\/strong><\/h2>\n<p>A m\u00e1quina de organiza\u00e7\u00e3o de tartes funciona atrav\u00e9s de um processo automatizado para organizar eficazmente as cascas de tartes ou outros produtos de pastelaria em tabuleiros. Aqui est\u00e1 uma vis\u00e3o geral passo a passo do seu princ\u00edpio de funcionamento:<\/p>\n<ul>\n<li>Carregamento: As cascas de tartes ou os produtos de pastelaria n\u00e3o dispostos s\u00e3o introduzidos na tremonha de entrada da m\u00e1quina.<\/li>\n<li>Dete\u00e7\u00e3o: Sensores ou c\u00e2maras analisam as conchas para garantir a orienta\u00e7\u00e3o e o alinhamento corretos.<\/li>\n<li>Disposi\u00e7\u00e3o: Utilizando servo-motores e mecanismos de precis\u00e3o, a m\u00e1quina coloca ordenadamente as conchas nas posi\u00e7\u00f5es designadas no tabuleiro.<\/li>\n<li>Movimento dos tabuleiros: Os tabuleiros avan\u00e7am automaticamente atrav\u00e9s da m\u00e1quina, assegurando um funcionamento cont\u00ednuo.<\/li>\n<li>Sa\u00edda: Os tabuleiros totalmente dispostos s\u00e3o ejectados para processamento posterior, como enchimento ou cozedura.<\/li>\n<\/ul>\n<div class=\"ast-oembed-container\"><iframe loading=\"lazy\" title=\"M\u00e1quina autom\u00e1tica de fazer torta de ovo Mal\u00e1sia|M\u00e1quina de fazer casca de torta\" width=\"500\" height=\"375\" src=\"https:\/\/www.youtube.com\/embed\/P9ZMWvQS6IU?feature=oembed\" frameborder=\"0\" allow=\"accelerometer; autoplay; clipboard-write; encrypted-media; gyroscope; picture-in-picture; web-share\" referrerpolicy=\"strict-origin-when-cross-origin\" allowfullscreen><\/iframe><\/div>\n<h2><strong>Detalhes da m\u00e1quina<\/strong><\/h2>\n<ul>\n<li>Tens\u00e3o: 220V\/50Hz<\/li>\n<li>Tamanho do tabuleiro: 400*600mm, pode ser personalizado<\/li>\n<li>Tamanho: 1850*1500*1620mm<\/li>\n<li>Material: A\u00e7o inoxid\u00e1vel 304<\/li>\n<li>Pre\u00e7o negoci\u00e1vel<\/li>\n<\/ul>\n<p>Se estiver interessado na m\u00e1quina de arranjar tartes ou necessitar de mais informa\u00e7\u00f5es, contacte-nos. A nossa equipa dedicada est\u00e1 preparada para prestar apoio e fornecer informa\u00e7\u00f5es detalhadas para responder \u00e0s suas quest\u00f5es.<\/p>\n<ul>\n<li>Correio eletr\u00f3nico: lisa@machinehall.com<\/li>\n<li>WhatsApp: +8615515571373<\/li>\n<li>Wechat\/Telem\u00f3vel: 008615515571373<\/li>\n<\/ul>\n<h3><strong>Par\u00e2metros t\u00e9cnicos<\/strong><\/h3>\n<table border=\"0\" width=\"536\" cellspacing=\"0\" cellpadding=\"0\">\n<tbody>\n<tr>\n<td class=\"et2\" width=\"305\" height=\"21\">Modelo<\/td>\n<td class=\"et2\" width=\"231\">GG150<\/td>\n<\/tr>\n<tr>\n<td class=\"et2\" width=\"305\" height=\"21\">Tens\u00e3o<\/td>\n<td class=\"et2\" width=\"231\">220v 50hz 1 fase<\/td>\n<\/tr>\n<tr>\n<td class=\"et2\" width=\"305\" height=\"21\">Pot\u00eancia<\/td>\n<td class=\"et2\" width=\"231\">2,1kw<\/td>\n<\/tr>\n<tr>\n<td class=\"et2\" width=\"305\" height=\"21\">Tamanho da placa<\/td>\n<td class=\"et2\" width=\"231\">400*600mm<\/td>\n<\/tr>\n<tr>\n<td class=\"et2\" width=\"305\" height=\"21\">Capacidade<\/td>\n<td class=\"et2\" width=\"231\">10-250pcs\/min, 12Camadas<\/td>\n<\/tr>\n<tr>\n<td class=\"et2\" width=\"305\" height=\"21\">Dimens\u00e3o<\/td>\n<td class=\"et2\" width=\"231\">1850*1500*1620mm<\/td>\n<\/tr>\n<tr>\n<td class=\"et3\" height=\"21\">Peso<\/td>\n<td class=\"et3\">650 kg<\/td>\n<\/tr>\n<\/tbody>\n<\/table>\n<h3><strong>Deixe o seu pedido de or\u00e7amento<\/strong><\/h3>\n\n<div class=\"wpcf7 no-js\" id=\"wpcf7-f2977-o1\" lang=\"en-US\" dir=\"ltr\">\n<div class=\"screen-reader-response\"><p role=\"status\" aria-live=\"polite\" aria-atomic=\"true\"><\/p> <ul><\/ul><\/div>\n<form action=\"\/pt\/wp-json\/wp\/v2\/product\/3746#wpcf7-f2977-o1\" method=\"post\" class=\"wpcf7-form init\" aria-label=\"Formul\u00e1rio de contacto\" novalidate=\"novalidate\" data-status=\"init\" data-trp-original-action=\"\/pt\/wp-json\/wp\/v2\/product\/3746#wpcf7-f2977-o1\">\n<div style=\"display: none;\">\n<input type=\"hidden\" name=\"_wpcf7\" value=\"2977\" \/>\n<input type=\"hidden\" name=\"_wpcf7_version\" value=\"5.7.7\" \/>\n<input type=\"hidden\" name=\"_wpcf7_locale\" value=\"en_US\" \/>\n<input type=\"hidden\" name=\"_wpcf7_unit_tag\" value=\"wpcf7-f2977-o1\" \/>\n<input type=\"hidden\" name=\"_wpcf7_container_post\" value=\"0\" \/>\n<input type=\"hidden\" name=\"_wpcf7_posted_data_hash\" value=\"\" \/>\n<\/div>\n<p><label> O seu nome*<br \/>\n<span class=\"wpcf7-form-control-wrap\" data-name=\"your-name\"><input size=\"40\" class=\"wpcf7-form-control wpcf7-text wpcf7-validates-as-required\" aria-required=\"true\" aria-invalid=\"false\" value=\"\" type=\"text\" name=\"your-name\" \/><\/span> <\/label>\n<\/p>\n<p><label> O seu pa\u00eds<br \/>\n<span class=\"wpcf7-form-control-wrap\" data-name=\"your-country\"><input size=\"40\" class=\"wpcf7-form-control wpcf7-text\" aria-invalid=\"false\" value=\"\" type=\"text\" name=\"your-country\" \/><\/span><\/label>\n<\/p>\n<p><label> O seu e-mail*<br \/>\n<span class=\"wpcf7-form-control-wrap\" data-name=\"your-email\"><input size=\"40\" class=\"wpcf7-form-control wpcf7-text wpcf7-email wpcf7-validates-as-required wpcf7-validates-as-email\" aria-required=\"true\" aria-invalid=\"false\" value=\"\" type=\"email\" name=\"your-email\" \/><\/span> <\/label>\n<\/p>\n<p><label> O seu telem\u00f3vel<br \/>\n<span class=\"wpcf7-form-control-wrap\" data-name=\"your-phone\"><input size=\"40\" class=\"wpcf7-form-control wpcf7-text\" aria-invalid=\"false\" value=\"\" type=\"text\" name=\"your-phone\" \/><\/span> <\/label>\n<\/p>\n<p><label> Nome da empresa<br \/>\n<span class=\"wpcf7-form-control-wrap\" data-name=\"text-529\"><input size=\"40\" class=\"wpcf7-form-control wpcf7-text\" aria-invalid=\"false\" value=\"\" type=\"text\" name=\"text-529\" \/><\/span> <\/label>\n<\/p>\n<p><label> S\u00edtio Web da empresa<br \/>\n<span class=\"wpcf7-form-control-wrap\" data-name=\"text-106\"><input size=\"40\" class=\"wpcf7-form-control wpcf7-text\" aria-invalid=\"false\" value=\"\" type=\"text\" name=\"text-106\" \/><\/span> <\/label>\n<\/p>\n<p><label> A sua mensagem*<br \/>\n<span class=\"wpcf7-form-control-wrap\" data-name=\"your-message\"><textarea cols=\"40\" rows=\"10\" class=\"wpcf7-form-control wpcf7-textarea wpcf7-validates-as-required\" aria-required=\"true\" aria-invalid=\"false\" name=\"your-message\"><\/textarea><\/span> <\/label>\n<\/p>\n<p><input class=\"wpcf7-form-control has-spinner wpcf7-submit\" type=\"submit\" value=\"Enviar\" \/>\n<\/p><p style=\"display: none !important;\" class=\"akismet-fields-container\" data-prefix=\"_wpcf7_ak_\"><label>&#916;<textarea name=\"_wpcf7_ak_hp_textarea\" cols=\"45\" rows=\"8\" maxlength=\"100\"><\/textarea><\/label><input type=\"hidden\" id=\"ak_js_1\" name=\"_wpcf7_ak_js\" value=\"207\"\/><script>document.getElementById( \"ak_js_1\" ).setAttribute( \"value\", ( new Date() ).getTime() );<\/script><\/p><div class=\"wpcf7-response-output\" aria-hidden=\"true\"><\/div>\n<input type=\"hidden\" name=\"trp-form-language\" value=\"pt\"\/><\/form>\n<\/div>\n\n<div style='text-align:left' class='yasr-auto-insert-visitor'><\/div>","protected":false},"excerpt":{"rendered":"<p>A m\u00e1quina de dispor cascas de tartes, como o nome sugere, \u00e9 uma m\u00e1quina multifuncional que foi concebida para dispor eficazmente as cascas de tartes de ovos em tabuleiros, assegurando uma coloca\u00e7\u00e3o limpa e organizada. A m\u00e1quina desenvolvida pela nossa f\u00e1brica, pode conter 12 camadas de tabuleiros. E \u00e9 personaliz\u00e1vel para atender \u00e0s necessidades espec\u00edficas do cliente. \u00c9 ideal para cadeias de padarias, bolos ...<\/p>\n<p class=\"read-more\"> <a class=\"\" href=\"https:\/\/www.bakeryturnkey.com\/pt\/produto\/tart-shell-arranging-machine\/\"> <span class=\"screen-reader-text\">Pre\u00e7o da m\u00e1quina de arranjo de concha de torta de 12 camadas<\/span> Ler mais \"<\/a><\/p>","protected":false},"featured_media":3749,"comment_status":"open","ping_status":"closed","template":"","meta":{"site-sidebar-layout":"default","site-content-layout":"default","ast-main-header-display":"","ast-hfb-above-header-display":"","ast-hfb-below-header-display":"","ast-hfb-mobile-header-display":"","site-post-title":"","ast-breadcrumbs-content":"","ast-featured-img":"","footer-sml-layout":"","theme-transparent-header-meta":"default","adv-header-id-meta":"","stick-header-meta":"","header-above-stick-meta":"","header-main-stick-meta":"","header-below-stick-meta":"","yasr_overall_rating":0,"yasr_post_is_review":"","yasr_auto_insert_disabled":"","yasr_review_type":""},"product_cat":[35],"product_tag":[],"class_list":["post-3746","product","type-product","status-publish","has-post-thumbnail","hentry","product_cat-tart-machinery"],"yoast_head":"<!-- This site is optimized with the Yoast SEO plugin v27.5 - https:\/\/yoast.com\/product\/yoast-seo-wordpress\/ -->\n<title>12 Layers Tart Shell Arranging Machine Price<\/title>\n<meta name=\"description\" content=\"The tart shell arranging machine can arrange the egg tart shells neatly in the tray, and different layers can be customized according to the needs.\" \/>\n<meta name=\"robots\" content=\"index, follow, max-snippet:-1, max-image-preview:large, max-video-preview:-1\" \/>\n<link rel=\"canonical\" href=\"https:\/\/www.bakeryturnkey.com\/pt\/produto\/tart-shell-arranging-machine\/\" \/>\n<meta property=\"og:locale\" content=\"pt_PT\" \/>\n<meta property=\"og:type\" content=\"article\" \/>\n<meta property=\"og:title\" content=\"12 Layers Tart Shell Arranging Machine Price\" \/>\n<meta property=\"og:description\" content=\"The tart shell arranging machine can arrange the egg tart shells neatly in the tray, and different layers can be customized according to the needs.\" \/>\n<meta property=\"og:url\" content=\"https:\/\/www.bakeryturnkey.com\/pt\/produto\/tart-shell-arranging-machine\/\" \/>\n<meta property=\"og:site_name\" content=\"Bakery Food Processing Equipment Manufacturer\" \/>\n<meta property=\"article:modified_time\" content=\"2025-04-08T11:21:06+00:00\" \/>\n<meta property=\"og:image\" content=\"https:\/\/www.bakeryturnkey.com\/wp-content\/uploads\/2022\/05\/13.jpg\" \/>\n\t<meta property=\"og:image:width\" content=\"800\" \/>\n\t<meta property=\"og:image:height\" content=\"800\" \/>\n\t<meta property=\"og:image:type\" content=\"image\/jpeg\" \/>\n<meta name=\"twitter:card\" content=\"summary_large_image\" \/>\n<meta name=\"twitter:label1\" content=\"Tempo estimado de leitura\" \/>\n\t<meta name=\"twitter:data1\" content=\"3 minutos\" \/>\n<script type=\"application\/ld+json\" class=\"yoast-schema-graph\">{\"@context\":\"https:\\\/\\\/schema.org\",\"@graph\":[{\"@type\":\"WebPage\",\"@id\":\"https:\\\/\\\/www.bakeryturnkey.com\\\/product\\\/tart-shell-arranging-machine\\\/\",\"url\":\"https:\\\/\\\/www.bakeryturnkey.com\\\/product\\\/tart-shell-arranging-machine\\\/\",\"name\":\"12 Layers Tart Shell Arranging Machine Price\",\"isPartOf\":{\"@id\":\"https:\\\/\\\/www.bakeryturnkey.com\\\/#website\"},\"primaryImageOfPage\":{\"@id\":\"https:\\\/\\\/www.bakeryturnkey.com\\\/product\\\/tart-shell-arranging-machine\\\/#primaryimage\"},\"image\":{\"@id\":\"https:\\\/\\\/www.bakeryturnkey.com\\\/product\\\/tart-shell-arranging-machine\\\/#primaryimage\"},\"thumbnailUrl\":\"https:\\\/\\\/www.bakeryturnkey.com\\\/wp-content\\\/uploads\\\/2022\\\/05\\\/13.jpg\",\"datePublished\":\"2022-05-07T04:31:50+00:00\",\"dateModified\":\"2025-04-08T11:21:06+00:00\",\"description\":\"The tart shell arranging machine can arrange the egg tart shells neatly in the tray, and different layers can be customized according to the needs.\",\"breadcrumb\":{\"@id\":\"https:\\\/\\\/www.bakeryturnkey.com\\\/product\\\/tart-shell-arranging-machine\\\/#breadcrumb\"},\"inLanguage\":\"pt-PT\",\"potentialAction\":[{\"@type\":\"ReadAction\",\"target\":[\"https:\\\/\\\/www.bakeryturnkey.com\\\/product\\\/tart-shell-arranging-machine\\\/\"]}]},{\"@type\":\"ImageObject\",\"inLanguage\":\"pt-PT\",\"@id\":\"https:\\\/\\\/www.bakeryturnkey.com\\\/product\\\/tart-shell-arranging-machine\\\/#primaryimage\",\"url\":\"https:\\\/\\\/www.bakeryturnkey.com\\\/wp-content\\\/uploads\\\/2022\\\/05\\\/13.jpg\",\"contentUrl\":\"https:\\\/\\\/www.bakeryturnkey.com\\\/wp-content\\\/uploads\\\/2022\\\/05\\\/13.jpg\",\"width\":800,\"height\":800,\"caption\":\"Tart Arranging Machine\"},{\"@type\":\"BreadcrumbList\",\"@id\":\"https:\\\/\\\/www.bakeryturnkey.com\\\/product\\\/tart-shell-arranging-machine\\\/#breadcrumb\",\"itemListElement\":[{\"@type\":\"ListItem\",\"position\":1,\"name\":\"Home\",\"item\":\"https:\\\/\\\/www.bakeryturnkey.com\\\/\"},{\"@type\":\"ListItem\",\"position\":2,\"name\":\"Products\",\"item\":\"https:\\\/\\\/www.bakeryturnkey.com\\\/products\\\/\"},{\"@type\":\"ListItem\",\"position\":3,\"name\":\"12 Layers Tart Shell Arranging Machine Price\"}]},{\"@type\":\"WebSite\",\"@id\":\"https:\\\/\\\/www.bakeryturnkey.com\\\/#website\",\"url\":\"https:\\\/\\\/www.bakeryturnkey.com\\\/\",\"name\":\"Bakery Food Processing Equipment Manufacturer\",\"description\":\"Bakery Food Solutions Provider\",\"publisher\":{\"@id\":\"https:\\\/\\\/www.bakeryturnkey.com\\\/#organization\"},\"potentialAction\":[{\"@type\":\"SearchAction\",\"target\":{\"@type\":\"EntryPoint\",\"urlTemplate\":\"https:\\\/\\\/www.bakeryturnkey.com\\\/?s={search_term_string}\"},\"query-input\":{\"@type\":\"PropertyValueSpecification\",\"valueRequired\":true,\"valueName\":\"search_term_string\"}}],\"inLanguage\":\"pt-PT\"},{\"@type\":\"Organization\",\"@id\":\"https:\\\/\\\/www.bakeryturnkey.com\\\/#organization\",\"name\":\"Bakery Food Processing Equipment Manufacturer\",\"url\":\"https:\\\/\\\/www.bakeryturnkey.com\\\/\",\"logo\":{\"@type\":\"ImageObject\",\"inLanguage\":\"pt-PT\",\"@id\":\"https:\\\/\\\/www.bakeryturnkey.com\\\/#\\\/schema\\\/logo\\\/image\\\/\",\"url\":\"https:\\\/\\\/www.bakeryturnkey.com\\\/wp-content\\\/uploads\\\/2022\\\/03\\\/cropped-13-1.png\",\"contentUrl\":\"https:\\\/\\\/www.bakeryturnkey.com\\\/wp-content\\\/uploads\\\/2022\\\/03\\\/cropped-13-1.png\",\"width\":512,\"height\":429,\"caption\":\"Bakery Food Processing Equipment Manufacturer\"},\"image\":{\"@id\":\"https:\\\/\\\/www.bakeryturnkey.com\\\/#\\\/schema\\\/logo\\\/image\\\/\"}},false]}<\/script>\n<!-- \/ Yoast SEO plugin. -->","yoast_head_json":{"title":"12 Layers Tart Shell Arranging Machine Price","description":"The tart shell arranging machine can arrange the egg tart shells neatly in the tray, and different layers can be customized according to the needs.","robots":{"index":"index","follow":"follow","max-snippet":"max-snippet:-1","max-image-preview":"max-image-preview:large","max-video-preview":"max-video-preview:-1"},"canonical":"https:\/\/www.bakeryturnkey.com\/pt\/produto\/tart-shell-arranging-machine\/","og_locale":"pt_PT","og_type":"article","og_title":"12 Layers Tart Shell Arranging Machine Price","og_description":"The tart shell arranging machine can arrange the egg tart shells neatly in the tray, and different layers can be customized according to the needs.","og_url":"https:\/\/www.bakeryturnkey.com\/pt\/produto\/tart-shell-arranging-machine\/","og_site_name":"Bakery Food Processing Equipment Manufacturer","article_modified_time":"2025-04-08T11:21:06+00:00","og_image":[{"width":800,"height":800,"url":"https:\/\/www.bakeryturnkey.com\/wp-content\/uploads\/2022\/05\/13.jpg","type":"image\/jpeg"}],"twitter_card":"summary_large_image","twitter_misc":{"Tempo estimado de leitura":"3 minutos"},"schema":{"@context":"https:\/\/schema.org","@graph":[{"@type":"WebPage","@id":"https:\/\/www.bakeryturnkey.com\/product\/tart-shell-arranging-machine\/","url":"https:\/\/www.bakeryturnkey.com\/product\/tart-shell-arranging-machine\/","name":"12 Layers Tart Shell Arranging Machine Price","isPartOf":{"@id":"https:\/\/www.bakeryturnkey.com\/#website"},"primaryImageOfPage":{"@id":"https:\/\/www.bakeryturnkey.com\/product\/tart-shell-arranging-machine\/#primaryimage"},"image":{"@id":"https:\/\/www.bakeryturnkey.com\/product\/tart-shell-arranging-machine\/#primaryimage"},"thumbnailUrl":"https:\/\/www.bakeryturnkey.com\/wp-content\/uploads\/2022\/05\/13.jpg","datePublished":"2022-05-07T04:31:50+00:00","dateModified":"2025-04-08T11:21:06+00:00","description":"The tart shell arranging machine can arrange the egg tart shells neatly in the tray, and different layers can be customized according to the needs.","breadcrumb":{"@id":"https:\/\/www.bakeryturnkey.com\/product\/tart-shell-arranging-machine\/#breadcrumb"},"inLanguage":"pt-PT","potentialAction":[{"@type":"ReadAction","target":["https:\/\/www.bakeryturnkey.com\/product\/tart-shell-arranging-machine\/"]}]},{"@type":"ImageObject","inLanguage":"pt-PT","@id":"https:\/\/www.bakeryturnkey.com\/product\/tart-shell-arranging-machine\/#primaryimage","url":"https:\/\/www.bakeryturnkey.com\/wp-content\/uploads\/2022\/05\/13.jpg","contentUrl":"https:\/\/www.bakeryturnkey.com\/wp-content\/uploads\/2022\/05\/13.jpg","width":800,"height":800,"caption":"Tart Arranging Machine"},{"@type":"BreadcrumbList","@id":"https:\/\/www.bakeryturnkey.com\/product\/tart-shell-arranging-machine\/#breadcrumb","itemListElement":[{"@type":"ListItem","position":1,"name":"Home","item":"https:\/\/www.bakeryturnkey.com\/"},{"@type":"ListItem","position":2,"name":"Products","item":"https:\/\/www.bakeryturnkey.com\/products\/"},{"@type":"ListItem","position":3,"name":"12 Layers Tart Shell Arranging Machine Price"}]},{"@type":"WebSite","@id":"https:\/\/www.bakeryturnkey.com\/#website","url":"https:\/\/www.bakeryturnkey.com\/","name":"Bakery Food Processing Equipment Manufacturer","description":"Bakery Food Solutions Provider","publisher":{"@id":"https:\/\/www.bakeryturnkey.com\/#organization"},"potentialAction":[{"@type":"SearchAction","target":{"@type":"EntryPoint","urlTemplate":"https:\/\/www.bakeryturnkey.com\/?s={search_term_string}"},"query-input":{"@type":"PropertyValueSpecification","valueRequired":true,"valueName":"search_term_string"}}],"inLanguage":"pt-PT"},{"@type":"Organization","@id":"https:\/\/www.bakeryturnkey.com\/#organization","name":"Bakery Food Processing Equipment Manufacturer","url":"https:\/\/www.bakeryturnkey.com\/","logo":{"@type":"ImageObject","inLanguage":"pt-PT","@id":"https:\/\/www.bakeryturnkey.com\/#\/schema\/logo\/image\/","url":"https:\/\/www.bakeryturnkey.com\/wp-content\/uploads\/2022\/03\/cropped-13-1.png","contentUrl":"https:\/\/www.bakeryturnkey.com\/wp-content\/uploads\/2022\/03\/cropped-13-1.png","width":512,"height":429,"caption":"Bakery Food Processing Equipment Manufacturer"},"image":{"@id":"https:\/\/www.bakeryturnkey.com\/#\/schema\/logo\/image\/"}},false]}},"yasr_visitor_votes":{"stars_attributes":{"read_only":false,"span_bottom":false},"number_of_votes":0,"sum_votes":0},"_links":{"self":[{"href":"https:\/\/www.bakeryturnkey.com\/pt\/wp-json\/wp\/v2\/product\/3746","targetHints":{"allow":["GET"]}}],"collection":[{"href":"https:\/\/www.bakeryturnkey.com\/pt\/wp-json\/wp\/v2\/product"}],"about":[{"href":"https:\/\/www.bakeryturnkey.com\/pt\/wp-json\/wp\/v2\/types\/product"}],"replies":[{"embeddable":true,"href":"https:\/\/www.bakeryturnkey.com\/pt\/wp-json\/wp\/v2\/comments?post=3746"}],"wp:featuredmedia":[{"embeddable":true,"href":"https:\/\/www.bakeryturnkey.com\/pt\/wp-json\/wp\/v2\/media\/3749"}],"wp:attachment":[{"href":"https:\/\/www.bakeryturnkey.com\/pt\/wp-json\/wp\/v2\/media?parent=3746"}],"wp:term":[{"taxonomy":"product_cat","embeddable":true,"href":"https:\/\/www.bakeryturnkey.com\/pt\/wp-json\/wp\/v2\/product_cat?post=3746"},{"taxonomy":"product_tag","embeddable":true,"href":"https:\/\/www.bakeryturnkey.com\/pt\/wp-json\/wp\/v2\/product_tag?post=3746"}],"curies":[{"name":"wp","href":"https:\/\/api.w.org\/{rel}","templated":true}]}}