{"id":3724,"date":"2022-04-26T11:54:12","date_gmt":"2022-04-26T03:54:12","guid":{"rendered":"https:\/\/www.bakeryturnkey.com\/?post_type=product&#038;p=3724"},"modified":"2023-12-15T16:24:22","modified_gmt":"2023-12-15T08:24:22","slug":"swiss-roll-production-line","status":"publish","type":"product","link":"https:\/\/www.bakeryturnkey.com\/pt\/produto\/swiss-roll-production-line\/","title":{"rendered":"Linha de produ\u00e7\u00e3o de rolos su\u00ed\u00e7os personaliz\u00e1vel Fabricante"},"content":{"rendered":"<p>O <strong>linha de produ\u00e7\u00e3o de rolos su\u00ed\u00e7os<\/strong> \u00e9 um novo tipo de linha de produ\u00e7\u00e3o de bolos desenvolvida pela nossa empresa, que \u00e9 completada automaticamente desde a agita\u00e7\u00e3o e forma\u00e7\u00e3o, cozedura, laminagem, corte, arrefecimento e esteriliza\u00e7\u00e3o at\u00e9 \u00e0 embalagem.<\/p>\n<p>A m\u00e1quina adopta convers\u00e3o de frequ\u00eancia, luz, eletricidade e controlo autom\u00e1tico de g\u00e1s, tornando toda a opera\u00e7\u00e3o de produ\u00e7\u00e3o de bolo de rolo su\u00ed\u00e7o mais conveniente e economizando trabalho.<\/p>\n<p><img loading=\"lazy\" decoding=\"async\" class=\"alignnone size-full wp-image-3726\" src=\"https:\/\/www.bakeryturnkey.com\/wp-content\/uploads\/2022\/04\/9.jpg\" alt=\"Linha Swiss Roll\" width=\"700\" height=\"400\" srcset=\"https:\/\/www.bakeryturnkey.com\/wp-content\/uploads\/2022\/04\/9.jpg 700w, https:\/\/www.bakeryturnkey.com\/wp-content\/uploads\/2022\/04\/9-600x343.jpg 600w, https:\/\/www.bakeryturnkey.com\/wp-content\/uploads\/2022\/04\/9-300x171.jpg 300w\" sizes=\"auto, (max-width: 700px) 100vw, 700px\" \/><\/p>\n<h2><strong>Carater\u00edsticas de <\/strong><strong>Linha de produ\u00e7\u00e3o de bolo de rolo su\u00ed\u00e7o<\/strong><\/h2>\n<ol>\n<li>Equipado com dois conjuntos de mecanismos de forma\u00e7\u00e3o, pode produzir rolos su\u00ed\u00e7os e bolos de sandu\u00edche; equipado com dois conjuntos de mecanismos de revestimento de creme, pode mudar rapidamente o sabor dos produtos.<\/li>\n<li>O forno de correia de a\u00e7o utiliza correias de a\u00e7o de marcas bem conhecidas. O comprimento do forno \u00e9 de 30 metros. Calculado de acordo com o tempo de cozedura de 7 minutos, a produ\u00e7\u00e3o pode atingir 600 quilogramas por hora.<\/li>\n<li>Esta linha de processamento de rolos su\u00ed\u00e7os pode escolher fornos de aquecimento el\u00e9trico e de aquecimento a g\u00e1s, que podem ser aplicados a diferentes condi\u00e7\u00f5es de energia em v\u00e1rios locais, o que \u00e9 conveniente para os clientes controlarem os custos do produto.<\/li>\n<li>O mecanismo principal e os materiais s\u00e3o feitos de a\u00e7o inoxid\u00e1vel 304, liga de alum\u00ednio, nylon de alta qualidade e outros materiais de qualidade alimentar.<\/li>\n<li>A m\u00e1quina pode fazer bolos sem moldes, desde que o espa\u00e7o entre os cortadores seja substitu\u00eddo e a velocidade dos cortadores transversais seja ajustada, de modo a que o tamanho dos bolos possa ser grande ou pequeno.<\/li>\n<\/ol>\n<h2><strong>Fluxograma da linha de produ\u00e7\u00e3o de rolos su\u00ed\u00e7os<\/strong><\/h2>\n<p><img loading=\"lazy\" decoding=\"async\" class=\"alignnone size-full wp-image-3725\" src=\"https:\/\/www.bakeryturnkey.com\/wp-content\/uploads\/2022\/04\/8-1.jpg\" alt=\"fluxograma da linha de produ\u00e7\u00e3o de rolos su\u00ed\u00e7os\" width=\"700\" height=\"500\" srcset=\"https:\/\/www.bakeryturnkey.com\/wp-content\/uploads\/2022\/04\/8-1.jpg 700w, https:\/\/www.bakeryturnkey.com\/wp-content\/uploads\/2022\/04\/8-1-600x429.jpg 600w, https:\/\/www.bakeryturnkey.com\/wp-content\/uploads\/2022\/04\/8-1-300x214.jpg 300w\" sizes=\"auto, (max-width: 700px) 100vw, 700px\" \/><\/p>\n<h2><strong>Aplica\u00e7\u00e3o da m\u00e1quina autom\u00e1tica de rolos su\u00ed\u00e7os<\/strong><\/h2>\n<p>Esta linha de produ\u00e7\u00e3o pode produzir rolos su\u00ed\u00e7os de diferentes tamanhos e sabores, com adi\u00e7\u00e3o de natas, compota, nozes picadas, cobertura, chocolate e muito mais. O rolo su\u00ed\u00e7o \u00e9 tamb\u00e9m conhecido como jelly roll (Estados Unidos), bolo de rolo, rolo de creme, roulade ou tronco su\u00ed\u00e7o.<\/p>\n<p><img loading=\"lazy\" decoding=\"async\" class=\"alignnone size-full wp-image-3727\" src=\"https:\/\/www.bakeryturnkey.com\/wp-content\/uploads\/2022\/04\/10.jpg\" alt=\"M\u00e1quina para fabricar rolos su\u00ed\u00e7os\" width=\"700\" height=\"500\" srcset=\"https:\/\/www.bakeryturnkey.com\/wp-content\/uploads\/2022\/04\/10.jpg 700w, https:\/\/www.bakeryturnkey.com\/wp-content\/uploads\/2022\/04\/10-600x429.jpg 600w, https:\/\/www.bakeryturnkey.com\/wp-content\/uploads\/2022\/04\/10-300x214.jpg 300w\" sizes=\"auto, (max-width: 700px) 100vw, 700px\" \/><\/p>\n<h2><strong>Principais m\u00e1quinas da Linha de Bolo de Rolo Su\u00ed\u00e7o<\/strong><\/h2>\n<ul>\n<li>Batedeira industrial: Esta m\u00e1quina especialmente concebida para a prepara\u00e7\u00e3o de massas para bolos, com grande capacidade e pode processar centenas de quilogramas por hora.<\/li>\n<li>M\u00e1quina de enchimento de bolos: Utilizada para encher a massa de bolo no tabuleiro, a quantidade e a velocidade de enchimento podem ser ajustadas.<\/li>\n<li>Forno t\u00fanel: O comprimento do forno pode ser personalizado conforme necess\u00e1rio para atender a diferentes capacidades de produ\u00e7\u00e3o. Controle a temperatura e a velocidade para cozer bolo de rolo su\u00ed\u00e7o.<\/li>\n<li>Linha de esteriliza\u00e7\u00e3o por arrefecimento: Depois de o bolo ser cozido, \u00e9 arrefecido por uma correia transportadora para reduzir a temperatura do bolo para uma temperatura de embalagem. E entra na sala de esteriliza\u00e7\u00e3o para eliminar as bact\u00e9rias.<\/li>\n<\/ul>\n<p>&nbsp;<\/p>\n<h2><strong>Vantagens da nossa f\u00e1brica<\/strong><\/h2>\n<p>1. Um conjunto de equipamento de produ\u00e7\u00e3o de bolos desenvolvido de forma independente, combinando a procura do mercado consumidor nacional e estrangeiro. Satisfazer ao m\u00e1ximo as necessidades dos utilizadores.<br \/>\n2. Como fabricante da linha de produ\u00e7\u00e3o de rolos su\u00ed\u00e7os, a nossa f\u00e1brica produziu v\u00e1rias linhas de produ\u00e7\u00e3o e forneceu aos utilizadores solu\u00e7\u00f5es profissionais para bolos.<br \/>\n3. Apoiamos a inspe\u00e7\u00e3o da f\u00e1brica, visita \u00e0 f\u00e1brica, m\u00e1quina de teste, instala\u00e7\u00e3o e manuten\u00e7\u00e3o p\u00f3s-venda, servi\u00e7o de fornecimento de pe\u00e7as sobressalentes, etc.<\/p>\n<h3><strong>Par\u00e2metros t\u00e9cnicos<\/strong><\/h3>\n<table>\n<tbody>\n<tr>\n<td colspan=\"1\" rowspan=\"1\">\n<div>\n<div data-spm-anchor-id=\"0.0.0.i10.65d24f05spMsKG\">Modelo<\/div>\n<\/div>\n<\/td>\n<td colspan=\"1\" rowspan=\"1\">\n<div>\n<div>GG-Cake<\/div>\n<\/div>\n<\/td>\n<\/tr>\n<tr>\n<td colspan=\"1\" rowspan=\"2\">\n<div>\n<div>Capacidade<\/div>\n<\/div>\n<\/td>\n<td colspan=\"1\" rowspan=\"1\">\n<div>\n<div>4807pcs\/h(peso do bolo 78g\/pc)<\/div>\n<\/div>\n<\/td>\n<\/tr>\n<tr>\n<td colspan=\"1\" rowspan=\"1\">\n<div>\n<div>1718pcs\/h(peso do bolo 32g\/pc)<\/div>\n<\/div>\n<\/td>\n<\/tr>\n<tr>\n<td colspan=\"1\" rowspan=\"3\">\n<div>\n<div>Tamanho da placa de cozedura<\/div>\n<\/div>\n<\/td>\n<td colspan=\"1\" rowspan=\"1\">\n<div>\n<div>600*540mm<\/div>\n<\/div>\n<\/td>\n<\/tr>\n<tr>\n<td colspan=\"1\" rowspan=\"1\">\n<div>\n<div>24 pe\u00e7as de bolo\/prato (peso do bolo 78g\/unidade)<\/div>\n<\/div>\n<\/td>\n<\/tr>\n<tr>\n<td colspan=\"1\" rowspan=\"1\">\n<div>\n<div>48 unidades de bolo\/prato (peso do bolo 32g)<\/div>\n<\/div>\n<\/td>\n<\/tr>\n<tr>\n<td colspan=\"1\" rowspan=\"1\">\n<div>\n<div>Tempo de cozedura<\/div>\n<\/div>\n<\/td>\n<td colspan=\"1\" rowspan=\"1\">\n<div>\n<div>12 minutos<\/div>\n<\/div>\n<\/td>\n<\/tr>\n<tr>\n<td colspan=\"1\" rowspan=\"1\">\n<div>\n<div>Temperatura de cozedura<\/div>\n<\/div>\n<\/td>\n<td colspan=\"1\" rowspan=\"1\">\n<div>\n<div>185\u2103-210\u2103<\/div>\n<\/div>\n<\/td>\n<\/tr>\n<tr>\n<td colspan=\"1\" rowspan=\"1\">\n<div>\n<div>Tipo de aquecimento<\/div>\n<\/div>\n<\/td>\n<td colspan=\"1\" rowspan=\"1\">\n<div>\n<div data-spm-anchor-id=\"a2700.details.0.i20.63a755d3nJy2hG\">g\u00e1s\/eletricidade<\/div>\n<\/div>\n<\/td>\n<\/tr>\n<\/tbody>\n<\/table>\n<h3><strong>Deixe o seu pedido de or\u00e7amento<\/strong><\/h3>\n\n<div class=\"wpcf7 no-js\" id=\"wpcf7-f2977-o1\" lang=\"en-US\" dir=\"ltr\">\n<div class=\"screen-reader-response\"><p role=\"status\" aria-live=\"polite\" aria-atomic=\"true\"><\/p> <ul><\/ul><\/div>\n<form action=\"\/pt\/wp-json\/wp\/v2\/product\/3724#wpcf7-f2977-o1\" method=\"post\" class=\"wpcf7-form init\" aria-label=\"Formul\u00e1rio de contacto\" novalidate=\"novalidate\" data-status=\"init\" data-trp-original-action=\"\/pt\/wp-json\/wp\/v2\/product\/3724#wpcf7-f2977-o1\">\n<div style=\"display: none;\">\n<input type=\"hidden\" name=\"_wpcf7\" value=\"2977\" \/>\n<input type=\"hidden\" name=\"_wpcf7_version\" value=\"5.7.7\" \/>\n<input type=\"hidden\" name=\"_wpcf7_locale\" value=\"en_US\" \/>\n<input type=\"hidden\" name=\"_wpcf7_unit_tag\" value=\"wpcf7-f2977-o1\" \/>\n<input type=\"hidden\" name=\"_wpcf7_container_post\" value=\"0\" \/>\n<input type=\"hidden\" name=\"_wpcf7_posted_data_hash\" value=\"\" \/>\n<\/div>\n<p><label> O seu nome*<br \/>\n<span class=\"wpcf7-form-control-wrap\" data-name=\"your-name\"><input size=\"40\" class=\"wpcf7-form-control wpcf7-text wpcf7-validates-as-required\" aria-required=\"true\" aria-invalid=\"false\" value=\"\" type=\"text\" name=\"your-name\" \/><\/span> <\/label>\n<\/p>\n<p><label> O seu pa\u00eds<br \/>\n<span class=\"wpcf7-form-control-wrap\" data-name=\"your-country\"><input size=\"40\" class=\"wpcf7-form-control wpcf7-text\" aria-invalid=\"false\" value=\"\" type=\"text\" name=\"your-country\" \/><\/span><\/label>\n<\/p>\n<p><label> O seu e-mail*<br \/>\n<span class=\"wpcf7-form-control-wrap\" data-name=\"your-email\"><input size=\"40\" class=\"wpcf7-form-control wpcf7-text wpcf7-email wpcf7-validates-as-required wpcf7-validates-as-email\" aria-required=\"true\" aria-invalid=\"false\" value=\"\" type=\"email\" name=\"your-email\" \/><\/span> <\/label>\n<\/p>\n<p><label> O seu telem\u00f3vel<br \/>\n<span class=\"wpcf7-form-control-wrap\" data-name=\"your-phone\"><input size=\"40\" class=\"wpcf7-form-control wpcf7-text\" aria-invalid=\"false\" value=\"\" type=\"text\" name=\"your-phone\" \/><\/span> <\/label>\n<\/p>\n<p><label> Nome da empresa<br \/>\n<span class=\"wpcf7-form-control-wrap\" data-name=\"text-529\"><input size=\"40\" class=\"wpcf7-form-control wpcf7-text\" aria-invalid=\"false\" value=\"\" type=\"text\" name=\"text-529\" \/><\/span> <\/label>\n<\/p>\n<p><label> S\u00edtio Web da empresa<br \/>\n<span class=\"wpcf7-form-control-wrap\" data-name=\"text-106\"><input size=\"40\" class=\"wpcf7-form-control wpcf7-text\" aria-invalid=\"false\" value=\"\" type=\"text\" name=\"text-106\" \/><\/span> <\/label>\n<\/p>\n<p><label> A sua mensagem*<br \/>\n<span class=\"wpcf7-form-control-wrap\" data-name=\"your-message\"><textarea cols=\"40\" rows=\"10\" class=\"wpcf7-form-control wpcf7-textarea wpcf7-validates-as-required\" aria-required=\"true\" aria-invalid=\"false\" name=\"your-message\"><\/textarea><\/span> <\/label>\n<\/p>\n<p><input class=\"wpcf7-form-control has-spinner wpcf7-submit\" type=\"submit\" value=\"Enviar\" \/>\n<\/p><p style=\"display: none !important;\" class=\"akismet-fields-container\" data-prefix=\"_wpcf7_ak_\"><label>&#916;<textarea name=\"_wpcf7_ak_hp_textarea\" cols=\"45\" rows=\"8\" maxlength=\"100\"><\/textarea><\/label><input type=\"hidden\" id=\"ak_js_1\" name=\"_wpcf7_ak_js\" value=\"68\"\/><script>document.getElementById( \"ak_js_1\" ).setAttribute( \"value\", ( new Date() ).getTime() );<\/script><\/p><div class=\"wpcf7-response-output\" aria-hidden=\"true\"><\/div>\n<input type=\"hidden\" name=\"trp-form-language\" value=\"pt\"\/><\/form>\n<\/div>\n\n<div style='text-align:left' class='yasr-auto-insert-visitor'><\/div>","protected":false},"excerpt":{"rendered":"<p>O principal processo de processamento do rolo su\u00ed\u00e7o: mistura de mat\u00e9rias-primas \u2192 pulveriza\u00e7\u00e3o de \u00f3leo no molde, escovagem de \u00f3leo ou coloca\u00e7\u00e3o de suporte de papel \u2192 rejuntamento \u2192 cozedura \u2192 arrefecimento \u2192 (inje\u00e7\u00e3o) \u2192 desmoldagem \u2192 esteriliza\u00e7\u00e3o \u2192 embalagem<\/p>","protected":false},"featured_media":3728,"comment_status":"open","ping_status":"closed","template":"","meta":{"site-sidebar-layout":"default","site-content-layout":"default","ast-main-header-display":"","ast-hfb-above-header-display":"","ast-hfb-below-header-display":"","ast-hfb-mobile-header-display":"","site-post-title":"","ast-breadcrumbs-content":"","ast-featured-img":"","footer-sml-layout":"","theme-transparent-header-meta":"default","adv-header-id-meta":"","stick-header-meta":"","header-above-stick-meta":"","header-main-stick-meta":"","header-below-stick-meta":"","yasr_overall_rating":0,"yasr_post_is_review":"","yasr_auto_insert_disabled":"","yasr_review_type":""},"product_cat":[26],"product_tag":[],"class_list":["post-3724","product","type-product","status-publish","has-post-thumbnail","hentry","product_cat-cake-machinery"],"yoast_head":"<!-- This site is optimized with the Yoast SEO plugin v27.5 - https:\/\/yoast.com\/product\/yoast-seo-wordpress\/ -->\n<title>Customizable Swiss Roll Production Line Manufacturer<\/title>\n<meta name=\"description\" content=\"The swiss roll production line can add different fillings(jam, cream, chocolate, etc) to produce a variety of quality swiss rolls cakes.\" \/>\n<meta name=\"robots\" content=\"index, follow, max-snippet:-1, max-image-preview:large, max-video-preview:-1\" \/>\n<link rel=\"canonical\" href=\"https:\/\/www.bakeryturnkey.com\/pt\/produto\/swiss-roll-production-line\/\" \/>\n<meta property=\"og:locale\" content=\"pt_PT\" \/>\n<meta property=\"og:type\" content=\"article\" \/>\n<meta property=\"og:title\" content=\"Customizable Swiss Roll Production Line Manufacturer\" \/>\n<meta property=\"og:description\" content=\"The swiss roll production line can add different fillings(jam, cream, chocolate, etc) to produce a variety of quality swiss rolls cakes.\" \/>\n<meta property=\"og:url\" content=\"https:\/\/www.bakeryturnkey.com\/pt\/produto\/swiss-roll-production-line\/\" \/>\n<meta property=\"og:site_name\" content=\"Bakery Food Processing Equipment Manufacturer\" \/>\n<meta property=\"article:modified_time\" content=\"2023-12-15T08:24:22+00:00\" \/>\n<meta property=\"og:image\" content=\"https:\/\/www.bakeryturnkey.com\/wp-content\/uploads\/2022\/04\/11.jpg\" \/>\n\t<meta property=\"og:image:width\" content=\"800\" \/>\n\t<meta property=\"og:image:height\" content=\"800\" \/>\n\t<meta property=\"og:image:type\" content=\"image\/jpeg\" \/>\n<meta name=\"twitter:card\" content=\"summary_large_image\" \/>\n<meta name=\"twitter:label1\" content=\"Tempo estimado de leitura\" \/>\n\t<meta name=\"twitter:data1\" content=\"3 minutos\" \/>\n<script type=\"application\/ld+json\" class=\"yoast-schema-graph\">{\"@context\":\"https:\\\/\\\/schema.org\",\"@graph\":[{\"@type\":\"WebPage\",\"@id\":\"https:\\\/\\\/www.bakeryturnkey.com\\\/product\\\/swiss-roll-production-line\\\/\",\"url\":\"https:\\\/\\\/www.bakeryturnkey.com\\\/product\\\/swiss-roll-production-line\\\/\",\"name\":\"Customizable Swiss Roll Production Line Manufacturer\",\"isPartOf\":{\"@id\":\"https:\\\/\\\/www.bakeryturnkey.com\\\/#website\"},\"primaryImageOfPage\":{\"@id\":\"https:\\\/\\\/www.bakeryturnkey.com\\\/product\\\/swiss-roll-production-line\\\/#primaryimage\"},\"image\":{\"@id\":\"https:\\\/\\\/www.bakeryturnkey.com\\\/product\\\/swiss-roll-production-line\\\/#primaryimage\"},\"thumbnailUrl\":\"https:\\\/\\\/www.bakeryturnkey.com\\\/wp-content\\\/uploads\\\/2022\\\/04\\\/11.jpg\",\"datePublished\":\"2022-04-26T03:54:12+00:00\",\"dateModified\":\"2023-12-15T08:24:22+00:00\",\"description\":\"The swiss roll production line can add different fillings(jam, cream, chocolate, etc) to produce a variety of quality swiss rolls cakes.\",\"breadcrumb\":{\"@id\":\"https:\\\/\\\/www.bakeryturnkey.com\\\/product\\\/swiss-roll-production-line\\\/#breadcrumb\"},\"inLanguage\":\"pt-PT\",\"potentialAction\":[{\"@type\":\"ReadAction\",\"target\":[\"https:\\\/\\\/www.bakeryturnkey.com\\\/product\\\/swiss-roll-production-line\\\/\"]}]},{\"@type\":\"ImageObject\",\"inLanguage\":\"pt-PT\",\"@id\":\"https:\\\/\\\/www.bakeryturnkey.com\\\/product\\\/swiss-roll-production-line\\\/#primaryimage\",\"url\":\"https:\\\/\\\/www.bakeryturnkey.com\\\/wp-content\\\/uploads\\\/2022\\\/04\\\/11.jpg\",\"contentUrl\":\"https:\\\/\\\/www.bakeryturnkey.com\\\/wp-content\\\/uploads\\\/2022\\\/04\\\/11.jpg\",\"width\":800,\"height\":800,\"caption\":\"Swiss Roll Cake Machine\"},{\"@type\":\"BreadcrumbList\",\"@id\":\"https:\\\/\\\/www.bakeryturnkey.com\\\/product\\\/swiss-roll-production-line\\\/#breadcrumb\",\"itemListElement\":[{\"@type\":\"ListItem\",\"position\":1,\"name\":\"Home\",\"item\":\"https:\\\/\\\/www.bakeryturnkey.com\\\/\"},{\"@type\":\"ListItem\",\"position\":2,\"name\":\"Products\",\"item\":\"https:\\\/\\\/www.bakeryturnkey.com\\\/products\\\/\"},{\"@type\":\"ListItem\",\"position\":3,\"name\":\"Customizable Swiss Roll Production Line Manufacturer\"}]},{\"@type\":\"WebSite\",\"@id\":\"https:\\\/\\\/www.bakeryturnkey.com\\\/#website\",\"url\":\"https:\\\/\\\/www.bakeryturnkey.com\\\/\",\"name\":\"Bakery Food Processing Equipment Manufacturer\",\"description\":\"Bakery Food Solutions Provider\",\"publisher\":{\"@id\":\"https:\\\/\\\/www.bakeryturnkey.com\\\/#organization\"},\"potentialAction\":[{\"@type\":\"SearchAction\",\"target\":{\"@type\":\"EntryPoint\",\"urlTemplate\":\"https:\\\/\\\/www.bakeryturnkey.com\\\/?s={search_term_string}\"},\"query-input\":{\"@type\":\"PropertyValueSpecification\",\"valueRequired\":true,\"valueName\":\"search_term_string\"}}],\"inLanguage\":\"pt-PT\"},{\"@type\":\"Organization\",\"@id\":\"https:\\\/\\\/www.bakeryturnkey.com\\\/#organization\",\"name\":\"Bakery Food Processing Equipment Manufacturer\",\"url\":\"https:\\\/\\\/www.bakeryturnkey.com\\\/\",\"logo\":{\"@type\":\"ImageObject\",\"inLanguage\":\"pt-PT\",\"@id\":\"https:\\\/\\\/www.bakeryturnkey.com\\\/#\\\/schema\\\/logo\\\/image\\\/\",\"url\":\"https:\\\/\\\/www.bakeryturnkey.com\\\/wp-content\\\/uploads\\\/2022\\\/03\\\/cropped-13-1.png\",\"contentUrl\":\"https:\\\/\\\/www.bakeryturnkey.com\\\/wp-content\\\/uploads\\\/2022\\\/03\\\/cropped-13-1.png\",\"width\":512,\"height\":429,\"caption\":\"Bakery Food Processing Equipment Manufacturer\"},\"image\":{\"@id\":\"https:\\\/\\\/www.bakeryturnkey.com\\\/#\\\/schema\\\/logo\\\/image\\\/\"}},false]}<\/script>\n<!-- \/ Yoast SEO plugin. -->","yoast_head_json":{"title":"Customizable Swiss Roll Production Line Manufacturer","description":"The swiss roll production line can add different fillings(jam, cream, chocolate, etc) to produce a variety of quality swiss rolls cakes.","robots":{"index":"index","follow":"follow","max-snippet":"max-snippet:-1","max-image-preview":"max-image-preview:large","max-video-preview":"max-video-preview:-1"},"canonical":"https:\/\/www.bakeryturnkey.com\/pt\/produto\/swiss-roll-production-line\/","og_locale":"pt_PT","og_type":"article","og_title":"Customizable Swiss Roll Production Line Manufacturer","og_description":"The swiss roll production line can add different fillings(jam, cream, chocolate, etc) to produce a variety of quality swiss rolls cakes.","og_url":"https:\/\/www.bakeryturnkey.com\/pt\/produto\/swiss-roll-production-line\/","og_site_name":"Bakery Food Processing Equipment Manufacturer","article_modified_time":"2023-12-15T08:24:22+00:00","og_image":[{"width":800,"height":800,"url":"https:\/\/www.bakeryturnkey.com\/wp-content\/uploads\/2022\/04\/11.jpg","type":"image\/jpeg"}],"twitter_card":"summary_large_image","twitter_misc":{"Tempo estimado de leitura":"3 minutos"},"schema":{"@context":"https:\/\/schema.org","@graph":[{"@type":"WebPage","@id":"https:\/\/www.bakeryturnkey.com\/product\/swiss-roll-production-line\/","url":"https:\/\/www.bakeryturnkey.com\/product\/swiss-roll-production-line\/","name":"Customizable Swiss Roll Production Line Manufacturer","isPartOf":{"@id":"https:\/\/www.bakeryturnkey.com\/#website"},"primaryImageOfPage":{"@id":"https:\/\/www.bakeryturnkey.com\/product\/swiss-roll-production-line\/#primaryimage"},"image":{"@id":"https:\/\/www.bakeryturnkey.com\/product\/swiss-roll-production-line\/#primaryimage"},"thumbnailUrl":"https:\/\/www.bakeryturnkey.com\/wp-content\/uploads\/2022\/04\/11.jpg","datePublished":"2022-04-26T03:54:12+00:00","dateModified":"2023-12-15T08:24:22+00:00","description":"The swiss roll production line can add different fillings(jam, cream, chocolate, etc) to produce a variety of quality swiss rolls cakes.","breadcrumb":{"@id":"https:\/\/www.bakeryturnkey.com\/product\/swiss-roll-production-line\/#breadcrumb"},"inLanguage":"pt-PT","potentialAction":[{"@type":"ReadAction","target":["https:\/\/www.bakeryturnkey.com\/product\/swiss-roll-production-line\/"]}]},{"@type":"ImageObject","inLanguage":"pt-PT","@id":"https:\/\/www.bakeryturnkey.com\/product\/swiss-roll-production-line\/#primaryimage","url":"https:\/\/www.bakeryturnkey.com\/wp-content\/uploads\/2022\/04\/11.jpg","contentUrl":"https:\/\/www.bakeryturnkey.com\/wp-content\/uploads\/2022\/04\/11.jpg","width":800,"height":800,"caption":"Swiss Roll Cake Machine"},{"@type":"BreadcrumbList","@id":"https:\/\/www.bakeryturnkey.com\/product\/swiss-roll-production-line\/#breadcrumb","itemListElement":[{"@type":"ListItem","position":1,"name":"Home","item":"https:\/\/www.bakeryturnkey.com\/"},{"@type":"ListItem","position":2,"name":"Products","item":"https:\/\/www.bakeryturnkey.com\/products\/"},{"@type":"ListItem","position":3,"name":"Customizable Swiss Roll Production Line Manufacturer"}]},{"@type":"WebSite","@id":"https:\/\/www.bakeryturnkey.com\/#website","url":"https:\/\/www.bakeryturnkey.com\/","name":"Bakery Food Processing Equipment Manufacturer","description":"Bakery Food Solutions Provider","publisher":{"@id":"https:\/\/www.bakeryturnkey.com\/#organization"},"potentialAction":[{"@type":"SearchAction","target":{"@type":"EntryPoint","urlTemplate":"https:\/\/www.bakeryturnkey.com\/?s={search_term_string}"},"query-input":{"@type":"PropertyValueSpecification","valueRequired":true,"valueName":"search_term_string"}}],"inLanguage":"pt-PT"},{"@type":"Organization","@id":"https:\/\/www.bakeryturnkey.com\/#organization","name":"Bakery Food Processing Equipment Manufacturer","url":"https:\/\/www.bakeryturnkey.com\/","logo":{"@type":"ImageObject","inLanguage":"pt-PT","@id":"https:\/\/www.bakeryturnkey.com\/#\/schema\/logo\/image\/","url":"https:\/\/www.bakeryturnkey.com\/wp-content\/uploads\/2022\/03\/cropped-13-1.png","contentUrl":"https:\/\/www.bakeryturnkey.com\/wp-content\/uploads\/2022\/03\/cropped-13-1.png","width":512,"height":429,"caption":"Bakery Food Processing Equipment Manufacturer"},"image":{"@id":"https:\/\/www.bakeryturnkey.com\/#\/schema\/logo\/image\/"}},false]}},"yasr_visitor_votes":{"stars_attributes":{"read_only":false,"span_bottom":false},"number_of_votes":0,"sum_votes":0},"_links":{"self":[{"href":"https:\/\/www.bakeryturnkey.com\/pt\/wp-json\/wp\/v2\/product\/3724","targetHints":{"allow":["GET"]}}],"collection":[{"href":"https:\/\/www.bakeryturnkey.com\/pt\/wp-json\/wp\/v2\/product"}],"about":[{"href":"https:\/\/www.bakeryturnkey.com\/pt\/wp-json\/wp\/v2\/types\/product"}],"replies":[{"embeddable":true,"href":"https:\/\/www.bakeryturnkey.com\/pt\/wp-json\/wp\/v2\/comments?post=3724"}],"wp:featuredmedia":[{"embeddable":true,"href":"https:\/\/www.bakeryturnkey.com\/pt\/wp-json\/wp\/v2\/media\/3728"}],"wp:attachment":[{"href":"https:\/\/www.bakeryturnkey.com\/pt\/wp-json\/wp\/v2\/media?parent=3724"}],"wp:term":[{"taxonomy":"product_cat","embeddable":true,"href":"https:\/\/www.bakeryturnkey.com\/pt\/wp-json\/wp\/v2\/product_cat?post=3724"},{"taxonomy":"product_tag","embeddable":true,"href":"https:\/\/www.bakeryturnkey.com\/pt\/wp-json\/wp\/v2\/product_tag?post=3724"}],"curies":[{"name":"wp","href":"https:\/\/api.w.org\/{rel}","templated":true}]}}