{"id":3719,"date":"2022-04-25T14:28:54","date_gmt":"2022-04-25T06:28:54","guid":{"rendered":"https:\/\/www.bakeryturnkey.com\/?post_type=product&#038;p=3719"},"modified":"2022-04-25T14:42:03","modified_gmt":"2022-04-25T06:42:03","slug":"toast-bread-production-line","status":"publish","type":"product","link":"https:\/\/www.bakeryturnkey.com\/pt\/produto\/toast-bread-production-line\/","title":{"rendered":"Linha de Produ\u00e7\u00e3o de P\u00e3o Torrado 600gramas Uso Industrial"},"content":{"rendered":"<p>O <strong>linha de produ\u00e7\u00e3o de p\u00e3o torrado<\/strong> pode produzir p\u00e3es torrados de alta qualidade, cada p\u00e3o pesa 600 gramas, e podemos personalizar o tamanho do p\u00e3o de acordo com as necessidades dos clientes.<\/p>\n<p>Esta linha de produ\u00e7\u00e3o tem uma grande capacidade de produ\u00e7\u00e3o, que pode produzir 6.000 quilogramas de torradas por dia, satisfazendo os requisitos dos fabricantes de processamento de alimentos de grande e m\u00e9dia escala.<\/p>\n<p><img loading=\"lazy\" decoding=\"async\" class=\"alignnone size-full wp-image-3722\" src=\"https:\/\/www.bakeryturnkey.com\/wp-content\/uploads\/2022\/04\/8.jpg\" alt=\"Linha de p\u00e3o torrado\" width=\"700\" height=\"420\" srcset=\"https:\/\/www.bakeryturnkey.com\/wp-content\/uploads\/2022\/04\/8.jpg 700w, https:\/\/www.bakeryturnkey.com\/wp-content\/uploads\/2022\/04\/8-600x360.jpg 600w, https:\/\/www.bakeryturnkey.com\/wp-content\/uploads\/2022\/04\/8-300x180.jpg 300w\" sizes=\"auto, (max-width: 700px) 100vw, 700px\" \/><\/p>\n<h2><strong>Carater\u00edsticas da Linha de Produ\u00e7\u00e3o de Torradas Industriais<\/strong><\/h2>\n<p>1. A massa passa pelos tr\u00eas dispositivos de laminagem para tornar a massa mais brilhante, a espessura \u00e9 consistente e o tamanho do produto acabado \u00e9 uniforme. O olho el\u00e9trico detecta a folha de massa entre cada dispositivo de enrolamento da massa.<br \/>\n2. Velocidade ajust\u00e1vel do rolo. Ap\u00f3s a \u00faltima prensagem, a massa cair\u00e1 na correia transportadora da m\u00e1quina principal e ser\u00e1 enrolada em tiras pela roda de rolamento.<br \/>\n3. Pode ser equipada com uma mesa de corte servo independente para cortar o produto em fatias e colunas. Podemos ajustar o comprimento e o peso do produto cortado. Tamb\u00e9m pode ser utilizada com uma m\u00e1quina misturadora para amassar o produto numa forma redonda ou oblata.<br \/>\n4. Toda a linha de produ\u00e7\u00e3o de p\u00e3o torrado tem a fun\u00e7\u00e3o de regula\u00e7\u00e3o s\u00edncrona da velocidade, o que \u00e9 mais conveniente para operar.<\/p>\n<p><img loading=\"lazy\" decoding=\"async\" class=\"alignnone size-full wp-image-3720\" src=\"https:\/\/www.bakeryturnkey.com\/wp-content\/uploads\/2022\/04\/6-2.jpg\" alt=\"Processo da linha de produ\u00e7\u00e3o de p\u00e3o\" width=\"750\" height=\"320\" srcset=\"https:\/\/www.bakeryturnkey.com\/wp-content\/uploads\/2022\/04\/6-2.jpg 750w, https:\/\/www.bakeryturnkey.com\/wp-content\/uploads\/2022\/04\/6-2-600x256.jpg 600w, https:\/\/www.bakeryturnkey.com\/wp-content\/uploads\/2022\/04\/6-2-300x128.jpg 300w\" sizes=\"auto, (max-width: 750px) 100vw, 750px\" \/><\/p>\n<h2><strong>Vantagens da Linha de Processamento de P\u00e3o Torrado<\/strong><\/h2>\n<p>1. A estrutura \u00e9 feita de material de a\u00e7o inoxid\u00e1vel por soldadura a laser, limpa e bonita, est\u00e1vel e dur\u00e1vel.<br \/>\n2. Utilizando o sistema de controlo PLC, opera\u00e7\u00e3o servo dupla, indu\u00e7\u00e3o fotoel\u00e9ctrica SICK original alem\u00e3, a velocidade m\u00e1xima de funcionamento pode atingir 200 por minuto, est\u00e1vel e eficiente.<br \/>\n3. O sistema de controlo tem a sua pr\u00f3pria fun\u00e7\u00e3o de mem\u00f3ria, que pode ser utilizada diretamente quando \u00e9 produzida, o que \u00e9 conveniente e r\u00e1pido.<br \/>\n4. A f\u00e1brica fornece solu\u00e7\u00f5es completas de processamento de p\u00e3o e solu\u00e7\u00f5es de linha de embalagem de p\u00e3o.<\/p>\n<h2><strong>Prestar servi\u00e7os profissionais<\/strong><\/h2>\n<p>De acordo com as necessidades de cada cliente, a nossa empresa faz o planeamento e a conce\u00e7\u00e3o de linhas de produ\u00e7\u00e3o profissionais \u00e0 medida, de acordo com projectos de p\u00e3o, m\u00e9todos de produ\u00e7\u00e3o, produ\u00e7\u00e3o esperada, condi\u00e7\u00f5es do local e outras informa\u00e7\u00f5es, planeamento de linhas de desloca\u00e7\u00e3o do local e recomenda\u00e7\u00f5es de equipamento para si.<\/p>\n<p>Ajudar os clientes a melhorar as m\u00e1quinas da linha de produ\u00e7\u00e3o para aumentar a capacidade de produ\u00e7\u00e3o, tornar a qualidade do produto mais est\u00e1vel e maximizar os benef\u00edcios da produ\u00e7\u00e3o. Quer esteja a construir uma nova linha de p\u00e3o ou padaria ou a melhorar toda a linha de padaria, a nossa empresa pode ajud\u00e1-lo a otimizar a reconstru\u00e7\u00e3o, permitindo-lhe poupar m\u00e3o de obra e atingir eficazmente os objectivos de produ\u00e7\u00e3o em massa.<\/p>\n<h3><strong>Deixe o seu pedido de or\u00e7amento<\/strong><\/h3>\n\n<div class=\"wpcf7 no-js\" id=\"wpcf7-f2977-o1\" lang=\"en-US\" dir=\"ltr\">\n<div class=\"screen-reader-response\"><p role=\"status\" aria-live=\"polite\" aria-atomic=\"true\"><\/p> <ul><\/ul><\/div>\n<form action=\"\/pt\/wp-json\/wp\/v2\/product\/3719#wpcf7-f2977-o1\" method=\"post\" class=\"wpcf7-form init\" aria-label=\"Formul\u00e1rio de contacto\" novalidate=\"novalidate\" data-status=\"init\" data-trp-original-action=\"\/pt\/wp-json\/wp\/v2\/product\/3719#wpcf7-f2977-o1\">\n<div style=\"display: none;\">\n<input type=\"hidden\" name=\"_wpcf7\" value=\"2977\" \/>\n<input type=\"hidden\" name=\"_wpcf7_version\" value=\"5.7.7\" \/>\n<input type=\"hidden\" name=\"_wpcf7_locale\" value=\"en_US\" \/>\n<input type=\"hidden\" name=\"_wpcf7_unit_tag\" value=\"wpcf7-f2977-o1\" \/>\n<input type=\"hidden\" name=\"_wpcf7_container_post\" value=\"0\" \/>\n<input type=\"hidden\" name=\"_wpcf7_posted_data_hash\" value=\"\" \/>\n<\/div>\n<p><label> O seu nome*<br \/>\n<span class=\"wpcf7-form-control-wrap\" data-name=\"your-name\"><input size=\"40\" class=\"wpcf7-form-control wpcf7-text wpcf7-validates-as-required\" aria-required=\"true\" aria-invalid=\"false\" value=\"\" type=\"text\" name=\"your-name\" \/><\/span> <\/label>\n<\/p>\n<p><label> O seu pa\u00eds<br \/>\n<span class=\"wpcf7-form-control-wrap\" data-name=\"your-country\"><input size=\"40\" class=\"wpcf7-form-control wpcf7-text\" aria-invalid=\"false\" value=\"\" type=\"text\" name=\"your-country\" \/><\/span><\/label>\n<\/p>\n<p><label> O seu e-mail*<br \/>\n<span class=\"wpcf7-form-control-wrap\" data-name=\"your-email\"><input size=\"40\" class=\"wpcf7-form-control wpcf7-text wpcf7-email wpcf7-validates-as-required wpcf7-validates-as-email\" aria-required=\"true\" aria-invalid=\"false\" value=\"\" type=\"email\" name=\"your-email\" \/><\/span> <\/label>\n<\/p>\n<p><label> O seu telem\u00f3vel<br \/>\n<span class=\"wpcf7-form-control-wrap\" data-name=\"your-phone\"><input size=\"40\" class=\"wpcf7-form-control wpcf7-text\" aria-invalid=\"false\" value=\"\" type=\"text\" name=\"your-phone\" \/><\/span> <\/label>\n<\/p>\n<p><label> Nome da empresa<br \/>\n<span class=\"wpcf7-form-control-wrap\" data-name=\"text-529\"><input size=\"40\" class=\"wpcf7-form-control wpcf7-text\" aria-invalid=\"false\" value=\"\" type=\"text\" name=\"text-529\" \/><\/span> <\/label>\n<\/p>\n<p><label> S\u00edtio Web da empresa<br \/>\n<span class=\"wpcf7-form-control-wrap\" data-name=\"text-106\"><input size=\"40\" class=\"wpcf7-form-control wpcf7-text\" aria-invalid=\"false\" value=\"\" type=\"text\" name=\"text-106\" \/><\/span> <\/label>\n<\/p>\n<p><label> A sua mensagem*<br \/>\n<span class=\"wpcf7-form-control-wrap\" data-name=\"your-message\"><textarea cols=\"40\" rows=\"10\" class=\"wpcf7-form-control wpcf7-textarea wpcf7-validates-as-required\" aria-required=\"true\" aria-invalid=\"false\" name=\"your-message\"><\/textarea><\/span> <\/label>\n<\/p>\n<p><input class=\"wpcf7-form-control has-spinner wpcf7-submit\" type=\"submit\" value=\"Enviar\" \/>\n<\/p><p style=\"display: none !important;\" class=\"akismet-fields-container\" data-prefix=\"_wpcf7_ak_\"><label>&#916;<textarea name=\"_wpcf7_ak_hp_textarea\" cols=\"45\" rows=\"8\" maxlength=\"100\"><\/textarea><\/label><input type=\"hidden\" id=\"ak_js_1\" name=\"_wpcf7_ak_js\" value=\"140\"\/><script>document.getElementById( \"ak_js_1\" ).setAttribute( \"value\", ( new Date() ).getTime() );<\/script><\/p><div class=\"wpcf7-response-output\" aria-hidden=\"true\"><\/div>\n<input type=\"hidden\" name=\"trp-form-language\" value=\"pt\"\/><\/form>\n<\/div>\n\n<div style='text-align:left' class='yasr-auto-insert-visitor'><\/div>","protected":false},"excerpt":{"rendered":"<p>Desde a mistura da massa at\u00e9 \u00e0 embalagem do p\u00e3o torrado do produto acabado, todo o processo \u00e9 automatizado. Se quiser saber mais, contacte o e-mail lisa@machinehall.com.<\/p>","protected":false},"featured_media":3721,"comment_status":"open","ping_status":"closed","template":"","meta":{"site-sidebar-layout":"default","site-content-layout":"default","ast-main-header-display":"","ast-hfb-above-header-display":"","ast-hfb-below-header-display":"","ast-hfb-mobile-header-display":"","site-post-title":"","ast-breadcrumbs-content":"","ast-featured-img":"","footer-sml-layout":"","theme-transparent-header-meta":"default","adv-header-id-meta":"","stick-header-meta":"","header-above-stick-meta":"","header-main-stick-meta":"","header-below-stick-meta":"","yasr_overall_rating":0,"yasr_post_is_review":"","yasr_auto_insert_disabled":"","yasr_review_type":""},"product_cat":[27],"product_tag":[],"class_list":["post-3719","product","type-product","status-publish","has-post-thumbnail","hentry","product_cat-bread-machinery"],"yoast_head":"<!-- This site is optimized with the Yoast SEO plugin v27.5 - https:\/\/yoast.com\/product\/yoast-seo-wordpress\/ -->\n<title>600grams Toast Bread Production Line Industrial Use<\/title>\n<meta name=\"description\" content=\"The toast bread production line can automatically produce toast bread of different specifications, with large output and high efficiency.\" \/>\n<meta name=\"robots\" content=\"index, follow, max-snippet:-1, max-image-preview:large, max-video-preview:-1\" \/>\n<link rel=\"canonical\" href=\"https:\/\/www.bakeryturnkey.com\/pt\/produto\/toast-bread-production-line\/\" \/>\n<meta property=\"og:locale\" content=\"pt_PT\" \/>\n<meta property=\"og:type\" content=\"article\" \/>\n<meta property=\"og:title\" content=\"600grams Toast Bread Production Line Industrial Use\" \/>\n<meta property=\"og:description\" content=\"The toast bread production line can automatically produce toast bread of different specifications, with large output and high efficiency.\" \/>\n<meta property=\"og:url\" content=\"https:\/\/www.bakeryturnkey.com\/pt\/produto\/toast-bread-production-line\/\" \/>\n<meta property=\"og:site_name\" content=\"Bakery Food Processing Equipment Manufacturer\" \/>\n<meta property=\"article:modified_time\" content=\"2022-04-25T06:42:03+00:00\" \/>\n<meta property=\"og:image\" content=\"https:\/\/www.bakeryturnkey.com\/wp-content\/uploads\/2022\/04\/7-2.jpg\" \/>\n\t<meta property=\"og:image:width\" content=\"800\" \/>\n\t<meta property=\"og:image:height\" content=\"800\" \/>\n\t<meta property=\"og:image:type\" content=\"image\/jpeg\" \/>\n<meta name=\"twitter:card\" content=\"summary_large_image\" \/>\n<meta name=\"twitter:label1\" content=\"Tempo estimado de leitura\" \/>\n\t<meta name=\"twitter:data1\" content=\"3 minutos\" \/>\n<script type=\"application\/ld+json\" class=\"yoast-schema-graph\">{\"@context\":\"https:\\\/\\\/schema.org\",\"@graph\":[{\"@type\":\"WebPage\",\"@id\":\"https:\\\/\\\/www.bakeryturnkey.com\\\/product\\\/toast-bread-production-line\\\/\",\"url\":\"https:\\\/\\\/www.bakeryturnkey.com\\\/product\\\/toast-bread-production-line\\\/\",\"name\":\"600grams Toast Bread Production Line Industrial Use\",\"isPartOf\":{\"@id\":\"https:\\\/\\\/www.bakeryturnkey.com\\\/#website\"},\"primaryImageOfPage\":{\"@id\":\"https:\\\/\\\/www.bakeryturnkey.com\\\/product\\\/toast-bread-production-line\\\/#primaryimage\"},\"image\":{\"@id\":\"https:\\\/\\\/www.bakeryturnkey.com\\\/product\\\/toast-bread-production-line\\\/#primaryimage\"},\"thumbnailUrl\":\"https:\\\/\\\/www.bakeryturnkey.com\\\/wp-content\\\/uploads\\\/2022\\\/04\\\/7-2.jpg\",\"datePublished\":\"2022-04-25T06:28:54+00:00\",\"dateModified\":\"2022-04-25T06:42:03+00:00\",\"description\":\"The toast bread production line can automatically produce toast bread of different specifications, with large output and high efficiency.\",\"breadcrumb\":{\"@id\":\"https:\\\/\\\/www.bakeryturnkey.com\\\/product\\\/toast-bread-production-line\\\/#breadcrumb\"},\"inLanguage\":\"pt-PT\",\"potentialAction\":[{\"@type\":\"ReadAction\",\"target\":[\"https:\\\/\\\/www.bakeryturnkey.com\\\/product\\\/toast-bread-production-line\\\/\"]}]},{\"@type\":\"ImageObject\",\"inLanguage\":\"pt-PT\",\"@id\":\"https:\\\/\\\/www.bakeryturnkey.com\\\/product\\\/toast-bread-production-line\\\/#primaryimage\",\"url\":\"https:\\\/\\\/www.bakeryturnkey.com\\\/wp-content\\\/uploads\\\/2022\\\/04\\\/7-2.jpg\",\"contentUrl\":\"https:\\\/\\\/www.bakeryturnkey.com\\\/wp-content\\\/uploads\\\/2022\\\/04\\\/7-2.jpg\",\"width\":800,\"height\":800,\"caption\":\"Toast Production Line\"},{\"@type\":\"BreadcrumbList\",\"@id\":\"https:\\\/\\\/www.bakeryturnkey.com\\\/product\\\/toast-bread-production-line\\\/#breadcrumb\",\"itemListElement\":[{\"@type\":\"ListItem\",\"position\":1,\"name\":\"Home\",\"item\":\"https:\\\/\\\/www.bakeryturnkey.com\\\/\"},{\"@type\":\"ListItem\",\"position\":2,\"name\":\"Products\",\"item\":\"https:\\\/\\\/www.bakeryturnkey.com\\\/products\\\/\"},{\"@type\":\"ListItem\",\"position\":3,\"name\":\"600grams Toast Bread Production Line Industrial Use\"}]},{\"@type\":\"WebSite\",\"@id\":\"https:\\\/\\\/www.bakeryturnkey.com\\\/#website\",\"url\":\"https:\\\/\\\/www.bakeryturnkey.com\\\/\",\"name\":\"Bakery Food Processing Equipment Manufacturer\",\"description\":\"Bakery Food Solutions Provider\",\"publisher\":{\"@id\":\"https:\\\/\\\/www.bakeryturnkey.com\\\/#organization\"},\"potentialAction\":[{\"@type\":\"SearchAction\",\"target\":{\"@type\":\"EntryPoint\",\"urlTemplate\":\"https:\\\/\\\/www.bakeryturnkey.com\\\/?s={search_term_string}\"},\"query-input\":{\"@type\":\"PropertyValueSpecification\",\"valueRequired\":true,\"valueName\":\"search_term_string\"}}],\"inLanguage\":\"pt-PT\"},{\"@type\":\"Organization\",\"@id\":\"https:\\\/\\\/www.bakeryturnkey.com\\\/#organization\",\"name\":\"Bakery Food Processing Equipment Manufacturer\",\"url\":\"https:\\\/\\\/www.bakeryturnkey.com\\\/\",\"logo\":{\"@type\":\"ImageObject\",\"inLanguage\":\"pt-PT\",\"@id\":\"https:\\\/\\\/www.bakeryturnkey.com\\\/#\\\/schema\\\/logo\\\/image\\\/\",\"url\":\"https:\\\/\\\/www.bakeryturnkey.com\\\/wp-content\\\/uploads\\\/2022\\\/03\\\/cropped-13-1.png\",\"contentUrl\":\"https:\\\/\\\/www.bakeryturnkey.com\\\/wp-content\\\/uploads\\\/2022\\\/03\\\/cropped-13-1.png\",\"width\":512,\"height\":429,\"caption\":\"Bakery Food Processing Equipment Manufacturer\"},\"image\":{\"@id\":\"https:\\\/\\\/www.bakeryturnkey.com\\\/#\\\/schema\\\/logo\\\/image\\\/\"}},false]}<\/script>\n<!-- \/ Yoast SEO plugin. -->","yoast_head_json":{"title":"600grams Toast Bread Production Line Industrial Use","description":"The toast bread production line can automatically produce toast bread of different specifications, with large output and high efficiency.","robots":{"index":"index","follow":"follow","max-snippet":"max-snippet:-1","max-image-preview":"max-image-preview:large","max-video-preview":"max-video-preview:-1"},"canonical":"https:\/\/www.bakeryturnkey.com\/pt\/produto\/toast-bread-production-line\/","og_locale":"pt_PT","og_type":"article","og_title":"600grams Toast Bread Production Line Industrial Use","og_description":"The toast bread production line can automatically produce toast bread of different specifications, with large output and high efficiency.","og_url":"https:\/\/www.bakeryturnkey.com\/pt\/produto\/toast-bread-production-line\/","og_site_name":"Bakery Food Processing Equipment Manufacturer","article_modified_time":"2022-04-25T06:42:03+00:00","og_image":[{"width":800,"height":800,"url":"https:\/\/www.bakeryturnkey.com\/wp-content\/uploads\/2022\/04\/7-2.jpg","type":"image\/jpeg"}],"twitter_card":"summary_large_image","twitter_misc":{"Tempo estimado de leitura":"3 minutos"},"schema":{"@context":"https:\/\/schema.org","@graph":[{"@type":"WebPage","@id":"https:\/\/www.bakeryturnkey.com\/product\/toast-bread-production-line\/","url":"https:\/\/www.bakeryturnkey.com\/product\/toast-bread-production-line\/","name":"600grams Toast Bread Production Line Industrial Use","isPartOf":{"@id":"https:\/\/www.bakeryturnkey.com\/#website"},"primaryImageOfPage":{"@id":"https:\/\/www.bakeryturnkey.com\/product\/toast-bread-production-line\/#primaryimage"},"image":{"@id":"https:\/\/www.bakeryturnkey.com\/product\/toast-bread-production-line\/#primaryimage"},"thumbnailUrl":"https:\/\/www.bakeryturnkey.com\/wp-content\/uploads\/2022\/04\/7-2.jpg","datePublished":"2022-04-25T06:28:54+00:00","dateModified":"2022-04-25T06:42:03+00:00","description":"The toast bread production line can automatically produce toast bread of different specifications, with large output and high efficiency.","breadcrumb":{"@id":"https:\/\/www.bakeryturnkey.com\/product\/toast-bread-production-line\/#breadcrumb"},"inLanguage":"pt-PT","potentialAction":[{"@type":"ReadAction","target":["https:\/\/www.bakeryturnkey.com\/product\/toast-bread-production-line\/"]}]},{"@type":"ImageObject","inLanguage":"pt-PT","@id":"https:\/\/www.bakeryturnkey.com\/product\/toast-bread-production-line\/#primaryimage","url":"https:\/\/www.bakeryturnkey.com\/wp-content\/uploads\/2022\/04\/7-2.jpg","contentUrl":"https:\/\/www.bakeryturnkey.com\/wp-content\/uploads\/2022\/04\/7-2.jpg","width":800,"height":800,"caption":"Toast Production Line"},{"@type":"BreadcrumbList","@id":"https:\/\/www.bakeryturnkey.com\/product\/toast-bread-production-line\/#breadcrumb","itemListElement":[{"@type":"ListItem","position":1,"name":"Home","item":"https:\/\/www.bakeryturnkey.com\/"},{"@type":"ListItem","position":2,"name":"Products","item":"https:\/\/www.bakeryturnkey.com\/products\/"},{"@type":"ListItem","position":3,"name":"600grams Toast Bread Production Line Industrial Use"}]},{"@type":"WebSite","@id":"https:\/\/www.bakeryturnkey.com\/#website","url":"https:\/\/www.bakeryturnkey.com\/","name":"Bakery Food Processing Equipment Manufacturer","description":"Bakery Food Solutions Provider","publisher":{"@id":"https:\/\/www.bakeryturnkey.com\/#organization"},"potentialAction":[{"@type":"SearchAction","target":{"@type":"EntryPoint","urlTemplate":"https:\/\/www.bakeryturnkey.com\/?s={search_term_string}"},"query-input":{"@type":"PropertyValueSpecification","valueRequired":true,"valueName":"search_term_string"}}],"inLanguage":"pt-PT"},{"@type":"Organization","@id":"https:\/\/www.bakeryturnkey.com\/#organization","name":"Bakery Food Processing Equipment Manufacturer","url":"https:\/\/www.bakeryturnkey.com\/","logo":{"@type":"ImageObject","inLanguage":"pt-PT","@id":"https:\/\/www.bakeryturnkey.com\/#\/schema\/logo\/image\/","url":"https:\/\/www.bakeryturnkey.com\/wp-content\/uploads\/2022\/03\/cropped-13-1.png","contentUrl":"https:\/\/www.bakeryturnkey.com\/wp-content\/uploads\/2022\/03\/cropped-13-1.png","width":512,"height":429,"caption":"Bakery Food Processing Equipment Manufacturer"},"image":{"@id":"https:\/\/www.bakeryturnkey.com\/#\/schema\/logo\/image\/"}},false]}},"yasr_visitor_votes":{"stars_attributes":{"read_only":false,"span_bottom":false},"number_of_votes":0,"sum_votes":0},"_links":{"self":[{"href":"https:\/\/www.bakeryturnkey.com\/pt\/wp-json\/wp\/v2\/product\/3719","targetHints":{"allow":["GET"]}}],"collection":[{"href":"https:\/\/www.bakeryturnkey.com\/pt\/wp-json\/wp\/v2\/product"}],"about":[{"href":"https:\/\/www.bakeryturnkey.com\/pt\/wp-json\/wp\/v2\/types\/product"}],"replies":[{"embeddable":true,"href":"https:\/\/www.bakeryturnkey.com\/pt\/wp-json\/wp\/v2\/comments?post=3719"}],"wp:featuredmedia":[{"embeddable":true,"href":"https:\/\/www.bakeryturnkey.com\/pt\/wp-json\/wp\/v2\/media\/3721"}],"wp:attachment":[{"href":"https:\/\/www.bakeryturnkey.com\/pt\/wp-json\/wp\/v2\/media?parent=3719"}],"wp:term":[{"taxonomy":"product_cat","embeddable":true,"href":"https:\/\/www.bakeryturnkey.com\/pt\/wp-json\/wp\/v2\/product_cat?post=3719"},{"taxonomy":"product_tag","embeddable":true,"href":"https:\/\/www.bakeryturnkey.com\/pt\/wp-json\/wp\/v2\/product_tag?post=3719"}],"curies":[{"name":"wp","href":"https:\/\/api.w.org\/{rel}","templated":true}]}}