{"id":3524,"date":"2022-03-23T11:35:31","date_gmt":"2022-03-23T03:35:31","guid":{"rendered":"https:\/\/www.bakeryturnkey.com\/?post_type=product&#038;p=3524"},"modified":"2025-10-17T15:21:48","modified_gmt":"2025-10-17T07:21:48","slug":"gas-oven-for-cake-baking","status":"publish","type":"product","link":"https:\/\/www.bakeryturnkey.com\/pt\/produto\/gas-oven-for-cake-baking\/","title":{"rendered":"Forno cont\u00ednuo a g\u00e1s para cozedura de bolos com placa de corrente"},"content":{"rendered":"<p>O forno a g\u00e1s \u00e9 adequado para a cozedura de bolos, adopta uma estrutura de placa de corrente, pode alcan\u00e7ar a produ\u00e7\u00e3o cont\u00ednua de bolos e a efici\u00eancia de trabalho \u00e9 elevada.<\/p>\n<p>A f\u00e1brica desenvolveu diferentes tipos de fornos de acordo com diferentes materiais, como o tipo de placa de corrente, o tipo de correia de malha, o tipo de correia de a\u00e7o, etc. O m\u00e9todo de aquecimento tamb\u00e9m est\u00e1 dividido em tr\u00eas tipos: tipo de g\u00e1s, tipo el\u00e9trico e tipo de combust\u00edvel.<\/p>\n<h2><strong>Carater\u00edsticas<\/strong><\/h2>\n<p>1. O tamanho do forno pode ser personalizado de acordo com as necessidades do cliente em termos de comprimento e largura.<br \/>\n2. Atrav\u00e9s do sistema de controlo inteligente PLC, \u00e9 implementado o controlo inteligente do modo de distribui\u00e7\u00e3o.<br \/>\n3. O comprimento do corpo do forno a g\u00e1s do forno \u00e9 de 4m-80m, e a largura da c\u00e2mara interna \u00e9 de 600mm-2400mm.<br \/>\n4. O movimento relativo do bolo \u00e9 produzido entre a placa da corrente de transporte e o elemento de aquecimento ou a haste de queima direta, de modo a completar o trabalho cont\u00ednuo e uniforme de cozedura e transporte.<br \/>\n5. As zonas de temperatura superior e inferior s\u00e3o controladas separadamente no forno de t\u00fanel para satisfazer os requisitos de aquecimento dos alimentos \u00e0 superf\u00edcie e no fundo.<br \/>\n6. A m\u00e1quina de forno de bolo tem as carater\u00edsticas de produ\u00e7\u00e3o cont\u00ednua, alta efici\u00eancia de produ\u00e7\u00e3o, economia de trabalho e qualidade de processamento est\u00e1vel.<\/p>\n<h2><strong>V\u00eddeo de trabalho<\/strong><\/h2>\n<div class=\"ast-oembed-container\"><iframe loading=\"lazy\" title=\"Como cozer cupcakes?--- Forno de t\u00fanel cont\u00ednuo\" width=\"500\" height=\"281\" src=\"https:\/\/www.youtube.com\/embed\/DlYtCf2uEM0?feature=oembed\" frameborder=\"0\" allow=\"accelerometer; autoplay; clipboard-write; encrypted-media; gyroscope; picture-in-picture; web-share\" referrerpolicy=\"strict-origin-when-cross-origin\" allowfullscreen><\/iframe><\/div>\n<h2><strong>Fun\u00e7\u00e3o da m\u00e1quina do forno de cozedura de bolos<\/strong><\/h2>\n<p>1. Sistema de transmiss\u00e3o<br \/>\n\u2460Usando corrente transportadora autolubrificante, baixo ru\u00eddo, resist\u00eancia ao desgaste, resist\u00eancia a altas temperaturas de 400 graus.<br \/>\n\u2461De acordo com os requisitos de cozedura do cliente, escolha um intervalo de cozedura, tempo e temperatura razo\u00e1veis.<br \/>\n\u2462A corrente transportadora est\u00e1 equipada com dispositivos de tensionamento autom\u00e1tico em ambos os lados da entrada para ajustar a tens\u00e3o da corrente.<\/p>\n<p>2. Sistema de seguran\u00e7a<br \/>\n\u2460O interrutor de prote\u00e7\u00e3o de baixa press\u00e3o de g\u00e1s desempenha o papel de prote\u00e7\u00e3o de interbloqueio de baixa press\u00e3o de g\u00e1s. Primeiro, garante o requisito de press\u00e3o m\u00ednima para o in\u00edcio da combust\u00e3o e mistura totalmente a combust\u00e3o sob o estado de press\u00e3o de ar e g\u00e1s. Em segundo lugar, assegura que a press\u00e3o do g\u00e1s \u00e9 demasiado baixa durante o funcionamento para evitar a ocorr\u00eancia de acidentes de flashback.<br \/>\n\u2461Atrav\u00e9s da v\u00e1lvula solenoide principal, a v\u00e1lvula solenoide especial para g\u00e1s tipo diafragma \u00e9 garantida para realizar a dupla prote\u00e7\u00e3o do gasoduto principal e controlar o on-off do gasoduto principal. Quando ocorre uma situa\u00e7\u00e3o anormal, o g\u00e1s pode ser cortado em 1 segundo.<br \/>\n\u2462 Atrav\u00e9s do interrutor de prote\u00e7\u00e3o de alta press\u00e3o do g\u00e1s, a alta press\u00e3o do g\u00e1s e a prote\u00e7\u00e3o do controlo de interbloqueio podem evitar o fen\u00f3meno de combust\u00e3o e inc\u00eandio quando a press\u00e3o do g\u00e1s \u00e9 demasiado elevada, assegurando assim a preven\u00e7\u00e3o do inc\u00eandio e da combust\u00e3o.<br \/>\n\u2463O dispositivo de igni\u00e7\u00e3o de alta tens\u00e3o possui um \u00fanico sistema de processamento independente de alarme de extin\u00e7\u00e3o de inc\u00eandio e coopera com o sistema de controle PLC para realizar o monitoramento de seguran\u00e7a de combust\u00e3o de toda a m\u00e1quina.<\/p>\n<p>O forno cont\u00ednuo a g\u00e1s tamb\u00e9m tem um sistema de garantia de combust\u00e3o, um sistema de controlo de temperatura, um sistema de circula\u00e7\u00e3o de ar t\u00e9rmico, etc. para garantir a produ\u00e7\u00e3o segura do equipamento. Se quiser utilizar este forno para cozer bolos, envie-nos o seu pedido de or\u00e7amento.<\/p>\n<h3><strong>Par\u00e2metros t\u00e9cnicos<\/strong><\/h3>\n<table>\n<colgroup>\n<col \/>\n<col \/><\/colgroup>\n<tbody>\n<tr>\n<td colspan=\"1\" rowspan=\"1\">Dimens\u00f5es (C*L*A)<\/td>\n<td colspan=\"1\" rowspan=\"1\">21000*2280*2180MM<\/td>\n<\/tr>\n<tr>\n<td colspan=\"1\" rowspan=\"1\">Total de calorias<\/td>\n<td colspan=\"1\" rowspan=\"1\">224280Cal\u00f3rico(kcal\/h)<\/td>\n<\/tr>\n<tr>\n<td colspan=\"1\" rowspan=\"1\">Consumo de ar (consumo de g\u00e1s)<\/td>\n<td colspan=\"1\" rowspan=\"1\">0,9m\u00b3\/m<\/td>\n<\/tr>\n<tr>\n<td colspan=\"1\" rowspan=\"1\">Pot\u00eancia<\/td>\n<td colspan=\"1\" rowspan=\"1\">2HP<\/td>\n<\/tr>\n<tr>\n<td colspan=\"1\" rowspan=\"1\">Tens\u00e3o<\/td>\n<td colspan=\"1\" rowspan=\"1\">380V<\/td>\n<\/tr>\n<tr>\n<td colspan=\"1\" rowspan=\"1\">Tamanho da placa de cozedura<\/td>\n<td colspan=\"1\" rowspan=\"1\">40*60CM<\/td>\n<\/tr>\n<\/tbody>\n<\/table>\n<h3><strong>Deixe o seu pedido de or\u00e7amento<\/strong><\/h3>\n\n<div class=\"wpcf7 no-js\" id=\"wpcf7-f2977-o1\" lang=\"en-US\" dir=\"ltr\">\n<div class=\"screen-reader-response\"><p role=\"status\" aria-live=\"polite\" aria-atomic=\"true\"><\/p> <ul><\/ul><\/div>\n<form action=\"\/pt\/wp-json\/wp\/v2\/product\/3524#wpcf7-f2977-o1\" method=\"post\" class=\"wpcf7-form init\" aria-label=\"Formul\u00e1rio de contacto\" novalidate=\"novalidate\" data-status=\"init\" data-trp-original-action=\"\/pt\/wp-json\/wp\/v2\/product\/3524#wpcf7-f2977-o1\">\n<div style=\"display: none;\">\n<input type=\"hidden\" name=\"_wpcf7\" value=\"2977\" \/>\n<input type=\"hidden\" name=\"_wpcf7_version\" value=\"5.7.7\" \/>\n<input type=\"hidden\" name=\"_wpcf7_locale\" value=\"en_US\" \/>\n<input type=\"hidden\" name=\"_wpcf7_unit_tag\" value=\"wpcf7-f2977-o1\" \/>\n<input type=\"hidden\" name=\"_wpcf7_container_post\" value=\"0\" \/>\n<input type=\"hidden\" name=\"_wpcf7_posted_data_hash\" value=\"\" \/>\n<\/div>\n<p><label> O seu nome*<br \/>\n<span class=\"wpcf7-form-control-wrap\" data-name=\"your-name\"><input size=\"40\" class=\"wpcf7-form-control wpcf7-text wpcf7-validates-as-required\" aria-required=\"true\" aria-invalid=\"false\" value=\"\" type=\"text\" name=\"your-name\" \/><\/span> <\/label>\n<\/p>\n<p><label> O seu pa\u00eds<br \/>\n<span class=\"wpcf7-form-control-wrap\" data-name=\"your-country\"><input size=\"40\" class=\"wpcf7-form-control wpcf7-text\" aria-invalid=\"false\" value=\"\" type=\"text\" name=\"your-country\" \/><\/span><\/label>\n<\/p>\n<p><label> O seu e-mail*<br \/>\n<span class=\"wpcf7-form-control-wrap\" data-name=\"your-email\"><input size=\"40\" class=\"wpcf7-form-control wpcf7-text wpcf7-email wpcf7-validates-as-required wpcf7-validates-as-email\" aria-required=\"true\" aria-invalid=\"false\" value=\"\" type=\"email\" name=\"your-email\" \/><\/span> <\/label>\n<\/p>\n<p><label> O seu telem\u00f3vel<br \/>\n<span class=\"wpcf7-form-control-wrap\" data-name=\"your-phone\"><input size=\"40\" class=\"wpcf7-form-control wpcf7-text\" aria-invalid=\"false\" value=\"\" type=\"text\" name=\"your-phone\" \/><\/span> <\/label>\n<\/p>\n<p><label> Nome da empresa<br \/>\n<span class=\"wpcf7-form-control-wrap\" data-name=\"text-529\"><input size=\"40\" class=\"wpcf7-form-control wpcf7-text\" aria-invalid=\"false\" value=\"\" type=\"text\" name=\"text-529\" \/><\/span> <\/label>\n<\/p>\n<p><label> S\u00edtio Web da empresa<br \/>\n<span class=\"wpcf7-form-control-wrap\" data-name=\"text-106\"><input size=\"40\" class=\"wpcf7-form-control wpcf7-text\" aria-invalid=\"false\" value=\"\" type=\"text\" name=\"text-106\" \/><\/span> <\/label>\n<\/p>\n<p><label> A sua mensagem*<br \/>\n<span class=\"wpcf7-form-control-wrap\" data-name=\"your-message\"><textarea cols=\"40\" rows=\"10\" class=\"wpcf7-form-control wpcf7-textarea wpcf7-validates-as-required\" aria-required=\"true\" aria-invalid=\"false\" name=\"your-message\"><\/textarea><\/span> <\/label>\n<\/p>\n<p><input class=\"wpcf7-form-control has-spinner wpcf7-submit\" type=\"submit\" value=\"Enviar\" \/>\n<\/p><p style=\"display: none !important;\" class=\"akismet-fields-container\" data-prefix=\"_wpcf7_ak_\"><label>&#916;<textarea name=\"_wpcf7_ak_hp_textarea\" cols=\"45\" rows=\"8\" maxlength=\"100\"><\/textarea><\/label><input type=\"hidden\" id=\"ak_js_1\" name=\"_wpcf7_ak_js\" value=\"249\"\/><script>document.getElementById( \"ak_js_1\" ).setAttribute( \"value\", ( new Date() ).getTime() );<\/script><\/p><div class=\"wpcf7-response-output\" aria-hidden=\"true\"><\/div>\n<input type=\"hidden\" name=\"trp-form-language\" value=\"pt\"\/><\/form>\n<\/div>\n\n<div style='text-align:left' class='yasr-auto-insert-visitor'><\/div>","protected":false},"excerpt":{"rendered":"<table>\n<tbody>\n<tr>\n<td width=\"365\">Dimens\u00f5es (C*L*A)<\/td>\n<td width=\"221\">21000*2280*2180MM<\/td>\n<\/tr>\n<tr>\n<td width=\"365\">M\u00e9todos de aquecimento<\/td>\n<td width=\"221\">G\u00e1s\/el\u00e9trico<\/td>\n<\/tr>\n<tr>\n<td width=\"365\">Tens\u00e3o<\/td>\n<td width=\"221\">380V<\/td>\n<\/tr>\n<tr>\n<td width=\"365\">Tamanho da placa de cozedura<\/td>\n<td width=\"221\">40*60CM<\/td>\n<\/tr>\n<\/tbody>\n<\/table>","protected":false},"featured_media":3549,"comment_status":"open","ping_status":"closed","template":"","meta":{"site-sidebar-layout":"default","site-content-layout":"default","ast-main-header-display":"","ast-hfb-above-header-display":"","ast-hfb-below-header-display":"","ast-hfb-mobile-header-display":"","site-post-title":"","ast-breadcrumbs-content":"","ast-featured-img":"","footer-sml-layout":"","theme-transparent-header-meta":"","adv-header-id-meta":"","stick-header-meta":"","header-above-stick-meta":"","header-main-stick-meta":"","header-below-stick-meta":"","yasr_overall_rating":0,"yasr_post_is_review":"","yasr_auto_insert_disabled":"","yasr_review_type":""},"product_cat":[26],"product_tag":[],"class_list":["post-3524","product","type-product","status-publish","has-post-thumbnail","hentry","product_cat-cake-machinery"],"yoast_head":"<!-- This site is optimized with the Yoast SEO plugin v27.5 - https:\/\/yoast.com\/product\/yoast-seo-wordpress\/ -->\n<title>Continuous Gas Oven for Cake Baking with Chain Plate<\/title>\n<meta name=\"description\" content=\"The gas oven adopts chain plate structure, which is suitable for baking cakes and other products with baking plate.\" \/>\n<meta name=\"robots\" content=\"index, follow, max-snippet:-1, max-image-preview:large, max-video-preview:-1\" \/>\n<link rel=\"canonical\" href=\"https:\/\/www.bakeryturnkey.com\/pt\/produto\/gas-oven-for-cake-baking\/\" \/>\n<meta property=\"og:locale\" content=\"pt_PT\" \/>\n<meta property=\"og:type\" content=\"article\" \/>\n<meta property=\"og:title\" content=\"Continuous Gas Oven for Cake Baking with Chain Plate\" \/>\n<meta property=\"og:description\" content=\"The gas oven adopts chain plate structure, which is suitable for baking cakes and other products with baking plate.\" \/>\n<meta property=\"og:url\" content=\"https:\/\/www.bakeryturnkey.com\/pt\/produto\/gas-oven-for-cake-baking\/\" \/>\n<meta property=\"og:site_name\" content=\"Bakery Food Processing Equipment Manufacturer\" \/>\n<meta property=\"article:modified_time\" content=\"2025-10-17T07:21:48+00:00\" \/>\n<meta property=\"og:image\" content=\"https:\/\/www.bakeryturnkey.com\/wp-content\/uploads\/2022\/03\/13-1.jpg\" \/>\n\t<meta property=\"og:image:width\" content=\"800\" \/>\n\t<meta property=\"og:image:height\" content=\"800\" \/>\n\t<meta property=\"og:image:type\" content=\"image\/jpeg\" \/>\n<meta name=\"twitter:card\" content=\"summary_large_image\" \/>\n<meta name=\"twitter:label1\" content=\"Tempo estimado de leitura\" \/>\n\t<meta name=\"twitter:data1\" content=\"3 minutos\" \/>\n<script type=\"application\/ld+json\" class=\"yoast-schema-graph\">{\"@context\":\"https:\\\/\\\/schema.org\",\"@graph\":[{\"@type\":\"WebPage\",\"@id\":\"https:\\\/\\\/www.bakeryturnkey.com\\\/product\\\/gas-oven-for-cake-baking\\\/\",\"url\":\"https:\\\/\\\/www.bakeryturnkey.com\\\/product\\\/gas-oven-for-cake-baking\\\/\",\"name\":\"Continuous Gas Oven for Cake Baking with Chain Plate\",\"isPartOf\":{\"@id\":\"https:\\\/\\\/www.bakeryturnkey.com\\\/#website\"},\"primaryImageOfPage\":{\"@id\":\"https:\\\/\\\/www.bakeryturnkey.com\\\/product\\\/gas-oven-for-cake-baking\\\/#primaryimage\"},\"image\":{\"@id\":\"https:\\\/\\\/www.bakeryturnkey.com\\\/product\\\/gas-oven-for-cake-baking\\\/#primaryimage\"},\"thumbnailUrl\":\"https:\\\/\\\/www.bakeryturnkey.com\\\/wp-content\\\/uploads\\\/2022\\\/03\\\/13-1.jpg\",\"datePublished\":\"2022-03-23T03:35:31+00:00\",\"dateModified\":\"2025-10-17T07:21:48+00:00\",\"description\":\"The gas oven adopts chain plate structure, which is suitable for baking cakes and other products with baking plate.\",\"breadcrumb\":{\"@id\":\"https:\\\/\\\/www.bakeryturnkey.com\\\/product\\\/gas-oven-for-cake-baking\\\/#breadcrumb\"},\"inLanguage\":\"pt-PT\",\"potentialAction\":[{\"@type\":\"ReadAction\",\"target\":[\"https:\\\/\\\/www.bakeryturnkey.com\\\/product\\\/gas-oven-for-cake-baking\\\/\"]}]},{\"@type\":\"ImageObject\",\"inLanguage\":\"pt-PT\",\"@id\":\"https:\\\/\\\/www.bakeryturnkey.com\\\/product\\\/gas-oven-for-cake-baking\\\/#primaryimage\",\"url\":\"https:\\\/\\\/www.bakeryturnkey.com\\\/wp-content\\\/uploads\\\/2022\\\/03\\\/13-1.jpg\",\"contentUrl\":\"https:\\\/\\\/www.bakeryturnkey.com\\\/wp-content\\\/uploads\\\/2022\\\/03\\\/13-1.jpg\",\"width\":800,\"height\":800,\"caption\":\"Cake Baking Oven For Sale\"},{\"@type\":\"BreadcrumbList\",\"@id\":\"https:\\\/\\\/www.bakeryturnkey.com\\\/product\\\/gas-oven-for-cake-baking\\\/#breadcrumb\",\"itemListElement\":[{\"@type\":\"ListItem\",\"position\":1,\"name\":\"Home\",\"item\":\"https:\\\/\\\/www.bakeryturnkey.com\\\/\"},{\"@type\":\"ListItem\",\"position\":2,\"name\":\"Products\",\"item\":\"https:\\\/\\\/www.bakeryturnkey.com\\\/products\\\/\"},{\"@type\":\"ListItem\",\"position\":3,\"name\":\"Continuous Gas Oven for Cake Baking with Chain Plate\"}]},{\"@type\":\"WebSite\",\"@id\":\"https:\\\/\\\/www.bakeryturnkey.com\\\/#website\",\"url\":\"https:\\\/\\\/www.bakeryturnkey.com\\\/\",\"name\":\"Bakery Food Processing Equipment Manufacturer\",\"description\":\"Bakery Food Solutions Provider\",\"publisher\":{\"@id\":\"https:\\\/\\\/www.bakeryturnkey.com\\\/#organization\"},\"potentialAction\":[{\"@type\":\"SearchAction\",\"target\":{\"@type\":\"EntryPoint\",\"urlTemplate\":\"https:\\\/\\\/www.bakeryturnkey.com\\\/?s={search_term_string}\"},\"query-input\":{\"@type\":\"PropertyValueSpecification\",\"valueRequired\":true,\"valueName\":\"search_term_string\"}}],\"inLanguage\":\"pt-PT\"},{\"@type\":\"Organization\",\"@id\":\"https:\\\/\\\/www.bakeryturnkey.com\\\/#organization\",\"name\":\"Bakery Food Processing Equipment Manufacturer\",\"url\":\"https:\\\/\\\/www.bakeryturnkey.com\\\/\",\"logo\":{\"@type\":\"ImageObject\",\"inLanguage\":\"pt-PT\",\"@id\":\"https:\\\/\\\/www.bakeryturnkey.com\\\/#\\\/schema\\\/logo\\\/image\\\/\",\"url\":\"https:\\\/\\\/www.bakeryturnkey.com\\\/wp-content\\\/uploads\\\/2022\\\/03\\\/cropped-13-1.png\",\"contentUrl\":\"https:\\\/\\\/www.bakeryturnkey.com\\\/wp-content\\\/uploads\\\/2022\\\/03\\\/cropped-13-1.png\",\"width\":512,\"height\":429,\"caption\":\"Bakery Food Processing Equipment Manufacturer\"},\"image\":{\"@id\":\"https:\\\/\\\/www.bakeryturnkey.com\\\/#\\\/schema\\\/logo\\\/image\\\/\"}},false]}<\/script>\n<!-- \/ Yoast SEO plugin. -->","yoast_head_json":{"title":"Continuous Gas Oven for Cake Baking with Chain Plate","description":"The gas oven adopts chain plate structure, which is suitable for baking cakes and other products with baking plate.","robots":{"index":"index","follow":"follow","max-snippet":"max-snippet:-1","max-image-preview":"max-image-preview:large","max-video-preview":"max-video-preview:-1"},"canonical":"https:\/\/www.bakeryturnkey.com\/pt\/produto\/gas-oven-for-cake-baking\/","og_locale":"pt_PT","og_type":"article","og_title":"Continuous Gas Oven for Cake Baking with Chain Plate","og_description":"The gas oven adopts chain plate structure, which is suitable for baking cakes and other products with baking plate.","og_url":"https:\/\/www.bakeryturnkey.com\/pt\/produto\/gas-oven-for-cake-baking\/","og_site_name":"Bakery Food Processing Equipment Manufacturer","article_modified_time":"2025-10-17T07:21:48+00:00","og_image":[{"width":800,"height":800,"url":"https:\/\/www.bakeryturnkey.com\/wp-content\/uploads\/2022\/03\/13-1.jpg","type":"image\/jpeg"}],"twitter_card":"summary_large_image","twitter_misc":{"Tempo estimado de leitura":"3 minutos"},"schema":{"@context":"https:\/\/schema.org","@graph":[{"@type":"WebPage","@id":"https:\/\/www.bakeryturnkey.com\/product\/gas-oven-for-cake-baking\/","url":"https:\/\/www.bakeryturnkey.com\/product\/gas-oven-for-cake-baking\/","name":"Continuous Gas Oven for Cake Baking with Chain Plate","isPartOf":{"@id":"https:\/\/www.bakeryturnkey.com\/#website"},"primaryImageOfPage":{"@id":"https:\/\/www.bakeryturnkey.com\/product\/gas-oven-for-cake-baking\/#primaryimage"},"image":{"@id":"https:\/\/www.bakeryturnkey.com\/product\/gas-oven-for-cake-baking\/#primaryimage"},"thumbnailUrl":"https:\/\/www.bakeryturnkey.com\/wp-content\/uploads\/2022\/03\/13-1.jpg","datePublished":"2022-03-23T03:35:31+00:00","dateModified":"2025-10-17T07:21:48+00:00","description":"The gas oven adopts chain plate structure, which is suitable for baking cakes and other products with baking plate.","breadcrumb":{"@id":"https:\/\/www.bakeryturnkey.com\/product\/gas-oven-for-cake-baking\/#breadcrumb"},"inLanguage":"pt-PT","potentialAction":[{"@type":"ReadAction","target":["https:\/\/www.bakeryturnkey.com\/product\/gas-oven-for-cake-baking\/"]}]},{"@type":"ImageObject","inLanguage":"pt-PT","@id":"https:\/\/www.bakeryturnkey.com\/product\/gas-oven-for-cake-baking\/#primaryimage","url":"https:\/\/www.bakeryturnkey.com\/wp-content\/uploads\/2022\/03\/13-1.jpg","contentUrl":"https:\/\/www.bakeryturnkey.com\/wp-content\/uploads\/2022\/03\/13-1.jpg","width":800,"height":800,"caption":"Cake Baking Oven For Sale"},{"@type":"BreadcrumbList","@id":"https:\/\/www.bakeryturnkey.com\/product\/gas-oven-for-cake-baking\/#breadcrumb","itemListElement":[{"@type":"ListItem","position":1,"name":"Home","item":"https:\/\/www.bakeryturnkey.com\/"},{"@type":"ListItem","position":2,"name":"Products","item":"https:\/\/www.bakeryturnkey.com\/products\/"},{"@type":"ListItem","position":3,"name":"Continuous Gas Oven for Cake Baking with Chain Plate"}]},{"@type":"WebSite","@id":"https:\/\/www.bakeryturnkey.com\/#website","url":"https:\/\/www.bakeryturnkey.com\/","name":"Bakery Food Processing Equipment Manufacturer","description":"Bakery Food Solutions Provider","publisher":{"@id":"https:\/\/www.bakeryturnkey.com\/#organization"},"potentialAction":[{"@type":"SearchAction","target":{"@type":"EntryPoint","urlTemplate":"https:\/\/www.bakeryturnkey.com\/?s={search_term_string}"},"query-input":{"@type":"PropertyValueSpecification","valueRequired":true,"valueName":"search_term_string"}}],"inLanguage":"pt-PT"},{"@type":"Organization","@id":"https:\/\/www.bakeryturnkey.com\/#organization","name":"Bakery Food Processing Equipment Manufacturer","url":"https:\/\/www.bakeryturnkey.com\/","logo":{"@type":"ImageObject","inLanguage":"pt-PT","@id":"https:\/\/www.bakeryturnkey.com\/#\/schema\/logo\/image\/","url":"https:\/\/www.bakeryturnkey.com\/wp-content\/uploads\/2022\/03\/cropped-13-1.png","contentUrl":"https:\/\/www.bakeryturnkey.com\/wp-content\/uploads\/2022\/03\/cropped-13-1.png","width":512,"height":429,"caption":"Bakery Food Processing Equipment Manufacturer"},"image":{"@id":"https:\/\/www.bakeryturnkey.com\/#\/schema\/logo\/image\/"}},false]}},"yasr_visitor_votes":{"stars_attributes":{"read_only":false,"span_bottom":false},"number_of_votes":0,"sum_votes":0},"_links":{"self":[{"href":"https:\/\/www.bakeryturnkey.com\/pt\/wp-json\/wp\/v2\/product\/3524","targetHints":{"allow":["GET"]}}],"collection":[{"href":"https:\/\/www.bakeryturnkey.com\/pt\/wp-json\/wp\/v2\/product"}],"about":[{"href":"https:\/\/www.bakeryturnkey.com\/pt\/wp-json\/wp\/v2\/types\/product"}],"replies":[{"embeddable":true,"href":"https:\/\/www.bakeryturnkey.com\/pt\/wp-json\/wp\/v2\/comments?post=3524"}],"wp:featuredmedia":[{"embeddable":true,"href":"https:\/\/www.bakeryturnkey.com\/pt\/wp-json\/wp\/v2\/media\/3549"}],"wp:attachment":[{"href":"https:\/\/www.bakeryturnkey.com\/pt\/wp-json\/wp\/v2\/media?parent=3524"}],"wp:term":[{"taxonomy":"product_cat","embeddable":true,"href":"https:\/\/www.bakeryturnkey.com\/pt\/wp-json\/wp\/v2\/product_cat?post=3524"},{"taxonomy":"product_tag","embeddable":true,"href":"https:\/\/www.bakeryturnkey.com\/pt\/wp-json\/wp\/v2\/product_tag?post=3524"}],"curies":[{"name":"wp","href":"https:\/\/api.w.org\/{rel}","templated":true}]}}