{"id":3218,"date":"2022-03-15T15:58:05","date_gmt":"2022-03-15T07:58:05","guid":{"rendered":"https:\/\/www.bakeryturnkey.com\/?post_type=product&#038;p=3218"},"modified":"2022-03-22T18:19:32","modified_gmt":"2022-03-22T10:19:32","slug":"egg-tart-pie-machine","status":"publish","type":"product","link":"https:\/\/www.bakeryturnkey.com\/pt\/produto\/egg-tart-pie-machine\/","title":{"rendered":"M\u00e1quina industrial para fazer tartes de ovo de tamanho ajust\u00e1vel"},"content":{"rendered":"<p>A m\u00e1quina industrial de tarte de ovo \u00e9 adequada para a prensagem de alta efici\u00eancia da casca de tarte de ovo e tartes, v\u00e1rios tamanhos s\u00e3o ajust\u00e1veis. Tem a fun\u00e7\u00e3o de aquecimento e forma\u00e7\u00e3o.<\/p>\n<p><img loading=\"lazy\" decoding=\"async\" class=\"alignnone size-full wp-image-3220\" src=\"https:\/\/www.bakeryturnkey.com\/wp-content\/uploads\/2022\/03\/14.jpg\" alt=\"M\u00e1quina para fazer massa de tarte\" width=\"800\" height=\"420\" srcset=\"https:\/\/www.bakeryturnkey.com\/wp-content\/uploads\/2022\/03\/14.jpg 800w, https:\/\/www.bakeryturnkey.com\/wp-content\/uploads\/2022\/03\/14-600x315.jpg 600w, https:\/\/www.bakeryturnkey.com\/wp-content\/uploads\/2022\/03\/14-300x158.jpg 300w, https:\/\/www.bakeryturnkey.com\/wp-content\/uploads\/2022\/03\/14-768x403.jpg 768w\" sizes=\"auto, (max-width: 800px) 100vw, 800px\" \/><\/p>\n<p>Aplica\u00e7\u00f5es: Podem formar-se diferentes estilos de crostas de tarte de ovo para produzir tartes de ovo portuguesas, tartes, mini tartes de ovo, tarte de ovo waffle, tarte de coco, tartes de ovo ao estilo de Hong Kong, tarte de ovo cantonesa, etc.<\/p>\n<h2><strong>Carater\u00edsticas da m\u00e1quina para fazer massa de tarte de ovo<\/strong><\/h2>\n<p>1. Esta m\u00e1quina pode ser utilizada com a linha de produ\u00e7\u00e3o para produzir automaticamente grandes lotes de tartes de ovos.<br \/>\n2. A m\u00e1quina de prensar tartes adopta uma tecnologia manual de imita\u00e7\u00e3o, que n\u00e3o afecta o sabor e a qualidade do produto.<br \/>\n3. Os passos de substitui\u00e7\u00e3o do molde s\u00e3o simples, satisfazem a produ\u00e7\u00e3o de v\u00e1rios estilos e s\u00e3o amplamente utilizados.<br \/>\n4. Alta efici\u00eancia, poupa muito trabalho, adequado para grandes e m\u00e9dias empresas para implementar a produ\u00e7\u00e3o em grande escala.<\/p>\n<p><img loading=\"lazy\" decoding=\"async\" class=\"alignnone size-full wp-image-3221\" src=\"https:\/\/www.bakeryturnkey.com\/wp-content\/uploads\/2022\/03\/15.jpg\" alt=\"M\u00e1quina de fazer tartes de ovos\" width=\"800\" height=\"540\" srcset=\"https:\/\/www.bakeryturnkey.com\/wp-content\/uploads\/2022\/03\/15.jpg 800w, https:\/\/www.bakeryturnkey.com\/wp-content\/uploads\/2022\/03\/15-600x405.jpg 600w, https:\/\/www.bakeryturnkey.com\/wp-content\/uploads\/2022\/03\/15-300x203.jpg 300w, https:\/\/www.bakeryturnkey.com\/wp-content\/uploads\/2022\/03\/15-768x518.jpg 768w\" sizes=\"auto, (max-width: 800px) 100vw, 800px\" \/><\/p>\n<p>5. A m\u00e1quina de tarte de ovo \u00e9 controlada por programa PLC e adopta o painel t\u00e1til de interface homem-m\u00e1quina, que \u00e9 f\u00e1cil de operar.<br \/>\n6. A dimens\u00e3o da m\u00e1quina \u00e9 pequena, pelo que a \u00e1rea de ocupa\u00e7\u00e3o do espa\u00e7o \u00e9 reduzida e pode reduzir o custo do aluguer.<br \/>\n7. Pode funcionar com um dispositivo de alimenta\u00e7\u00e3o autom\u00e1tica, que pode entrar automaticamente no copo com a m\u00e1quina de moldagem, sem coloca\u00e7\u00e3o manual.<\/p>\n<h2><strong>Como fazer crostas para tartes<\/strong><\/h2>\n<div class=\"ast-oembed-container\"><iframe loading=\"lazy\" title=\"Como fazer tarte de ovo -- M\u00e1quina para fazer tarte de creme\" width=\"500\" height=\"281\" src=\"https:\/\/www.youtube.com\/embed\/wmqEAqW73WI?feature=oembed\" frameborder=\"0\" allow=\"accelerometer; autoplay; clipboard-write; encrypted-media; gyroscope; picture-in-picture; web-share\" referrerpolicy=\"strict-origin-when-cross-origin\" allowfullscreen><\/iframe><\/div>\n<p>A fim de fornecer aos clientes equipamento de alta qualidade, a nossa f\u00e1brica de 6.000 metros quadrados \u00e9 utilizada para produzir m\u00e1quinas de moldagem de tartes, equipamento de cozedura, m\u00e1quinas de arranjo, m\u00e1quinas de prensagem, etc.<\/p>\n<p>Devido ao conte\u00fado t\u00e9cnico e ao desempenho superior do produto. O equipamento de tartelete \u00e9 amplamente vendido para a Europa, Am\u00e9rica, M\u00e9dio Oriente, Sudeste Asi\u00e1tico e outros pa\u00edses e regi\u00f5es, e \u00e9 altamente elogiado pelo grande n\u00famero de fornecedores de tartelete de ovo no pa\u00eds e no estrangeiro.<\/p>\n<p>Se tem um neg\u00f3cio de tartes de ovos, n\u00e3o hesite em contactar-nos. Podemos fornecer servi\u00e7os completos: recomendar equipamento de processamento de tartes adequado, f\u00f3rmulas, procedimentos operacionais, instala\u00e7\u00e3o e manuten\u00e7\u00e3o, etc.<\/p>\n<h2><strong>Par\u00e2metro t\u00e9cnico da m\u00e1quina formadora de tortas<\/strong><\/h2>\n<table style=\"font-size: 16px; font-style: normal;\" border=\"1\" cellspacing=\"0\">\n<tbody>\n<tr>\n<td>Modelo<\/td>\n<td>GGA303-1<\/td>\n<\/tr>\n<tr>\n<td>Capacidade<\/td>\n<td>1500-1800PCS\/H<\/td>\n<\/tr>\n<tr>\n<td>Tens\u00e3o<\/td>\n<td>220V, 50hz<\/td>\n<\/tr>\n<tr>\n<td>Di\u00e2metro da tarte<\/td>\n<td>40-90mm<\/td>\n<\/tr>\n<tr>\n<td>Tamanho<\/td>\n<td>840*800*1300mm<\/td>\n<\/tr>\n<tr>\n<td>Peso<\/td>\n<td>130 kg<\/td>\n<\/tr>\n<\/tbody>\n<\/table>\n<h3><strong>Deixe o seu pedido de or\u00e7amento<\/strong><\/h3>\n\n<div class=\"wpcf7 no-js\" id=\"wpcf7-f2977-o1\" lang=\"en-US\" dir=\"ltr\">\n<div class=\"screen-reader-response\"><p role=\"status\" aria-live=\"polite\" aria-atomic=\"true\"><\/p> <ul><\/ul><\/div>\n<form action=\"\/pt\/wp-json\/wp\/v2\/product\/3218#wpcf7-f2977-o1\" method=\"post\" class=\"wpcf7-form init\" aria-label=\"Formul\u00e1rio de contacto\" novalidate=\"novalidate\" data-status=\"init\" data-trp-original-action=\"\/pt\/wp-json\/wp\/v2\/product\/3218#wpcf7-f2977-o1\">\n<div style=\"display: none;\">\n<input type=\"hidden\" name=\"_wpcf7\" value=\"2977\" \/>\n<input type=\"hidden\" name=\"_wpcf7_version\" value=\"5.7.7\" \/>\n<input type=\"hidden\" name=\"_wpcf7_locale\" value=\"en_US\" \/>\n<input type=\"hidden\" name=\"_wpcf7_unit_tag\" value=\"wpcf7-f2977-o1\" \/>\n<input type=\"hidden\" name=\"_wpcf7_container_post\" value=\"0\" \/>\n<input type=\"hidden\" name=\"_wpcf7_posted_data_hash\" value=\"\" \/>\n<\/div>\n<p><label> O seu nome*<br \/>\n<span class=\"wpcf7-form-control-wrap\" data-name=\"your-name\"><input size=\"40\" class=\"wpcf7-form-control wpcf7-text wpcf7-validates-as-required\" aria-required=\"true\" aria-invalid=\"false\" value=\"\" type=\"text\" name=\"your-name\" \/><\/span> <\/label>\n<\/p>\n<p><label> O seu pa\u00eds<br \/>\n<span class=\"wpcf7-form-control-wrap\" data-name=\"your-country\"><input size=\"40\" class=\"wpcf7-form-control wpcf7-text\" aria-invalid=\"false\" value=\"\" type=\"text\" name=\"your-country\" \/><\/span><\/label>\n<\/p>\n<p><label> O seu e-mail*<br \/>\n<span class=\"wpcf7-form-control-wrap\" data-name=\"your-email\"><input size=\"40\" class=\"wpcf7-form-control wpcf7-text wpcf7-email wpcf7-validates-as-required wpcf7-validates-as-email\" aria-required=\"true\" aria-invalid=\"false\" value=\"\" type=\"email\" name=\"your-email\" \/><\/span> <\/label>\n<\/p>\n<p><label> O seu telem\u00f3vel<br \/>\n<span class=\"wpcf7-form-control-wrap\" data-name=\"your-phone\"><input size=\"40\" class=\"wpcf7-form-control wpcf7-text\" aria-invalid=\"false\" value=\"\" type=\"text\" name=\"your-phone\" \/><\/span> <\/label>\n<\/p>\n<p><label> Nome da empresa<br \/>\n<span class=\"wpcf7-form-control-wrap\" data-name=\"text-529\"><input size=\"40\" class=\"wpcf7-form-control wpcf7-text\" aria-invalid=\"false\" value=\"\" type=\"text\" name=\"text-529\" \/><\/span> <\/label>\n<\/p>\n<p><label> S\u00edtio Web da empresa<br \/>\n<span class=\"wpcf7-form-control-wrap\" data-name=\"text-106\"><input size=\"40\" class=\"wpcf7-form-control wpcf7-text\" aria-invalid=\"false\" value=\"\" type=\"text\" name=\"text-106\" \/><\/span> <\/label>\n<\/p>\n<p><label> A sua mensagem*<br \/>\n<span class=\"wpcf7-form-control-wrap\" data-name=\"your-message\"><textarea cols=\"40\" rows=\"10\" class=\"wpcf7-form-control wpcf7-textarea wpcf7-validates-as-required\" aria-required=\"true\" aria-invalid=\"false\" name=\"your-message\"><\/textarea><\/span> <\/label>\n<\/p>\n<p><input class=\"wpcf7-form-control has-spinner wpcf7-submit\" type=\"submit\" value=\"Enviar\" \/>\n<\/p><p style=\"display: none !important;\" class=\"akismet-fields-container\" data-prefix=\"_wpcf7_ak_\"><label>&#916;<textarea name=\"_wpcf7_ak_hp_textarea\" cols=\"45\" rows=\"8\" maxlength=\"100\"><\/textarea><\/label><input type=\"hidden\" id=\"ak_js_1\" name=\"_wpcf7_ak_js\" value=\"79\"\/><script>document.getElementById( \"ak_js_1\" ).setAttribute( \"value\", ( new Date() ).getTime() );<\/script><\/p><div class=\"wpcf7-response-output\" aria-hidden=\"true\"><\/div>\n<input type=\"hidden\" name=\"trp-form-language\" value=\"pt\"\/><\/form>\n<\/div>\n\n<div style='text-align:left' class='yasr-auto-insert-visitor'><\/div>","protected":false},"excerpt":{"rendered":"<p>A m\u00e1quina industrial de tarte de ovo \u00e9 adequada para a prensagem de alta efici\u00eancia da casca de tarte de ovo e tartes, v\u00e1rios tamanhos s\u00e3o ajust\u00e1veis. Tem a fun\u00e7\u00e3o de aquecimento e forma\u00e7\u00e3o. Aplica\u00e7\u00f5es: Diferentes estilos de crostas de torta de ovo podem ser formados para produzir tortas de ovo portuguesas, tortas, mini-tortas de ovo, torta de ovo waffle, torta de coco, ovo estilo Hong Kong ...<\/p>\n<p class=\"read-more\"> <a class=\"\" href=\"https:\/\/www.bakeryturnkey.com\/pt\/produto\/egg-tart-pie-machine\/\"> <span class=\"screen-reader-text\">M\u00e1quina industrial para fazer tartes de ovo de tamanho ajust\u00e1vel<\/span> Ler mais \"<\/a><\/p>","protected":false},"featured_media":3219,"comment_status":"open","ping_status":"closed","template":"","meta":{"site-sidebar-layout":"default","site-content-layout":"default","ast-main-header-display":"","ast-hfb-above-header-display":"","ast-hfb-below-header-display":"","ast-hfb-mobile-header-display":"","site-post-title":"","ast-breadcrumbs-content":"","ast-featured-img":"","footer-sml-layout":"","theme-transparent-header-meta":"","adv-header-id-meta":"","stick-header-meta":"","header-above-stick-meta":"","header-main-stick-meta":"","header-below-stick-meta":"","yasr_overall_rating":0,"yasr_post_is_review":"","yasr_auto_insert_disabled":"","yasr_review_type":""},"product_cat":[35],"product_tag":[],"class_list":["post-3218","product","type-product","status-publish","has-post-thumbnail","hentry","product_cat-tart-machinery"],"yoast_head":"<!-- This site is optimized with the Yoast SEO plugin v27.3 - https:\/\/yoast.com\/product\/yoast-seo-wordpress\/ -->\n<title>Industrial Egg Tart Pie Forming Machine Size Adjustable<\/title>\n<meta name=\"description\" content=\"The egg tart pie machine consists of molds, display screens, push rods, etc., and is suitable for making egg tart and pies in large capacity.\" \/>\n<meta name=\"robots\" content=\"index, follow, max-snippet:-1, max-image-preview:large, max-video-preview:-1\" \/>\n<link rel=\"canonical\" href=\"https:\/\/www.bakeryturnkey.com\/pt\/produto\/egg-tart-pie-machine\/\" \/>\n<meta property=\"og:locale\" content=\"pt_PT\" \/>\n<meta property=\"og:type\" content=\"article\" \/>\n<meta property=\"og:title\" content=\"Industrial Egg Tart Pie Forming Machine Size Adjustable\" \/>\n<meta property=\"og:description\" content=\"The egg tart pie machine consists of molds, display screens, push rods, etc., and is suitable for making egg tart and pies in large capacity.\" \/>\n<meta property=\"og:url\" content=\"https:\/\/www.bakeryturnkey.com\/pt\/produto\/egg-tart-pie-machine\/\" \/>\n<meta property=\"og:site_name\" content=\"Bakery Food Processing Equipment Manufacturer\" \/>\n<meta property=\"article:modified_time\" content=\"2022-03-22T10:19:32+00:00\" \/>\n<meta property=\"og:image\" content=\"https:\/\/www.bakeryturnkey.com\/wp-content\/uploads\/2022\/03\/13.jpg\" \/>\n\t<meta property=\"og:image:width\" content=\"800\" \/>\n\t<meta property=\"og:image:height\" content=\"800\" \/>\n\t<meta property=\"og:image:type\" content=\"image\/jpeg\" \/>\n<meta name=\"twitter:card\" content=\"summary_large_image\" \/>\n<meta name=\"twitter:label1\" content=\"Tempo estimado de leitura\" \/>\n\t<meta name=\"twitter:data1\" content=\"2 minutos\" \/>\n<script type=\"application\/ld+json\" class=\"yoast-schema-graph\">{\"@context\":\"https:\\\/\\\/schema.org\",\"@graph\":[{\"@type\":\"WebPage\",\"@id\":\"https:\\\/\\\/www.bakeryturnkey.com\\\/product\\\/egg-tart-pie-machine\\\/\",\"url\":\"https:\\\/\\\/www.bakeryturnkey.com\\\/product\\\/egg-tart-pie-machine\\\/\",\"name\":\"Industrial Egg Tart Pie Forming Machine Size Adjustable\",\"isPartOf\":{\"@id\":\"https:\\\/\\\/www.bakeryturnkey.com\\\/#website\"},\"primaryImageOfPage\":{\"@id\":\"https:\\\/\\\/www.bakeryturnkey.com\\\/product\\\/egg-tart-pie-machine\\\/#primaryimage\"},\"image\":{\"@id\":\"https:\\\/\\\/www.bakeryturnkey.com\\\/product\\\/egg-tart-pie-machine\\\/#primaryimage\"},\"thumbnailUrl\":\"https:\\\/\\\/www.bakeryturnkey.com\\\/wp-content\\\/uploads\\\/2022\\\/03\\\/13.jpg\",\"datePublished\":\"2022-03-15T07:58:05+00:00\",\"dateModified\":\"2022-03-22T10:19:32+00:00\",\"description\":\"The egg tart pie machine consists of molds, display screens, push rods, etc., and is suitable for making egg tart and pies in large capacity.\",\"breadcrumb\":{\"@id\":\"https:\\\/\\\/www.bakeryturnkey.com\\\/product\\\/egg-tart-pie-machine\\\/#breadcrumb\"},\"inLanguage\":\"pt-PT\",\"potentialAction\":[{\"@type\":\"ReadAction\",\"target\":[\"https:\\\/\\\/www.bakeryturnkey.com\\\/product\\\/egg-tart-pie-machine\\\/\"]}]},{\"@type\":\"ImageObject\",\"inLanguage\":\"pt-PT\",\"@id\":\"https:\\\/\\\/www.bakeryturnkey.com\\\/product\\\/egg-tart-pie-machine\\\/#primaryimage\",\"url\":\"https:\\\/\\\/www.bakeryturnkey.com\\\/wp-content\\\/uploads\\\/2022\\\/03\\\/13.jpg\",\"contentUrl\":\"https:\\\/\\\/www.bakeryturnkey.com\\\/wp-content\\\/uploads\\\/2022\\\/03\\\/13.jpg\",\"width\":800,\"height\":800,\"caption\":\"Tart Pie Making Machine\"},{\"@type\":\"BreadcrumbList\",\"@id\":\"https:\\\/\\\/www.bakeryturnkey.com\\\/product\\\/egg-tart-pie-machine\\\/#breadcrumb\",\"itemListElement\":[{\"@type\":\"ListItem\",\"position\":1,\"name\":\"Home\",\"item\":\"https:\\\/\\\/www.bakeryturnkey.com\\\/\"},{\"@type\":\"ListItem\",\"position\":2,\"name\":\"Products\",\"item\":\"https:\\\/\\\/www.bakeryturnkey.com\\\/products\\\/\"},{\"@type\":\"ListItem\",\"position\":3,\"name\":\"Industrial Egg Tart Pie Forming Machine Size Adjustable\"}]},{\"@type\":\"WebSite\",\"@id\":\"https:\\\/\\\/www.bakeryturnkey.com\\\/#website\",\"url\":\"https:\\\/\\\/www.bakeryturnkey.com\\\/\",\"name\":\"Bakery Food Processing Equipment Manufacturer\",\"description\":\"Bakery Food Solutions Provider\",\"publisher\":{\"@id\":\"https:\\\/\\\/www.bakeryturnkey.com\\\/#organization\"},\"potentialAction\":[{\"@type\":\"SearchAction\",\"target\":{\"@type\":\"EntryPoint\",\"urlTemplate\":\"https:\\\/\\\/www.bakeryturnkey.com\\\/?s={search_term_string}\"},\"query-input\":{\"@type\":\"PropertyValueSpecification\",\"valueRequired\":true,\"valueName\":\"search_term_string\"}}],\"inLanguage\":\"pt-PT\"},{\"@type\":\"Organization\",\"@id\":\"https:\\\/\\\/www.bakeryturnkey.com\\\/#organization\",\"name\":\"Bakery Food Processing Equipment Manufacturer\",\"url\":\"https:\\\/\\\/www.bakeryturnkey.com\\\/\",\"logo\":{\"@type\":\"ImageObject\",\"inLanguage\":\"pt-PT\",\"@id\":\"https:\\\/\\\/www.bakeryturnkey.com\\\/#\\\/schema\\\/logo\\\/image\\\/\",\"url\":\"https:\\\/\\\/www.bakeryturnkey.com\\\/wp-content\\\/uploads\\\/2022\\\/03\\\/cropped-13-1.png\",\"contentUrl\":\"https:\\\/\\\/www.bakeryturnkey.com\\\/wp-content\\\/uploads\\\/2022\\\/03\\\/cropped-13-1.png\",\"width\":512,\"height\":429,\"caption\":\"Bakery Food Processing Equipment Manufacturer\"},\"image\":{\"@id\":\"https:\\\/\\\/www.bakeryturnkey.com\\\/#\\\/schema\\\/logo\\\/image\\\/\"}},false]}<\/script>\n<!-- \/ Yoast SEO plugin. -->","yoast_head_json":{"title":"Industrial Egg Tart Pie Forming Machine Size Adjustable","description":"The egg tart pie machine consists of molds, display screens, push rods, etc., and is suitable for making egg tart and pies in large capacity.","robots":{"index":"index","follow":"follow","max-snippet":"max-snippet:-1","max-image-preview":"max-image-preview:large","max-video-preview":"max-video-preview:-1"},"canonical":"https:\/\/www.bakeryturnkey.com\/pt\/produto\/egg-tart-pie-machine\/","og_locale":"pt_PT","og_type":"article","og_title":"Industrial Egg Tart Pie Forming Machine Size Adjustable","og_description":"The egg tart pie machine consists of molds, display screens, push rods, etc., and is suitable for making egg tart and pies in large capacity.","og_url":"https:\/\/www.bakeryturnkey.com\/pt\/produto\/egg-tart-pie-machine\/","og_site_name":"Bakery Food Processing Equipment Manufacturer","article_modified_time":"2022-03-22T10:19:32+00:00","og_image":[{"width":800,"height":800,"url":"https:\/\/www.bakeryturnkey.com\/wp-content\/uploads\/2022\/03\/13.jpg","type":"image\/jpeg"}],"twitter_card":"summary_large_image","twitter_misc":{"Tempo estimado de leitura":"2 minutos"},"schema":{"@context":"https:\/\/schema.org","@graph":[{"@type":"WebPage","@id":"https:\/\/www.bakeryturnkey.com\/product\/egg-tart-pie-machine\/","url":"https:\/\/www.bakeryturnkey.com\/product\/egg-tart-pie-machine\/","name":"Industrial Egg Tart Pie Forming Machine Size Adjustable","isPartOf":{"@id":"https:\/\/www.bakeryturnkey.com\/#website"},"primaryImageOfPage":{"@id":"https:\/\/www.bakeryturnkey.com\/product\/egg-tart-pie-machine\/#primaryimage"},"image":{"@id":"https:\/\/www.bakeryturnkey.com\/product\/egg-tart-pie-machine\/#primaryimage"},"thumbnailUrl":"https:\/\/www.bakeryturnkey.com\/wp-content\/uploads\/2022\/03\/13.jpg","datePublished":"2022-03-15T07:58:05+00:00","dateModified":"2022-03-22T10:19:32+00:00","description":"The egg tart pie machine consists of molds, display screens, push rods, etc., and is suitable for making egg tart and pies in large capacity.","breadcrumb":{"@id":"https:\/\/www.bakeryturnkey.com\/product\/egg-tart-pie-machine\/#breadcrumb"},"inLanguage":"pt-PT","potentialAction":[{"@type":"ReadAction","target":["https:\/\/www.bakeryturnkey.com\/product\/egg-tart-pie-machine\/"]}]},{"@type":"ImageObject","inLanguage":"pt-PT","@id":"https:\/\/www.bakeryturnkey.com\/product\/egg-tart-pie-machine\/#primaryimage","url":"https:\/\/www.bakeryturnkey.com\/wp-content\/uploads\/2022\/03\/13.jpg","contentUrl":"https:\/\/www.bakeryturnkey.com\/wp-content\/uploads\/2022\/03\/13.jpg","width":800,"height":800,"caption":"Tart Pie Making Machine"},{"@type":"BreadcrumbList","@id":"https:\/\/www.bakeryturnkey.com\/product\/egg-tart-pie-machine\/#breadcrumb","itemListElement":[{"@type":"ListItem","position":1,"name":"Home","item":"https:\/\/www.bakeryturnkey.com\/"},{"@type":"ListItem","position":2,"name":"Products","item":"https:\/\/www.bakeryturnkey.com\/products\/"},{"@type":"ListItem","position":3,"name":"Industrial Egg Tart Pie Forming Machine Size Adjustable"}]},{"@type":"WebSite","@id":"https:\/\/www.bakeryturnkey.com\/#website","url":"https:\/\/www.bakeryturnkey.com\/","name":"Bakery Food Processing Equipment Manufacturer","description":"Bakery Food Solutions Provider","publisher":{"@id":"https:\/\/www.bakeryturnkey.com\/#organization"},"potentialAction":[{"@type":"SearchAction","target":{"@type":"EntryPoint","urlTemplate":"https:\/\/www.bakeryturnkey.com\/?s={search_term_string}"},"query-input":{"@type":"PropertyValueSpecification","valueRequired":true,"valueName":"search_term_string"}}],"inLanguage":"pt-PT"},{"@type":"Organization","@id":"https:\/\/www.bakeryturnkey.com\/#organization","name":"Bakery Food Processing Equipment Manufacturer","url":"https:\/\/www.bakeryturnkey.com\/","logo":{"@type":"ImageObject","inLanguage":"pt-PT","@id":"https:\/\/www.bakeryturnkey.com\/#\/schema\/logo\/image\/","url":"https:\/\/www.bakeryturnkey.com\/wp-content\/uploads\/2022\/03\/cropped-13-1.png","contentUrl":"https:\/\/www.bakeryturnkey.com\/wp-content\/uploads\/2022\/03\/cropped-13-1.png","width":512,"height":429,"caption":"Bakery Food Processing Equipment Manufacturer"},"image":{"@id":"https:\/\/www.bakeryturnkey.com\/#\/schema\/logo\/image\/"}},false]}},"yasr_visitor_votes":{"stars_attributes":{"read_only":false,"span_bottom":false},"number_of_votes":0,"sum_votes":0},"_links":{"self":[{"href":"https:\/\/www.bakeryturnkey.com\/pt\/wp-json\/wp\/v2\/product\/3218","targetHints":{"allow":["GET"]}}],"collection":[{"href":"https:\/\/www.bakeryturnkey.com\/pt\/wp-json\/wp\/v2\/product"}],"about":[{"href":"https:\/\/www.bakeryturnkey.com\/pt\/wp-json\/wp\/v2\/types\/product"}],"replies":[{"embeddable":true,"href":"https:\/\/www.bakeryturnkey.com\/pt\/wp-json\/wp\/v2\/comments?post=3218"}],"wp:featuredmedia":[{"embeddable":true,"href":"https:\/\/www.bakeryturnkey.com\/pt\/wp-json\/wp\/v2\/media\/3219"}],"wp:attachment":[{"href":"https:\/\/www.bakeryturnkey.com\/pt\/wp-json\/wp\/v2\/media?parent=3218"}],"wp:term":[{"taxonomy":"product_cat","embeddable":true,"href":"https:\/\/www.bakeryturnkey.com\/pt\/wp-json\/wp\/v2\/product_cat?post=3218"},{"taxonomy":"product_tag","embeddable":true,"href":"https:\/\/www.bakeryturnkey.com\/pt\/wp-json\/wp\/v2\/product_tag?post=3218"}],"curies":[{"name":"wp","href":"https:\/\/api.w.org\/{rel}","templated":true}]}}