{"id":3112,"date":"2022-03-08T15:37:00","date_gmt":"2022-03-08T07:37:00","guid":{"rendered":"https:\/\/www.bakeryturnkey.com\/?post_type=product&#038;p=3112"},"modified":"2022-03-30T18:41:07","modified_gmt":"2022-03-30T10:41:07","slug":"automatic-cake-weighing-packing-machine","status":"publish","type":"product","link":"https:\/\/www.bakeryturnkey.com\/pt\/produto\/automatic-cake-weighing-packing-machine\/","title":{"rendered":"M\u00e1quina autom\u00e1tica de pesagem e embalagem de bolos 150-2000gramas"},"content":{"rendered":"<p>A m\u00e1quina autom\u00e1tica de pesagem e embalagem de bolos \u00e9 um dispositivo para pesar e embalar pequenos bolos. Com uma pesagem precisa e uma vasta gama, pode pesar entre 150 gramas e 2000 gramas.<\/p>\n<p><img loading=\"lazy\" decoding=\"async\" class=\"alignnone size-full wp-image-3116\" src=\"https:\/\/www.bakeryturnkey.com\/wp-content\/uploads\/2022\/03\/2-6.jpg\" alt=\"M\u00e1quina de embalagem autom\u00e1tica\" width=\"700\" height=\"400\" srcset=\"https:\/\/www.bakeryturnkey.com\/wp-content\/uploads\/2022\/03\/2-6.jpg 700w, https:\/\/www.bakeryturnkey.com\/wp-content\/uploads\/2022\/03\/2-6-600x343.jpg 600w, https:\/\/www.bakeryturnkey.com\/wp-content\/uploads\/2022\/03\/2-6-300x171.jpg 300w\" sizes=\"auto, (max-width: 700px) 100vw, 700px\" \/><\/p>\n<h2><strong>Processo de trabalho da m\u00e1quina de embalagem de bolos<\/strong><\/h2>\n<p>O operador deita o bolo na tremonha vibrat\u00f3ria, e o alimentador vibrat\u00f3rio transporta o material para o tapete rolante do elevador de alimenta\u00e7\u00e3o tipo Z. Em seguida, o bolo pequeno \u00e9 transportado para a balan\u00e7a eletr\u00f3nica combinada para pesagem ou medi\u00e7\u00e3o, e o processo de embalagem \u00e9 completado atrav\u00e9s das liga\u00e7\u00f5es de corte, ensacamento, selagem e sa\u00edda do produto acabado.<\/p>\n<h2><strong>Carater\u00edsticas:<\/strong><\/h2>\n<ul>\n<li>A tremonha de pesagem da m\u00e1quina de embalagem pode ser descarregada em sequ\u00eancia para evitar o bloqueio de material.<\/li>\n<li>O ecr\u00e3 t\u00e1til LCD com interrutor multilingue \u00e9 adotado, e a opera\u00e7\u00e3o \u00e9 simples.<\/li>\n<li>A m\u00e1quina de embalar bolos pode ajustar manualmente o tempo de ilumina\u00e7\u00e3o da luz de fundo do ecr\u00e3.<\/li>\n<li>O equipamento adopta um design \u00e0 prova de \u00e1gua e de poeira, que \u00e9 f\u00e1cil de limpar.<\/li>\n<li>A m\u00e1quina adopta rolamentos de pl\u00e1stico importados, sem necessidade de lubrifica\u00e7\u00e3o e sem polui\u00e7\u00e3o.<\/li>\n<li>Adequado para diferentes tipos de sacos. Ampla gama de aplica\u00e7\u00f5es para uma variedade de produtos s\u00f3lidos (granulados).<\/li>\n<\/ul>\n<h2><strong>Aplica\u00e7\u00e3o da m\u00e1quina de pesagem autom\u00e1tica para embalagem<\/strong><\/h2>\n<p>A m\u00e1quina \u00e9 adequada para embalar pequenos bolos, cones de ovos, doces, sementes de mel\u00e3o, batatas fritas, pist\u00e1cios, amendoins, nozes, geleia, biscoitos, chocolate, alimentos tufados, passas, bolas de arroz congeladas, legumes congelados e outros produtos granulares e de formas irregulares.<\/p>\n<p><img loading=\"lazy\" decoding=\"async\" class=\"alignnone size-full wp-image-3117\" src=\"https:\/\/www.bakeryturnkey.com\/wp-content\/uploads\/2022\/03\/3-3.jpg\" alt=\"M\u00e1quina de embalagem para padaria\" width=\"700\" height=\"600\" srcset=\"https:\/\/www.bakeryturnkey.com\/wp-content\/uploads\/2022\/03\/3-3.jpg 700w, https:\/\/www.bakeryturnkey.com\/wp-content\/uploads\/2022\/03\/3-3-600x514.jpg 600w, https:\/\/www.bakeryturnkey.com\/wp-content\/uploads\/2022\/03\/3-3-300x257.jpg 300w\" sizes=\"auto, (max-width: 700px) 100vw, 700px\" \/><\/p>\n<h2><strong>Vantagens:<\/strong><\/h2>\n<p>1. Elevado grau de automatiza\u00e7\u00e3o: ningu\u00e9m opera durante o processo de pesagem e embalagem, e a m\u00e1quina emite automaticamente um alarme em caso de avaria.<br \/>\n2. Sistema de preven\u00e7\u00e3o perfeito: Quando o saco n\u00e3o \u00e9 aberto ou \u00e9 totalmente aberto, n\u00e3o fica cheio nem selado, pelo que pode ser reutilizado e o produto n\u00e3o \u00e9 desperdi\u00e7ado, poupando assim o custo de produ\u00e7\u00e3o.<br \/>\n3. Materiais de qualidade alimentar: O SUS304 \u00e9 utilizado para pe\u00e7as de contacto com o produto para garantir a higiene e a seguran\u00e7a, e cumprir as normas GMP.<br \/>\n4. Embalagem de sacos pr\u00e9-fabricados: Esta m\u00e1quina de pesagem e embalagem de bolos tem uma qualidade de selagem perfeita, actualizando o produto acabado.<br \/>\n5. Gerador de v\u00e1cuo: baixo consumo, alta efici\u00eancia, limpeza e longa vida \u00fatil.<\/p>\n<h2><strong>V\u00eddeo de funcionamento da m\u00e1quina de embalagem de bolos comercial<\/strong><\/h2>\n<div class=\"ast-oembed-container\"><iframe loading=\"lazy\" title=\"Linha de produ\u00e7\u00e3o autom\u00e1tica de biscoitos com m\u00e1quina de embalagem\" width=\"500\" height=\"281\" src=\"https:\/\/www.youtube.com\/embed\/lTx7isbduW0?feature=oembed\" frameborder=\"0\" allow=\"accelerometer; autoplay; clipboard-write; encrypted-media; gyroscope; picture-in-picture; web-share\" referrerpolicy=\"strict-origin-when-cross-origin\" allowfullscreen><\/iframe><\/div>\n<h3><strong>Par\u00e2metros t\u00e9cnicos<\/strong><\/h3>\n<table border=\"0\" cellspacing=\"0\">\n<tbody>\n<tr>\n<td>Modelo<\/td>\n<td>GG-LK720<\/td>\n<\/tr>\n<tr>\n<td>Largura da pel\u00edcula<\/td>\n<td>m\u00e1x. 720 mm<\/td>\n<\/tr>\n<tr>\n<td>Largura do saco<\/td>\n<td>110-350mm<\/td>\n<\/tr>\n<tr>\n<td>Comprimento do saco<\/td>\n<td>100-420mm<\/td>\n<\/tr>\n<tr>\n<td>Velocidade de embalagem<\/td>\n<td>10-50 sacos\/min<\/td>\n<\/tr>\n<tr>\n<td>Gama de embalagens<\/td>\n<td>150-4000ml<\/td>\n<\/tr>\n<tr>\n<td>Espessura da pel\u00edcula<\/td>\n<td>0,04-0,10mm<\/td>\n<\/tr>\n<tr>\n<td>Pot\u00eancia<\/td>\n<td>4kw\/220v 50-60Hz<\/td>\n<\/tr>\n<tr>\n<td>Tamanho da m\u00e1quina<\/td>\n<td>1780*1350*2000mm<\/td>\n<\/tr>\n<tr>\n<td>Peso da m\u00e1quina<\/td>\n<td>800 kg<\/td>\n<\/tr>\n<tr>\n<td>Consumo de ar<\/td>\n<td>0,8m\u00b3\/min 0,8mpa<\/td>\n<\/tr>\n<\/tbody>\n<\/table>\n<h3><strong>Deixe o seu pedido de or\u00e7amento<\/strong><\/h3>\n\n<div class=\"wpcf7 no-js\" id=\"wpcf7-f2977-o1\" lang=\"en-US\" dir=\"ltr\">\n<div class=\"screen-reader-response\"><p role=\"status\" aria-live=\"polite\" aria-atomic=\"true\"><\/p> <ul><\/ul><\/div>\n<form action=\"\/pt\/wp-json\/wp\/v2\/product\/3112#wpcf7-f2977-o1\" method=\"post\" class=\"wpcf7-form init\" aria-label=\"Formul\u00e1rio de contacto\" novalidate=\"novalidate\" data-status=\"init\" data-trp-original-action=\"\/pt\/wp-json\/wp\/v2\/product\/3112#wpcf7-f2977-o1\">\n<div style=\"display: none;\">\n<input type=\"hidden\" name=\"_wpcf7\" value=\"2977\" \/>\n<input type=\"hidden\" name=\"_wpcf7_version\" value=\"5.7.7\" \/>\n<input type=\"hidden\" name=\"_wpcf7_locale\" value=\"en_US\" \/>\n<input type=\"hidden\" name=\"_wpcf7_unit_tag\" value=\"wpcf7-f2977-o1\" \/>\n<input type=\"hidden\" name=\"_wpcf7_container_post\" value=\"0\" \/>\n<input type=\"hidden\" name=\"_wpcf7_posted_data_hash\" value=\"\" \/>\n<\/div>\n<p><label> O seu nome*<br \/>\n<span class=\"wpcf7-form-control-wrap\" data-name=\"your-name\"><input size=\"40\" class=\"wpcf7-form-control wpcf7-text wpcf7-validates-as-required\" aria-required=\"true\" aria-invalid=\"false\" value=\"\" type=\"text\" name=\"your-name\" \/><\/span> <\/label>\n<\/p>\n<p><label> O seu pa\u00eds<br \/>\n<span class=\"wpcf7-form-control-wrap\" data-name=\"your-country\"><input size=\"40\" class=\"wpcf7-form-control wpcf7-text\" aria-invalid=\"false\" value=\"\" type=\"text\" name=\"your-country\" \/><\/span><\/label>\n<\/p>\n<p><label> O seu e-mail*<br \/>\n<span class=\"wpcf7-form-control-wrap\" data-name=\"your-email\"><input size=\"40\" class=\"wpcf7-form-control wpcf7-text wpcf7-email wpcf7-validates-as-required wpcf7-validates-as-email\" aria-required=\"true\" aria-invalid=\"false\" value=\"\" type=\"email\" name=\"your-email\" \/><\/span> <\/label>\n<\/p>\n<p><label> O seu telem\u00f3vel<br \/>\n<span class=\"wpcf7-form-control-wrap\" data-name=\"your-phone\"><input size=\"40\" class=\"wpcf7-form-control wpcf7-text\" aria-invalid=\"false\" value=\"\" type=\"text\" name=\"your-phone\" \/><\/span> <\/label>\n<\/p>\n<p><label> Nome da empresa<br \/>\n<span class=\"wpcf7-form-control-wrap\" data-name=\"text-529\"><input size=\"40\" class=\"wpcf7-form-control wpcf7-text\" aria-invalid=\"false\" value=\"\" type=\"text\" name=\"text-529\" \/><\/span> <\/label>\n<\/p>\n<p><label> S\u00edtio Web da empresa<br \/>\n<span class=\"wpcf7-form-control-wrap\" data-name=\"text-106\"><input size=\"40\" class=\"wpcf7-form-control wpcf7-text\" aria-invalid=\"false\" value=\"\" type=\"text\" name=\"text-106\" \/><\/span> <\/label>\n<\/p>\n<p><label> A sua mensagem*<br \/>\n<span class=\"wpcf7-form-control-wrap\" data-name=\"your-message\"><textarea cols=\"40\" rows=\"10\" class=\"wpcf7-form-control wpcf7-textarea wpcf7-validates-as-required\" aria-required=\"true\" aria-invalid=\"false\" name=\"your-message\"><\/textarea><\/span> <\/label>\n<\/p>\n<p><input class=\"wpcf7-form-control has-spinner wpcf7-submit\" type=\"submit\" value=\"Enviar\" \/>\n<\/p><p style=\"display: none !important;\" class=\"akismet-fields-container\" data-prefix=\"_wpcf7_ak_\"><label>&#916;<textarea name=\"_wpcf7_ak_hp_textarea\" cols=\"45\" rows=\"8\" maxlength=\"100\"><\/textarea><\/label><input type=\"hidden\" id=\"ak_js_1\" name=\"_wpcf7_ak_js\" value=\"32\"\/><script>document.getElementById( \"ak_js_1\" ).setAttribute( \"value\", ( new Date() ).getTime() );<\/script><\/p><div class=\"wpcf7-response-output\" aria-hidden=\"true\"><\/div>\n<input type=\"hidden\" name=\"trp-form-language\" value=\"pt\"\/><\/form>\n<\/div>\n\n<div style='text-align:left' class='yasr-auto-insert-visitor'><\/div>","protected":false},"excerpt":{"rendered":"<p>\u2460Pesagem e embalagem em um, economizando espa\u00e7o e custo.<br \/>\n\u2461O servo motor puxa o filme, e o posicionamento \u00e9 preciso.<\/p>","protected":false},"featured_media":3113,"comment_status":"open","ping_status":"closed","template":"","meta":{"site-sidebar-layout":"default","site-content-layout":"default","ast-main-header-display":"","ast-hfb-above-header-display":"","ast-hfb-below-header-display":"","ast-hfb-mobile-header-display":"","site-post-title":"","ast-breadcrumbs-content":"","ast-featured-img":"","footer-sml-layout":"","theme-transparent-header-meta":"","adv-header-id-meta":"","stick-header-meta":"","header-above-stick-meta":"","header-main-stick-meta":"","header-below-stick-meta":"","yasr_overall_rating":0,"yasr_post_is_review":"","yasr_auto_insert_disabled":"","yasr_review_type":""},"product_cat":[26],"product_tag":[],"class_list":["post-3112","product","type-product","status-publish","has-post-thumbnail","hentry","product_cat-cake-machinery"],"yoast_head":"<!-- This site is optimized with the Yoast SEO plugin v27.5 - https:\/\/yoast.com\/product\/yoast-seo-wordpress\/ -->\n<title>Automatic Cake Weighing and Packing Machine 150-2000grams<\/title>\n<meta name=\"description\" content=\"The cake weighing and packing machine is suitable for packaging cakes, candies, etc., with wide range of packaging and accurate weighing.\" \/>\n<meta name=\"robots\" content=\"index, follow, max-snippet:-1, max-image-preview:large, max-video-preview:-1\" \/>\n<link rel=\"canonical\" href=\"https:\/\/www.bakeryturnkey.com\/pt\/produto\/automatic-cake-weighing-packing-machine\/\" \/>\n<meta property=\"og:locale\" content=\"pt_PT\" \/>\n<meta property=\"og:type\" content=\"article\" \/>\n<meta property=\"og:title\" content=\"Automatic Cake Weighing and Packing Machine 150-2000grams\" \/>\n<meta property=\"og:description\" content=\"The cake weighing and packing machine is suitable for packaging cakes, candies, etc., with wide range of packaging and accurate weighing.\" \/>\n<meta property=\"og:url\" content=\"https:\/\/www.bakeryturnkey.com\/pt\/produto\/automatic-cake-weighing-packing-machine\/\" \/>\n<meta property=\"og:site_name\" content=\"Bakery Food Processing Equipment Manufacturer\" \/>\n<meta property=\"article:modified_time\" content=\"2022-03-30T10:41:07+00:00\" \/>\n<meta property=\"og:image\" content=\"https:\/\/www.bakeryturnkey.com\/wp-content\/uploads\/2022\/03\/1-6.jpg\" \/>\n\t<meta property=\"og:image:width\" content=\"800\" \/>\n\t<meta property=\"og:image:height\" content=\"800\" \/>\n\t<meta property=\"og:image:type\" content=\"image\/jpeg\" \/>\n<meta name=\"twitter:card\" content=\"summary_large_image\" \/>\n<meta name=\"twitter:label1\" content=\"Tempo estimado de leitura\" \/>\n\t<meta name=\"twitter:data1\" content=\"3 minutos\" \/>\n<script type=\"application\/ld+json\" class=\"yoast-schema-graph\">{\"@context\":\"https:\\\/\\\/schema.org\",\"@graph\":[{\"@type\":\"WebPage\",\"@id\":\"https:\\\/\\\/www.bakeryturnkey.com\\\/product\\\/automatic-cake-weighing-packing-machine\\\/\",\"url\":\"https:\\\/\\\/www.bakeryturnkey.com\\\/product\\\/automatic-cake-weighing-packing-machine\\\/\",\"name\":\"Automatic Cake Weighing and Packing Machine 150-2000grams\",\"isPartOf\":{\"@id\":\"https:\\\/\\\/www.bakeryturnkey.com\\\/#website\"},\"primaryImageOfPage\":{\"@id\":\"https:\\\/\\\/www.bakeryturnkey.com\\\/product\\\/automatic-cake-weighing-packing-machine\\\/#primaryimage\"},\"image\":{\"@id\":\"https:\\\/\\\/www.bakeryturnkey.com\\\/product\\\/automatic-cake-weighing-packing-machine\\\/#primaryimage\"},\"thumbnailUrl\":\"https:\\\/\\\/www.bakeryturnkey.com\\\/wp-content\\\/uploads\\\/2022\\\/03\\\/1-6.jpg\",\"datePublished\":\"2022-03-08T07:37:00+00:00\",\"dateModified\":\"2022-03-30T10:41:07+00:00\",\"description\":\"The cake weighing and packing machine is suitable for packaging cakes, candies, etc., with wide range of packaging and accurate weighing.\",\"breadcrumb\":{\"@id\":\"https:\\\/\\\/www.bakeryturnkey.com\\\/product\\\/automatic-cake-weighing-packing-machine\\\/#breadcrumb\"},\"inLanguage\":\"pt-PT\",\"potentialAction\":[{\"@type\":\"ReadAction\",\"target\":[\"https:\\\/\\\/www.bakeryturnkey.com\\\/product\\\/automatic-cake-weighing-packing-machine\\\/\"]}]},{\"@type\":\"ImageObject\",\"inLanguage\":\"pt-PT\",\"@id\":\"https:\\\/\\\/www.bakeryturnkey.com\\\/product\\\/automatic-cake-weighing-packing-machine\\\/#primaryimage\",\"url\":\"https:\\\/\\\/www.bakeryturnkey.com\\\/wp-content\\\/uploads\\\/2022\\\/03\\\/1-6.jpg\",\"contentUrl\":\"https:\\\/\\\/www.bakeryturnkey.com\\\/wp-content\\\/uploads\\\/2022\\\/03\\\/1-6.jpg\",\"width\":800,\"height\":800,\"caption\":\"Cake Packaging Machine\"},{\"@type\":\"BreadcrumbList\",\"@id\":\"https:\\\/\\\/www.bakeryturnkey.com\\\/product\\\/automatic-cake-weighing-packing-machine\\\/#breadcrumb\",\"itemListElement\":[{\"@type\":\"ListItem\",\"position\":1,\"name\":\"Home\",\"item\":\"https:\\\/\\\/www.bakeryturnkey.com\\\/\"},{\"@type\":\"ListItem\",\"position\":2,\"name\":\"Products\",\"item\":\"https:\\\/\\\/www.bakeryturnkey.com\\\/products\\\/\"},{\"@type\":\"ListItem\",\"position\":3,\"name\":\"Automatic Cake Weighing and Packing Machine 150-2000grams\"}]},{\"@type\":\"WebSite\",\"@id\":\"https:\\\/\\\/www.bakeryturnkey.com\\\/#website\",\"url\":\"https:\\\/\\\/www.bakeryturnkey.com\\\/\",\"name\":\"Bakery Food Processing Equipment Manufacturer\",\"description\":\"Bakery Food Solutions Provider\",\"publisher\":{\"@id\":\"https:\\\/\\\/www.bakeryturnkey.com\\\/#organization\"},\"potentialAction\":[{\"@type\":\"SearchAction\",\"target\":{\"@type\":\"EntryPoint\",\"urlTemplate\":\"https:\\\/\\\/www.bakeryturnkey.com\\\/?s={search_term_string}\"},\"query-input\":{\"@type\":\"PropertyValueSpecification\",\"valueRequired\":true,\"valueName\":\"search_term_string\"}}],\"inLanguage\":\"pt-PT\"},{\"@type\":\"Organization\",\"@id\":\"https:\\\/\\\/www.bakeryturnkey.com\\\/#organization\",\"name\":\"Bakery Food Processing Equipment Manufacturer\",\"url\":\"https:\\\/\\\/www.bakeryturnkey.com\\\/\",\"logo\":{\"@type\":\"ImageObject\",\"inLanguage\":\"pt-PT\",\"@id\":\"https:\\\/\\\/www.bakeryturnkey.com\\\/#\\\/schema\\\/logo\\\/image\\\/\",\"url\":\"https:\\\/\\\/www.bakeryturnkey.com\\\/wp-content\\\/uploads\\\/2022\\\/03\\\/cropped-13-1.png\",\"contentUrl\":\"https:\\\/\\\/www.bakeryturnkey.com\\\/wp-content\\\/uploads\\\/2022\\\/03\\\/cropped-13-1.png\",\"width\":512,\"height\":429,\"caption\":\"Bakery Food Processing Equipment Manufacturer\"},\"image\":{\"@id\":\"https:\\\/\\\/www.bakeryturnkey.com\\\/#\\\/schema\\\/logo\\\/image\\\/\"}},false]}<\/script>\n<!-- \/ Yoast SEO plugin. -->","yoast_head_json":{"title":"Automatic Cake Weighing and Packing Machine 150-2000grams","description":"The cake weighing and packing machine is suitable for packaging cakes, candies, etc., with wide range of packaging and accurate weighing.","robots":{"index":"index","follow":"follow","max-snippet":"max-snippet:-1","max-image-preview":"max-image-preview:large","max-video-preview":"max-video-preview:-1"},"canonical":"https:\/\/www.bakeryturnkey.com\/pt\/produto\/automatic-cake-weighing-packing-machine\/","og_locale":"pt_PT","og_type":"article","og_title":"Automatic Cake Weighing and Packing Machine 150-2000grams","og_description":"The cake weighing and packing machine is suitable for packaging cakes, candies, etc., with wide range of packaging and accurate weighing.","og_url":"https:\/\/www.bakeryturnkey.com\/pt\/produto\/automatic-cake-weighing-packing-machine\/","og_site_name":"Bakery Food Processing Equipment Manufacturer","article_modified_time":"2022-03-30T10:41:07+00:00","og_image":[{"width":800,"height":800,"url":"https:\/\/www.bakeryturnkey.com\/wp-content\/uploads\/2022\/03\/1-6.jpg","type":"image\/jpeg"}],"twitter_card":"summary_large_image","twitter_misc":{"Tempo estimado de leitura":"3 minutos"},"schema":{"@context":"https:\/\/schema.org","@graph":[{"@type":"WebPage","@id":"https:\/\/www.bakeryturnkey.com\/product\/automatic-cake-weighing-packing-machine\/","url":"https:\/\/www.bakeryturnkey.com\/product\/automatic-cake-weighing-packing-machine\/","name":"Automatic Cake Weighing and Packing Machine 150-2000grams","isPartOf":{"@id":"https:\/\/www.bakeryturnkey.com\/#website"},"primaryImageOfPage":{"@id":"https:\/\/www.bakeryturnkey.com\/product\/automatic-cake-weighing-packing-machine\/#primaryimage"},"image":{"@id":"https:\/\/www.bakeryturnkey.com\/product\/automatic-cake-weighing-packing-machine\/#primaryimage"},"thumbnailUrl":"https:\/\/www.bakeryturnkey.com\/wp-content\/uploads\/2022\/03\/1-6.jpg","datePublished":"2022-03-08T07:37:00+00:00","dateModified":"2022-03-30T10:41:07+00:00","description":"The cake weighing and packing machine is suitable for packaging cakes, candies, etc., with wide range of packaging and accurate weighing.","breadcrumb":{"@id":"https:\/\/www.bakeryturnkey.com\/product\/automatic-cake-weighing-packing-machine\/#breadcrumb"},"inLanguage":"pt-PT","potentialAction":[{"@type":"ReadAction","target":["https:\/\/www.bakeryturnkey.com\/product\/automatic-cake-weighing-packing-machine\/"]}]},{"@type":"ImageObject","inLanguage":"pt-PT","@id":"https:\/\/www.bakeryturnkey.com\/product\/automatic-cake-weighing-packing-machine\/#primaryimage","url":"https:\/\/www.bakeryturnkey.com\/wp-content\/uploads\/2022\/03\/1-6.jpg","contentUrl":"https:\/\/www.bakeryturnkey.com\/wp-content\/uploads\/2022\/03\/1-6.jpg","width":800,"height":800,"caption":"Cake Packaging Machine"},{"@type":"BreadcrumbList","@id":"https:\/\/www.bakeryturnkey.com\/product\/automatic-cake-weighing-packing-machine\/#breadcrumb","itemListElement":[{"@type":"ListItem","position":1,"name":"Home","item":"https:\/\/www.bakeryturnkey.com\/"},{"@type":"ListItem","position":2,"name":"Products","item":"https:\/\/www.bakeryturnkey.com\/products\/"},{"@type":"ListItem","position":3,"name":"Automatic Cake Weighing and Packing Machine 150-2000grams"}]},{"@type":"WebSite","@id":"https:\/\/www.bakeryturnkey.com\/#website","url":"https:\/\/www.bakeryturnkey.com\/","name":"Bakery Food Processing Equipment Manufacturer","description":"Bakery Food Solutions Provider","publisher":{"@id":"https:\/\/www.bakeryturnkey.com\/#organization"},"potentialAction":[{"@type":"SearchAction","target":{"@type":"EntryPoint","urlTemplate":"https:\/\/www.bakeryturnkey.com\/?s={search_term_string}"},"query-input":{"@type":"PropertyValueSpecification","valueRequired":true,"valueName":"search_term_string"}}],"inLanguage":"pt-PT"},{"@type":"Organization","@id":"https:\/\/www.bakeryturnkey.com\/#organization","name":"Bakery Food Processing Equipment Manufacturer","url":"https:\/\/www.bakeryturnkey.com\/","logo":{"@type":"ImageObject","inLanguage":"pt-PT","@id":"https:\/\/www.bakeryturnkey.com\/#\/schema\/logo\/image\/","url":"https:\/\/www.bakeryturnkey.com\/wp-content\/uploads\/2022\/03\/cropped-13-1.png","contentUrl":"https:\/\/www.bakeryturnkey.com\/wp-content\/uploads\/2022\/03\/cropped-13-1.png","width":512,"height":429,"caption":"Bakery Food Processing Equipment Manufacturer"},"image":{"@id":"https:\/\/www.bakeryturnkey.com\/#\/schema\/logo\/image\/"}},false]}},"yasr_visitor_votes":{"stars_attributes":{"read_only":false,"span_bottom":false},"number_of_votes":0,"sum_votes":0},"_links":{"self":[{"href":"https:\/\/www.bakeryturnkey.com\/pt\/wp-json\/wp\/v2\/product\/3112","targetHints":{"allow":["GET"]}}],"collection":[{"href":"https:\/\/www.bakeryturnkey.com\/pt\/wp-json\/wp\/v2\/product"}],"about":[{"href":"https:\/\/www.bakeryturnkey.com\/pt\/wp-json\/wp\/v2\/types\/product"}],"replies":[{"embeddable":true,"href":"https:\/\/www.bakeryturnkey.com\/pt\/wp-json\/wp\/v2\/comments?post=3112"}],"wp:featuredmedia":[{"embeddable":true,"href":"https:\/\/www.bakeryturnkey.com\/pt\/wp-json\/wp\/v2\/media\/3113"}],"wp:attachment":[{"href":"https:\/\/www.bakeryturnkey.com\/pt\/wp-json\/wp\/v2\/media?parent=3112"}],"wp:term":[{"taxonomy":"product_cat","embeddable":true,"href":"https:\/\/www.bakeryturnkey.com\/pt\/wp-json\/wp\/v2\/product_cat?post=3112"},{"taxonomy":"product_tag","embeddable":true,"href":"https:\/\/www.bakeryturnkey.com\/pt\/wp-json\/wp\/v2\/product_tag?post=3112"}],"curies":[{"name":"wp","href":"https:\/\/api.w.org\/{rel}","templated":true}]}}