{"id":2954,"date":"2022-03-03T10:26:59","date_gmt":"2022-03-03T02:26:59","guid":{"rendered":"https:\/\/www.bakeryturnkey.com\/?post_type=product&#038;p=2954"},"modified":"2025-10-17T15:22:51","modified_gmt":"2025-10-17T07:22:51","slug":"automatic-cake-depanning-machine","status":"publish","type":"product","link":"https:\/\/www.bakeryturnkey.com\/pt\/produto\/automatic-cake-depanning-machine\/","title":{"rendered":"M\u00e1quina autom\u00e1tica de desenformar bolos por v\u00e1cuo na padaria"},"content":{"rendered":"<p>A m\u00e1quina autom\u00e1tica de desenformar bolos remove automaticamente os bolos cozidos do tabuleiro ou molde. De acordo com os diferentes requisitos dos alimentos e do tabuleiro, a m\u00e1quina de desenformar pode ser personalizada para o tipo de suc\u00e7\u00e3o a v\u00e1cuo, tipo de agarrar com agulha, tipo de rota\u00e7\u00e3o e tipo de p\u00e1.<\/p>\n<p><img loading=\"lazy\" decoding=\"async\" class=\"alignnone size-full wp-image-2955\" src=\"https:\/\/www.bakeryturnkey.com\/wp-content\/uploads\/2022\/03\/4.jpg\" alt=\"M\u00e1quina de desengordurar para padaria\" width=\"750\" height=\"480\" srcset=\"https:\/\/www.bakeryturnkey.com\/wp-content\/uploads\/2022\/03\/4.jpg 750w, https:\/\/www.bakeryturnkey.com\/wp-content\/uploads\/2022\/03\/4-600x384.jpg 600w, https:\/\/www.bakeryturnkey.com\/wp-content\/uploads\/2022\/03\/4-300x192.jpg 300w\" sizes=\"auto, (max-width: 750px) 100vw, 750px\" \/><\/p>\n<h2><strong>Carater\u00edsticas da m\u00e1quina de desenformar bolos<\/strong><\/h2>\n<p>1. A m\u00e1quina de descascar do tipo suc\u00e7\u00e3o a v\u00e1cuo \u00e9 normalmente utilizada para descascar alimentos com uma superf\u00edcie relativamente plana e dura.<br \/>\n2. O grau de v\u00e1cuo \u00e9 fornecido pela ventoinha, que tem as vantagens da flexibilidade e da elevada taxa de despressuriza\u00e7\u00e3o.<br \/>\n3. O ru\u00eddo de todo o equipamento depanning de padaria \u00e9 grande devido ao ru\u00eddo do ventilador.<br \/>\n4. A m\u00e1quina depanadora de tipo suc\u00e7\u00e3o a v\u00e1cuo adopta m\u00e9todos de despanifica\u00e7\u00e3o cont\u00ednuos ou alternativos.<br \/>\n5. Equipado com um avan\u00e7ado sistema de controlo program\u00e1vel PLC, a combina\u00e7\u00e3o de eletricidade e fase de g\u00e1s \u00e9 adoptada, e a estabilidade \u00e9 boa.<br \/>\n6. O desempilhador de bolos e p\u00e3o reduz os elos que o intermedi\u00e1rio contacta com os alimentos, poupa m\u00e3o de obra, reduz custos e garante a qualidade dos produtos alimentares.<br \/>\n7. Esta m\u00e1quina \u00e9 feita de a\u00e7o inoxid\u00e1vel, com uma apar\u00eancia bonita, f\u00e1cil de limpar e n\u00e3o \u00e9 f\u00e1cil de enferrujar.<\/p>\n<p><img loading=\"lazy\" decoding=\"async\" class=\"alignnone size-full wp-image-2956\" src=\"https:\/\/www.bakeryturnkey.com\/wp-content\/uploads\/2022\/03\/5.jpg\" alt=\"M\u00e1quina de desenformar bolos\" width=\"750\" height=\"480\" srcset=\"https:\/\/www.bakeryturnkey.com\/wp-content\/uploads\/2022\/03\/5.jpg 750w, https:\/\/www.bakeryturnkey.com\/wp-content\/uploads\/2022\/03\/5-600x384.jpg 600w, https:\/\/www.bakeryturnkey.com\/wp-content\/uploads\/2022\/03\/5-300x192.jpg 300w\" sizes=\"auto, (max-width: 750px) 100vw, 750px\" \/><\/p>\n<h2><strong>Princ\u00edpio de funcionamento<\/strong><\/h2>\n<p>A m\u00e1quina de desenformar bolos \u00e9 um dos principais equipamentos na produ\u00e7\u00e3o de bolos. A sua fun\u00e7\u00e3o \u00e9 colocar os moldes de bolos cozidos na corrente transportadora e entrar na \u00e1rea de desenformar. A m\u00e1quina de desenformar pode retirar toda a placa de bolos de uma s\u00f3 vez, e depois os bolos s\u00e3o transportados para a linha de transporte UV para o processo seguinte.<\/p>\n<p>A m\u00e1quina depanadora de tipo suc\u00e7\u00e3o a v\u00e1cuo totalmente autom\u00e1tica produzida pela nossa empresa utiliza uma bomba de alta press\u00e3o para extrair o v\u00e1cuo, o bocal de suc\u00e7\u00e3o suga o produto atrav\u00e9s de press\u00e3o negativa e, em seguida, o cilindro aciona o bocal de suc\u00e7\u00e3o para subir para alcan\u00e7ar a depana\u00e7\u00e3o.<\/p>\n<h2><strong>V\u00eddeo da m\u00e1quina industrial de desenformar bolos<\/strong><\/h2>\n<p><iframe loading=\"lazy\" title=\"Leitor de v\u00eddeo do YouTube\" src=\"https:\/\/www.youtube.com\/embed\/uDTIFtI2K5s\" width=\"560\" height=\"315\" frameborder=\"0\" allowfullscreen=\"allowfullscreen\"><\/iframe><\/p>\n<h2><strong>Vantagens da m\u00e1quina de desenformar bolos autom\u00e1tica<\/strong><\/h2>\n<p>1. N\u00e3o \u00e9 necess\u00e1ria m\u00e3o de obra no processo de opera\u00e7\u00e3o, o que melhora muito o rendimento e a efici\u00eancia do trabalho do p\u00e3o, e \u00e9 necess\u00e1rio para a produ\u00e7\u00e3o autom\u00e1tica de produtos de panifica\u00e7\u00e3o, como o p\u00e3o.<br \/>\n2. A m\u00e1quina de desengorduramento \u00e9 controlada automaticamente por um microcomputador, e alguns alimentos foram colocados e recolhidos automaticamente pelo robot.<br \/>\n3. Para uma variedade de produtos de diferentes tamanhos, a placa de decapagem pode ser substitu\u00edda de forma correspondente, com elevada compatibilidade.<br \/>\n4. A m\u00e1quina autom\u00e1tica de desenformar bolos \u00e9 um dispositivo autom\u00e1tico que retira o bolo do tabuleiro de cozedura para a correia de arrefecimento. Pode fazer 1-4 conjuntos de m\u00e1quinas de acordo com os requisitos de capacidade de produ\u00e7\u00e3o da linha de produ\u00e7\u00e3o.<\/p>\n<p>Al\u00e9m disso, a nossa f\u00e1brica fornece outros tipos de m\u00e1quinas de remo\u00e7\u00e3o de p\u00e1 para diferentes produtos de panifica\u00e7\u00e3o, tais como m\u00e1quina de remo\u00e7\u00e3o de p\u00e1 tipo agulha, m\u00e1quina de remo\u00e7\u00e3o de p\u00e1 tipo rota\u00e7\u00e3o, m\u00e1quina de remo\u00e7\u00e3o de p\u00e1 tipo p\u00e1.<\/p>\n<h3><strong>Deixe o seu pedido de or\u00e7amento<\/strong><\/h3>\n\n<div class=\"wpcf7 no-js\" id=\"wpcf7-f2977-o1\" lang=\"en-US\" dir=\"ltr\">\n<div class=\"screen-reader-response\"><p role=\"status\" aria-live=\"polite\" aria-atomic=\"true\"><\/p> <ul><\/ul><\/div>\n<form action=\"\/pt\/wp-json\/wp\/v2\/product\/2954#wpcf7-f2977-o1\" method=\"post\" class=\"wpcf7-form init\" aria-label=\"Formul\u00e1rio de contacto\" novalidate=\"novalidate\" data-status=\"init\" data-trp-original-action=\"\/pt\/wp-json\/wp\/v2\/product\/2954#wpcf7-f2977-o1\">\n<div style=\"display: none;\">\n<input type=\"hidden\" name=\"_wpcf7\" value=\"2977\" \/>\n<input type=\"hidden\" name=\"_wpcf7_version\" value=\"5.7.7\" \/>\n<input type=\"hidden\" name=\"_wpcf7_locale\" value=\"en_US\" \/>\n<input type=\"hidden\" name=\"_wpcf7_unit_tag\" value=\"wpcf7-f2977-o1\" \/>\n<input type=\"hidden\" name=\"_wpcf7_container_post\" value=\"0\" \/>\n<input type=\"hidden\" name=\"_wpcf7_posted_data_hash\" value=\"\" \/>\n<\/div>\n<p><label> O seu nome*<br \/>\n<span class=\"wpcf7-form-control-wrap\" data-name=\"your-name\"><input size=\"40\" class=\"wpcf7-form-control wpcf7-text wpcf7-validates-as-required\" aria-required=\"true\" aria-invalid=\"false\" value=\"\" type=\"text\" name=\"your-name\" \/><\/span> <\/label>\n<\/p>\n<p><label> O seu pa\u00eds<br \/>\n<span class=\"wpcf7-form-control-wrap\" data-name=\"your-country\"><input size=\"40\" class=\"wpcf7-form-control wpcf7-text\" aria-invalid=\"false\" value=\"\" type=\"text\" name=\"your-country\" \/><\/span><\/label>\n<\/p>\n<p><label> O seu e-mail*<br \/>\n<span class=\"wpcf7-form-control-wrap\" data-name=\"your-email\"><input size=\"40\" class=\"wpcf7-form-control wpcf7-text wpcf7-email wpcf7-validates-as-required wpcf7-validates-as-email\" aria-required=\"true\" aria-invalid=\"false\" value=\"\" type=\"email\" name=\"your-email\" \/><\/span> <\/label>\n<\/p>\n<p><label> O seu telem\u00f3vel<br \/>\n<span class=\"wpcf7-form-control-wrap\" data-name=\"your-phone\"><input size=\"40\" class=\"wpcf7-form-control wpcf7-text\" aria-invalid=\"false\" value=\"\" type=\"text\" name=\"your-phone\" \/><\/span> <\/label>\n<\/p>\n<p><label> Nome da empresa<br \/>\n<span class=\"wpcf7-form-control-wrap\" data-name=\"text-529\"><input size=\"40\" class=\"wpcf7-form-control wpcf7-text\" aria-invalid=\"false\" value=\"\" type=\"text\" name=\"text-529\" \/><\/span> <\/label>\n<\/p>\n<p><label> S\u00edtio Web da empresa<br \/>\n<span class=\"wpcf7-form-control-wrap\" data-name=\"text-106\"><input size=\"40\" class=\"wpcf7-form-control wpcf7-text\" aria-invalid=\"false\" value=\"\" type=\"text\" name=\"text-106\" \/><\/span> <\/label>\n<\/p>\n<p><label> A sua mensagem*<br \/>\n<span class=\"wpcf7-form-control-wrap\" data-name=\"your-message\"><textarea cols=\"40\" rows=\"10\" class=\"wpcf7-form-control wpcf7-textarea wpcf7-validates-as-required\" aria-required=\"true\" aria-invalid=\"false\" name=\"your-message\"><\/textarea><\/span> <\/label>\n<\/p>\n<p><input class=\"wpcf7-form-control has-spinner wpcf7-submit\" type=\"submit\" value=\"Enviar\" \/>\n<\/p><p style=\"display: none !important;\" class=\"akismet-fields-container\" data-prefix=\"_wpcf7_ak_\"><label>&#916;<textarea name=\"_wpcf7_ak_hp_textarea\" cols=\"45\" rows=\"8\" maxlength=\"100\"><\/textarea><\/label><input type=\"hidden\" id=\"ak_js_1\" name=\"_wpcf7_ak_js\" value=\"239\"\/><script>document.getElementById( \"ak_js_1\" ).setAttribute( \"value\", ( new Date() ).getTime() );<\/script><\/p><div class=\"wpcf7-response-output\" aria-hidden=\"true\"><\/div>\n<input type=\"hidden\" name=\"trp-form-language\" value=\"pt\"\/><\/form>\n<\/div>\n\n<div style='text-align:left' class='yasr-auto-insert-visitor'><\/div>","protected":false},"excerpt":{"rendered":"<p>A produ\u00e7\u00e3o automatizada poupa m\u00e3o de obra, reduz o contacto com os alimentos e assegura uma produ\u00e7\u00e3o higi\u00e9nica.<\/p>","protected":false},"featured_media":2957,"comment_status":"open","ping_status":"closed","template":"","meta":{"site-sidebar-layout":"default","site-content-layout":"default","ast-main-header-display":"","ast-hfb-above-header-display":"","ast-hfb-below-header-display":"","ast-hfb-mobile-header-display":"","site-post-title":"","ast-breadcrumbs-content":"","ast-featured-img":"","footer-sml-layout":"","theme-transparent-header-meta":"","adv-header-id-meta":"","stick-header-meta":"","header-above-stick-meta":"","header-main-stick-meta":"","header-below-stick-meta":"","yasr_overall_rating":0,"yasr_post_is_review":"","yasr_auto_insert_disabled":"","yasr_review_type":""},"product_cat":[26],"product_tag":[],"class_list":["post-2954","product","type-product","status-publish","has-post-thumbnail","hentry","product_cat-cake-machinery"],"yoast_head":"<!-- This site is optimized with the Yoast SEO plugin v27.5 - https:\/\/yoast.com\/product\/yoast-seo-wordpress\/ -->\n<title>Automatic Vacuum Cake Depanning Machine in Bakery<\/title>\n<meta name=\"description\" content=\"There are different types of cake depanning machines in our factory, which can be selected according to different product characteristics.\" \/>\n<meta name=\"robots\" content=\"index, follow, max-snippet:-1, max-image-preview:large, max-video-preview:-1\" \/>\n<link rel=\"canonical\" href=\"https:\/\/www.bakeryturnkey.com\/pt\/produto\/automatic-cake-depanning-machine\/\" \/>\n<meta property=\"og:locale\" content=\"pt_PT\" \/>\n<meta property=\"og:type\" content=\"article\" \/>\n<meta property=\"og:title\" content=\"Automatic Vacuum Cake Depanning Machine in Bakery\" \/>\n<meta property=\"og:description\" content=\"There are different types of cake depanning machines in our factory, which can be selected according to different product characteristics.\" \/>\n<meta property=\"og:url\" content=\"https:\/\/www.bakeryturnkey.com\/pt\/produto\/automatic-cake-depanning-machine\/\" \/>\n<meta property=\"og:site_name\" content=\"Bakery Food Processing Equipment Manufacturer\" \/>\n<meta property=\"article:modified_time\" content=\"2025-10-17T07:22:51+00:00\" \/>\n<meta property=\"og:image\" content=\"https:\/\/www.bakeryturnkey.com\/wp-content\/uploads\/2022\/03\/3.jpg\" \/>\n\t<meta property=\"og:image:width\" content=\"800\" \/>\n\t<meta property=\"og:image:height\" content=\"800\" \/>\n\t<meta property=\"og:image:type\" content=\"image\/jpeg\" \/>\n<meta name=\"twitter:card\" content=\"summary_large_image\" \/>\n<meta name=\"twitter:label1\" content=\"Tempo estimado de leitura\" \/>\n\t<meta name=\"twitter:data1\" content=\"3 minutos\" \/>\n<script type=\"application\/ld+json\" class=\"yoast-schema-graph\">{\"@context\":\"https:\\\/\\\/schema.org\",\"@graph\":[{\"@type\":\"WebPage\",\"@id\":\"https:\\\/\\\/www.bakeryturnkey.com\\\/product\\\/automatic-cake-depanning-machine\\\/\",\"url\":\"https:\\\/\\\/www.bakeryturnkey.com\\\/product\\\/automatic-cake-depanning-machine\\\/\",\"name\":\"Automatic Vacuum Cake Depanning Machine in Bakery\",\"isPartOf\":{\"@id\":\"https:\\\/\\\/www.bakeryturnkey.com\\\/#website\"},\"primaryImageOfPage\":{\"@id\":\"https:\\\/\\\/www.bakeryturnkey.com\\\/product\\\/automatic-cake-depanning-machine\\\/#primaryimage\"},\"image\":{\"@id\":\"https:\\\/\\\/www.bakeryturnkey.com\\\/product\\\/automatic-cake-depanning-machine\\\/#primaryimage\"},\"thumbnailUrl\":\"https:\\\/\\\/www.bakeryturnkey.com\\\/wp-content\\\/uploads\\\/2022\\\/03\\\/3.jpg\",\"datePublished\":\"2022-03-03T02:26:59+00:00\",\"dateModified\":\"2025-10-17T07:22:51+00:00\",\"description\":\"There are different types of cake depanning machines in our factory, which can be selected according to different product characteristics.\",\"breadcrumb\":{\"@id\":\"https:\\\/\\\/www.bakeryturnkey.com\\\/product\\\/automatic-cake-depanning-machine\\\/#breadcrumb\"},\"inLanguage\":\"pt-PT\",\"potentialAction\":[{\"@type\":\"ReadAction\",\"target\":[\"https:\\\/\\\/www.bakeryturnkey.com\\\/product\\\/automatic-cake-depanning-machine\\\/\"]}]},{\"@type\":\"ImageObject\",\"inLanguage\":\"pt-PT\",\"@id\":\"https:\\\/\\\/www.bakeryturnkey.com\\\/product\\\/automatic-cake-depanning-machine\\\/#primaryimage\",\"url\":\"https:\\\/\\\/www.bakeryturnkey.com\\\/wp-content\\\/uploads\\\/2022\\\/03\\\/3.jpg\",\"contentUrl\":\"https:\\\/\\\/www.bakeryturnkey.com\\\/wp-content\\\/uploads\\\/2022\\\/03\\\/3.jpg\",\"width\":800,\"height\":800,\"caption\":\"Cake De-Panning Machine\"},{\"@type\":\"BreadcrumbList\",\"@id\":\"https:\\\/\\\/www.bakeryturnkey.com\\\/product\\\/automatic-cake-depanning-machine\\\/#breadcrumb\",\"itemListElement\":[{\"@type\":\"ListItem\",\"position\":1,\"name\":\"Home\",\"item\":\"https:\\\/\\\/www.bakeryturnkey.com\\\/\"},{\"@type\":\"ListItem\",\"position\":2,\"name\":\"Products\",\"item\":\"https:\\\/\\\/www.bakeryturnkey.com\\\/products\\\/\"},{\"@type\":\"ListItem\",\"position\":3,\"name\":\"Automatic Vacuum Cake Depanning Machine in Bakery\"}]},{\"@type\":\"WebSite\",\"@id\":\"https:\\\/\\\/www.bakeryturnkey.com\\\/#website\",\"url\":\"https:\\\/\\\/www.bakeryturnkey.com\\\/\",\"name\":\"Bakery Food Processing Equipment Manufacturer\",\"description\":\"Bakery Food Solutions Provider\",\"publisher\":{\"@id\":\"https:\\\/\\\/www.bakeryturnkey.com\\\/#organization\"},\"potentialAction\":[{\"@type\":\"SearchAction\",\"target\":{\"@type\":\"EntryPoint\",\"urlTemplate\":\"https:\\\/\\\/www.bakeryturnkey.com\\\/?s={search_term_string}\"},\"query-input\":{\"@type\":\"PropertyValueSpecification\",\"valueRequired\":true,\"valueName\":\"search_term_string\"}}],\"inLanguage\":\"pt-PT\"},{\"@type\":\"Organization\",\"@id\":\"https:\\\/\\\/www.bakeryturnkey.com\\\/#organization\",\"name\":\"Bakery Food Processing Equipment Manufacturer\",\"url\":\"https:\\\/\\\/www.bakeryturnkey.com\\\/\",\"logo\":{\"@type\":\"ImageObject\",\"inLanguage\":\"pt-PT\",\"@id\":\"https:\\\/\\\/www.bakeryturnkey.com\\\/#\\\/schema\\\/logo\\\/image\\\/\",\"url\":\"https:\\\/\\\/www.bakeryturnkey.com\\\/wp-content\\\/uploads\\\/2022\\\/03\\\/cropped-13-1.png\",\"contentUrl\":\"https:\\\/\\\/www.bakeryturnkey.com\\\/wp-content\\\/uploads\\\/2022\\\/03\\\/cropped-13-1.png\",\"width\":512,\"height\":429,\"caption\":\"Bakery Food Processing Equipment Manufacturer\"},\"image\":{\"@id\":\"https:\\\/\\\/www.bakeryturnkey.com\\\/#\\\/schema\\\/logo\\\/image\\\/\"}},false]}<\/script>\n<!-- \/ Yoast SEO plugin. -->","yoast_head_json":{"title":"Automatic Vacuum Cake Depanning Machine in Bakery","description":"There are different types of cake depanning machines in our factory, which can be selected according to different product characteristics.","robots":{"index":"index","follow":"follow","max-snippet":"max-snippet:-1","max-image-preview":"max-image-preview:large","max-video-preview":"max-video-preview:-1"},"canonical":"https:\/\/www.bakeryturnkey.com\/pt\/produto\/automatic-cake-depanning-machine\/","og_locale":"pt_PT","og_type":"article","og_title":"Automatic Vacuum Cake Depanning Machine in Bakery","og_description":"There are different types of cake depanning machines in our factory, which can be selected according to different product characteristics.","og_url":"https:\/\/www.bakeryturnkey.com\/pt\/produto\/automatic-cake-depanning-machine\/","og_site_name":"Bakery Food Processing Equipment Manufacturer","article_modified_time":"2025-10-17T07:22:51+00:00","og_image":[{"width":800,"height":800,"url":"https:\/\/www.bakeryturnkey.com\/wp-content\/uploads\/2022\/03\/3.jpg","type":"image\/jpeg"}],"twitter_card":"summary_large_image","twitter_misc":{"Tempo estimado de leitura":"3 minutos"},"schema":{"@context":"https:\/\/schema.org","@graph":[{"@type":"WebPage","@id":"https:\/\/www.bakeryturnkey.com\/product\/automatic-cake-depanning-machine\/","url":"https:\/\/www.bakeryturnkey.com\/product\/automatic-cake-depanning-machine\/","name":"Automatic Vacuum Cake Depanning Machine in Bakery","isPartOf":{"@id":"https:\/\/www.bakeryturnkey.com\/#website"},"primaryImageOfPage":{"@id":"https:\/\/www.bakeryturnkey.com\/product\/automatic-cake-depanning-machine\/#primaryimage"},"image":{"@id":"https:\/\/www.bakeryturnkey.com\/product\/automatic-cake-depanning-machine\/#primaryimage"},"thumbnailUrl":"https:\/\/www.bakeryturnkey.com\/wp-content\/uploads\/2022\/03\/3.jpg","datePublished":"2022-03-03T02:26:59+00:00","dateModified":"2025-10-17T07:22:51+00:00","description":"There are different types of cake depanning machines in our factory, which can be selected according to different product characteristics.","breadcrumb":{"@id":"https:\/\/www.bakeryturnkey.com\/product\/automatic-cake-depanning-machine\/#breadcrumb"},"inLanguage":"pt-PT","potentialAction":[{"@type":"ReadAction","target":["https:\/\/www.bakeryturnkey.com\/product\/automatic-cake-depanning-machine\/"]}]},{"@type":"ImageObject","inLanguage":"pt-PT","@id":"https:\/\/www.bakeryturnkey.com\/product\/automatic-cake-depanning-machine\/#primaryimage","url":"https:\/\/www.bakeryturnkey.com\/wp-content\/uploads\/2022\/03\/3.jpg","contentUrl":"https:\/\/www.bakeryturnkey.com\/wp-content\/uploads\/2022\/03\/3.jpg","width":800,"height":800,"caption":"Cake De-Panning Machine"},{"@type":"BreadcrumbList","@id":"https:\/\/www.bakeryturnkey.com\/product\/automatic-cake-depanning-machine\/#breadcrumb","itemListElement":[{"@type":"ListItem","position":1,"name":"Home","item":"https:\/\/www.bakeryturnkey.com\/"},{"@type":"ListItem","position":2,"name":"Products","item":"https:\/\/www.bakeryturnkey.com\/products\/"},{"@type":"ListItem","position":3,"name":"Automatic Vacuum Cake Depanning Machine in Bakery"}]},{"@type":"WebSite","@id":"https:\/\/www.bakeryturnkey.com\/#website","url":"https:\/\/www.bakeryturnkey.com\/","name":"Bakery Food Processing Equipment Manufacturer","description":"Bakery Food Solutions Provider","publisher":{"@id":"https:\/\/www.bakeryturnkey.com\/#organization"},"potentialAction":[{"@type":"SearchAction","target":{"@type":"EntryPoint","urlTemplate":"https:\/\/www.bakeryturnkey.com\/?s={search_term_string}"},"query-input":{"@type":"PropertyValueSpecification","valueRequired":true,"valueName":"search_term_string"}}],"inLanguage":"pt-PT"},{"@type":"Organization","@id":"https:\/\/www.bakeryturnkey.com\/#organization","name":"Bakery Food Processing Equipment Manufacturer","url":"https:\/\/www.bakeryturnkey.com\/","logo":{"@type":"ImageObject","inLanguage":"pt-PT","@id":"https:\/\/www.bakeryturnkey.com\/#\/schema\/logo\/image\/","url":"https:\/\/www.bakeryturnkey.com\/wp-content\/uploads\/2022\/03\/cropped-13-1.png","contentUrl":"https:\/\/www.bakeryturnkey.com\/wp-content\/uploads\/2022\/03\/cropped-13-1.png","width":512,"height":429,"caption":"Bakery Food Processing Equipment Manufacturer"},"image":{"@id":"https:\/\/www.bakeryturnkey.com\/#\/schema\/logo\/image\/"}},false]}},"yasr_visitor_votes":{"stars_attributes":{"read_only":false,"span_bottom":false},"number_of_votes":0,"sum_votes":0},"_links":{"self":[{"href":"https:\/\/www.bakeryturnkey.com\/pt\/wp-json\/wp\/v2\/product\/2954","targetHints":{"allow":["GET"]}}],"collection":[{"href":"https:\/\/www.bakeryturnkey.com\/pt\/wp-json\/wp\/v2\/product"}],"about":[{"href":"https:\/\/www.bakeryturnkey.com\/pt\/wp-json\/wp\/v2\/types\/product"}],"replies":[{"embeddable":true,"href":"https:\/\/www.bakeryturnkey.com\/pt\/wp-json\/wp\/v2\/comments?post=2954"}],"wp:featuredmedia":[{"embeddable":true,"href":"https:\/\/www.bakeryturnkey.com\/pt\/wp-json\/wp\/v2\/media\/2957"}],"wp:attachment":[{"href":"https:\/\/www.bakeryturnkey.com\/pt\/wp-json\/wp\/v2\/media?parent=2954"}],"wp:term":[{"taxonomy":"product_cat","embeddable":true,"href":"https:\/\/www.bakeryturnkey.com\/pt\/wp-json\/wp\/v2\/product_cat?post=2954"},{"taxonomy":"product_tag","embeddable":true,"href":"https:\/\/www.bakeryturnkey.com\/pt\/wp-json\/wp\/v2\/product_tag?post=2954"}],"curies":[{"name":"wp","href":"https:\/\/api.w.org\/{rel}","templated":true}]}}