{"id":2935,"date":"2022-02-28T19:30:57","date_gmt":"2022-02-28T11:30:57","guid":{"rendered":"https:\/\/www.bakeryturnkey.com\/?post_type=product&#038;p=2935"},"modified":"2022-03-30T18:40:23","modified_gmt":"2022-03-30T10:40:23","slug":"muffin-cake-depositor-machine","status":"publish","type":"product","link":"https:\/\/www.bakeryturnkey.com\/pt\/produto\/muffin-cake-depositor-machine\/","title":{"rendered":"M\u00e1quina dosadora de bolos de muffin 220V sem espuma"},"content":{"rendered":"<p>A m\u00e1quina de dep\u00f3sito de bolos de muffin \u00e9 uma m\u00e1quina de enchimento de massa de bolo autom\u00e1tica, de alta qualidade e vers\u00e1til. Adequada para folhados, muffins, bolos de chiffon, cupcakes, bolos de esponja, bolos de creme e muito mais.<\/p>\n<p><img loading=\"lazy\" decoding=\"async\" class=\"alignnone size-full wp-image-2936\" src=\"https:\/\/www.bakeryturnkey.com\/wp-content\/uploads\/2022\/02\/3-8.jpg\" alt=\"M\u00e1quina de dep\u00f3sito de bolos\" width=\"750\" height=\"460\" srcset=\"https:\/\/www.bakeryturnkey.com\/wp-content\/uploads\/2022\/02\/3-8.jpg 750w, https:\/\/www.bakeryturnkey.com\/wp-content\/uploads\/2022\/02\/3-8-600x368.jpg 600w, https:\/\/www.bakeryturnkey.com\/wp-content\/uploads\/2022\/02\/3-8-300x184.jpg 300w\" sizes=\"auto, (max-width: 750px) 100vw, 750px\" \/><\/p>\n<h2><strong>Carater\u00edsticas do Depositador Autom\u00e1tico de Bolos<\/strong><\/h2>\n<p>1. Esta m\u00e1quina adopta um sistema de controlo de programa\u00e7\u00e3o inteligente por computador, o que torna a opera\u00e7\u00e3o da m\u00e1quina mais conveniente.<br \/>\n2. O mecanismo de eleva\u00e7\u00e3o da m\u00e1quina de dep\u00f3sito de bolos adopta uma calha deslizante linear de alta precis\u00e3o, que tem uma estrutura s\u00f3lida e um funcionamento est\u00e1vel.<br \/>\n3. A estrutura \u00e9 compacta e as fun\u00e7\u00f5es s\u00e3o completas. Adopta a pot\u00eancia do cilindro e est\u00e1 equipada com rastreio fotoel\u00e9trico.<br \/>\n4. A tremonha, o tambor e o bocal de alimenta\u00e7\u00e3o da m\u00e1quina de dep\u00f3sito de bolos de muffin s\u00e3o f\u00e1ceis de instalar e remover.<br \/>\n5. A quantidade de recheio de cada bolo \u00e9 de cerca de 30 gramas, e o erro \u00e9 pequeno, cerca de 0,5 gramas.<br \/>\n6. O depositador comercial de muffins pode utilizar o enchimento fixo e o enchimento m\u00f3vel para produzir produtos de panifica\u00e7\u00e3o diversificados.<\/p>\n<h2><strong>Vantagens do Muffin <\/strong><strong>M\u00e1quina de dep\u00f3sito<\/strong><\/h2>\n<p>1. A m\u00e1quina de enchimento pode memorizar uma variedade de produtos e m\u00e9todos de enchimento, e \u00e9 f\u00e1cil de operar.<br \/>\n2. Esta m\u00e1quina de dep\u00f3sito de bolos utiliza um design de came que garante um enchimento preciso da massa do bolo.<br \/>\n3. Esta m\u00e1quina utiliza tecnologia avan\u00e7ada e \u00e9 principalmente utilizada para produzir bolos de chiffon, bolos de mousse, bolos de ch\u00e1vena, bolos modelo, folhados, etc.<br \/>\n4. Material em a\u00e7o inoxid\u00e1vel 304, limpo e seguro, f\u00e1cil de manter. A engrenagem da extrusora para a sec\u00e7\u00e3o de enchimento utiliza uma matriz antiaderente.<br \/>\n5. A m\u00e1quina de dep\u00f3sito de bolos de muffin usa engrenagens redondas de silicone, a roda de torrefa\u00e7\u00e3o pode mover-se para cima e para baixo, reduzindo o desenho do fio e sem antiespuma.<br \/>\n6. Melhorar significativamente a efici\u00eancia da produ\u00e7\u00e3o, conce\u00e7\u00e3o de betuma\u00e7\u00e3o \u00fanica, completar uma ou mais filas.<\/p>\n<h3><strong>Par\u00e2metros t\u00e9cnicos<\/strong><\/h3>\n<table>\n<tbody>\n<tr>\n<td width=\"138\">Modelo<\/td>\n<td width=\"163\">GGT5040<\/td>\n<td width=\"161\">GGT5072<\/td>\n<td width=\"175\">GGT5100<\/td>\n<\/tr>\n<tr>\n<td width=\"138\">Tens\u00e3o<\/td>\n<td width=\"163\">380V\/220V 50Hz<\/td>\n<td width=\"161\">380V\/220V 50Hz<\/td>\n<td width=\"175\">380V\/220V 50Hz<\/td>\n<\/tr>\n<tr>\n<td width=\"138\">Pot\u00eancia<\/td>\n<td width=\"163\">1,2Kw<\/td>\n<td width=\"161\">1,2Kw<\/td>\n<td width=\"175\">1,2KW<\/td>\n<\/tr>\n<tr>\n<td width=\"138\">Largura da placa de cozedura<\/td>\n<td width=\"163\">400 mm<\/td>\n<td width=\"161\">600-720mm<\/td>\n<td width=\"175\">800-1000mm<\/td>\n<\/tr>\n<tr>\n<td width=\"138\">Volume do dep\u00f3sito<\/td>\n<td width=\"163\">25L<\/td>\n<td width=\"161\">32L<\/td>\n<td width=\"175\">38L<\/td>\n<\/tr>\n<tr>\n<td width=\"138\">Velocidade de enchimento<\/td>\n<td width=\"163\">1,8 segundos\/linha<\/td>\n<td width=\"161\">1,8 segundos\/linha<\/td>\n<td width=\"175\">1,8 segundos\/linha<\/td>\n<\/tr>\n<tr>\n<td width=\"138\">Dimens\u00f5es (C*L*A)<\/td>\n<td width=\"163\">1560*1280*1650mm<\/td>\n<td width=\"161\">1560*1560*1650mm<\/td>\n<td width=\"175\">1860*1800*1650mm<\/td>\n<\/tr>\n<tr>\n<td width=\"138\">Peso<\/td>\n<td width=\"163\">128Kg<\/td>\n<td width=\"161\">138Kg<\/td>\n<td width=\"175\">158Kg<\/td>\n<\/tr>\n<\/tbody>\n<\/table>\n<h3><strong>Deixe o seu pedido de or\u00e7amento<\/strong><\/h3>\n\n<div class=\"wpcf7 no-js\" id=\"wpcf7-f2977-o1\" lang=\"en-US\" dir=\"ltr\">\n<div class=\"screen-reader-response\"><p role=\"status\" aria-live=\"polite\" aria-atomic=\"true\"><\/p> <ul><\/ul><\/div>\n<form action=\"\/pt\/wp-json\/wp\/v2\/product\/2935#wpcf7-f2977-o1\" method=\"post\" class=\"wpcf7-form init\" aria-label=\"Formul\u00e1rio de contacto\" novalidate=\"novalidate\" data-status=\"init\" data-trp-original-action=\"\/pt\/wp-json\/wp\/v2\/product\/2935#wpcf7-f2977-o1\">\n<div style=\"display: none;\">\n<input type=\"hidden\" name=\"_wpcf7\" value=\"2977\" \/>\n<input type=\"hidden\" name=\"_wpcf7_version\" value=\"5.7.7\" \/>\n<input type=\"hidden\" name=\"_wpcf7_locale\" value=\"en_US\" \/>\n<input type=\"hidden\" name=\"_wpcf7_unit_tag\" value=\"wpcf7-f2977-o1\" \/>\n<input type=\"hidden\" name=\"_wpcf7_container_post\" value=\"0\" \/>\n<input type=\"hidden\" name=\"_wpcf7_posted_data_hash\" value=\"\" \/>\n<\/div>\n<p><label> O seu nome*<br \/>\n<span class=\"wpcf7-form-control-wrap\" data-name=\"your-name\"><input size=\"40\" class=\"wpcf7-form-control wpcf7-text wpcf7-validates-as-required\" aria-required=\"true\" aria-invalid=\"false\" value=\"\" type=\"text\" name=\"your-name\" \/><\/span> <\/label>\n<\/p>\n<p><label> O seu pa\u00eds<br \/>\n<span class=\"wpcf7-form-control-wrap\" data-name=\"your-country\"><input size=\"40\" class=\"wpcf7-form-control wpcf7-text\" aria-invalid=\"false\" value=\"\" type=\"text\" name=\"your-country\" \/><\/span><\/label>\n<\/p>\n<p><label> O seu e-mail*<br \/>\n<span class=\"wpcf7-form-control-wrap\" data-name=\"your-email\"><input size=\"40\" class=\"wpcf7-form-control wpcf7-text wpcf7-email wpcf7-validates-as-required wpcf7-validates-as-email\" aria-required=\"true\" aria-invalid=\"false\" value=\"\" type=\"email\" name=\"your-email\" \/><\/span> <\/label>\n<\/p>\n<p><label> O seu telem\u00f3vel<br \/>\n<span class=\"wpcf7-form-control-wrap\" data-name=\"your-phone\"><input size=\"40\" class=\"wpcf7-form-control wpcf7-text\" aria-invalid=\"false\" value=\"\" type=\"text\" name=\"your-phone\" \/><\/span> <\/label>\n<\/p>\n<p><label> Nome da empresa<br \/>\n<span class=\"wpcf7-form-control-wrap\" data-name=\"text-529\"><input size=\"40\" class=\"wpcf7-form-control wpcf7-text\" aria-invalid=\"false\" value=\"\" type=\"text\" name=\"text-529\" \/><\/span> <\/label>\n<\/p>\n<p><label> S\u00edtio Web da empresa<br \/>\n<span class=\"wpcf7-form-control-wrap\" data-name=\"text-106\"><input size=\"40\" class=\"wpcf7-form-control wpcf7-text\" aria-invalid=\"false\" value=\"\" type=\"text\" name=\"text-106\" \/><\/span> <\/label>\n<\/p>\n<p><label> A sua mensagem*<br \/>\n<span class=\"wpcf7-form-control-wrap\" data-name=\"your-message\"><textarea cols=\"40\" rows=\"10\" class=\"wpcf7-form-control wpcf7-textarea wpcf7-validates-as-required\" aria-required=\"true\" aria-invalid=\"false\" name=\"your-message\"><\/textarea><\/span> <\/label>\n<\/p>\n<p><input class=\"wpcf7-form-control has-spinner wpcf7-submit\" type=\"submit\" value=\"Enviar\" \/>\n<\/p><p style=\"display: none !important;\" class=\"akismet-fields-container\" data-prefix=\"_wpcf7_ak_\"><label>&#916;<textarea name=\"_wpcf7_ak_hp_textarea\" cols=\"45\" rows=\"8\" maxlength=\"100\"><\/textarea><\/label><input type=\"hidden\" id=\"ak_js_1\" name=\"_wpcf7_ak_js\" value=\"240\"\/><script>document.getElementById( \"ak_js_1\" ).setAttribute( \"value\", ( new Date() ).getTime() );<\/script><\/p><div class=\"wpcf7-response-output\" aria-hidden=\"true\"><\/div>\n<input type=\"hidden\" name=\"trp-form-language\" value=\"pt\"\/><\/form>\n<\/div>\n\n<div style='text-align:left' class='yasr-auto-insert-visitor'><\/div>","protected":false},"excerpt":{"rendered":"<p>Vantagens:<br \/>\n\u2460Quantifica\u00e7\u00e3o exacta, erro pequeno<br \/>\n\u2461Sem espuma<br \/>\n\u2462Ampla gama de aplica\u00e7\u00f5es<\/p>","protected":false},"featured_media":2937,"comment_status":"open","ping_status":"closed","template":"","meta":{"site-sidebar-layout":"default","site-content-layout":"default","ast-main-header-display":"","ast-hfb-above-header-display":"","ast-hfb-below-header-display":"","ast-hfb-mobile-header-display":"","site-post-title":"","ast-breadcrumbs-content":"","ast-featured-img":"","footer-sml-layout":"","theme-transparent-header-meta":"","adv-header-id-meta":"","stick-header-meta":"","header-above-stick-meta":"","header-main-stick-meta":"","header-below-stick-meta":"","yasr_overall_rating":0,"yasr_post_is_review":"","yasr_auto_insert_disabled":"","yasr_review_type":""},"product_cat":[26],"product_tag":[],"class_list":["post-2935","product","type-product","status-publish","has-post-thumbnail","hentry","product_cat-cake-machinery"],"yoast_head":"<!-- This site is optimized with the Yoast SEO plugin v27.3 - https:\/\/yoast.com\/product\/yoast-seo-wordpress\/ -->\n<title>220V Muffin Cake Depositor Machine without Defoaming<\/title>\n<meta name=\"description\" content=\"The cake depositor machine has the charactes of accurate quantitative, no defoaming, and can be used for filling muffin cakes, chiffon cakes.\" \/>\n<meta name=\"robots\" content=\"index, follow, max-snippet:-1, max-image-preview:large, max-video-preview:-1\" \/>\n<link rel=\"canonical\" href=\"https:\/\/www.bakeryturnkey.com\/pt\/produto\/muffin-cake-depositor-machine\/\" \/>\n<meta property=\"og:locale\" content=\"pt_PT\" \/>\n<meta property=\"og:type\" content=\"article\" \/>\n<meta property=\"og:title\" content=\"220V Muffin Cake Depositor Machine without Defoaming\" \/>\n<meta property=\"og:description\" content=\"The cake depositor machine has the charactes of accurate quantitative, no defoaming, and can be used for filling muffin cakes, chiffon cakes.\" \/>\n<meta property=\"og:url\" content=\"https:\/\/www.bakeryturnkey.com\/pt\/produto\/muffin-cake-depositor-machine\/\" \/>\n<meta property=\"og:site_name\" content=\"Bakery Food Processing Equipment Manufacturer\" \/>\n<meta property=\"article:modified_time\" content=\"2022-03-30T10:40:23+00:00\" \/>\n<meta property=\"og:image\" content=\"https:\/\/www.bakeryturnkey.com\/wp-content\/uploads\/2022\/02\/4-6.jpg\" \/>\n\t<meta property=\"og:image:width\" content=\"800\" \/>\n\t<meta property=\"og:image:height\" content=\"800\" \/>\n\t<meta property=\"og:image:type\" content=\"image\/jpeg\" \/>\n<meta name=\"twitter:card\" content=\"summary_large_image\" \/>\n<meta name=\"twitter:label1\" content=\"Tempo estimado de leitura\" \/>\n\t<meta name=\"twitter:data1\" content=\"2 minutos\" \/>\n<script type=\"application\/ld+json\" class=\"yoast-schema-graph\">{\"@context\":\"https:\\\/\\\/schema.org\",\"@graph\":[{\"@type\":\"WebPage\",\"@id\":\"https:\\\/\\\/www.bakeryturnkey.com\\\/product\\\/muffin-cake-depositor-machine\\\/\",\"url\":\"https:\\\/\\\/www.bakeryturnkey.com\\\/product\\\/muffin-cake-depositor-machine\\\/\",\"name\":\"220V Muffin Cake Depositor Machine without Defoaming\",\"isPartOf\":{\"@id\":\"https:\\\/\\\/www.bakeryturnkey.com\\\/#website\"},\"primaryImageOfPage\":{\"@id\":\"https:\\\/\\\/www.bakeryturnkey.com\\\/product\\\/muffin-cake-depositor-machine\\\/#primaryimage\"},\"image\":{\"@id\":\"https:\\\/\\\/www.bakeryturnkey.com\\\/product\\\/muffin-cake-depositor-machine\\\/#primaryimage\"},\"thumbnailUrl\":\"https:\\\/\\\/www.bakeryturnkey.com\\\/wp-content\\\/uploads\\\/2022\\\/02\\\/4-6.jpg\",\"datePublished\":\"2022-02-28T11:30:57+00:00\",\"dateModified\":\"2022-03-30T10:40:23+00:00\",\"description\":\"The cake depositor machine has the charactes of accurate quantitative, no defoaming, and can be used for filling muffin cakes, chiffon cakes.\",\"breadcrumb\":{\"@id\":\"https:\\\/\\\/www.bakeryturnkey.com\\\/product\\\/muffin-cake-depositor-machine\\\/#breadcrumb\"},\"inLanguage\":\"pt-PT\",\"potentialAction\":[{\"@type\":\"ReadAction\",\"target\":[\"https:\\\/\\\/www.bakeryturnkey.com\\\/product\\\/muffin-cake-depositor-machine\\\/\"]}]},{\"@type\":\"ImageObject\",\"inLanguage\":\"pt-PT\",\"@id\":\"https:\\\/\\\/www.bakeryturnkey.com\\\/product\\\/muffin-cake-depositor-machine\\\/#primaryimage\",\"url\":\"https:\\\/\\\/www.bakeryturnkey.com\\\/wp-content\\\/uploads\\\/2022\\\/02\\\/4-6.jpg\",\"contentUrl\":\"https:\\\/\\\/www.bakeryturnkey.com\\\/wp-content\\\/uploads\\\/2022\\\/02\\\/4-6.jpg\",\"width\":800,\"height\":800,\"caption\":\"Muffin Depositing Machine\"},{\"@type\":\"BreadcrumbList\",\"@id\":\"https:\\\/\\\/www.bakeryturnkey.com\\\/product\\\/muffin-cake-depositor-machine\\\/#breadcrumb\",\"itemListElement\":[{\"@type\":\"ListItem\",\"position\":1,\"name\":\"Home\",\"item\":\"https:\\\/\\\/www.bakeryturnkey.com\\\/\"},{\"@type\":\"ListItem\",\"position\":2,\"name\":\"Products\",\"item\":\"https:\\\/\\\/www.bakeryturnkey.com\\\/products\\\/\"},{\"@type\":\"ListItem\",\"position\":3,\"name\":\"220V Muffin Cake Depositor Machine without Defoaming\"}]},{\"@type\":\"WebSite\",\"@id\":\"https:\\\/\\\/www.bakeryturnkey.com\\\/#website\",\"url\":\"https:\\\/\\\/www.bakeryturnkey.com\\\/\",\"name\":\"Bakery Food Processing Equipment Manufacturer\",\"description\":\"Bakery Food Solutions Provider\",\"publisher\":{\"@id\":\"https:\\\/\\\/www.bakeryturnkey.com\\\/#organization\"},\"potentialAction\":[{\"@type\":\"SearchAction\",\"target\":{\"@type\":\"EntryPoint\",\"urlTemplate\":\"https:\\\/\\\/www.bakeryturnkey.com\\\/?s={search_term_string}\"},\"query-input\":{\"@type\":\"PropertyValueSpecification\",\"valueRequired\":true,\"valueName\":\"search_term_string\"}}],\"inLanguage\":\"pt-PT\"},{\"@type\":\"Organization\",\"@id\":\"https:\\\/\\\/www.bakeryturnkey.com\\\/#organization\",\"name\":\"Bakery Food Processing Equipment Manufacturer\",\"url\":\"https:\\\/\\\/www.bakeryturnkey.com\\\/\",\"logo\":{\"@type\":\"ImageObject\",\"inLanguage\":\"pt-PT\",\"@id\":\"https:\\\/\\\/www.bakeryturnkey.com\\\/#\\\/schema\\\/logo\\\/image\\\/\",\"url\":\"https:\\\/\\\/www.bakeryturnkey.com\\\/wp-content\\\/uploads\\\/2022\\\/03\\\/cropped-13-1.png\",\"contentUrl\":\"https:\\\/\\\/www.bakeryturnkey.com\\\/wp-content\\\/uploads\\\/2022\\\/03\\\/cropped-13-1.png\",\"width\":512,\"height\":429,\"caption\":\"Bakery Food Processing Equipment Manufacturer\"},\"image\":{\"@id\":\"https:\\\/\\\/www.bakeryturnkey.com\\\/#\\\/schema\\\/logo\\\/image\\\/\"}},false]}<\/script>\n<!-- \/ Yoast SEO plugin. -->","yoast_head_json":{"title":"220V Muffin Cake Depositor Machine without Defoaming","description":"The cake depositor machine has the charactes of accurate quantitative, no defoaming, and can be used for filling muffin cakes, chiffon cakes.","robots":{"index":"index","follow":"follow","max-snippet":"max-snippet:-1","max-image-preview":"max-image-preview:large","max-video-preview":"max-video-preview:-1"},"canonical":"https:\/\/www.bakeryturnkey.com\/pt\/produto\/muffin-cake-depositor-machine\/","og_locale":"pt_PT","og_type":"article","og_title":"220V Muffin Cake Depositor Machine without Defoaming","og_description":"The cake depositor machine has the charactes of accurate quantitative, no defoaming, and can be used for filling muffin cakes, chiffon cakes.","og_url":"https:\/\/www.bakeryturnkey.com\/pt\/produto\/muffin-cake-depositor-machine\/","og_site_name":"Bakery Food Processing Equipment Manufacturer","article_modified_time":"2022-03-30T10:40:23+00:00","og_image":[{"width":800,"height":800,"url":"https:\/\/www.bakeryturnkey.com\/wp-content\/uploads\/2022\/02\/4-6.jpg","type":"image\/jpeg"}],"twitter_card":"summary_large_image","twitter_misc":{"Tempo estimado de leitura":"2 minutos"},"schema":{"@context":"https:\/\/schema.org","@graph":[{"@type":"WebPage","@id":"https:\/\/www.bakeryturnkey.com\/product\/muffin-cake-depositor-machine\/","url":"https:\/\/www.bakeryturnkey.com\/product\/muffin-cake-depositor-machine\/","name":"220V Muffin Cake Depositor Machine without Defoaming","isPartOf":{"@id":"https:\/\/www.bakeryturnkey.com\/#website"},"primaryImageOfPage":{"@id":"https:\/\/www.bakeryturnkey.com\/product\/muffin-cake-depositor-machine\/#primaryimage"},"image":{"@id":"https:\/\/www.bakeryturnkey.com\/product\/muffin-cake-depositor-machine\/#primaryimage"},"thumbnailUrl":"https:\/\/www.bakeryturnkey.com\/wp-content\/uploads\/2022\/02\/4-6.jpg","datePublished":"2022-02-28T11:30:57+00:00","dateModified":"2022-03-30T10:40:23+00:00","description":"The cake depositor machine has the charactes of accurate quantitative, no defoaming, and can be used for filling muffin cakes, chiffon cakes.","breadcrumb":{"@id":"https:\/\/www.bakeryturnkey.com\/product\/muffin-cake-depositor-machine\/#breadcrumb"},"inLanguage":"pt-PT","potentialAction":[{"@type":"ReadAction","target":["https:\/\/www.bakeryturnkey.com\/product\/muffin-cake-depositor-machine\/"]}]},{"@type":"ImageObject","inLanguage":"pt-PT","@id":"https:\/\/www.bakeryturnkey.com\/product\/muffin-cake-depositor-machine\/#primaryimage","url":"https:\/\/www.bakeryturnkey.com\/wp-content\/uploads\/2022\/02\/4-6.jpg","contentUrl":"https:\/\/www.bakeryturnkey.com\/wp-content\/uploads\/2022\/02\/4-6.jpg","width":800,"height":800,"caption":"Muffin Depositing Machine"},{"@type":"BreadcrumbList","@id":"https:\/\/www.bakeryturnkey.com\/product\/muffin-cake-depositor-machine\/#breadcrumb","itemListElement":[{"@type":"ListItem","position":1,"name":"Home","item":"https:\/\/www.bakeryturnkey.com\/"},{"@type":"ListItem","position":2,"name":"Products","item":"https:\/\/www.bakeryturnkey.com\/products\/"},{"@type":"ListItem","position":3,"name":"220V Muffin Cake Depositor Machine without Defoaming"}]},{"@type":"WebSite","@id":"https:\/\/www.bakeryturnkey.com\/#website","url":"https:\/\/www.bakeryturnkey.com\/","name":"Bakery Food Processing Equipment Manufacturer","description":"Bakery Food Solutions Provider","publisher":{"@id":"https:\/\/www.bakeryturnkey.com\/#organization"},"potentialAction":[{"@type":"SearchAction","target":{"@type":"EntryPoint","urlTemplate":"https:\/\/www.bakeryturnkey.com\/?s={search_term_string}"},"query-input":{"@type":"PropertyValueSpecification","valueRequired":true,"valueName":"search_term_string"}}],"inLanguage":"pt-PT"},{"@type":"Organization","@id":"https:\/\/www.bakeryturnkey.com\/#organization","name":"Bakery Food Processing Equipment Manufacturer","url":"https:\/\/www.bakeryturnkey.com\/","logo":{"@type":"ImageObject","inLanguage":"pt-PT","@id":"https:\/\/www.bakeryturnkey.com\/#\/schema\/logo\/image\/","url":"https:\/\/www.bakeryturnkey.com\/wp-content\/uploads\/2022\/03\/cropped-13-1.png","contentUrl":"https:\/\/www.bakeryturnkey.com\/wp-content\/uploads\/2022\/03\/cropped-13-1.png","width":512,"height":429,"caption":"Bakery Food Processing Equipment Manufacturer"},"image":{"@id":"https:\/\/www.bakeryturnkey.com\/#\/schema\/logo\/image\/"}},false]}},"yasr_visitor_votes":{"stars_attributes":{"read_only":false,"span_bottom":false},"number_of_votes":0,"sum_votes":0},"_links":{"self":[{"href":"https:\/\/www.bakeryturnkey.com\/pt\/wp-json\/wp\/v2\/product\/2935","targetHints":{"allow":["GET"]}}],"collection":[{"href":"https:\/\/www.bakeryturnkey.com\/pt\/wp-json\/wp\/v2\/product"}],"about":[{"href":"https:\/\/www.bakeryturnkey.com\/pt\/wp-json\/wp\/v2\/types\/product"}],"replies":[{"embeddable":true,"href":"https:\/\/www.bakeryturnkey.com\/pt\/wp-json\/wp\/v2\/comments?post=2935"}],"wp:featuredmedia":[{"embeddable":true,"href":"https:\/\/www.bakeryturnkey.com\/pt\/wp-json\/wp\/v2\/media\/2937"}],"wp:attachment":[{"href":"https:\/\/www.bakeryturnkey.com\/pt\/wp-json\/wp\/v2\/media?parent=2935"}],"wp:term":[{"taxonomy":"product_cat","embeddable":true,"href":"https:\/\/www.bakeryturnkey.com\/pt\/wp-json\/wp\/v2\/product_cat?post=2935"},{"taxonomy":"product_tag","embeddable":true,"href":"https:\/\/www.bakeryturnkey.com\/pt\/wp-json\/wp\/v2\/product_tag?post=2935"}],"curies":[{"name":"wp","href":"https:\/\/api.w.org\/{rel}","templated":true}]}}